{"id":10023,"date":"2023-11-03T16:01:32","date_gmt":"2023-11-03T16:01:32","guid":{"rendered":"https:\/\/nishiki-cycle.com\/demo\/?post_type=product&#038;p=10023"},"modified":"2023-12-09T16:32:08","modified_gmt":"2023-12-09T16:32:08","slug":"hublot-classic-fusion-titanium-42mm-blue","status":"publish","type":"product","link":"https:\/\/nishiki-cycle.com\/demo\/san-pham\/hublot-classic-fusion-titanium-42mm-blue\/","title":{"rendered":"Hublot Classic Fusion Titanium 42mm Blue"},"content":{"rendered":"<p><img fetchpriority=\"high\" decoding=\"async\" class=\"size-medium wp-image-10024 aligncenter\" src=\"https:\/\/nishiki-cycle.com\/demo\/wp-content\/uploads\/2023\/11\/HUBLOT-CLASSIC-FUSION-TITANIUM-42MM-BLUE-198x300.jpg\" alt=\"\" width=\"198\" height=\"300\" srcset=\"https:\/\/nishiki-cycle.com\/demo\/wp-content\/uploads\/2023\/11\/HUBLOT-CLASSIC-FUSION-TITANIUM-42MM-BLUE-198x300.jpg 198w, https:\/\/nishiki-cycle.com\/demo\/wp-content\/uploads\/2023\/11\/HUBLOT-CLASSIC-FUSION-TITANIUM-42MM-BLUE-600x910.jpg 600w, https:\/\/nishiki-cycle.com\/demo\/wp-content\/uploads\/2023\/11\/HUBLOT-CLASSIC-FUSION-TITANIUM-42MM-BLUE.jpg 659w\" sizes=\"(max-width: 198px) 100vw, 198px\" \/><\/p>\n<p>\u0110\u1ed3ng h\u1ed3 Hublot\u00a0\u0111ang d\u1ea7n tr\u1edf n\u00ean c\u00f3 ch\u1ed7 \u0111\u1ee9ng trong ng\u00e0nh c\u00f4ng nghi\u1ec7p ch\u1ebf t\u00e1c \u0111\u1ed3ng h\u1ed3 c\u01a1 h\u1ecdc. B\u1ea1n ch\u1ec9 c\u1ea7n ph\u1ea3i tr\u1ea3 m\u1ed9t m\u1ee9c gi\u00e1 r\u1ea5t v\u1eeba ph\u1ea3i \u0111\u1ec3 c\u00f3 th\u1ec3 s\u1edf h\u1eefu m\u1ed9t chi\u1ebfc \u0111\u1ed3ng h\u1ed3 \u0111\u1eb9p, s\u00e0nh \u0111i\u1ec7u nh\u01b0ng kh\u00f4ng k\u00e9m ph\u1ea7n sang tr\u1ecdng v\u00e0 n\u0103ng \u0111\u1ed9ng. C\u0169ng ch\u00ednh b\u1edfi l\u00fd do \u1ea5y, Hublot ng\u00e0y c\u00e0ng n\u1ed5i ti\u1ebfng v\u00e0 tr\u1edf th\u00e0nh c\u00e1i t\u00ean \u0111\u00e1ng g\u1eddm trong ph\u00e2n kh\u00fac \u0111\u1ed3ng h\u1ed3 cao c\u1ea5p.<\/p>\n<p>M\u1ed9t trong nh\u1eefng thi\u1ebft k\u1ebf \u201ckinh \u0111i\u1ec3n nh\u1ea5t\u201d c\u1ee7a Hublot ch\u00ednh l\u00e0 Hublot Classic Fusion Titanium 42mm Blue. Th\u00e0nh l\u1eadp th\u01b0\u01a1ng hi\u1ec7u v\u00e0o nh\u1eefng n\u0103m 70 c\u1ee7a th\u1ebf k\u1ec9 20, d\u00f9 ch\u01b0a tr\u1ea3i qua l\u1ecbch s\u1eed l\u00e2u \u0111\u1eddi nh\u01b0 nh\u1eefng t\u00ean tu\u1ed5i g\u1ea1o c\u1ed9i kh\u00e1c, nh\u01b0ng Hublot v\u1eabn \u0111\u1ee7 khi\u1ebfn cho ng\u01b0\u1eddi ta nh\u1edb \u0111\u1ebfn v\u00e0 say m\u00ea theo m\u1ed9t c\u00e1ch ri\u00eang bi\u1ec7t. Hublot ch\u00fa tr\u1ecdng v\u00e0o t\u00ednh th\u1eddi trang, hi\u1ec7n \u0111\u1ea1i c\u0169ng nh\u01b0 s\u1ef1 \u1ee9ng d\u1ee5ng cao \u0111\u1ec3 kh\u00e1ch h\u00e0ng c\u00f3 th\u1ec3 s\u1eed d\u1ee5ng \u0111\u01b0\u1ee3c trong b\u1ea5t c\u1ee9 ho\u00e0n c\u1ea3nh n\u00e0o.<\/p>\n<p>\u0110i\u1ec1u n\u00e0y \u0111\u01b0\u1ee3c nh\u1eadn th\u1ea5y r\u00f5 nh\u1ea5t tr\u00ean thi\u1ebft k\u1ebf Hublot Classic Fusion Titanium 42mm Blue. Chi\u1ebfc \u0111\u1ed3ng h\u1ed3 s\u1edf h\u1eefu tr\u00ean m\u00ecnh di\u1ec7n m\u1ea1o \u0111\u1eb7c tr\u01b0ng v\u1edbi b\u1ed9 v\u1ecf t\u1eeb titanium \u0111\u1eb3ng c\u1ea5p, k\u1ebft h\u1ee3p c\u00f9ng d\u00e2y \u0111eo tay cao su m\u1eb7t trong v\u00e0 m\u1eb7t ngo\u00e0i ph\u1ee7 l\u1edbp da m\u1ecfng. K\u00edch th\u01b0\u1edbc 42mm v\u1eeba ph\u1ea3i, g\u1ecdn g\u00e0ng r\u1ea5t ph\u00f9 h\u1ee3p v\u1edbi c\u1ed5 tay \u0111\u00e0n \u00f4ng Vi\u1ec7t Nam b\u1edfi thi\u1ebft k\u1ebf r\u1ea5t th\u00f4ng minh v\u00e0 ch\u1eafc ch\u1eafn, ho\u00e0n to\u00e0n ph\u00f9 h\u1ee3p v\u1edbi nh\u1eefng qu\u00fd \u00f4ng theo \u0111u\u1ed5i phong c\u00e1ch th\u1eddi trang m\u1ea1nh m\u1ebd.<\/p>\n<p>Nh\u00ecn qua l\u1edbp k\u00ednh sapphire trong su\u1ed1t ch\u00ednh l\u00e0 m\u1eb7t s\u1ed1 m\u00e0u xanh da tr\u1eddi, c\u0169ng l\u00e0 m\u00e0u xanh c\u1ee7a hi v\u1ecdng, t\u1eeb nh\u1eefng chi\u1ebfc kim cho \u0111\u1ebfn c\u1ecdc s\u1ed1, \u0111\u1ec1u \u0111\u01b0\u1ee3c ch\u1ebf t\u1ea1o t\u1eeb ch\u1ea5t li\u1ec7u th\u00e9p kh\u00f4ng g\u1ec9 cao c\u1ea5p v\u00e0 t\u1eebng g\u00f3c c\u1ea1nh \u0111\u01b0\u1ee3c thi\u1ebft k\u1ebf m\u1ec1m m\u1ea1i, b\u00f3ng b\u1ea9y.<\/p>\n<p>Kh\u00f4ng ch\u1ec9 s\u1edf h\u1eefu m\u1ed9t ngo\u1ea1i h\u00ecnh \u0111\u1eb9p, c\u1ed7 m\u00e1y v\u1eadn h\u00e0nh c\u1ee7a Hublot Classic Fusion Automatic c\u0169ng kh\u00f4ng k\u00e9m ph\u1ea7n m\u1ea1nh m\u1ebd. S\u1eed d\u1ee5ng c\u1ed7 m\u00e1y l\u00ean d\u00e2y t\u1ef1 \u0111\u1ed9ng caliber HUB1110 \u201cth\u1ea7n th\u00e1nh\u201d ch\u1ee9a 21 ch\u00e2n k\u00ednh, t\u1ea7n s\u1ed1 dao \u0111\u1ed9ng \u0111\u1ea1t 28800vph, m\u1ee9c d\u1ef1 tr\u1eef n\u0103ng l\u01b0\u1ee3ng l\u00ean t\u1edbi 42h. Chi\u1ebfc \u0111\u1ed3ng h\u1ed3 c\u00f3 kh\u1ea3 n\u0103ng ho\u1ea1t \u0111\u1ed9ng ch\u00ednh x\u00e1c \u0111\u1ebfn b\u1ea5t ng\u1edd, v\u1edbi sai l\u1ec7ch th\u1eddi gian l\u00e0 kh\u00f4ng \u0111\u00e1ng k\u1ec3. Hublot Classic Fusion Titanium 42mm Blue l\u00e0 m\u1ed9t thi\u1ebft k\u1ebf \u0111\u01b0\u1ee3c \u0111\u00e1nh gi\u00e1 cao b\u1edfi n\u00f3 th\u1ef1c s\u1ef1 r\u1ea5t ho\u00e0n h\u1ea3o, ho\u00e0n h\u1ea3o t\u1edbi m\u1ee9c t\u1eebng chi ti\u1ebft nh\u1ecf. T\u1ea5t c\u1ea3 \u0111i\u1ec1u \u0111\u00f3 khi\u1ebfn ng\u01b0\u1eddi ta s\u1ebd ch\u1eb3ng th\u1ec3 n\u00e0o r\u1eddi m\u1eaft kh\u1ecfi, v\u00e0 ch\u1eafc ch\u1eafn chi\u1ebfc \u0111\u1ed3ng h\u1ed3 n\u00e0y c\u0169ng s\u1ebd mang \u0111\u1ebfn nhi\u1ec1u h\u01a1n nh\u1eefng \u0111i\u1ec1u m\u00e0 nh\u1eefng ng\u01b0\u1eddi y\u00eau \u0111\u1ed3ng h\u1ed3 k\u00ec v\u1ecdng.<\/p>\n","protected":false},"excerpt":{"rendered":"<ul class=\"list-unstyled\">\n<li><strong>T\u00ecnh tr\u1ea1ng :<\/strong>\u00a0\u0110ang c\u00f2n h\u00e0ng<\/li>\n<li><strong>H\u00e3ng s\u1ea3n xu\u1ea5t :<\/strong>\u00a056<\/li>\n<li><strong>Nam\/N\u1eef :<\/strong>\u00a0Nam<\/li>\n<li><strong>C\u01a1 ch\u1ebf m\u00e1y :<\/strong>\u00a0Automatic<\/li>\n<li><strong>K\u00edch th\u01b0\u1edbc :<\/strong>\u00a042mm<\/li>\n<li><strong>Ch\u1ee9c n\u0103ng :<\/strong>\u00a0Ng\u00e0y, gi\u1edd, ph\u00fat, gi\u00e2y<\/li>\n<li><strong>D\u00e2y \u0111eo :<\/strong>\u00a0D\u00e2y da c\u00e1 s\u1ea5u<\/li>\n<li><strong>T\u00ecnh tr\u1ea1ng :<\/strong>\u00a0Brand New<\/li>\n<li><strong>Phong c\u00e1ch :<\/strong>\u00a0Tr\u1ebb Trung,Hi\u1ec7n \u0110\u1ea1i<\/li>\n<li><strong>D\u1ef1 tr\u1eef c\u00f3t :<\/strong>\u00a042H<\/li>\n<li><strong>M\u1eb7t \u0111\u1ed3ng h\u1ed3 :<\/strong>\u00a0Sapphire<\/li>\n<li><strong>Kh\u1ea3 n\u0103ng ch\u1ed1ng n\u01b0\u1edbc :<\/strong>\u00a05 ATM<\/li>\n<li><strong>Ch\u1ea5t li\u1ec7u v\u1ecf :<\/strong>\u00a0Titanium<\/li>\n<\/ul>\n","protected":false},"featured_media":10742,"comment_status":"open","ping_status":"closed","template":"","meta":[],"product_cat":[195,320],"product_tag":[],"class_list":["post-10023","product","type-product","status-publish","has-post-thumbnail","hentry","product_cat-mens-watches","product_cat-hublot","product_brand-hublot"],"yoast_head":"<!-- This site is optimized with the Yoast SEO plugin v21.6 - https:\/\/yoast.com\/wordpress\/plugins\/seo\/ -->\n<title>Hublot Classic Fusion Titanium 42mm Blue - Phoenix Luxury<\/title>\n<meta name=\"description\" content=\"Hublot Classic Fusion Titanium 42mm Blue c\u00f3 b\u1ed9 v\u1ecf t\u1eeb titanium \u0111\u1eb3ng c\u1ea5p, k\u1ebft h\u1ee3p c\u00f9ng d\u00e2y \u0111eo tay cao su m\u1eb7t trong v\u00e0 m\u1eb7t ngo\u00e0i ph\u1ee7 l\u1edbp da m\u1ecfng\" \/>\n<meta name=\"robots\" content=\"index, follow, max-snippet:-1, max-image-preview:large, max-video-preview:-1\" \/>\n<link rel=\"canonical\" href=\"https:\/\/nishiki-cycle.com\/demo\/san-pham\/hublot-classic-fusion-titanium-42mm-blue\/\" \/>\n<meta property=\"og:locale\" content=\"vi_VN\" \/>\n<meta property=\"og:type\" content=\"article\" \/>\n<meta property=\"og:title\" content=\"Hublot Classic Fusion Titanium 42mm Blue - Phoenix Luxury\" \/>\n<meta property=\"og:description\" content=\"Hublot Classic Fusion Titanium 42mm Blue c\u00f3 b\u1ed9 v\u1ecf t\u1eeb titanium \u0111\u1eb3ng c\u1ea5p, k\u1ebft h\u1ee3p c\u00f9ng d\u00e2y \u0111eo tay cao su m\u1eb7t trong v\u00e0 m\u1eb7t ngo\u00e0i ph\u1ee7 l\u1edbp da m\u1ecfng\" \/>\n<meta property=\"og:url\" content=\"https:\/\/nishiki-cycle.com\/demo\/san-pham\/hublot-classic-fusion-titanium-42mm-blue\/\" \/>\n<meta property=\"og:site_name\" content=\"Phoenix Luxury\" \/>\n<meta property=\"article:modified_time\" content=\"2023-12-09T16:32:08+00:00\" \/>\n<meta property=\"og:image\" content=\"https:\/\/nishiki-cycle.com\/demo\/wp-content\/uploads\/2023\/11\/HUBLOT-CLASSIC-FUSION-TITANIUM-42MM-BLUE.png\" \/>\n\t<meta property=\"og:image:width\" content=\"900\" \/>\n\t<meta property=\"og:image:height\" content=\"900\" \/>\n\t<meta property=\"og:image:type\" content=\"image\/png\" \/>\n<meta name=\"twitter:card\" content=\"summary_large_image\" \/>\n<meta name=\"twitter:label1\" content=\"\u01af\u1edbc t\u00ednh th\u1eddi gian \u0111\u1ecdc\" \/>\n\t<meta name=\"twitter:data1\" content=\"3 ph\u00fat\" \/>\n<script type=\"application\/ld+json\" class=\"yoast-schema-graph\">{\"@context\":\"https:\/\/schema.org\",\"@graph\":[{\"@type\":\"WebPage\",\"@id\":\"https:\/\/nishiki-cycle.com\/demo\/san-pham\/hublot-classic-fusion-titanium-42mm-blue\/\",\"url\":\"https:\/\/nishiki-cycle.com\/demo\/san-pham\/hublot-classic-fusion-titanium-42mm-blue\/\",\"name\":\"Hublot Classic Fusion Titanium 42mm Blue - Phoenix Luxury\",\"isPartOf\":{\"@id\":\"https:\/\/nishiki-cycle.com\/demo\/#website\"},\"datePublished\":\"2023-11-03T16:01:32+00:00\",\"dateModified\":\"2023-12-09T16:32:08+00:00\",\"description\":\"Hublot Classic Fusion Titanium 42mm Blue c\u00f3 b\u1ed9 v\u1ecf t\u1eeb titanium \u0111\u1eb3ng c\u1ea5p, k\u1ebft h\u1ee3p c\u00f9ng d\u00e2y \u0111eo tay cao su m\u1eb7t trong v\u00e0 m\u1eb7t ngo\u00e0i ph\u1ee7 l\u1edbp da m\u1ecfng\",\"breadcrumb\":{\"@id\":\"https:\/\/nishiki-cycle.com\/demo\/san-pham\/hublot-classic-fusion-titanium-42mm-blue\/#breadcrumb\"},\"inLanguage\":\"vi\",\"potentialAction\":[{\"@type\":\"ReadAction\",\"target\":[\"https:\/\/nishiki-cycle.com\/demo\/san-pham\/hublot-classic-fusion-titanium-42mm-blue\/\"]}]},{\"@type\":\"BreadcrumbList\",\"@id\":\"https:\/\/nishiki-cycle.com\/demo\/san-pham\/hublot-classic-fusion-titanium-42mm-blue\/#breadcrumb\",\"itemListElement\":[{\"@type\":\"ListItem\",\"position\":1,\"name\":\"Trang ch\u1ee7\",\"item\":\"https:\/\/nishiki-cycle.com\/demo\/\"},{\"@type\":\"ListItem\",\"position\":2,\"name\":\"C\u1eeda h\u00e0ng\",\"item\":\"https:\/\/nishiki-cycle.com\/demo\/cua-hang\/\"},{\"@type\":\"ListItem\",\"position\":3,\"name\":\"Hublot Classic Fusion Titanium 42mm Blue\"}]},{\"@type\":\"WebSite\",\"@id\":\"https:\/\/nishiki-cycle.com\/demo\/#website\",\"url\":\"https:\/\/nishiki-cycle.com\/demo\/\",\"name\":\"Phoenix Luxury\",\"description\":\"\",\"potentialAction\":[{\"@type\":\"SearchAction\",\"target\":{\"@type\":\"EntryPoint\",\"urlTemplate\":\"https:\/\/nishiki-cycle.com\/demo\/?s={search_term_string}\"},\"query-input\":\"required name=search_term_string\"}],\"inLanguage\":\"vi\"}]}<\/script>\n<!-- \/ Yoast SEO plugin. -->","yoast_head_json":{"title":"Hublot Classic Fusion Titanium 42mm Blue - Phoenix Luxury","description":"Hublot Classic Fusion Titanium 42mm Blue c\u00f3 b\u1ed9 v\u1ecf t\u1eeb titanium \u0111\u1eb3ng c\u1ea5p, k\u1ebft h\u1ee3p c\u00f9ng d\u00e2y \u0111eo tay cao su m\u1eb7t trong v\u00e0 m\u1eb7t ngo\u00e0i ph\u1ee7 l\u1edbp da m\u1ecfng","robots":{"index":"index","follow":"follow","max-snippet":"max-snippet:-1","max-image-preview":"max-image-preview:large","max-video-preview":"max-video-preview:-1"},"canonical":"https:\/\/nishiki-cycle.com\/demo\/san-pham\/hublot-classic-fusion-titanium-42mm-blue\/","og_locale":"vi_VN","og_type":"article","og_title":"Hublot Classic Fusion Titanium 42mm Blue - Phoenix Luxury","og_description":"Hublot Classic Fusion Titanium 42mm Blue c\u00f3 b\u1ed9 v\u1ecf t\u1eeb titanium \u0111\u1eb3ng c\u1ea5p, k\u1ebft h\u1ee3p c\u00f9ng d\u00e2y \u0111eo tay cao su m\u1eb7t trong v\u00e0 m\u1eb7t ngo\u00e0i ph\u1ee7 l\u1edbp da m\u1ecfng","og_url":"https:\/\/nishiki-cycle.com\/demo\/san-pham\/hublot-classic-fusion-titanium-42mm-blue\/","og_site_name":"Phoenix Luxury","article_modified_time":"2023-12-09T16:32:08+00:00","og_image":[{"width":900,"height":900,"url":"https:\/\/nishiki-cycle.com\/demo\/wp-content\/uploads\/2023\/11\/HUBLOT-CLASSIC-FUSION-TITANIUM-42MM-BLUE.png","type":"image\/png"}],"twitter_card":"summary_large_image","twitter_misc":{"\u01af\u1edbc t\u00ednh th\u1eddi gian \u0111\u1ecdc":"3 ph\u00fat"},"schema":{"@context":"https:\/\/schema.org","@graph":[{"@type":"WebPage","@id":"https:\/\/nishiki-cycle.com\/demo\/san-pham\/hublot-classic-fusion-titanium-42mm-blue\/","url":"https:\/\/nishiki-cycle.com\/demo\/san-pham\/hublot-classic-fusion-titanium-42mm-blue\/","name":"Hublot Classic Fusion Titanium 42mm Blue - Phoenix Luxury","isPartOf":{"@id":"https:\/\/nishiki-cycle.com\/demo\/#website"},"datePublished":"2023-11-03T16:01:32+00:00","dateModified":"2023-12-09T16:32:08+00:00","description":"Hublot Classic Fusion Titanium 42mm Blue c\u00f3 b\u1ed9 v\u1ecf t\u1eeb titanium \u0111\u1eb3ng c\u1ea5p, k\u1ebft h\u1ee3p c\u00f9ng d\u00e2y \u0111eo tay cao su m\u1eb7t trong v\u00e0 m\u1eb7t ngo\u00e0i ph\u1ee7 l\u1edbp da m\u1ecfng","breadcrumb":{"@id":"https:\/\/nishiki-cycle.com\/demo\/san-pham\/hublot-classic-fusion-titanium-42mm-blue\/#breadcrumb"},"inLanguage":"vi","potentialAction":[{"@type":"ReadAction","target":["https:\/\/nishiki-cycle.com\/demo\/san-pham\/hublot-classic-fusion-titanium-42mm-blue\/"]}]},{"@type":"BreadcrumbList","@id":"https:\/\/nishiki-cycle.com\/demo\/san-pham\/hublot-classic-fusion-titanium-42mm-blue\/#breadcrumb","itemListElement":[{"@type":"ListItem","position":1,"name":"Trang ch\u1ee7","item":"https:\/\/nishiki-cycle.com\/demo\/"},{"@type":"ListItem","position":2,"name":"C\u1eeda h\u00e0ng","item":"https:\/\/nishiki-cycle.com\/demo\/cua-hang\/"},{"@type":"ListItem","position":3,"name":"Hublot Classic Fusion Titanium 42mm Blue"}]},{"@type":"WebSite","@id":"https:\/\/nishiki-cycle.com\/demo\/#website","url":"https:\/\/nishiki-cycle.com\/demo\/","name":"Phoenix Luxury","description":"","potentialAction":[{"@type":"SearchAction","target":{"@type":"EntryPoint","urlTemplate":"https:\/\/nishiki-cycle.com\/demo\/?s={search_term_string}"},"query-input":"required name=search_term_string"}],"inLanguage":"vi"}]}},"_links":{"self":[{"href":"https:\/\/nishiki-cycle.com\/demo\/wp-json\/wp\/v2\/product\/10023","targetHints":{"allow":["GET"]}}],"collection":[{"href":"https:\/\/nishiki-cycle.com\/demo\/wp-json\/wp\/v2\/product"}],"about":[{"href":"https:\/\/nishiki-cycle.com\/demo\/wp-json\/wp\/v2\/types\/product"}],"replies":[{"embeddable":true,"href":"https:\/\/nishiki-cycle.com\/demo\/wp-json\/wp\/v2\/comments?post=10023"}],"wp:featuredmedia":[{"embeddable":true,"href":"https:\/\/nishiki-cycle.com\/demo\/wp-json\/wp\/v2\/media\/10742"}],"wp:attachment":[{"href":"https:\/\/nishiki-cycle.com\/demo\/wp-json\/wp\/v2\/media?parent=10023"}],"wp:term":[{"taxonomy":"product_cat","embeddable":true,"href":"https:\/\/nishiki-cycle.com\/demo\/wp-json\/wp\/v2\/product_cat?post=10023"},{"taxonomy":"product_tag","embeddable":true,"href":"https:\/\/nishiki-cycle.com\/demo\/wp-json\/wp\/v2\/product_tag?post=10023"}],"curies":[{"name":"wp","href":"https:\/\/api.w.org\/{rel}","templated":true}]}}