{"id":10029,"date":"2023-11-03T16:10:09","date_gmt":"2023-11-03T16:10:09","guid":{"rendered":"https:\/\/nishiki-cycle.com\/demo\/?post_type=product&#038;p=10029"},"modified":"2023-12-09T16:31:58","modified_gmt":"2023-12-09T16:31:58","slug":"hublot-classic-fusion-titanium-42mm-grey","status":"publish","type":"product","link":"https:\/\/nishiki-cycle.com\/demo\/san-pham\/hublot-classic-fusion-titanium-42mm-grey\/","title":{"rendered":"Hublot Classic Fusion Titanium 42mm Grey"},"content":{"rendered":"<p><img fetchpriority=\"high\" decoding=\"async\" class=\"size-medium wp-image-10030 aligncenter\" src=\"https:\/\/nishiki-cycle.com\/demo\/wp-content\/uploads\/2023\/11\/HUBLOT-CLASSIC-FUSION-TITANIUM-42MM-GREY-225x300.jpg\" alt=\"\" width=\"225\" height=\"300\" srcset=\"https:\/\/nishiki-cycle.com\/demo\/wp-content\/uploads\/2023\/11\/HUBLOT-CLASSIC-FUSION-TITANIUM-42MM-GREY-225x300.jpg 225w, https:\/\/nishiki-cycle.com\/demo\/wp-content\/uploads\/2023\/11\/HUBLOT-CLASSIC-FUSION-TITANIUM-42MM-GREY-600x800.jpg 600w, https:\/\/nishiki-cycle.com\/demo\/wp-content\/uploads\/2023\/11\/HUBLOT-CLASSIC-FUSION-TITANIUM-42MM-GREY.jpg 768w\" sizes=\"(max-width: 225px) 100vw, 225px\" \/><\/p>\n<p>\u0110em \u0111\u1ebfn s\u1ef1 tr\u1ea3i nghi\u1ec7m trong thi\u1ebft k\u1ebf v\u00e0 c\u1ea3 m\u00e0u s\u1eafc m\u1edbi l\u1ea1, c\u1ed7 m\u00e1y Hublot Classic Fusion Grey Titanium 42mm Grey \u0111\u01b0\u1ee3c thi\u1ebft k\u1ebf d\u00e0nh cho ai lu\u00f4n t\u00ecm ki\u1ebfm s\u1ef1 \u0111\u1ed9c \u0111\u00e1o v\u00e0 n\u1ed5i b\u1eadt.<\/p>\n<p>To\u00e0n b\u1ed9 c\u1ed7 m\u00e1y \u0111\u1ed3ng h\u1ed3 Hublot Classic Fusion Grey Titanium 42mm Grey hi\u1ec7n l\u00ean v\u1edbi t\u00f4ng m\u00e0u x\u00e1m \u0111\u1ea7y nam t\u00ednh. M\u1eb7t s\u1ed1 x\u00e1m \u0111\u01b0\u1ee3c ho\u00e0n thi\u1ec7n v\u1edbi nh\u1eefng \u0111\u01b0\u1eddng ch\u1ea3i tia \u0111\u1ed3ng t\u00e2m, \u0111em \u0111\u1ebfn s\u1ef1 quy\u1ebfn r\u0169 cho nh\u1eefng ai y\u00eau th\u00edch ngh\u1ec7 thu\u1eadt \u00e1nh s\u00e1ng. V\u1edbi m\u1eb7t s\u1ed1 \u0111\u01b0\u1ee3c ho\u00e0n thi\u1ec7n theo ki\u1ec3u n\u00e0y, c\u1ed7 m\u00e1y Hublot Classic Fusion Grey Titanium s\u1ebd v\u00f4 c\u00f9ng thu h\u00fat n\u1ebfu \u0111\u01b0\u1ee3c \u0111\u1eb7t d\u01b0\u1edbi \u00e1nh n\u1eafng m\u1eb7t tr\u1eddi ho\u1eb7c m\u00f4i tr\u01b0\u1eddng c\u00f3 \u00e1nh s\u00e1ng v\u00e0ng nh\u01b0 t\u1eebng bu\u1ed5i ti\u1ec7c t\u00f9ng.<\/p>\n<p>M\u1eb7t s\u1ed1 c\u1ee7a c\u1ed7 m\u00e1y Hublot Classic Fusion Grey Titanium 42mm Grey kh\u00f4ng c\u00f3 qu\u00e1 nhi\u1ec1u chi ti\u1ebft. S\u1ef1 \u0111\u01a1n gi\u1ea3n, d\u1ec5 xem gi\u1edd l\u00e0 ti\u00eau ch\u00ed cho nh\u00e0 s\u1ea3n xu\u1ea5t tr\u1ebb tu\u1ed5i n\u00e0y. B\u00ean tr\u00ean m\u1eb7t s\u1ed1 x\u00e1m l\u00e0 h\u1ec7 th\u1ed1ng 12 c\u1ecdc ch\u1ec9 gi\u1edd \u0111\u00ednh n\u1ed5i \u0111\u01b0\u1ee3c \u0111\u00e1nh b\u00f3ng 4 c\u1ea1nh tinh t\u1ebf c\u00f9ng b\u1ed9 kim d\u00e1ng b\u00fat ch\u00ec c\u0169ng t\u00f4ng m\u00e0u b\u1ea1c \u1ea5n t\u01b0\u1ee3ng. T\u1ecda l\u1ea1c t\u1ea1i g\u00f3c 3 gi\u1edd l\u00e0 \u00f4 c\u1eeda s\u1ed5 b\u00e1o ng\u00e0y \u0111\u01b0\u1ee3c l\u00e0m kh\u00e1c bi\u1ec7t v\u1edbi m\u00e0u \u0111en cu\u1ed1n h\u00fat. \u00d4 c\u1eeda s\u1ed5 d\u00e1ng ch\u1eef nh\u1eadt, n\u1eb1m nh\u1ecf g\u1ecdn kh\u00f4ng ph\u00e1 \u0111i k\u1ebft c\u1ea5u \u0111\u1ed1i x\u1ee9ng c\u1ee7a to\u00e0n b\u1ed9 m\u1eb7t s\u1ed1. Hai gam m\u00e0u \u0111en-tr\u1eafng \u0111\u01b0\u1ee3c l\u1ef1a ch\u1ecdn v\u1eeba kh\u00f4ng ph\u00e1 h\u1ecfng t\u00f4ng m\u00e0u x\u00e1m, c\u0169ng kh\u00f4ng b\u1ecb qu\u00e1 ch\u00ecm.<\/p>\n<p>B\u1ea3o v\u1ec7 cho m\u1eb7t s\u1ed1 ch\u1eafc ch\u1eafn l\u00e0 b\u1ed9 v\u1ecf khung si\u00eau nh\u1eb9 \u0111\u01b0\u1ee3c ch\u1ebf t\u00e1c t\u1eeb titianium d\u01b0\u1edbi c\u00f4ng ngh\u1ec7 \u0111\u1ed9c quy\u1ec1n Hublot. B\u1ed9 v\u1ecf khung c\u00f3 k\u00edch th\u1ee9c 42mm v\u1edbi b\u1ec1 m\u1eb7t \u0111\u01b0\u1ee3c ch\u1ea3i x\u01b0\u1edbc d\u1ecdc tinh t\u1ebf trong khi v\u1ea7n vi\u1ec1n v\u00e0nh bezel l\u1ea1i \u0111\u01b0\u1ee3c \u0111\u00e1nh b\u00f3ng c\u1ea1nh, \u0111em \u0111\u1ebfn nh\u1eefng tr\u1ea3i nghi\u1ec7m tuy\u1ec7t v\u1eddi tr\u00ean c\u1ed5 tay ng\u01b0\u1eddi \u0111eo. B\u1ed9 v\u1ecf khung \u0111i k\u00e8m n\u00fam ch\u1ec9nh gi\u1edd b\u00ean h\u00f4ng g\u00f3c 3 gi\u1edd, gi\u00fap \u0111\u1ed3ng h\u1ed3\u00a0c\u00f3 kh\u1ea3 n\u0103ng ch\u1ed1ng n\u01b0\u1edbc \u1edf \u0111\u1ed9 s\u00e2u 50m v\u01b0\u1ee3t m\u1ee9c ti\u00eau chu\u1ea9n. Gi\u1eef nguy\u00ean nh\u1eafc AND t\u1eeb h\u1ed3i m\u1edbi xu\u1ea5t hi\u1ec7n l\u00e0 6 \u0111inh \u1ed1c \u0111\u00ednh tr\u00ean v\u00e0nh bezel. Nh\u1eefng \u0111inh \u1ed1c tr\u00f2n h\u00ecnh ch\u1eef H gi\u1edd \u0111\u00e2y tr\u1edf th\u00e0nh chi ti\u1ebft nh\u1eadn di\u1ec7n quen thu\u1ed9c nh\u1ea5t c\u1ee7a nh\u1eefng chi\u1ebfc \u0111\u1ed3ng h\u1ed3 \u0111\u1ebfn t\u1eeb nh\u00e0 s\u1ea3n xu\u1ea5t.<\/p>\n<p>Trang b\u1ecb n\u1eafp \u0111\u00e1y b\u1eb1ng sapphire khi\u1ebfn cho b\u1ed9 m\u00e1y t\u1ef1 \u0111\u1ed9ng HUB1110 b\u00ean trong c\u1ed7 m\u00e1y Hublot Classic Fusion Grey Titanium 42mm Grey c\u00f3 th\u1ec3 \u0111\u01b0\u1ee3c quan s\u00e1t m\u1ed9t c\u00e1ch d\u1ec5 d\u00e0ng. Hublot Calibre HUB1110, dao \u0111\u1ed9ng \u1edf t\u1ea7n s\u1ed1 28.800 vph, bao g\u1ed3m 63 th\u00e0nh ph\u1ea7n, ch\u1ee9a 21 ch\u00e2n k\u00ednh v\u00e0 c\u00f3 m\u1ee9c d\u1ef1 tr\u1eef n\u0103ng l\u01b0\u1ee3ng x\u1ea5p x\u1ec9 42 gi\u1edd.<\/p>\n<p>\u0110i c\u00f9ng m\u1eabu \u0111\u1ed3ng h\u1ed3 n\u00e0y\u00a0l\u00e0 d\u00e2y \u0111eo ph\u1ed1i h\u1ee3p gi\u1eefa hai phong c\u00e1ch c\u1ed5 \u0111i\u1ec3n v\u00e0 hi\u1ec7n \u0111\u1ea1i. S\u1ef1 c\u1ed5 \u0111i\u1ec3n l\u00e0 g\u00f3p m\u1eb7t c\u1ee7a b\u1ec1 m\u1eb7t da c\u00e1 s\u1ea5u , ton-sur-ton v\u1edbi m\u1eb7t s\u1ed1 \u0111\u1ed3ng h\u1ed3.<\/p>\n","protected":false},"excerpt":{"rendered":"<ul class=\"list-unstyled\">\n<li><strong>T\u00ecnh tr\u1ea1ng :<\/strong>\u00a0\u0110ang c\u00f2n h\u00e0ng<\/li>\n<li><strong>H\u00e3ng s\u1ea3n xu\u1ea5t :<\/strong>\u00a056<\/li>\n<li><strong>Nam\/N\u1eef :<\/strong>\u00a0Nam<\/li>\n<li><strong>C\u01a1 ch\u1ebf m\u00e1y :<\/strong>\u00a0Automatic<\/li>\n<li><strong>K\u00edch th\u01b0\u1edbc :<\/strong>\u00a042mm<\/li>\n<li><strong>Ch\u1ee9c n\u0103ng :<\/strong>\u00a0Ng\u00e0y, gi\u1edd, ph\u00fat, gi\u00e2y<\/li>\n<li><strong>D\u00e2y \u0111eo :<\/strong>\u00a0D\u00e2y da c\u00e1 s\u1ea5u<\/li>\n<li><strong>T\u00ecnh tr\u1ea1ng :<\/strong>\u00a0Brand New<\/li>\n<li><strong>Phong c\u00e1ch :<\/strong>\u00a0Tr\u1ebb Trung,Hi\u1ec7n \u0110\u1ea1i<\/li>\n<li><strong>D\u1ef1 tr\u1eef c\u00f3t :<\/strong>\u00a042H<\/li>\n<li><strong>M\u1eb7t \u0111\u1ed3ng h\u1ed3 :<\/strong>\u00a0Sapphire<\/li>\n<li><strong>Kh\u1ea3 n\u0103ng ch\u1ed1ng n\u01b0\u1edbc :<\/strong>\u00a05 ATM<\/li>\n<li><strong>Ch\u1ea5t li\u1ec7u v\u1ecf :<\/strong>\u00a0Titanium<\/li>\n<\/ul>\n","protected":false},"featured_media":10744,"comment_status":"open","ping_status":"closed","template":"","meta":[],"product_cat":[195,320],"product_tag":[],"class_list":["post-10029","product","type-product","status-publish","has-post-thumbnail","hentry","product_cat-mens-watches","product_cat-hublot","product_brand-hublot"],"yoast_head":"<!-- This site is optimized with the Yoast SEO plugin v21.6 - https:\/\/yoast.com\/wordpress\/plugins\/seo\/ -->\n<title>Hublot Classic Fusion Titanium 42mm Grey - Phoenix Luxury<\/title>\n<meta name=\"description\" content=\"Hublot Classic Fusion Grey Titanium 42mm Grey s\u1edf h\u1eefu m\u1eb7t s\u1ed1 x\u00e1m \u0111\u01b0\u1ee3c ho\u00e0n thi\u1ec7n v\u1edbi nh\u1eefng \u0111\u01b0\u1eddng ch\u1ea3i tia \u0111\u1ed3ng t\u00e2m c\u00f9ng b\u1ed9 v\u1ecf khung c\u00f3 k\u00edch th\u01b0\u1edbc 42mm\" \/>\n<meta name=\"robots\" content=\"index, follow, max-snippet:-1, max-image-preview:large, max-video-preview:-1\" \/>\n<link rel=\"canonical\" href=\"https:\/\/nishiki-cycle.com\/demo\/san-pham\/hublot-classic-fusion-titanium-42mm-grey\/\" \/>\n<meta property=\"og:locale\" content=\"vi_VN\" \/>\n<meta property=\"og:type\" content=\"article\" \/>\n<meta property=\"og:title\" content=\"Hublot Classic Fusion Titanium 42mm Grey - Phoenix Luxury\" \/>\n<meta property=\"og:description\" content=\"Hublot Classic Fusion Grey Titanium 42mm Grey s\u1edf h\u1eefu m\u1eb7t s\u1ed1 x\u00e1m \u0111\u01b0\u1ee3c ho\u00e0n thi\u1ec7n v\u1edbi nh\u1eefng \u0111\u01b0\u1eddng ch\u1ea3i tia \u0111\u1ed3ng t\u00e2m c\u00f9ng b\u1ed9 v\u1ecf khung c\u00f3 k\u00edch th\u01b0\u1edbc 42mm\" \/>\n<meta property=\"og:url\" content=\"https:\/\/nishiki-cycle.com\/demo\/san-pham\/hublot-classic-fusion-titanium-42mm-grey\/\" \/>\n<meta property=\"og:site_name\" content=\"Phoenix Luxury\" \/>\n<meta property=\"article:modified_time\" content=\"2023-12-09T16:31:58+00:00\" \/>\n<meta property=\"og:image\" content=\"https:\/\/nishiki-cycle.com\/demo\/wp-content\/uploads\/2023\/11\/HUBLOT-CLASSIC-FUSION-TITANIUM-42MM-GREY-1.png\" \/>\n\t<meta property=\"og:image:width\" content=\"900\" \/>\n\t<meta property=\"og:image:height\" content=\"900\" \/>\n\t<meta property=\"og:image:type\" content=\"image\/png\" \/>\n<meta name=\"twitter:card\" content=\"summary_large_image\" \/>\n<meta name=\"twitter:label1\" content=\"\u01af\u1edbc t\u00ednh th\u1eddi gian \u0111\u1ecdc\" \/>\n\t<meta name=\"twitter:data1\" content=\"3 ph\u00fat\" \/>\n<script type=\"application\/ld+json\" class=\"yoast-schema-graph\">{\"@context\":\"https:\/\/schema.org\",\"@graph\":[{\"@type\":\"WebPage\",\"@id\":\"https:\/\/nishiki-cycle.com\/demo\/san-pham\/hublot-classic-fusion-titanium-42mm-grey\/\",\"url\":\"https:\/\/nishiki-cycle.com\/demo\/san-pham\/hublot-classic-fusion-titanium-42mm-grey\/\",\"name\":\"Hublot Classic Fusion Titanium 42mm Grey - Phoenix Luxury\",\"isPartOf\":{\"@id\":\"https:\/\/nishiki-cycle.com\/demo\/#website\"},\"datePublished\":\"2023-11-03T16:10:09+00:00\",\"dateModified\":\"2023-12-09T16:31:58+00:00\",\"description\":\"Hublot Classic Fusion Grey Titanium 42mm Grey s\u1edf h\u1eefu m\u1eb7t s\u1ed1 x\u00e1m \u0111\u01b0\u1ee3c ho\u00e0n thi\u1ec7n v\u1edbi nh\u1eefng \u0111\u01b0\u1eddng ch\u1ea3i tia \u0111\u1ed3ng t\u00e2m c\u00f9ng b\u1ed9 v\u1ecf khung c\u00f3 k\u00edch th\u01b0\u1edbc 42mm\",\"breadcrumb\":{\"@id\":\"https:\/\/nishiki-cycle.com\/demo\/san-pham\/hublot-classic-fusion-titanium-42mm-grey\/#breadcrumb\"},\"inLanguage\":\"vi\",\"potentialAction\":[{\"@type\":\"ReadAction\",\"target\":[\"https:\/\/nishiki-cycle.com\/demo\/san-pham\/hublot-classic-fusion-titanium-42mm-grey\/\"]}]},{\"@type\":\"BreadcrumbList\",\"@id\":\"https:\/\/nishiki-cycle.com\/demo\/san-pham\/hublot-classic-fusion-titanium-42mm-grey\/#breadcrumb\",\"itemListElement\":[{\"@type\":\"ListItem\",\"position\":1,\"name\":\"Trang ch\u1ee7\",\"item\":\"https:\/\/nishiki-cycle.com\/demo\/\"},{\"@type\":\"ListItem\",\"position\":2,\"name\":\"C\u1eeda h\u00e0ng\",\"item\":\"https:\/\/nishiki-cycle.com\/demo\/cua-hang\/\"},{\"@type\":\"ListItem\",\"position\":3,\"name\":\"Hublot Classic Fusion Titanium 42mm Grey\"}]},{\"@type\":\"WebSite\",\"@id\":\"https:\/\/nishiki-cycle.com\/demo\/#website\",\"url\":\"https:\/\/nishiki-cycle.com\/demo\/\",\"name\":\"Phoenix Luxury\",\"description\":\"\",\"potentialAction\":[{\"@type\":\"SearchAction\",\"target\":{\"@type\":\"EntryPoint\",\"urlTemplate\":\"https:\/\/nishiki-cycle.com\/demo\/?s={search_term_string}\"},\"query-input\":\"required name=search_term_string\"}],\"inLanguage\":\"vi\"}]}<\/script>\n<!-- \/ Yoast SEO plugin. -->","yoast_head_json":{"title":"Hublot Classic Fusion Titanium 42mm Grey - Phoenix Luxury","description":"Hublot Classic Fusion Grey Titanium 42mm Grey s\u1edf h\u1eefu m\u1eb7t s\u1ed1 x\u00e1m \u0111\u01b0\u1ee3c ho\u00e0n thi\u1ec7n v\u1edbi nh\u1eefng \u0111\u01b0\u1eddng ch\u1ea3i tia \u0111\u1ed3ng t\u00e2m c\u00f9ng b\u1ed9 v\u1ecf khung c\u00f3 k\u00edch th\u01b0\u1edbc 42mm","robots":{"index":"index","follow":"follow","max-snippet":"max-snippet:-1","max-image-preview":"max-image-preview:large","max-video-preview":"max-video-preview:-1"},"canonical":"https:\/\/nishiki-cycle.com\/demo\/san-pham\/hublot-classic-fusion-titanium-42mm-grey\/","og_locale":"vi_VN","og_type":"article","og_title":"Hublot Classic Fusion Titanium 42mm Grey - Phoenix Luxury","og_description":"Hublot Classic Fusion Grey Titanium 42mm Grey s\u1edf h\u1eefu m\u1eb7t s\u1ed1 x\u00e1m \u0111\u01b0\u1ee3c ho\u00e0n thi\u1ec7n v\u1edbi nh\u1eefng \u0111\u01b0\u1eddng ch\u1ea3i tia \u0111\u1ed3ng t\u00e2m c\u00f9ng b\u1ed9 v\u1ecf khung c\u00f3 k\u00edch th\u01b0\u1edbc 42mm","og_url":"https:\/\/nishiki-cycle.com\/demo\/san-pham\/hublot-classic-fusion-titanium-42mm-grey\/","og_site_name":"Phoenix Luxury","article_modified_time":"2023-12-09T16:31:58+00:00","og_image":[{"width":900,"height":900,"url":"https:\/\/nishiki-cycle.com\/demo\/wp-content\/uploads\/2023\/11\/HUBLOT-CLASSIC-FUSION-TITANIUM-42MM-GREY-1.png","type":"image\/png"}],"twitter_card":"summary_large_image","twitter_misc":{"\u01af\u1edbc t\u00ednh th\u1eddi gian \u0111\u1ecdc":"3 ph\u00fat"},"schema":{"@context":"https:\/\/schema.org","@graph":[{"@type":"WebPage","@id":"https:\/\/nishiki-cycle.com\/demo\/san-pham\/hublot-classic-fusion-titanium-42mm-grey\/","url":"https:\/\/nishiki-cycle.com\/demo\/san-pham\/hublot-classic-fusion-titanium-42mm-grey\/","name":"Hublot Classic Fusion Titanium 42mm Grey - Phoenix Luxury","isPartOf":{"@id":"https:\/\/nishiki-cycle.com\/demo\/#website"},"datePublished":"2023-11-03T16:10:09+00:00","dateModified":"2023-12-09T16:31:58+00:00","description":"Hublot Classic Fusion Grey Titanium 42mm Grey s\u1edf h\u1eefu m\u1eb7t s\u1ed1 x\u00e1m \u0111\u01b0\u1ee3c ho\u00e0n thi\u1ec7n v\u1edbi nh\u1eefng \u0111\u01b0\u1eddng ch\u1ea3i tia \u0111\u1ed3ng t\u00e2m c\u00f9ng b\u1ed9 v\u1ecf khung c\u00f3 k\u00edch th\u01b0\u1edbc 42mm","breadcrumb":{"@id":"https:\/\/nishiki-cycle.com\/demo\/san-pham\/hublot-classic-fusion-titanium-42mm-grey\/#breadcrumb"},"inLanguage":"vi","potentialAction":[{"@type":"ReadAction","target":["https:\/\/nishiki-cycle.com\/demo\/san-pham\/hublot-classic-fusion-titanium-42mm-grey\/"]}]},{"@type":"BreadcrumbList","@id":"https:\/\/nishiki-cycle.com\/demo\/san-pham\/hublot-classic-fusion-titanium-42mm-grey\/#breadcrumb","itemListElement":[{"@type":"ListItem","position":1,"name":"Trang ch\u1ee7","item":"https:\/\/nishiki-cycle.com\/demo\/"},{"@type":"ListItem","position":2,"name":"C\u1eeda h\u00e0ng","item":"https:\/\/nishiki-cycle.com\/demo\/cua-hang\/"},{"@type":"ListItem","position":3,"name":"Hublot Classic Fusion Titanium 42mm Grey"}]},{"@type":"WebSite","@id":"https:\/\/nishiki-cycle.com\/demo\/#website","url":"https:\/\/nishiki-cycle.com\/demo\/","name":"Phoenix Luxury","description":"","potentialAction":[{"@type":"SearchAction","target":{"@type":"EntryPoint","urlTemplate":"https:\/\/nishiki-cycle.com\/demo\/?s={search_term_string}"},"query-input":"required name=search_term_string"}],"inLanguage":"vi"}]}},"_links":{"self":[{"href":"https:\/\/nishiki-cycle.com\/demo\/wp-json\/wp\/v2\/product\/10029","targetHints":{"allow":["GET"]}}],"collection":[{"href":"https:\/\/nishiki-cycle.com\/demo\/wp-json\/wp\/v2\/product"}],"about":[{"href":"https:\/\/nishiki-cycle.com\/demo\/wp-json\/wp\/v2\/types\/product"}],"replies":[{"embeddable":true,"href":"https:\/\/nishiki-cycle.com\/demo\/wp-json\/wp\/v2\/comments?post=10029"}],"wp:featuredmedia":[{"embeddable":true,"href":"https:\/\/nishiki-cycle.com\/demo\/wp-json\/wp\/v2\/media\/10744"}],"wp:attachment":[{"href":"https:\/\/nishiki-cycle.com\/demo\/wp-json\/wp\/v2\/media?parent=10029"}],"wp:term":[{"taxonomy":"product_cat","embeddable":true,"href":"https:\/\/nishiki-cycle.com\/demo\/wp-json\/wp\/v2\/product_cat?post=10029"},{"taxonomy":"product_tag","embeddable":true,"href":"https:\/\/nishiki-cycle.com\/demo\/wp-json\/wp\/v2\/product_tag?post=10029"}],"curies":[{"name":"wp","href":"https:\/\/api.w.org\/{rel}","templated":true}]}}