{"id":10035,"date":"2023-11-03T16:16:12","date_gmt":"2023-11-03T16:16:12","guid":{"rendered":"https:\/\/nishiki-cycle.com\/demo\/?post_type=product&#038;p=10035"},"modified":"2023-12-09T16:31:41","modified_gmt":"2023-12-09T16:31:41","slug":"hublot-big-bang-sang-bleu-diamond-blue","status":"publish","type":"product","link":"https:\/\/nishiki-cycle.com\/demo\/san-pham\/hublot-big-bang-sang-bleu-diamond-blue\/","title":{"rendered":"Hublot Big Bang Sang Bleu Diamond Blue"},"content":{"rendered":"<p><img fetchpriority=\"high\" decoding=\"async\" class=\"size-medium wp-image-10036 aligncenter\" src=\"https:\/\/nishiki-cycle.com\/demo\/wp-content\/uploads\/2023\/11\/HUBLOT-BIG-BANG-SANG-BLEU-DIAMOND-BLUE-300x300.jpg\" alt=\"\" width=\"300\" height=\"300\" srcset=\"https:\/\/nishiki-cycle.com\/demo\/wp-content\/uploads\/2023\/11\/HUBLOT-BIG-BANG-SANG-BLEU-DIAMOND-BLUE-300x300.jpg 300w, https:\/\/nishiki-cycle.com\/demo\/wp-content\/uploads\/2023\/11\/HUBLOT-BIG-BANG-SANG-BLEU-DIAMOND-BLUE-150x150.jpg 150w, https:\/\/nishiki-cycle.com\/demo\/wp-content\/uploads\/2023\/11\/HUBLOT-BIG-BANG-SANG-BLEU-DIAMOND-BLUE-768x768.jpg 768w, https:\/\/nishiki-cycle.com\/demo\/wp-content\/uploads\/2023\/11\/HUBLOT-BIG-BANG-SANG-BLEU-DIAMOND-BLUE-600x600.jpg 600w, https:\/\/nishiki-cycle.com\/demo\/wp-content\/uploads\/2023\/11\/HUBLOT-BIG-BANG-SANG-BLEU-DIAMOND-BLUE-100x100.jpg 100w, https:\/\/nishiki-cycle.com\/demo\/wp-content\/uploads\/2023\/11\/HUBLOT-BIG-BANG-SANG-BLEU-DIAMOND-BLUE.jpg 1000w\" sizes=\"(max-width: 300px) 100vw, 300px\" \/><\/p>\n<p>C\u00f9ng v\u1edbi ngh\u1ec7 thu\u1eadt \u0111\u01b0\u01a1ng \u0111\u1ea1i \u201cArt of Fusion\u201d, Hublot \u0111\u00e3 c\u00f3 s\u1ef1 k\u1ebft h\u1ee3p tuy\u1ec7t v\u1eddi \u0111\u1ec3 t\u1ea1o n\u00ean Hublot Big Bang Sang Bleu Diamonds Blue mang d\u1ea5u \u1ea5n c\u1ee7a ngh\u1ec7 thu\u1eadt \u0111\u01b0\u01a1ng \u0111\u1ea1i v\u1edbi m\u1eb7t s\u1ed1 bao g\u1ed3m h\u1ec7 th\u1ed1ng h\u00ecnh h\u1ecdc 5 t\u1ea7ng s\u1eafc nh\u1ecdn x\u1ebfp ch\u1ed3ng g\u00e2y \u1ea5n t\u01b0\u1ee3ng m\u1ea1nh l\u00e0m t\u1eeb v\u1ecf th\u00e9p m\u1ea1nh m\u1ebd \u0111\u01b0\u1ee3c \u0111\u00ednh kim c\u01b0\u01a1ng tr\u00ean v\u00e0nh bezel c\u00f9ng d\u00e2y cao su xanh cao c\u1ea5p.<\/p>\n<p>Hublot Big Bang Sang Bleu Diamonds Blue s\u1edf h\u1eefu m\u1eb7t s\u1ed1 chi\u1ebfc \u0111\u1ed3ng h\u1ed3 l\u00e0 h\u1ec7 th\u1ed1ng h\u00ecnh h\u1ecdc s\u1eafc nh\u1ecdn x\u1ebfp ch\u1ed3ng \u0103n \u00fd \u0111\u1ea7y ngh\u1ec7 thu\u1eadt, c\u00f3 kh\u1ea3 n\u0103ng g\u00e2y \u1ea5n t\u01b0\u1ee3ng m\u1ea1nh. B\u1ed9 v\u1ecf khung sandwich \u0111a ch\u1ea5t li\u1ec7u 5 l\u1edbp x\u1ebfp t\u1ea7ng \u0111\u01b0\u1ee3c l\u00e0m t\u1eeb th\u00e9p kh\u00f4ng g\u1ec9. Tr\u00ean b\u1ec1 m\u1eb7t bezel g\u1eafn 6 \u0111inh \u1ed1c tr\u00f2n v\u1edbi ch\u1eef H bi\u1ec3u t\u01b0\u1ee3ng Hublot v\u00e0 nh\u1eefng vi\u00ean kim c\u01b0\u01a1ng tr\u1eafng tinh khi\u1ebft.<\/p>\n<p>B\u1ed9 hi\u1ec3n th\u1ecb th\u1eddi gian \u0111\u1ed9c \u0111\u00e1o v\u1edbi c\u00e1c g\u00f3c h\u00ecnh h\u1ecdc \u0111\u1eb7t tr\u00ean \u0111\u0129a c\u00f3 th\u1ec3 xoay tr\u00f2n, ph\u1ed1i h\u1ee3p c\u00f9ng v\u00f2ng \u0111\u1ebfm gi\u1edd v\u00e0 ph\u00fat m\u00e0u \u0111en \u0111\u1ec3 b\u00e1o th\u1eddi gian hi\u1ec7n t\u1ea1i.\u00a0D\u00e2y \u0111eo cao cao su c\u00f3 b\u1ec1 m\u1eb7t da m\u00e0u \u0111en cao c\u1ea5p v\u1edbi \u0111\u01b0\u1eddng v\u00e2n \u0103n kh\u1edbp v\u1edbi h\u1ecda ti\u1ebft h\u00ecnh h\u1ecdc tr\u00ean m\u1eb7t \u0111\u1ed3ng h\u1ed3.<\/p>\n<p>H\u00f2a quy\u1ec7n trong m\u00ecnh tri\u1ebft l\u00fd \u201cArt of Fusion\u201d v\u1edbi ngh\u1ec7 thu\u1eadt \u0111\u01b0\u01a1ng \u0111\u1ea1i t\u1eeb Maxime Buch, thi\u1ebft k\u1ebf c\u1ee7a \u0111\u1ed3ng h\u1ed3 Hublot Big Bang Sang Bleu Diamonds Blue h\u1ea5p d\u1eabn \u00e1nh m\u1eaft c\u1ee7a ng\u01b0\u1eddi \u0111\u1ed1i di\u1ec7n v\u1edbi t\u1eebng g\u00f3c c\u1ea1nh tinh t\u1ebf m\u00e0 b\u00ean trong l\u00e0 m\u1ed9t b\u1ed9 m\u00e1y c\u01a1 h\u1ecdc \u0111ang v\u1eadn h\u00e0nh c\u1ef1c k\u1ef3 b\u1ec1n b\u1ec9.<\/p>\n<div class=\"patt_info\">\n<ul class=\"list-unstyled\">\n<li><strong>C\u01a1 ch\u1ebf m\u00e1y :<\/strong>\u00a0Automatic<\/li>\n<li><strong>K\u00edch th\u01b0\u1edbc :<\/strong>\u00a039mm<\/li>\n<li><strong>Ch\u1ee9c n\u0103ng :<\/strong>\u00a0Gi\u1edd, Ph\u00fat, Gi\u00e2y<\/li>\n<li><strong>D\u00e2y \u0111eo :<\/strong>\u00a0D\u00e2y da c\u00e1 s\u1ea5u<\/li>\n<li><strong>T\u00ecnh tr\u1ea1ng :<\/strong>\u00a0Brand New<\/li>\n<li><strong>Phong c\u00e1ch :<\/strong>\u00a0Tr\u1ebb Trung,Hi\u1ec7n \u0110\u1ea1i<\/li>\n<li><strong>D\u1ef1 tr\u1eef c\u00f3t :<\/strong>\u00a050H<\/li>\n<li><strong>M\u1eb7t \u0111\u1ed3ng h\u1ed3 :<\/strong>\u00a0Sapphire<\/li>\n<li><strong>Kh\u1ea3 n\u0103ng ch\u1ed1ng n\u01b0\u1edbc :<\/strong>\u00a010 ATM<\/li>\n<li><strong>Ch\u1ea5t li\u1ec7u v\u1ecf :<\/strong>\u00a0Stainless Steel<\/li>\n<\/ul>\n<p>T\u00ecm hi\u1ec3u th\u00eam v\u1ec1 c\u00e1c m\u1eabu \u0111\u1ed3ng h\u1ed3 Nam cao c\u1ea5p ch\u00ednh h\u00e3ng <span style=\"color: #0000ff;\"><a style=\"color: #0000ff;\" href=\"https:\/\/nishiki-cycle.com\/demo\/#\">t\u1ea1i \u0111\u00e2y<\/a><\/span>.<\/p>\n<\/div>\n<div class=\"pdetail_order\">\n<div class=\"product_order\"><\/div>\n<\/div>\n","protected":false},"excerpt":{"rendered":"<ul class=\"list-unstyled\">\n<li><strong>T\u00ecnh tr\u1ea1ng :<\/strong>\u00a0\u0110ang c\u00f2n h\u00e0ng<\/li>\n<li><strong>H\u00e3ng s\u1ea3n xu\u1ea5t :<\/strong>\u00a056<\/li>\n<li><strong>Nam\/N\u1eef :<\/strong>\u00a0Nam<\/li>\n<li><strong>C\u01a1 ch\u1ebf m\u00e1y :<\/strong>\u00a0Automatic<\/li>\n<li><strong>K\u00edch th\u01b0\u1edbc :<\/strong>\u00a039mm<\/li>\n<li><strong>Ch\u1ee9c n\u0103ng :<\/strong>\u00a0Gi\u1edd, Ph\u00fat, Gi\u00e2y<\/li>\n<li><strong>D\u00e2y \u0111eo :<\/strong>\u00a0D\u00e2y da c\u00e1 s\u1ea5u<\/li>\n<li><strong>T\u00ecnh tr\u1ea1ng :<\/strong>\u00a0Brand New<\/li>\n<li><strong>Phong c\u00e1ch :<\/strong>\u00a0Tr\u1ebb Trung,Hi\u1ec7n \u0110\u1ea1i<\/li>\n<li><strong>D\u1ef1 tr\u1eef c\u00f3t :<\/strong>\u00a050H<\/li>\n<li><strong>M\u1eb7t \u0111\u1ed3ng h\u1ed3 :<\/strong>\u00a0Sapphire<\/li>\n<li><strong>Kh\u1ea3 n\u0103ng ch\u1ed1ng n\u01b0\u1edbc :<\/strong>\u00a010 ATM<\/li>\n<li><strong>Ch\u1ea5t li\u1ec7u v\u1ecf :<\/strong>\u00a0Stainless Steel<\/li>\n<\/ul>\n","protected":false},"featured_media":10036,"comment_status":"open","ping_status":"closed","template":"","meta":[],"product_cat":[195,320],"product_tag":[],"class_list":["post-10035","product","type-product","status-publish","has-post-thumbnail","hentry","product_cat-mens-watches","product_cat-hublot","product_brand-hublot"],"yoast_head":"<!-- This site is optimized with the Yoast SEO plugin v21.6 - https:\/\/yoast.com\/wordpress\/plugins\/seo\/ -->\n<title>Hublot Big Bang Sang Bleu Diamond Blue - Phoenix Luxury<\/title>\n<meta name=\"description\" content=\"Hublot Big Bang Sang Bleu Diamonds Blue s\u1edf h\u1eefu m\u1eb7t s\u1ed1 chi\u1ebfc \u0111\u1ed3ng h\u1ed3 l\u00e0 h\u1ec7 th\u1ed1ng h\u00ecnh h\u1ecdc s\u1eafc nh\u1ecdn x\u1ebfp ch\u1ed3ng \u0103n \u00fd \u0111\u1ea7y ngh\u1ec7 thu\u1eadt\" \/>\n<meta name=\"robots\" content=\"index, follow, max-snippet:-1, max-image-preview:large, max-video-preview:-1\" \/>\n<link rel=\"canonical\" href=\"https:\/\/nishiki-cycle.com\/demo\/san-pham\/hublot-big-bang-sang-bleu-diamond-blue\/\" \/>\n<meta property=\"og:locale\" content=\"vi_VN\" \/>\n<meta property=\"og:type\" content=\"article\" \/>\n<meta property=\"og:title\" content=\"Hublot Big Bang Sang Bleu Diamond Blue - Phoenix Luxury\" \/>\n<meta property=\"og:description\" content=\"Hublot Big Bang Sang Bleu Diamonds Blue s\u1edf h\u1eefu m\u1eb7t s\u1ed1 chi\u1ebfc \u0111\u1ed3ng h\u1ed3 l\u00e0 h\u1ec7 th\u1ed1ng h\u00ecnh h\u1ecdc s\u1eafc nh\u1ecdn x\u1ebfp ch\u1ed3ng \u0103n \u00fd \u0111\u1ea7y ngh\u1ec7 thu\u1eadt\" \/>\n<meta property=\"og:url\" content=\"https:\/\/nishiki-cycle.com\/demo\/san-pham\/hublot-big-bang-sang-bleu-diamond-blue\/\" \/>\n<meta property=\"og:site_name\" content=\"Phoenix Luxury\" \/>\n<meta property=\"article:modified_time\" content=\"2023-12-09T16:31:41+00:00\" \/>\n<meta property=\"og:image\" content=\"https:\/\/nishiki-cycle.com\/demo\/wp-content\/uploads\/2023\/11\/HUBLOT-BIG-BANG-SANG-BLEU-DIAMOND-BLUE.jpg\" \/>\n\t<meta property=\"og:image:width\" content=\"1000\" \/>\n\t<meta property=\"og:image:height\" content=\"1000\" \/>\n\t<meta property=\"og:image:type\" content=\"image\/jpeg\" \/>\n<meta name=\"twitter:card\" content=\"summary_large_image\" \/>\n<meta name=\"twitter:label1\" content=\"\u01af\u1edbc t\u00ednh th\u1eddi gian \u0111\u1ecdc\" \/>\n\t<meta name=\"twitter:data1\" content=\"3 ph\u00fat\" \/>\n<script type=\"application\/ld+json\" class=\"yoast-schema-graph\">{\"@context\":\"https:\/\/schema.org\",\"@graph\":[{\"@type\":\"WebPage\",\"@id\":\"https:\/\/nishiki-cycle.com\/demo\/san-pham\/hublot-big-bang-sang-bleu-diamond-blue\/\",\"url\":\"https:\/\/nishiki-cycle.com\/demo\/san-pham\/hublot-big-bang-sang-bleu-diamond-blue\/\",\"name\":\"Hublot Big Bang Sang Bleu Diamond Blue - Phoenix Luxury\",\"isPartOf\":{\"@id\":\"https:\/\/nishiki-cycle.com\/demo\/#website\"},\"datePublished\":\"2023-11-03T16:16:12+00:00\",\"dateModified\":\"2023-12-09T16:31:41+00:00\",\"description\":\"Hublot Big Bang Sang Bleu Diamonds Blue s\u1edf h\u1eefu m\u1eb7t s\u1ed1 chi\u1ebfc \u0111\u1ed3ng h\u1ed3 l\u00e0 h\u1ec7 th\u1ed1ng h\u00ecnh h\u1ecdc s\u1eafc nh\u1ecdn x\u1ebfp ch\u1ed3ng \u0103n \u00fd \u0111\u1ea7y ngh\u1ec7 thu\u1eadt\",\"breadcrumb\":{\"@id\":\"https:\/\/nishiki-cycle.com\/demo\/san-pham\/hublot-big-bang-sang-bleu-diamond-blue\/#breadcrumb\"},\"inLanguage\":\"vi\",\"potentialAction\":[{\"@type\":\"ReadAction\",\"target\":[\"https:\/\/nishiki-cycle.com\/demo\/san-pham\/hublot-big-bang-sang-bleu-diamond-blue\/\"]}]},{\"@type\":\"BreadcrumbList\",\"@id\":\"https:\/\/nishiki-cycle.com\/demo\/san-pham\/hublot-big-bang-sang-bleu-diamond-blue\/#breadcrumb\",\"itemListElement\":[{\"@type\":\"ListItem\",\"position\":1,\"name\":\"Trang ch\u1ee7\",\"item\":\"https:\/\/nishiki-cycle.com\/demo\/\"},{\"@type\":\"ListItem\",\"position\":2,\"name\":\"C\u1eeda h\u00e0ng\",\"item\":\"https:\/\/nishiki-cycle.com\/demo\/cua-hang\/\"},{\"@type\":\"ListItem\",\"position\":3,\"name\":\"Hublot Big Bang Sang Bleu Diamond Blue\"}]},{\"@type\":\"WebSite\",\"@id\":\"https:\/\/nishiki-cycle.com\/demo\/#website\",\"url\":\"https:\/\/nishiki-cycle.com\/demo\/\",\"name\":\"Phoenix Luxury\",\"description\":\"\",\"potentialAction\":[{\"@type\":\"SearchAction\",\"target\":{\"@type\":\"EntryPoint\",\"urlTemplate\":\"https:\/\/nishiki-cycle.com\/demo\/?s={search_term_string}\"},\"query-input\":\"required name=search_term_string\"}],\"inLanguage\":\"vi\"}]}<\/script>\n<!-- \/ Yoast SEO plugin. -->","yoast_head_json":{"title":"Hublot Big Bang Sang Bleu Diamond Blue - Phoenix Luxury","description":"Hublot Big Bang Sang Bleu Diamonds Blue s\u1edf h\u1eefu m\u1eb7t s\u1ed1 chi\u1ebfc \u0111\u1ed3ng h\u1ed3 l\u00e0 h\u1ec7 th\u1ed1ng h\u00ecnh h\u1ecdc s\u1eafc nh\u1ecdn x\u1ebfp ch\u1ed3ng \u0103n \u00fd \u0111\u1ea7y ngh\u1ec7 thu\u1eadt","robots":{"index":"index","follow":"follow","max-snippet":"max-snippet:-1","max-image-preview":"max-image-preview:large","max-video-preview":"max-video-preview:-1"},"canonical":"https:\/\/nishiki-cycle.com\/demo\/san-pham\/hublot-big-bang-sang-bleu-diamond-blue\/","og_locale":"vi_VN","og_type":"article","og_title":"Hublot Big Bang Sang Bleu Diamond Blue - Phoenix Luxury","og_description":"Hublot Big Bang Sang Bleu Diamonds Blue s\u1edf h\u1eefu m\u1eb7t s\u1ed1 chi\u1ebfc \u0111\u1ed3ng h\u1ed3 l\u00e0 h\u1ec7 th\u1ed1ng h\u00ecnh h\u1ecdc s\u1eafc nh\u1ecdn x\u1ebfp ch\u1ed3ng \u0103n \u00fd \u0111\u1ea7y ngh\u1ec7 thu\u1eadt","og_url":"https:\/\/nishiki-cycle.com\/demo\/san-pham\/hublot-big-bang-sang-bleu-diamond-blue\/","og_site_name":"Phoenix Luxury","article_modified_time":"2023-12-09T16:31:41+00:00","og_image":[{"width":1000,"height":1000,"url":"https:\/\/nishiki-cycle.com\/demo\/wp-content\/uploads\/2023\/11\/HUBLOT-BIG-BANG-SANG-BLEU-DIAMOND-BLUE.jpg","type":"image\/jpeg"}],"twitter_card":"summary_large_image","twitter_misc":{"\u01af\u1edbc t\u00ednh th\u1eddi gian \u0111\u1ecdc":"3 ph\u00fat"},"schema":{"@context":"https:\/\/schema.org","@graph":[{"@type":"WebPage","@id":"https:\/\/nishiki-cycle.com\/demo\/san-pham\/hublot-big-bang-sang-bleu-diamond-blue\/","url":"https:\/\/nishiki-cycle.com\/demo\/san-pham\/hublot-big-bang-sang-bleu-diamond-blue\/","name":"Hublot Big Bang Sang Bleu Diamond Blue - Phoenix Luxury","isPartOf":{"@id":"https:\/\/nishiki-cycle.com\/demo\/#website"},"datePublished":"2023-11-03T16:16:12+00:00","dateModified":"2023-12-09T16:31:41+00:00","description":"Hublot Big Bang Sang Bleu Diamonds Blue s\u1edf h\u1eefu m\u1eb7t s\u1ed1 chi\u1ebfc \u0111\u1ed3ng h\u1ed3 l\u00e0 h\u1ec7 th\u1ed1ng h\u00ecnh h\u1ecdc s\u1eafc nh\u1ecdn x\u1ebfp ch\u1ed3ng \u0103n \u00fd \u0111\u1ea7y ngh\u1ec7 thu\u1eadt","breadcrumb":{"@id":"https:\/\/nishiki-cycle.com\/demo\/san-pham\/hublot-big-bang-sang-bleu-diamond-blue\/#breadcrumb"},"inLanguage":"vi","potentialAction":[{"@type":"ReadAction","target":["https:\/\/nishiki-cycle.com\/demo\/san-pham\/hublot-big-bang-sang-bleu-diamond-blue\/"]}]},{"@type":"BreadcrumbList","@id":"https:\/\/nishiki-cycle.com\/demo\/san-pham\/hublot-big-bang-sang-bleu-diamond-blue\/#breadcrumb","itemListElement":[{"@type":"ListItem","position":1,"name":"Trang ch\u1ee7","item":"https:\/\/nishiki-cycle.com\/demo\/"},{"@type":"ListItem","position":2,"name":"C\u1eeda h\u00e0ng","item":"https:\/\/nishiki-cycle.com\/demo\/cua-hang\/"},{"@type":"ListItem","position":3,"name":"Hublot Big Bang Sang Bleu Diamond Blue"}]},{"@type":"WebSite","@id":"https:\/\/nishiki-cycle.com\/demo\/#website","url":"https:\/\/nishiki-cycle.com\/demo\/","name":"Phoenix Luxury","description":"","potentialAction":[{"@type":"SearchAction","target":{"@type":"EntryPoint","urlTemplate":"https:\/\/nishiki-cycle.com\/demo\/?s={search_term_string}"},"query-input":"required name=search_term_string"}],"inLanguage":"vi"}]}},"_links":{"self":[{"href":"https:\/\/nishiki-cycle.com\/demo\/wp-json\/wp\/v2\/product\/10035","targetHints":{"allow":["GET"]}}],"collection":[{"href":"https:\/\/nishiki-cycle.com\/demo\/wp-json\/wp\/v2\/product"}],"about":[{"href":"https:\/\/nishiki-cycle.com\/demo\/wp-json\/wp\/v2\/types\/product"}],"replies":[{"embeddable":true,"href":"https:\/\/nishiki-cycle.com\/demo\/wp-json\/wp\/v2\/comments?post=10035"}],"wp:featuredmedia":[{"embeddable":true,"href":"https:\/\/nishiki-cycle.com\/demo\/wp-json\/wp\/v2\/media\/10036"}],"wp:attachment":[{"href":"https:\/\/nishiki-cycle.com\/demo\/wp-json\/wp\/v2\/media?parent=10035"}],"wp:term":[{"taxonomy":"product_cat","embeddable":true,"href":"https:\/\/nishiki-cycle.com\/demo\/wp-json\/wp\/v2\/product_cat?post=10035"},{"taxonomy":"product_tag","embeddable":true,"href":"https:\/\/nishiki-cycle.com\/demo\/wp-json\/wp\/v2\/product_tag?post=10035"}],"curies":[{"name":"wp","href":"https:\/\/api.w.org\/{rel}","templated":true}]}}