{"id":10067,"date":"2023-11-03T16:51:32","date_gmt":"2023-11-03T16:51:32","guid":{"rendered":"https:\/\/nishiki-cycle.com\/demo\/?post_type=product&#038;p=10067"},"modified":"2023-12-09T16:30:00","modified_gmt":"2023-12-09T16:30:00","slug":"franck-muller-vanguard-yachting-v41-custom-diamond","status":"publish","type":"product","link":"https:\/\/nishiki-cycle.com\/demo\/san-pham\/franck-muller-vanguard-yachting-v41-custom-diamond\/","title":{"rendered":"Franck Muller Vanguard Yachting V41 Custom Diamond"},"content":{"rendered":"<p><img fetchpriority=\"high\" decoding=\"async\" class=\"size-medium wp-image-10068 aligncenter\" src=\"https:\/\/nishiki-cycle.com\/demo\/wp-content\/uploads\/2023\/11\/FRANCK-MULLER-VANGUARD-YACHTING-V41-CUSTOM-DIAMOND-300x300.jpg\" alt=\"\" width=\"300\" height=\"300\" srcset=\"https:\/\/nishiki-cycle.com\/demo\/wp-content\/uploads\/2023\/11\/FRANCK-MULLER-VANGUARD-YACHTING-V41-CUSTOM-DIAMOND-300x300.jpg 300w, https:\/\/nishiki-cycle.com\/demo\/wp-content\/uploads\/2023\/11\/FRANCK-MULLER-VANGUARD-YACHTING-V41-CUSTOM-DIAMOND-150x150.jpg 150w, https:\/\/nishiki-cycle.com\/demo\/wp-content\/uploads\/2023\/11\/FRANCK-MULLER-VANGUARD-YACHTING-V41-CUSTOM-DIAMOND-768x768.jpg 768w, https:\/\/nishiki-cycle.com\/demo\/wp-content\/uploads\/2023\/11\/FRANCK-MULLER-VANGUARD-YACHTING-V41-CUSTOM-DIAMOND-600x600.jpg 600w, https:\/\/nishiki-cycle.com\/demo\/wp-content\/uploads\/2023\/11\/FRANCK-MULLER-VANGUARD-YACHTING-V41-CUSTOM-DIAMOND-100x100.jpg 100w, https:\/\/nishiki-cycle.com\/demo\/wp-content\/uploads\/2023\/11\/FRANCK-MULLER-VANGUARD-YACHTING-V41-CUSTOM-DIAMOND.jpg 900w\" sizes=\"(max-width: 300px) 100vw, 300px\" \/><\/p>\n<p>Franck Muller Vanguard Yachting V41 Custom Diamond c\u00f3 ph\u1ea7n v\u1ecf l\u00e0m t\u1eeb ch\u1ea5t li\u1ec7u th\u00e9p. Ph\u1ea7n v\u00e0nh \u0111\u1ed3ng h\u1ed3 \u0111\u01b0\u1ee3c n\u1ea1m ho\u00e0n to\u00e0n b\u1edfi v\u00f4 s\u1ed1 vi\u00ean kim c\u01b0\u01a1ng t\u1ef1 nhi\u00ean. Hi\u1ec7u \u1ee9ng quang h\u1ecdc ph\u1ea3n chi\u1ebfu t\u1eeb kim c\u01b0\u01a1ng khi\u1ebfn chi\u1ebfc \u0111\u1ed3ng h\u1ed3 c\u00f3 th\u1ec3 h\u00fat h\u1ed3n b\u1ea5t c\u1ee9 ai quan s\u00e1t n\u00f3 t\u1eeb b\u1ea5t k\u00ec g\u00f3c nh\u00ecn n\u00e0o.<\/p>\n<p>B\u1ec1 m\u1eb7t Franck Muller Vanguard Yachting V41 Custom Diamond\u00a0\u0111\u01b0\u1ee3c ho\u00e0n thi\u1ec7n b\u1eb1ng tinh th\u1ec3 sapphire nguy\u00ean ch\u1ea5t. Ngo\u00e0i vi\u1ec7c \u0111\u1ea3m b\u1ea3o m\u1ed9t \u0111\u1ed9 b\u1ec1n cao, sapphire cho th\u1ea5y kh\u1ea3 n\u0103ng ch\u1ed1ng ph\u1ea3n chi\u1ebfu \u00e1nh s\u00e1ng ho\u00e0n h\u1ea3o. B\u00ean d\u01b0\u1edbi l\u1edbp k\u00ednh sapphire l\u00e0 m\u1eb7t s\u1ed1 ch\u00ednh v\u1edbi m\u00e0u xanh bi\u1ec3n tuy\u1ec7t \u0111\u1eb9p.<\/p>\n<p>C\u00e1c chi ti\u1ebft g\u1ee3i \u0111\u1ebfn h\u00ecnh \u1ea3nh h\u1ea3i \u0111\u1ed3, la b\u00e0n l\u00e0m ta nh\u1eadn ra s\u1ef1 t\u01b0\u01a1ng \u0111\u1ed3ng gi\u1eefa b\u1ec1 m\u1eb7t tuy\u1ec7t \u0111\u1eb9p n\u00e0y v\u1edbi m\u1eb7t \u0111\u1ea1i d\u01b0\u01a1ng. Ph\u1ea7n d\u00e2y \u0111eo \u0111\u01b0\u1ee3c ho\u00e0n thi\u1ec7n t\u1ed1t v\u1edbi l\u00f5i cao su b\u1ecdc da c\u00e1 s\u1ea5u cao c\u1ea5p \u0111\u01b0\u1ee3c nhu\u1ed9m xanh bi\u1ec3n. M\u00e0u s\u1eafc c\u1ee7a d\u00e2y \u0111eo b\u1eaft c\u1eb7p ho\u00e0n h\u1ea3o v\u1edbi m\u00e0u c\u1ee7a v\u1ecf m\u00e1y v\u00e0 m\u1eb7t s\u1ed1, mang l\u1ea1i m\u1ed9t ki\u1ec7t t\u00e1c v\u1edbi \u0111\u1ed9 c\u00e2n b\u1eb1ng m\u00e0u s\u1eafc ho\u00e0n h\u1ea3o.<\/p>\n<p>\u0110\u1ed3ng H\u1ed3\u00a0ho\u1ea1t \u0111\u1ed9ng tr\u01a1n tru v\u1edbi b\u1ed9 m\u00e1y c\u01a1 t\u1ef1 \u0111\u1ed9ng tr\u1eef n\u0103ng l\u01b0\u1ee3ng t\u1eeb chuy\u1ec3n \u0111\u1ed9ng tay. Kh\u1ea3 n\u0103ng ch\u1ed1ng n\u01b0\u1edbc l\u00ean \u0111\u1ebfn 50 m\u00e9t cho th\u1ea5y s\u1ef1 t\u1ec9 m\u1ec9 trong ch\u1ebf t\u00e1c c\u1ee7a nh\u1ee9ng ng\u01b0\u1eddi th\u1ee3 l\u00e0nh ngh\u1ec1 Th\u1ee5y S\u0129.<\/p>\n<p>T\u00ecm hi\u1ec3u th\u00eam c\u00e1c m\u1eabu \u0111\u1ed3ng h\u1ed3 Nam cao c\u1ea5p ch\u00ednh h\u00e3ng <a href=\"https:\/\/nishiki-cycle.com\/demo\/#\"><span style=\"color: #0000ff;\">t\u1ea1i \u0111\u00e2y<\/span><\/a>.<\/p>\n","protected":false},"excerpt":{"rendered":"<ul class=\"list-unstyled\">\n<li><strong>T\u00ecnh tr\u1ea1ng :<\/strong>\u00a0\u0110ang c\u00f2n h\u00e0ng<\/li>\n<li><strong>H\u00e3ng s\u1ea3n xu\u1ea5t :<\/strong>\u00a044<\/li>\n<li><strong>Nam\/N\u1eef :<\/strong>\u00a0Nam<\/li>\n<li><strong>C\u01a1 ch\u1ebf m\u00e1y :<\/strong>\u00a0Automatic<\/li>\n<li><strong>K\u00edch th\u01b0\u1edbc :<\/strong>\u00a041mm<\/li>\n<li><strong>Ch\u1ee9c n\u0103ng :<\/strong>\u00a0Ng\u00e0y, gi\u1edd, ph\u00fat, gi\u00e2y<\/li>\n<li><strong>D\u00e2y \u0111eo :<\/strong>\u00a0D\u00e2y da c\u00e1 s\u1ea5u<\/li>\n<li><strong>T\u00ecnh tr\u1ea1ng :<\/strong>\u00a0Brand New<\/li>\n<li><strong>Phong c\u00e1ch :<\/strong>\u00a0Tr\u1ebb Trung,Hi\u1ec7n \u0110\u1ea1i<\/li>\n<li><strong>M\u1eb7t \u0111\u1ed3ng h\u1ed3 :<\/strong>\u00a0Sapphire<\/li>\n<li><strong>Kh\u1ea3 n\u0103ng ch\u1ed1ng n\u01b0\u1edbc :<\/strong>\u00a03 ATM<\/li>\n<li><strong>Ch\u1ea5t li\u1ec7u v\u1ecf :<\/strong>\u00a0Stainless Steel<\/li>\n<\/ul>\n","protected":false},"featured_media":10068,"comment_status":"open","ping_status":"closed","template":"","meta":[],"product_cat":[195,323],"product_tag":[],"class_list":["post-10067","product","type-product","status-publish","has-post-thumbnail","hentry","product_cat-mens-watches","product_cat-franck-muller","product_brand-franck-muller"],"yoast_head":"<!-- This site is optimized with the Yoast SEO plugin v21.6 - https:\/\/yoast.com\/wordpress\/plugins\/seo\/ -->\n<title>Franck Muller Vanguard Yachting V41 Custom Diamond - Phoenix Luxury<\/title>\n<meta name=\"description\" content=\"Franck Muller Vanguard Yachting V41 Custom Diamond c\u00f3 ph\u1ea7n v\u1ecf l\u00e0m t\u1eeb ch\u1ea5t li\u1ec7u th\u00e9p. Ph\u1ea7n v\u00e0nh \u0111\u1ed3ng h\u1ed3 \u0111\u01b0\u1ee3c n\u1ea1m ho\u00e0n to\u00e0n b\u1edfi v\u00f4 s\u1ed1 vi\u00ean kim c\u01b0\u01a1ng t\u1ef1 nhi\u00ean.\" \/>\n<meta name=\"robots\" content=\"index, follow, max-snippet:-1, max-image-preview:large, max-video-preview:-1\" \/>\n<link rel=\"canonical\" href=\"https:\/\/nishiki-cycle.com\/demo\/san-pham\/franck-muller-vanguard-yachting-v41-custom-diamond\/\" \/>\n<meta property=\"og:locale\" content=\"vi_VN\" \/>\n<meta property=\"og:type\" content=\"article\" \/>\n<meta property=\"og:title\" content=\"Franck Muller Vanguard Yachting V41 Custom Diamond - Phoenix Luxury\" \/>\n<meta property=\"og:description\" content=\"Franck Muller Vanguard Yachting V41 Custom Diamond c\u00f3 ph\u1ea7n v\u1ecf l\u00e0m t\u1eeb ch\u1ea5t li\u1ec7u th\u00e9p. Ph\u1ea7n v\u00e0nh \u0111\u1ed3ng h\u1ed3 \u0111\u01b0\u1ee3c n\u1ea1m ho\u00e0n to\u00e0n b\u1edfi v\u00f4 s\u1ed1 vi\u00ean kim c\u01b0\u01a1ng t\u1ef1 nhi\u00ean.\" \/>\n<meta property=\"og:url\" content=\"https:\/\/nishiki-cycle.com\/demo\/san-pham\/franck-muller-vanguard-yachting-v41-custom-diamond\/\" \/>\n<meta property=\"og:site_name\" content=\"Phoenix Luxury\" \/>\n<meta property=\"article:modified_time\" content=\"2023-12-09T16:30:00+00:00\" \/>\n<meta property=\"og:image\" content=\"https:\/\/nishiki-cycle.com\/demo\/wp-content\/uploads\/2023\/11\/FRANCK-MULLER-VANGUARD-YACHTING-V41-CUSTOM-DIAMOND.jpg\" \/>\n\t<meta property=\"og:image:width\" content=\"900\" \/>\n\t<meta property=\"og:image:height\" content=\"900\" \/>\n\t<meta property=\"og:image:type\" content=\"image\/jpeg\" \/>\n<meta name=\"twitter:card\" content=\"summary_large_image\" \/>\n<meta name=\"twitter:label1\" content=\"\u01af\u1edbc t\u00ednh th\u1eddi gian \u0111\u1ecdc\" \/>\n\t<meta name=\"twitter:data1\" content=\"2 ph\u00fat\" \/>\n<script type=\"application\/ld+json\" class=\"yoast-schema-graph\">{\"@context\":\"https:\/\/schema.org\",\"@graph\":[{\"@type\":\"WebPage\",\"@id\":\"https:\/\/nishiki-cycle.com\/demo\/san-pham\/franck-muller-vanguard-yachting-v41-custom-diamond\/\",\"url\":\"https:\/\/nishiki-cycle.com\/demo\/san-pham\/franck-muller-vanguard-yachting-v41-custom-diamond\/\",\"name\":\"Franck Muller Vanguard Yachting V41 Custom Diamond - Phoenix Luxury\",\"isPartOf\":{\"@id\":\"https:\/\/nishiki-cycle.com\/demo\/#website\"},\"datePublished\":\"2023-11-03T16:51:32+00:00\",\"dateModified\":\"2023-12-09T16:30:00+00:00\",\"description\":\"Franck Muller Vanguard Yachting V41 Custom Diamond c\u00f3 ph\u1ea7n v\u1ecf l\u00e0m t\u1eeb ch\u1ea5t li\u1ec7u th\u00e9p. Ph\u1ea7n v\u00e0nh \u0111\u1ed3ng h\u1ed3 \u0111\u01b0\u1ee3c n\u1ea1m ho\u00e0n to\u00e0n b\u1edfi v\u00f4 s\u1ed1 vi\u00ean kim c\u01b0\u01a1ng t\u1ef1 nhi\u00ean.\",\"breadcrumb\":{\"@id\":\"https:\/\/nishiki-cycle.com\/demo\/san-pham\/franck-muller-vanguard-yachting-v41-custom-diamond\/#breadcrumb\"},\"inLanguage\":\"vi\",\"potentialAction\":[{\"@type\":\"ReadAction\",\"target\":[\"https:\/\/nishiki-cycle.com\/demo\/san-pham\/franck-muller-vanguard-yachting-v41-custom-diamond\/\"]}]},{\"@type\":\"BreadcrumbList\",\"@id\":\"https:\/\/nishiki-cycle.com\/demo\/san-pham\/franck-muller-vanguard-yachting-v41-custom-diamond\/#breadcrumb\",\"itemListElement\":[{\"@type\":\"ListItem\",\"position\":1,\"name\":\"Trang ch\u1ee7\",\"item\":\"https:\/\/nishiki-cycle.com\/demo\/\"},{\"@type\":\"ListItem\",\"position\":2,\"name\":\"C\u1eeda h\u00e0ng\",\"item\":\"https:\/\/nishiki-cycle.com\/demo\/cua-hang\/\"},{\"@type\":\"ListItem\",\"position\":3,\"name\":\"Franck Muller Vanguard Yachting V41 Custom Diamond\"}]},{\"@type\":\"WebSite\",\"@id\":\"https:\/\/nishiki-cycle.com\/demo\/#website\",\"url\":\"https:\/\/nishiki-cycle.com\/demo\/\",\"name\":\"Phoenix Luxury\",\"description\":\"\",\"potentialAction\":[{\"@type\":\"SearchAction\",\"target\":{\"@type\":\"EntryPoint\",\"urlTemplate\":\"https:\/\/nishiki-cycle.com\/demo\/?s={search_term_string}\"},\"query-input\":\"required name=search_term_string\"}],\"inLanguage\":\"vi\"}]}<\/script>\n<!-- \/ Yoast SEO plugin. -->","yoast_head_json":{"title":"Franck Muller Vanguard Yachting V41 Custom Diamond - Phoenix Luxury","description":"Franck Muller Vanguard Yachting V41 Custom Diamond c\u00f3 ph\u1ea7n v\u1ecf l\u00e0m t\u1eeb ch\u1ea5t li\u1ec7u th\u00e9p. Ph\u1ea7n v\u00e0nh \u0111\u1ed3ng h\u1ed3 \u0111\u01b0\u1ee3c n\u1ea1m ho\u00e0n to\u00e0n b\u1edfi v\u00f4 s\u1ed1 vi\u00ean kim c\u01b0\u01a1ng t\u1ef1 nhi\u00ean.","robots":{"index":"index","follow":"follow","max-snippet":"max-snippet:-1","max-image-preview":"max-image-preview:large","max-video-preview":"max-video-preview:-1"},"canonical":"https:\/\/nishiki-cycle.com\/demo\/san-pham\/franck-muller-vanguard-yachting-v41-custom-diamond\/","og_locale":"vi_VN","og_type":"article","og_title":"Franck Muller Vanguard Yachting V41 Custom Diamond - Phoenix Luxury","og_description":"Franck Muller Vanguard Yachting V41 Custom Diamond c\u00f3 ph\u1ea7n v\u1ecf l\u00e0m t\u1eeb ch\u1ea5t li\u1ec7u th\u00e9p. Ph\u1ea7n v\u00e0nh \u0111\u1ed3ng h\u1ed3 \u0111\u01b0\u1ee3c n\u1ea1m ho\u00e0n to\u00e0n b\u1edfi v\u00f4 s\u1ed1 vi\u00ean kim c\u01b0\u01a1ng t\u1ef1 nhi\u00ean.","og_url":"https:\/\/nishiki-cycle.com\/demo\/san-pham\/franck-muller-vanguard-yachting-v41-custom-diamond\/","og_site_name":"Phoenix Luxury","article_modified_time":"2023-12-09T16:30:00+00:00","og_image":[{"width":900,"height":900,"url":"https:\/\/nishiki-cycle.com\/demo\/wp-content\/uploads\/2023\/11\/FRANCK-MULLER-VANGUARD-YACHTING-V41-CUSTOM-DIAMOND.jpg","type":"image\/jpeg"}],"twitter_card":"summary_large_image","twitter_misc":{"\u01af\u1edbc t\u00ednh th\u1eddi gian \u0111\u1ecdc":"2 ph\u00fat"},"schema":{"@context":"https:\/\/schema.org","@graph":[{"@type":"WebPage","@id":"https:\/\/nishiki-cycle.com\/demo\/san-pham\/franck-muller-vanguard-yachting-v41-custom-diamond\/","url":"https:\/\/nishiki-cycle.com\/demo\/san-pham\/franck-muller-vanguard-yachting-v41-custom-diamond\/","name":"Franck Muller Vanguard Yachting V41 Custom Diamond - Phoenix Luxury","isPartOf":{"@id":"https:\/\/nishiki-cycle.com\/demo\/#website"},"datePublished":"2023-11-03T16:51:32+00:00","dateModified":"2023-12-09T16:30:00+00:00","description":"Franck Muller Vanguard Yachting V41 Custom Diamond c\u00f3 ph\u1ea7n v\u1ecf l\u00e0m t\u1eeb ch\u1ea5t li\u1ec7u th\u00e9p. Ph\u1ea7n v\u00e0nh \u0111\u1ed3ng h\u1ed3 \u0111\u01b0\u1ee3c n\u1ea1m ho\u00e0n to\u00e0n b\u1edfi v\u00f4 s\u1ed1 vi\u00ean kim c\u01b0\u01a1ng t\u1ef1 nhi\u00ean.","breadcrumb":{"@id":"https:\/\/nishiki-cycle.com\/demo\/san-pham\/franck-muller-vanguard-yachting-v41-custom-diamond\/#breadcrumb"},"inLanguage":"vi","potentialAction":[{"@type":"ReadAction","target":["https:\/\/nishiki-cycle.com\/demo\/san-pham\/franck-muller-vanguard-yachting-v41-custom-diamond\/"]}]},{"@type":"BreadcrumbList","@id":"https:\/\/nishiki-cycle.com\/demo\/san-pham\/franck-muller-vanguard-yachting-v41-custom-diamond\/#breadcrumb","itemListElement":[{"@type":"ListItem","position":1,"name":"Trang ch\u1ee7","item":"https:\/\/nishiki-cycle.com\/demo\/"},{"@type":"ListItem","position":2,"name":"C\u1eeda h\u00e0ng","item":"https:\/\/nishiki-cycle.com\/demo\/cua-hang\/"},{"@type":"ListItem","position":3,"name":"Franck Muller Vanguard Yachting V41 Custom Diamond"}]},{"@type":"WebSite","@id":"https:\/\/nishiki-cycle.com\/demo\/#website","url":"https:\/\/nishiki-cycle.com\/demo\/","name":"Phoenix Luxury","description":"","potentialAction":[{"@type":"SearchAction","target":{"@type":"EntryPoint","urlTemplate":"https:\/\/nishiki-cycle.com\/demo\/?s={search_term_string}"},"query-input":"required name=search_term_string"}],"inLanguage":"vi"}]}},"_links":{"self":[{"href":"https:\/\/nishiki-cycle.com\/demo\/wp-json\/wp\/v2\/product\/10067","targetHints":{"allow":["GET"]}}],"collection":[{"href":"https:\/\/nishiki-cycle.com\/demo\/wp-json\/wp\/v2\/product"}],"about":[{"href":"https:\/\/nishiki-cycle.com\/demo\/wp-json\/wp\/v2\/types\/product"}],"replies":[{"embeddable":true,"href":"https:\/\/nishiki-cycle.com\/demo\/wp-json\/wp\/v2\/comments?post=10067"}],"wp:featuredmedia":[{"embeddable":true,"href":"https:\/\/nishiki-cycle.com\/demo\/wp-json\/wp\/v2\/media\/10068"}],"wp:attachment":[{"href":"https:\/\/nishiki-cycle.com\/demo\/wp-json\/wp\/v2\/media?parent=10067"}],"wp:term":[{"taxonomy":"product_cat","embeddable":true,"href":"https:\/\/nishiki-cycle.com\/demo\/wp-json\/wp\/v2\/product_cat?post=10067"},{"taxonomy":"product_tag","embeddable":true,"href":"https:\/\/nishiki-cycle.com\/demo\/wp-json\/wp\/v2\/product_tag?post=10067"}],"curies":[{"name":"wp","href":"https:\/\/api.w.org\/{rel}","templated":true}]}}