{"id":10132,"date":"2023-11-04T15:33:19","date_gmt":"2023-11-04T15:33:19","guid":{"rendered":"https:\/\/nishiki-cycle.com\/demo\/?post_type=product&#038;p=10132"},"modified":"2023-12-09T16:22:34","modified_gmt":"2023-12-09T16:22:34","slug":"rolex-datejust-36mm-demi-rose-gold-126281rbr-mop-diamond","status":"publish","type":"product","link":"https:\/\/nishiki-cycle.com\/demo\/san-pham\/rolex-datejust-36mm-demi-rose-gold-126281rbr-mop-diamond\/","title":{"rendered":"Rolex Datejust 36mm Demi Rose Gold 126281rbr Mop Diamond"},"content":{"rendered":"<p><img fetchpriority=\"high\" decoding=\"async\" class=\"size-medium wp-image-10133 aligncenter\" src=\"https:\/\/nishiki-cycle.com\/demo\/wp-content\/uploads\/2023\/11\/ROLEX-DATEJUST-36MM-DEMI-ROSE-GOLD-126281RBR-MOP-DIAMOND-187x300.jpg\" alt=\"\" width=\"187\" height=\"300\" srcset=\"https:\/\/nishiki-cycle.com\/demo\/wp-content\/uploads\/2023\/11\/ROLEX-DATEJUST-36MM-DEMI-ROSE-GOLD-126281RBR-MOP-DIAMOND-187x300.jpg 187w, https:\/\/nishiki-cycle.com\/demo\/wp-content\/uploads\/2023\/11\/ROLEX-DATEJUST-36MM-DEMI-ROSE-GOLD-126281RBR-MOP-DIAMOND.jpg 530w\" sizes=\"(max-width: 187px) 100vw, 187px\" \/><\/p>\n<p>Rolex Datejust 36mm Demi Rose Gold 126281RBR Mop Diamond \u0111\u01b0\u1ee3c thi\u1ebft k\u1ebf v\u1edbi d\u00e1ng m\u1eb7t s\u1ed1 tr\u00f2n, \u0111\u01b0\u1eddng k\u00ednh v\u1ecf 36mm. \u0110\u1eb7c bi\u1ec7t, v\u1edbi s\u1ef1 k\u1ebft h\u1ee3p gi\u1eefa ch\u1ea5t li\u1ec7u th\u00e9p kh\u00f4ng g\u1ec9 v\u00e0 v\u00e0ng everose 18K, \u0111\u1ed3ng h\u1ed3 c\u1ee7a Rolex cho m\u1ed9t t\u1ed5ng th\u1ec3 v\u1eeba kh\u1ecfe kho\u1eafn, th\u1ec3 thao v\u1eeba nh\u1eb9 nh\u00e0ng quy\u1ebfn r\u0169.<\/p>\n<p>B\u00ean c\u1ea1nh \u0111\u00f3, m\u1eabu \u0111\u1ed3ng h\u1ed3 n\u00e0y\u00a0c\u00f2n cu\u1ed1n h\u00fat ng\u01b0\u1eddi nh\u00ecn v\u1edbi m\u1eb7t s\u1ed1 kh\u1ea3m trai m\u00e0u tr\u1eafng c\u00f9ng v\u1edbi b\u1ed9 kim baton h\u00ecnh ch\u1eef nh\u1eadt, g\u00f3c c\u1ea1nh v\u00e0 nh\u1eefng vi\u00ean kim c\u01b0\u01a1ng l\u1ea5p l\u00e1nh t\u1ea1i v\u1ea1ch ch\u1ec9 gi\u1edd. \u1ed0ng k\u00ednh cyclops \u0111\u01b0\u1ee3c m\u1edf t\u1ea1i v\u1ecb tr\u00ed 3 gi\u1edd cho ph\u00e9p ng\u01b0\u1eddi nh\u00ecn c\u00f3 th\u1ec3 d\u1ec5 d\u00e0ng xem \u0111\u01b0\u1ee3c l\u1ecbch ng\u00e0y. \u00d4m tr\u1ecdn l\u1ea5y m\u1eb7t s\u1ed1, Rolex Datejust 36mm Demi Rose Gold \u0111\u01b0\u1ee3c thi\u1ebft k\u1ebf v\u1edbi vi\u1ec1n bezel b\u1eb1ng v\u00e0ng everose 18K n\u1ea1m kim c\u01b0\u01a1ng. T\u1ea5t c\u1ea3 t\u1ea1o n\u00ean m\u1ed9t s\u1ef1 cu\u1ed1n h\u00fat \u0111\u1eb7c bi\u1ec7t khi nh\u00ecn v\u00e0o m\u1eb7t s\u1ed1.<\/p>\n<p>Tr\u00e1i tim c\u1ee7a \u0111\u1ed3ng h\u1ed3 \u0111\u01b0\u1ee3c thi\u1ebft l\u1eadp v\u1edbi b\u1ed9 m\u00e1y Automatic \u2013 Calibre 3235. V\u1edbi b\u1ed9 m\u00e1y ho\u1ea1t \u0111\u1ed9ng n\u00e0y, Rolex Datejust 36mm Demi Rose Gold 126281RBR Mop Diamond\u00a0 \u0111\u01b0\u1ee3c cung c\u1ea5p n\u0103ng l\u01b0\u1ee3ng cho ch\u1ee9c n\u0103ng gi\u1edd, ph\u00fat, gi\u00e2y, ng\u00e0y v\u00e0 cho th\u1eddi gian d\u1ef1 tr\u1eef n\u0103ng l\u01b0\u1ee3ng l\u00ean \u0111\u1ebfn 70 gi\u1edd ho\u1ea1t \u0111\u1ed9ng.<\/p>\n<p>Cu\u1ed1i c\u00f9ng, \u0111\u1ed3ng h\u1ed3\u00a0\u0111\u01b0\u1ee3c trang b\u1ecb d\u00e2y \u0111eo jubilee n\u1ed1i n\u0103m m\u1ea3nh l\u00e0m t\u1eeb ch\u1ea5t li\u1ec7u th\u00e9p kh\u00f4ng g\u1ec9 v\u00e0 v\u00e0ng Everose mang \u0111\u1ebfn m\u1ed9t \u0111i\u1ec3m nh\u1ea5n n\u1ed5i b\u1eadt, cu\u1ed1n h\u00fat t\u1eeb m\u1ecdi g\u00f3c nh\u00ecn.<\/p>\n<p>Tham kh\u1ea3o th\u00eam c\u00e1c m\u1eabu \u0111\u1ed3ng h\u1ed3 cao c\u1ea5p ch\u00ednh h\u00e3ng kh\u00e1c<span style=\"color: #0000ff;\"><a style=\"color: #0000ff;\" href=\"https:\/\/nishiki-cycle.com\/demo\/#\"> t\u1ea1i \u0111\u00e2y<\/a><\/span>.<\/p>\n","protected":false},"excerpt":{"rendered":"<ul class=\"list-unstyled\">\n<li><strong>T\u00ecnh tr\u1ea1ng :<\/strong>\u00a0\u0110ang c\u00f2n h\u00e0ng<\/li>\n<li><strong>H\u00e3ng s\u1ea3n xu\u1ea5t :<\/strong>\u00a0Rolex<\/li>\n<li><strong>Nam\/N\u1eef :<\/strong>\u00a0Nam\/N\u1eef<\/li>\n<li><strong>C\u01a1 ch\u1ebf m\u00e1y :<\/strong>\u00a0Automatic<\/li>\n<li><strong>K\u00edch th\u01b0\u1edbc :<\/strong>\u00a036mm<\/li>\n<li><strong>Ch\u1ee9c n\u0103ng :<\/strong>\u00a0Ng\u00e0y, gi\u1edd, ph\u00fat, gi\u00e2y<\/li>\n<li><strong>D\u00e2y \u0111eo :<\/strong>\u00a0Demi Rose Gold<\/li>\n<li><strong>T\u00ecnh tr\u1ea1ng :<\/strong>\u00a0Like New<\/li>\n<li><strong>Ref :<\/strong>\u00a0126281RBR MOP<\/li>\n<li><strong>Phong c\u00e1ch :<\/strong>\u00a0Classic<\/li>\n<li><strong>D\u1ef1 tr\u1eef c\u00f3t :<\/strong>\u00a070H<\/li>\n<li><strong>M\u1eb7t \u0111\u1ed3ng h\u1ed3 :<\/strong>\u00a0Sapphire<\/li>\n<li><strong>Kh\u1ea3 n\u0103ng ch\u1ed1ng n\u01b0\u1edbc :<\/strong>\u00a010 ATM<\/li>\n<li><strong>Ch\u1ea5t li\u1ec7u v\u1ecf :<\/strong>\u00a0Demi Rose Gold<\/li>\n<\/ul>\n","protected":false},"featured_media":10727,"comment_status":"open","ping_status":"closed","template":"","meta":[],"product_cat":[195,242,319],"product_tag":[],"class_list":["post-10132","product","type-product","status-publish","has-post-thumbnail","hentry","product_cat-mens-watches","product_cat-womens-watches","product_cat-rolex","product_brand-rolex"],"yoast_head":"<!-- This site is optimized with the Yoast SEO plugin v21.6 - https:\/\/yoast.com\/wordpress\/plugins\/seo\/ -->\n<title>Rolex Datejust 36mm Demi Rose Gold 126281rbr Mop Diamond - Phoenix Luxury<\/title>\n<meta name=\"description\" content=\"Rolex Datejust 36mm Demi Rose Gold 126281RBR Mop Diamond c\u00f3 m\u1eb7t s\u1ed1 kh\u1ea3m trai m\u00e0u tr\u1eafng c\u00f9ng v\u1edbi nh\u1eefng vi\u00ean kim c\u01b0\u01a1ng l\u1ea5p l\u00e1nh t\u1ea1i v\u1ea1ch ch\u1ec9 gi\u1edd.\" \/>\n<meta name=\"robots\" content=\"index, follow, max-snippet:-1, max-image-preview:large, max-video-preview:-1\" \/>\n<link rel=\"canonical\" href=\"https:\/\/nishiki-cycle.com\/demo\/san-pham\/rolex-datejust-36mm-demi-rose-gold-126281rbr-mop-diamond\/\" \/>\n<meta property=\"og:locale\" content=\"vi_VN\" \/>\n<meta property=\"og:type\" content=\"article\" \/>\n<meta property=\"og:title\" content=\"Rolex Datejust 36mm Demi Rose Gold 126281rbr Mop Diamond - Phoenix Luxury\" \/>\n<meta property=\"og:description\" content=\"Rolex Datejust 36mm Demi Rose Gold 126281RBR Mop Diamond c\u00f3 m\u1eb7t s\u1ed1 kh\u1ea3m trai m\u00e0u tr\u1eafng c\u00f9ng v\u1edbi nh\u1eefng vi\u00ean kim c\u01b0\u01a1ng l\u1ea5p l\u00e1nh t\u1ea1i v\u1ea1ch ch\u1ec9 gi\u1edd.\" \/>\n<meta property=\"og:url\" content=\"https:\/\/nishiki-cycle.com\/demo\/san-pham\/rolex-datejust-36mm-demi-rose-gold-126281rbr-mop-diamond\/\" \/>\n<meta property=\"og:site_name\" content=\"Phoenix Luxury\" \/>\n<meta property=\"article:modified_time\" content=\"2023-12-09T16:22:34+00:00\" \/>\n<meta property=\"og:image\" content=\"https:\/\/nishiki-cycle.com\/demo\/wp-content\/uploads\/2023\/11\/ROLEX-DATEJUST-36MM-DEMI-ROSE-GOLD-126281RBR-MOP-DIAMOND.png\" \/>\n\t<meta property=\"og:image:width\" content=\"900\" \/>\n\t<meta property=\"og:image:height\" content=\"900\" \/>\n\t<meta property=\"og:image:type\" content=\"image\/png\" \/>\n<meta name=\"twitter:card\" content=\"summary_large_image\" \/>\n<meta name=\"twitter:label1\" content=\"\u01af\u1edbc t\u00ednh th\u1eddi gian \u0111\u1ecdc\" \/>\n\t<meta name=\"twitter:data1\" content=\"2 ph\u00fat\" \/>\n<script type=\"application\/ld+json\" class=\"yoast-schema-graph\">{\"@context\":\"https:\/\/schema.org\",\"@graph\":[{\"@type\":\"WebPage\",\"@id\":\"https:\/\/nishiki-cycle.com\/demo\/san-pham\/rolex-datejust-36mm-demi-rose-gold-126281rbr-mop-diamond\/\",\"url\":\"https:\/\/nishiki-cycle.com\/demo\/san-pham\/rolex-datejust-36mm-demi-rose-gold-126281rbr-mop-diamond\/\",\"name\":\"Rolex Datejust 36mm Demi Rose Gold 126281rbr Mop Diamond - Phoenix Luxury\",\"isPartOf\":{\"@id\":\"https:\/\/nishiki-cycle.com\/demo\/#website\"},\"datePublished\":\"2023-11-04T15:33:19+00:00\",\"dateModified\":\"2023-12-09T16:22:34+00:00\",\"description\":\"Rolex Datejust 36mm Demi Rose Gold 126281RBR Mop Diamond c\u00f3 m\u1eb7t s\u1ed1 kh\u1ea3m trai m\u00e0u tr\u1eafng c\u00f9ng v\u1edbi nh\u1eefng vi\u00ean kim c\u01b0\u01a1ng l\u1ea5p l\u00e1nh t\u1ea1i v\u1ea1ch ch\u1ec9 gi\u1edd.\",\"breadcrumb\":{\"@id\":\"https:\/\/nishiki-cycle.com\/demo\/san-pham\/rolex-datejust-36mm-demi-rose-gold-126281rbr-mop-diamond\/#breadcrumb\"},\"inLanguage\":\"vi\",\"potentialAction\":[{\"@type\":\"ReadAction\",\"target\":[\"https:\/\/nishiki-cycle.com\/demo\/san-pham\/rolex-datejust-36mm-demi-rose-gold-126281rbr-mop-diamond\/\"]}]},{\"@type\":\"BreadcrumbList\",\"@id\":\"https:\/\/nishiki-cycle.com\/demo\/san-pham\/rolex-datejust-36mm-demi-rose-gold-126281rbr-mop-diamond\/#breadcrumb\",\"itemListElement\":[{\"@type\":\"ListItem\",\"position\":1,\"name\":\"Trang ch\u1ee7\",\"item\":\"https:\/\/nishiki-cycle.com\/demo\/\"},{\"@type\":\"ListItem\",\"position\":2,\"name\":\"C\u1eeda h\u00e0ng\",\"item\":\"https:\/\/nishiki-cycle.com\/demo\/cua-hang\/\"},{\"@type\":\"ListItem\",\"position\":3,\"name\":\"ROLEX DATEJUST 36MM DEMI ROSE GOLD 126281RBR MOP DIAMOND\"}]},{\"@type\":\"WebSite\",\"@id\":\"https:\/\/nishiki-cycle.com\/demo\/#website\",\"url\":\"https:\/\/nishiki-cycle.com\/demo\/\",\"name\":\"Phoenix Luxury\",\"description\":\"\",\"potentialAction\":[{\"@type\":\"SearchAction\",\"target\":{\"@type\":\"EntryPoint\",\"urlTemplate\":\"https:\/\/nishiki-cycle.com\/demo\/?s={search_term_string}\"},\"query-input\":\"required name=search_term_string\"}],\"inLanguage\":\"vi\"}]}<\/script>\n<!-- \/ Yoast SEO plugin. -->","yoast_head_json":{"title":"Rolex Datejust 36mm Demi Rose Gold 126281rbr Mop Diamond - Phoenix Luxury","description":"Rolex Datejust 36mm Demi Rose Gold 126281RBR Mop Diamond c\u00f3 m\u1eb7t s\u1ed1 kh\u1ea3m trai m\u00e0u tr\u1eafng c\u00f9ng v\u1edbi nh\u1eefng vi\u00ean kim c\u01b0\u01a1ng l\u1ea5p l\u00e1nh t\u1ea1i v\u1ea1ch ch\u1ec9 gi\u1edd.","robots":{"index":"index","follow":"follow","max-snippet":"max-snippet:-1","max-image-preview":"max-image-preview:large","max-video-preview":"max-video-preview:-1"},"canonical":"https:\/\/nishiki-cycle.com\/demo\/san-pham\/rolex-datejust-36mm-demi-rose-gold-126281rbr-mop-diamond\/","og_locale":"vi_VN","og_type":"article","og_title":"Rolex Datejust 36mm Demi Rose Gold 126281rbr Mop Diamond - Phoenix Luxury","og_description":"Rolex Datejust 36mm Demi Rose Gold 126281RBR Mop Diamond c\u00f3 m\u1eb7t s\u1ed1 kh\u1ea3m trai m\u00e0u tr\u1eafng c\u00f9ng v\u1edbi nh\u1eefng vi\u00ean kim c\u01b0\u01a1ng l\u1ea5p l\u00e1nh t\u1ea1i v\u1ea1ch ch\u1ec9 gi\u1edd.","og_url":"https:\/\/nishiki-cycle.com\/demo\/san-pham\/rolex-datejust-36mm-demi-rose-gold-126281rbr-mop-diamond\/","og_site_name":"Phoenix Luxury","article_modified_time":"2023-12-09T16:22:34+00:00","og_image":[{"width":900,"height":900,"url":"https:\/\/nishiki-cycle.com\/demo\/wp-content\/uploads\/2023\/11\/ROLEX-DATEJUST-36MM-DEMI-ROSE-GOLD-126281RBR-MOP-DIAMOND.png","type":"image\/png"}],"twitter_card":"summary_large_image","twitter_misc":{"\u01af\u1edbc t\u00ednh th\u1eddi gian \u0111\u1ecdc":"2 ph\u00fat"},"schema":{"@context":"https:\/\/schema.org","@graph":[{"@type":"WebPage","@id":"https:\/\/nishiki-cycle.com\/demo\/san-pham\/rolex-datejust-36mm-demi-rose-gold-126281rbr-mop-diamond\/","url":"https:\/\/nishiki-cycle.com\/demo\/san-pham\/rolex-datejust-36mm-demi-rose-gold-126281rbr-mop-diamond\/","name":"Rolex Datejust 36mm Demi Rose Gold 126281rbr Mop Diamond - Phoenix Luxury","isPartOf":{"@id":"https:\/\/nishiki-cycle.com\/demo\/#website"},"datePublished":"2023-11-04T15:33:19+00:00","dateModified":"2023-12-09T16:22:34+00:00","description":"Rolex Datejust 36mm Demi Rose Gold 126281RBR Mop Diamond c\u00f3 m\u1eb7t s\u1ed1 kh\u1ea3m trai m\u00e0u tr\u1eafng c\u00f9ng v\u1edbi nh\u1eefng vi\u00ean kim c\u01b0\u01a1ng l\u1ea5p l\u00e1nh t\u1ea1i v\u1ea1ch ch\u1ec9 gi\u1edd.","breadcrumb":{"@id":"https:\/\/nishiki-cycle.com\/demo\/san-pham\/rolex-datejust-36mm-demi-rose-gold-126281rbr-mop-diamond\/#breadcrumb"},"inLanguage":"vi","potentialAction":[{"@type":"ReadAction","target":["https:\/\/nishiki-cycle.com\/demo\/san-pham\/rolex-datejust-36mm-demi-rose-gold-126281rbr-mop-diamond\/"]}]},{"@type":"BreadcrumbList","@id":"https:\/\/nishiki-cycle.com\/demo\/san-pham\/rolex-datejust-36mm-demi-rose-gold-126281rbr-mop-diamond\/#breadcrumb","itemListElement":[{"@type":"ListItem","position":1,"name":"Trang ch\u1ee7","item":"https:\/\/nishiki-cycle.com\/demo\/"},{"@type":"ListItem","position":2,"name":"C\u1eeda h\u00e0ng","item":"https:\/\/nishiki-cycle.com\/demo\/cua-hang\/"},{"@type":"ListItem","position":3,"name":"ROLEX DATEJUST 36MM DEMI ROSE GOLD 126281RBR MOP DIAMOND"}]},{"@type":"WebSite","@id":"https:\/\/nishiki-cycle.com\/demo\/#website","url":"https:\/\/nishiki-cycle.com\/demo\/","name":"Phoenix Luxury","description":"","potentialAction":[{"@type":"SearchAction","target":{"@type":"EntryPoint","urlTemplate":"https:\/\/nishiki-cycle.com\/demo\/?s={search_term_string}"},"query-input":"required name=search_term_string"}],"inLanguage":"vi"}]}},"_links":{"self":[{"href":"https:\/\/nishiki-cycle.com\/demo\/wp-json\/wp\/v2\/product\/10132","targetHints":{"allow":["GET"]}}],"collection":[{"href":"https:\/\/nishiki-cycle.com\/demo\/wp-json\/wp\/v2\/product"}],"about":[{"href":"https:\/\/nishiki-cycle.com\/demo\/wp-json\/wp\/v2\/types\/product"}],"replies":[{"embeddable":true,"href":"https:\/\/nishiki-cycle.com\/demo\/wp-json\/wp\/v2\/comments?post=10132"}],"wp:featuredmedia":[{"embeddable":true,"href":"https:\/\/nishiki-cycle.com\/demo\/wp-json\/wp\/v2\/media\/10727"}],"wp:attachment":[{"href":"https:\/\/nishiki-cycle.com\/demo\/wp-json\/wp\/v2\/media?parent=10132"}],"wp:term":[{"taxonomy":"product_cat","embeddable":true,"href":"https:\/\/nishiki-cycle.com\/demo\/wp-json\/wp\/v2\/product_cat?post=10132"},{"taxonomy":"product_tag","embeddable":true,"href":"https:\/\/nishiki-cycle.com\/demo\/wp-json\/wp\/v2\/product_tag?post=10132"}],"curies":[{"name":"wp","href":"https:\/\/api.w.org\/{rel}","templated":true}]}}