{"id":10220,"date":"2023-11-06T12:42:21","date_gmt":"2023-11-06T12:42:21","guid":{"rendered":"https:\/\/nishiki-cycle.com\/demo\/?post_type=product&#038;p=10220"},"modified":"2023-12-09T16:19:12","modified_gmt":"2023-12-09T16:19:12","slug":"hublot-classic-fusion-titanium-pave-diamonds-33mm","status":"publish","type":"product","link":"https:\/\/nishiki-cycle.com\/demo\/san-pham\/hublot-classic-fusion-titanium-pave-diamonds-33mm\/","title":{"rendered":"Hublot Classic Fusion Titanium Pave Diamonds 33mm"},"content":{"rendered":"<p><img fetchpriority=\"high\" decoding=\"async\" class=\"size-medium wp-image-10221 aligncenter\" src=\"https:\/\/nishiki-cycle.com\/demo\/wp-content\/uploads\/2023\/11\/HUBLOT-CLASSIC-FUSION-TITANIUM-PAVE-DIAMONDS-33MM-300x300.jpg\" alt=\"\" width=\"300\" height=\"300\" srcset=\"https:\/\/nishiki-cycle.com\/demo\/wp-content\/uploads\/2023\/11\/HUBLOT-CLASSIC-FUSION-TITANIUM-PAVE-DIAMONDS-33MM-300x300.jpg 300w, https:\/\/nishiki-cycle.com\/demo\/wp-content\/uploads\/2023\/11\/HUBLOT-CLASSIC-FUSION-TITANIUM-PAVE-DIAMONDS-33MM-150x150.jpg 150w, https:\/\/nishiki-cycle.com\/demo\/wp-content\/uploads\/2023\/11\/HUBLOT-CLASSIC-FUSION-TITANIUM-PAVE-DIAMONDS-33MM-768x768.jpg 768w, https:\/\/nishiki-cycle.com\/demo\/wp-content\/uploads\/2023\/11\/HUBLOT-CLASSIC-FUSION-TITANIUM-PAVE-DIAMONDS-33MM-600x600.jpg 600w, https:\/\/nishiki-cycle.com\/demo\/wp-content\/uploads\/2023\/11\/HUBLOT-CLASSIC-FUSION-TITANIUM-PAVE-DIAMONDS-33MM-100x100.jpg 100w, https:\/\/nishiki-cycle.com\/demo\/wp-content\/uploads\/2023\/11\/HUBLOT-CLASSIC-FUSION-TITANIUM-PAVE-DIAMONDS-33MM.jpg 1000w\" sizes=\"(max-width: 300px) 100vw, 300px\" \/><\/p>\n<p>Hublot Classic Fusion Titanium Pave Diamonds 33mm l\u00e0 m\u1ed9t trong nh\u1eefng phi\u00ean b\u1ea3n n\u1eb1m trong b\u1ed9 s\u01b0u t\u1eadp Classic Fusion kh\u00e1 n\u1ed5i b\u1eadt v\u00e0 chi\u1ebfm \u0111\u01b0\u1ee3c c\u1ea3m t\u00ecnh c\u1ee7a ng\u01b0\u1eddi y\u00eau th\u00edch th\u01b0\u01a1ng hi\u1ec7u \u0111\u1ed3ng h\u1ed3 Hublot ch\u00ednh h\u00e3ng. Phi\u00ean b\u1ea3n n\u00e0y \u0111\u01b0\u1ee3c h\u00e3ng ch\u1ebf t\u00e1c trong ch\u1ea5t li\u1ec7u v\u1ecf b\u1eb1ng Titanium c\u00f3 k\u00edch th\u01b0\u1edbc v\u1ecf 33mm, \u0111\u01b0\u1ee3c \u0111\u00e1nh gi\u00e1 l\u00e0 ph\u00f9 h\u1ee3p v\u1edbi ph\u00e1i \u0111\u1eb9p.<\/p>\n<p>\u0110\u01b0\u1ee3c thi\u1ebft k\u1ebf \u0111\u1eadm ch\u1ea5t th\u1ec3 thao nh\u01b0ng c\u0169ng kh\u00f4ng k\u00e9m ph\u1ea7n thanh l\u1ecbch, phi\u00ean b\u1ea3n Hublot Classic Fusion Titanium Pave Diamonds 33mm \u0111\u01b0\u1ee3c \u0111\u00e1nh gi\u00e1 c\u00f3 \u0111\u1ed9 ph\u1ee7 l\u1edbn \u0111\u1ebfn nh\u1eefng qu\u00fd c\u00f4 l\u1ecbch l\u00e3m, c\u00f3 gu n\u0103ng \u0111\u1ed9ng, c\u00e1 t\u00ednh. Ng\u01b0\u1eddi \u0111eo kh\u00e1 l\u00e0 tho\u1ea3i m\u00e1i trong ph\u1ed1i \u0111\u1ed3 khi thi\u1ebft k\u1ebf \u0111i k\u00e8m \u1edf phi\u00ean b\u1ea3n n\u00e0y l\u00e0 d\u00e2y da cao su, m\u1ed9t trong nh\u1eefng \u0111\u1eb7c \u0111i\u1ec3m truy\u1ec1n th\u1ed1ng \u1edf th\u01b0\u01a1ng hi\u1ec7u n\u00e0y.<\/p>\n<p>Ch\u1ea5t li\u1ec7u v\u1ecf\u00a0Titanium \u0111\u01b0\u1ee3c kh\u1ea3m\u00a0114 vi\u00ean kim c\u01b0\u01a1ng v\u00f4 c\u00f9ng l\u1ea5p l\u00e1nh,\u00a0v\u00e0nh bezel thi\u1ebft k\u1ebf n\u1ed5i b\u1eadt v\u1edbi 6 v\u00edt c\u00e2n \u0111\u1ed1i, mang \u0111\u1ebfn c\u1ea3m nh\u1eadn ch\u1eafc kh\u1ecfe cho chi\u1ebfc \u0111\u1ed3ng h\u1ed3, \u0111i\u1ec3m nh\u1eadn di\u1ec7n \u0111\u1eb7c tr\u01b0ng c\u1ee7a nh\u1eefng m\u1eabu \u0111\u1ed3ng h\u1ed3. \u0110\u1ec3 t\u1ea1o \u0111i\u1ec3m nh\u1ea5n Hublot \u0111\u00e3 \u0111\u00ednh th\u00eam 36 vi\u00ean kim c\u01b0\u01a1ng. N\u00fam ch\u1ec9nh gi\u1edd b\u00ean h\u00f4ng \u0111\u01b0\u1ee3c kh\u00eda r\u00e3nh gi\u00fap thao t\u00e1c ch\u1ec9nh gi\u1edd d\u1ec5 d\u00e0ng, m\u1eb7t tr\u00ean n\u00fam c\u00f2n c\u00f3 in logo th\u01b0\u01a1ng hi\u1ec7u Hublot.<\/p>\n<p>Ph\u1ea7n m\u1eb7t m\u00e0u \u0111en t\u0103ng th\u00eam ph\u1ea7n \u0111\u1eb7c bi\u1ec7t cho m\u1eabu \u0111\u1ed3ng h\u1ed3 n\u1eef n\u00e0y. B\u1ed5 sung cho v\u1ebb \u0111\u1eb9p c\u1ee7a chi\u1ebfc Hublot Classic Fusion Titanium Pave Diamonds 33mm l\u00e0 b\u1ed9 m\u00e1y HUB1120 \u0111\u1eadp b\u1ec1n b\u1ec9 b\u00ean trong l\u1edbp v\u1ecf. B\u1ed9 m\u00e1y t\u1ef1 \u0111\u1ed9ng HUB 1120, bao g\u1ed3m 65 chi ti\u1ebft, 18 ch\u00e2n k\u00ednh, t\u1ea7n s\u1ed1 dao \u0111\u1ed9ng 4Hz, c\u00f3 th\u1ec3 cung c\u1ea5p n\u0103ng l\u01b0\u1ee3ng cho \u0111\u1ed3ng h\u1ed3 v\u1eadn h\u00e0nh trong kho\u1ea3ng 42gi\u1edd \u0111\u1ed3ng h\u1ed3 khi \u0111\u01b0\u1ee3c l\u00ean c\u00f3t \u0111\u1ea7y \u0111\u1ee7.<\/p>\n","protected":false},"excerpt":{"rendered":"<ul class=\"list-unstyled\">\n<li><strong>T\u00ecnh tr\u1ea1ng :<\/strong>\u00a0\u0110ang c\u00f2n h\u00e0ng<\/li>\n<li><strong>H\u00e3ng s\u1ea3n xu\u1ea5t :<\/strong>\u00a0Hublot<\/li>\n<li><strong>Nam\/N\u1eef :<\/strong>\u00a0Nam\/N\u1eef<\/li>\n<li><strong>C\u01a1 ch\u1ebf m\u00e1y :<\/strong>\u00a0Automatic<\/li>\n<li><strong>K\u00edch th\u01b0\u1edbc :<\/strong>\u00a033mm<\/li>\n<li><strong>Ch\u1ee9c n\u0103ng :<\/strong>\u00a0Quartz<\/li>\n<li><strong>D\u00e2y \u0111eo :<\/strong>\u00a0Rubber<\/li>\n<li><strong>T\u00ecnh tr\u1ea1ng :<\/strong>\u00a0Brand New<\/li>\n<li><strong>Phong c\u00e1ch :<\/strong>\u00a0Classic<\/li>\n<li><strong>M\u1eb7t \u0111\u1ed3ng h\u1ed3 :<\/strong>\u00a0Sapphire<\/li>\n<li><strong>Kh\u1ea3 n\u0103ng ch\u1ed1ng n\u01b0\u1edbc :<\/strong>\u00a05 ATM<\/li>\n<li><strong>Ch\u1ea5t li\u1ec7u v\u1ecf :<\/strong>\u00a0Titanium<\/li>\n<\/ul>\n","protected":false},"featured_media":10221,"comment_status":"open","ping_status":"closed","template":"","meta":[],"product_cat":[195,320],"product_tag":[],"class_list":["post-10220","product","type-product","status-publish","has-post-thumbnail","hentry","product_cat-mens-watches","product_cat-hublot","product_brand-hublot"],"yoast_head":"<!-- This site is optimized with the Yoast SEO plugin v21.6 - https:\/\/yoast.com\/wordpress\/plugins\/seo\/ -->\n<title>Hublot Classic Fusion Titanium Pave Diamonds 33mm - Phoenix Luxury<\/title>\n<meta name=\"description\" content=\"Hublot Classic Fusion Titanium Pave Diamonds \u0111\u01b0\u1ee3c l\u00e0m t\u1eeb v\u1ecf\u00a0Titanium kh\u1ea3m\u00a0114 vi\u00ean kim c\u01b0\u01a1ng v\u00f4 c\u00f9ng l\u1ea5p l\u00e1nh,\u00a0v\u00e0nh bezel thi\u1ebft k\u1ebf n\u1ed5i b\u1eadt v\u1edbi 6 v\u00edt c\u00e2n \u0111\u1ed1i\" \/>\n<meta name=\"robots\" content=\"index, follow, max-snippet:-1, max-image-preview:large, max-video-preview:-1\" \/>\n<link rel=\"canonical\" href=\"https:\/\/nishiki-cycle.com\/demo\/san-pham\/hublot-classic-fusion-titanium-pave-diamonds-33mm\/\" \/>\n<meta property=\"og:locale\" content=\"vi_VN\" \/>\n<meta property=\"og:type\" content=\"article\" \/>\n<meta property=\"og:title\" content=\"Hublot Classic Fusion Titanium Pave Diamonds 33mm - Phoenix Luxury\" \/>\n<meta property=\"og:description\" content=\"Hublot Classic Fusion Titanium Pave Diamonds \u0111\u01b0\u1ee3c l\u00e0m t\u1eeb v\u1ecf\u00a0Titanium kh\u1ea3m\u00a0114 vi\u00ean kim c\u01b0\u01a1ng v\u00f4 c\u00f9ng l\u1ea5p l\u00e1nh,\u00a0v\u00e0nh bezel thi\u1ebft k\u1ebf n\u1ed5i b\u1eadt v\u1edbi 6 v\u00edt c\u00e2n \u0111\u1ed1i\" \/>\n<meta property=\"og:url\" content=\"https:\/\/nishiki-cycle.com\/demo\/san-pham\/hublot-classic-fusion-titanium-pave-diamonds-33mm\/\" \/>\n<meta property=\"og:site_name\" content=\"Phoenix Luxury\" \/>\n<meta property=\"article:modified_time\" content=\"2023-12-09T16:19:12+00:00\" \/>\n<meta property=\"og:image\" content=\"https:\/\/nishiki-cycle.com\/demo\/wp-content\/uploads\/2023\/11\/HUBLOT-CLASSIC-FUSION-TITANIUM-PAVE-DIAMONDS-33MM.jpg\" \/>\n\t<meta property=\"og:image:width\" content=\"1000\" \/>\n\t<meta property=\"og:image:height\" content=\"1000\" \/>\n\t<meta property=\"og:image:type\" content=\"image\/jpeg\" \/>\n<meta name=\"twitter:card\" content=\"summary_large_image\" \/>\n<meta name=\"twitter:label1\" content=\"\u01af\u1edbc t\u00ednh th\u1eddi gian \u0111\u1ecdc\" \/>\n\t<meta name=\"twitter:data1\" content=\"2 ph\u00fat\" \/>\n<script type=\"application\/ld+json\" class=\"yoast-schema-graph\">{\"@context\":\"https:\/\/schema.org\",\"@graph\":[{\"@type\":\"WebPage\",\"@id\":\"https:\/\/nishiki-cycle.com\/demo\/san-pham\/hublot-classic-fusion-titanium-pave-diamonds-33mm\/\",\"url\":\"https:\/\/nishiki-cycle.com\/demo\/san-pham\/hublot-classic-fusion-titanium-pave-diamonds-33mm\/\",\"name\":\"Hublot Classic Fusion Titanium Pave Diamonds 33mm - Phoenix Luxury\",\"isPartOf\":{\"@id\":\"https:\/\/nishiki-cycle.com\/demo\/#website\"},\"datePublished\":\"2023-11-06T12:42:21+00:00\",\"dateModified\":\"2023-12-09T16:19:12+00:00\",\"description\":\"Hublot Classic Fusion Titanium Pave Diamonds \u0111\u01b0\u1ee3c l\u00e0m t\u1eeb v\u1ecf\u00a0Titanium kh\u1ea3m\u00a0114 vi\u00ean kim c\u01b0\u01a1ng v\u00f4 c\u00f9ng l\u1ea5p l\u00e1nh,\u00a0v\u00e0nh bezel thi\u1ebft k\u1ebf n\u1ed5i b\u1eadt v\u1edbi 6 v\u00edt c\u00e2n \u0111\u1ed1i\",\"breadcrumb\":{\"@id\":\"https:\/\/nishiki-cycle.com\/demo\/san-pham\/hublot-classic-fusion-titanium-pave-diamonds-33mm\/#breadcrumb\"},\"inLanguage\":\"vi\",\"potentialAction\":[{\"@type\":\"ReadAction\",\"target\":[\"https:\/\/nishiki-cycle.com\/demo\/san-pham\/hublot-classic-fusion-titanium-pave-diamonds-33mm\/\"]}]},{\"@type\":\"BreadcrumbList\",\"@id\":\"https:\/\/nishiki-cycle.com\/demo\/san-pham\/hublot-classic-fusion-titanium-pave-diamonds-33mm\/#breadcrumb\",\"itemListElement\":[{\"@type\":\"ListItem\",\"position\":1,\"name\":\"Trang ch\u1ee7\",\"item\":\"https:\/\/nishiki-cycle.com\/demo\/\"},{\"@type\":\"ListItem\",\"position\":2,\"name\":\"C\u1eeda h\u00e0ng\",\"item\":\"https:\/\/nishiki-cycle.com\/demo\/cua-hang\/\"},{\"@type\":\"ListItem\",\"position\":3,\"name\":\"HUBLOT CLASSIC FUSION TITANIUM PAVE DIAMONDS 33MM\"}]},{\"@type\":\"WebSite\",\"@id\":\"https:\/\/nishiki-cycle.com\/demo\/#website\",\"url\":\"https:\/\/nishiki-cycle.com\/demo\/\",\"name\":\"Phoenix Luxury\",\"description\":\"\",\"potentialAction\":[{\"@type\":\"SearchAction\",\"target\":{\"@type\":\"EntryPoint\",\"urlTemplate\":\"https:\/\/nishiki-cycle.com\/demo\/?s={search_term_string}\"},\"query-input\":\"required name=search_term_string\"}],\"inLanguage\":\"vi\"}]}<\/script>\n<!-- \/ Yoast SEO plugin. -->","yoast_head_json":{"title":"Hublot Classic Fusion Titanium Pave Diamonds 33mm - Phoenix Luxury","description":"Hublot Classic Fusion Titanium Pave Diamonds \u0111\u01b0\u1ee3c l\u00e0m t\u1eeb v\u1ecf\u00a0Titanium kh\u1ea3m\u00a0114 vi\u00ean kim c\u01b0\u01a1ng v\u00f4 c\u00f9ng l\u1ea5p l\u00e1nh,\u00a0v\u00e0nh bezel thi\u1ebft k\u1ebf n\u1ed5i b\u1eadt v\u1edbi 6 v\u00edt c\u00e2n \u0111\u1ed1i","robots":{"index":"index","follow":"follow","max-snippet":"max-snippet:-1","max-image-preview":"max-image-preview:large","max-video-preview":"max-video-preview:-1"},"canonical":"https:\/\/nishiki-cycle.com\/demo\/san-pham\/hublot-classic-fusion-titanium-pave-diamonds-33mm\/","og_locale":"vi_VN","og_type":"article","og_title":"Hublot Classic Fusion Titanium Pave Diamonds 33mm - Phoenix Luxury","og_description":"Hublot Classic Fusion Titanium Pave Diamonds \u0111\u01b0\u1ee3c l\u00e0m t\u1eeb v\u1ecf\u00a0Titanium kh\u1ea3m\u00a0114 vi\u00ean kim c\u01b0\u01a1ng v\u00f4 c\u00f9ng l\u1ea5p l\u00e1nh,\u00a0v\u00e0nh bezel thi\u1ebft k\u1ebf n\u1ed5i b\u1eadt v\u1edbi 6 v\u00edt c\u00e2n \u0111\u1ed1i","og_url":"https:\/\/nishiki-cycle.com\/demo\/san-pham\/hublot-classic-fusion-titanium-pave-diamonds-33mm\/","og_site_name":"Phoenix Luxury","article_modified_time":"2023-12-09T16:19:12+00:00","og_image":[{"width":1000,"height":1000,"url":"https:\/\/nishiki-cycle.com\/demo\/wp-content\/uploads\/2023\/11\/HUBLOT-CLASSIC-FUSION-TITANIUM-PAVE-DIAMONDS-33MM.jpg","type":"image\/jpeg"}],"twitter_card":"summary_large_image","twitter_misc":{"\u01af\u1edbc t\u00ednh th\u1eddi gian \u0111\u1ecdc":"2 ph\u00fat"},"schema":{"@context":"https:\/\/schema.org","@graph":[{"@type":"WebPage","@id":"https:\/\/nishiki-cycle.com\/demo\/san-pham\/hublot-classic-fusion-titanium-pave-diamonds-33mm\/","url":"https:\/\/nishiki-cycle.com\/demo\/san-pham\/hublot-classic-fusion-titanium-pave-diamonds-33mm\/","name":"Hublot Classic Fusion Titanium Pave Diamonds 33mm - Phoenix Luxury","isPartOf":{"@id":"https:\/\/nishiki-cycle.com\/demo\/#website"},"datePublished":"2023-11-06T12:42:21+00:00","dateModified":"2023-12-09T16:19:12+00:00","description":"Hublot Classic Fusion Titanium Pave Diamonds \u0111\u01b0\u1ee3c l\u00e0m t\u1eeb v\u1ecf\u00a0Titanium kh\u1ea3m\u00a0114 vi\u00ean kim c\u01b0\u01a1ng v\u00f4 c\u00f9ng l\u1ea5p l\u00e1nh,\u00a0v\u00e0nh bezel thi\u1ebft k\u1ebf n\u1ed5i b\u1eadt v\u1edbi 6 v\u00edt c\u00e2n \u0111\u1ed1i","breadcrumb":{"@id":"https:\/\/nishiki-cycle.com\/demo\/san-pham\/hublot-classic-fusion-titanium-pave-diamonds-33mm\/#breadcrumb"},"inLanguage":"vi","potentialAction":[{"@type":"ReadAction","target":["https:\/\/nishiki-cycle.com\/demo\/san-pham\/hublot-classic-fusion-titanium-pave-diamonds-33mm\/"]}]},{"@type":"BreadcrumbList","@id":"https:\/\/nishiki-cycle.com\/demo\/san-pham\/hublot-classic-fusion-titanium-pave-diamonds-33mm\/#breadcrumb","itemListElement":[{"@type":"ListItem","position":1,"name":"Trang ch\u1ee7","item":"https:\/\/nishiki-cycle.com\/demo\/"},{"@type":"ListItem","position":2,"name":"C\u1eeda h\u00e0ng","item":"https:\/\/nishiki-cycle.com\/demo\/cua-hang\/"},{"@type":"ListItem","position":3,"name":"HUBLOT CLASSIC FUSION TITANIUM PAVE DIAMONDS 33MM"}]},{"@type":"WebSite","@id":"https:\/\/nishiki-cycle.com\/demo\/#website","url":"https:\/\/nishiki-cycle.com\/demo\/","name":"Phoenix Luxury","description":"","potentialAction":[{"@type":"SearchAction","target":{"@type":"EntryPoint","urlTemplate":"https:\/\/nishiki-cycle.com\/demo\/?s={search_term_string}"},"query-input":"required name=search_term_string"}],"inLanguage":"vi"}]}},"_links":{"self":[{"href":"https:\/\/nishiki-cycle.com\/demo\/wp-json\/wp\/v2\/product\/10220","targetHints":{"allow":["GET"]}}],"collection":[{"href":"https:\/\/nishiki-cycle.com\/demo\/wp-json\/wp\/v2\/product"}],"about":[{"href":"https:\/\/nishiki-cycle.com\/demo\/wp-json\/wp\/v2\/types\/product"}],"replies":[{"embeddable":true,"href":"https:\/\/nishiki-cycle.com\/demo\/wp-json\/wp\/v2\/comments?post=10220"}],"wp:featuredmedia":[{"embeddable":true,"href":"https:\/\/nishiki-cycle.com\/demo\/wp-json\/wp\/v2\/media\/10221"}],"wp:attachment":[{"href":"https:\/\/nishiki-cycle.com\/demo\/wp-json\/wp\/v2\/media?parent=10220"}],"wp:term":[{"taxonomy":"product_cat","embeddable":true,"href":"https:\/\/nishiki-cycle.com\/demo\/wp-json\/wp\/v2\/product_cat?post=10220"},{"taxonomy":"product_tag","embeddable":true,"href":"https:\/\/nishiki-cycle.com\/demo\/wp-json\/wp\/v2\/product_tag?post=10220"}],"curies":[{"name":"wp","href":"https:\/\/api.w.org\/{rel}","templated":true}]}}