{"id":10227,"date":"2023-11-06T12:49:29","date_gmt":"2023-11-06T12:49:29","guid":{"rendered":"https:\/\/nishiki-cycle.com\/demo\/?post_type=product&#038;p=10227"},"modified":"2023-12-09T16:18:59","modified_gmt":"2023-12-09T16:18:59","slug":"hublot-classic-fusion-navy-42mm-bezel-diamond","status":"publish","type":"product","link":"https:\/\/nishiki-cycle.com\/demo\/san-pham\/hublot-classic-fusion-navy-42mm-bezel-diamond\/","title":{"rendered":"Hublot Classic Fusion Navy 42mm Bezel Diamond"},"content":{"rendered":"<p><img fetchpriority=\"high\" decoding=\"async\" class=\"size-medium wp-image-10228 aligncenter\" src=\"https:\/\/nishiki-cycle.com\/demo\/wp-content\/uploads\/2023\/11\/HUBLOT-CLASSIC-FUSION-NAVY-42MM-BEZEL-DIAMOND-225x300.jpg\" alt=\"\" width=\"225\" height=\"300\" srcset=\"https:\/\/nishiki-cycle.com\/demo\/wp-content\/uploads\/2023\/11\/HUBLOT-CLASSIC-FUSION-NAVY-42MM-BEZEL-DIAMOND-225x300.jpg 225w, https:\/\/nishiki-cycle.com\/demo\/wp-content\/uploads\/2023\/11\/HUBLOT-CLASSIC-FUSION-NAVY-42MM-BEZEL-DIAMOND.jpg 600w\" sizes=\"(max-width: 225px) 100vw, 225px\" \/><\/p>\n<p>Hublot Classic Fusion Navy 42mm Bezel Diamond s\u1edf h\u1eefu m\u1eb7t s\u1ed1 tr\u00f2n xanh navy k\u1ebft c\u1ea5u kh\u00e1 \u0111\u01a1n gi\u1ea3n v\u1edbi tia ch\u1ec9 gi\u1edd, kim \u0111\u1ed3ng h\u1ed3 ch\u1ea1m kh\u1eafc \u201capplique\u201d \u201c\u0111\u1ed9c quy\u1ec1n\u201d c\u1ee7a \u0111\u1ed3ng h\u1ed3 Hublot. M\u1eb7t s\u1ed1 ph\u1ee5 ch\u1ec9 ng\u00e0y t\u1ea1i v\u1ecb tr\u00ed 3h c\u0169ng \u0111\u00e3 g\u00f3p ph\u1ea7n l\u00e0m cho chi\u1ebfc \u0111\u1ed3ng h\u1ed3 c\u1ee7a ch\u00fang ta tr\u1edf n\u00ean sang tr\u1ecdng, \u0111\u1eb3ng c\u1ea5p h\u01a1n r\u1ea5t nhi\u1ec1u. B\u1ea3o v\u1ec7 tr\u1ecdn v\u1eb9n cho m\u1eb7t s\u1ed1 l\u00e0 hai m\u1eb7t k\u00ednh sapphire s\u1eafc n\u00e9t, ph\u1ed1i h\u1ee3p c\u00f9ng v\u00e0nh bezel 6 \u0111inh \u1ed1c quen thu\u1ed9c, t\u1ea1o th\u00e0nh b\u1ed9 v\u1ecf ch\u1ed1ng n\u01b0\u1edbc cho chi\u1ebfc \u0111\u1ed3ng h\u1ed3. V\u1edbi nh\u1eefng n\u00e9t n\u1ed5i b\u1eadt t\u1eeb ch\u1ea5t li\u1ec7u, d\u00e2y \u0111eo, m\u1eb7t s\u1ed1 v\u00e0 c\u1ea3 nh\u1eefng chi ti\u1ebft nh\u1ecf nh\u01b0 kh\u00f3a, n\u00fam ch\u1ec9nh gi\u1edd&#8230; t\u1ea5t c\u1ea3 \u0111\u00e3 t\u1ea1o n\u00ean m\u1ed9t v\u1ebb \u0111\u1eb9p ho\u00e0n m\u0129 c\u1ee7a c\u1ed7 m\u00e1y th\u1eddi gian \u0111\u1eb3ng c\u1ea5p n\u00e0y.<\/p>\n<p>Kh\u00f4ng ch\u1ec9 s\u1edf h\u1eefu m\u1ed9t ngo\u1ea1i h\u00ecnh \u0111\u1eb9p, c\u1ed7 m\u00e1y v\u1eadn h\u00e0nh c\u1ee7a chi\u1ebfc \u0111\u1ed3ng h\u1ed3 Hublot n\u00e0y c\u0169ng kh\u00f4ng k\u00e9m ph\u1ea7n m\u1ea1nh m\u1ebd. S\u1eed d\u1ee5ng c\u1ed7 m\u00e1y l\u00ean d\u00e2y t\u1ef1 \u0111\u1ed9ng caliber HUB1110 \u201cth\u1ea7n th\u00e1nh\u201d ch\u1ee9a 21 ch\u00e2n k\u00ednh, t\u1ea7n s\u1ed1 dao \u0111\u1ed9ng \u0111\u1ea1t 28800vph, m\u1ee9c d\u1ef1 tr\u1eef n\u0103ng l\u01b0\u1ee3ng l\u00ean t\u1edbi 42h. Chi\u1ebfc \u0111\u1ed3ng h\u1ed3 c\u00f3 kh\u1ea3 n\u0103ng ho\u1ea1t \u0111\u1ed9ng ch\u00ednh x\u00e1c \u0111\u1ebfn b\u1ea5t ng\u1edd, v\u1edbi sai l\u1ec7ch th\u1eddi gian l\u00e0 kh\u00f4ng \u0111\u00e1ng k\u1ec3. Hublot Classic Fusion Navy 42mm Bezel Diamond l\u00e0 m\u1ed9t thi\u1ebft k\u1ebf \u0111\u01b0\u1ee3c \u0111\u00e1nh gi\u00e1 cao b\u1edfi n\u00f3 th\u1ef1c s\u1ef1 r\u1ea5t ho\u00e0n h\u1ea3o, ho\u00e0n h\u1ea3o t\u1edbi m\u1ee9c t\u1eebng chi ti\u1ebft nh\u1ecf. T\u1ea5t c\u1ea3 \u0111i\u1ec1u \u0111\u00f3 khi\u1ebfn ng\u01b0\u1eddi ta s\u1ebd ch\u1eb3ng th\u1ec3 n\u00e0o r\u1eddi m\u1eaft kh\u1ecfi, v\u00e0 ch\u1eafc ch\u1eafn chi\u1ebfc \u0111\u1ed3ng h\u1ed3 n\u00e0y c\u0169ng s\u1ebd mang \u0111\u1ebfn nhi\u1ec1u h\u01a1n nh\u1eefng \u0111i\u1ec1u m\u00e0 nh\u1eefng ng\u01b0\u1eddi y\u00eau \u0111\u1ed3ng h\u1ed3 k\u00ec v\u1ecdng.<\/p>\n","protected":false},"excerpt":{"rendered":"<ul class=\"list-unstyled\">\n<li><strong>T\u00ecnh tr\u1ea1ng :<\/strong>\u00a0\u0110ang c\u00f2n h\u00e0ng<\/li>\n<li><strong>H\u00e3ng s\u1ea3n xu\u1ea5t :<\/strong>\u00a0Hublot<\/li>\n<li><strong>Nam\/N\u1eef :<\/strong>\u00a0Nam<\/li>\n<li><strong>C\u01a1 ch\u1ebf m\u00e1y :<\/strong>\u00a0Automatic<\/li>\n<li><strong>K\u00edch th\u01b0\u1edbc :<\/strong>\u00a042mm<\/li>\n<li><strong>Ch\u1ee9c n\u0103ng :<\/strong>\u00a0Ng\u00e0y, gi\u1edd, ph\u00fat, gi\u00e2y<\/li>\n<li><strong>D\u00e2y \u0111eo :<\/strong>\u00a0D\u00e2y da c\u00e1 s\u1ea5u<\/li>\n<li><strong>T\u00ecnh tr\u1ea1ng :<\/strong>\u00a0Brand New<\/li>\n<li><strong>Ref :<\/strong>\u00a0542.NX.7170.LR<\/li>\n<li><strong>Phong c\u00e1ch :<\/strong>\u00a0Tr\u1ebb Trung,Hi\u1ec7n \u0110\u1ea1i<\/li>\n<li><strong>D\u1ef1 tr\u1eef c\u00f3t :<\/strong>\u00a042H<\/li>\n<li><strong>M\u1eb7t \u0111\u1ed3ng h\u1ed3 :<\/strong>\u00a0Sapphire<\/li>\n<li><strong>Kh\u1ea3 n\u0103ng ch\u1ed1ng n\u01b0\u1edbc :<\/strong>\u00a05 ATM<\/li>\n<li><strong>Ch\u1ea5t li\u1ec7u v\u1ecf :<\/strong>\u00a0Titanium<\/li>\n<\/ul>\n","protected":false},"featured_media":10717,"comment_status":"open","ping_status":"closed","template":"","meta":[],"product_cat":[195,320],"product_tag":[],"class_list":["post-10227","product","type-product","status-publish","has-post-thumbnail","hentry","product_cat-mens-watches","product_cat-hublot","product_brand-hublot"],"yoast_head":"<!-- This site is optimized with the Yoast SEO plugin v21.6 - https:\/\/yoast.com\/wordpress\/plugins\/seo\/ -->\n<title>Hublot Classic Fusion Navy 42mm Bezel Diamond - Phoenix Luxury<\/title>\n<meta name=\"description\" content=\"Hublot Classic Fusion Navy 42mm Bezel Diamond s\u1edf h\u1eefu m\u1eb7t s\u1ed1 tr\u00f2n xanh navy k\u1ebft c\u1ea5u kh\u00e1 \u0111\u01a1n gi\u1ea3n v\u1edbi tia ch\u1ec9 gi\u1edd, kim \u0111\u1ed3ng h\u1ed3 ch\u1ea1m kh\u1eafc \u201capplique&quot;\" \/>\n<meta name=\"robots\" content=\"index, follow, max-snippet:-1, max-image-preview:large, max-video-preview:-1\" \/>\n<link rel=\"canonical\" href=\"https:\/\/nishiki-cycle.com\/demo\/san-pham\/hublot-classic-fusion-navy-42mm-bezel-diamond\/\" \/>\n<meta property=\"og:locale\" content=\"vi_VN\" \/>\n<meta property=\"og:type\" content=\"article\" \/>\n<meta property=\"og:title\" content=\"Hublot Classic Fusion Navy 42mm Bezel Diamond - Phoenix Luxury\" \/>\n<meta property=\"og:description\" content=\"Hublot Classic Fusion Navy 42mm Bezel Diamond s\u1edf h\u1eefu m\u1eb7t s\u1ed1 tr\u00f2n xanh navy k\u1ebft c\u1ea5u kh\u00e1 \u0111\u01a1n gi\u1ea3n v\u1edbi tia ch\u1ec9 gi\u1edd, kim \u0111\u1ed3ng h\u1ed3 ch\u1ea1m kh\u1eafc \u201capplique&quot;\" \/>\n<meta property=\"og:url\" content=\"https:\/\/nishiki-cycle.com\/demo\/san-pham\/hublot-classic-fusion-navy-42mm-bezel-diamond\/\" \/>\n<meta property=\"og:site_name\" content=\"Phoenix Luxury\" \/>\n<meta property=\"article:modified_time\" content=\"2023-12-09T16:18:59+00:00\" \/>\n<meta property=\"og:image\" content=\"https:\/\/nishiki-cycle.com\/demo\/wp-content\/uploads\/2023\/11\/HUBLOT-CLASSIC-FUSION-NAVY-42MM-BEZEL-DIAMOND.png\" \/>\n\t<meta property=\"og:image:width\" content=\"900\" \/>\n\t<meta property=\"og:image:height\" content=\"900\" \/>\n\t<meta property=\"og:image:type\" content=\"image\/png\" \/>\n<meta name=\"twitter:card\" content=\"summary_large_image\" \/>\n<meta name=\"twitter:label1\" content=\"\u01af\u1edbc t\u00ednh th\u1eddi gian \u0111\u1ecdc\" \/>\n\t<meta name=\"twitter:data1\" content=\"2 ph\u00fat\" \/>\n<script type=\"application\/ld+json\" class=\"yoast-schema-graph\">{\"@context\":\"https:\/\/schema.org\",\"@graph\":[{\"@type\":\"WebPage\",\"@id\":\"https:\/\/nishiki-cycle.com\/demo\/san-pham\/hublot-classic-fusion-navy-42mm-bezel-diamond\/\",\"url\":\"https:\/\/nishiki-cycle.com\/demo\/san-pham\/hublot-classic-fusion-navy-42mm-bezel-diamond\/\",\"name\":\"Hublot Classic Fusion Navy 42mm Bezel Diamond - Phoenix Luxury\",\"isPartOf\":{\"@id\":\"https:\/\/nishiki-cycle.com\/demo\/#website\"},\"datePublished\":\"2023-11-06T12:49:29+00:00\",\"dateModified\":\"2023-12-09T16:18:59+00:00\",\"description\":\"Hublot Classic Fusion Navy 42mm Bezel Diamond s\u1edf h\u1eefu m\u1eb7t s\u1ed1 tr\u00f2n xanh navy k\u1ebft c\u1ea5u kh\u00e1 \u0111\u01a1n gi\u1ea3n v\u1edbi tia ch\u1ec9 gi\u1edd, kim \u0111\u1ed3ng h\u1ed3 ch\u1ea1m kh\u1eafc \u201capplique\\\"\",\"breadcrumb\":{\"@id\":\"https:\/\/nishiki-cycle.com\/demo\/san-pham\/hublot-classic-fusion-navy-42mm-bezel-diamond\/#breadcrumb\"},\"inLanguage\":\"vi\",\"potentialAction\":[{\"@type\":\"ReadAction\",\"target\":[\"https:\/\/nishiki-cycle.com\/demo\/san-pham\/hublot-classic-fusion-navy-42mm-bezel-diamond\/\"]}]},{\"@type\":\"BreadcrumbList\",\"@id\":\"https:\/\/nishiki-cycle.com\/demo\/san-pham\/hublot-classic-fusion-navy-42mm-bezel-diamond\/#breadcrumb\",\"itemListElement\":[{\"@type\":\"ListItem\",\"position\":1,\"name\":\"Trang ch\u1ee7\",\"item\":\"https:\/\/nishiki-cycle.com\/demo\/\"},{\"@type\":\"ListItem\",\"position\":2,\"name\":\"C\u1eeda h\u00e0ng\",\"item\":\"https:\/\/nishiki-cycle.com\/demo\/cua-hang\/\"},{\"@type\":\"ListItem\",\"position\":3,\"name\":\"HUBLOT CLASSIC FUSION NAVY 42MM BEZEL DIAMOND\"}]},{\"@type\":\"WebSite\",\"@id\":\"https:\/\/nishiki-cycle.com\/demo\/#website\",\"url\":\"https:\/\/nishiki-cycle.com\/demo\/\",\"name\":\"Phoenix Luxury\",\"description\":\"\",\"potentialAction\":[{\"@type\":\"SearchAction\",\"target\":{\"@type\":\"EntryPoint\",\"urlTemplate\":\"https:\/\/nishiki-cycle.com\/demo\/?s={search_term_string}\"},\"query-input\":\"required name=search_term_string\"}],\"inLanguage\":\"vi\"}]}<\/script>\n<!-- \/ Yoast SEO plugin. -->","yoast_head_json":{"title":"Hublot Classic Fusion Navy 42mm Bezel Diamond - Phoenix Luxury","description":"Hublot Classic Fusion Navy 42mm Bezel Diamond s\u1edf h\u1eefu m\u1eb7t s\u1ed1 tr\u00f2n xanh navy k\u1ebft c\u1ea5u kh\u00e1 \u0111\u01a1n gi\u1ea3n v\u1edbi tia ch\u1ec9 gi\u1edd, kim \u0111\u1ed3ng h\u1ed3 ch\u1ea1m kh\u1eafc \u201capplique\"","robots":{"index":"index","follow":"follow","max-snippet":"max-snippet:-1","max-image-preview":"max-image-preview:large","max-video-preview":"max-video-preview:-1"},"canonical":"https:\/\/nishiki-cycle.com\/demo\/san-pham\/hublot-classic-fusion-navy-42mm-bezel-diamond\/","og_locale":"vi_VN","og_type":"article","og_title":"Hublot Classic Fusion Navy 42mm Bezel Diamond - Phoenix Luxury","og_description":"Hublot Classic Fusion Navy 42mm Bezel Diamond s\u1edf h\u1eefu m\u1eb7t s\u1ed1 tr\u00f2n xanh navy k\u1ebft c\u1ea5u kh\u00e1 \u0111\u01a1n gi\u1ea3n v\u1edbi tia ch\u1ec9 gi\u1edd, kim \u0111\u1ed3ng h\u1ed3 ch\u1ea1m kh\u1eafc \u201capplique\"","og_url":"https:\/\/nishiki-cycle.com\/demo\/san-pham\/hublot-classic-fusion-navy-42mm-bezel-diamond\/","og_site_name":"Phoenix Luxury","article_modified_time":"2023-12-09T16:18:59+00:00","og_image":[{"width":900,"height":900,"url":"https:\/\/nishiki-cycle.com\/demo\/wp-content\/uploads\/2023\/11\/HUBLOT-CLASSIC-FUSION-NAVY-42MM-BEZEL-DIAMOND.png","type":"image\/png"}],"twitter_card":"summary_large_image","twitter_misc":{"\u01af\u1edbc t\u00ednh th\u1eddi gian \u0111\u1ecdc":"2 ph\u00fat"},"schema":{"@context":"https:\/\/schema.org","@graph":[{"@type":"WebPage","@id":"https:\/\/nishiki-cycle.com\/demo\/san-pham\/hublot-classic-fusion-navy-42mm-bezel-diamond\/","url":"https:\/\/nishiki-cycle.com\/demo\/san-pham\/hublot-classic-fusion-navy-42mm-bezel-diamond\/","name":"Hublot Classic Fusion Navy 42mm Bezel Diamond - Phoenix Luxury","isPartOf":{"@id":"https:\/\/nishiki-cycle.com\/demo\/#website"},"datePublished":"2023-11-06T12:49:29+00:00","dateModified":"2023-12-09T16:18:59+00:00","description":"Hublot Classic Fusion Navy 42mm Bezel Diamond s\u1edf h\u1eefu m\u1eb7t s\u1ed1 tr\u00f2n xanh navy k\u1ebft c\u1ea5u kh\u00e1 \u0111\u01a1n gi\u1ea3n v\u1edbi tia ch\u1ec9 gi\u1edd, kim \u0111\u1ed3ng h\u1ed3 ch\u1ea1m kh\u1eafc \u201capplique\"","breadcrumb":{"@id":"https:\/\/nishiki-cycle.com\/demo\/san-pham\/hublot-classic-fusion-navy-42mm-bezel-diamond\/#breadcrumb"},"inLanguage":"vi","potentialAction":[{"@type":"ReadAction","target":["https:\/\/nishiki-cycle.com\/demo\/san-pham\/hublot-classic-fusion-navy-42mm-bezel-diamond\/"]}]},{"@type":"BreadcrumbList","@id":"https:\/\/nishiki-cycle.com\/demo\/san-pham\/hublot-classic-fusion-navy-42mm-bezel-diamond\/#breadcrumb","itemListElement":[{"@type":"ListItem","position":1,"name":"Trang ch\u1ee7","item":"https:\/\/nishiki-cycle.com\/demo\/"},{"@type":"ListItem","position":2,"name":"C\u1eeda h\u00e0ng","item":"https:\/\/nishiki-cycle.com\/demo\/cua-hang\/"},{"@type":"ListItem","position":3,"name":"HUBLOT CLASSIC FUSION NAVY 42MM BEZEL DIAMOND"}]},{"@type":"WebSite","@id":"https:\/\/nishiki-cycle.com\/demo\/#website","url":"https:\/\/nishiki-cycle.com\/demo\/","name":"Phoenix Luxury","description":"","potentialAction":[{"@type":"SearchAction","target":{"@type":"EntryPoint","urlTemplate":"https:\/\/nishiki-cycle.com\/demo\/?s={search_term_string}"},"query-input":"required name=search_term_string"}],"inLanguage":"vi"}]}},"_links":{"self":[{"href":"https:\/\/nishiki-cycle.com\/demo\/wp-json\/wp\/v2\/product\/10227","targetHints":{"allow":["GET"]}}],"collection":[{"href":"https:\/\/nishiki-cycle.com\/demo\/wp-json\/wp\/v2\/product"}],"about":[{"href":"https:\/\/nishiki-cycle.com\/demo\/wp-json\/wp\/v2\/types\/product"}],"replies":[{"embeddable":true,"href":"https:\/\/nishiki-cycle.com\/demo\/wp-json\/wp\/v2\/comments?post=10227"}],"wp:featuredmedia":[{"embeddable":true,"href":"https:\/\/nishiki-cycle.com\/demo\/wp-json\/wp\/v2\/media\/10717"}],"wp:attachment":[{"href":"https:\/\/nishiki-cycle.com\/demo\/wp-json\/wp\/v2\/media?parent=10227"}],"wp:term":[{"taxonomy":"product_cat","embeddable":true,"href":"https:\/\/nishiki-cycle.com\/demo\/wp-json\/wp\/v2\/product_cat?post=10227"},{"taxonomy":"product_tag","embeddable":true,"href":"https:\/\/nishiki-cycle.com\/demo\/wp-json\/wp\/v2\/product_tag?post=10227"}],"curies":[{"name":"wp","href":"https:\/\/api.w.org\/{rel}","templated":true}]}}