{"id":10249,"date":"2023-11-06T13:15:35","date_gmt":"2023-11-06T13:15:35","guid":{"rendered":"https:\/\/nishiki-cycle.com\/demo\/?post_type=product&#038;p=10249"},"modified":"2023-12-09T16:18:05","modified_gmt":"2023-12-09T16:18:05","slug":"rolex-yacht-master-116655-rose-gold-like-new-2020","status":"publish","type":"product","link":"https:\/\/nishiki-cycle.com\/demo\/san-pham\/rolex-yacht-master-116655-rose-gold-like-new-2020\/","title":{"rendered":"Rolex Yacht Master 116655 Rose Gold Like New 2020"},"content":{"rendered":"<p><img fetchpriority=\"high\" decoding=\"async\" class=\"size-medium wp-image-10250 aligncenter\" src=\"https:\/\/nishiki-cycle.com\/demo\/wp-content\/uploads\/2023\/11\/ROLEX-YACHT-MASTER-116655-ROSE-GOLD-LIKE-NEW-2020-199x300.jpg\" alt=\"\" width=\"199\" height=\"300\" srcset=\"https:\/\/nishiki-cycle.com\/demo\/wp-content\/uploads\/2023\/11\/ROLEX-YACHT-MASTER-116655-ROSE-GOLD-LIKE-NEW-2020-199x300.jpg 199w, https:\/\/nishiki-cycle.com\/demo\/wp-content\/uploads\/2023\/11\/ROLEX-YACHT-MASTER-116655-ROSE-GOLD-LIKE-NEW-2020-678x1024.jpg 678w, https:\/\/nishiki-cycle.com\/demo\/wp-content\/uploads\/2023\/11\/ROLEX-YACHT-MASTER-116655-ROSE-GOLD-LIKE-NEW-2020-120x180.jpg 120w, https:\/\/nishiki-cycle.com\/demo\/wp-content\/uploads\/2023\/11\/ROLEX-YACHT-MASTER-116655-ROSE-GOLD-LIKE-NEW-2020-600x906.jpg 600w, https:\/\/nishiki-cycle.com\/demo\/wp-content\/uploads\/2023\/11\/ROLEX-YACHT-MASTER-116655-ROSE-GOLD-LIKE-NEW-2020.jpg 719w\" sizes=\"(max-width: 199px) 100vw, 199px\" \/><\/p>\n<p>Yacht-Master lu\u00f4n t\u1ed3n t\u1ea1i m\u1ed9t v\u1ecb tr\u00ed nh\u1ea5t \u0111\u1ecbnh trong gia \u0111\u00ecnh \u0111\u1ed3ng h\u1ed3 th\u1ec3 thao Rolex. N\u00f3 \u00a0kh\u00f4ng ph\u1ea3i l\u00e0 m\u1ed9t chi\u1ebfc \u0111\u1ed3ng h\u1ed3 l\u1eb7n chuy\u00ean nghi\u1ec7p ho\u1eb7c m\u1ed9t chi\u1ebfc \u0111\u1ed3ng h\u1ed3 du h\u00e0nh kh\u00f4ng gian. \u0110\u00f3 l\u00e0 m\u1ed9t chi\u1ebfc \u0111\u1ed3ng h\u1ed3 cho nh\u1eefng ng\u01b0\u1eddi \u0111i thuy\u1ec1n. \u0110i\u1ec1u \u0111\u00f3 c\u00f3 ngh\u0129a l\u00e0 kh\u1ea3 n\u0103ng ch\u1ecbu n\u01b0\u1edbc r\u1ea5t cao, nh\u01b0ng v\u1eabn mang phong c\u00e1ch ri\u00eang v\u00e0 to\u00e1t l\u00ean \u0111\u01b0\u1ee3c s\u1ef1 sang tr\u1ecdng. T\u1ea5t c\u1ea3 \u0111i\u1ec1u \u0111\u00f3 \u0111\u00e3 l\u00e0m cho Rolex Yacht Master 116655 Rose Gold tr\u1edf n\u00ean m\u1edbi m\u1ebb h\u01a1n bao gi\u1edd h\u1ebft.<\/p>\n<p>Th\u1ec3 thao, ph\u00f3ng kho\u00e1ng m\u00e0 l\u1ecbch l\u00e3m l\u00e0 \u0111i\u1ec1u m\u00e0 \u0111\u1eadp ngay v\u00e0o m\u1eaft khi \u0111eo tr\u00ean tay chi\u1ebfc \u0111\u1ed3ng h\u1ed3 Rolex Yacht-Master 116655 Rose Gold &#8211; m\u1ed9t phi\u00ean b\u1ea3n \u0111\u1ed3ng h\u1ed3 nam d\u00e0nh ri\u00eang cho c\u00e1c v\u1eadn \u0111\u1ed9ng vi\u00ean \u0111ua thuy\u1ec1n. Xu\u1ea5t hi\u1ec7n trong b\u1ed9 v\u1ecf v\u00e0ng Everose tuy\u1ec7t \u0111\u1eb9p l\u00e0 h\u1ee3p kim \u0111\u1ed9c quy\u1ec1n s\u1ea3n xu\u1ea5t t\u1ea1i x\u01b0\u1edfng \u0111\u00fac ri\u00eang c\u1ee7a h\u00e3ng, v\u1edbi c\u00e1c trang b\u1ecb t\u00e2n ti\u1ebfn nh\u1ea5t c\u1ee7a c\u00f4ng ngh\u1ec7 ch\u1ebf t\u00e1c \u0111\u1ed3ng h\u1ed3 n\u1ed5i ti\u1ebfng b\u1eadc nh\u1ea5t Th\u1ee5y S\u0129, c\u1ed7 m\u00e1y th\u1eddi gian n\u00e0y \u0111\u00e3 g\u00e2y th\u01b0\u01a1ng nh\u1edb cho bi\u1ebft bao t\u00edn \u0111\u1ed3 \u0111\u1ed3ng h\u1ed3.<\/p>\n<p>V\u1eabn nh\u01b0 th\u01b0\u1eddng l\u1ec7, m\u1eb7c d\u00f9 \u0111\u1eadm d\u1ea5u \u1ea5n sportwatch nh\u01b0ng m\u1eabu \u0111\u1ed3ng h\u1ed3 n\u00e0y c\u1ee7a Rolex v\u1eabn \u0111\u01b0\u1ee3c ho\u00e0n thi\u1ec7n v\u1edbi \u0111\u1ed9 th\u1ea9m m\u1ef9 c\u1ef1c k\u1ef3 cao. L\u00e0 s\u1ef1 dung ho\u00e0 c\u1ee7a s\u1eafc \u0111en m\u1ea1nh m\u1ebd chi\u1ebfm tr\u1ecdn v\u00e0nh bezel, d\u00e2y \u0111eo cao su v\u00e0 m\u1eb7t s\u1ed1, c\u1ed9ng h\u01b0\u1edfng s\u1eafc v\u00e0ng h\u1ed3ng \u0111\u1eb3ng c\u1ea5p v\u00e0 nh\u1eefng chi ti\u1ebft nh\u1ecf tr\u00ean m\u1eb7t s\u1ed1 \u0111\u00e3 t\u1ea1o n\u00ean m\u1ed9t t\u1ed5ng th\u1ec3 h\u00e0i h\u00f2a, h\u1ea5p d\u1eabn.<\/p>\n","protected":false},"excerpt":{"rendered":"<ul class=\"list-unstyled\">\n<li><strong>T\u00ecnh tr\u1ea1ng :<\/strong>\u00a0\u0110ang c\u00f2n h\u00e0ng<\/li>\n<li><strong>H\u00e3ng s\u1ea3n xu\u1ea5t :<\/strong>\u00a0Rolex<\/li>\n<li><strong>Nam\/N\u1eef :<\/strong>\u00a0Nam<\/li>\n<li><strong>C\u01a1 ch\u1ebf m\u00e1y :<\/strong>\u00a0Automatic<\/li>\n<li><strong>K\u00edch th\u01b0\u1edbc :<\/strong>\u00a040mm<\/li>\n<li><strong>Ch\u1ee9c n\u0103ng :<\/strong>\u00a0Ng\u00e0y,gi\u1edd,ph\u00fat,gi\u00e2y<\/li>\n<li><strong>D\u00e2y \u0111eo :<\/strong>\u00a0Rubber<\/li>\n<li><strong>T\u00ecnh tr\u1ea1ng :<\/strong>\u00a0Like New<\/li>\n<li><strong>Ref :<\/strong>\u00a0116655<\/li>\n<li><strong>Phong c\u00e1ch :<\/strong>\u00a0Tr\u1ebb Trung,Hi\u1ec7n \u0110\u1ea1i<\/li>\n<li><strong>D\u1ef1 tr\u1eef c\u00f3t :<\/strong>\u00a048 h<\/li>\n<li><strong>M\u1eb7t \u0111\u1ed3ng h\u1ed3 :<\/strong>\u00a0Saphie<\/li>\n<li><strong>Kh\u1ea3 n\u0103ng ch\u1ed1ng n\u01b0\u1edbc :<\/strong>\u00a010 ATM<\/li>\n<li><strong>Ch\u1ea5t li\u1ec7u v\u1ecf :<\/strong> Rose Gold<\/li>\n<\/ul>\n","protected":false},"featured_media":10715,"comment_status":"open","ping_status":"closed","template":"","meta":[],"product_cat":[195,319],"product_tag":[],"class_list":["post-10249","product","type-product","status-publish","has-post-thumbnail","hentry","product_cat-mens-watches","product_cat-rolex","product_brand-rolex"],"yoast_head":"<!-- This site is optimized with the Yoast SEO plugin v21.6 - https:\/\/yoast.com\/wordpress\/plugins\/seo\/ -->\n<title>Rolex Yacht Master 116655 Rose Gold Like New 2020 - Phoenix Luxury<\/title>\n<meta name=\"description\" content=\"Rolex Yacht Master 116655 Rose Gold l\u00e0 s\u1ef1 dung ho\u00e0 c\u1ee7a s\u1eafc \u0111en m\u1ea1nh m\u1ebd chi\u1ebfm tr\u1ecdn v\u00e0nh bezel, d\u00e2y \u0111eo cao su v\u00e0 m\u1eb7t s\u1ed1, c\u1ed9ng h\u01b0\u1edfng s\u1eafc v\u00e0ng h\u1ed3ng \u0111\u1eb3ng c\u1ea5p\" \/>\n<meta name=\"robots\" content=\"index, follow, max-snippet:-1, max-image-preview:large, max-video-preview:-1\" \/>\n<link rel=\"canonical\" href=\"https:\/\/nishiki-cycle.com\/demo\/san-pham\/rolex-yacht-master-116655-rose-gold-like-new-2020\/\" \/>\n<meta property=\"og:locale\" content=\"vi_VN\" \/>\n<meta property=\"og:type\" content=\"article\" \/>\n<meta property=\"og:title\" content=\"Rolex Yacht Master 116655 Rose Gold Like New 2020 - Phoenix Luxury\" \/>\n<meta property=\"og:description\" content=\"Rolex Yacht Master 116655 Rose Gold l\u00e0 s\u1ef1 dung ho\u00e0 c\u1ee7a s\u1eafc \u0111en m\u1ea1nh m\u1ebd chi\u1ebfm tr\u1ecdn v\u00e0nh bezel, d\u00e2y \u0111eo cao su v\u00e0 m\u1eb7t s\u1ed1, c\u1ed9ng h\u01b0\u1edfng s\u1eafc v\u00e0ng h\u1ed3ng \u0111\u1eb3ng c\u1ea5p\" \/>\n<meta property=\"og:url\" content=\"https:\/\/nishiki-cycle.com\/demo\/san-pham\/rolex-yacht-master-116655-rose-gold-like-new-2020\/\" \/>\n<meta property=\"og:site_name\" content=\"Phoenix Luxury\" \/>\n<meta property=\"article:modified_time\" content=\"2023-12-09T16:18:05+00:00\" \/>\n<meta property=\"og:image\" content=\"https:\/\/nishiki-cycle.com\/demo\/wp-content\/uploads\/2023\/11\/ROLEX-YACHT-MASTER-116655-ROSE-GOLD-LIKE-NEW-2020.png\" \/>\n\t<meta property=\"og:image:width\" content=\"900\" \/>\n\t<meta property=\"og:image:height\" content=\"900\" \/>\n\t<meta property=\"og:image:type\" content=\"image\/png\" \/>\n<meta name=\"twitter:card\" content=\"summary_large_image\" \/>\n<meta name=\"twitter:label1\" content=\"\u01af\u1edbc t\u00ednh th\u1eddi gian \u0111\u1ecdc\" \/>\n\t<meta name=\"twitter:data1\" content=\"2 ph\u00fat\" \/>\n<script type=\"application\/ld+json\" class=\"yoast-schema-graph\">{\"@context\":\"https:\/\/schema.org\",\"@graph\":[{\"@type\":\"WebPage\",\"@id\":\"https:\/\/nishiki-cycle.com\/demo\/san-pham\/rolex-yacht-master-116655-rose-gold-like-new-2020\/\",\"url\":\"https:\/\/nishiki-cycle.com\/demo\/san-pham\/rolex-yacht-master-116655-rose-gold-like-new-2020\/\",\"name\":\"Rolex Yacht Master 116655 Rose Gold Like New 2020 - Phoenix Luxury\",\"isPartOf\":{\"@id\":\"https:\/\/nishiki-cycle.com\/demo\/#website\"},\"datePublished\":\"2023-11-06T13:15:35+00:00\",\"dateModified\":\"2023-12-09T16:18:05+00:00\",\"description\":\"Rolex Yacht Master 116655 Rose Gold l\u00e0 s\u1ef1 dung ho\u00e0 c\u1ee7a s\u1eafc \u0111en m\u1ea1nh m\u1ebd chi\u1ebfm tr\u1ecdn v\u00e0nh bezel, d\u00e2y \u0111eo cao su v\u00e0 m\u1eb7t s\u1ed1, c\u1ed9ng h\u01b0\u1edfng s\u1eafc v\u00e0ng h\u1ed3ng \u0111\u1eb3ng c\u1ea5p\",\"breadcrumb\":{\"@id\":\"https:\/\/nishiki-cycle.com\/demo\/san-pham\/rolex-yacht-master-116655-rose-gold-like-new-2020\/#breadcrumb\"},\"inLanguage\":\"vi\",\"potentialAction\":[{\"@type\":\"ReadAction\",\"target\":[\"https:\/\/nishiki-cycle.com\/demo\/san-pham\/rolex-yacht-master-116655-rose-gold-like-new-2020\/\"]}]},{\"@type\":\"BreadcrumbList\",\"@id\":\"https:\/\/nishiki-cycle.com\/demo\/san-pham\/rolex-yacht-master-116655-rose-gold-like-new-2020\/#breadcrumb\",\"itemListElement\":[{\"@type\":\"ListItem\",\"position\":1,\"name\":\"Trang ch\u1ee7\",\"item\":\"https:\/\/nishiki-cycle.com\/demo\/\"},{\"@type\":\"ListItem\",\"position\":2,\"name\":\"C\u1eeda h\u00e0ng\",\"item\":\"https:\/\/nishiki-cycle.com\/demo\/cua-hang\/\"},{\"@type\":\"ListItem\",\"position\":3,\"name\":\"ROLEX YACHT MASTER 116655 ROSE GOLD LIKE NEW 2020\"}]},{\"@type\":\"WebSite\",\"@id\":\"https:\/\/nishiki-cycle.com\/demo\/#website\",\"url\":\"https:\/\/nishiki-cycle.com\/demo\/\",\"name\":\"Phoenix Luxury\",\"description\":\"\",\"potentialAction\":[{\"@type\":\"SearchAction\",\"target\":{\"@type\":\"EntryPoint\",\"urlTemplate\":\"https:\/\/nishiki-cycle.com\/demo\/?s={search_term_string}\"},\"query-input\":\"required name=search_term_string\"}],\"inLanguage\":\"vi\"}]}<\/script>\n<!-- \/ Yoast SEO plugin. -->","yoast_head_json":{"title":"Rolex Yacht Master 116655 Rose Gold Like New 2020 - Phoenix Luxury","description":"Rolex Yacht Master 116655 Rose Gold l\u00e0 s\u1ef1 dung ho\u00e0 c\u1ee7a s\u1eafc \u0111en m\u1ea1nh m\u1ebd chi\u1ebfm tr\u1ecdn v\u00e0nh bezel, d\u00e2y \u0111eo cao su v\u00e0 m\u1eb7t s\u1ed1, c\u1ed9ng h\u01b0\u1edfng s\u1eafc v\u00e0ng h\u1ed3ng \u0111\u1eb3ng c\u1ea5p","robots":{"index":"index","follow":"follow","max-snippet":"max-snippet:-1","max-image-preview":"max-image-preview:large","max-video-preview":"max-video-preview:-1"},"canonical":"https:\/\/nishiki-cycle.com\/demo\/san-pham\/rolex-yacht-master-116655-rose-gold-like-new-2020\/","og_locale":"vi_VN","og_type":"article","og_title":"Rolex Yacht Master 116655 Rose Gold Like New 2020 - Phoenix Luxury","og_description":"Rolex Yacht Master 116655 Rose Gold l\u00e0 s\u1ef1 dung ho\u00e0 c\u1ee7a s\u1eafc \u0111en m\u1ea1nh m\u1ebd chi\u1ebfm tr\u1ecdn v\u00e0nh bezel, d\u00e2y \u0111eo cao su v\u00e0 m\u1eb7t s\u1ed1, c\u1ed9ng h\u01b0\u1edfng s\u1eafc v\u00e0ng h\u1ed3ng \u0111\u1eb3ng c\u1ea5p","og_url":"https:\/\/nishiki-cycle.com\/demo\/san-pham\/rolex-yacht-master-116655-rose-gold-like-new-2020\/","og_site_name":"Phoenix Luxury","article_modified_time":"2023-12-09T16:18:05+00:00","og_image":[{"width":900,"height":900,"url":"https:\/\/nishiki-cycle.com\/demo\/wp-content\/uploads\/2023\/11\/ROLEX-YACHT-MASTER-116655-ROSE-GOLD-LIKE-NEW-2020.png","type":"image\/png"}],"twitter_card":"summary_large_image","twitter_misc":{"\u01af\u1edbc t\u00ednh th\u1eddi gian \u0111\u1ecdc":"2 ph\u00fat"},"schema":{"@context":"https:\/\/schema.org","@graph":[{"@type":"WebPage","@id":"https:\/\/nishiki-cycle.com\/demo\/san-pham\/rolex-yacht-master-116655-rose-gold-like-new-2020\/","url":"https:\/\/nishiki-cycle.com\/demo\/san-pham\/rolex-yacht-master-116655-rose-gold-like-new-2020\/","name":"Rolex Yacht Master 116655 Rose Gold Like New 2020 - Phoenix Luxury","isPartOf":{"@id":"https:\/\/nishiki-cycle.com\/demo\/#website"},"datePublished":"2023-11-06T13:15:35+00:00","dateModified":"2023-12-09T16:18:05+00:00","description":"Rolex Yacht Master 116655 Rose Gold l\u00e0 s\u1ef1 dung ho\u00e0 c\u1ee7a s\u1eafc \u0111en m\u1ea1nh m\u1ebd chi\u1ebfm tr\u1ecdn v\u00e0nh bezel, d\u00e2y \u0111eo cao su v\u00e0 m\u1eb7t s\u1ed1, c\u1ed9ng h\u01b0\u1edfng s\u1eafc v\u00e0ng h\u1ed3ng \u0111\u1eb3ng c\u1ea5p","breadcrumb":{"@id":"https:\/\/nishiki-cycle.com\/demo\/san-pham\/rolex-yacht-master-116655-rose-gold-like-new-2020\/#breadcrumb"},"inLanguage":"vi","potentialAction":[{"@type":"ReadAction","target":["https:\/\/nishiki-cycle.com\/demo\/san-pham\/rolex-yacht-master-116655-rose-gold-like-new-2020\/"]}]},{"@type":"BreadcrumbList","@id":"https:\/\/nishiki-cycle.com\/demo\/san-pham\/rolex-yacht-master-116655-rose-gold-like-new-2020\/#breadcrumb","itemListElement":[{"@type":"ListItem","position":1,"name":"Trang ch\u1ee7","item":"https:\/\/nishiki-cycle.com\/demo\/"},{"@type":"ListItem","position":2,"name":"C\u1eeda h\u00e0ng","item":"https:\/\/nishiki-cycle.com\/demo\/cua-hang\/"},{"@type":"ListItem","position":3,"name":"ROLEX YACHT MASTER 116655 ROSE GOLD LIKE NEW 2020"}]},{"@type":"WebSite","@id":"https:\/\/nishiki-cycle.com\/demo\/#website","url":"https:\/\/nishiki-cycle.com\/demo\/","name":"Phoenix Luxury","description":"","potentialAction":[{"@type":"SearchAction","target":{"@type":"EntryPoint","urlTemplate":"https:\/\/nishiki-cycle.com\/demo\/?s={search_term_string}"},"query-input":"required name=search_term_string"}],"inLanguage":"vi"}]}},"_links":{"self":[{"href":"https:\/\/nishiki-cycle.com\/demo\/wp-json\/wp\/v2\/product\/10249","targetHints":{"allow":["GET"]}}],"collection":[{"href":"https:\/\/nishiki-cycle.com\/demo\/wp-json\/wp\/v2\/product"}],"about":[{"href":"https:\/\/nishiki-cycle.com\/demo\/wp-json\/wp\/v2\/types\/product"}],"replies":[{"embeddable":true,"href":"https:\/\/nishiki-cycle.com\/demo\/wp-json\/wp\/v2\/comments?post=10249"}],"wp:featuredmedia":[{"embeddable":true,"href":"https:\/\/nishiki-cycle.com\/demo\/wp-json\/wp\/v2\/media\/10715"}],"wp:attachment":[{"href":"https:\/\/nishiki-cycle.com\/demo\/wp-json\/wp\/v2\/media?parent=10249"}],"wp:term":[{"taxonomy":"product_cat","embeddable":true,"href":"https:\/\/nishiki-cycle.com\/demo\/wp-json\/wp\/v2\/product_cat?post=10249"},{"taxonomy":"product_tag","embeddable":true,"href":"https:\/\/nishiki-cycle.com\/demo\/wp-json\/wp\/v2\/product_tag?post=10249"}],"curies":[{"name":"wp","href":"https:\/\/api.w.org\/{rel}","templated":true}]}}