{"id":10442,"date":"2023-11-08T17:34:48","date_gmt":"2023-11-08T17:34:48","guid":{"rendered":"https:\/\/nishiki-cycle.com\/demo\/?post_type=product&#038;p=10442"},"modified":"2023-12-09T12:45:42","modified_gmt":"2023-12-09T12:45:42","slug":"patek-philippe-5905r-annual-calendar-chronograph","status":"publish","type":"product","link":"https:\/\/nishiki-cycle.com\/demo\/san-pham\/patek-philippe-5905r-annual-calendar-chronograph\/","title":{"rendered":"Patek Philippe 5905r Annual Calendar Chronograph"},"content":{"rendered":"<p><img fetchpriority=\"high\" decoding=\"async\" class=\"size-medium wp-image-10443 aligncenter\" src=\"https:\/\/nishiki-cycle.com\/demo\/wp-content\/uploads\/2023\/11\/PATEK-PHILIPPE-5905R-ANNUAL-CALENDAR-CHRONOGRAPH-300x300.jpg\" alt=\"\" width=\"300\" height=\"300\" srcset=\"https:\/\/nishiki-cycle.com\/demo\/wp-content\/uploads\/2023\/11\/PATEK-PHILIPPE-5905R-ANNUAL-CALENDAR-CHRONOGRAPH-300x300.jpg 300w, https:\/\/nishiki-cycle.com\/demo\/wp-content\/uploads\/2023\/11\/PATEK-PHILIPPE-5905R-ANNUAL-CALENDAR-CHRONOGRAPH-150x150.jpg 150w, https:\/\/nishiki-cycle.com\/demo\/wp-content\/uploads\/2023\/11\/PATEK-PHILIPPE-5905R-ANNUAL-CALENDAR-CHRONOGRAPH-768x768.jpg 768w, https:\/\/nishiki-cycle.com\/demo\/wp-content\/uploads\/2023\/11\/PATEK-PHILIPPE-5905R-ANNUAL-CALENDAR-CHRONOGRAPH-600x600.jpg 600w, https:\/\/nishiki-cycle.com\/demo\/wp-content\/uploads\/2023\/11\/PATEK-PHILIPPE-5905R-ANNUAL-CALENDAR-CHRONOGRAPH-100x100.jpg 100w, https:\/\/nishiki-cycle.com\/demo\/wp-content\/uploads\/2023\/11\/PATEK-PHILIPPE-5905R-ANNUAL-CALENDAR-CHRONOGRAPH.jpg 1000w\" sizes=\"(max-width: 300px) 100vw, 300px\" \/><\/p>\n<p dir=\"ltr\">Patek Philippe 5905R Annual Calendar Chronograph s\u1edf h\u1eefu v\u1ecf v\u00e0ng h\u1ed3ng c\u00f9ng m\u1eb7t s\u1ed1 n\u00e2u chocolate l\u1ea1i gi\u1ea3m b\u1edbt v\u1ebb hi\u1ec7n \u0111\u1ea1i, t\u0103ng th\u00eam n\u00e9t c\u1ed5 \u0111i\u1ec3n, \u0111\u1ed3ng th\u1eddi s\u1ef1 sang tr\u1ecdng v\u00e0 \u0111\u1eaft ti\u1ec1n l\u1ea1i \u0111\u01b0\u1ee3c c\u1ee7ng c\u1ed1 \u0111\u00e1ng k\u1ec3. V\u1edbi hai ch\u1ee9c n\u0103ng l\u00e0 flyback chronograph v\u00e0 l\u1ecbch th\u01b0\u1eddng ni\u00ean t\u00edch h\u1ee3p, ph\u1ea7n b\u00ean c\u1ea1nh c\u1ee7a b\u1ed9 v\u1ecf \u0111\u1ed3ng h\u1ed3 42mm l\u00e0 hai n\u00fat b\u1ea5m chronograph h\u00ecnh ch\u1eef nh\u1eadt c\u1ee1 l\u1edbn v\u00e0 n\u00fam \u0111i\u1ec1u ch\u1ec9nh b\u1ed9 kim b\u00e1o gi\u1edd c\u01a1 b\u1ea3n b\u00ean trong. Hai n\u00fat b\u1ea5m chronograph \u0111\u01b0\u1ee3c s\u1eed d\u1ee5ng \u0111\u1ec3 k\u00edch ho\u1ea1t v\u00e0 \u0111\u01b0a kim gi\u00e2y chronograph \u0111\u1eb7t t\u1ea1i trung t\u00e2m tr\u1edf v\u1ec1 tr\u1ea1ng th\u00e1i ban \u0111\u1ea7u.<\/p>\n<p dir=\"ltr\">M\u1ed7i khi kim gi\u00e2y chronograph k\u1ebft th\u00fac m\u1ed9t v\u00f2ng quay, kim ph\u00fat ng\u1eafn t\u1ea1i b\u1ed9 hi\u1ec3n th\u1ecb \u0111\u1eb7t g\u00f3c 6 gi\u1edd s\u1ebd nh\u1ea3y m\u1ed9t n\u1ea5c. Kh\u00e1 b\u00f3ng b\u1ea9y, v\u00e0 n\u1ed5i b\u1eadt, b\u1ed9 v\u1ecf v\u00e0ng h\u1ed3ng c\u1ee7a Patek Philippe 5905R Annual Calendar Chronograph\u00a0\u0111\u00e3 \u0111\u01b0\u1ee3c \u0111\u00e1nh b\u00f3ng to\u00e0n b\u1ed9 k\u00e9o t\u1eeb v\u00e0nh bezel t\u1edbi c\u1ea1nh b\u00ean v\u00e0 vi\u1ec1n \u0111\u00e1y ph\u00eda sau \u0111\u1ed3ng h\u1ed3.<\/p>\n<p dir=\"ltr\">V\u1edbi n\u1eafp k\u00ednh sapphire trong su\u1ed1t, rotor b\u1eb1ng v\u00e0ng thu\u1ed9c b\u1ed9 m\u00e1y CH 28-520 QA 24H c\u0169ng d\u1ec5 d\u00e0ng \u0111\u01b0\u1ee3c quan s\u00e1t. B\u1ed9 m\u00e1y t\u1ef1 \u0111\u1ed9ng c\u00f3 c\u01a1 ch\u1ebf b\u00e1nh xe c\u1ed9t v\u1edbi ch\u1ee9c n\u0103ng flyback\u00a0chronograph s\u1ebd l\u00e0 m\u1ed9t tr\u1ea3i nghi\u1ec7m tuy\u1ec7t v\u1eddi cho nh\u1eefng ai \u0111am m\u00ea \u0111\u1ed3ng h\u1ed3 c\u01a1 h\u1ecdc.<\/p>\n","protected":false},"excerpt":{"rendered":"<ul class=\"list-unstyled\">\n<li><strong>T\u00ecnh tr\u1ea1ng :<\/strong>\u00a0\u0110ang c\u00f2n h\u00e0ng<\/li>\n<li><strong>H\u00e3ng s\u1ea3n xu\u1ea5t :<\/strong>\u00a070<\/li>\n<li><strong>Nam\/N\u1eef :<\/strong>\u00a0Nam<\/li>\n<li><strong>C\u01a1 ch\u1ebf m\u00e1y :<\/strong>\u00a0Automatic<\/li>\n<li><strong>K\u00edch th\u01b0\u1edbc :<\/strong>\u00a042mm<\/li>\n<li><strong>Ch\u1ee9c n\u0103ng :<\/strong>\u00a0Chronograph, Annual calendar, Th\u1ee9, Ng\u00e0y, Th\u00e1ng, Gi\u1edd, Ph\u00fat, Gi\u00e2y<\/li>\n<li><strong>D\u00e2y \u0111eo :<\/strong>\u00a0D\u00e2y da c\u00e1 s\u1ea5u<\/li>\n<li><strong>T\u00ecnh tr\u1ea1ng :<\/strong>\u00a0Like New<\/li>\n<li><strong>Ref :<\/strong>\u00a05905R<\/li>\n<li><strong>Phong c\u00e1ch :<\/strong>\u00a0Classic<\/li>\n<li><strong>D\u1ef1 tr\u1eef c\u00f3t :<\/strong>\u00a055H<\/li>\n<li><strong>M\u1eb7t \u0111\u1ed3ng h\u1ed3 :<\/strong>\u00a0Sapphire<\/li>\n<li><strong>Kh\u1ea3 n\u0103ng ch\u1ed1ng n\u01b0\u1edbc :<\/strong>\u00a03 ATM<\/li>\n<li><strong>Ch\u1ea5t li\u1ec7u v\u1ecf :<\/strong>\u00a0Rose Gold<\/li>\n<\/ul>\n","protected":false},"featured_media":10443,"comment_status":"open","ping_status":"closed","template":"","meta":[],"product_cat":[195,322],"product_tag":[],"class_list":["post-10442","product","type-product","status-publish","has-post-thumbnail","hentry","product_cat-mens-watches","product_cat-patek-philippe","product_brand-patek-philippe"],"yoast_head":"<!-- This site is optimized with the Yoast SEO plugin v21.6 - https:\/\/yoast.com\/wordpress\/plugins\/seo\/ -->\n<title>Patek Philippe 5905r Annual Calendar Chronograph - Phoenix Luxury<\/title>\n<meta name=\"description\" content=\"Patek Philippe 5905R Annual Calendar Chronograph s\u1edf h\u1eefu m\u1eb7t s\u1ed1 n\u00e2u chocolate v\u1edbi hai ch\u1ee9c n\u0103ng l\u00e0 flyback chronograph v\u00e0 l\u1ecbch th\u01b0\u1eddng ni\u00ean t\u00edch h\u1ee3p\" \/>\n<meta name=\"robots\" content=\"index, follow, max-snippet:-1, max-image-preview:large, max-video-preview:-1\" \/>\n<link rel=\"canonical\" href=\"https:\/\/nishiki-cycle.com\/demo\/san-pham\/patek-philippe-5905r-annual-calendar-chronograph\/\" \/>\n<meta property=\"og:locale\" content=\"vi_VN\" \/>\n<meta property=\"og:type\" content=\"article\" \/>\n<meta property=\"og:title\" content=\"Patek Philippe 5905r Annual Calendar Chronograph - Phoenix Luxury\" \/>\n<meta property=\"og:description\" content=\"Patek Philippe 5905R Annual Calendar Chronograph s\u1edf h\u1eefu m\u1eb7t s\u1ed1 n\u00e2u chocolate v\u1edbi hai ch\u1ee9c n\u0103ng l\u00e0 flyback chronograph v\u00e0 l\u1ecbch th\u01b0\u1eddng ni\u00ean t\u00edch h\u1ee3p\" \/>\n<meta property=\"og:url\" content=\"https:\/\/nishiki-cycle.com\/demo\/san-pham\/patek-philippe-5905r-annual-calendar-chronograph\/\" \/>\n<meta property=\"og:site_name\" content=\"Phoenix Luxury\" \/>\n<meta property=\"article:modified_time\" content=\"2023-12-09T12:45:42+00:00\" \/>\n<meta property=\"og:image\" content=\"https:\/\/nishiki-cycle.com\/demo\/wp-content\/uploads\/2023\/11\/PATEK-PHILIPPE-5905R-ANNUAL-CALENDAR-CHRONOGRAPH.jpg\" \/>\n\t<meta property=\"og:image:width\" content=\"1000\" \/>\n\t<meta property=\"og:image:height\" content=\"1000\" \/>\n\t<meta property=\"og:image:type\" content=\"image\/jpeg\" \/>\n<meta name=\"twitter:card\" content=\"summary_large_image\" \/>\n<meta name=\"twitter:label1\" content=\"\u01af\u1edbc t\u00ednh th\u1eddi gian \u0111\u1ecdc\" \/>\n\t<meta name=\"twitter:data1\" content=\"2 ph\u00fat\" \/>\n<script type=\"application\/ld+json\" class=\"yoast-schema-graph\">{\"@context\":\"https:\/\/schema.org\",\"@graph\":[{\"@type\":\"WebPage\",\"@id\":\"https:\/\/nishiki-cycle.com\/demo\/san-pham\/patek-philippe-5905r-annual-calendar-chronograph\/\",\"url\":\"https:\/\/nishiki-cycle.com\/demo\/san-pham\/patek-philippe-5905r-annual-calendar-chronograph\/\",\"name\":\"Patek Philippe 5905r Annual Calendar Chronograph - Phoenix Luxury\",\"isPartOf\":{\"@id\":\"https:\/\/nishiki-cycle.com\/demo\/#website\"},\"datePublished\":\"2023-11-08T17:34:48+00:00\",\"dateModified\":\"2023-12-09T12:45:42+00:00\",\"description\":\"Patek Philippe 5905R Annual Calendar Chronograph s\u1edf h\u1eefu m\u1eb7t s\u1ed1 n\u00e2u chocolate v\u1edbi hai ch\u1ee9c n\u0103ng l\u00e0 flyback chronograph v\u00e0 l\u1ecbch th\u01b0\u1eddng ni\u00ean t\u00edch h\u1ee3p\",\"breadcrumb\":{\"@id\":\"https:\/\/nishiki-cycle.com\/demo\/san-pham\/patek-philippe-5905r-annual-calendar-chronograph\/#breadcrumb\"},\"inLanguage\":\"vi\",\"potentialAction\":[{\"@type\":\"ReadAction\",\"target\":[\"https:\/\/nishiki-cycle.com\/demo\/san-pham\/patek-philippe-5905r-annual-calendar-chronograph\/\"]}]},{\"@type\":\"BreadcrumbList\",\"@id\":\"https:\/\/nishiki-cycle.com\/demo\/san-pham\/patek-philippe-5905r-annual-calendar-chronograph\/#breadcrumb\",\"itemListElement\":[{\"@type\":\"ListItem\",\"position\":1,\"name\":\"Trang ch\u1ee7\",\"item\":\"https:\/\/nishiki-cycle.com\/demo\/\"},{\"@type\":\"ListItem\",\"position\":2,\"name\":\"C\u1eeda h\u00e0ng\",\"item\":\"https:\/\/nishiki-cycle.com\/demo\/cua-hang\/\"},{\"@type\":\"ListItem\",\"position\":3,\"name\":\"PATEK PHILIPPE 5905R ANNUAL CALENDAR CHRONOGRAPH\"}]},{\"@type\":\"WebSite\",\"@id\":\"https:\/\/nishiki-cycle.com\/demo\/#website\",\"url\":\"https:\/\/nishiki-cycle.com\/demo\/\",\"name\":\"Phoenix Luxury\",\"description\":\"\",\"potentialAction\":[{\"@type\":\"SearchAction\",\"target\":{\"@type\":\"EntryPoint\",\"urlTemplate\":\"https:\/\/nishiki-cycle.com\/demo\/?s={search_term_string}\"},\"query-input\":\"required name=search_term_string\"}],\"inLanguage\":\"vi\"}]}<\/script>\n<!-- \/ Yoast SEO plugin. -->","yoast_head_json":{"title":"Patek Philippe 5905r Annual Calendar Chronograph - Phoenix Luxury","description":"Patek Philippe 5905R Annual Calendar Chronograph s\u1edf h\u1eefu m\u1eb7t s\u1ed1 n\u00e2u chocolate v\u1edbi hai ch\u1ee9c n\u0103ng l\u00e0 flyback chronograph v\u00e0 l\u1ecbch th\u01b0\u1eddng ni\u00ean t\u00edch h\u1ee3p","robots":{"index":"index","follow":"follow","max-snippet":"max-snippet:-1","max-image-preview":"max-image-preview:large","max-video-preview":"max-video-preview:-1"},"canonical":"https:\/\/nishiki-cycle.com\/demo\/san-pham\/patek-philippe-5905r-annual-calendar-chronograph\/","og_locale":"vi_VN","og_type":"article","og_title":"Patek Philippe 5905r Annual Calendar Chronograph - Phoenix Luxury","og_description":"Patek Philippe 5905R Annual Calendar Chronograph s\u1edf h\u1eefu m\u1eb7t s\u1ed1 n\u00e2u chocolate v\u1edbi hai ch\u1ee9c n\u0103ng l\u00e0 flyback chronograph v\u00e0 l\u1ecbch th\u01b0\u1eddng ni\u00ean t\u00edch h\u1ee3p","og_url":"https:\/\/nishiki-cycle.com\/demo\/san-pham\/patek-philippe-5905r-annual-calendar-chronograph\/","og_site_name":"Phoenix Luxury","article_modified_time":"2023-12-09T12:45:42+00:00","og_image":[{"width":1000,"height":1000,"url":"https:\/\/nishiki-cycle.com\/demo\/wp-content\/uploads\/2023\/11\/PATEK-PHILIPPE-5905R-ANNUAL-CALENDAR-CHRONOGRAPH.jpg","type":"image\/jpeg"}],"twitter_card":"summary_large_image","twitter_misc":{"\u01af\u1edbc t\u00ednh th\u1eddi gian \u0111\u1ecdc":"2 ph\u00fat"},"schema":{"@context":"https:\/\/schema.org","@graph":[{"@type":"WebPage","@id":"https:\/\/nishiki-cycle.com\/demo\/san-pham\/patek-philippe-5905r-annual-calendar-chronograph\/","url":"https:\/\/nishiki-cycle.com\/demo\/san-pham\/patek-philippe-5905r-annual-calendar-chronograph\/","name":"Patek Philippe 5905r Annual Calendar Chronograph - Phoenix Luxury","isPartOf":{"@id":"https:\/\/nishiki-cycle.com\/demo\/#website"},"datePublished":"2023-11-08T17:34:48+00:00","dateModified":"2023-12-09T12:45:42+00:00","description":"Patek Philippe 5905R Annual Calendar Chronograph s\u1edf h\u1eefu m\u1eb7t s\u1ed1 n\u00e2u chocolate v\u1edbi hai ch\u1ee9c n\u0103ng l\u00e0 flyback chronograph v\u00e0 l\u1ecbch th\u01b0\u1eddng ni\u00ean t\u00edch h\u1ee3p","breadcrumb":{"@id":"https:\/\/nishiki-cycle.com\/demo\/san-pham\/patek-philippe-5905r-annual-calendar-chronograph\/#breadcrumb"},"inLanguage":"vi","potentialAction":[{"@type":"ReadAction","target":["https:\/\/nishiki-cycle.com\/demo\/san-pham\/patek-philippe-5905r-annual-calendar-chronograph\/"]}]},{"@type":"BreadcrumbList","@id":"https:\/\/nishiki-cycle.com\/demo\/san-pham\/patek-philippe-5905r-annual-calendar-chronograph\/#breadcrumb","itemListElement":[{"@type":"ListItem","position":1,"name":"Trang ch\u1ee7","item":"https:\/\/nishiki-cycle.com\/demo\/"},{"@type":"ListItem","position":2,"name":"C\u1eeda h\u00e0ng","item":"https:\/\/nishiki-cycle.com\/demo\/cua-hang\/"},{"@type":"ListItem","position":3,"name":"PATEK PHILIPPE 5905R ANNUAL CALENDAR CHRONOGRAPH"}]},{"@type":"WebSite","@id":"https:\/\/nishiki-cycle.com\/demo\/#website","url":"https:\/\/nishiki-cycle.com\/demo\/","name":"Phoenix Luxury","description":"","potentialAction":[{"@type":"SearchAction","target":{"@type":"EntryPoint","urlTemplate":"https:\/\/nishiki-cycle.com\/demo\/?s={search_term_string}"},"query-input":"required name=search_term_string"}],"inLanguage":"vi"}]}},"_links":{"self":[{"href":"https:\/\/nishiki-cycle.com\/demo\/wp-json\/wp\/v2\/product\/10442","targetHints":{"allow":["GET"]}}],"collection":[{"href":"https:\/\/nishiki-cycle.com\/demo\/wp-json\/wp\/v2\/product"}],"about":[{"href":"https:\/\/nishiki-cycle.com\/demo\/wp-json\/wp\/v2\/types\/product"}],"replies":[{"embeddable":true,"href":"https:\/\/nishiki-cycle.com\/demo\/wp-json\/wp\/v2\/comments?post=10442"}],"wp:featuredmedia":[{"embeddable":true,"href":"https:\/\/nishiki-cycle.com\/demo\/wp-json\/wp\/v2\/media\/10443"}],"wp:attachment":[{"href":"https:\/\/nishiki-cycle.com\/demo\/wp-json\/wp\/v2\/media?parent=10442"}],"wp:term":[{"taxonomy":"product_cat","embeddable":true,"href":"https:\/\/nishiki-cycle.com\/demo\/wp-json\/wp\/v2\/product_cat?post=10442"},{"taxonomy":"product_tag","embeddable":true,"href":"https:\/\/nishiki-cycle.com\/demo\/wp-json\/wp\/v2\/product_tag?post=10442"}],"curies":[{"name":"wp","href":"https:\/\/api.w.org\/{rel}","templated":true}]}}