{"id":10470,"date":"2023-11-08T17:49:36","date_gmt":"2023-11-08T17:49:36","guid":{"rendered":"https:\/\/nishiki-cycle.com\/demo\/?post_type=product&#038;p=10470"},"modified":"2023-12-09T12:44:54","modified_gmt":"2023-12-09T12:44:54","slug":"hublot-classic-fusion-42mm-king-gold-diamonds-black","status":"publish","type":"product","link":"https:\/\/nishiki-cycle.com\/demo\/san-pham\/hublot-classic-fusion-42mm-king-gold-diamonds-black\/","title":{"rendered":"Hublot Classic Fusion 42mm King Gold Diamonds Black"},"content":{"rendered":"<p><img fetchpriority=\"high\" decoding=\"async\" class=\"size-medium wp-image-10471 aligncenter\" src=\"https:\/\/nishiki-cycle.com\/demo\/wp-content\/uploads\/2023\/11\/HUBLOT-CLASSIC-FUSION-42MM-KING-GOLD-DIAMONDS-BLACK-300x300.jpg\" alt=\"\" width=\"300\" height=\"300\" srcset=\"https:\/\/nishiki-cycle.com\/demo\/wp-content\/uploads\/2023\/11\/HUBLOT-CLASSIC-FUSION-42MM-KING-GOLD-DIAMONDS-BLACK-300x300.jpg 300w, https:\/\/nishiki-cycle.com\/demo\/wp-content\/uploads\/2023\/11\/HUBLOT-CLASSIC-FUSION-42MM-KING-GOLD-DIAMONDS-BLACK-150x150.jpg 150w, https:\/\/nishiki-cycle.com\/demo\/wp-content\/uploads\/2023\/11\/HUBLOT-CLASSIC-FUSION-42MM-KING-GOLD-DIAMONDS-BLACK-100x100.jpg 100w, https:\/\/nishiki-cycle.com\/demo\/wp-content\/uploads\/2023\/11\/HUBLOT-CLASSIC-FUSION-42MM-KING-GOLD-DIAMONDS-BLACK.jpg 600w\" sizes=\"(max-width: 300px) 100vw, 300px\" \/><\/p>\n<p>Hublot Classic Fusion 42mm King Gold Diamonds Black mang m\u1ed9t v\u1ebb b\u1ec1 ngo\u00e0i to\u00e1t l\u00ean s\u1ef1 xa hoa, l\u1ed9ng l\u1eaby, quy\u1ec1n l\u1ef1c v\u00e0 \u0111\u1eb3ng c\u1ea5p b\u1eadc nh\u1ea5t. V\u1edbi m\u1eb7t \u0111\u1ed3ng h\u1ed3 l\u00e0m t\u1eeb k\u00ednh sapphire \u0111\u1eaft \u0111\u1ecf, chi\u1ebfc \u0111\u1ed3ng h\u1ed3 cho m\u1ed9t kh\u1ea3 n\u0103ng quang h\u1ecdc \u1edf m\u1ee9c ho\u00e0n h\u1ea3o. V\u1eadt li\u1ec7u sapphire c\u00f3 c\u00f4ng d\u1ee5ng ch\u1ed1ng l\u00f3a v\u00e0 b\u1ea3o v\u1ec7 s\u1ea3n ph\u1ea9m kh\u1ecfi nh\u1eefng va \u0111\u1eadp c\u1ee1 v\u1eeba \u1edf b\u1ec1 m\u1eb7t.<\/p>\n<p>Ph\u1ea7n v\u00e0nh \u0111\u1ed3ng h\u1ed3 \u0111\u01b0\u1ee3c thi\u1ebft k\u1ebf t\u1eeb v\u00e0ng h\u1ed3ng 18k nguy\u00ean kh\u1ed1i, \u0111\u01b0\u1ee3c \u0111\u00e1nh b\u00f3ng t\u1ec9 m\u1ec9 b\u1eb1ng Satin. B\u00ean tr\u00ean ph\u1ea7n v\u00e0nh l\u00e0 6 chi\u1ebfc \u0111inh v\u00edt \u0111\u01b0\u1ee3c c\u00e1ch \u0111i\u1ec7u theo ch\u1eef H tr\u1ee9 danh c\u1ee7a nh\u00e0\u00a0Hublot, t\u1ea1o ra \u0111\u1ed9 t\u01b0\u01a1ng th\u00edch tuy\u1ec7t \u0111\u1ed1i gi\u1eefa m\u1eb7t \u0111\u1ed3ng h\u1ed3 v\u00e0 c\u00e0ng n\u1ed1i d\u00e2y. \u0110i\u1ec3m nh\u1ea5n n\u1ed5i b\u1eadt nh\u1ea5t \u0111\u01b0a Hublot Classic Fusion King Gold Diamonds l\u00ean \u0111\u1ec9nh cao c\u1ee7a s\u1ef1 xa x\u1ec9 l\u00e0 138 vi\u00ean kim c\u01b0\u01a1ng 1.01cts \u0111\u01b0\u1ee3c \u0111\u00ednh k\u00ec c\u00f4ng \u1edf ph\u1ea7n v\u00e0nh \u0111\u1ed3ng h\u1ed3.<\/p>\n<p>D\u00e2y \u0111\u1ed3ng h\u1ed3 \u0111\u1ed3ng h\u1ed3\u00a0c\u0169ng l\u00e0 m\u1ed9t \u0111i\u1ec3m nh\u1ea5n l\u1edbn cho t\u1ed5ng th\u1ec3 s\u1ea3n ph\u1ea9m. B\u1ed9 d\u00e2y \u0111\u01b0\u1ee3c nhu\u1ed9m \u0111en \u0111i k\u00e8m v\u1edbi kh\u00f3a clasp v\u00e0ng 18K 5N v\u00e0 th\u00e9p kh\u00f4ng g\u1ec9 m\u1ea1 \u0111en cho m\u1ed9t t\u1ed5ng th\u1ec3 m\u00e0u s\u1eafc c\u00e2n \u0111\u1ed1i, b\u1eaft m\u1eaft.<\/p>\n<p>Hublot Classic Fusion 42mm King Gold Diamonds Black kh\u00f4ng th\u1ec3 ho\u1ea1t \u0111\u1ed9ng b\u1ec1n b\u1ec9 v\u00e0 ch\u00ednh x\u00e1c n\u1ebfu thi\u1ebfu \u0111i b\u1ed9 m\u00e1y t\u1ef1 \u0111\u1ed9ng HUB1110. Kh\u1ea3 n\u0103ng ch\u1ed1ng th\u1ea5m n\u01b0\u1edbc m\u1ee9c 50m, c\u00f9ng v\u1edbi th\u1eddi l\u01b0\u1ee3ng c\u00f3t 42 gi\u1edd kh\u1eb3ng \u0111\u1ecbnh \u0111\u1ed9 tinh x\u1ea3o t\u1ed1i \u0111a trong kh\u00e2u l\u1eafp \u0111\u1eb7t th\u1ee7 c\u00f4ng c\u1ee7a c\u00e1c ng\u01b0\u1eddi th\u1ee3 l\u00e0nh ngh\u1ec7 Th\u1ee5y S\u0129.<\/p>\n<p><strong>Th\u00f4ng s\u1ed1 k\u1ef9 thu\u1eadt<\/strong><\/p>\n<ul class=\"list-unstyled\">\n<li><strong>C\u01a1 ch\u1ebf m\u00e1y :<\/strong>\u00a0Automatic<\/li>\n<li><strong>K\u00edch th\u01b0\u1edbc :<\/strong>\u00a042mm<\/li>\n<li><strong>Ch\u1ee9c n\u0103ng :<\/strong>\u00a0Ng\u00e0y, gi\u1edd, ph\u00fat, gi\u00e2y<\/li>\n<li><strong>D\u00e2y \u0111eo :<\/strong>\u00a0D\u00e2y da c\u00e1 s\u1ea5u<\/li>\n<li><strong>T\u00ecnh tr\u1ea1ng :<\/strong>\u00a0Like New<\/li>\n<li><strong>Phong c\u00e1ch :<\/strong>\u00a0Tr\u1ebb Trung,Hi\u1ec7n \u0110\u1ea1i<\/li>\n<li><strong>D\u1ef1 tr\u1eef c\u00f3t :<\/strong>\u00a042H<\/li>\n<li><strong>M\u1eb7t \u0111\u1ed3ng h\u1ed3 :<\/strong>\u00a0Sapphire<\/li>\n<li><strong>Kh\u1ea3 n\u0103ng ch\u1ed1ng n\u01b0\u1edbc :<\/strong>\u00a05 ATM<\/li>\n<li><strong>Ch\u1ea5t li\u1ec7u v\u1ecf :<\/strong>\u00a0Rose Gold<\/li>\n<\/ul>\n","protected":false},"excerpt":{"rendered":"<ul class=\"list-unstyled\">\n<li><strong>T\u00ecnh tr\u1ea1ng :<\/strong>\u00a0\u0110ang c\u00f2n h\u00e0ng<\/li>\n<li><strong>H\u00e3ng s\u1ea3n xu\u1ea5t :<\/strong>\u00a056<\/li>\n<li><strong>Nam\/N\u1eef :<\/strong>\u00a0Nam<\/li>\n<li><strong>C\u01a1 ch\u1ebf m\u00e1y :<\/strong>\u00a0Automatic<\/li>\n<li><strong>K\u00edch th\u01b0\u1edbc :<\/strong>\u00a042mm<\/li>\n<li><strong>Ch\u1ee9c n\u0103ng :<\/strong>\u00a0Ng\u00e0y, gi\u1edd, ph\u00fat, gi\u00e2y<\/li>\n<li><strong>D\u00e2y \u0111eo :<\/strong>\u00a0D\u00e2y da c\u00e1 s\u1ea5u<\/li>\n<li><strong>T\u00ecnh tr\u1ea1ng :<\/strong>\u00a0Like New<\/li>\n<li><strong>Phong c\u00e1ch :<\/strong>\u00a0Tr\u1ebb Trung,Hi\u1ec7n \u0110\u1ea1i<\/li>\n<li><strong>D\u1ef1 tr\u1eef c\u00f3t :<\/strong>\u00a042H<\/li>\n<li><strong>M\u1eb7t \u0111\u1ed3ng h\u1ed3 :<\/strong>\u00a0Sapphire<\/li>\n<li><strong>Kh\u1ea3 n\u0103ng ch\u1ed1ng n\u01b0\u1edbc :<\/strong>\u00a05 ATM<\/li>\n<li><strong>Ch\u1ea5t li\u1ec7u v\u1ecf :<\/strong>\u00a0Rose Gold<\/li>\n<\/ul>\n","protected":false},"featured_media":10471,"comment_status":"open","ping_status":"closed","template":"","meta":[],"product_cat":[195,320],"product_tag":[],"class_list":["post-10470","product","type-product","status-publish","has-post-thumbnail","hentry","product_cat-mens-watches","product_cat-hublot","product_brand-hublot"],"yoast_head":"<!-- This site is optimized with the Yoast SEO plugin v21.6 - https:\/\/yoast.com\/wordpress\/plugins\/seo\/ -->\n<title>Hublot Classic Fusion 42mm King Gold Diamonds Black - Phoenix Luxury<\/title>\n<meta name=\"description\" content=\"Hublot Classic Fusion 42mm King Gold Diamonds Black \u0111\u01b0\u1ee3c thi\u1ebft k\u1ebf t\u1eeb v\u00e0ng h\u1ed3ng 18k nguy\u00ean kh\u1ed1i, \u0111\u01b0\u1ee3c \u0111\u00ednh k\u00ec c\u00f4ng 138 vi\u00ean kim c\u01b0\u01a1ng 1.01cts\" \/>\n<meta name=\"robots\" content=\"index, follow, max-snippet:-1, max-image-preview:large, max-video-preview:-1\" \/>\n<link rel=\"canonical\" href=\"https:\/\/nishiki-cycle.com\/demo\/san-pham\/hublot-classic-fusion-42mm-king-gold-diamonds-black\/\" \/>\n<meta property=\"og:locale\" content=\"vi_VN\" \/>\n<meta property=\"og:type\" content=\"article\" \/>\n<meta property=\"og:title\" content=\"Hublot Classic Fusion 42mm King Gold Diamonds Black - Phoenix Luxury\" \/>\n<meta property=\"og:description\" content=\"Hublot Classic Fusion 42mm King Gold Diamonds Black \u0111\u01b0\u1ee3c thi\u1ebft k\u1ebf t\u1eeb v\u00e0ng h\u1ed3ng 18k nguy\u00ean kh\u1ed1i, \u0111\u01b0\u1ee3c \u0111\u00ednh k\u00ec c\u00f4ng 138 vi\u00ean kim c\u01b0\u01a1ng 1.01cts\" \/>\n<meta property=\"og:url\" content=\"https:\/\/nishiki-cycle.com\/demo\/san-pham\/hublot-classic-fusion-42mm-king-gold-diamonds-black\/\" \/>\n<meta property=\"og:site_name\" content=\"Phoenix Luxury\" \/>\n<meta property=\"article:modified_time\" content=\"2023-12-09T12:44:54+00:00\" \/>\n<meta property=\"og:image\" content=\"https:\/\/nishiki-cycle.com\/demo\/wp-content\/uploads\/2023\/11\/HUBLOT-CLASSIC-FUSION-42MM-KING-GOLD-DIAMONDS-BLACK.jpg\" \/>\n\t<meta property=\"og:image:width\" content=\"600\" \/>\n\t<meta property=\"og:image:height\" content=\"600\" \/>\n\t<meta property=\"og:image:type\" content=\"image\/jpeg\" \/>\n<meta name=\"twitter:card\" content=\"summary_large_image\" \/>\n<meta name=\"twitter:label1\" content=\"\u01af\u1edbc t\u00ednh th\u1eddi gian \u0111\u1ecdc\" \/>\n\t<meta name=\"twitter:data1\" content=\"2 ph\u00fat\" \/>\n<script type=\"application\/ld+json\" class=\"yoast-schema-graph\">{\"@context\":\"https:\/\/schema.org\",\"@graph\":[{\"@type\":\"WebPage\",\"@id\":\"https:\/\/nishiki-cycle.com\/demo\/san-pham\/hublot-classic-fusion-42mm-king-gold-diamonds-black\/\",\"url\":\"https:\/\/nishiki-cycle.com\/demo\/san-pham\/hublot-classic-fusion-42mm-king-gold-diamonds-black\/\",\"name\":\"Hublot Classic Fusion 42mm King Gold Diamonds Black - Phoenix Luxury\",\"isPartOf\":{\"@id\":\"https:\/\/nishiki-cycle.com\/demo\/#website\"},\"datePublished\":\"2023-11-08T17:49:36+00:00\",\"dateModified\":\"2023-12-09T12:44:54+00:00\",\"description\":\"Hublot Classic Fusion 42mm King Gold Diamonds Black \u0111\u01b0\u1ee3c thi\u1ebft k\u1ebf t\u1eeb v\u00e0ng h\u1ed3ng 18k nguy\u00ean kh\u1ed1i, \u0111\u01b0\u1ee3c \u0111\u00ednh k\u00ec c\u00f4ng 138 vi\u00ean kim c\u01b0\u01a1ng 1.01cts\",\"breadcrumb\":{\"@id\":\"https:\/\/nishiki-cycle.com\/demo\/san-pham\/hublot-classic-fusion-42mm-king-gold-diamonds-black\/#breadcrumb\"},\"inLanguage\":\"vi\",\"potentialAction\":[{\"@type\":\"ReadAction\",\"target\":[\"https:\/\/nishiki-cycle.com\/demo\/san-pham\/hublot-classic-fusion-42mm-king-gold-diamonds-black\/\"]}]},{\"@type\":\"BreadcrumbList\",\"@id\":\"https:\/\/nishiki-cycle.com\/demo\/san-pham\/hublot-classic-fusion-42mm-king-gold-diamonds-black\/#breadcrumb\",\"itemListElement\":[{\"@type\":\"ListItem\",\"position\":1,\"name\":\"Trang ch\u1ee7\",\"item\":\"https:\/\/nishiki-cycle.com\/demo\/\"},{\"@type\":\"ListItem\",\"position\":2,\"name\":\"C\u1eeda h\u00e0ng\",\"item\":\"https:\/\/nishiki-cycle.com\/demo\/cua-hang\/\"},{\"@type\":\"ListItem\",\"position\":3,\"name\":\"Hublot Classic Fusion 42mm King Gold Diamonds Black\"}]},{\"@type\":\"WebSite\",\"@id\":\"https:\/\/nishiki-cycle.com\/demo\/#website\",\"url\":\"https:\/\/nishiki-cycle.com\/demo\/\",\"name\":\"Phoenix Luxury\",\"description\":\"\",\"potentialAction\":[{\"@type\":\"SearchAction\",\"target\":{\"@type\":\"EntryPoint\",\"urlTemplate\":\"https:\/\/nishiki-cycle.com\/demo\/?s={search_term_string}\"},\"query-input\":\"required name=search_term_string\"}],\"inLanguage\":\"vi\"}]}<\/script>\n<!-- \/ Yoast SEO plugin. -->","yoast_head_json":{"title":"Hublot Classic Fusion 42mm King Gold Diamonds Black - Phoenix Luxury","description":"Hublot Classic Fusion 42mm King Gold Diamonds Black \u0111\u01b0\u1ee3c thi\u1ebft k\u1ebf t\u1eeb v\u00e0ng h\u1ed3ng 18k nguy\u00ean kh\u1ed1i, \u0111\u01b0\u1ee3c \u0111\u00ednh k\u00ec c\u00f4ng 138 vi\u00ean kim c\u01b0\u01a1ng 1.01cts","robots":{"index":"index","follow":"follow","max-snippet":"max-snippet:-1","max-image-preview":"max-image-preview:large","max-video-preview":"max-video-preview:-1"},"canonical":"https:\/\/nishiki-cycle.com\/demo\/san-pham\/hublot-classic-fusion-42mm-king-gold-diamonds-black\/","og_locale":"vi_VN","og_type":"article","og_title":"Hublot Classic Fusion 42mm King Gold Diamonds Black - Phoenix Luxury","og_description":"Hublot Classic Fusion 42mm King Gold Diamonds Black \u0111\u01b0\u1ee3c thi\u1ebft k\u1ebf t\u1eeb v\u00e0ng h\u1ed3ng 18k nguy\u00ean kh\u1ed1i, \u0111\u01b0\u1ee3c \u0111\u00ednh k\u00ec c\u00f4ng 138 vi\u00ean kim c\u01b0\u01a1ng 1.01cts","og_url":"https:\/\/nishiki-cycle.com\/demo\/san-pham\/hublot-classic-fusion-42mm-king-gold-diamonds-black\/","og_site_name":"Phoenix Luxury","article_modified_time":"2023-12-09T12:44:54+00:00","og_image":[{"width":600,"height":600,"url":"https:\/\/nishiki-cycle.com\/demo\/wp-content\/uploads\/2023\/11\/HUBLOT-CLASSIC-FUSION-42MM-KING-GOLD-DIAMONDS-BLACK.jpg","type":"image\/jpeg"}],"twitter_card":"summary_large_image","twitter_misc":{"\u01af\u1edbc t\u00ednh th\u1eddi gian \u0111\u1ecdc":"2 ph\u00fat"},"schema":{"@context":"https:\/\/schema.org","@graph":[{"@type":"WebPage","@id":"https:\/\/nishiki-cycle.com\/demo\/san-pham\/hublot-classic-fusion-42mm-king-gold-diamonds-black\/","url":"https:\/\/nishiki-cycle.com\/demo\/san-pham\/hublot-classic-fusion-42mm-king-gold-diamonds-black\/","name":"Hublot Classic Fusion 42mm King Gold Diamonds Black - Phoenix Luxury","isPartOf":{"@id":"https:\/\/nishiki-cycle.com\/demo\/#website"},"datePublished":"2023-11-08T17:49:36+00:00","dateModified":"2023-12-09T12:44:54+00:00","description":"Hublot Classic Fusion 42mm King Gold Diamonds Black \u0111\u01b0\u1ee3c thi\u1ebft k\u1ebf t\u1eeb v\u00e0ng h\u1ed3ng 18k nguy\u00ean kh\u1ed1i, \u0111\u01b0\u1ee3c \u0111\u00ednh k\u00ec c\u00f4ng 138 vi\u00ean kim c\u01b0\u01a1ng 1.01cts","breadcrumb":{"@id":"https:\/\/nishiki-cycle.com\/demo\/san-pham\/hublot-classic-fusion-42mm-king-gold-diamonds-black\/#breadcrumb"},"inLanguage":"vi","potentialAction":[{"@type":"ReadAction","target":["https:\/\/nishiki-cycle.com\/demo\/san-pham\/hublot-classic-fusion-42mm-king-gold-diamonds-black\/"]}]},{"@type":"BreadcrumbList","@id":"https:\/\/nishiki-cycle.com\/demo\/san-pham\/hublot-classic-fusion-42mm-king-gold-diamonds-black\/#breadcrumb","itemListElement":[{"@type":"ListItem","position":1,"name":"Trang ch\u1ee7","item":"https:\/\/nishiki-cycle.com\/demo\/"},{"@type":"ListItem","position":2,"name":"C\u1eeda h\u00e0ng","item":"https:\/\/nishiki-cycle.com\/demo\/cua-hang\/"},{"@type":"ListItem","position":3,"name":"Hublot Classic Fusion 42mm King Gold Diamonds Black"}]},{"@type":"WebSite","@id":"https:\/\/nishiki-cycle.com\/demo\/#website","url":"https:\/\/nishiki-cycle.com\/demo\/","name":"Phoenix Luxury","description":"","potentialAction":[{"@type":"SearchAction","target":{"@type":"EntryPoint","urlTemplate":"https:\/\/nishiki-cycle.com\/demo\/?s={search_term_string}"},"query-input":"required name=search_term_string"}],"inLanguage":"vi"}]}},"_links":{"self":[{"href":"https:\/\/nishiki-cycle.com\/demo\/wp-json\/wp\/v2\/product\/10470","targetHints":{"allow":["GET"]}}],"collection":[{"href":"https:\/\/nishiki-cycle.com\/demo\/wp-json\/wp\/v2\/product"}],"about":[{"href":"https:\/\/nishiki-cycle.com\/demo\/wp-json\/wp\/v2\/types\/product"}],"replies":[{"embeddable":true,"href":"https:\/\/nishiki-cycle.com\/demo\/wp-json\/wp\/v2\/comments?post=10470"}],"wp:featuredmedia":[{"embeddable":true,"href":"https:\/\/nishiki-cycle.com\/demo\/wp-json\/wp\/v2\/media\/10471"}],"wp:attachment":[{"href":"https:\/\/nishiki-cycle.com\/demo\/wp-json\/wp\/v2\/media?parent=10470"}],"wp:term":[{"taxonomy":"product_cat","embeddable":true,"href":"https:\/\/nishiki-cycle.com\/demo\/wp-json\/wp\/v2\/product_cat?post=10470"},{"taxonomy":"product_tag","embeddable":true,"href":"https:\/\/nishiki-cycle.com\/demo\/wp-json\/wp\/v2\/product_tag?post=10470"}],"curies":[{"name":"wp","href":"https:\/\/api.w.org\/{rel}","templated":true}]}}