{"id":10763,"date":"2023-11-23T20:10:25","date_gmt":"2023-11-23T20:10:25","guid":{"rendered":"https:\/\/nishiki-cycle.com\/demo\/?post_type=product&#038;p=10763"},"modified":"2023-12-09T12:44:00","modified_gmt":"2023-12-09T12:44:00","slug":"hublot-classic-fusion-chronograph-king-gold-opalin-42mm","status":"publish","type":"product","link":"https:\/\/nishiki-cycle.com\/demo\/san-pham\/hublot-classic-fusion-chronograph-king-gold-opalin-42mm\/","title":{"rendered":"Hublot Classic Fusion Chronograph King Gold Opalin 42mm"},"content":{"rendered":"<p><img fetchpriority=\"high\" decoding=\"async\" class=\"size-medium wp-image-10764 aligncenter\" src=\"https:\/\/nishiki-cycle.com\/demo\/wp-content\/uploads\/2023\/11\/Hublot-Classic-Fusion-Chronograph-King-Gold-Opalin-42mm-300x300.png\" alt=\"\" width=\"300\" height=\"300\" srcset=\"https:\/\/nishiki-cycle.com\/demo\/wp-content\/uploads\/2023\/11\/Hublot-Classic-Fusion-Chronograph-King-Gold-Opalin-42mm-300x300.png 300w, https:\/\/nishiki-cycle.com\/demo\/wp-content\/uploads\/2023\/11\/Hublot-Classic-Fusion-Chronograph-King-Gold-Opalin-42mm-150x150.png 150w, https:\/\/nishiki-cycle.com\/demo\/wp-content\/uploads\/2023\/11\/Hublot-Classic-Fusion-Chronograph-King-Gold-Opalin-42mm-768x768.png 768w, https:\/\/nishiki-cycle.com\/demo\/wp-content\/uploads\/2023\/11\/Hublot-Classic-Fusion-Chronograph-King-Gold-Opalin-42mm-600x600.png 600w, https:\/\/nishiki-cycle.com\/demo\/wp-content\/uploads\/2023\/11\/Hublot-Classic-Fusion-Chronograph-King-Gold-Opalin-42mm-100x100.png 100w, https:\/\/nishiki-cycle.com\/demo\/wp-content\/uploads\/2023\/11\/Hublot-Classic-Fusion-Chronograph-King-Gold-Opalin-42mm.png 900w\" sizes=\"(max-width: 300px) 100vw, 300px\" \/><\/p>\n<p>V\u1edbi <span style=\"color: #0000ff;\"><a style=\"color: #0000ff;\" href=\"https:\/\/nishiki-cycle.com\/demo\/product_brand\/hublot\/\">Hublot<\/a><\/span>, s\u1ef1 s\u00e1ng t\u1ea1o b\u1ea5t t\u1eadn c\u1ee7a th\u01b0\u01a1ng hi\u1ec7u n\u00e0y lu\u00f4n l\u00e0 t\u00f4n ch\u1ec9 \u0111\u1ec3 l\u00e0m vi\u1ec7c. B\u1edfi v\u1eady m\u00e0 b\u01b0\u1edbc v\u00e0o th\u1ebf k\u1ec9 21, ch\u00fang ta th\u1ea5y s\u1ef1 h\u1ed3i sinh m\u1ea1nh m\u1ebd \u0111\u01b0\u1ee3c th\u1ec3 hi\u1ec7n qua nh\u1eefng s\u1ea3n ph\u1ea9m m\u00e0 nh\u00e0 s\u1ea3n xu\u1ea5t mang \u0111\u1ebfn. B\u00ean c\u1ea1nh d\u00f2ng s\u1ea3n ph\u1ea9m,\u00a0Hublot\u00a0c\u00f2n c\u00f3 s\u1ef1 d\u1eabn d\u1eaft t\u00e0i t\u00ecnh c\u1ee7a \u00f4ng tr\u00f9m marketing ki\u00eam ngh\u1ec7 nh\u00e2n ch\u1ebf t\u00e1c \u0111\u1ed3ng h\u1ed3 cao c\u1ea5p\u00a0Jean-Claude Biver.<\/p>\n<p>S\u1edf h\u1eefu m\u1ed9t thi\u1ebft k\u1ebf th\u1ec3 thao, \u0111\u1eadm ch\u1ea5t nh\u00e0 Hublot. B\u1ed9 v\u1ecf khung v\u1ed1n \u0111\u01b0\u1ee3c s\u1eed d\u1ee5ng trong d\u00f2ng Big Bang n\u1ed5i ti\u1ebfng c\u1ee7a h\u00e3ng, nh\u01b0ng v\u1edbi d\u00f2ng Classic Fusion \u0111\u00e3 \u0111\u01b0\u1ee3c l\u01b0\u1ee3c gi\u1ea3m \u0111i nhi\u1ec1u v\u00e0 c\u00f3 c\u00e1i nh\u00ecn c\u00f3 ph\u1ea7n c\u1ed5 \u0111i\u1ec3n h\u01a1n. C\u00f9ng l\u00e0 b\u1ed9 v\u1ecf khung d\u00e1ng sandwich, song v\u1ecf khung c\u1ee7a Classic Fusion ch\u1ec9 g\u1ed3m c\u00f3 3 l\u1edbp g\u1eafn ch\u1eb7t, th\u1ec3 hi\u1ec7n m\u1ee9c \u0111\u1ed9 c\u1ea9n th\u1eadn c\u1ee7a ng\u01b0\u1eddi ch\u1ebf t\u00e1c.\u01b0<\/p>\n<p>Mang trong m\u00ecnh s\u1eafc Opaline \u1ea5n t\u01b0\u1ee3ng, m\u1eb7t s\u1ed1 c\u1ee7a \u0111\u1ed3ng h\u1ed3\u00a0\u0111\u01b0\u1ee3c thi\u1ebft k\u1ebf thanh l\u1ecbch v\u00e0 nh\u00e3 nh\u1eb7n. V\u1edbi nh\u1eefng ai y\u00eau \u0111\u1ed3ng h\u1ed3, m\u1eb7t s\u1ed1 Opaline lu\u00f4n l\u00e0 m\u1ed9t trong nh\u1eefng \u0111i\u1ec3m h\u1ea5p d\u1eabn ch\u00ed m\u1ea1ng. M\u00e0u tr\u1eafng tinh khi\u1ebft, nay mang m\u1ed9t v\u1ebb \u0111\u1eb9p nh\u1eb9 nh\u00e0ng s\u1ebd tho\u1ea3i m\u00e1i h\u00fat \u00e1nh nh\u00ecn c\u1ee7a m\u1ecdi ng\u01b0\u1eddi.<\/p>\n<p>Hublot Classic Fusion Chronograph King Gold Opalin 42mm s\u1ee3 h\u1eefu b\u1ed9 m\u00e1y calibre HUB1153 l\u00ean d\u00e2y c\u00f3t t\u1ef1 \u0111\u1ed9ng, d\u1ef1 tr\u1eef n\u0103ng l\u01b0\u01a1ng trong 42 gi\u1edd n\u1ebfu \u0111\u01b0\u1ee3c n\u1ea1p \u0111\u1ee7 n\u0103ng l\u01b0\u1ee3ng.<\/p>\n<p><b>\u00a0Th\u00f4ng tin chi ti\u1ebft v\u1ec1 Hublot Classic Fusion Chronograph King Gold Opalin 42mm<\/b><\/p>\n<ul class=\"list-unstyled\">\n<li><strong>C\u01a1 ch\u1ebf m\u00e1y :<\/strong>\u00a0Automatic<\/li>\n<li><strong>K\u00edch th\u01b0\u1edbc :<\/strong> 42mm<\/li>\n<li><strong>Ch\u1ee9c n\u0103ng :<\/strong>\u00a0Chronograph, ng\u00e0y, gi\u1edd, ph\u00fat, gi\u00e2y<\/li>\n<li><strong>D\u00e2y \u0111eo :<\/strong> Cao su v\u00e0 da c\u00e1 s\u1ea5u m\u00e0u \u0111en<\/li>\n<li><strong>T\u00ecnh tr\u1ea1ng :<\/strong>\u00a0Brand new<\/li>\n<li><strong>Ref :<\/strong> 541.OX.2611.LR<\/li>\n<li><strong>Phong c\u00e1ch :<\/strong>\u00a0Tr\u1ebb Trung,Hi\u1ec7n \u0110\u1ea1i<\/li>\n<li><strong>D\u1ef1 tr\u1eef c\u00f3t :<\/strong>\u00a042H<\/li>\n<li><strong>M\u1eb7t \u0111\u1ed3ng h\u1ed3 :<\/strong> Sapphire<\/li>\n<li><strong>Kh\u1ea3 n\u0103ng ch\u1ed1ng n\u01b0\u1edbc : <\/strong>50m (ATM)<\/li>\n<li><strong>Ch\u1ea5t li\u1ec7u :<\/strong> \u00a018K King Gold<\/li>\n<\/ul>\n","protected":false},"excerpt":{"rendered":"<ul class=\"list-unstyled\">\n<li><strong>T\u00ecnh tr\u1ea1ng :<\/strong>\u00a0\u0110ang c\u00f2n h\u00e0ng<\/li>\n<li><strong>Nam\/N\u1eef :<\/strong>\u00a0Nam<\/li>\n<li><strong>C\u01a1 ch\u1ebf m\u00e1y :<\/strong>\u00a0Automatic<\/li>\n<li><strong>K\u00edch th\u01b0\u1edbc :<\/strong> 42mm<\/li>\n<li><strong>Ch\u1ee9c n\u0103ng :<\/strong>\u00a0Chronograph, ng\u00e0y, gi\u1edd, ph\u00fat, gi\u00e2y<\/li>\n<li><strong>D\u00e2y \u0111eo :<\/strong> Cao su v\u00e0 da c\u00e1 s\u1ea5u m\u00e0u \u0111en<\/li>\n<li><strong>T\u00ecnh tr\u1ea1ng :<\/strong>\u00a0Brand new<\/li>\n<li><strong>Ref :<\/strong> 541.OX.2611.LR<\/li>\n<li><strong>Phong c\u00e1ch :<\/strong>\u00a0Tr\u1ebb Trung,Hi\u1ec7n \u0110\u1ea1i<\/li>\n<li><strong>D\u1ef1 tr\u1eef c\u00f3t :<\/strong>\u00a042H<\/li>\n<li><strong>M\u1eb7t \u0111\u1ed3ng h\u1ed3 :<\/strong> Sapphire<\/li>\n<li><strong>Kh\u1ea3 n\u0103ng ch\u1ed1ng n\u01b0\u1edbc : <\/strong>50m (ATM)<\/li>\n<li><strong>Ch\u1ea5t li\u1ec7u :<\/strong> \u00a018K King Gold<\/li>\n<\/ul>\n","protected":false},"featured_media":10764,"comment_status":"open","ping_status":"closed","template":"","meta":[],"product_cat":[195,320],"product_tag":[],"class_list":["post-10763","product","type-product","status-publish","has-post-thumbnail","hentry","product_cat-mens-watches","product_cat-hublot","product_brand-hublot"],"yoast_head":"<!-- This site is optimized with the Yoast SEO plugin v21.6 - https:\/\/yoast.com\/wordpress\/plugins\/seo\/ -->\n<title>Hublot Classic Fusion Chronograph King Gold Opalin 42mm - Phoenix Luxury<\/title>\n<meta name=\"description\" content=\"Hublot Classic Fusion Chronograph King Gold Opalin s\u1edf h\u1eefu m\u1eb7t s\u1ed1 Opaline, m\u00e0u tr\u1eafng tinh khi\u1ebft c\u00f9ng b\u1ed9 v\u1ecf khung d\u00e1ng sandwich\" \/>\n<meta name=\"robots\" content=\"index, follow, max-snippet:-1, max-image-preview:large, max-video-preview:-1\" \/>\n<link rel=\"canonical\" href=\"https:\/\/nishiki-cycle.com\/demo\/san-pham\/hublot-classic-fusion-chronograph-king-gold-opalin-42mm\/\" \/>\n<meta property=\"og:locale\" content=\"vi_VN\" \/>\n<meta property=\"og:type\" content=\"article\" \/>\n<meta property=\"og:title\" content=\"Hublot Classic Fusion Chronograph King Gold Opalin 42mm - Phoenix Luxury\" \/>\n<meta property=\"og:description\" content=\"Hublot Classic Fusion Chronograph King Gold Opalin s\u1edf h\u1eefu m\u1eb7t s\u1ed1 Opaline, m\u00e0u tr\u1eafng tinh khi\u1ebft c\u00f9ng b\u1ed9 v\u1ecf khung d\u00e1ng sandwich\" \/>\n<meta property=\"og:url\" content=\"https:\/\/nishiki-cycle.com\/demo\/san-pham\/hublot-classic-fusion-chronograph-king-gold-opalin-42mm\/\" \/>\n<meta property=\"og:site_name\" content=\"Phoenix Luxury\" \/>\n<meta property=\"article:modified_time\" content=\"2023-12-09T12:44:00+00:00\" \/>\n<meta property=\"og:image\" content=\"https:\/\/nishiki-cycle.com\/demo\/wp-content\/uploads\/2023\/11\/Hublot-Classic-Fusion-Chronograph-King-Gold-Opalin-42mm.png\" \/>\n\t<meta property=\"og:image:width\" content=\"900\" \/>\n\t<meta property=\"og:image:height\" content=\"900\" \/>\n\t<meta property=\"og:image:type\" content=\"image\/png\" \/>\n<meta name=\"twitter:card\" content=\"summary_large_image\" \/>\n<meta name=\"twitter:label1\" content=\"\u01af\u1edbc t\u00ednh th\u1eddi gian \u0111\u1ecdc\" \/>\n\t<meta name=\"twitter:data1\" content=\"2 ph\u00fat\" \/>\n<script type=\"application\/ld+json\" class=\"yoast-schema-graph\">{\"@context\":\"https:\/\/schema.org\",\"@graph\":[{\"@type\":\"WebPage\",\"@id\":\"https:\/\/nishiki-cycle.com\/demo\/san-pham\/hublot-classic-fusion-chronograph-king-gold-opalin-42mm\/\",\"url\":\"https:\/\/nishiki-cycle.com\/demo\/san-pham\/hublot-classic-fusion-chronograph-king-gold-opalin-42mm\/\",\"name\":\"Hublot Classic Fusion Chronograph King Gold Opalin 42mm - Phoenix Luxury\",\"isPartOf\":{\"@id\":\"https:\/\/nishiki-cycle.com\/demo\/#website\"},\"datePublished\":\"2023-11-23T20:10:25+00:00\",\"dateModified\":\"2023-12-09T12:44:00+00:00\",\"description\":\"Hublot Classic Fusion Chronograph King Gold Opalin s\u1edf h\u1eefu m\u1eb7t s\u1ed1 Opaline, m\u00e0u tr\u1eafng tinh khi\u1ebft c\u00f9ng b\u1ed9 v\u1ecf khung d\u00e1ng sandwich\",\"breadcrumb\":{\"@id\":\"https:\/\/nishiki-cycle.com\/demo\/san-pham\/hublot-classic-fusion-chronograph-king-gold-opalin-42mm\/#breadcrumb\"},\"inLanguage\":\"vi\",\"potentialAction\":[{\"@type\":\"ReadAction\",\"target\":[\"https:\/\/nishiki-cycle.com\/demo\/san-pham\/hublot-classic-fusion-chronograph-king-gold-opalin-42mm\/\"]}]},{\"@type\":\"BreadcrumbList\",\"@id\":\"https:\/\/nishiki-cycle.com\/demo\/san-pham\/hublot-classic-fusion-chronograph-king-gold-opalin-42mm\/#breadcrumb\",\"itemListElement\":[{\"@type\":\"ListItem\",\"position\":1,\"name\":\"Trang ch\u1ee7\",\"item\":\"https:\/\/nishiki-cycle.com\/demo\/\"},{\"@type\":\"ListItem\",\"position\":2,\"name\":\"C\u1eeda h\u00e0ng\",\"item\":\"https:\/\/nishiki-cycle.com\/demo\/cua-hang\/\"},{\"@type\":\"ListItem\",\"position\":3,\"name\":\"HUBLOT CLASSIC FUSION CHRONOGRAPH KING GOLD OPALIN 42MM\"}]},{\"@type\":\"WebSite\",\"@id\":\"https:\/\/nishiki-cycle.com\/demo\/#website\",\"url\":\"https:\/\/nishiki-cycle.com\/demo\/\",\"name\":\"Phoenix Luxury\",\"description\":\"\",\"potentialAction\":[{\"@type\":\"SearchAction\",\"target\":{\"@type\":\"EntryPoint\",\"urlTemplate\":\"https:\/\/nishiki-cycle.com\/demo\/?s={search_term_string}\"},\"query-input\":\"required name=search_term_string\"}],\"inLanguage\":\"vi\"}]}<\/script>\n<!-- \/ Yoast SEO plugin. -->","yoast_head_json":{"title":"Hublot Classic Fusion Chronograph King Gold Opalin 42mm - Phoenix Luxury","description":"Hublot Classic Fusion Chronograph King Gold Opalin s\u1edf h\u1eefu m\u1eb7t s\u1ed1 Opaline, m\u00e0u tr\u1eafng tinh khi\u1ebft c\u00f9ng b\u1ed9 v\u1ecf khung d\u00e1ng sandwich","robots":{"index":"index","follow":"follow","max-snippet":"max-snippet:-1","max-image-preview":"max-image-preview:large","max-video-preview":"max-video-preview:-1"},"canonical":"https:\/\/nishiki-cycle.com\/demo\/san-pham\/hublot-classic-fusion-chronograph-king-gold-opalin-42mm\/","og_locale":"vi_VN","og_type":"article","og_title":"Hublot Classic Fusion Chronograph King Gold Opalin 42mm - Phoenix Luxury","og_description":"Hublot Classic Fusion Chronograph King Gold Opalin s\u1edf h\u1eefu m\u1eb7t s\u1ed1 Opaline, m\u00e0u tr\u1eafng tinh khi\u1ebft c\u00f9ng b\u1ed9 v\u1ecf khung d\u00e1ng sandwich","og_url":"https:\/\/nishiki-cycle.com\/demo\/san-pham\/hublot-classic-fusion-chronograph-king-gold-opalin-42mm\/","og_site_name":"Phoenix Luxury","article_modified_time":"2023-12-09T12:44:00+00:00","og_image":[{"width":900,"height":900,"url":"https:\/\/nishiki-cycle.com\/demo\/wp-content\/uploads\/2023\/11\/Hublot-Classic-Fusion-Chronograph-King-Gold-Opalin-42mm.png","type":"image\/png"}],"twitter_card":"summary_large_image","twitter_misc":{"\u01af\u1edbc t\u00ednh th\u1eddi gian \u0111\u1ecdc":"2 ph\u00fat"},"schema":{"@context":"https:\/\/schema.org","@graph":[{"@type":"WebPage","@id":"https:\/\/nishiki-cycle.com\/demo\/san-pham\/hublot-classic-fusion-chronograph-king-gold-opalin-42mm\/","url":"https:\/\/nishiki-cycle.com\/demo\/san-pham\/hublot-classic-fusion-chronograph-king-gold-opalin-42mm\/","name":"Hublot Classic Fusion Chronograph King Gold Opalin 42mm - Phoenix Luxury","isPartOf":{"@id":"https:\/\/nishiki-cycle.com\/demo\/#website"},"datePublished":"2023-11-23T20:10:25+00:00","dateModified":"2023-12-09T12:44:00+00:00","description":"Hublot Classic Fusion Chronograph King Gold Opalin s\u1edf h\u1eefu m\u1eb7t s\u1ed1 Opaline, m\u00e0u tr\u1eafng tinh khi\u1ebft c\u00f9ng b\u1ed9 v\u1ecf khung d\u00e1ng sandwich","breadcrumb":{"@id":"https:\/\/nishiki-cycle.com\/demo\/san-pham\/hublot-classic-fusion-chronograph-king-gold-opalin-42mm\/#breadcrumb"},"inLanguage":"vi","potentialAction":[{"@type":"ReadAction","target":["https:\/\/nishiki-cycle.com\/demo\/san-pham\/hublot-classic-fusion-chronograph-king-gold-opalin-42mm\/"]}]},{"@type":"BreadcrumbList","@id":"https:\/\/nishiki-cycle.com\/demo\/san-pham\/hublot-classic-fusion-chronograph-king-gold-opalin-42mm\/#breadcrumb","itemListElement":[{"@type":"ListItem","position":1,"name":"Trang ch\u1ee7","item":"https:\/\/nishiki-cycle.com\/demo\/"},{"@type":"ListItem","position":2,"name":"C\u1eeda h\u00e0ng","item":"https:\/\/nishiki-cycle.com\/demo\/cua-hang\/"},{"@type":"ListItem","position":3,"name":"HUBLOT CLASSIC FUSION CHRONOGRAPH KING GOLD OPALIN 42MM"}]},{"@type":"WebSite","@id":"https:\/\/nishiki-cycle.com\/demo\/#website","url":"https:\/\/nishiki-cycle.com\/demo\/","name":"Phoenix Luxury","description":"","potentialAction":[{"@type":"SearchAction","target":{"@type":"EntryPoint","urlTemplate":"https:\/\/nishiki-cycle.com\/demo\/?s={search_term_string}"},"query-input":"required name=search_term_string"}],"inLanguage":"vi"}]}},"_links":{"self":[{"href":"https:\/\/nishiki-cycle.com\/demo\/wp-json\/wp\/v2\/product\/10763","targetHints":{"allow":["GET"]}}],"collection":[{"href":"https:\/\/nishiki-cycle.com\/demo\/wp-json\/wp\/v2\/product"}],"about":[{"href":"https:\/\/nishiki-cycle.com\/demo\/wp-json\/wp\/v2\/types\/product"}],"replies":[{"embeddable":true,"href":"https:\/\/nishiki-cycle.com\/demo\/wp-json\/wp\/v2\/comments?post=10763"}],"wp:featuredmedia":[{"embeddable":true,"href":"https:\/\/nishiki-cycle.com\/demo\/wp-json\/wp\/v2\/media\/10764"}],"wp:attachment":[{"href":"https:\/\/nishiki-cycle.com\/demo\/wp-json\/wp\/v2\/media?parent=10763"}],"wp:term":[{"taxonomy":"product_cat","embeddable":true,"href":"https:\/\/nishiki-cycle.com\/demo\/wp-json\/wp\/v2\/product_cat?post=10763"},{"taxonomy":"product_tag","embeddable":true,"href":"https:\/\/nishiki-cycle.com\/demo\/wp-json\/wp\/v2\/product_tag?post=10763"}],"curies":[{"name":"wp","href":"https:\/\/api.w.org\/{rel}","templated":true}]}}