{"id":10829,"date":"2023-11-26T17:42:10","date_gmt":"2023-11-26T17:42:10","guid":{"rendered":"https:\/\/nishiki-cycle.com\/demo\/?post_type=product&#038;p=10829"},"modified":"2023-12-09T12:42:06","modified_gmt":"2023-12-09T12:42:06","slug":"hublot-classic-fusion-aerofusion-moonphase-titanium-pave-42mm","status":"publish","type":"product","link":"https:\/\/nishiki-cycle.com\/demo\/san-pham\/hublot-classic-fusion-aerofusion-moonphase-titanium-pave-42mm\/","title":{"rendered":"Hublot Classic Fusion Aerofusion Moonphase Titanium Pave 42mm"},"content":{"rendered":"<p><img fetchpriority=\"high\" decoding=\"async\" class=\"size-medium wp-image-10830 aligncenter\" src=\"https:\/\/nishiki-cycle.com\/demo\/wp-content\/uploads\/2023\/11\/1-6-300x300.png\" alt=\"\" width=\"300\" height=\"300\" srcset=\"https:\/\/nishiki-cycle.com\/demo\/wp-content\/uploads\/2023\/11\/1-6-300x300.png 300w, https:\/\/nishiki-cycle.com\/demo\/wp-content\/uploads\/2023\/11\/1-6-150x150.png 150w, https:\/\/nishiki-cycle.com\/demo\/wp-content\/uploads\/2023\/11\/1-6-768x768.png 768w, https:\/\/nishiki-cycle.com\/demo\/wp-content\/uploads\/2023\/11\/1-6-600x600.png 600w, https:\/\/nishiki-cycle.com\/demo\/wp-content\/uploads\/2023\/11\/1-6-100x100.png 100w, https:\/\/nishiki-cycle.com\/demo\/wp-content\/uploads\/2023\/11\/1-6.png 900w\" sizes=\"(max-width: 300px) 100vw, 300px\" \/><\/p>\n<p>Phi\u00ean b\u1ea3n \u0111\u1ed3ng h\u1ed3 \u0111eo tay c\u1ee7a Hublot n\u00e0y \u0111\u01b0\u1ee3c ra \u0111\u1eddi v\u1edbi k\u00edch th\u01b0\u1edbc l\u1edbn 45mm, tuy nhi\u00ean m\u1ed9t th\u1eddi gian sau Hublot c\u0169ng cho ra m\u1eaft v\u1edbi m\u1ed9t phi\u00ean b\u1ea3n thu g\u1ecdn h\u01a1n l\u00e0 42 mm. <span style=\"color: #0000ff;\"><strong><a style=\"color: #0000ff;\" title=\"\u0110\u1ed3ng h\u1ed3 Hublot\" href=\"https:\/\/nishiki-cycle.com\/demo\/danh-muc-san-pham\/hublot\/?product_count=36\" target=\"_blank\" rel=\"noopener\">\u0110\u1ed3ng h\u1ed3 Hublot<\/a><\/strong>\u00a0<\/span>Aerofusion Moonphase Titanium c\u00f3 c\u1ea5u tr\u00fac g\u1ea7n t\u01b0\u01a1ng \u0111\u01b0\u01a1ng v\u1edbi d\u00f2ng Fusion c\u1ee7a ch\u00ednh h\u00e3ng n\u00e0y, \u0111\u00f3 l\u00e0 vi\u1ec7c v\u00f3 th\u1ec3 d\u1ec5 d\u00e0ng k\u1ebft h\u1ee3p v\u1edbi b\u1ed9 vest l\u1ecbch l\u00e3m hay c\u00e1c b\u1ed9 \u0111\u1ed3 \u00e1o ph\u00f4ng th\u00f4ng th\u01b0\u1eddng.<\/p>\n<p>&nbsp;<\/p>\n<p>Ph\u1ea7n case c\u1ee7a \u0111\u1ed3ng h\u1ed3 Hublot Classic Fusion Aerofusion Moonphase Titanium Pave 42mm l\u1ea7n n\u00e0y \u0111\u00e3 \u0111\u01b0\u1ee3c \u0111\u00ednh nh\u1eefng vi\u00ean kim c\u01b0\u01a1ng \u0111\u1eaft gi\u00e1 v\u00e0 \u0111\u1ea7y sang tr\u1ecdng. B\u00ean c\u1ea1nh ph\u1ea7n n\u00fam v\u1eb7n truy\u1ec1n th\u1ed1ng, 2 b\u00ean case c\u1ee7a c\u1ed7 m\u00e1y \u0111\u1ebfm th\u1eddi gian Hublot c\u00f2n c\u00f3 4 n\u00fat \u0111i\u1ec1u ch\u1ec9nh nh\u1ecf t\u01b0\u01a1ng \u1ee9ng v\u1edbi v\u1ecb tr\u00ed b\u00ean trong m\u1eb7t \u0111\u1ed3ng h\u1ed3 nh\u01b0 \u0111i\u1ec1u ch\u1ec9nh ng\u00e0y, th\u00e1ng, tu\u1ea7n tr\u0103ng v\u00e0 ng\u00e0y c\u1ee7a tu\u1ea7n tr\u0103ng.<\/p>\n<p>C\u1ed7 m\u00e1y \u0111\u1ebfm th\u1eddi gian n\u00e0y c\u00f3 thi\u1ebft k\u1ebf kh\u00e1 m\u1ea3nh d\u1ebb v\u1edbi \u0111\u1ed9 d\u00e0y ch\u1ec9 c\u00f3 12mm c\u00f9ng ph\u1ea7n lugs t\u00edch h\u1ee3p theo \u0111\u1ed9 cong. Ph\u1ea7n m\u1eb7t bezel ho\u00e0n to\u00e0n \u0111\u01b0\u1ee3c ch\u1ebf t\u1ea1o t\u1eeb Titanium.\u00a0C\u00e1c v\u00edt bezel tr\u00ean m\u1eb7t \u0111\u1ed3ng h\u1ed3 v\u00e0 c\u00e1c v\u1ecb tr\u00ed ch\u1ee9c n\u0103ng c\u0169ng \u0111\u01b0\u1ee3c ch\u1ebf t\u1ea1o ho\u00e0n to\u00e0n t\u1eeb titanium. C\u00f3 m\u1ed9t mi\u1ebfng gh\u00e9p m\u1ecfng m\u00e0u \u0111en m\u1edd \u0111\u01b0\u1ee3c \u0111\u1eb7t \u1edf gi\u1eefa khung bezel v\u00e0 v\u1ecf, gi\u00fap cho bezzel th\u1ef1c s\u1ef1 n\u1ed5i b\u1eadt l\u00ean tr\u00ean ph\u1ea7n th\u00e2n m\u00e1y ch\u00ednh. C\u00f3 th\u1ec3 th\u1ea5y \u0111\u00e2y l\u00e0 n\u00e9t thi\u1ebft k\u1ebf tinh t\u1ebf h\u01a1n nhi\u1ec1u so v\u1edbi c\u00e1c si\u00eau ph\u1ea9m kh\u00e1c c\u1ee7a nh\u00e0 Hublot.<\/p>\n<p>M\u1ed9t trong nh\u1eefng \u0111i\u1ec1u l\u00e0m n\u00ean kh\u00ed ch\u1ea5t c\u1ee7a \u0111\u1ed3ng h\u1ed3 Hublot Aerofusion Moonphase Titanium ch\u00ednh l\u00e0 \u0111\u1ed9ng c\u01a1 c\u01a1 kh\u00ed nh\u1ecf b\u00e9 b\u00ean trong nh\u01b0ng l\u1ea1i c\u00f3 th\u1ec3 t\u1ea1o n\u00ean nh\u1eefng \u0111i\u1ec1u k\u00ec di\u1ec7u. B\u1ed9 m\u00e1y chuy\u1ec3n \u0111\u1ed9ng caliber HUB 1131 \u0111\u01b0\u1ee3c h\u00e9 l\u1ed9 m\u1ed9t ph\u1ea7n ngay \u1edf m\u1eb7t \u0111\u1ed3ng h\u1ed3 v\u1edbi c\u00e1c b\u00e1nh r\u0103ng ho\u1ea1t \u0111\u1ed9ng th\u00f4ng qua thi\u1ebft k\u1ebf\u00a0skeletonized l\u1ed9 c\u01a1. Khi nh\u00ecn v\u00e0o m\u1eb7t \u0111\u1ed3ng h\u1ed3, nhi\u1ec1u ng\u01b0\u1eddi s\u1ebd c\u00f3 c\u1ea3m gi\u00e1c h\u01a1i r\u1ed1i m\u1eaft m\u1ed9t ch\u00fat v\u1edbi s\u1ef1 t\u00edch h\u1ee3p c\u1ee7a nhi\u1ec1u t\u00ednh n\u0103ng c\u00f9ng m\u1ed9t l\u00fac. Tuy nhi\u00ean, khi s\u1edf h\u1eefu si\u00eau ph\u1ea9m n\u00e0y tr\u00ean tay b\u1ea1n s\u1ebd th\u1ef1c s\u1ef1 b\u1ecb thu h\u00fat b\u1edfi \u1edf v\u1ecb tr\u00ed 6h l\u00e0 khu v\u1ef1c \u0111\u1eb7t l\u1ecbch tu\u1ea7n tr\u0103ng m\u00e0u xanh d\u01b0\u01a1ng ph\u1ed1i v\u1edbi \u0111en tuy\u1ec1n.<\/p>\n<p>C\u00e1c th\u00e0nh ph\u1ea7n kh\u00e1c c\u1ee7a m\u1eb7t \u0111\u1ed3ng h\u1ed3 v\u1eabn mang nh\u1eefng \u0111\u1eb7c tr\u01b0ng c\u01a1 b\u1ea3n c\u1ee7a th\u01b0\u01a1ng hi\u1ec7u cao c\u1ea5p n\u00e0y t\u1eeb kim gi\u1edd, ph\u00fat, gi\u00e2y \u0111\u1ebfn c\u1ecdc ch\u1ec9 gi\u1edd. Thay v\u00ec s\u1eed d\u1ee5ng s\u1ed1 Ai C\u1eadp, Hublot ch\u1ec9 s\u1eed d\u1ee5ng c\u00e1c c\u1ecdc ch\u1ec9 gi\u1edd l\u00e0m b\u1eb1ng ch\u1ea5t li\u1ec7u Titanium v\u00e1t 4 g\u00f3c, gi\u00fap cho vi\u1ec7c b\u1eaft s\u00e1ng t\u1ed1t h\u01a1n. \u1ede v\u1ecb tr\u00ed g\u1ea7n 12h v\u00ec \u0111\u1eb7t khung c\u1eeda s\u1ed5 hi\u1ec3n th\u1ecb ng\u00e0y, th\u00e1ng n\u00ean t\u00ean c\u1ee7a th\u01b0\u01a1ng hi\u1ec7u n\u00e0y \u0111\u00e3 \u0111\u01b0\u1ee3c \u0111\u1eb7t l\u00f9i xu\u1ed1ng g\u1ea7n g\u00f3c 8h.<\/p>\n<p>Ph\u00eda sau c\u1ee7a \u0111\u1ed3ng h\u1ed3 c\u0169ng s\u1eed d\u1ee5ng m\u1eb7t k\u00ednh tinh th\u1ec3 sapphire n\u00ean c\u00f3 th\u1ec3 quan s\u00e1t \u0111\u01b0\u1ee3c b\u1ed9 m\u00e1y chuy\u1ec3n \u0111\u1ed9ng b\u00ean trong. Si\u00eau ph\u1ea9m n\u00e0y c\u00f3 kh\u1ea3 n\u0103ng l\u00ean d\u00e2y c\u00f3t trong 42 gi\u1edd \u0111\u1ed3ng h\u1ed3 v\u00e0 kh\u1ea3 n\u0103ng kh\u00e1ng n\u01b0\u1edbc l\u00e0 50m. V\u1ec1 d\u00e2y \u0111eo \u0111\u1ed3ng h\u1ed3 Hublot c\u0169ng kh\u00f4ng c\u00f3 qu\u00e1 nhi\u1ec1u \u0111i\u1ec3m kh\u00e1c bi\u1ec7t so v\u1edbi c\u00e1c anh em kh\u00e1c c\u1ee7a m\u00ecnh l\u00e0 ph\u00eda tr\u01b0\u1edbc ph\u00f9 l\u1edbp da c\u00e1 s\u1ea5u \u0111en c\u00f2n ph\u00eda sau l\u00e0 cao su m\u1ec1m m\u1ea1i, \u0111\u01b0\u1ee3c l\u01b0u h\u00f3a t\u1ed1t. Kh\u00f3a ch\u1ed1t c\u1ee7a Hublot Classic Fusion Aerofusion Moonphase Titanium Pave 42mm c\u0169ng \u0111\u01b0\u1ee3c l\u00e0m b\u1eb1ng ch\u1ea5t li\u1ec7u Titanium ch\u1eafc ch\u1eafn v\u00e0 b\u1ec1n b\u1ec9.<\/p>\n","protected":false},"excerpt":{"rendered":"<p>Nam\/N\u1eef : Nam\/N\u1eef<br \/>\nC\u01a1 ch\u1ebf m\u00e1y : Automatic<br \/>\nK\u00edch th\u01b0\u1edbc : 42mm<br \/>\nCh\u1ee9c n\u0103ng : Gi\u1edd, Ph\u00fat, Gi\u00e2y, Ng\u00e0y, Moonphase<br \/>\nD\u00e2y \u0111eo : D\u00e2y \u0111eo cao su \u0111en v\u00e0 da c\u00e1 s\u1ea5u<br \/>\nT\u00ecnh tr\u1ea1ng : Brand New<br \/>\nPhong c\u00e1ch : Tr\u1ebb Trung,Hi\u1ec7n \u0110\u1ea1i<br \/>\nD\u1ef1 tr\u1eef c\u00f3t : 42H<br \/>\nM\u1eb7t \u0111\u1ed3ng h\u1ed3 : Sapphire<br \/>\nKh\u1ea3 n\u0103ng ch\u1ed1ng n\u01b0\u1edbc : 50m (ATM)<\/p>\n<p>Ch\u1ea5t li\u1ec7u v\u1ecf: Titanium<\/p>\n","protected":false},"featured_media":10830,"comment_status":"open","ping_status":"closed","template":"","meta":[],"product_cat":[195,242,320],"product_tag":[],"class_list":["post-10829","product","type-product","status-publish","has-post-thumbnail","hentry","product_cat-mens-watches","product_cat-womens-watches","product_cat-hublot","product_brand-hublot"],"yoast_head":"<!-- This site is optimized with the Yoast SEO plugin v21.6 - https:\/\/yoast.com\/wordpress\/plugins\/seo\/ -->\n<title>Hublot Classic Fusion Aerofusion Moonphase Titanium Pave 42mm - Phoenix Luxury<\/title>\n<meta name=\"description\" content=\"Hublot Classic Fusion Aerofusion Moonphase Titanium Pave 42mm c\u00f3 thi\u1ebft k\u1ebf kh\u00e1 m\u1ea3nh d\u1ebb v\u1edbi \u0111\u1ed9 d\u00e0y ch\u1ec9 c\u00f3 12mm c\u00f9ng ph\u1ea7n lugs t\u00edch h\u1ee3p theo \u0111\u1ed9 cong\" \/>\n<meta name=\"robots\" content=\"index, follow, max-snippet:-1, max-image-preview:large, max-video-preview:-1\" \/>\n<link rel=\"canonical\" href=\"https:\/\/nishiki-cycle.com\/demo\/san-pham\/hublot-classic-fusion-aerofusion-moonphase-titanium-pave-42mm\/\" \/>\n<meta property=\"og:locale\" content=\"vi_VN\" \/>\n<meta property=\"og:type\" content=\"article\" \/>\n<meta property=\"og:title\" content=\"Hublot Classic Fusion Aerofusion Moonphase Titanium Pave 42mm - Phoenix Luxury\" \/>\n<meta property=\"og:description\" content=\"Hublot Classic Fusion Aerofusion Moonphase Titanium Pave 42mm c\u00f3 thi\u1ebft k\u1ebf kh\u00e1 m\u1ea3nh d\u1ebb v\u1edbi \u0111\u1ed9 d\u00e0y ch\u1ec9 c\u00f3 12mm c\u00f9ng ph\u1ea7n lugs t\u00edch h\u1ee3p theo \u0111\u1ed9 cong\" \/>\n<meta property=\"og:url\" content=\"https:\/\/nishiki-cycle.com\/demo\/san-pham\/hublot-classic-fusion-aerofusion-moonphase-titanium-pave-42mm\/\" \/>\n<meta property=\"og:site_name\" content=\"Phoenix Luxury\" \/>\n<meta property=\"article:modified_time\" content=\"2023-12-09T12:42:06+00:00\" \/>\n<meta property=\"og:image\" content=\"https:\/\/nishiki-cycle.com\/demo\/wp-content\/uploads\/2023\/11\/1-6.png\" \/>\n\t<meta property=\"og:image:width\" content=\"900\" \/>\n\t<meta property=\"og:image:height\" content=\"900\" \/>\n\t<meta property=\"og:image:type\" content=\"image\/png\" \/>\n<meta name=\"twitter:card\" content=\"summary_large_image\" \/>\n<meta name=\"twitter:label1\" content=\"\u01af\u1edbc t\u00ednh th\u1eddi gian \u0111\u1ecdc\" \/>\n\t<meta name=\"twitter:data1\" content=\"4 ph\u00fat\" \/>\n<script type=\"application\/ld+json\" class=\"yoast-schema-graph\">{\"@context\":\"https:\/\/schema.org\",\"@graph\":[{\"@type\":\"WebPage\",\"@id\":\"https:\/\/nishiki-cycle.com\/demo\/san-pham\/hublot-classic-fusion-aerofusion-moonphase-titanium-pave-42mm\/\",\"url\":\"https:\/\/nishiki-cycle.com\/demo\/san-pham\/hublot-classic-fusion-aerofusion-moonphase-titanium-pave-42mm\/\",\"name\":\"Hublot Classic Fusion Aerofusion Moonphase Titanium Pave 42mm - Phoenix Luxury\",\"isPartOf\":{\"@id\":\"https:\/\/nishiki-cycle.com\/demo\/#website\"},\"datePublished\":\"2023-11-26T17:42:10+00:00\",\"dateModified\":\"2023-12-09T12:42:06+00:00\",\"description\":\"Hublot Classic Fusion Aerofusion Moonphase Titanium Pave 42mm c\u00f3 thi\u1ebft k\u1ebf kh\u00e1 m\u1ea3nh d\u1ebb v\u1edbi \u0111\u1ed9 d\u00e0y ch\u1ec9 c\u00f3 12mm c\u00f9ng ph\u1ea7n lugs t\u00edch h\u1ee3p theo \u0111\u1ed9 cong\",\"breadcrumb\":{\"@id\":\"https:\/\/nishiki-cycle.com\/demo\/san-pham\/hublot-classic-fusion-aerofusion-moonphase-titanium-pave-42mm\/#breadcrumb\"},\"inLanguage\":\"vi\",\"potentialAction\":[{\"@type\":\"ReadAction\",\"target\":[\"https:\/\/nishiki-cycle.com\/demo\/san-pham\/hublot-classic-fusion-aerofusion-moonphase-titanium-pave-42mm\/\"]}]},{\"@type\":\"BreadcrumbList\",\"@id\":\"https:\/\/nishiki-cycle.com\/demo\/san-pham\/hublot-classic-fusion-aerofusion-moonphase-titanium-pave-42mm\/#breadcrumb\",\"itemListElement\":[{\"@type\":\"ListItem\",\"position\":1,\"name\":\"Trang ch\u1ee7\",\"item\":\"https:\/\/nishiki-cycle.com\/demo\/\"},{\"@type\":\"ListItem\",\"position\":2,\"name\":\"C\u1eeda h\u00e0ng\",\"item\":\"https:\/\/nishiki-cycle.com\/demo\/cua-hang\/\"},{\"@type\":\"ListItem\",\"position\":3,\"name\":\"HUBLOT CLASSIC FUSION AEROFUSION MOONPHASE TITANIUM PAVE 42MM\"}]},{\"@type\":\"WebSite\",\"@id\":\"https:\/\/nishiki-cycle.com\/demo\/#website\",\"url\":\"https:\/\/nishiki-cycle.com\/demo\/\",\"name\":\"Phoenix Luxury\",\"description\":\"\",\"potentialAction\":[{\"@type\":\"SearchAction\",\"target\":{\"@type\":\"EntryPoint\",\"urlTemplate\":\"https:\/\/nishiki-cycle.com\/demo\/?s={search_term_string}\"},\"query-input\":\"required name=search_term_string\"}],\"inLanguage\":\"vi\"}]}<\/script>\n<!-- \/ Yoast SEO plugin. -->","yoast_head_json":{"title":"Hublot Classic Fusion Aerofusion Moonphase Titanium Pave 42mm - Phoenix Luxury","description":"Hublot Classic Fusion Aerofusion Moonphase Titanium Pave 42mm c\u00f3 thi\u1ebft k\u1ebf kh\u00e1 m\u1ea3nh d\u1ebb v\u1edbi \u0111\u1ed9 d\u00e0y ch\u1ec9 c\u00f3 12mm c\u00f9ng ph\u1ea7n lugs t\u00edch h\u1ee3p theo \u0111\u1ed9 cong","robots":{"index":"index","follow":"follow","max-snippet":"max-snippet:-1","max-image-preview":"max-image-preview:large","max-video-preview":"max-video-preview:-1"},"canonical":"https:\/\/nishiki-cycle.com\/demo\/san-pham\/hublot-classic-fusion-aerofusion-moonphase-titanium-pave-42mm\/","og_locale":"vi_VN","og_type":"article","og_title":"Hublot Classic Fusion Aerofusion Moonphase Titanium Pave 42mm - Phoenix Luxury","og_description":"Hublot Classic Fusion Aerofusion Moonphase Titanium Pave 42mm c\u00f3 thi\u1ebft k\u1ebf kh\u00e1 m\u1ea3nh d\u1ebb v\u1edbi \u0111\u1ed9 d\u00e0y ch\u1ec9 c\u00f3 12mm c\u00f9ng ph\u1ea7n lugs t\u00edch h\u1ee3p theo \u0111\u1ed9 cong","og_url":"https:\/\/nishiki-cycle.com\/demo\/san-pham\/hublot-classic-fusion-aerofusion-moonphase-titanium-pave-42mm\/","og_site_name":"Phoenix Luxury","article_modified_time":"2023-12-09T12:42:06+00:00","og_image":[{"width":900,"height":900,"url":"https:\/\/nishiki-cycle.com\/demo\/wp-content\/uploads\/2023\/11\/1-6.png","type":"image\/png"}],"twitter_card":"summary_large_image","twitter_misc":{"\u01af\u1edbc t\u00ednh th\u1eddi gian \u0111\u1ecdc":"4 ph\u00fat"},"schema":{"@context":"https:\/\/schema.org","@graph":[{"@type":"WebPage","@id":"https:\/\/nishiki-cycle.com\/demo\/san-pham\/hublot-classic-fusion-aerofusion-moonphase-titanium-pave-42mm\/","url":"https:\/\/nishiki-cycle.com\/demo\/san-pham\/hublot-classic-fusion-aerofusion-moonphase-titanium-pave-42mm\/","name":"Hublot Classic Fusion Aerofusion Moonphase Titanium Pave 42mm - Phoenix Luxury","isPartOf":{"@id":"https:\/\/nishiki-cycle.com\/demo\/#website"},"datePublished":"2023-11-26T17:42:10+00:00","dateModified":"2023-12-09T12:42:06+00:00","description":"Hublot Classic Fusion Aerofusion Moonphase Titanium Pave 42mm c\u00f3 thi\u1ebft k\u1ebf kh\u00e1 m\u1ea3nh d\u1ebb v\u1edbi \u0111\u1ed9 d\u00e0y ch\u1ec9 c\u00f3 12mm c\u00f9ng ph\u1ea7n lugs t\u00edch h\u1ee3p theo \u0111\u1ed9 cong","breadcrumb":{"@id":"https:\/\/nishiki-cycle.com\/demo\/san-pham\/hublot-classic-fusion-aerofusion-moonphase-titanium-pave-42mm\/#breadcrumb"},"inLanguage":"vi","potentialAction":[{"@type":"ReadAction","target":["https:\/\/nishiki-cycle.com\/demo\/san-pham\/hublot-classic-fusion-aerofusion-moonphase-titanium-pave-42mm\/"]}]},{"@type":"BreadcrumbList","@id":"https:\/\/nishiki-cycle.com\/demo\/san-pham\/hublot-classic-fusion-aerofusion-moonphase-titanium-pave-42mm\/#breadcrumb","itemListElement":[{"@type":"ListItem","position":1,"name":"Trang ch\u1ee7","item":"https:\/\/nishiki-cycle.com\/demo\/"},{"@type":"ListItem","position":2,"name":"C\u1eeda h\u00e0ng","item":"https:\/\/nishiki-cycle.com\/demo\/cua-hang\/"},{"@type":"ListItem","position":3,"name":"HUBLOT CLASSIC FUSION AEROFUSION MOONPHASE TITANIUM PAVE 42MM"}]},{"@type":"WebSite","@id":"https:\/\/nishiki-cycle.com\/demo\/#website","url":"https:\/\/nishiki-cycle.com\/demo\/","name":"Phoenix Luxury","description":"","potentialAction":[{"@type":"SearchAction","target":{"@type":"EntryPoint","urlTemplate":"https:\/\/nishiki-cycle.com\/demo\/?s={search_term_string}"},"query-input":"required name=search_term_string"}],"inLanguage":"vi"}]}},"_links":{"self":[{"href":"https:\/\/nishiki-cycle.com\/demo\/wp-json\/wp\/v2\/product\/10829","targetHints":{"allow":["GET"]}}],"collection":[{"href":"https:\/\/nishiki-cycle.com\/demo\/wp-json\/wp\/v2\/product"}],"about":[{"href":"https:\/\/nishiki-cycle.com\/demo\/wp-json\/wp\/v2\/types\/product"}],"replies":[{"embeddable":true,"href":"https:\/\/nishiki-cycle.com\/demo\/wp-json\/wp\/v2\/comments?post=10829"}],"wp:featuredmedia":[{"embeddable":true,"href":"https:\/\/nishiki-cycle.com\/demo\/wp-json\/wp\/v2\/media\/10830"}],"wp:attachment":[{"href":"https:\/\/nishiki-cycle.com\/demo\/wp-json\/wp\/v2\/media?parent=10829"}],"wp:term":[{"taxonomy":"product_cat","embeddable":true,"href":"https:\/\/nishiki-cycle.com\/demo\/wp-json\/wp\/v2\/product_cat?post=10829"},{"taxonomy":"product_tag","embeddable":true,"href":"https:\/\/nishiki-cycle.com\/demo\/wp-json\/wp\/v2\/product_tag?post=10829"}],"curies":[{"name":"wp","href":"https:\/\/api.w.org\/{rel}","templated":true}]}}