{"id":10864,"date":"2023-11-29T17:27:12","date_gmt":"2023-11-29T17:27:12","guid":{"rendered":"https:\/\/nishiki-cycle.com\/demo\/?post_type=product&#038;p=10864"},"modified":"2023-12-09T12:39:17","modified_gmt":"2023-12-09T12:39:17","slug":"hublot-spirit-of-big-bang-blue-titanium-45mm","status":"publish","type":"product","link":"https:\/\/nishiki-cycle.com\/demo\/san-pham\/hublot-spirit-of-big-bang-blue-titanium-45mm\/","title":{"rendered":"Hublot Spirit Of Big Bang Blue Titanium 45mm"},"content":{"rendered":"<p><img fetchpriority=\"high\" decoding=\"async\" class=\"size-medium wp-image-10865 aligncenter\" src=\"https:\/\/nishiki-cycle.com\/demo\/wp-content\/uploads\/2023\/11\/1-11-300x300.png\" alt=\"\" width=\"300\" height=\"300\" srcset=\"https:\/\/nishiki-cycle.com\/demo\/wp-content\/uploads\/2023\/11\/1-11-300x300.png 300w, https:\/\/nishiki-cycle.com\/demo\/wp-content\/uploads\/2023\/11\/1-11-150x150.png 150w, https:\/\/nishiki-cycle.com\/demo\/wp-content\/uploads\/2023\/11\/1-11-768x768.png 768w, https:\/\/nishiki-cycle.com\/demo\/wp-content\/uploads\/2023\/11\/1-11-600x600.png 600w, https:\/\/nishiki-cycle.com\/demo\/wp-content\/uploads\/2023\/11\/1-11-100x100.png 100w, https:\/\/nishiki-cycle.com\/demo\/wp-content\/uploads\/2023\/11\/1-11.png 900w\" sizes=\"(max-width: 300px) 100vw, 300px\" \/><\/p>\n<p>Hublot Spirit Of Big Bang Blue Titanium 45mm mang m\u00e3 hi\u1ec7u ref 601.NX.7170.LR l\u00e0 m\u1eabu \u0111\u1ed3ng h\u1ed3 s\u1edf h\u1eefu m\u1ed9t k\u00edch th\u01b0\u1edbc kh\u00e1 l\u1edbn 45mm \u0111i c\u00f9ng v\u1edbi ch\u1ea5t li\u1ec7u titanium si\u00eau b\u1ec1n nh\u1eb9.<\/p>\n<p>Mang \u0111\u1eadm m\u00e0u s\u1eafc nam t\u00ednh v\u00e0 m\u1ea1nh m\u1ebd, b\u1ed9 b\u1ecf c\u1ee7a c\u1ed7 m\u00e1y Hublot Spirit Of Big Bang Blue Titanium 45mm \u0111\u00e3 \u0111\u01b0\u1ee3c ho\u00e0n thi\u1ec7n theo ph\u01b0\u01a1ng ph\u00e9p ch\u1ea3i x\u01b0\u1edbc m\u1edd. Tr\u00ean v\u00e0nh bezel l\u00e0 6 \u0111inh \u1ed1c c\u00e1ch \u0111i\u1ec7u mang d\u00e1ng c\u1ee7a ch\u1eef H nh\u00e0 Hublot. V\u00e0nh bezel \u0111\u01b0\u1ee3c thi\u1ebft k\u1ebf v\u1edbi nh\u1eefng kho\u1ea3ng ch\u00ecm xu\u1ed1ng t\u1ea1o hi\u1ec7u \u1ee9ng 3D \u2013 l\u00e0 m\u1ed9t chi ti\u1ebft nh\u1ea5n nh\u00e1 cho t\u1ed5ng th\u1ec3 b\u1ed9 v\u1ecf khung c\u1ee7a chi\u1ebfc \u0111\u1ed3ng h\u1ed3.<\/p>\n<p>B\u00ean trong l\u00e0 m\u1eb7t s\u1ed1 xu\u1ea5t hi\u1ec7n v\u1edbi t\u00f4ng m\u00e0u ghi x\u00e1m ch\u1ee7 \u0111\u1ea1o c\u00f9ng v\u1edbi phong c\u00e1ch thi\u1ebft k\u1ebf d\u1ea1ng skeleton. Chi\u1ebfc\u00a0<span style=\"color: #0000ff;\"><a style=\"color: #0000ff;\" title=\"\u0111\u1ed3ng h\u1ed3 Hublot ch\u00ednh h\u00e3ng\" href=\"https:\/\/nishiki-cycle.com\/demo\/danh-muc-san-pham\/hublot\/?product_count=36\"><strong>\u0111\u1ed3ng h\u1ed3 Hublot ch\u00ednh h\u00e3ng<\/strong><\/a><\/span>\u00a0n\u00e0y \u0111\u00e3 mang \u0111\u1ebfn nh\u1eefng s\u1ef1 tr\u1ea3i nghi\u1ec7m m\u1edbi m\u1ebb cho ng\u01b0\u1eddi d\u00f9ng. S\u1ef1 c\u00f3 m\u1eb7t c\u1ee7a nh\u1eefng \u0111\u00f2n b\u1ea3y, nh\u1eefng b\u00e1nh xe ph\u1ee5c v\u1ee5 t\u00ednh n\u0103ng chronograph t\u1ea1i hai m\u1eb7t s\u1ed1 ph\u1ee5 v\u1edbi v\u00f2ng v\u1ea1ch \u0111i\u1ec3m ch\u1ec9 s\u1ed1 m\u00e0u xanh t\u1ea1i g\u00f3c 3 gi\u1edd v\u00e0 6 gi\u1edd tr\u00ean m\u1eb7t s\u1ed1. Ch\u00fang ta c\u00f3 th\u1ec3 d\u1ec5 d\u00e0ng chi\u00eam ng\u01b0\u1ee1ng \u0111\u0129a tr\u00f2n v\u1edbi 31 ng\u00e0y ch\u1ec9 ng\u00e0y t\u1ea1i ngo\u00e0i c\u00f9ng, bao tr\u1ecdn t\u1ea5t th\u1ea3y c\u00e1c m\u1eb7t s\u1ed1 ph\u1ee5. \u00d4 c\u1eeda s\u1ed5 b\u00e1o ng\u00e0y h\u00ecnh thang v\u1ed1n \u0111\u01b0\u1ee3c qu\u00e9t m\u1ed9t l\u1edbp s\u01a1n ch\u1ea5m \u0111\u1ecf kh\u00e1 d\u1ec5 nh\u00ecn \u0111\u01b0\u1ee3c nh\u00e0 s\u1ea3n xu\u1ea5t \u0111\u1eb7t t\u1ea1i g\u00f3c t\u1eeb 4-5 gi\u1edd. Nh\u01b0 m\u1ed9t l\u1eddi tuy\u00ean b\u1ed1 m\u1edbi, to\u00e0n th\u1ec3 v\u1ea1ch \u0111\u1ebfm ph\u00fat c\u0169ng \u0111\u01b0\u1ee3c s\u01a1n m\u00e0u \u0111\u1ecf t\u01b0\u01a1ng t\u1ef1 kim gi\u00e2y chronograph \u0111\u1eb7t t\u1ea1i trung t\u00e2m.<\/p>\n<p>L\u00e0 m\u1ed9t s\u1ef1 th\u00e1ch th\u1ee9c v\u1edbi b\u00f3ng t\u1ed1i, h\u1ec7 th\u1ed1ng 12 c\u1ecdc ch\u1ec9 gi\u1edd v\u00e0 b\u1ed9 kim d\u00e1ng b\u00fat ch\u00ec m\u1ea1nh m\u1ebd tr\u00ean m\u1eb7t s\u1ed1 c\u1ee7a chi\u1ebfc \u0111\u1ed3ng h\u1ed3 Hublot Spirit of Big Bang \u0111\u00e3 \u0111\u01b0\u1ee3c ch\u1ebf t\u00e1c trong k\u00edch th\u01b0\u1edbc kh\u00e1 l\u1edbn, \u0111\u1ea3m b\u1ea3o kho\u1ea3n d\u1ec5 nh\u00ecn cho ng\u01b0\u1eddi d\u00f9ng. H\u1ec7 th\u1ed1ng c\u1ecdc ch\u1ec9 gi\u1edd v\u00e0 hai kim b\u00e1o gi\u1edd v\u00e0 ph\u00fat \u0111\u1ec1u \u0111\u01b0\u1ee3c ph\u1ee7 ch\u00ednh gi\u1eefa b\u1edfi ch\u1ea5t ph\u00e1t quang hi\u1ec7n \u0111\u1ea1i c\u1ee7a nh\u00e0 Hublot.<\/p>\n<p>\u1ede thi\u1ebft k\u1ebf m\u1edbi n\u00e0y, Hublot \u0111\u00e3 trang s\u1eed d\u1ee5ng b\u1ed9 m\u00e1y HUB4700 \u0111\u1ec3 cung c\u1ea5p n\u0103ng l\u01b0\u1ee3ng cho c\u1ea3 chi\u1ebfc \u0111\u1ed3ng h\u1ed3. \u0110\u01b0\u1ee3c bi\u1ebft, HUB4700 l\u00e0 s\u00e1ng t\u1ea1o c\u1ee7a Hublot tr\u00ean b\u1ed9 m\u00e1y n\u1ec1n El Primero \u0111em l\u1ea1i ti\u1ebfng vang l\u1edbn cho th\u01b0\u01a1ng hi\u1ec7u Zenith, c\u00f3 kh\u1ea3 n\u0103ng cung c\u1ea5p n\u0103ng l\u01b0\u1ee3ng trong v\u00f2ng 50 gi\u1edd \u0111\u1ed3ng h\u1ed3.<\/p>\n","protected":false},"excerpt":{"rendered":"<p>M\u00e3:\u00a0601.NX.7170.LR<\/p>\n<p>Xu\u1ea5t x\u1ee9: Th\u1ee5y S\u0129<\/p>\n<p>B\u1ed9 s\u01b0u t\u1eadp:\u00a0Spirit Of Big Bang<\/p>\n<p>K\u00edch th\u01b0\u1edbc: 45mm<\/p>\n<p>K\u00ednh: Sapphire<\/p>\n<p>M\u1eb7t s\u1ed1: Skeleton<\/p>\n<p>B\u1ed9 m\u00e1y: Automatic &#8211;\u00a0HUB4700<\/p>\n<p>D\u1ef1 tr\u1eef n\u0103ng l\u01b0\u1ee3ng: 50 gi\u1edd<\/p>\n<p>Ch\u1ee9c n\u0103ng:\u00a0Gi\u1edd, Ph\u00fat, Gi\u00e2y, Ng\u00e0y,\u00a0Chronograph<\/p>\n<p>Ch\u1ea5t li\u1ec7u: Titanium<\/p>\n<p>Bezel: Titanium, 6 \u0111inh \u1ed1c h\u00ecnh ch\u1eef H b\u1eb1ng titanium<\/p>\n","protected":false},"featured_media":10865,"comment_status":"open","ping_status":"closed","template":"","meta":[],"product_cat":[195,320],"product_tag":[],"class_list":["post-10864","product","type-product","status-publish","has-post-thumbnail","hentry","product_cat-mens-watches","product_cat-hublot","product_brand-hublot"],"yoast_head":"<!-- This site is optimized with the Yoast SEO plugin v21.6 - https:\/\/yoast.com\/wordpress\/plugins\/seo\/ -->\n<title>Hublot Spirit Of Big Bang Blue Titanium 45mm - Phoenix Luxury<\/title>\n<meta name=\"description\" content=\"Hublot Spirit Of Big Bang Blue Titanium 45mm s\u1edf h\u1eefu m\u1ed9t k\u00edch th\u01b0\u1edbc kh\u00e1 l\u1edbn 45mm \u0111i c\u00f9ng v\u1edbi ch\u1ea5t li\u1ec7u titanium si\u00eau b\u1ec1n nh\u1eb9\" \/>\n<meta name=\"robots\" content=\"index, follow, max-snippet:-1, max-image-preview:large, max-video-preview:-1\" \/>\n<link rel=\"canonical\" href=\"https:\/\/nishiki-cycle.com\/demo\/san-pham\/hublot-spirit-of-big-bang-blue-titanium-45mm\/\" \/>\n<meta property=\"og:locale\" content=\"vi_VN\" \/>\n<meta property=\"og:type\" content=\"article\" \/>\n<meta property=\"og:title\" content=\"Hublot Spirit Of Big Bang Blue Titanium 45mm - Phoenix Luxury\" \/>\n<meta property=\"og:description\" content=\"Hublot Spirit Of Big Bang Blue Titanium 45mm s\u1edf h\u1eefu m\u1ed9t k\u00edch th\u01b0\u1edbc kh\u00e1 l\u1edbn 45mm \u0111i c\u00f9ng v\u1edbi ch\u1ea5t li\u1ec7u titanium si\u00eau b\u1ec1n nh\u1eb9\" \/>\n<meta property=\"og:url\" content=\"https:\/\/nishiki-cycle.com\/demo\/san-pham\/hublot-spirit-of-big-bang-blue-titanium-45mm\/\" \/>\n<meta property=\"og:site_name\" content=\"Phoenix Luxury\" \/>\n<meta property=\"article:modified_time\" content=\"2023-12-09T12:39:17+00:00\" \/>\n<meta property=\"og:image\" content=\"https:\/\/nishiki-cycle.com\/demo\/wp-content\/uploads\/2023\/11\/1-11.png\" \/>\n\t<meta property=\"og:image:width\" content=\"900\" \/>\n\t<meta property=\"og:image:height\" content=\"900\" \/>\n\t<meta property=\"og:image:type\" content=\"image\/png\" \/>\n<meta name=\"twitter:card\" content=\"summary_large_image\" \/>\n<meta name=\"twitter:label1\" content=\"\u01af\u1edbc t\u00ednh th\u1eddi gian \u0111\u1ecdc\" \/>\n\t<meta name=\"twitter:data1\" content=\"3 ph\u00fat\" \/>\n<script type=\"application\/ld+json\" class=\"yoast-schema-graph\">{\"@context\":\"https:\/\/schema.org\",\"@graph\":[{\"@type\":\"WebPage\",\"@id\":\"https:\/\/nishiki-cycle.com\/demo\/san-pham\/hublot-spirit-of-big-bang-blue-titanium-45mm\/\",\"url\":\"https:\/\/nishiki-cycle.com\/demo\/san-pham\/hublot-spirit-of-big-bang-blue-titanium-45mm\/\",\"name\":\"Hublot Spirit Of Big Bang Blue Titanium 45mm - Phoenix Luxury\",\"isPartOf\":{\"@id\":\"https:\/\/nishiki-cycle.com\/demo\/#website\"},\"datePublished\":\"2023-11-29T17:27:12+00:00\",\"dateModified\":\"2023-12-09T12:39:17+00:00\",\"description\":\"Hublot Spirit Of Big Bang Blue Titanium 45mm s\u1edf h\u1eefu m\u1ed9t k\u00edch th\u01b0\u1edbc kh\u00e1 l\u1edbn 45mm \u0111i c\u00f9ng v\u1edbi ch\u1ea5t li\u1ec7u titanium si\u00eau b\u1ec1n nh\u1eb9\",\"breadcrumb\":{\"@id\":\"https:\/\/nishiki-cycle.com\/demo\/san-pham\/hublot-spirit-of-big-bang-blue-titanium-45mm\/#breadcrumb\"},\"inLanguage\":\"vi\",\"potentialAction\":[{\"@type\":\"ReadAction\",\"target\":[\"https:\/\/nishiki-cycle.com\/demo\/san-pham\/hublot-spirit-of-big-bang-blue-titanium-45mm\/\"]}]},{\"@type\":\"BreadcrumbList\",\"@id\":\"https:\/\/nishiki-cycle.com\/demo\/san-pham\/hublot-spirit-of-big-bang-blue-titanium-45mm\/#breadcrumb\",\"itemListElement\":[{\"@type\":\"ListItem\",\"position\":1,\"name\":\"Trang ch\u1ee7\",\"item\":\"https:\/\/nishiki-cycle.com\/demo\/\"},{\"@type\":\"ListItem\",\"position\":2,\"name\":\"C\u1eeda h\u00e0ng\",\"item\":\"https:\/\/nishiki-cycle.com\/demo\/cua-hang\/\"},{\"@type\":\"ListItem\",\"position\":3,\"name\":\"HUBLOT SPIRIT OF BIG BANG BLUE TITANIUM 45MM\"}]},{\"@type\":\"WebSite\",\"@id\":\"https:\/\/nishiki-cycle.com\/demo\/#website\",\"url\":\"https:\/\/nishiki-cycle.com\/demo\/\",\"name\":\"Phoenix Luxury\",\"description\":\"\",\"potentialAction\":[{\"@type\":\"SearchAction\",\"target\":{\"@type\":\"EntryPoint\",\"urlTemplate\":\"https:\/\/nishiki-cycle.com\/demo\/?s={search_term_string}\"},\"query-input\":\"required name=search_term_string\"}],\"inLanguage\":\"vi\"}]}<\/script>\n<!-- \/ Yoast SEO plugin. -->","yoast_head_json":{"title":"Hublot Spirit Of Big Bang Blue Titanium 45mm - Phoenix Luxury","description":"Hublot Spirit Of Big Bang Blue Titanium 45mm s\u1edf h\u1eefu m\u1ed9t k\u00edch th\u01b0\u1edbc kh\u00e1 l\u1edbn 45mm \u0111i c\u00f9ng v\u1edbi ch\u1ea5t li\u1ec7u titanium si\u00eau b\u1ec1n nh\u1eb9","robots":{"index":"index","follow":"follow","max-snippet":"max-snippet:-1","max-image-preview":"max-image-preview:large","max-video-preview":"max-video-preview:-1"},"canonical":"https:\/\/nishiki-cycle.com\/demo\/san-pham\/hublot-spirit-of-big-bang-blue-titanium-45mm\/","og_locale":"vi_VN","og_type":"article","og_title":"Hublot Spirit Of Big Bang Blue Titanium 45mm - Phoenix Luxury","og_description":"Hublot Spirit Of Big Bang Blue Titanium 45mm s\u1edf h\u1eefu m\u1ed9t k\u00edch th\u01b0\u1edbc kh\u00e1 l\u1edbn 45mm \u0111i c\u00f9ng v\u1edbi ch\u1ea5t li\u1ec7u titanium si\u00eau b\u1ec1n nh\u1eb9","og_url":"https:\/\/nishiki-cycle.com\/demo\/san-pham\/hublot-spirit-of-big-bang-blue-titanium-45mm\/","og_site_name":"Phoenix Luxury","article_modified_time":"2023-12-09T12:39:17+00:00","og_image":[{"width":900,"height":900,"url":"https:\/\/nishiki-cycle.com\/demo\/wp-content\/uploads\/2023\/11\/1-11.png","type":"image\/png"}],"twitter_card":"summary_large_image","twitter_misc":{"\u01af\u1edbc t\u00ednh th\u1eddi gian \u0111\u1ecdc":"3 ph\u00fat"},"schema":{"@context":"https:\/\/schema.org","@graph":[{"@type":"WebPage","@id":"https:\/\/nishiki-cycle.com\/demo\/san-pham\/hublot-spirit-of-big-bang-blue-titanium-45mm\/","url":"https:\/\/nishiki-cycle.com\/demo\/san-pham\/hublot-spirit-of-big-bang-blue-titanium-45mm\/","name":"Hublot Spirit Of Big Bang Blue Titanium 45mm - Phoenix Luxury","isPartOf":{"@id":"https:\/\/nishiki-cycle.com\/demo\/#website"},"datePublished":"2023-11-29T17:27:12+00:00","dateModified":"2023-12-09T12:39:17+00:00","description":"Hublot Spirit Of Big Bang Blue Titanium 45mm s\u1edf h\u1eefu m\u1ed9t k\u00edch th\u01b0\u1edbc kh\u00e1 l\u1edbn 45mm \u0111i c\u00f9ng v\u1edbi ch\u1ea5t li\u1ec7u titanium si\u00eau b\u1ec1n nh\u1eb9","breadcrumb":{"@id":"https:\/\/nishiki-cycle.com\/demo\/san-pham\/hublot-spirit-of-big-bang-blue-titanium-45mm\/#breadcrumb"},"inLanguage":"vi","potentialAction":[{"@type":"ReadAction","target":["https:\/\/nishiki-cycle.com\/demo\/san-pham\/hublot-spirit-of-big-bang-blue-titanium-45mm\/"]}]},{"@type":"BreadcrumbList","@id":"https:\/\/nishiki-cycle.com\/demo\/san-pham\/hublot-spirit-of-big-bang-blue-titanium-45mm\/#breadcrumb","itemListElement":[{"@type":"ListItem","position":1,"name":"Trang ch\u1ee7","item":"https:\/\/nishiki-cycle.com\/demo\/"},{"@type":"ListItem","position":2,"name":"C\u1eeda h\u00e0ng","item":"https:\/\/nishiki-cycle.com\/demo\/cua-hang\/"},{"@type":"ListItem","position":3,"name":"HUBLOT SPIRIT OF BIG BANG BLUE TITANIUM 45MM"}]},{"@type":"WebSite","@id":"https:\/\/nishiki-cycle.com\/demo\/#website","url":"https:\/\/nishiki-cycle.com\/demo\/","name":"Phoenix Luxury","description":"","potentialAction":[{"@type":"SearchAction","target":{"@type":"EntryPoint","urlTemplate":"https:\/\/nishiki-cycle.com\/demo\/?s={search_term_string}"},"query-input":"required name=search_term_string"}],"inLanguage":"vi"}]}},"_links":{"self":[{"href":"https:\/\/nishiki-cycle.com\/demo\/wp-json\/wp\/v2\/product\/10864","targetHints":{"allow":["GET"]}}],"collection":[{"href":"https:\/\/nishiki-cycle.com\/demo\/wp-json\/wp\/v2\/product"}],"about":[{"href":"https:\/\/nishiki-cycle.com\/demo\/wp-json\/wp\/v2\/types\/product"}],"replies":[{"embeddable":true,"href":"https:\/\/nishiki-cycle.com\/demo\/wp-json\/wp\/v2\/comments?post=10864"}],"wp:featuredmedia":[{"embeddable":true,"href":"https:\/\/nishiki-cycle.com\/demo\/wp-json\/wp\/v2\/media\/10865"}],"wp:attachment":[{"href":"https:\/\/nishiki-cycle.com\/demo\/wp-json\/wp\/v2\/media?parent=10864"}],"wp:term":[{"taxonomy":"product_cat","embeddable":true,"href":"https:\/\/nishiki-cycle.com\/demo\/wp-json\/wp\/v2\/product_cat?post=10864"},{"taxonomy":"product_tag","embeddable":true,"href":"https:\/\/nishiki-cycle.com\/demo\/wp-json\/wp\/v2\/product_tag?post=10864"}],"curies":[{"name":"wp","href":"https:\/\/api.w.org\/{rel}","templated":true}]}}