{"id":10900,"date":"2023-11-29T18:19:03","date_gmt":"2023-11-29T18:19:03","guid":{"rendered":"https:\/\/nishiki-cycle.com\/demo\/?post_type=product&#038;p=10900"},"modified":"2023-12-09T12:29:33","modified_gmt":"2023-12-09T12:29:33","slug":"hublot-spirit-of-big-bang-blue-ceramic-45mm","status":"publish","type":"product","link":"https:\/\/nishiki-cycle.com\/demo\/san-pham\/hublot-spirit-of-big-bang-blue-ceramic-45mm\/","title":{"rendered":"Hublot Spirit Of Big Bang Blue Ceramic 45mm"},"content":{"rendered":"<p><img fetchpriority=\"high\" decoding=\"async\" class=\"size-medium wp-image-10901 aligncenter\" src=\"https:\/\/nishiki-cycle.com\/demo\/wp-content\/uploads\/2023\/11\/1-18-300x300.png\" alt=\"\" width=\"300\" height=\"300\" srcset=\"https:\/\/nishiki-cycle.com\/demo\/wp-content\/uploads\/2023\/11\/1-18-300x300.png 300w, https:\/\/nishiki-cycle.com\/demo\/wp-content\/uploads\/2023\/11\/1-18-150x150.png 150w, https:\/\/nishiki-cycle.com\/demo\/wp-content\/uploads\/2023\/11\/1-18-768x768.png 768w, https:\/\/nishiki-cycle.com\/demo\/wp-content\/uploads\/2023\/11\/1-18-600x600.png 600w, https:\/\/nishiki-cycle.com\/demo\/wp-content\/uploads\/2023\/11\/1-18-100x100.png 100w, https:\/\/nishiki-cycle.com\/demo\/wp-content\/uploads\/2023\/11\/1-18.png 900w\" sizes=\"(max-width: 300px) 100vw, 300px\" \/><\/p>\n<p>Hublot Spirit Of Big Bang Blue Ceramic 45mm l\u00e0 m\u1ed9t trong nh\u1eefng chi\u1ebfc \u0111\u1ed3ng h\u1ed3 thu\u1ed9c b\u1ed9 s\u01b0u t\u1eadp Spirit of Big Bang \u0111\u01b0\u1ee3c thi\u1ebft k\u1ebf gi\u1ed1ng nh\u01b0 m\u1ed9t v\u1ecb vua khi \u0111\u01b0\u1ee3c m\u1eb7c tr\u00ean m\u00ecnh b\u1ed9 long b\u00e0o cao c\u1ea5p v\u1edbi nhi\u1ec1u chi ti\u1ebft trang tr\u00ed kh\u00e1c nhau v\u00f4 c\u00f9ng tinh x\u1ea3o khi\u1ebfn c\u00e1c t\u00edn \u0111\u1ed3 ph\u1ea3i kinh ng\u1ea1c.<\/p>\n<p>C\u1ea3m gi\u00e1c \u0111\u1ea7u ti\u00ean khi nh\u00ecn v\u00e0o chi\u1ebfc Hublot Spirit Of Big Bang Blue Ceramic l\u00e0 s\u1ef1 b\u1eaft s\u00e1ng tinh t\u1ebf v\u1edbi thi\u1ebft k\u1ebf l\u1ed9 c\u01a1 m\u1eb7t tr\u01b0\u1edbc. Thu\u1ed9c d\u00f2ng Big Bang n\u00ean chi\u1ebfc Hublot Spirit Of Big Bang Blue Ceramic 45mm \u0111\u01b0\u1ee3c thi\u1ebft k\u1ebf v\u1edbi 5 l\u1edbp \u0111\u01b0\u1ee3c c\u1ed1 \u0111\u1ecbnh v\u1edbi nhi\u1ec1u \u1ed1c v\u00edt.<\/p>\n<p>V\u1ecf c\u1ee7a chi\u1ebfc\u00a0<a title=\"\u0111\u1ed3ng h\u1ed3 Hublot\" href=\"https:\/\/nishiki-cycle.com\/demo\/danh-muc-san-pham\/hublot\/?product_count=36\"><strong>\u0111\u1ed3ng h\u1ed3\u00a0<\/strong><\/a><a title=\"\u0111\u1ed3ng h\u1ed3 Hublot\" href=\"https:\/\/bossluxurywatch.vn\/hublot\"><strong>Hublot<\/strong><\/a> Spirit Of Big Bang Blue Ceramic \u0111\u01b0\u1ee3c l\u00e0m b\u1eb1ng ceramic cao c\u1ea5p k\u1ebft h\u1ee3p c\u00f9ng d\u00e2y \u0111eo tinh t\u1ebf v\u1edbi b\u1ec1 m\u1eb7t trong \u0111\u01b0\u1ee3c l\u00e0m t\u1eeb cao su ch\u1ecbu nhi\u1ec7t c\u00f3 \u0111\u1ed9 b\u1ec1n r\u1ea5t cao, g\u1ea7n nh\u01b0 kh\u00f4ng th\u1ec3 ph\u00e1 h\u1ee7y, kh\u00f4ng th\u1ea5m m\u1ed3 h\u00f4i v\u00e0 \u0111\u1eb7c bi\u1ec7t r\u1ea5t \u00f4m tay.<\/p>\n<p>M\u1eb7t ngo\u00e0i \u0111\u01b0\u1ee3c l\u00e0m t\u1eeb da c\u00e1 s\u1ea5u cao c\u1ea5p \u2013 ch\u00ednh nh\u1eefng \u0111i\u1ec1u tr\u00ean gi\u00fap cho chi\u1ebfc \u0111\u1ed3ng h\u1ed3 n\u00e0y d\u1ec5 d\u00e0ng ph\u00f9 h\u1ee3p v\u1edbi nhi\u1ec1u ki\u1ec3u d\u00e1ng tay c\u1ee7a nhi\u1ec1u ng\u01b0\u1eddi kh\u00e1c nhau, th\u00edch nghi d\u1ec5 d\u00e0ng v\u1edbi nh\u1eefng c\u1ed5 tay kh\u00f3 t\u00ednh, c\u1ef1c k\u00ec tho\u1ea3i m\u00e1i v\u00e0 r\u1ea5t d\u1ec5 ph\u1ed1i h\u1ee3p qu\u1ea7n \u00e1o.<\/p>\n<p>V\u00e0nh bezel c\u1ee7a\u00a0Hublot Spirit Of Big Bang Blue Ceramic 45mm\u00a0\u0111\u01b0\u1ee3c ch\u1ebf t\u00e1c t\u1eeb g\u1ed1m \u0111en kh\u1ecfe kho\u1eafn v\u00e0 \u0111\u01b0\u1ee3c v\u00edt 6 con \u1ed1c xung quanh gi\u00fap cho chi\u1ebfc \u0111\u1ed3ng h\u1ed3 n\u00e0y tr\u1edf n\u00ean ch\u1eafc ch\u1eafn v\u00e0 c\u1ee9ng c\u00e1p h\u01a1n. Th\u00eam v\u00e0o \u0111\u00f3 \u1edf quai \u0111eo hai b\u00ean v\u00e0 hai d\u00e2y \u0111eo c\u0169ng \u0111\u01b0\u1ee3c b\u1eaft v\u00edt c\u00e0ng gi\u00fap s\u1ea3n ph\u1ea9m kh\u1ecfe kho\u1eafn v\u00e0 b\u1ec1n v\u1eefng. Ngo\u00e0i ra n\u00fam \u0111i\u1ec1u ch\u1ec9nh c\u00f2n \u0111\u01b0\u1ee3c l\u00e0m b\u1eb1ng cao su v\u00e0 \u0111\u01b0\u1ee3c ch\u1ea1m kh\u1eafc ch\u1eef H (bi\u1ec3u t\u01b0\u1ee3ng \u0111\u1eb7c tr\u01b0ng c\u1ee7a th\u01b0\u01a1ng hi\u1ec7u).<\/p>\n<p>M\u1eb7t s\u1ed1 \u0111\u01b0\u1ee3c l\u00e0m t\u1eeb sapphire ch\u1ed1ng tr\u1ea7y x\u01b0\u1edbc v\u00e0 ch\u1ed1ng l\u00f3a t\u1ed1i \u01b0u. B\u00ean trong m\u1eb7t s\u1ed1 l\u00e0 b\u1ed9 kim c\u00f9ng tia ch\u1ec9 gi\u1edd \u0111\u01b0\u1ee3c ph\u1ee7 l\u1edbp d\u1ea1 quang gi\u00fap ng\u01b0\u1eddi d\u00f9ng c\u00f3 th\u1ec3 xem gi\u1edd trong m\u00f4i tr\u01b0\u1eddng thi\u1ebfu \u00e1nh s\u00e1ng. Ngo\u00e0i ch\u1ee9c n\u0103ng ch\u00ednh b\u00e1o gi\u1edd v\u00e0 ph\u00fat, chi\u1ebfc \u0111\u1ed3ng h\u1ed3 n\u00e0y c\u00f2n \u0111\u01b0\u1ee3c trang b\u1ecb th\u00eam ba m\u1eb7t s\u1ed1 ph\u1ee5 hi\u1ec3n th\u1ecb b\u1ea5m gi\u1edd Chronograph \u1edf v\u1ecb tr\u00ed 6h, b\u1ea5m ph\u00fat \u1edf v\u1ecb tr\u00ed 3h, b\u1ea5m gi\u00e2y \u1edf v\u1ecb tr\u00ed 9h v\u00e0 c\u1eeda s\u1ed5 hi\u1ec3n th\u1ecb c\u00e1c ng\u00e0y trong th\u00e1ng \u0111\u1eb7t t\u1ea1i v\u1ecb tr\u00ed 4h30 v\u00f4 c\u00f9ng ti\u1ec7n d\u1ee5ng.<\/p>\n<p>Cu\u1ed1i c\u00f9ng, Hublot Spirit Of Big Bang Blue Ceramic s\u1eed d\u1ee5ng b\u1ed9 m\u00e1y v\u1eadn h\u00e0nh HUB4700 m\u1edbi d\u1ef1 tr\u1eef n\u0103ng l\u01b0\u1ee3ng l\u00ean t\u1edbi 50 gi\u1edd v\u00e0 kh\u1ea3 n\u0103ng ch\u1ed1ng th\u1ea5m n\u01b0\u1edbc \u1edf \u0111\u1ed9 s\u00e2u 100 m\u00e9t.<\/p>\n","protected":false},"excerpt":{"rendered":"<p>M\u00e3:\u00a0601.CI.7170.LR<\/p>\n<p>Xu\u1ea5t x\u1ee9: Th\u1ee5y S\u0129<\/p>\n<p>B\u1ed9 s\u01b0u t\u1eadp:\u00a0Spirit Of Big Bang<\/p>\n<p>K\u00edch th\u01b0\u1edbc: 45mm<\/p>\n<p>K\u00ednh: Sapphire<\/p>\n<p>M\u1eb7t s\u1ed1: Skeleton<\/p>\n<p>B\u1ed9 m\u00e1y: Automatic &#8211;\u00a0HUB4700<\/p>\n<p>D\u1ef1 tr\u1eef n\u0103ng l\u01b0\u1ee3ng: 50 gi\u1edd<\/p>\n<p>Ch\u1ee9c n\u0103ng:\u00a0Gi\u1edd, Ph\u00fat, Gi\u00e2y, Ng\u00e0y, Chronograph<\/p>\n<p>Ch\u1ea5t li\u1ec7u:\u00a0Black Ceramic<\/p>\n<p>Bezel:\u00a0Black Ceramic v\u1edbi 6 \u0111inh \u1ed1c b\u1eb1ng titanium<\/p>\n<p>Kh\u00e1ng n\u01b0\u1edbc: 100m (10ATM)<\/p>\n<p>D\u00e2y \u0111eo: Cao su v\u00e0 da c\u00e1 s\u1ea5u m\u00e0u xanh<\/p>\n","protected":false},"featured_media":10901,"comment_status":"open","ping_status":"closed","template":"","meta":[],"product_cat":[195,320],"product_tag":[],"class_list":["post-10900","product","type-product","status-publish","has-post-thumbnail","hentry","product_cat-mens-watches","product_cat-hublot","product_brand-hublot"],"yoast_head":"<!-- This site is optimized with the Yoast SEO plugin v21.6 - https:\/\/yoast.com\/wordpress\/plugins\/seo\/ -->\n<title>Hublot Spirit Of Big Bang Blue Ceramic 45mm - Phoenix Luxury<\/title>\n<meta name=\"description\" content=\"V\u00e0nh bezel c\u1ee7a\u00a0Hublot Spirit Of Big Bang Blue Ceramic 45mm\u00a0\u0111\u01b0\u1ee3c ch\u1ebf t\u00e1c t\u1eeb g\u1ed1m \u0111en kh\u1ecfe kho\u1eafn v\u00e0 \u0111\u01b0\u1ee3c v\u00edt 6 con \u1ed1c xung quanh\" \/>\n<meta name=\"robots\" content=\"index, follow, max-snippet:-1, max-image-preview:large, max-video-preview:-1\" \/>\n<link rel=\"canonical\" href=\"https:\/\/nishiki-cycle.com\/demo\/san-pham\/hublot-spirit-of-big-bang-blue-ceramic-45mm\/\" \/>\n<meta property=\"og:locale\" content=\"vi_VN\" \/>\n<meta property=\"og:type\" content=\"article\" \/>\n<meta property=\"og:title\" content=\"Hublot Spirit Of Big Bang Blue Ceramic 45mm - Phoenix Luxury\" \/>\n<meta property=\"og:description\" content=\"V\u00e0nh bezel c\u1ee7a\u00a0Hublot Spirit Of Big Bang Blue Ceramic 45mm\u00a0\u0111\u01b0\u1ee3c ch\u1ebf t\u00e1c t\u1eeb g\u1ed1m \u0111en kh\u1ecfe kho\u1eafn v\u00e0 \u0111\u01b0\u1ee3c v\u00edt 6 con \u1ed1c xung quanh\" \/>\n<meta property=\"og:url\" content=\"https:\/\/nishiki-cycle.com\/demo\/san-pham\/hublot-spirit-of-big-bang-blue-ceramic-45mm\/\" \/>\n<meta property=\"og:site_name\" content=\"Phoenix Luxury\" \/>\n<meta property=\"article:modified_time\" content=\"2023-12-09T12:29:33+00:00\" \/>\n<meta property=\"og:image\" content=\"https:\/\/nishiki-cycle.com\/demo\/wp-content\/uploads\/2023\/11\/1-18.png\" \/>\n\t<meta property=\"og:image:width\" content=\"900\" \/>\n\t<meta property=\"og:image:height\" content=\"900\" \/>\n\t<meta property=\"og:image:type\" content=\"image\/png\" \/>\n<meta name=\"twitter:card\" content=\"summary_large_image\" \/>\n<meta name=\"twitter:label1\" content=\"\u01af\u1edbc t\u00ednh th\u1eddi gian \u0111\u1ecdc\" \/>\n\t<meta name=\"twitter:data1\" content=\"3 ph\u00fat\" \/>\n<script type=\"application\/ld+json\" class=\"yoast-schema-graph\">{\"@context\":\"https:\/\/schema.org\",\"@graph\":[{\"@type\":\"WebPage\",\"@id\":\"https:\/\/nishiki-cycle.com\/demo\/san-pham\/hublot-spirit-of-big-bang-blue-ceramic-45mm\/\",\"url\":\"https:\/\/nishiki-cycle.com\/demo\/san-pham\/hublot-spirit-of-big-bang-blue-ceramic-45mm\/\",\"name\":\"Hublot Spirit Of Big Bang Blue Ceramic 45mm - Phoenix Luxury\",\"isPartOf\":{\"@id\":\"https:\/\/nishiki-cycle.com\/demo\/#website\"},\"datePublished\":\"2023-11-29T18:19:03+00:00\",\"dateModified\":\"2023-12-09T12:29:33+00:00\",\"description\":\"V\u00e0nh bezel c\u1ee7a\u00a0Hublot Spirit Of Big Bang Blue Ceramic 45mm\u00a0\u0111\u01b0\u1ee3c ch\u1ebf t\u00e1c t\u1eeb g\u1ed1m \u0111en kh\u1ecfe kho\u1eafn v\u00e0 \u0111\u01b0\u1ee3c v\u00edt 6 con \u1ed1c xung quanh\",\"breadcrumb\":{\"@id\":\"https:\/\/nishiki-cycle.com\/demo\/san-pham\/hublot-spirit-of-big-bang-blue-ceramic-45mm\/#breadcrumb\"},\"inLanguage\":\"vi\",\"potentialAction\":[{\"@type\":\"ReadAction\",\"target\":[\"https:\/\/nishiki-cycle.com\/demo\/san-pham\/hublot-spirit-of-big-bang-blue-ceramic-45mm\/\"]}]},{\"@type\":\"BreadcrumbList\",\"@id\":\"https:\/\/nishiki-cycle.com\/demo\/san-pham\/hublot-spirit-of-big-bang-blue-ceramic-45mm\/#breadcrumb\",\"itemListElement\":[{\"@type\":\"ListItem\",\"position\":1,\"name\":\"Trang ch\u1ee7\",\"item\":\"https:\/\/nishiki-cycle.com\/demo\/\"},{\"@type\":\"ListItem\",\"position\":2,\"name\":\"C\u1eeda h\u00e0ng\",\"item\":\"https:\/\/nishiki-cycle.com\/demo\/cua-hang\/\"},{\"@type\":\"ListItem\",\"position\":3,\"name\":\"HUBLOT SPIRIT OF BIG BANG BLUE CERAMIC 45MM\"}]},{\"@type\":\"WebSite\",\"@id\":\"https:\/\/nishiki-cycle.com\/demo\/#website\",\"url\":\"https:\/\/nishiki-cycle.com\/demo\/\",\"name\":\"Phoenix Luxury\",\"description\":\"\",\"potentialAction\":[{\"@type\":\"SearchAction\",\"target\":{\"@type\":\"EntryPoint\",\"urlTemplate\":\"https:\/\/nishiki-cycle.com\/demo\/?s={search_term_string}\"},\"query-input\":\"required name=search_term_string\"}],\"inLanguage\":\"vi\"}]}<\/script>\n<!-- \/ Yoast SEO plugin. -->","yoast_head_json":{"title":"Hublot Spirit Of Big Bang Blue Ceramic 45mm - Phoenix Luxury","description":"V\u00e0nh bezel c\u1ee7a\u00a0Hublot Spirit Of Big Bang Blue Ceramic 45mm\u00a0\u0111\u01b0\u1ee3c ch\u1ebf t\u00e1c t\u1eeb g\u1ed1m \u0111en kh\u1ecfe kho\u1eafn v\u00e0 \u0111\u01b0\u1ee3c v\u00edt 6 con \u1ed1c xung quanh","robots":{"index":"index","follow":"follow","max-snippet":"max-snippet:-1","max-image-preview":"max-image-preview:large","max-video-preview":"max-video-preview:-1"},"canonical":"https:\/\/nishiki-cycle.com\/demo\/san-pham\/hublot-spirit-of-big-bang-blue-ceramic-45mm\/","og_locale":"vi_VN","og_type":"article","og_title":"Hublot Spirit Of Big Bang Blue Ceramic 45mm - Phoenix Luxury","og_description":"V\u00e0nh bezel c\u1ee7a\u00a0Hublot Spirit Of Big Bang Blue Ceramic 45mm\u00a0\u0111\u01b0\u1ee3c ch\u1ebf t\u00e1c t\u1eeb g\u1ed1m \u0111en kh\u1ecfe kho\u1eafn v\u00e0 \u0111\u01b0\u1ee3c v\u00edt 6 con \u1ed1c xung quanh","og_url":"https:\/\/nishiki-cycle.com\/demo\/san-pham\/hublot-spirit-of-big-bang-blue-ceramic-45mm\/","og_site_name":"Phoenix Luxury","article_modified_time":"2023-12-09T12:29:33+00:00","og_image":[{"width":900,"height":900,"url":"https:\/\/nishiki-cycle.com\/demo\/wp-content\/uploads\/2023\/11\/1-18.png","type":"image\/png"}],"twitter_card":"summary_large_image","twitter_misc":{"\u01af\u1edbc t\u00ednh th\u1eddi gian \u0111\u1ecdc":"3 ph\u00fat"},"schema":{"@context":"https:\/\/schema.org","@graph":[{"@type":"WebPage","@id":"https:\/\/nishiki-cycle.com\/demo\/san-pham\/hublot-spirit-of-big-bang-blue-ceramic-45mm\/","url":"https:\/\/nishiki-cycle.com\/demo\/san-pham\/hublot-spirit-of-big-bang-blue-ceramic-45mm\/","name":"Hublot Spirit Of Big Bang Blue Ceramic 45mm - Phoenix Luxury","isPartOf":{"@id":"https:\/\/nishiki-cycle.com\/demo\/#website"},"datePublished":"2023-11-29T18:19:03+00:00","dateModified":"2023-12-09T12:29:33+00:00","description":"V\u00e0nh bezel c\u1ee7a\u00a0Hublot Spirit Of Big Bang Blue Ceramic 45mm\u00a0\u0111\u01b0\u1ee3c ch\u1ebf t\u00e1c t\u1eeb g\u1ed1m \u0111en kh\u1ecfe kho\u1eafn v\u00e0 \u0111\u01b0\u1ee3c v\u00edt 6 con \u1ed1c xung quanh","breadcrumb":{"@id":"https:\/\/nishiki-cycle.com\/demo\/san-pham\/hublot-spirit-of-big-bang-blue-ceramic-45mm\/#breadcrumb"},"inLanguage":"vi","potentialAction":[{"@type":"ReadAction","target":["https:\/\/nishiki-cycle.com\/demo\/san-pham\/hublot-spirit-of-big-bang-blue-ceramic-45mm\/"]}]},{"@type":"BreadcrumbList","@id":"https:\/\/nishiki-cycle.com\/demo\/san-pham\/hublot-spirit-of-big-bang-blue-ceramic-45mm\/#breadcrumb","itemListElement":[{"@type":"ListItem","position":1,"name":"Trang ch\u1ee7","item":"https:\/\/nishiki-cycle.com\/demo\/"},{"@type":"ListItem","position":2,"name":"C\u1eeda h\u00e0ng","item":"https:\/\/nishiki-cycle.com\/demo\/cua-hang\/"},{"@type":"ListItem","position":3,"name":"HUBLOT SPIRIT OF BIG BANG BLUE CERAMIC 45MM"}]},{"@type":"WebSite","@id":"https:\/\/nishiki-cycle.com\/demo\/#website","url":"https:\/\/nishiki-cycle.com\/demo\/","name":"Phoenix Luxury","description":"","potentialAction":[{"@type":"SearchAction","target":{"@type":"EntryPoint","urlTemplate":"https:\/\/nishiki-cycle.com\/demo\/?s={search_term_string}"},"query-input":"required name=search_term_string"}],"inLanguage":"vi"}]}},"_links":{"self":[{"href":"https:\/\/nishiki-cycle.com\/demo\/wp-json\/wp\/v2\/product\/10900","targetHints":{"allow":["GET"]}}],"collection":[{"href":"https:\/\/nishiki-cycle.com\/demo\/wp-json\/wp\/v2\/product"}],"about":[{"href":"https:\/\/nishiki-cycle.com\/demo\/wp-json\/wp\/v2\/types\/product"}],"replies":[{"embeddable":true,"href":"https:\/\/nishiki-cycle.com\/demo\/wp-json\/wp\/v2\/comments?post=10900"}],"wp:featuredmedia":[{"embeddable":true,"href":"https:\/\/nishiki-cycle.com\/demo\/wp-json\/wp\/v2\/media\/10901"}],"wp:attachment":[{"href":"https:\/\/nishiki-cycle.com\/demo\/wp-json\/wp\/v2\/media?parent=10900"}],"wp:term":[{"taxonomy":"product_cat","embeddable":true,"href":"https:\/\/nishiki-cycle.com\/demo\/wp-json\/wp\/v2\/product_cat?post=10900"},{"taxonomy":"product_tag","embeddable":true,"href":"https:\/\/nishiki-cycle.com\/demo\/wp-json\/wp\/v2\/product_tag?post=10900"}],"curies":[{"name":"wp","href":"https:\/\/api.w.org\/{rel}","templated":true}]}}