{"id":10915,"date":"2023-12-02T21:10:33","date_gmt":"2023-12-02T21:10:33","guid":{"rendered":"https:\/\/nishiki-cycle.com\/demo\/?post_type=product&#038;p=10915"},"modified":"2023-12-02T21:10:33","modified_gmt":"2023-12-02T21:10:33","slug":"rolex-datejust-31-278285rbr-0010","status":"publish","type":"product","link":"https:\/\/nishiki-cycle.com\/demo\/san-pham\/rolex-datejust-31-278285rbr-0010\/","title":{"rendered":"Rolex Datejust 31 278285RBR-0010"},"content":{"rendered":"<p><img fetchpriority=\"high\" decoding=\"async\" class=\"size-medium wp-image-10916 aligncenter\" src=\"https:\/\/nishiki-cycle.com\/demo\/wp-content\/uploads\/2023\/12\/1-300x300.png\" alt=\"\" width=\"300\" height=\"300\" srcset=\"https:\/\/nishiki-cycle.com\/demo\/wp-content\/uploads\/2023\/12\/1-300x300.png 300w, https:\/\/nishiki-cycle.com\/demo\/wp-content\/uploads\/2023\/12\/1-150x150.png 150w, https:\/\/nishiki-cycle.com\/demo\/wp-content\/uploads\/2023\/12\/1-768x768.png 768w, https:\/\/nishiki-cycle.com\/demo\/wp-content\/uploads\/2023\/12\/1-600x600.png 600w, https:\/\/nishiki-cycle.com\/demo\/wp-content\/uploads\/2023\/12\/1-100x100.png 100w, https:\/\/nishiki-cycle.com\/demo\/wp-content\/uploads\/2023\/12\/1.png 900w\" sizes=\"(max-width: 300px) 100vw, 300px\" \/><\/p>\n<p>Xu\u1ea5t hi\u1ec7n t\u1ea1i s\u1ef1 ki\u1ec7n Baselworld 2018, l\u1ea7n \u0111\u1ea7u ti\u00ean trong l\u1ecbch s\u1eed b\u1ed9 s\u01b0u t\u1eadp Rolex Datejust ra m\u1eaft phi\u00ean b\u1ea3n \u0111\u1ed3ng h\u1ed3 k\u00edch th\u01b0\u1edbc 31mm ho\u00e0n to\u00e0n m\u1edbi v\u1edbi nhi\u1ec1u c\u1ea3i ti\u1ebfn h\u1eefu \u00edch t\u1eeb ngo\u1ea1i h\u00ecnh \u0111\u1ebfn c\u1ed7 m\u00e1y v\u1ed1n \u0111\u00e3 \u0111\u01b0\u1ee3c r\u1ea5t nhi\u1ec1u ng\u01b0\u1eddi ch\u01a1i bi\u1ebft \u0111\u1ebfn qua gi\u00e1 tr\u1ecb s\u1eed d\u1ee5ng b\u1ec1n b\u1ec9 v\u00e0 t\u00ednh ch\u00ednh x\u00e1c c\u1ee7a m\u00ecnh. S\u1edf h\u1eefu b\u1ed9 khung v\u1ecf b\u1eb1ng\u00a0v\u00e0ng Everose 18k\u00a0\u0111\u1ed9c quy\u1ec1n nh\u00e0 Rolex, phi\u00ean b\u1ea3n ho\u00e0n thi\u1ec7n g\u00e2y \u1ea5n t\u01b0\u1ee3ng v\u1edbi c\u00f4ng ch\u00fang b\u1edfi v\u1ebb ki\u1ec1u di\u1ec5m v\u00e0 \u0111\u1ea7y cao qu\u00fd.<\/p>\n<p dir=\"ltr\">V\u00e0nh bezel n\u1ea1m kim c\u01b0\u01a1ng xa x\u1ec9 v\u1eeba \u0111i\u1ec3m t\u00f4 th\u00eam v\u1ebb qu\u00fd t\u1ed9c, \u0111\u1eb3ng c\u1ea5p c\u1ee7a t\u1ea1o t\u00e1c, v\u1eeba th\u1ec3 hi\u1ec7n ngh\u1ec7 thu\u1eadt ch\u1ebf t\u00e1c \u0111\u1ed3ng h\u1ed3 b\u1eadc th\u1ea7y c\u1ee7a th\u01b0\u01a1ng hi\u1ec7u. Ph\u1ea7n c\u00e0ng n\u1ed1i d\u00e2y \u0111\u01b0\u1ee3c \u0111\u00e1nh b\u00f3ng c\u1ea9n th\u1eadn, kh\u00f4ng m\u1ed9t t\u00ec v\u1ebft c\u00e0ng th\u1ec3 hi\u1ec7n s\u1ef1 t\u1ec9 m\u1ec9, ch\u1ec9n chu c\u1ee7a ng\u01b0\u1eddi th\u1ee3 \u0111\u1ed3ng h\u1ed3 nh\u00e0 Rolex. C\u00f9ng v\u1edbi \u0111\u00f3 l\u00e0 trang b\u1ecb n\u00fam v\u1eb7n xo\u1eafn v\u00edt Twinlock ch\u1ed1ng th\u1ea5m n\u01b0\u1edbc hai t\u1ea7ng \u0111\u1ea3m b\u1ea3o kh\u1ea3 n\u0103ng b\u1ea3o v\u1ec7 b\u1ed9 m\u00e1y \u0111\u1ed3ng h\u1ed3 d\u01b0\u1edbi \u0111\u1ed9 s\u00e2u 100m.<\/p>\n<p dir=\"ltr\">Ho\u00e0n thi\u1ec7n \u0111\u1ed9 ho\u00e0n m\u1ef9 c\u1ee7a b\u1ed9 khung v\u1ecf l\u00e0 d\u00e2y \u0111eo President\u00a0l\u00e0 ki\u1ec7t t\u00e1c ngh\u1ec7 thu\u1eadt v\u1ec1 c\u1ea3 h\u00ecnh th\u1ee9c l\u1eabn t\u00ednh n\u0103ng. V\u1edbi thi\u1ebft k\u1ebf \u0111\u01b0\u1ee3c trang b\u1ecb kh\u00f3a Crownclasp c\u00f9ng v\u1edbi kh\u1edbp n\u1ed1i \u0111\u01b0\u1ee3c ho\u00e0n thi\u1ec7n v\u00f4 c\u00f9ng t\u1ec9 m\u1ec9.\u00a0M\u1eb7t s\u1ed1 \u0111\u1ed3ng h\u1ed3 kh\u1ea3m trai n\u1ea1m kim c\u01b0\u01a1ng l\u1ea5p l\u00e1nh \u0111i\u1ec3m t\u00f4 nh\u1eefng h\u1ecda ti\u1ebft b\u01b0\u01a1m b\u01b0\u1edbm tinh t\u1ebf khi\u1ebfn t\u1ed5ng th\u1ec3 s\u1ea3n ph\u1ea9m tr\u1edf n\u00ean l\u1ed9ng l\u1eaby, ki\u00eau sa l\u00e0 m\u1ed9t v\u00ed d\u1ee5 \u0111i\u1ec3n h\u00ecnh.<\/p>\n<p dir=\"ltr\">V\u1ecb tr\u00ed 3 gi\u1edd l\u00e0 \u00f4 c\u1eeda b\u00e1o ng\u00e0y truy\u1ec1n th\u1ed1ng \u0111\u01b0\u1ee3c trang b\u1ecb \u1ed1ng k\u00ednh Cyclops t\u0103ng m\u1ee9c \u0111\u1ed9 d\u1ec5 \u0111\u1ecdc. V\u1ecb tr\u00ed trung t\u00e2m l\u00e0 b\u1ed9 kim g\u1eady \u0111\u1eb7c tr\u01b0ng b\u1eb1ng v\u00e0ng Everose thanh m\u1ea3nh, s\u1eafc n\u00e9t. Bao b\u1ecdc m\u1eb7t s\u1ed1 l\u00e0 l\u1edbp k\u00ednh sapphire ch\u1ed1ng l\u00f3a, ch\u1ed1ng x\u01b0\u1edbc v\u1eeba b\u1ea3o v\u1ec7 m\u1eb7t s\u1ed1, v\u1eeba ph\u00f4 tr\u1ecdn v\u1eb9n v\u1ebb \u0111\u1eb9p tuy\u1ec7t v\u1eddi c\u1ee7a m\u1eb7t s\u1ed1 kh\u1ea3m trai.<\/p>\n<p dir=\"ltr\">Cal. 2236 c\u00f3 kh\u1ea3 n\u0103ng v\u1eadn h\u00e0nh hi\u1ec7u qu\u1ea3 \u1edf t\u1ea7n s\u1ed1 28.800vph v\u00e0 m\u1ee9c d\u1ef1 tr\u1eef n\u0103ng l\u01b0\u1ee3ng l\u00ean t\u1edbi 55 gi\u1edd \u0111\u1ed3ng h\u1ed3 v\u1edbi \u0111\u1ed9 ch\u00ednh x\u00e1c l\u00ean t\u1edbi -2\/+2 gi\u00e2y\/ng\u00e0y \u0111\u00e3 \u0111\u01b0\u1ee3c ch\u1ee9ng nh\u1eadn b\u1edfi COSC v\u00e0 th\u01b0\u01a1ng hi\u1ec7u.<\/p>\n<p dir=\"ltr\">V\u1ebb ho\u00e0n m\u1ef9 c\u1ee7a\u00a0<span style=\"color: #0000ff;\"><a style=\"color: #0000ff;\" href=\"https:\/\/nishiki-cycle.com\/demo\/danh-muc-san-pham\/rolex\/\">Rolex<\/a><\/span> Lady-Datejust 31 278285RBR mang m\u00e3 hi\u1ec7u 278285RBR-0010 \u0111\u00e3 tr\u1edf th\u00e0nh chu\u1ea9n m\u1ef1c c\u1ee7a c\u00e1c qu\u00fd c\u00f4 th\u1ebf k\u1ef7 XXI, mang d\u1ea5u \u1ea5n ri\u00eang c\u1ee7a th\u1eddi \u0111\u1ea1i, t\u1ea1o t\u00e1c n\u00e0y d\u01b0\u1eddng nh\u01b0 \u0111ang ch\u1edd \u0111\u00f3n ch\u1ee7 nh\u00e2n m\u1edbi.<\/p>\n","protected":false},"excerpt":{"rendered":"<p>M\u00e3: 278285RBR-0010<\/p>\n<p>Xu\u1ea5t x\u1ee9: Th\u1ee5y S\u0129<\/p>\n<p>K\u00edch th\u01b0\u1edbc: 31 mm<\/p>\n<p>K\u00ednh: Sapphire<\/p>\n<p>M\u1eb7t s\u1ed1: \u0110\u00ednh kim c\u01b0\u01a1ng<\/p>\n<p>B\u1ed9 m\u00e1y: Automatic &#8211; Calibre 2236<\/p>\n<p>D\u1ef1 tr\u1eef n\u0103ng l\u01b0\u1ee3ng: 55 gi\u1edd<\/p>\n<p>Ch\u1ee9c n\u0103ng:\u00a0Gi\u1edd, Ph\u00fat, Gi\u00e2y, Ng\u00e0y<\/p>\n<p>Ch\u1ea5t li\u1ec7u: V\u00e0ng h\u1ed3ng 18k<\/p>\n<p>Bezel: N\u1ea1m kim c\u01b0\u01a1ng<\/p>\n<p>Kh\u00e1ng n\u01b0\u1edbc: 100m (10ATM)<\/p>\n<p>D\u00e2y \u0111eo:\u00a0President<\/p>\n<p>Ch\u1ea5t li\u1ec7u d\u00e2y \u0111eo:\u00a0V\u00e0ng h\u1ed3ng 18k<\/p>\n","protected":false},"featured_media":10916,"comment_status":"open","ping_status":"closed","template":"","meta":[],"product_cat":[242,319],"product_tag":[],"class_list":["post-10915","product","type-product","status-publish","has-post-thumbnail","hentry","product_cat-womens-watches","product_cat-rolex","product_brand-rolex"],"yoast_head":"<!-- This site is optimized with the Yoast SEO plugin v21.6 - https:\/\/yoast.com\/wordpress\/plugins\/seo\/ -->\n<title>Rolex Datejust 31 278285RBR-0010 - Phoenix Luxury<\/title>\n<meta name=\"description\" content=\"Rolex Lady-Datejust 31\u00a0278285RBR-0010\u00a0\u0111\u00e3 tr\u1edf th\u00e0nh chu\u1ea9n m\u1ef1c c\u1ee7a c\u00e1c qu\u00fd c\u00f4 th\u1ebf k\u1ef7 XXI, mang d\u1ea5u \u1ea5n ri\u00eang c\u1ee7a th\u1eddi \u0111\u1ea1i\" \/>\n<meta name=\"robots\" content=\"index, follow, max-snippet:-1, max-image-preview:large, max-video-preview:-1\" \/>\n<link rel=\"canonical\" href=\"https:\/\/nishiki-cycle.com\/demo\/san-pham\/rolex-datejust-31-278285rbr-0010\/\" \/>\n<meta property=\"og:locale\" content=\"vi_VN\" \/>\n<meta property=\"og:type\" content=\"article\" \/>\n<meta property=\"og:title\" content=\"Rolex Datejust 31 278285RBR-0010 - Phoenix Luxury\" \/>\n<meta property=\"og:description\" content=\"Rolex Lady-Datejust 31\u00a0278285RBR-0010\u00a0\u0111\u00e3 tr\u1edf th\u00e0nh chu\u1ea9n m\u1ef1c c\u1ee7a c\u00e1c qu\u00fd c\u00f4 th\u1ebf k\u1ef7 XXI, mang d\u1ea5u \u1ea5n ri\u00eang c\u1ee7a th\u1eddi \u0111\u1ea1i\" \/>\n<meta property=\"og:url\" content=\"https:\/\/nishiki-cycle.com\/demo\/san-pham\/rolex-datejust-31-278285rbr-0010\/\" \/>\n<meta property=\"og:site_name\" content=\"Phoenix Luxury\" \/>\n<meta property=\"og:image\" content=\"https:\/\/nishiki-cycle.com\/demo\/wp-content\/uploads\/2023\/12\/1.png\" \/>\n\t<meta property=\"og:image:width\" content=\"900\" \/>\n\t<meta property=\"og:image:height\" content=\"900\" \/>\n\t<meta property=\"og:image:type\" content=\"image\/png\" \/>\n<meta name=\"twitter:card\" content=\"summary_large_image\" \/>\n<meta name=\"twitter:label1\" content=\"\u01af\u1edbc t\u00ednh th\u1eddi gian \u0111\u1ecdc\" \/>\n\t<meta name=\"twitter:data1\" content=\"3 ph\u00fat\" \/>\n<script type=\"application\/ld+json\" class=\"yoast-schema-graph\">{\"@context\":\"https:\/\/schema.org\",\"@graph\":[{\"@type\":\"WebPage\",\"@id\":\"https:\/\/nishiki-cycle.com\/demo\/san-pham\/rolex-datejust-31-278285rbr-0010\/\",\"url\":\"https:\/\/nishiki-cycle.com\/demo\/san-pham\/rolex-datejust-31-278285rbr-0010\/\",\"name\":\"Rolex Datejust 31 278285RBR-0010 - Phoenix Luxury\",\"isPartOf\":{\"@id\":\"https:\/\/nishiki-cycle.com\/demo\/#website\"},\"datePublished\":\"2023-12-02T21:10:33+00:00\",\"dateModified\":\"2023-12-02T21:10:33+00:00\",\"description\":\"Rolex Lady-Datejust 31\u00a0278285RBR-0010\u00a0\u0111\u00e3 tr\u1edf th\u00e0nh chu\u1ea9n m\u1ef1c c\u1ee7a c\u00e1c qu\u00fd c\u00f4 th\u1ebf k\u1ef7 XXI, mang d\u1ea5u \u1ea5n ri\u00eang c\u1ee7a th\u1eddi \u0111\u1ea1i\",\"breadcrumb\":{\"@id\":\"https:\/\/nishiki-cycle.com\/demo\/san-pham\/rolex-datejust-31-278285rbr-0010\/#breadcrumb\"},\"inLanguage\":\"vi\",\"potentialAction\":[{\"@type\":\"ReadAction\",\"target\":[\"https:\/\/nishiki-cycle.com\/demo\/san-pham\/rolex-datejust-31-278285rbr-0010\/\"]}]},{\"@type\":\"BreadcrumbList\",\"@id\":\"https:\/\/nishiki-cycle.com\/demo\/san-pham\/rolex-datejust-31-278285rbr-0010\/#breadcrumb\",\"itemListElement\":[{\"@type\":\"ListItem\",\"position\":1,\"name\":\"Trang ch\u1ee7\",\"item\":\"https:\/\/nishiki-cycle.com\/demo\/\"},{\"@type\":\"ListItem\",\"position\":2,\"name\":\"C\u1eeda h\u00e0ng\",\"item\":\"https:\/\/nishiki-cycle.com\/demo\/cua-hang\/\"},{\"@type\":\"ListItem\",\"position\":3,\"name\":\"Rolex Datejust 31 278285RBR-0010\"}]},{\"@type\":\"WebSite\",\"@id\":\"https:\/\/nishiki-cycle.com\/demo\/#website\",\"url\":\"https:\/\/nishiki-cycle.com\/demo\/\",\"name\":\"Phoenix Luxury\",\"description\":\"\",\"potentialAction\":[{\"@type\":\"SearchAction\",\"target\":{\"@type\":\"EntryPoint\",\"urlTemplate\":\"https:\/\/nishiki-cycle.com\/demo\/?s={search_term_string}\"},\"query-input\":\"required name=search_term_string\"}],\"inLanguage\":\"vi\"}]}<\/script>\n<!-- \/ Yoast SEO plugin. -->","yoast_head_json":{"title":"Rolex Datejust 31 278285RBR-0010 - Phoenix Luxury","description":"Rolex Lady-Datejust 31\u00a0278285RBR-0010\u00a0\u0111\u00e3 tr\u1edf th\u00e0nh chu\u1ea9n m\u1ef1c c\u1ee7a c\u00e1c qu\u00fd c\u00f4 th\u1ebf k\u1ef7 XXI, mang d\u1ea5u \u1ea5n ri\u00eang c\u1ee7a th\u1eddi \u0111\u1ea1i","robots":{"index":"index","follow":"follow","max-snippet":"max-snippet:-1","max-image-preview":"max-image-preview:large","max-video-preview":"max-video-preview:-1"},"canonical":"https:\/\/nishiki-cycle.com\/demo\/san-pham\/rolex-datejust-31-278285rbr-0010\/","og_locale":"vi_VN","og_type":"article","og_title":"Rolex Datejust 31 278285RBR-0010 - Phoenix Luxury","og_description":"Rolex Lady-Datejust 31\u00a0278285RBR-0010\u00a0\u0111\u00e3 tr\u1edf th\u00e0nh chu\u1ea9n m\u1ef1c c\u1ee7a c\u00e1c qu\u00fd c\u00f4 th\u1ebf k\u1ef7 XXI, mang d\u1ea5u \u1ea5n ri\u00eang c\u1ee7a th\u1eddi \u0111\u1ea1i","og_url":"https:\/\/nishiki-cycle.com\/demo\/san-pham\/rolex-datejust-31-278285rbr-0010\/","og_site_name":"Phoenix Luxury","og_image":[{"width":900,"height":900,"url":"https:\/\/nishiki-cycle.com\/demo\/wp-content\/uploads\/2023\/12\/1.png","type":"image\/png"}],"twitter_card":"summary_large_image","twitter_misc":{"\u01af\u1edbc t\u00ednh th\u1eddi gian \u0111\u1ecdc":"3 ph\u00fat"},"schema":{"@context":"https:\/\/schema.org","@graph":[{"@type":"WebPage","@id":"https:\/\/nishiki-cycle.com\/demo\/san-pham\/rolex-datejust-31-278285rbr-0010\/","url":"https:\/\/nishiki-cycle.com\/demo\/san-pham\/rolex-datejust-31-278285rbr-0010\/","name":"Rolex Datejust 31 278285RBR-0010 - Phoenix Luxury","isPartOf":{"@id":"https:\/\/nishiki-cycle.com\/demo\/#website"},"datePublished":"2023-12-02T21:10:33+00:00","dateModified":"2023-12-02T21:10:33+00:00","description":"Rolex Lady-Datejust 31\u00a0278285RBR-0010\u00a0\u0111\u00e3 tr\u1edf th\u00e0nh chu\u1ea9n m\u1ef1c c\u1ee7a c\u00e1c qu\u00fd c\u00f4 th\u1ebf k\u1ef7 XXI, mang d\u1ea5u \u1ea5n ri\u00eang c\u1ee7a th\u1eddi \u0111\u1ea1i","breadcrumb":{"@id":"https:\/\/nishiki-cycle.com\/demo\/san-pham\/rolex-datejust-31-278285rbr-0010\/#breadcrumb"},"inLanguage":"vi","potentialAction":[{"@type":"ReadAction","target":["https:\/\/nishiki-cycle.com\/demo\/san-pham\/rolex-datejust-31-278285rbr-0010\/"]}]},{"@type":"BreadcrumbList","@id":"https:\/\/nishiki-cycle.com\/demo\/san-pham\/rolex-datejust-31-278285rbr-0010\/#breadcrumb","itemListElement":[{"@type":"ListItem","position":1,"name":"Trang ch\u1ee7","item":"https:\/\/nishiki-cycle.com\/demo\/"},{"@type":"ListItem","position":2,"name":"C\u1eeda h\u00e0ng","item":"https:\/\/nishiki-cycle.com\/demo\/cua-hang\/"},{"@type":"ListItem","position":3,"name":"Rolex Datejust 31 278285RBR-0010"}]},{"@type":"WebSite","@id":"https:\/\/nishiki-cycle.com\/demo\/#website","url":"https:\/\/nishiki-cycle.com\/demo\/","name":"Phoenix Luxury","description":"","potentialAction":[{"@type":"SearchAction","target":{"@type":"EntryPoint","urlTemplate":"https:\/\/nishiki-cycle.com\/demo\/?s={search_term_string}"},"query-input":"required name=search_term_string"}],"inLanguage":"vi"}]}},"_links":{"self":[{"href":"https:\/\/nishiki-cycle.com\/demo\/wp-json\/wp\/v2\/product\/10915","targetHints":{"allow":["GET"]}}],"collection":[{"href":"https:\/\/nishiki-cycle.com\/demo\/wp-json\/wp\/v2\/product"}],"about":[{"href":"https:\/\/nishiki-cycle.com\/demo\/wp-json\/wp\/v2\/types\/product"}],"replies":[{"embeddable":true,"href":"https:\/\/nishiki-cycle.com\/demo\/wp-json\/wp\/v2\/comments?post=10915"}],"wp:featuredmedia":[{"embeddable":true,"href":"https:\/\/nishiki-cycle.com\/demo\/wp-json\/wp\/v2\/media\/10916"}],"wp:attachment":[{"href":"https:\/\/nishiki-cycle.com\/demo\/wp-json\/wp\/v2\/media?parent=10915"}],"wp:term":[{"taxonomy":"product_cat","embeddable":true,"href":"https:\/\/nishiki-cycle.com\/demo\/wp-json\/wp\/v2\/product_cat?post=10915"},{"taxonomy":"product_tag","embeddable":true,"href":"https:\/\/nishiki-cycle.com\/demo\/wp-json\/wp\/v2\/product_tag?post=10915"}],"curies":[{"name":"wp","href":"https:\/\/api.w.org\/{rel}","templated":true}]}}