{"id":10927,"date":"2023-12-02T21:27:16","date_gmt":"2023-12-02T21:27:16","guid":{"rendered":"https:\/\/nishiki-cycle.com\/demo\/?post_type=product&#038;p=10927"},"modified":"2023-12-09T12:28:55","modified_gmt":"2023-12-09T12:28:55","slug":"rolex-datejust-31-278275-0032","status":"publish","type":"product","link":"https:\/\/nishiki-cycle.com\/demo\/san-pham\/rolex-datejust-31-278275-0032\/","title":{"rendered":"Rolex Datejust 31 278275-0032"},"content":{"rendered":"<p><img fetchpriority=\"high\" decoding=\"async\" class=\"size-medium wp-image-10929 aligncenter\" src=\"https:\/\/nishiki-cycle.com\/demo\/wp-content\/uploads\/2023\/12\/1-2-300x300.png\" alt=\"\" width=\"300\" height=\"300\" srcset=\"https:\/\/nishiki-cycle.com\/demo\/wp-content\/uploads\/2023\/12\/1-2-300x300.png 300w, https:\/\/nishiki-cycle.com\/demo\/wp-content\/uploads\/2023\/12\/1-2-150x150.png 150w, https:\/\/nishiki-cycle.com\/demo\/wp-content\/uploads\/2023\/12\/1-2-768x768.png 768w, https:\/\/nishiki-cycle.com\/demo\/wp-content\/uploads\/2023\/12\/1-2-600x600.png 600w, https:\/\/nishiki-cycle.com\/demo\/wp-content\/uploads\/2023\/12\/1-2-100x100.png 100w, https:\/\/nishiki-cycle.com\/demo\/wp-content\/uploads\/2023\/12\/1-2.png 900w\" sizes=\"(max-width: 300px) 100vw, 300px\" \/><\/p>\n<p>Ra m\u1eaft v\u00e0o n\u0103m 1945, tr\u1ea3i qua nhi\u1ec1u th\u1eddi \u0111\u1ea1i nh\u01b0ng Rolex Datejust l\u00e0 d\u00f2ng \u0111\u1ed3ng h\u1ed3 h\u00ecnh m\u1eabu cho phong c\u00e1ch \u0111\u1ed3ng h\u1ed3 c\u1ed5 \u0111i\u1ec3n nh\u1edd v\u00e0o c\u00e1c t\u00ednh n\u0103ng v\u00e0 th\u1ea9m m\u1ef9 lu\u00f4n h\u1ee3p th\u1eddi. Ngo\u00e0i ra, Rolex Datejust c\u00f2n l\u00e0 chi\u1ebfc \u0111\u1ed3ng h\u1ed3 \u0111eo tay ch\u1ed1ng th\u1ea5m n\u01b0\u1edbc t\u1ef1 l\u00ean d\u00e2y \u0111\u1ea7u ti\u00ean c\u00f3 hi\u1ec3n th\u1ecb th\u1ee9 tr\u00ean m\u1eb7t \u0111\u1ed3ng h\u1ed3 t\u1ea1i \u0111i\u1ec3m 3 gi\u1edd tr\u00ean m\u1eb7t s\u1ed1 \u0111\u1ed3ng h\u1ed3 v\u00e0 h\u1ee3p nh\u1ea5t t\u1ea5t c\u1ea3 nh\u1eefng c\u00e1ch t\u00e2n quan tr\u1ecdng m\u00e0 Rolex \u0111\u00e3 g\u00f3p ph\u1ea7n v\u00e0o chi\u1ebfc \u0111\u1ed3ng h\u1ed3 \u0111eo tay hi\u1ec7n \u0111\u1ea1i. V\u1edbi nh\u1eefng n\u00e9t \u0111\u1eb9p \u0111\u1eb7c tr\u01b0ng nh\u01b0 v\u1eady th\u00ec Rolex Datejust l\u00e0 m\u1ed9t trong nh\u1eefng d\u00f2ng \u0111\u1ed3ng h\u1ed3 \u0111\u01b0\u1ee3c y\u00eau th\u00edch nh\u1ea5t b\u1edfi ph\u00e1i \u0111\u1eb9p.<\/p>\n<p>Chi\u1ebfc \u0111\u1ed3ng h\u1ed3 Rolex Datejust 31 278275-0032 m\u1eb7t s\u1ed1 m\u00e0u ghi \u0111\u1eadm d\u00e2y \u0111eo President c\u00f3 thi\u1ebft k\u1ebf v\u00f4 c\u00f9ng \u0111\u01a1n gi\u1ea3n v\u1edbi d\u00e1ng tr\u00f2n c\u1ed5 \u0111i\u1ec3n, v\u00e0nh bezel d\u1ea1ng r\u00e3nh quen thu\u1ed9c, d\u00e2y \u0111eo President. Tuy nhi\u00ean, Rolex Datejust 278275-0032 v\u1eabn g\u00e2y \u0111\u01b0\u1ee3c \u1ea5n t\u01b0\u1ee3ng v\u1edbi ng\u01b0\u1eddi m\u1ed9 \u0111i\u1ec7u b\u1edfi ph\u1ea7n m\u1eb7t s\u1ed1 m\u00e0u ghi \u0111\u1eadm, nh\u01b0ng \u1edf phi\u00ean b\u1ea3n n\u00e0y s\u1eed d\u1ee5ng c\u1ecdc s\u1ed1 La m\u00e3 \u0111\u1eb7c bi\u1ec7t \u1edf g\u00f3c 6 gi\u1edd \u0111\u01b0\u1ee3c \u0111\u00ednh kim c\u01b0\u01a1ng.<\/p>\n<p dir=\"ltr\">\u0110\u1ed3ng H\u1ed3 Rolex Datejust 278275-0032 \u0111\u01b0\u1ee3c Rolex trang b\u1ecb cho b\u1ed9 m\u00e1y th\u1eddi gian l\u00ean c\u00f3t t\u1ef1 \u0111\u1ed9ng Caliber 2236, m\u1ed9t ch\u1ebf t\u00e1c \u0111\u1ed9c quy\u1ec1n c\u1ee7a Rolex. B\u1ed9 m\u00e1y \u0111\u01b0\u1ee3c ch\u1ee9ng nh\u1eadn chronometer &#8211; m\u1ed9t ti\u00eau chu\u1ea9n ch\u1ea5t l\u01b0\u1ee3ng ch\u1ec9 d\u00e0nh cho nh\u1eefng b\u1ed9 m\u00e1y \u0111\u1ed3ng h\u1ed3 v\u01b0\u1ee3t qua \u0111\u01b0\u1ee3c b\u00e0i ki\u1ec3m tra c\u1ee7a Swiss Official Chronometer Testing Institute. \u0110\u00e2y l\u00e0 b\u1ed9 m\u00e1y \u0111\u1ed3ng h\u1ed3 \u0111\u1ea7u ti\u00ean s\u1eed d\u1ee5ng d\u00e2y c\u00f3t Syloxi.<\/p>\n<p dir=\"ltr\">B\u1ed9 m\u00e1y g\u1ed3m 31 ch\u00e2n k\u00ednh, dao \u0111\u1ed9ng v\u1edbi t\u1ea7n s\u1ed1 28.800vph, ho\u1ea1t \u0111\u1ed9ng v\u1edbi \u0111\u1ed9 ch\u00ednh x\u00e1c cao, sai s\u1ed1 ch\u1ec9 \u00b1 2 gi\u00e2y\/ ng\u00e0y khi \u0111\u01b0\u1ee3c l\u1eafp \u0111\u1eb7t ho\u00e0n ch\u1ec9nh.<\/p>\n<p dir=\"ltr\">\u0110\u1ed3ng H\u1ed3 Rolex Datejust 278275-0032 c\u00f3 kh\u1ea3 n\u0103ng tr\u1eef c\u00f3 trong 55 gi\u1edd, ch\u1ecbu n\u01b0\u1edbc \u1edf \u0111\u1ed9 s\u00e2u 100m, th\u1ef1c hi\u1ec7n c\u00e1c ch\u1ee9c n\u0103ng ng\u00e0y, gi\u1edd, ph\u00fat, gi\u00e2y mang \u0111\u1ebfn nhi\u1ec1u ti\u1ec7n \u00edch cho ng\u01b0\u1eddi s\u1eed d\u1ee5ng.<\/p>\n<p dir=\"ltr\">V\u1edbi s\u1ef1 ho\u00e0n m\u1ef9 nh\u01b0 v\u1eady th\u00ec Rolex Datejust 31 278275-0032 l\u00e0 chi\u1ebfc \u0111\u1ed3ng h\u1ed3 l\u00fd t\u01b0\u1edfng d\u00e0nh cho qu\u00fd c\u00f4 hi\u1ec7n \u0111\u1ea1i c\u00f9ng v\u1edbi n\u00e9t \u0111\u1eb9p thanh l\u1ecbch, sang tr\u1ecdng t\u1ed1i th\u01b0\u1ee3ng.<\/p>\n","protected":false},"excerpt":{"rendered":"<p>M\u00e3: 278275-0032<\/p>\n<p>Xu\u1ea5t x\u1ee9: Th\u1ee5y S\u1ef9<\/p>\n<p>D\u00f2ng: Datejust<\/p>\n<p>K\u00edch th\u01b0\u1edbc: 31 mm<\/p>\n<p>K\u00ednh: Sapphire<\/p>\n<p>M\u1eb7t s\u1ed1: M\u00e0u ghi \u0111\u1eadm<\/p>\n<p>B\u1ed9 m\u00e1y: Automatic &#8211; Calibre 2236,<\/p>\n<p>Ch\u1ee9c n\u0103ng: Gi\u1edd, ph\u00fat, gi\u00e2y, ng\u00e0y<\/p>\n<p>D\u1ef1 tr\u1eef n\u0103ng l\u01b0\u1ee3ng: 55 gi\u1edd<\/p>\n<p>Ch\u1ea5t li\u1ec7u v\u1ecf: V\u00e0ng h\u1ed3ng 18K<\/p>\n<p>Kh\u00e1ng n\u01b0\u1edbc: 100m (10ATM)<\/p>\n<p>D\u00e2y \u0111eo:\u00a0President<\/p>\n<p>Ch\u1ea5t li\u1ec7u d\u00e2y \u0111eo:\u00a0V\u00e0ng h\u1ed3ng 18K<\/p>\n","protected":false},"featured_media":10929,"comment_status":"open","ping_status":"closed","template":"","meta":[],"product_cat":[242,319],"product_tag":[],"class_list":["post-10927","product","type-product","status-publish","has-post-thumbnail","hentry","product_cat-womens-watches","product_cat-rolex"],"yoast_head":"<!-- This site is optimized with the Yoast SEO plugin v21.6 - https:\/\/yoast.com\/wordpress\/plugins\/seo\/ -->\n<title>Rolex Datejust 31 278275-0032 - Phoenix Luxury<\/title>\n<meta name=\"description\" content=\"Rolex Datejust 31 278275-0032 l\u00e0 chi\u1ebfc \u0111\u1ed3ng h\u1ed3 l\u00fd t\u01b0\u1edfng d\u00e0nh cho qu\u00fd c\u00f4 hi\u1ec7n \u0111\u1ea1i c\u00f9ng v\u1edbi n\u00e9t \u0111\u1eb9p thanh l\u1ecbch, sang tr\u1ecdng t\u1ed1i th\u01b0\u1ee3ng.\" \/>\n<meta name=\"robots\" content=\"index, follow, max-snippet:-1, max-image-preview:large, max-video-preview:-1\" \/>\n<link rel=\"canonical\" href=\"https:\/\/nishiki-cycle.com\/demo\/san-pham\/rolex-datejust-31-278275-0032\/\" \/>\n<meta property=\"og:locale\" content=\"vi_VN\" \/>\n<meta property=\"og:type\" content=\"article\" \/>\n<meta property=\"og:title\" content=\"Rolex Datejust 31 278275-0032 - Phoenix Luxury\" \/>\n<meta property=\"og:description\" content=\"Rolex Datejust 31 278275-0032 l\u00e0 chi\u1ebfc \u0111\u1ed3ng h\u1ed3 l\u00fd t\u01b0\u1edfng d\u00e0nh cho qu\u00fd c\u00f4 hi\u1ec7n \u0111\u1ea1i c\u00f9ng v\u1edbi n\u00e9t \u0111\u1eb9p thanh l\u1ecbch, sang tr\u1ecdng t\u1ed1i th\u01b0\u1ee3ng.\" \/>\n<meta property=\"og:url\" content=\"https:\/\/nishiki-cycle.com\/demo\/san-pham\/rolex-datejust-31-278275-0032\/\" \/>\n<meta property=\"og:site_name\" content=\"Phoenix Luxury\" \/>\n<meta property=\"article:modified_time\" content=\"2023-12-09T12:28:55+00:00\" \/>\n<meta property=\"og:image\" content=\"https:\/\/nishiki-cycle.com\/demo\/wp-content\/uploads\/2023\/12\/1-2.png\" \/>\n\t<meta property=\"og:image:width\" content=\"900\" \/>\n\t<meta property=\"og:image:height\" content=\"900\" \/>\n\t<meta property=\"og:image:type\" content=\"image\/png\" \/>\n<meta name=\"twitter:card\" content=\"summary_large_image\" \/>\n<meta name=\"twitter:label1\" content=\"\u01af\u1edbc t\u00ednh th\u1eddi gian \u0111\u1ecdc\" \/>\n\t<meta name=\"twitter:data1\" content=\"3 ph\u00fat\" \/>\n<script type=\"application\/ld+json\" class=\"yoast-schema-graph\">{\"@context\":\"https:\/\/schema.org\",\"@graph\":[{\"@type\":\"WebPage\",\"@id\":\"https:\/\/nishiki-cycle.com\/demo\/san-pham\/rolex-datejust-31-278275-0032\/\",\"url\":\"https:\/\/nishiki-cycle.com\/demo\/san-pham\/rolex-datejust-31-278275-0032\/\",\"name\":\"Rolex Datejust 31 278275-0032 - Phoenix Luxury\",\"isPartOf\":{\"@id\":\"https:\/\/nishiki-cycle.com\/demo\/#website\"},\"datePublished\":\"2023-12-02T21:27:16+00:00\",\"dateModified\":\"2023-12-09T12:28:55+00:00\",\"description\":\"Rolex Datejust 31 278275-0032 l\u00e0 chi\u1ebfc \u0111\u1ed3ng h\u1ed3 l\u00fd t\u01b0\u1edfng d\u00e0nh cho qu\u00fd c\u00f4 hi\u1ec7n \u0111\u1ea1i c\u00f9ng v\u1edbi n\u00e9t \u0111\u1eb9p thanh l\u1ecbch, sang tr\u1ecdng t\u1ed1i th\u01b0\u1ee3ng.\",\"breadcrumb\":{\"@id\":\"https:\/\/nishiki-cycle.com\/demo\/san-pham\/rolex-datejust-31-278275-0032\/#breadcrumb\"},\"inLanguage\":\"vi\",\"potentialAction\":[{\"@type\":\"ReadAction\",\"target\":[\"https:\/\/nishiki-cycle.com\/demo\/san-pham\/rolex-datejust-31-278275-0032\/\"]}]},{\"@type\":\"BreadcrumbList\",\"@id\":\"https:\/\/nishiki-cycle.com\/demo\/san-pham\/rolex-datejust-31-278275-0032\/#breadcrumb\",\"itemListElement\":[{\"@type\":\"ListItem\",\"position\":1,\"name\":\"Trang ch\u1ee7\",\"item\":\"https:\/\/nishiki-cycle.com\/demo\/\"},{\"@type\":\"ListItem\",\"position\":2,\"name\":\"C\u1eeda h\u00e0ng\",\"item\":\"https:\/\/nishiki-cycle.com\/demo\/cua-hang\/\"},{\"@type\":\"ListItem\",\"position\":3,\"name\":\"ROLEX DATEJUST 31 278275-0032\"}]},{\"@type\":\"WebSite\",\"@id\":\"https:\/\/nishiki-cycle.com\/demo\/#website\",\"url\":\"https:\/\/nishiki-cycle.com\/demo\/\",\"name\":\"Phoenix Luxury\",\"description\":\"\",\"potentialAction\":[{\"@type\":\"SearchAction\",\"target\":{\"@type\":\"EntryPoint\",\"urlTemplate\":\"https:\/\/nishiki-cycle.com\/demo\/?s={search_term_string}\"},\"query-input\":\"required name=search_term_string\"}],\"inLanguage\":\"vi\"}]}<\/script>\n<!-- \/ Yoast SEO plugin. -->","yoast_head_json":{"title":"Rolex Datejust 31 278275-0032 - Phoenix Luxury","description":"Rolex Datejust 31 278275-0032 l\u00e0 chi\u1ebfc \u0111\u1ed3ng h\u1ed3 l\u00fd t\u01b0\u1edfng d\u00e0nh cho qu\u00fd c\u00f4 hi\u1ec7n \u0111\u1ea1i c\u00f9ng v\u1edbi n\u00e9t \u0111\u1eb9p thanh l\u1ecbch, sang tr\u1ecdng t\u1ed1i th\u01b0\u1ee3ng.","robots":{"index":"index","follow":"follow","max-snippet":"max-snippet:-1","max-image-preview":"max-image-preview:large","max-video-preview":"max-video-preview:-1"},"canonical":"https:\/\/nishiki-cycle.com\/demo\/san-pham\/rolex-datejust-31-278275-0032\/","og_locale":"vi_VN","og_type":"article","og_title":"Rolex Datejust 31 278275-0032 - Phoenix Luxury","og_description":"Rolex Datejust 31 278275-0032 l\u00e0 chi\u1ebfc \u0111\u1ed3ng h\u1ed3 l\u00fd t\u01b0\u1edfng d\u00e0nh cho qu\u00fd c\u00f4 hi\u1ec7n \u0111\u1ea1i c\u00f9ng v\u1edbi n\u00e9t \u0111\u1eb9p thanh l\u1ecbch, sang tr\u1ecdng t\u1ed1i th\u01b0\u1ee3ng.","og_url":"https:\/\/nishiki-cycle.com\/demo\/san-pham\/rolex-datejust-31-278275-0032\/","og_site_name":"Phoenix Luxury","article_modified_time":"2023-12-09T12:28:55+00:00","og_image":[{"width":900,"height":900,"url":"https:\/\/nishiki-cycle.com\/demo\/wp-content\/uploads\/2023\/12\/1-2.png","type":"image\/png"}],"twitter_card":"summary_large_image","twitter_misc":{"\u01af\u1edbc t\u00ednh th\u1eddi gian \u0111\u1ecdc":"3 ph\u00fat"},"schema":{"@context":"https:\/\/schema.org","@graph":[{"@type":"WebPage","@id":"https:\/\/nishiki-cycle.com\/demo\/san-pham\/rolex-datejust-31-278275-0032\/","url":"https:\/\/nishiki-cycle.com\/demo\/san-pham\/rolex-datejust-31-278275-0032\/","name":"Rolex Datejust 31 278275-0032 - Phoenix Luxury","isPartOf":{"@id":"https:\/\/nishiki-cycle.com\/demo\/#website"},"datePublished":"2023-12-02T21:27:16+00:00","dateModified":"2023-12-09T12:28:55+00:00","description":"Rolex Datejust 31 278275-0032 l\u00e0 chi\u1ebfc \u0111\u1ed3ng h\u1ed3 l\u00fd t\u01b0\u1edfng d\u00e0nh cho qu\u00fd c\u00f4 hi\u1ec7n \u0111\u1ea1i c\u00f9ng v\u1edbi n\u00e9t \u0111\u1eb9p thanh l\u1ecbch, sang tr\u1ecdng t\u1ed1i th\u01b0\u1ee3ng.","breadcrumb":{"@id":"https:\/\/nishiki-cycle.com\/demo\/san-pham\/rolex-datejust-31-278275-0032\/#breadcrumb"},"inLanguage":"vi","potentialAction":[{"@type":"ReadAction","target":["https:\/\/nishiki-cycle.com\/demo\/san-pham\/rolex-datejust-31-278275-0032\/"]}]},{"@type":"BreadcrumbList","@id":"https:\/\/nishiki-cycle.com\/demo\/san-pham\/rolex-datejust-31-278275-0032\/#breadcrumb","itemListElement":[{"@type":"ListItem","position":1,"name":"Trang ch\u1ee7","item":"https:\/\/nishiki-cycle.com\/demo\/"},{"@type":"ListItem","position":2,"name":"C\u1eeda h\u00e0ng","item":"https:\/\/nishiki-cycle.com\/demo\/cua-hang\/"},{"@type":"ListItem","position":3,"name":"ROLEX DATEJUST 31 278275-0032"}]},{"@type":"WebSite","@id":"https:\/\/nishiki-cycle.com\/demo\/#website","url":"https:\/\/nishiki-cycle.com\/demo\/","name":"Phoenix Luxury","description":"","potentialAction":[{"@type":"SearchAction","target":{"@type":"EntryPoint","urlTemplate":"https:\/\/nishiki-cycle.com\/demo\/?s={search_term_string}"},"query-input":"required name=search_term_string"}],"inLanguage":"vi"}]}},"_links":{"self":[{"href":"https:\/\/nishiki-cycle.com\/demo\/wp-json\/wp\/v2\/product\/10927","targetHints":{"allow":["GET"]}}],"collection":[{"href":"https:\/\/nishiki-cycle.com\/demo\/wp-json\/wp\/v2\/product"}],"about":[{"href":"https:\/\/nishiki-cycle.com\/demo\/wp-json\/wp\/v2\/types\/product"}],"replies":[{"embeddable":true,"href":"https:\/\/nishiki-cycle.com\/demo\/wp-json\/wp\/v2\/comments?post=10927"}],"wp:featuredmedia":[{"embeddable":true,"href":"https:\/\/nishiki-cycle.com\/demo\/wp-json\/wp\/v2\/media\/10929"}],"wp:attachment":[{"href":"https:\/\/nishiki-cycle.com\/demo\/wp-json\/wp\/v2\/media?parent=10927"}],"wp:term":[{"taxonomy":"product_cat","embeddable":true,"href":"https:\/\/nishiki-cycle.com\/demo\/wp-json\/wp\/v2\/product_cat?post=10927"},{"taxonomy":"product_tag","embeddable":true,"href":"https:\/\/nishiki-cycle.com\/demo\/wp-json\/wp\/v2\/product_tag?post=10927"}],"curies":[{"name":"wp","href":"https:\/\/api.w.org\/{rel}","templated":true}]}}