{"id":10945,"date":"2023-12-07T06:03:43","date_gmt":"2023-12-07T06:03:43","guid":{"rendered":"https:\/\/nishiki-cycle.com\/demo\/?post_type=product&#038;p=10945"},"modified":"2023-12-09T12:28:33","modified_gmt":"2023-12-09T12:28:33","slug":"hublot-spirit-of-big-bang-blue-ceramic-42mm","status":"publish","type":"product","link":"https:\/\/nishiki-cycle.com\/demo\/san-pham\/hublot-spirit-of-big-bang-blue-ceramic-42mm\/","title":{"rendered":"Hublot Spirit Of Big Bang Blue Ceramic 42mm"},"content":{"rendered":"<p><img fetchpriority=\"high\" decoding=\"async\" class=\"size-medium wp-image-10946 aligncenter\" src=\"https:\/\/nishiki-cycle.com\/demo\/wp-content\/uploads\/2023\/12\/1-3-300x300.png\" alt=\"\" width=\"300\" height=\"300\" srcset=\"https:\/\/nishiki-cycle.com\/demo\/wp-content\/uploads\/2023\/12\/1-3-300x300.png 300w, https:\/\/nishiki-cycle.com\/demo\/wp-content\/uploads\/2023\/12\/1-3-150x150.png 150w, https:\/\/nishiki-cycle.com\/demo\/wp-content\/uploads\/2023\/12\/1-3-768x768.png 768w, https:\/\/nishiki-cycle.com\/demo\/wp-content\/uploads\/2023\/12\/1-3-600x600.png 600w, https:\/\/nishiki-cycle.com\/demo\/wp-content\/uploads\/2023\/12\/1-3-100x100.png 100w, https:\/\/nishiki-cycle.com\/demo\/wp-content\/uploads\/2023\/12\/1-3.png 900w\" sizes=\"(max-width: 300px) 100vw, 300px\" \/><\/p>\n<p>Tr\u00ean th\u1ecb tr\u01b0\u1eddng \u0111\u1ed3ng h\u1ed3 n\u00f3i chung v\u00e0 \u0111\u1ed3ng h\u1ed3 cao c\u1ea5p n\u00f3i ri\u00eang, nh\u1eefng chi\u1ebfc \u0111\u1ed3ng h\u1ed3 d\u00e1ng tr\u00f2n lu\u00f4n \u0111\u01b0\u1ee3c v\u00ed nh\u01b0 nh\u1eefng v\u1ecb Vua th\u1ed1ng l\u0129nh th\u1ecb tr\u01b0\u1eddng. Tuy nhi\u00ean, v\u1eabn c\u00f3 nh\u1eefng d\u00e1ng thi\u1ebft thi\u1ebft k\u1ebf kh\u00e1c \u0111ang th\u1ec3 hi\u1ec7n s\u1ee9c m\u1ea1nh v\u00e0 s\u1ef1 thu h\u00fat kh\u00f4ng h\u1ec1 thua k\u00e9m nh\u1eefng chi\u1ebfc \u0111\u1ed3ng h\u1ed3 d\u00e1ng tr\u00f2n. M\u1ed9t trong s\u1ed1 nh\u1eefng d\u00e1ng thi\u1ebft k\u1ebf \u0111ang t\u1eebng b\u01b0\u1edbc kh\u1eb3ng \u0111\u1ecbnh v\u1ecb th\u1ebf ri\u00eang c\u1ee7a m\u00ecnh \u0111\u00f3 l\u00e0 nh\u1eefng chi\u1ebfc \u0111\u1ed3ng h\u1ed3 d\u00e1ng tonneau. V\u00e0 t\u1ea5t nhi\u00ean, v\u1edbi m\u1ed9t xu h\u01b0\u1edbng m\u1edbi th\u00ec kh\u00f4ng th\u1ec3 n\u00e0o thi\u1ebfu \u0111i c\u00e1i t\u00ean \u201cHublot\u201d \u2013 th\u01b0\u01a1ng hi\u1ec7u c\u0169ng \u0111\u00e3 cho ra m\u1eaft nh\u1eefng thi\u1ebft k\u1ebf tonneau tuy\u1ec7t \u0111\u1eb9p trong b\u1ed9 s\u01b0u t\u1eadp Spirit of Big Bang.<\/p>\n<p>B\u1ed9 s\u01b0u t\u1eadp Spirit of Big Bang \u0111\u01b0\u1ee3c ra m\u1eaft v\u00e0o n\u0103m 2014 m\u1edf ra m\u1ed9t h\u01b0\u1edbng \u0111i m\u1edbi cho Hublot v\u1edbi \u0111\u1ed3ng h\u1ed3 d\u00e1ng tonneau m\u1edbi l\u1ea1, mang thi\u1ebft k\u1ebf hi\u1ec7n \u0111\u1ea1i v\u00e0 n\u0103ng \u0111\u1ed9ng. M\u1ed9t trong nh\u1eefng chi\u1ebfc \u0111\u1ed3ng h\u1ed3 Big Bang d\u00e0nh cho ph\u00e1i m\u1ea1nh \u0111\u01b0\u1ee3c y\u00eau th\u00edch nh\u1ea5t ch\u00ednh l\u00e0 chi\u1ebfc \u0111\u1ed3ng h\u1ed3 Hublot Spirit Of Big Bang Titanium Blue Ceramic 42mm.<\/p>\n<p>\u0110\u1ec3 l\u1ea1i m\u1ed9t \u1ea5n t\u01b0\u1ee3ng s\u00e2u s\u1eafc v\u1edbi ng\u01b0\u1eddi nh\u00ecn ngay t\u1eeb c\u00e1i nh\u00ecn \u0111\u1ea7u ti\u00ean, Hublot Spirit Of Big Bang Titanium Blue Ceramic 42mm c\u00f3 m\u1eb7t s\u1ed1 \u0111\u01b0\u1ee3c thi\u1ebft k\u1ebf theo phong c\u00e1ch skeleton l\u1ed9 c\u01a1 t\u00e1o b\u1ea1o, \u0111\u1ec3 l\u1ed9 m\u1ed9t ph\u1ea7n c\u1ee7a b\u1ed9 m\u00e1y ho\u1ea1t \u0111\u1ed9ng b\u00ean trong nh\u01b0 b\u1ed9 c\u00f3t, b\u00e1nh r\u0103ng hay c\u1ea7u n\u1ed1i, v.v.<\/p>\n<p>Ngo\u00e0i ra, c\u00f3 r\u1ea5t nhi\u1ec1u ch\u1ee9c n\u0103ng h\u1eefu \u00edch \u0111\u01b0\u1ee3c t\u00ecm th\u1ea5y tr\u00ean m\u1eb7t s\u1ed1 c\u1ee7a chi\u1ebfc\u00a0<span style=\"color: #0000ff;\"><a style=\"color: #0000ff;\" title=\"\u0111\u1ed3ng h\u1ed3 Hublot ch\u00ednh h\u00e3ng\" href=\"https:\/\/nishiki-cycle.com\/demo\/danh-muc-san-pham\/hublot\/\"><strong>\u0111\u1ed3ng h\u1ed3 Hublot ch\u00ednh h\u00e3ng<\/strong><\/a><\/span>\u00a0n\u00e0y. S\u1ebd c\u00f3 m\u1ed9t b\u1ed9 kim d\u00e1ng pencil t\u1ea1i v\u1ecb tr\u00ed trung t\u00e2m, k\u1ebft h\u1ee3p v\u1edbi c\u00e1c v\u1ea1ch ch\u1ec9 gi\u1edd, cho ch\u1ee9c n\u0103ng hi\u1ec3n th\u1ecb gi\u1edd, ph\u00fat, gi\u00e2y. Ba m\u1eb7t s\u1ed1 ph\u1ee5 b\u1ea5m gi\u1edd chronograph \u0111\u01b0\u1ee3c m\u1edf l\u1ea7n l\u01b0\u1ee3t t\u1ea1i h\u01b0\u1edbng 3 gi\u1edd, 6 gi\u1edd v\u00e0 9 gi\u1edd. Logo Hublot v\u00e0 t\u00ean th\u01b0\u01a1ng hi\u1ec7u \u0111\u01b0\u1ee3c thi\u1ebft l\u1eadp t\u1ea1i h\u01b0\u1edbng 12 gi\u1edd. Ng\u01b0\u1eddi \u0111eo c\u0169ng c\u00f3 th\u1ec3 nh\u1eadn bi\u1ebft th\u1eddi gian ng\u00e0y th\u00f4ng qua m\u1ed9t c\u1eeda s\u1ed5 nh\u1ecf m\u1edf t\u1ea1i gi\u1eefa v\u1ecb tr\u00ed 4 gi\u1edd v\u00e0 5 gi\u1edd.<\/p>\n<p>\u0110\u1eb7c bi\u1ec7t, khi nh\u00ecn v\u00e0o l\u1edbp v\u1ecf \u0111\u1ed3ng h\u1ed3, c\u00f3 th\u1ec3 th\u1ea5y tinh th\u1ea7n Big Bang \u0111\u01b0\u1ee3c hi\u1ec7n l\u00ean tr\u00ean l\u1edbp v\u1ecf tonneau. \u0110\u00f3 l\u00e0 b\u1ed9 v\u1ecf \u0111\u01b0\u1ee3c thi\u1ebft k\u1ebf theo c\u1ea5u tr\u00fac \u201csandwich\u201d nhi\u1ec1u l\u1edbp, gi\u00fap chi\u1ebfc \u0111\u1ed3ng h\u1ed3 d\u1ec5 d\u00e0ng t\u1ea1o n\u00ean nh\u1eefng s\u1ef1 k\u1ebft h\u1ee3p kh\u00f4ng gi\u1edbi h\u1ea1n gi\u1eefa c\u00e1c v\u1eadt li\u1ec7u v\u00e0 m\u00e0u s\u1eafc kh\u00e1c nhau. C\u1ed1 \u0111\u1ecbnh v\u00e0nh bezel l\u00e0 6 chi\u1ebfc \u1ed1c titanium h\u00ecnh ch\u1eef H. S\u1ef1 k\u1ebft h\u1ee3p gi\u1eefa nh\u1eefng y\u1ebfu t\u1ed1 di s\u1ea3n v\u00e0 c\u00e1ch t\u00e2n \u2013 truy\u1ec1n th\u1ed1ng v\u00e0 \u0111\u1ea1i \u0111\u00e3 t\u1ea1o n\u00ean m\u1ed9t v\u1ebb \u0111\u1eb9p ri\u00eang bi\u1ec7t m\u00e0 kh\u00f4ng th\u1ec3 t\u00ecm th\u1ea5y \u1edf nh\u1eefng d\u00f2ng \u0111\u1ed3ng h\u1ed3 cao c\u1ea5p kh\u00e1c.<\/p>\n<p>Cung c\u1ea5p n\u0103ng l\u01b0\u1ee3ng cho \u0111\u1ed3ng h\u1ed3 l\u00e0 b\u1ed9 chuy\u1ec3n \u0111\u1ed9ng t\u1ef1 \u0111\u1ed9ng caliber HUB4700, ho\u1ea1t \u0111\u1ed3ng v\u1edbi t\u1ea7n s\u1ed1 \u00a05Hz (36\u2019000 A\/h) v\u00e0 cho kh\u1ea3 n\u0103ng d\u1ef1 tr\u1eef n\u0103ng l\u01b0\u1ee3ng trong 50 gi\u1edd.<\/p>\n<p>\u0110\u1ec3 t\u1ea1o n\u00ean m\u1ed9t t\u1ed5ng th\u1ec3 \u0111\u1ed3ng nh\u1ea5t, \u0111\u1ed3ng h\u1ed3 c\u0169ng \u0111\u01b0\u1ee3c trang b\u1ecb c\u00f9ng d\u00e2y \u0111eo cao su m\u00e0u xanh C\u00f3 th\u1ec3 n\u00f3i, s\u1ef1 xu\u1ea5t hi\u1ec7n c\u1ee7a chi\u1ebfc \u0111\u1ed3ng h\u1ed3 Hublot Spirit Of Big Bang Titanium Blue Ceramic 42mm tr\u00ean c\u1ed5 tay ch\u1ee7 s\u1edf h\u1eefu kh\u00f4ng ch\u1ec9 cho nh\u1eefng gi\u00e1 tr\u1ecb nh\u1eadn bi\u1ebft th\u1eddi gian, m\u00e0 c\u00f2n bi\u1ec3u t\u01b0\u1ee3ng c\u1ee7a m\u1ed9t phong c\u00e1ch lu\u00f4n h\u1ee3p th\u1eddi v\u00e0 l\u00e0 l\u1eddi kh\u1eb3ng \u0111\u1ecbnh cho \u0111\u1eb3ng c\u1ea5p ri\u00eang.<\/p>\n","protected":false},"excerpt":{"rendered":"<p>M\u00e3: 642.NL.7170.RX<\/p>\n<p>Xu\u1ea5t x\u1ee9: Th\u1ee5y S\u1ef9<\/p>\n<p>D\u00f2ng: Spirit Of Big Bang<\/p>\n<p>K\u00edch th\u01b0\u1edbc: 42 mm<\/p>\n<p>Ch\u1ea5t li\u1ec7u v\u1ecf: Titanium<\/p>\n<p>Bezel: Ceramic m\u00e0u xanh<\/p>\n<p>K\u00ednh: Sapphire<\/p>\n<p>M\u1eb7t s\u1ed1: Skeleton l\u1ed9 c\u01a1<\/p>\n<p>B\u1ed9 m\u00e1y: Automatic, HUB 4700<\/p>\n<p>Ch\u1ee9c n\u0103ng: Gi\u1edd, Ph\u00fat, Gi\u00e2y, Ng\u00e0y, Chronograph<\/p>\n<p>D\u1ef1 tr\u1eef n\u0103ng l\u01b0\u1ee3ng: 50 gi\u1edd<\/p>\n<p>D\u00e2y \u0111eo: D\u00e2y \u0111eo cao su<\/p>\n<p>Kh\u00e1ng n\u01b0\u1edbc: 100m (10 ATM)<\/p>\n","protected":false},"featured_media":10946,"comment_status":"open","ping_status":"closed","template":"","meta":[],"product_cat":[195,320],"product_tag":[],"class_list":["post-10945","product","type-product","status-publish","has-post-thumbnail","hentry","product_cat-mens-watches","product_cat-hublot","product_brand-hublot"],"yoast_head":"<!-- This site is optimized with the Yoast SEO plugin v21.6 - https:\/\/yoast.com\/wordpress\/plugins\/seo\/ -->\n<title>Hublot Spirit Of Big Bang Blue Ceramic 42mm - Phoenix Luxury<\/title>\n<meta name=\"description\" content=\"Hublot Spirit Of Big Bang Titanium Blue Ceramic 42mm c\u00f3 m\u1eb7t s\u1ed1 \u0111\u01b0\u1ee3c thi\u1ebft k\u1ebf theo phong c\u00e1ch skeleton l\u1ed9 c\u01a1 \u0111\u1ec3 l\u1ed9 m\u1ed9t ph\u1ea7n c\u1ee7a b\u1ed9 m\u00e1y ho\u1ea1t \u0111\u1ed9ng b\u00ean trong\" \/>\n<meta name=\"robots\" content=\"index, follow, max-snippet:-1, max-image-preview:large, max-video-preview:-1\" \/>\n<link rel=\"canonical\" href=\"https:\/\/nishiki-cycle.com\/demo\/san-pham\/hublot-spirit-of-big-bang-blue-ceramic-42mm\/\" \/>\n<meta property=\"og:locale\" content=\"vi_VN\" \/>\n<meta property=\"og:type\" content=\"article\" \/>\n<meta property=\"og:title\" content=\"Hublot Spirit Of Big Bang Blue Ceramic 42mm - Phoenix Luxury\" \/>\n<meta property=\"og:description\" content=\"Hublot Spirit Of Big Bang Titanium Blue Ceramic 42mm c\u00f3 m\u1eb7t s\u1ed1 \u0111\u01b0\u1ee3c thi\u1ebft k\u1ebf theo phong c\u00e1ch skeleton l\u1ed9 c\u01a1 \u0111\u1ec3 l\u1ed9 m\u1ed9t ph\u1ea7n c\u1ee7a b\u1ed9 m\u00e1y ho\u1ea1t \u0111\u1ed9ng b\u00ean trong\" \/>\n<meta property=\"og:url\" content=\"https:\/\/nishiki-cycle.com\/demo\/san-pham\/hublot-spirit-of-big-bang-blue-ceramic-42mm\/\" \/>\n<meta property=\"og:site_name\" content=\"Phoenix Luxury\" \/>\n<meta property=\"article:modified_time\" content=\"2023-12-09T12:28:33+00:00\" \/>\n<meta property=\"og:image\" content=\"https:\/\/nishiki-cycle.com\/demo\/wp-content\/uploads\/2023\/12\/1-3.png\" \/>\n\t<meta property=\"og:image:width\" content=\"900\" \/>\n\t<meta property=\"og:image:height\" content=\"900\" \/>\n\t<meta property=\"og:image:type\" content=\"image\/png\" \/>\n<meta name=\"twitter:card\" content=\"summary_large_image\" \/>\n<meta name=\"twitter:label1\" content=\"\u01af\u1edbc t\u00ednh th\u1eddi gian \u0111\u1ecdc\" \/>\n\t<meta name=\"twitter:data1\" content=\"4 ph\u00fat\" \/>\n<script type=\"application\/ld+json\" class=\"yoast-schema-graph\">{\"@context\":\"https:\/\/schema.org\",\"@graph\":[{\"@type\":\"WebPage\",\"@id\":\"https:\/\/nishiki-cycle.com\/demo\/san-pham\/hublot-spirit-of-big-bang-blue-ceramic-42mm\/\",\"url\":\"https:\/\/nishiki-cycle.com\/demo\/san-pham\/hublot-spirit-of-big-bang-blue-ceramic-42mm\/\",\"name\":\"Hublot Spirit Of Big Bang Blue Ceramic 42mm - Phoenix Luxury\",\"isPartOf\":{\"@id\":\"https:\/\/nishiki-cycle.com\/demo\/#website\"},\"datePublished\":\"2023-12-07T06:03:43+00:00\",\"dateModified\":\"2023-12-09T12:28:33+00:00\",\"description\":\"Hublot Spirit Of Big Bang Titanium Blue Ceramic 42mm c\u00f3 m\u1eb7t s\u1ed1 \u0111\u01b0\u1ee3c thi\u1ebft k\u1ebf theo phong c\u00e1ch skeleton l\u1ed9 c\u01a1 \u0111\u1ec3 l\u1ed9 m\u1ed9t ph\u1ea7n c\u1ee7a b\u1ed9 m\u00e1y ho\u1ea1t \u0111\u1ed9ng b\u00ean trong\",\"breadcrumb\":{\"@id\":\"https:\/\/nishiki-cycle.com\/demo\/san-pham\/hublot-spirit-of-big-bang-blue-ceramic-42mm\/#breadcrumb\"},\"inLanguage\":\"vi\",\"potentialAction\":[{\"@type\":\"ReadAction\",\"target\":[\"https:\/\/nishiki-cycle.com\/demo\/san-pham\/hublot-spirit-of-big-bang-blue-ceramic-42mm\/\"]}]},{\"@type\":\"BreadcrumbList\",\"@id\":\"https:\/\/nishiki-cycle.com\/demo\/san-pham\/hublot-spirit-of-big-bang-blue-ceramic-42mm\/#breadcrumb\",\"itemListElement\":[{\"@type\":\"ListItem\",\"position\":1,\"name\":\"Trang ch\u1ee7\",\"item\":\"https:\/\/nishiki-cycle.com\/demo\/\"},{\"@type\":\"ListItem\",\"position\":2,\"name\":\"C\u1eeda h\u00e0ng\",\"item\":\"https:\/\/nishiki-cycle.com\/demo\/cua-hang\/\"},{\"@type\":\"ListItem\",\"position\":3,\"name\":\"HUBLOT SPIRIT OF BIG BANG BLUE CERAMIC 42MM\"}]},{\"@type\":\"WebSite\",\"@id\":\"https:\/\/nishiki-cycle.com\/demo\/#website\",\"url\":\"https:\/\/nishiki-cycle.com\/demo\/\",\"name\":\"Phoenix Luxury\",\"description\":\"\",\"potentialAction\":[{\"@type\":\"SearchAction\",\"target\":{\"@type\":\"EntryPoint\",\"urlTemplate\":\"https:\/\/nishiki-cycle.com\/demo\/?s={search_term_string}\"},\"query-input\":\"required name=search_term_string\"}],\"inLanguage\":\"vi\"}]}<\/script>\n<!-- \/ Yoast SEO plugin. -->","yoast_head_json":{"title":"Hublot Spirit Of Big Bang Blue Ceramic 42mm - Phoenix Luxury","description":"Hublot Spirit Of Big Bang Titanium Blue Ceramic 42mm c\u00f3 m\u1eb7t s\u1ed1 \u0111\u01b0\u1ee3c thi\u1ebft k\u1ebf theo phong c\u00e1ch skeleton l\u1ed9 c\u01a1 \u0111\u1ec3 l\u1ed9 m\u1ed9t ph\u1ea7n c\u1ee7a b\u1ed9 m\u00e1y ho\u1ea1t \u0111\u1ed9ng b\u00ean trong","robots":{"index":"index","follow":"follow","max-snippet":"max-snippet:-1","max-image-preview":"max-image-preview:large","max-video-preview":"max-video-preview:-1"},"canonical":"https:\/\/nishiki-cycle.com\/demo\/san-pham\/hublot-spirit-of-big-bang-blue-ceramic-42mm\/","og_locale":"vi_VN","og_type":"article","og_title":"Hublot Spirit Of Big Bang Blue Ceramic 42mm - Phoenix Luxury","og_description":"Hublot Spirit Of Big Bang Titanium Blue Ceramic 42mm c\u00f3 m\u1eb7t s\u1ed1 \u0111\u01b0\u1ee3c thi\u1ebft k\u1ebf theo phong c\u00e1ch skeleton l\u1ed9 c\u01a1 \u0111\u1ec3 l\u1ed9 m\u1ed9t ph\u1ea7n c\u1ee7a b\u1ed9 m\u00e1y ho\u1ea1t \u0111\u1ed9ng b\u00ean trong","og_url":"https:\/\/nishiki-cycle.com\/demo\/san-pham\/hublot-spirit-of-big-bang-blue-ceramic-42mm\/","og_site_name":"Phoenix Luxury","article_modified_time":"2023-12-09T12:28:33+00:00","og_image":[{"width":900,"height":900,"url":"https:\/\/nishiki-cycle.com\/demo\/wp-content\/uploads\/2023\/12\/1-3.png","type":"image\/png"}],"twitter_card":"summary_large_image","twitter_misc":{"\u01af\u1edbc t\u00ednh th\u1eddi gian \u0111\u1ecdc":"4 ph\u00fat"},"schema":{"@context":"https:\/\/schema.org","@graph":[{"@type":"WebPage","@id":"https:\/\/nishiki-cycle.com\/demo\/san-pham\/hublot-spirit-of-big-bang-blue-ceramic-42mm\/","url":"https:\/\/nishiki-cycle.com\/demo\/san-pham\/hublot-spirit-of-big-bang-blue-ceramic-42mm\/","name":"Hublot Spirit Of Big Bang Blue Ceramic 42mm - Phoenix Luxury","isPartOf":{"@id":"https:\/\/nishiki-cycle.com\/demo\/#website"},"datePublished":"2023-12-07T06:03:43+00:00","dateModified":"2023-12-09T12:28:33+00:00","description":"Hublot Spirit Of Big Bang Titanium Blue Ceramic 42mm c\u00f3 m\u1eb7t s\u1ed1 \u0111\u01b0\u1ee3c thi\u1ebft k\u1ebf theo phong c\u00e1ch skeleton l\u1ed9 c\u01a1 \u0111\u1ec3 l\u1ed9 m\u1ed9t ph\u1ea7n c\u1ee7a b\u1ed9 m\u00e1y ho\u1ea1t \u0111\u1ed9ng b\u00ean trong","breadcrumb":{"@id":"https:\/\/nishiki-cycle.com\/demo\/san-pham\/hublot-spirit-of-big-bang-blue-ceramic-42mm\/#breadcrumb"},"inLanguage":"vi","potentialAction":[{"@type":"ReadAction","target":["https:\/\/nishiki-cycle.com\/demo\/san-pham\/hublot-spirit-of-big-bang-blue-ceramic-42mm\/"]}]},{"@type":"BreadcrumbList","@id":"https:\/\/nishiki-cycle.com\/demo\/san-pham\/hublot-spirit-of-big-bang-blue-ceramic-42mm\/#breadcrumb","itemListElement":[{"@type":"ListItem","position":1,"name":"Trang ch\u1ee7","item":"https:\/\/nishiki-cycle.com\/demo\/"},{"@type":"ListItem","position":2,"name":"C\u1eeda h\u00e0ng","item":"https:\/\/nishiki-cycle.com\/demo\/cua-hang\/"},{"@type":"ListItem","position":3,"name":"HUBLOT SPIRIT OF BIG BANG BLUE CERAMIC 42MM"}]},{"@type":"WebSite","@id":"https:\/\/nishiki-cycle.com\/demo\/#website","url":"https:\/\/nishiki-cycle.com\/demo\/","name":"Phoenix Luxury","description":"","potentialAction":[{"@type":"SearchAction","target":{"@type":"EntryPoint","urlTemplate":"https:\/\/nishiki-cycle.com\/demo\/?s={search_term_string}"},"query-input":"required name=search_term_string"}],"inLanguage":"vi"}]}},"_links":{"self":[{"href":"https:\/\/nishiki-cycle.com\/demo\/wp-json\/wp\/v2\/product\/10945","targetHints":{"allow":["GET"]}}],"collection":[{"href":"https:\/\/nishiki-cycle.com\/demo\/wp-json\/wp\/v2\/product"}],"about":[{"href":"https:\/\/nishiki-cycle.com\/demo\/wp-json\/wp\/v2\/types\/product"}],"replies":[{"embeddable":true,"href":"https:\/\/nishiki-cycle.com\/demo\/wp-json\/wp\/v2\/comments?post=10945"}],"wp:featuredmedia":[{"embeddable":true,"href":"https:\/\/nishiki-cycle.com\/demo\/wp-json\/wp\/v2\/media\/10946"}],"wp:attachment":[{"href":"https:\/\/nishiki-cycle.com\/demo\/wp-json\/wp\/v2\/media?parent=10945"}],"wp:term":[{"taxonomy":"product_cat","embeddable":true,"href":"https:\/\/nishiki-cycle.com\/demo\/wp-json\/wp\/v2\/product_cat?post=10945"},{"taxonomy":"product_tag","embeddable":true,"href":"https:\/\/nishiki-cycle.com\/demo\/wp-json\/wp\/v2\/product_tag?post=10945"}],"curies":[{"name":"wp","href":"https:\/\/api.w.org\/{rel}","templated":true}]}}