{"id":11106,"date":"2023-12-16T15:23:53","date_gmt":"2023-12-16T15:23:53","guid":{"rendered":"https:\/\/nishiki-cycle.com\/demo\/?post_type=product&#038;p=11106"},"modified":"2023-12-16T15:23:54","modified_gmt":"2023-12-16T15:23:54","slug":"patek-philippe-complications-5524g-001","status":"publish","type":"product","link":"https:\/\/nishiki-cycle.com\/demo\/san-pham\/patek-philippe-complications-5524g-001\/","title":{"rendered":"Patek Philippe Complications 5524G-001"},"content":{"rendered":"<p><img fetchpriority=\"high\" decoding=\"async\" class=\"size-medium wp-image-11107 aligncenter\" src=\"https:\/\/nishiki-cycle.com\/demo\/wp-content\/uploads\/2023\/12\/1-4-300x300.jpg\" alt=\"\" width=\"300\" height=\"300\" srcset=\"https:\/\/nishiki-cycle.com\/demo\/wp-content\/uploads\/2023\/12\/1-4-300x300.jpg 300w, https:\/\/nishiki-cycle.com\/demo\/wp-content\/uploads\/2023\/12\/1-4-150x150.jpg 150w, https:\/\/nishiki-cycle.com\/demo\/wp-content\/uploads\/2023\/12\/1-4-768x768.jpg 768w, https:\/\/nishiki-cycle.com\/demo\/wp-content\/uploads\/2023\/12\/1-4-600x600.jpg 600w, https:\/\/nishiki-cycle.com\/demo\/wp-content\/uploads\/2023\/12\/1-4-100x100.jpg 100w, https:\/\/nishiki-cycle.com\/demo\/wp-content\/uploads\/2023\/12\/1-4.jpg 900w\" sizes=\"(max-width: 300px) 100vw, 300px\" \/><\/p>\n<p>Philippe Calatrava Pilot Travel Time mang\u00a0<strong><a title=\"Patek Philippe ch\u00ednh h\u00e3ng\" href=\"https:\/\/nishiki-cycle.com\/demo\/danh-muc-san-pham\/patek-philippe\/\" target=\"_blank\" rel=\"noopener\">Patek Philippe ch\u00ednh h\u00e3ng<\/a><\/strong>\u00a0m\u00e3 hi\u1ec7u\u00a05524G-001 \u0111\u00e3 thu h\u00fat c\u1ee7a gi\u1edbi m\u1ed9 \u0111i\u1ec7u v\u00e0 t\u1eebng tr\u1edf th\u00e0nh ch\u1ee7 \u0111\u1ec1 th\u1ea3o lu\u1eadn khi l\u1ea7n \u0111\u1ea7u n\u00f3 \u0111\u01b0\u1ee3c ra m\u1eaft t\u1ea1i Baselworld 2015.<\/p>\n<p>C\u00f3 th\u1ec3 n\u00f3i phi\u00ean b\u1ea3n Patek Philippe Complications 5524G-001 \u0111\u00e3 \u0111\u1ea1t t\u1edbi \u0111\u1ec9nh cao cho nh\u1eefng m\u1eabu \u0111\u1ed3ng h\u1ed3 d\u00e0nh cho phi c\u00f4ng v\u1edbi k\u00edch th\u01b0\u1edbc 42mm, c\u00f9ng v\u1edbi n\u00fam \u0111\u1ea9y v\u00e0 n\u00fam v\u1eb7n n\u1ed5i b\u1eadt kh\u00e1 d\u1ec5 \u0111i\u1ec1u ch\u1ec9nh th\u1eddi gian. \u0110\u00f3 qu\u1ea3 th\u1ef1c l\u00e0 m\u1ed9t \u0111i\u1ec1u ho\u00e0n h\u1ea3o.<\/p>\n<p>Patek Philippe Complications 5524G-001 v\u1eabn c\u00f3 nh\u1eefng n\u00e9t kh\u00e1 c\u1ed5 \u0111i\u1ec3n &#8211;\u00a0 c\u00e1c ch\u1eef s\u1ed1 v\u00e0 \u1ee9ng d\u1ee5ng ki\u1ec3u gothic v\u00e0 kim phi c\u00f4ng c\u1ed5.<\/p>\n<p>V\u1ecf \u0111\u01b0\u1ee3c l\u00e0m b\u1eb1ng v\u00e0ng tr\u1eafng v\u1edbi k\u00edch th\u01b0\u1edbc 42mm kh\u00e1 th\u1ec3 thao v\u1ec1 h\u00ecnh d\u00e1ng thi\u1ebft k\u1ebf. M\u1eb7t \u0111\u1ed3ng h\u1ed3 hi\u1ec3n th\u1ecb c\u00e1c ch\u1eef s\u1ed1 d\u1ea1 quang l\u1edbn cho ph\u00e9p ng\u01b0\u1eddi s\u1eed d\u1ee5ng d\u1ec5 d\u00e0ng xem gi\u1edd trong \u0111i\u1ec1u ki\u1ec7n thi\u1ebfu s\u00e1ng. Ngo\u00e0i ra chi\u1ebfc \u0111\u1ed3ng h\u1ed3 c\u00f2n c\u00f3 m\u1ed9t trong nh\u1eefng m\u00e0n h\u00ecnh \u0111\u1eb7c tr\u01b0ng c\u1ee7a Patek.<\/p>\n<p>Cu\u1ed1i c\u00f9ng, s\u1ef1 k\u1ebft h\u1ee3p c\u1ee7a m\u1eb7t s\u1ed1 m\u00e0u xanh \u0111\u1ea1m m\u1edd v\u00e0 v\u1ecf b\u1eb1ng v\u00e0ng tr\u1eafng mang phong c\u00e1ch thi\u1ec3 thao v\u00e0 mang phong c\u00e1ch c\u1ee7a \u0111\u1ed3ng h\u1ed3 phi c\u00f4ng.<\/p>\n<p>Ph\u1ea7n v\u1ecf t\u01b0\u01a1ng \u0111\u1ed1i m\u1ecfng 10,78mm \u0111\u01b0\u1ee3c \u0111anh b\u00f3ng ho\u00e0n to\u00e0n v\u00e0 c\u00f3 hai n\u00fam v\u1eb7n ki\u1ec3u n\u1ea5m \u1edf b\u00ean tr\u00e1i c\u1ee7a v\u1ecf cho ph\u00e9p \u0111i\u1ec1u ch\u1ec9nh m\u00fai gi\u1edd th\u1ee9 hai( gi\u1edd \u0111\u1ecba ph\u01b0\u01a1ng) theo c\u00e1ch tr\u1ef1c quan.<\/p>\n<p>\u0110\u1ec3 tr\u00e1nh nh\u1eefng \u0111i\u1ec1u ch\u1ec9nh ng\u1eabu nhi\u00ean, c\u1ea3 hai b\u1ed9 \u0111\u1ea9y \u0111\u1ec1u \u0111\u01b0\u1ee3c b\u1ea3o v\u1ec7 b\u1eb1ng kh\u00f3a an to\u00e0n \u0111\u00e3 \u0111\u01b0\u1ee3c c\u1ea5p b\u1eb1ng s\u00e1ng ch\u1ebf v\u00e0 ng\u00e0y \u0111\u1ecba ph\u01b0\u01a1ng c\u00f3 th\u1ec3 \u0111\u01b0\u1ee3c \u0111\u1eb7t th\u00f4ng qua b\u1ed9 \u0111\u1ea9y trong tr\u01b0\u1eddng h\u1ee3p \u1edf v\u1ecb tr\u00ed 6:30 gi\u1edd.<\/p>\n<p>M\u1eb7t s\u1ed1 c\u0169ng r\u1ea5t tr\u1ef1c quan.\u00a0Gi\u1edd \u0111\u1ecba ph\u01b0\u01a1ng \u0111\u01b0\u1ee3c ch\u1ec9 \u0111\u1ecbnh b\u1edfi c\u00e1c kim c\u1ee7a nh\u00e0 th\u1edd ch\u00ednh trong khi gi\u1edd ch\u00ednh \u0111\u01b0\u1ee3c cung c\u1ea5p b\u1edfi b\u00e0n tay b\u1eb1ng x\u01b0\u01a1ng.\u00a0T\u1ea5t nhi\u00ean, ng\u00e0y \u1edf v\u1ecb tr\u00ed 6 gi\u1edd \u0111\u01b0\u1ee3c li\u00ean k\u1ebft v\u1edbi gi\u1edd \u0111\u1ecba ph\u01b0\u01a1ng v\u00e0 c\u1ea3 hai m\u00fai gi\u1edd \u0111\u1ec1u \u0111\u01b0\u1ee3c h\u01b0\u1edfng l\u1ee3i t\u1eeb c\u00e1c ch\u1ec9 b\u00e1o ng\u00e0y \u0111\u00eam c\u1ee7a ri\u00eang ch\u00fang (v\u1edbi c\u00e1c kh\u1ea9u \u0111\u1ed9 \u1edf v\u1ecb tr\u00ed 3 v\u00e0 9 gi\u1edd, thay \u0111\u1ed5i t\u1eeb m\u00e0u tr\u1eafng v\u00e0o ban ng\u00e0y th\u00e0nh xanh lam v\u00e0o ban \u0111\u00eam).<\/p>\n<p>B\u00ean trong tr\u01b0\u1eddng h\u1ee3p l\u00e0 n\u1ed5i ti\u1ebfng t\u1ea7m c\u1ee1 Calibre 324 SC FUS (v\u00ed<em>\u00a0fuseaux trung t\u00e2m seconde<\/em>\u00a0ho\u1eb7c trung t\u00e2m th\u1ee9 hai th\u1eddi gian khu).\u00a0B\u1ed9 chuy\u1ec3n \u0111\u1ed9ng n\u00e0y d\u1ef1a tr\u00ean b\u1ed9 m\u00e1y t\u1ef1 l\u00ean d\u00e2y c\u00f3t bi\u1ec3u t\u01b0\u1ee3ng v\u1edbi r\u00f4to trung t\u00e2m \u0111\u01b0\u1ee3c t\u00ecm th\u1ea5y trong c\u00e1c \u0111\u1ed3ng h\u1ed3 Calatrava.<\/p>\n","protected":false},"excerpt":{"rendered":"<p>M\u00e3: 5524G-001<\/p>\n<p>Xu\u1ea5t x\u1ee9: Th\u1ee5y S\u1ef9<\/p>\n<p>D\u00f2ng:\u00a0Complications<\/p>\n<p>K\u00edch th\u01b0\u1edbc: 42 mm<\/p>\n<p>K\u00ednh: Sapphire<\/p>\n<p>M\u00e0u m\u1eb7t s\u1ed1: Xanh<\/p>\n<p>B\u1ed9 m\u00e1y: Automatic &#8211; Calibre\u00a0\u00a0324\u00a0S\u00a0C\u00a0FUS<\/p>\n<p>Ch\u1ee9c n\u0103ng: Gi\u1edd, Ph\u00fat, Gi\u00e2y, ch\u1ec9 b\u00e1o ng\u00e0y\/ \u0111\u00eam t\u1ea1i \u0111\u1ecba ph\u01b0\u01a1ng<\/p>\n<p>Ch\u1ea5t li\u1ec7u v\u1ecf: V\u00e0ng tr\u1eafng<\/p>\n<p>D\u00e2y \u0111eo:\u00a0D\u00e2y \u0111eo da c\u00e1 s\u1ea5u<\/p>\n<p>Kh\u00e1ng n\u01b0\u1edbc: 60m (6ATM)<\/p>\n","protected":false},"featured_media":11107,"comment_status":"open","ping_status":"closed","template":"","meta":[],"product_cat":[195,322],"product_tag":[],"class_list":["post-11106","product","type-product","status-publish","has-post-thumbnail","hentry","product_cat-mens-watches","product_cat-patek-philippe","product_brand-patek-philippe"],"yoast_head":"<!-- This site is optimized with the Yoast SEO plugin v21.6 - https:\/\/yoast.com\/wordpress\/plugins\/seo\/ -->\n<title>Patek Philippe Complications 5524G-001 - Phoenix Luxury<\/title>\n<meta name=\"description\" content=\"Patek Philippe Complications 5524G-001 v\u1eabn c\u00f3 nh\u1eefng n\u00e9t kh\u00e1 c\u1ed5 \u0111i\u1ec3n -\u00a0 c\u00e1c ch\u1eef s\u1ed1 v\u00e0 \u1ee9ng d\u1ee5ng ki\u1ec3u gothic v\u00e0 kim phi c\u00f4ng c\u1ed5.\u00a0\u00a0\" \/>\n<meta name=\"robots\" content=\"index, follow, max-snippet:-1, max-image-preview:large, max-video-preview:-1\" \/>\n<link rel=\"canonical\" href=\"https:\/\/nishiki-cycle.com\/demo\/san-pham\/patek-philippe-complications-5524g-001\/\" \/>\n<meta property=\"og:locale\" content=\"vi_VN\" \/>\n<meta property=\"og:type\" content=\"article\" \/>\n<meta property=\"og:title\" content=\"Patek Philippe Complications 5524G-001 - Phoenix Luxury\" \/>\n<meta property=\"og:description\" content=\"Patek Philippe Complications 5524G-001 v\u1eabn c\u00f3 nh\u1eefng n\u00e9t kh\u00e1 c\u1ed5 \u0111i\u1ec3n -\u00a0 c\u00e1c ch\u1eef s\u1ed1 v\u00e0 \u1ee9ng d\u1ee5ng ki\u1ec3u gothic v\u00e0 kim phi c\u00f4ng c\u1ed5.\u00a0\u00a0\" \/>\n<meta property=\"og:url\" content=\"https:\/\/nishiki-cycle.com\/demo\/san-pham\/patek-philippe-complications-5524g-001\/\" \/>\n<meta property=\"og:site_name\" content=\"Phoenix Luxury\" \/>\n<meta property=\"article:modified_time\" content=\"2023-12-16T15:23:54+00:00\" \/>\n<meta property=\"og:image\" content=\"https:\/\/nishiki-cycle.com\/demo\/wp-content\/uploads\/2023\/12\/1-4.jpg\" \/>\n\t<meta property=\"og:image:width\" content=\"900\" \/>\n\t<meta property=\"og:image:height\" content=\"900\" \/>\n\t<meta property=\"og:image:type\" content=\"image\/jpeg\" \/>\n<meta name=\"twitter:card\" content=\"summary_large_image\" \/>\n<meta name=\"twitter:label1\" content=\"\u01af\u1edbc t\u00ednh th\u1eddi gian \u0111\u1ecdc\" \/>\n\t<meta name=\"twitter:data1\" content=\"3 ph\u00fat\" \/>\n<script type=\"application\/ld+json\" class=\"yoast-schema-graph\">{\"@context\":\"https:\/\/schema.org\",\"@graph\":[{\"@type\":\"WebPage\",\"@id\":\"https:\/\/nishiki-cycle.com\/demo\/san-pham\/patek-philippe-complications-5524g-001\/\",\"url\":\"https:\/\/nishiki-cycle.com\/demo\/san-pham\/patek-philippe-complications-5524g-001\/\",\"name\":\"Patek Philippe Complications 5524G-001 - Phoenix Luxury\",\"isPartOf\":{\"@id\":\"https:\/\/nishiki-cycle.com\/demo\/#website\"},\"datePublished\":\"2023-12-16T15:23:53+00:00\",\"dateModified\":\"2023-12-16T15:23:54+00:00\",\"description\":\"Patek Philippe Complications 5524G-001 v\u1eabn c\u00f3 nh\u1eefng n\u00e9t kh\u00e1 c\u1ed5 \u0111i\u1ec3n -\u00a0 c\u00e1c ch\u1eef s\u1ed1 v\u00e0 \u1ee9ng d\u1ee5ng ki\u1ec3u gothic v\u00e0 kim phi c\u00f4ng c\u1ed5.\u00a0\u00a0\",\"breadcrumb\":{\"@id\":\"https:\/\/nishiki-cycle.com\/demo\/san-pham\/patek-philippe-complications-5524g-001\/#breadcrumb\"},\"inLanguage\":\"vi\",\"potentialAction\":[{\"@type\":\"ReadAction\",\"target\":[\"https:\/\/nishiki-cycle.com\/demo\/san-pham\/patek-philippe-complications-5524g-001\/\"]}]},{\"@type\":\"BreadcrumbList\",\"@id\":\"https:\/\/nishiki-cycle.com\/demo\/san-pham\/patek-philippe-complications-5524g-001\/#breadcrumb\",\"itemListElement\":[{\"@type\":\"ListItem\",\"position\":1,\"name\":\"Trang ch\u1ee7\",\"item\":\"https:\/\/nishiki-cycle.com\/demo\/\"},{\"@type\":\"ListItem\",\"position\":2,\"name\":\"C\u1eeda h\u00e0ng\",\"item\":\"https:\/\/nishiki-cycle.com\/demo\/cua-hang\/\"},{\"@type\":\"ListItem\",\"position\":3,\"name\":\"Patek Philippe Complications 5524G-001\"}]},{\"@type\":\"WebSite\",\"@id\":\"https:\/\/nishiki-cycle.com\/demo\/#website\",\"url\":\"https:\/\/nishiki-cycle.com\/demo\/\",\"name\":\"Phoenix Luxury\",\"description\":\"\",\"potentialAction\":[{\"@type\":\"SearchAction\",\"target\":{\"@type\":\"EntryPoint\",\"urlTemplate\":\"https:\/\/nishiki-cycle.com\/demo\/?s={search_term_string}\"},\"query-input\":\"required name=search_term_string\"}],\"inLanguage\":\"vi\"}]}<\/script>\n<!-- \/ Yoast SEO plugin. -->","yoast_head_json":{"title":"Patek Philippe Complications 5524G-001 - Phoenix Luxury","description":"Patek Philippe Complications 5524G-001 v\u1eabn c\u00f3 nh\u1eefng n\u00e9t kh\u00e1 c\u1ed5 \u0111i\u1ec3n -\u00a0 c\u00e1c ch\u1eef s\u1ed1 v\u00e0 \u1ee9ng d\u1ee5ng ki\u1ec3u gothic v\u00e0 kim phi c\u00f4ng c\u1ed5.\u00a0\u00a0","robots":{"index":"index","follow":"follow","max-snippet":"max-snippet:-1","max-image-preview":"max-image-preview:large","max-video-preview":"max-video-preview:-1"},"canonical":"https:\/\/nishiki-cycle.com\/demo\/san-pham\/patek-philippe-complications-5524g-001\/","og_locale":"vi_VN","og_type":"article","og_title":"Patek Philippe Complications 5524G-001 - Phoenix Luxury","og_description":"Patek Philippe Complications 5524G-001 v\u1eabn c\u00f3 nh\u1eefng n\u00e9t kh\u00e1 c\u1ed5 \u0111i\u1ec3n -\u00a0 c\u00e1c ch\u1eef s\u1ed1 v\u00e0 \u1ee9ng d\u1ee5ng ki\u1ec3u gothic v\u00e0 kim phi c\u00f4ng c\u1ed5.\u00a0\u00a0","og_url":"https:\/\/nishiki-cycle.com\/demo\/san-pham\/patek-philippe-complications-5524g-001\/","og_site_name":"Phoenix Luxury","article_modified_time":"2023-12-16T15:23:54+00:00","og_image":[{"width":900,"height":900,"url":"https:\/\/nishiki-cycle.com\/demo\/wp-content\/uploads\/2023\/12\/1-4.jpg","type":"image\/jpeg"}],"twitter_card":"summary_large_image","twitter_misc":{"\u01af\u1edbc t\u00ednh th\u1eddi gian \u0111\u1ecdc":"3 ph\u00fat"},"schema":{"@context":"https:\/\/schema.org","@graph":[{"@type":"WebPage","@id":"https:\/\/nishiki-cycle.com\/demo\/san-pham\/patek-philippe-complications-5524g-001\/","url":"https:\/\/nishiki-cycle.com\/demo\/san-pham\/patek-philippe-complications-5524g-001\/","name":"Patek Philippe Complications 5524G-001 - Phoenix Luxury","isPartOf":{"@id":"https:\/\/nishiki-cycle.com\/demo\/#website"},"datePublished":"2023-12-16T15:23:53+00:00","dateModified":"2023-12-16T15:23:54+00:00","description":"Patek Philippe Complications 5524G-001 v\u1eabn c\u00f3 nh\u1eefng n\u00e9t kh\u00e1 c\u1ed5 \u0111i\u1ec3n -\u00a0 c\u00e1c ch\u1eef s\u1ed1 v\u00e0 \u1ee9ng d\u1ee5ng ki\u1ec3u gothic v\u00e0 kim phi c\u00f4ng c\u1ed5.\u00a0\u00a0","breadcrumb":{"@id":"https:\/\/nishiki-cycle.com\/demo\/san-pham\/patek-philippe-complications-5524g-001\/#breadcrumb"},"inLanguage":"vi","potentialAction":[{"@type":"ReadAction","target":["https:\/\/nishiki-cycle.com\/demo\/san-pham\/patek-philippe-complications-5524g-001\/"]}]},{"@type":"BreadcrumbList","@id":"https:\/\/nishiki-cycle.com\/demo\/san-pham\/patek-philippe-complications-5524g-001\/#breadcrumb","itemListElement":[{"@type":"ListItem","position":1,"name":"Trang ch\u1ee7","item":"https:\/\/nishiki-cycle.com\/demo\/"},{"@type":"ListItem","position":2,"name":"C\u1eeda h\u00e0ng","item":"https:\/\/nishiki-cycle.com\/demo\/cua-hang\/"},{"@type":"ListItem","position":3,"name":"Patek Philippe Complications 5524G-001"}]},{"@type":"WebSite","@id":"https:\/\/nishiki-cycle.com\/demo\/#website","url":"https:\/\/nishiki-cycle.com\/demo\/","name":"Phoenix Luxury","description":"","potentialAction":[{"@type":"SearchAction","target":{"@type":"EntryPoint","urlTemplate":"https:\/\/nishiki-cycle.com\/demo\/?s={search_term_string}"},"query-input":"required name=search_term_string"}],"inLanguage":"vi"}]}},"_links":{"self":[{"href":"https:\/\/nishiki-cycle.com\/demo\/wp-json\/wp\/v2\/product\/11106","targetHints":{"allow":["GET"]}}],"collection":[{"href":"https:\/\/nishiki-cycle.com\/demo\/wp-json\/wp\/v2\/product"}],"about":[{"href":"https:\/\/nishiki-cycle.com\/demo\/wp-json\/wp\/v2\/types\/product"}],"replies":[{"embeddable":true,"href":"https:\/\/nishiki-cycle.com\/demo\/wp-json\/wp\/v2\/comments?post=11106"}],"wp:featuredmedia":[{"embeddable":true,"href":"https:\/\/nishiki-cycle.com\/demo\/wp-json\/wp\/v2\/media\/11107"}],"wp:attachment":[{"href":"https:\/\/nishiki-cycle.com\/demo\/wp-json\/wp\/v2\/media?parent=11106"}],"wp:term":[{"taxonomy":"product_cat","embeddable":true,"href":"https:\/\/nishiki-cycle.com\/demo\/wp-json\/wp\/v2\/product_cat?post=11106"},{"taxonomy":"product_tag","embeddable":true,"href":"https:\/\/nishiki-cycle.com\/demo\/wp-json\/wp\/v2\/product_tag?post=11106"}],"curies":[{"name":"wp","href":"https:\/\/api.w.org\/{rel}","templated":true}]}}