{"id":11137,"date":"2023-12-17T16:02:39","date_gmt":"2023-12-17T16:02:39","guid":{"rendered":"https:\/\/nishiki-cycle.com\/demo\/?post_type=product&#038;p=11137"},"modified":"2023-12-17T16:02:39","modified_gmt":"2023-12-17T16:02:39","slug":"patek-philippe-complications-5147g-001","status":"publish","type":"product","link":"https:\/\/nishiki-cycle.com\/demo\/san-pham\/patek-philippe-complications-5147g-001\/","title":{"rendered":"Patek Philippe Complications 5147G-001"},"content":{"rendered":"<p><img fetchpriority=\"high\" decoding=\"async\" class=\"size-medium wp-image-11138 aligncenter\" src=\"https:\/\/nishiki-cycle.com\/demo\/wp-content\/uploads\/2023\/12\/1-9-300x300.jpg\" alt=\"\" width=\"300\" height=\"300\" srcset=\"https:\/\/nishiki-cycle.com\/demo\/wp-content\/uploads\/2023\/12\/1-9-300x300.jpg 300w, https:\/\/nishiki-cycle.com\/demo\/wp-content\/uploads\/2023\/12\/1-9-150x150.jpg 150w, https:\/\/nishiki-cycle.com\/demo\/wp-content\/uploads\/2023\/12\/1-9-768x768.jpg 768w, https:\/\/nishiki-cycle.com\/demo\/wp-content\/uploads\/2023\/12\/1-9-600x600.jpg 600w, https:\/\/nishiki-cycle.com\/demo\/wp-content\/uploads\/2023\/12\/1-9-100x100.jpg 100w, https:\/\/nishiki-cycle.com\/demo\/wp-content\/uploads\/2023\/12\/1-9.jpg 900w\" sizes=\"(max-width: 300px) 100vw, 300px\" \/><\/p>\n<p>S\u1edf h\u1eefu h\u00e0ng ng\u00e0n b\u1eb1ng s\u00e1ng ch\u1ebf cho c\u00e1c ph\u00e1t minh v\u0129 \u0111\u1ea1i c\u1ee7a m\u00ecnh t\u1eeb l\u00fac th\u00e0nh l\u1eadp \u0111\u1ebfn nay, <strong><a href=\"https:\/\/nishiki-cycle.com\/demo\/danh-muc-san-pham\/patek-philippe\/\">Patek Philippe<\/a><\/strong> \u0111\u00e3 c\u1ed1ng hi\u1ebfn cho l\u1ecbch s\u1eed \u0111\u1ebfm gi\u1edd nh\u00e2n lo\u1ea1i nh\u1eefng s\u00e1ng t\u1ea1o v\u01b0\u1ee3t h\u01a1n s\u1ee9c t\u01b0\u1edfng t\u01b0\u1ee3ng c\u1ee7a con ng\u01b0\u1eddi.<\/p>\n<p>G\u1ea7n 100 n\u0103m qua, Patek Philippe lu\u00f4n l\u00e0m cho c\u00e1c t\u00edn \u0111\u1ed3 y\u00eau \u0111\u1ed3ng h\u1ed3 s\u1eedng s\u1ed1t v\u00e0 th\u00edch th\u00fa b\u1edfi nh\u1eefng s\u00e1ng t\u1ea1o mang t\u00ednh c\u00e1ch m\u1ea1ng c\u1ee7a m\u00ecnh. V\u00e0o n\u0103m 1959, c\u01a1 c\u1ea5u chuy\u1ec3n \u0111\u1ed9ng Travel Time \u0111\u01b0\u1ee3c c\u1ea5p b\u1eb1ng s\u00e1ng ch\u1ebf c\u1ee7a h\u00e3ng \u0111\u00e3 tr\u1edf th\u00e0nh huy\u1ec1n tho\u1ea1i, v\u00e0 v\u00e0o n\u0103m 1996, n\u00f3 v\u01b0\u01a1n m\u00ecnh l\u00ean t\u1ea7m cao m\u1edbi v\u1ec1 \u0111\u1ed9 ho\u00e0n thi\u1ec7n v\u00e0 tinh x\u1ea3o. Khi kim gi\u1edd \u1edf khung b\u00e1o gi\u1edd \u0111\u1ecba ph\u01b0\u01a1ng ti\u1ebfn l\u00ean ho\u1eb7c l\u00f9i l\u1ea1i m\u1ed7i l\u1ea7n m\u1ed9t gi\u1edd, m\u1ed9t c\u1ea7u dao s\u1ebd nh\u1ea3 c\u01a1 c\u1ea5u ch\u1ec9 b\u00e1o m\u00fai gi\u1edd ra kh\u1ecfi c\u01a1 c\u1ea5u chuy\u1ec3n \u0111\u1ed9ng ch\u00ednh. Nh\u1edd \u0111\u00f3, nh\u1eefng s\u1ef1 \u0111i\u1ec1u ch\u1ec9nh n\u00e0y kh\u00f4ng g\u00e2y \u1ea3nh h\u01b0\u1edfng t\u1edbi bi\u00ean \u0111\u1ed9 ho\u1ea1t \u0111\u1ed9ng c\u1ee7a qu\u1ea3 l\u1eafc hay s\u1ef1 dao \u0111\u1ed9ng \u0111\u1ec1u \u0111\u1eb7n c\u1ee7a n\u00f3, t\u1ea1o n\u00ean \u0111\u1ed9\u00a0ch\u00ednh x\u00e1c ho\u00e0n h\u1ea3o cho chi\u1ebfc \u0111\u1ed3ng h\u1ed3.<\/p>\n<p>Gi\u1edd \u0111\u00e2y, thi\u1ebft b\u1ecb tinh vi n\u00e0y \u0111\u01b0\u1ee3c t\u00edch h\u1ee3p v\u00e0o Calibre 324 S QA LU 24 v\u1edbi t\u1ea7n s\u1ed1 dao \u0111\u1ed9ng l\u00ean t\u1edbi 28.800 l\u1ea7n\/gi\u1edd b\u00ean trong m\u1eabu \u0111\u1ed3ng h\u1ed3 m\u1edbi Patek Philippe Complications 5147G-001.<\/p>\n<p>Li\u00ean h\u1ec7 <strong><a href=\"https:\/\/nishiki-cycle.com\/demo\/about-us-elementor\/\">Phoenix Luxury<\/a><\/strong> \u0111\u1ec3 \u0111\u01b0\u1ee3c t\u01b0 v\u1ea5n chi ti\u1ebft v\u1ec1 m\u1eabu \u0111\u1ed3ng h\u1ed3 Patek Philippe Complications 5147G-001!<\/p>\n","protected":false},"excerpt":{"rendered":"<p>M\u00e3:\u00a05147G-001<\/p>\n<p>Xu\u1ea5t x\u1ee9: Th\u1ee5y S\u1ef9<\/p>\n<p>D\u00f2ng: Complications<\/p>\n<p>K\u00edch th\u01b0\u1edbc: 39 mm<\/p>\n<p>K\u00ednh: Sapphire<\/p>\n<p>Ch\u00e2n k\u00ednh: 36<\/p>\n<p>M\u1eb7t s\u1ed1: kem s\u01a1n m\u00e0i<\/p>\n<p>B\u1ed9 m\u00e1y: Automatic &#8211;\u00a0Caliber\u00a0324 S IRM QA LU<\/p>\n<p>D\u1ef1 tr\u1eef n\u0103ng l\u01b0\u1ee3ng: 45 g\u1edd<\/p>\n<p>Ch\u1ee9c n\u0103ng: Gi\u1edd, Ph\u00fat, Gi\u00e2y, Ng\u00e0y, Th\u1ee9, Th\u00e1ng, Moon phases<\/p>\n<p>Ch\u1ea5t li\u1ec7u v\u1ecf: V\u00e0ng tr\u1eafng 18K<\/p>\n<p>Bezel: V\u00e0ng tr\u1eafng 18K<\/p>\n<p>Ch\u1ea5t li\u1ec7u d\u00e2y \u0111eo: D\u00e2y \u0111eo da c\u00e1 s\u1ea5u<\/p>\n<p>Kh\u00e1ng n\u01b0\u1edbc: 30m (3ATM)<\/p>\n","protected":false},"featured_media":11138,"comment_status":"open","ping_status":"closed","template":"","meta":[],"product_cat":[195,322],"product_tag":[],"class_list":["post-11137","product","type-product","status-publish","has-post-thumbnail","hentry","product_cat-mens-watches","product_cat-patek-philippe","product_brand-patek-philippe"],"yoast_head":"<!-- This site is optimized with the Yoast SEO plugin v21.6 - https:\/\/yoast.com\/wordpress\/plugins\/seo\/ -->\n<title>Patek Philippe Complications 5147G-001 - Phoenix Luxury<\/title>\n<meta name=\"description\" content=\"Patek Philippe Complications 5147G-001 \u0111\u01b0\u1ee3c trang b\u1ecb c\u1ed7 m\u00e1y Calibre 324 S QA LU 24 v\u1edbi t\u1ea7n s\u1ed1 dao \u0111\u1ed9ng l\u00ean t\u1edbi 28.800 l\u1ea7n\/gi\u1edd\" \/>\n<meta name=\"robots\" content=\"index, follow, max-snippet:-1, max-image-preview:large, max-video-preview:-1\" \/>\n<link rel=\"canonical\" href=\"https:\/\/nishiki-cycle.com\/demo\/san-pham\/patek-philippe-complications-5147g-001\/\" \/>\n<meta property=\"og:locale\" content=\"vi_VN\" \/>\n<meta property=\"og:type\" content=\"article\" \/>\n<meta property=\"og:title\" content=\"Patek Philippe Complications 5147G-001 - Phoenix Luxury\" \/>\n<meta property=\"og:description\" content=\"Patek Philippe Complications 5147G-001 \u0111\u01b0\u1ee3c trang b\u1ecb c\u1ed7 m\u00e1y Calibre 324 S QA LU 24 v\u1edbi t\u1ea7n s\u1ed1 dao \u0111\u1ed9ng l\u00ean t\u1edbi 28.800 l\u1ea7n\/gi\u1edd\" \/>\n<meta property=\"og:url\" content=\"https:\/\/nishiki-cycle.com\/demo\/san-pham\/patek-philippe-complications-5147g-001\/\" \/>\n<meta property=\"og:site_name\" content=\"Phoenix Luxury\" \/>\n<meta property=\"og:image\" content=\"https:\/\/nishiki-cycle.com\/demo\/wp-content\/uploads\/2023\/12\/1-9.jpg\" \/>\n\t<meta property=\"og:image:width\" content=\"900\" \/>\n\t<meta property=\"og:image:height\" content=\"900\" \/>\n\t<meta property=\"og:image:type\" content=\"image\/jpeg\" \/>\n<meta name=\"twitter:card\" content=\"summary_large_image\" \/>\n<meta name=\"twitter:label1\" content=\"\u01af\u1edbc t\u00ednh th\u1eddi gian \u0111\u1ecdc\" \/>\n\t<meta name=\"twitter:data1\" content=\"2 ph\u00fat\" \/>\n<script type=\"application\/ld+json\" class=\"yoast-schema-graph\">{\"@context\":\"https:\/\/schema.org\",\"@graph\":[{\"@type\":\"WebPage\",\"@id\":\"https:\/\/nishiki-cycle.com\/demo\/san-pham\/patek-philippe-complications-5147g-001\/\",\"url\":\"https:\/\/nishiki-cycle.com\/demo\/san-pham\/patek-philippe-complications-5147g-001\/\",\"name\":\"Patek Philippe Complications 5147G-001 - Phoenix Luxury\",\"isPartOf\":{\"@id\":\"https:\/\/nishiki-cycle.com\/demo\/#website\"},\"datePublished\":\"2023-12-17T16:02:39+00:00\",\"dateModified\":\"2023-12-17T16:02:39+00:00\",\"description\":\"Patek Philippe Complications 5147G-001 \u0111\u01b0\u1ee3c trang b\u1ecb c\u1ed7 m\u00e1y Calibre 324 S QA LU 24 v\u1edbi t\u1ea7n s\u1ed1 dao \u0111\u1ed9ng l\u00ean t\u1edbi 28.800 l\u1ea7n\/gi\u1edd\",\"breadcrumb\":{\"@id\":\"https:\/\/nishiki-cycle.com\/demo\/san-pham\/patek-philippe-complications-5147g-001\/#breadcrumb\"},\"inLanguage\":\"vi\",\"potentialAction\":[{\"@type\":\"ReadAction\",\"target\":[\"https:\/\/nishiki-cycle.com\/demo\/san-pham\/patek-philippe-complications-5147g-001\/\"]}]},{\"@type\":\"BreadcrumbList\",\"@id\":\"https:\/\/nishiki-cycle.com\/demo\/san-pham\/patek-philippe-complications-5147g-001\/#breadcrumb\",\"itemListElement\":[{\"@type\":\"ListItem\",\"position\":1,\"name\":\"Trang ch\u1ee7\",\"item\":\"https:\/\/nishiki-cycle.com\/demo\/\"},{\"@type\":\"ListItem\",\"position\":2,\"name\":\"C\u1eeda h\u00e0ng\",\"item\":\"https:\/\/nishiki-cycle.com\/demo\/cua-hang\/\"},{\"@type\":\"ListItem\",\"position\":3,\"name\":\"Patek Philippe Complications 5147G-001\"}]},{\"@type\":\"WebSite\",\"@id\":\"https:\/\/nishiki-cycle.com\/demo\/#website\",\"url\":\"https:\/\/nishiki-cycle.com\/demo\/\",\"name\":\"Phoenix Luxury\",\"description\":\"\",\"potentialAction\":[{\"@type\":\"SearchAction\",\"target\":{\"@type\":\"EntryPoint\",\"urlTemplate\":\"https:\/\/nishiki-cycle.com\/demo\/?s={search_term_string}\"},\"query-input\":\"required name=search_term_string\"}],\"inLanguage\":\"vi\"}]}<\/script>\n<!-- \/ Yoast SEO plugin. -->","yoast_head_json":{"title":"Patek Philippe Complications 5147G-001 - Phoenix Luxury","description":"Patek Philippe Complications 5147G-001 \u0111\u01b0\u1ee3c trang b\u1ecb c\u1ed7 m\u00e1y Calibre 324 S QA LU 24 v\u1edbi t\u1ea7n s\u1ed1 dao \u0111\u1ed9ng l\u00ean t\u1edbi 28.800 l\u1ea7n\/gi\u1edd","robots":{"index":"index","follow":"follow","max-snippet":"max-snippet:-1","max-image-preview":"max-image-preview:large","max-video-preview":"max-video-preview:-1"},"canonical":"https:\/\/nishiki-cycle.com\/demo\/san-pham\/patek-philippe-complications-5147g-001\/","og_locale":"vi_VN","og_type":"article","og_title":"Patek Philippe Complications 5147G-001 - Phoenix Luxury","og_description":"Patek Philippe Complications 5147G-001 \u0111\u01b0\u1ee3c trang b\u1ecb c\u1ed7 m\u00e1y Calibre 324 S QA LU 24 v\u1edbi t\u1ea7n s\u1ed1 dao \u0111\u1ed9ng l\u00ean t\u1edbi 28.800 l\u1ea7n\/gi\u1edd","og_url":"https:\/\/nishiki-cycle.com\/demo\/san-pham\/patek-philippe-complications-5147g-001\/","og_site_name":"Phoenix Luxury","og_image":[{"width":900,"height":900,"url":"https:\/\/nishiki-cycle.com\/demo\/wp-content\/uploads\/2023\/12\/1-9.jpg","type":"image\/jpeg"}],"twitter_card":"summary_large_image","twitter_misc":{"\u01af\u1edbc t\u00ednh th\u1eddi gian \u0111\u1ecdc":"2 ph\u00fat"},"schema":{"@context":"https:\/\/schema.org","@graph":[{"@type":"WebPage","@id":"https:\/\/nishiki-cycle.com\/demo\/san-pham\/patek-philippe-complications-5147g-001\/","url":"https:\/\/nishiki-cycle.com\/demo\/san-pham\/patek-philippe-complications-5147g-001\/","name":"Patek Philippe Complications 5147G-001 - Phoenix Luxury","isPartOf":{"@id":"https:\/\/nishiki-cycle.com\/demo\/#website"},"datePublished":"2023-12-17T16:02:39+00:00","dateModified":"2023-12-17T16:02:39+00:00","description":"Patek Philippe Complications 5147G-001 \u0111\u01b0\u1ee3c trang b\u1ecb c\u1ed7 m\u00e1y Calibre 324 S QA LU 24 v\u1edbi t\u1ea7n s\u1ed1 dao \u0111\u1ed9ng l\u00ean t\u1edbi 28.800 l\u1ea7n\/gi\u1edd","breadcrumb":{"@id":"https:\/\/nishiki-cycle.com\/demo\/san-pham\/patek-philippe-complications-5147g-001\/#breadcrumb"},"inLanguage":"vi","potentialAction":[{"@type":"ReadAction","target":["https:\/\/nishiki-cycle.com\/demo\/san-pham\/patek-philippe-complications-5147g-001\/"]}]},{"@type":"BreadcrumbList","@id":"https:\/\/nishiki-cycle.com\/demo\/san-pham\/patek-philippe-complications-5147g-001\/#breadcrumb","itemListElement":[{"@type":"ListItem","position":1,"name":"Trang ch\u1ee7","item":"https:\/\/nishiki-cycle.com\/demo\/"},{"@type":"ListItem","position":2,"name":"C\u1eeda h\u00e0ng","item":"https:\/\/nishiki-cycle.com\/demo\/cua-hang\/"},{"@type":"ListItem","position":3,"name":"Patek Philippe Complications 5147G-001"}]},{"@type":"WebSite","@id":"https:\/\/nishiki-cycle.com\/demo\/#website","url":"https:\/\/nishiki-cycle.com\/demo\/","name":"Phoenix Luxury","description":"","potentialAction":[{"@type":"SearchAction","target":{"@type":"EntryPoint","urlTemplate":"https:\/\/nishiki-cycle.com\/demo\/?s={search_term_string}"},"query-input":"required name=search_term_string"}],"inLanguage":"vi"}]}},"_links":{"self":[{"href":"https:\/\/nishiki-cycle.com\/demo\/wp-json\/wp\/v2\/product\/11137","targetHints":{"allow":["GET"]}}],"collection":[{"href":"https:\/\/nishiki-cycle.com\/demo\/wp-json\/wp\/v2\/product"}],"about":[{"href":"https:\/\/nishiki-cycle.com\/demo\/wp-json\/wp\/v2\/types\/product"}],"replies":[{"embeddable":true,"href":"https:\/\/nishiki-cycle.com\/demo\/wp-json\/wp\/v2\/comments?post=11137"}],"wp:featuredmedia":[{"embeddable":true,"href":"https:\/\/nishiki-cycle.com\/demo\/wp-json\/wp\/v2\/media\/11138"}],"wp:attachment":[{"href":"https:\/\/nishiki-cycle.com\/demo\/wp-json\/wp\/v2\/media?parent=11137"}],"wp:term":[{"taxonomy":"product_cat","embeddable":true,"href":"https:\/\/nishiki-cycle.com\/demo\/wp-json\/wp\/v2\/product_cat?post=11137"},{"taxonomy":"product_tag","embeddable":true,"href":"https:\/\/nishiki-cycle.com\/demo\/wp-json\/wp\/v2\/product_tag?post=11137"}],"curies":[{"name":"wp","href":"https:\/\/api.w.org\/{rel}","templated":true}]}}