{"id":11306,"date":"2023-12-26T18:52:12","date_gmt":"2023-12-26T18:52:12","guid":{"rendered":"https:\/\/nishiki-cycle.com\/demo\/?post_type=product&#038;p=11306"},"modified":"2023-12-26T18:52:13","modified_gmt":"2023-12-26T18:52:13","slug":"audemars-piguet-royal-oak-chronograph-steel-blue-dial","status":"publish","type":"product","link":"https:\/\/nishiki-cycle.com\/demo\/san-pham\/audemars-piguet-royal-oak-chronograph-steel-blue-dial\/","title":{"rendered":"Audemars Piguet Royal Oak Chronograph Steel Blue Dial"},"content":{"rendered":"<p><img fetchpriority=\"high\" decoding=\"async\" class=\"size-medium wp-image-11307 aligncenter\" src=\"https:\/\/nishiki-cycle.com\/demo\/wp-content\/uploads\/2023\/12\/1-27-300x300.jpg\" alt=\"\" width=\"300\" height=\"300\" srcset=\"https:\/\/nishiki-cycle.com\/demo\/wp-content\/uploads\/2023\/12\/1-27-300x300.jpg 300w, https:\/\/nishiki-cycle.com\/demo\/wp-content\/uploads\/2023\/12\/1-27-150x150.jpg 150w, https:\/\/nishiki-cycle.com\/demo\/wp-content\/uploads\/2023\/12\/1-27-768x768.jpg 768w, https:\/\/nishiki-cycle.com\/demo\/wp-content\/uploads\/2023\/12\/1-27-600x600.jpg 600w, https:\/\/nishiki-cycle.com\/demo\/wp-content\/uploads\/2023\/12\/1-27-100x100.jpg 100w, https:\/\/nishiki-cycle.com\/demo\/wp-content\/uploads\/2023\/12\/1-27.jpg 900w\" sizes=\"(max-width: 300px) 100vw, 300px\" \/><\/p>\n<p>M\u1ed9t trong nh\u1eefng chi ti\u1ebft thi\u1ebft k\u1ebf g\u00e2y \u1ea5n t\u01b0\u1ee3ng m\u00e3nh m\u1ebd nh\u1ea5t trong chi\u1ebfc \u0111\u1ed3ng h\u1ed3 n\u00e0y l\u00e0 m\u1eb7t s\u1ed1 \u201cGrande Tapisserie\u201d m\u00e0u xanh lam thi\u00ean v\u1ec1 m\u00e0u x\u00e1m, \u0111\u01b0\u1ee3c h\u00e3ng g\u1ecdi l\u00e0 m\u00e0u \u201cBleu Nuit, Nuage 50\u201d, r\u1ea5t gi\u1ed1ng v\u1edbi m\u00e0u trong chi\u1ebfc \u0111\u1ed3ng h\u1ed3 Royal Oak nguy\u00ean b\u1ea3n \u0111\u01b0\u1ee3c gi\u1edbi thi\u1ec7u v\u00e0o n\u0103m 1972. Tu\u1ef3 v\u00e0o c\u01b0\u1eddng \u0111\u1ed9 \u00e1nh s\u00e1ng v\u00e0 t\u1eebng g\u00f3c nh\u00ecn kh\u00e1c nhau m\u00e0 m\u1eb7t s\u1ed1 \u201cBleu Nuit, Nuage 50\u201d s\u1ebd cho \u00e1nh xanh lam s\u00e1ng hay x\u00e1m \u0111\u1eadm ho\u1eb7c g\u1ea7n nh\u01b0 \u0111en. \u0110i\u1ec1u n\u00e0y d\u01b0\u1eddng nh\u01b0 t\u1ea1o n\u00ean m\u1ed9t tr\u1ea3i nghi\u1ec7m v\u00f4 c\u00f9ng th\u00fa v\u1ecb khi m\u1ed7i chuy\u1ec3n \u0111\u1ed9ng c\u1ee7a c\u1ed5 tay th\u00ec \u0111\u1ed3ng h\u1ed3 l\u1ea1i cho m\u1ed9t hi\u1ec7u \u1ee9ng m\u00e0u s\u1eafc kh\u00e1c nhau.<\/p>\n<p>Ngo\u00e0i \u0111i\u1ec3m nh\u1ea5n l\u00e0 m\u1eb7t s\u1ed1 th\u00ec l\u1edbp v\u1ecf v\u00e0 d\u00e2y \u0111eo t\u00edch h\u1ee3p b\u1eb1ng th\u00e9p kh\u00f4ng g\u1ec9 v\u1edbi d\u00e1ng bezel h\u00ecnh b\u00e1t gi\u00e1c \u0111\u1eb7c tr\u01b0ng c\u1ee7a d\u00f2ng Royal Oak c\u0169ng l\u00e0 nh\u1eefng chi ti\u1ebft quan tr\u1ecdng g\u00f3p ph\u1ea7n t\u1ea1o n\u00ean ch\u1ea5t th\u1ec3 thao, kho\u1ebb kh\u1eafn v\u00e0 h\u1ebft s\u1ee9c sang tr\u1ecdng c\u1ee7a chi\u1ebfc \u0111\u1ed3ng h\u1ed3 n\u00e0y. Gi\u1ed1ng nh\u01b0 nh\u1eefng g\u00ec \u0111\u01b0\u1ee3c t\u00ecm th\u1ea5y trong nh\u1eefng chi\u1ebfc \u0111\u1ed3ng h\u1ed3 Royal Oak kh\u00e1c, b\u1ec1 m\u1eb7t v\u1ecf v\u1eabn \u0111\u01b0\u1ee3c ho\u00e0n thi\u1ec7n x\u01b0\u1edbc k\u1ebft h\u1ee3p \u0111\u00e1nh b\u00f3ng \u1edf c\u00e1c g\u1edd c\u1ea1nh t\u1ea1o n\u00ean s\u1ef1 t\u01b0\u01a1ng ph\u1ea3n \u1ea5n t\u01b0\u1ee3ng. V\u00e0 v\u1edbi \u0111\u01b0\u1eddng k\u00ednh v\u1ecf 41mm th\u00ec chi\u1ebfc \u0111\u1ed3ng h\u1ed3 d\u01b0\u1eddng nh\u01b0 t\u1ea1o n\u00ean m\u1ed9t s\u1ef1 v\u1eeba v\u1eb7n v\u00e0 c\u00e2n \u0111\u1ed1i l\u00fd t\u01b0\u1edfng v\u1edbi c\u1ed5 tay c\u00e1c qu\u00fd \u00f4ng Ch\u00e2u \u00c1.<\/p>\n<p>Audemars Piguet Royal Oak Chronograph Steel Blue Dial \u0111\u01b0\u1ee3c cung c\u1ea5p n\u0103ng l\u01b0\u1ee3ng cho \u0111\u1ed3ng h\u1ed3 b\u1edfi b\u1ed9 m\u00e1y t\u1ef1 \u0111\u1ed9ng caliber 4401, gi\u1edbi thi\u1ec7u l\u1ea7n \u0111\u1ea7u ti\u00ean trong m\u00e3 code 11.59 v\u00e0o n\u0103m 2019. B\u1ed9 m\u00e1y n\u00e0y bao g\u1ed3m 381 chi ti\u1ebft, 40 ch\u00e2n k\u00ednh, c\u00f3 m\u1ee9c d\u1ef1 tr\u1eef n\u0103ng l\u01b0\u1ee3ng m\u1ea1nh m\u1ebd l\u00ean \u0111\u1ebfn 70 gi\u1edd c\u00f9ng c\u00e1c ch\u1ee9c n\u0103ng chronograph, gi\u1edd, ph\u00fat, gi\u00e2y nh\u1ecf v\u00e0 ng\u00e0y.<\/p>\n<p>Cu\u1ed1i c\u00f9ng, Audemars Piguet Royal Oak Chronograph Steel Blue Dial \u0111\u01b0\u1ee3c trang b\u1ecb c\u00f9ng d\u00e2y \u0111eo b\u1eb1ng th\u00e9p kh\u00f4ng g\u1ec9, t\u01b0\u01a1ng t\u1ef1 ch\u1ea5t li\u1ec7u v\u1ecf m\u00e1y v\u00e0 kho\u00e1 g\u1eadp AP an to\u00e0n.<\/p>\n","protected":false},"excerpt":{"rendered":"<p>M\u00e3: 26240ST.OO.1320ST.05<\/p>\n<p>Xu\u1ea5t x\u1ee9: Th\u1ee5y S\u1ef9<\/p>\n<p>D\u00f2ng: Royal Oak<\/p>\n<p>K\u00edch th\u01b0\u1edbc: 41mm<\/p>\n<p>\u0110\u1ed9 d\u00e0y: 12,4mm<\/p>\n<p>Ch\u1ea5t li\u1ec7u v\u1ecf: Th\u00e9p kh\u00f4ng g\u1ec9<\/p>\n<p>K\u00ednh: Sapphire<\/p>\n<p>M\u00e0u m\u1eb7t s\u1ed1: Bleu Nuit, Nuage 50<\/p>\n<p>B\u1ed9 m\u00e1y: Automatic \u2013 Caliber 4401<\/p>\n<p>Ch\u1ee9c n\u0103ng: Gi\u1edd, ph\u00fat, gi\u00e2y, ng\u00e0y, chronograph<\/p>\n<p>D\u1ef1 tr\u1eef n\u0103ng l\u01b0\u1ee3ng: 70 gi\u1edd<\/p>\n<p>D\u00e2y \u0111eo: Th\u00e9p kh\u00f4ng g\u1ec9<\/p>\n<p>Kh\u00e1ng n\u01b0\u1edbc: 50 m\u00e9t (5ATM)<\/p>\n","protected":false},"featured_media":11307,"comment_status":"open","ping_status":"closed","template":"","meta":[],"product_cat":[334,324,195,341],"product_tag":[],"class_list":["post-11306","product","type-product","status-publish","has-post-thumbnail","hentry","product_cat-40mm-42mm","product_cat-audemars-piguet","product_cat-mens-watches","product_cat-thep-khong-gi","product_brand-audemars-piguet"],"yoast_head":"<!-- This site is optimized with the Yoast SEO plugin v21.6 - https:\/\/yoast.com\/wordpress\/plugins\/seo\/ -->\n<title>Audemars Piguet Royal Oak Chronograph Steel Blue Dial - Phoenix Luxury<\/title>\n<meta name=\"description\" content=\"Audemars Piguet Royal Oak Chronograph Steel Blue Dial c\u00f3 \u0111i\u1ec3m nh\u1ea5n l\u00e0 m\u1eb7t s\u1ed1 th\u00ec l\u1edbp v\u1ecf v\u00e0 d\u00e2y \u0111eo t\u00edch h\u1ee3p b\u1eb1ng th\u00e9p kh\u00f4ng g\u1ec9 v\u1edbi d\u00e1ng bezel h\u00ecnh b\u00e1t gi\u00e1c\" \/>\n<meta name=\"robots\" content=\"index, follow, max-snippet:-1, max-image-preview:large, max-video-preview:-1\" \/>\n<link rel=\"canonical\" href=\"https:\/\/nishiki-cycle.com\/demo\/san-pham\/audemars-piguet-royal-oak-chronograph-steel-blue-dial\/\" \/>\n<meta property=\"og:locale\" content=\"vi_VN\" \/>\n<meta property=\"og:type\" content=\"article\" \/>\n<meta property=\"og:title\" content=\"Audemars Piguet Royal Oak Chronograph Steel Blue Dial - Phoenix Luxury\" \/>\n<meta property=\"og:description\" content=\"Audemars Piguet Royal Oak Chronograph Steel Blue Dial c\u00f3 \u0111i\u1ec3m nh\u1ea5n l\u00e0 m\u1eb7t s\u1ed1 th\u00ec l\u1edbp v\u1ecf v\u00e0 d\u00e2y \u0111eo t\u00edch h\u1ee3p b\u1eb1ng th\u00e9p kh\u00f4ng g\u1ec9 v\u1edbi d\u00e1ng bezel h\u00ecnh b\u00e1t gi\u00e1c\" \/>\n<meta property=\"og:url\" content=\"https:\/\/nishiki-cycle.com\/demo\/san-pham\/audemars-piguet-royal-oak-chronograph-steel-blue-dial\/\" \/>\n<meta property=\"og:site_name\" content=\"Phoenix Luxury\" \/>\n<meta property=\"article:modified_time\" content=\"2023-12-26T18:52:13+00:00\" \/>\n<meta property=\"og:image\" content=\"https:\/\/nishiki-cycle.com\/demo\/wp-content\/uploads\/2023\/12\/1-27.jpg\" \/>\n\t<meta property=\"og:image:width\" content=\"900\" \/>\n\t<meta property=\"og:image:height\" content=\"900\" \/>\n\t<meta property=\"og:image:type\" content=\"image\/jpeg\" \/>\n<meta name=\"twitter:card\" content=\"summary_large_image\" \/>\n<meta name=\"twitter:label1\" content=\"\u01af\u1edbc t\u00ednh th\u1eddi gian \u0111\u1ecdc\" \/>\n\t<meta name=\"twitter:data1\" content=\"3 ph\u00fat\" \/>\n<script type=\"application\/ld+json\" class=\"yoast-schema-graph\">{\"@context\":\"https:\/\/schema.org\",\"@graph\":[{\"@type\":\"WebPage\",\"@id\":\"https:\/\/nishiki-cycle.com\/demo\/san-pham\/audemars-piguet-royal-oak-chronograph-steel-blue-dial\/\",\"url\":\"https:\/\/nishiki-cycle.com\/demo\/san-pham\/audemars-piguet-royal-oak-chronograph-steel-blue-dial\/\",\"name\":\"Audemars Piguet Royal Oak Chronograph Steel Blue Dial - Phoenix Luxury\",\"isPartOf\":{\"@id\":\"https:\/\/nishiki-cycle.com\/demo\/#website\"},\"datePublished\":\"2023-12-26T18:52:12+00:00\",\"dateModified\":\"2023-12-26T18:52:13+00:00\",\"description\":\"Audemars Piguet Royal Oak Chronograph Steel Blue Dial c\u00f3 \u0111i\u1ec3m nh\u1ea5n l\u00e0 m\u1eb7t s\u1ed1 th\u00ec l\u1edbp v\u1ecf v\u00e0 d\u00e2y \u0111eo t\u00edch h\u1ee3p b\u1eb1ng th\u00e9p kh\u00f4ng g\u1ec9 v\u1edbi d\u00e1ng bezel h\u00ecnh b\u00e1t gi\u00e1c\",\"breadcrumb\":{\"@id\":\"https:\/\/nishiki-cycle.com\/demo\/san-pham\/audemars-piguet-royal-oak-chronograph-steel-blue-dial\/#breadcrumb\"},\"inLanguage\":\"vi\",\"potentialAction\":[{\"@type\":\"ReadAction\",\"target\":[\"https:\/\/nishiki-cycle.com\/demo\/san-pham\/audemars-piguet-royal-oak-chronograph-steel-blue-dial\/\"]}]},{\"@type\":\"BreadcrumbList\",\"@id\":\"https:\/\/nishiki-cycle.com\/demo\/san-pham\/audemars-piguet-royal-oak-chronograph-steel-blue-dial\/#breadcrumb\",\"itemListElement\":[{\"@type\":\"ListItem\",\"position\":1,\"name\":\"Trang ch\u1ee7\",\"item\":\"https:\/\/nishiki-cycle.com\/demo\/\"},{\"@type\":\"ListItem\",\"position\":2,\"name\":\"C\u1eeda h\u00e0ng\",\"item\":\"https:\/\/nishiki-cycle.com\/demo\/cua-hang\/\"},{\"@type\":\"ListItem\",\"position\":3,\"name\":\"Audemars Piguet Royal Oak Chronograph Steel Blue Dial\"}]},{\"@type\":\"WebSite\",\"@id\":\"https:\/\/nishiki-cycle.com\/demo\/#website\",\"url\":\"https:\/\/nishiki-cycle.com\/demo\/\",\"name\":\"Phoenix Luxury\",\"description\":\"\",\"potentialAction\":[{\"@type\":\"SearchAction\",\"target\":{\"@type\":\"EntryPoint\",\"urlTemplate\":\"https:\/\/nishiki-cycle.com\/demo\/?s={search_term_string}\"},\"query-input\":\"required name=search_term_string\"}],\"inLanguage\":\"vi\"}]}<\/script>\n<!-- \/ Yoast SEO plugin. -->","yoast_head_json":{"title":"Audemars Piguet Royal Oak Chronograph Steel Blue Dial - Phoenix Luxury","description":"Audemars Piguet Royal Oak Chronograph Steel Blue Dial c\u00f3 \u0111i\u1ec3m nh\u1ea5n l\u00e0 m\u1eb7t s\u1ed1 th\u00ec l\u1edbp v\u1ecf v\u00e0 d\u00e2y \u0111eo t\u00edch h\u1ee3p b\u1eb1ng th\u00e9p kh\u00f4ng g\u1ec9 v\u1edbi d\u00e1ng bezel h\u00ecnh b\u00e1t gi\u00e1c","robots":{"index":"index","follow":"follow","max-snippet":"max-snippet:-1","max-image-preview":"max-image-preview:large","max-video-preview":"max-video-preview:-1"},"canonical":"https:\/\/nishiki-cycle.com\/demo\/san-pham\/audemars-piguet-royal-oak-chronograph-steel-blue-dial\/","og_locale":"vi_VN","og_type":"article","og_title":"Audemars Piguet Royal Oak Chronograph Steel Blue Dial - Phoenix Luxury","og_description":"Audemars Piguet Royal Oak Chronograph Steel Blue Dial c\u00f3 \u0111i\u1ec3m nh\u1ea5n l\u00e0 m\u1eb7t s\u1ed1 th\u00ec l\u1edbp v\u1ecf v\u00e0 d\u00e2y \u0111eo t\u00edch h\u1ee3p b\u1eb1ng th\u00e9p kh\u00f4ng g\u1ec9 v\u1edbi d\u00e1ng bezel h\u00ecnh b\u00e1t gi\u00e1c","og_url":"https:\/\/nishiki-cycle.com\/demo\/san-pham\/audemars-piguet-royal-oak-chronograph-steel-blue-dial\/","og_site_name":"Phoenix Luxury","article_modified_time":"2023-12-26T18:52:13+00:00","og_image":[{"width":900,"height":900,"url":"https:\/\/nishiki-cycle.com\/demo\/wp-content\/uploads\/2023\/12\/1-27.jpg","type":"image\/jpeg"}],"twitter_card":"summary_large_image","twitter_misc":{"\u01af\u1edbc t\u00ednh th\u1eddi gian \u0111\u1ecdc":"3 ph\u00fat"},"schema":{"@context":"https:\/\/schema.org","@graph":[{"@type":"WebPage","@id":"https:\/\/nishiki-cycle.com\/demo\/san-pham\/audemars-piguet-royal-oak-chronograph-steel-blue-dial\/","url":"https:\/\/nishiki-cycle.com\/demo\/san-pham\/audemars-piguet-royal-oak-chronograph-steel-blue-dial\/","name":"Audemars Piguet Royal Oak Chronograph Steel Blue Dial - Phoenix Luxury","isPartOf":{"@id":"https:\/\/nishiki-cycle.com\/demo\/#website"},"datePublished":"2023-12-26T18:52:12+00:00","dateModified":"2023-12-26T18:52:13+00:00","description":"Audemars Piguet Royal Oak Chronograph Steel Blue Dial c\u00f3 \u0111i\u1ec3m nh\u1ea5n l\u00e0 m\u1eb7t s\u1ed1 th\u00ec l\u1edbp v\u1ecf v\u00e0 d\u00e2y \u0111eo t\u00edch h\u1ee3p b\u1eb1ng th\u00e9p kh\u00f4ng g\u1ec9 v\u1edbi d\u00e1ng bezel h\u00ecnh b\u00e1t gi\u00e1c","breadcrumb":{"@id":"https:\/\/nishiki-cycle.com\/demo\/san-pham\/audemars-piguet-royal-oak-chronograph-steel-blue-dial\/#breadcrumb"},"inLanguage":"vi","potentialAction":[{"@type":"ReadAction","target":["https:\/\/nishiki-cycle.com\/demo\/san-pham\/audemars-piguet-royal-oak-chronograph-steel-blue-dial\/"]}]},{"@type":"BreadcrumbList","@id":"https:\/\/nishiki-cycle.com\/demo\/san-pham\/audemars-piguet-royal-oak-chronograph-steel-blue-dial\/#breadcrumb","itemListElement":[{"@type":"ListItem","position":1,"name":"Trang ch\u1ee7","item":"https:\/\/nishiki-cycle.com\/demo\/"},{"@type":"ListItem","position":2,"name":"C\u1eeda h\u00e0ng","item":"https:\/\/nishiki-cycle.com\/demo\/cua-hang\/"},{"@type":"ListItem","position":3,"name":"Audemars Piguet Royal Oak Chronograph Steel Blue Dial"}]},{"@type":"WebSite","@id":"https:\/\/nishiki-cycle.com\/demo\/#website","url":"https:\/\/nishiki-cycle.com\/demo\/","name":"Phoenix Luxury","description":"","potentialAction":[{"@type":"SearchAction","target":{"@type":"EntryPoint","urlTemplate":"https:\/\/nishiki-cycle.com\/demo\/?s={search_term_string}"},"query-input":"required name=search_term_string"}],"inLanguage":"vi"}]}},"_links":{"self":[{"href":"https:\/\/nishiki-cycle.com\/demo\/wp-json\/wp\/v2\/product\/11306","targetHints":{"allow":["GET"]}}],"collection":[{"href":"https:\/\/nishiki-cycle.com\/demo\/wp-json\/wp\/v2\/product"}],"about":[{"href":"https:\/\/nishiki-cycle.com\/demo\/wp-json\/wp\/v2\/types\/product"}],"replies":[{"embeddable":true,"href":"https:\/\/nishiki-cycle.com\/demo\/wp-json\/wp\/v2\/comments?post=11306"}],"wp:featuredmedia":[{"embeddable":true,"href":"https:\/\/nishiki-cycle.com\/demo\/wp-json\/wp\/v2\/media\/11307"}],"wp:attachment":[{"href":"https:\/\/nishiki-cycle.com\/demo\/wp-json\/wp\/v2\/media?parent=11306"}],"wp:term":[{"taxonomy":"product_cat","embeddable":true,"href":"https:\/\/nishiki-cycle.com\/demo\/wp-json\/wp\/v2\/product_cat?post=11306"},{"taxonomy":"product_tag","embeddable":true,"href":"https:\/\/nishiki-cycle.com\/demo\/wp-json\/wp\/v2\/product_tag?post=11306"}],"curies":[{"name":"wp","href":"https:\/\/api.w.org\/{rel}","templated":true}]}}