{"id":11421,"date":"2024-01-06T14:25:53","date_gmt":"2024-01-06T14:25:53","guid":{"rendered":"https:\/\/nishiki-cycle.com\/demo\/?post_type=product&#038;p=11421"},"modified":"2024-01-06T14:25:53","modified_gmt":"2024-01-06T14:25:53","slug":"hublot-spirit-of-big-bang-white-king-gold-diamonds-39mm","status":"publish","type":"product","link":"https:\/\/nishiki-cycle.com\/demo\/san-pham\/hublot-spirit-of-big-bang-white-king-gold-diamonds-39mm\/","title":{"rendered":"Hublot Spirit Of Big Bang White King Gold Diamonds 39mm"},"content":{"rendered":"<p><img fetchpriority=\"high\" decoding=\"async\" class=\"size-medium wp-image-11422 aligncenter\" src=\"https:\/\/nishiki-cycle.com\/demo\/wp-content\/uploads\/2024\/01\/1-7-300x300.jpg\" alt=\"\" width=\"300\" height=\"300\" srcset=\"https:\/\/nishiki-cycle.com\/demo\/wp-content\/uploads\/2024\/01\/1-7-300x300.jpg 300w, https:\/\/nishiki-cycle.com\/demo\/wp-content\/uploads\/2024\/01\/1-7-150x150.jpg 150w, https:\/\/nishiki-cycle.com\/demo\/wp-content\/uploads\/2024\/01\/1-7-768x768.jpg 768w, https:\/\/nishiki-cycle.com\/demo\/wp-content\/uploads\/2024\/01\/1-7-600x600.jpg 600w, https:\/\/nishiki-cycle.com\/demo\/wp-content\/uploads\/2024\/01\/1-7-100x100.jpg 100w, https:\/\/nishiki-cycle.com\/demo\/wp-content\/uploads\/2024\/01\/1-7.jpg 900w\" sizes=\"(max-width: 300px) 100vw, 300px\" \/><\/p>\n<p>Hublot Spirit Of Big Bang White King Gold Diamonds 39mm s\u1edf h\u1eefu d\u00e1ng v\u1ecf tonneau v\u1edbi \u0111\u01b0\u1eddng k\u00ednh 39mm, u\u1ed1n nh\u1eb9 ph\u1ea7n m\u1eb7t sau \u0111\u1ed3ng h\u1ed3 \u0111em \u0111\u1ebfn c\u1ea3m gi\u00e1c h\u00e0i h\u00f2a \u00f4m tr\u1ecdn c\u1ed5 tay. B\u1ed9 v\u1ecf \u0111\u01b0\u1ee3c ch\u1ebf t\u00e1c t\u1eeb g\u1ed1m v\u00e0ng h\u1ed3ng 18k t\u00f4n l\u00ean phong c\u00e1ch h\u00e0i h\u00f2a c\u00f9ng \u0111\u1eb3ng c\u1ea5p c\u1ed1 h\u1eefu c\u1ee7a ph\u00e1i \u0111\u1eb9p.<\/p>\n<p>\u0110\u1ec3 t\u1ea1o \u0111i\u1ec3m nh\u1ea5n lung linh, nh\u1eefng ngh\u1ec7 nh\u00e2n ch\u1ebf t\u00e1c nh\u00e0\u00a0<a title=\"Hublot\" href=\"https:\/\/nishiki-cycle.com\/demo\/danh-muc-san-pham\/hublot\/\"><strong>Hublot<\/strong><\/a>\u00a0c\u00f2n nh\u1eb9 nh\u00e0ng \u0111\u00ednh l\u00ean v\u00e0nh bezel 50 vi\u00ean kim c\u01b0\u01a1ng x\u1ea5p x\u1ec9 1.0 ct h\u1ebft s\u1ee9c \u0111\u1ec1u \u0111\u1eb7n, sau \u0111\u00f3 c\u1ed1 \u0111\u1ecbnh\u00a0khung vi\u1ec1n l\u1ea1i b\u1eb1ng nh\u1eefng chi\u1ebfc \u0111inh v\u00edt Titan h\u00ecnh ch\u1eef H \u0111\u1eb7c tr\u01b0ng c\u1ee7a Hublot.<\/p>\n<p>Hublot Spirit Of Big Bang White King Gold Diamonds 39mm b\u00ean d\u01b0\u1edbi m\u1eb7t k\u00ednh sapphire hi\u1ec7n \u0111\u1ea1i v\u1edbi kh\u1ea3 n\u0103ng ch\u1ed1ng l\u00f3a l\u00e0 m\u1eb7t s\u1ed1 \u0111\u1ed3ng h\u1ed3 \u0111\u01b0\u1ee3c thi\u1ebft k\u1ebf m\u00e0u tr\u1eafng thanh l\u1ecbch \u0111\u1ec3 ph\u00f9 h\u1ee3p v\u1edbi phong c\u00e1ch th\u1eddi trang c\u00e1 t\u00ednh, nh\u1eb9 nh\u00e0ng v\u00e0 m\u1ea1nh m\u1ebd d\u00e0nh cho ph\u00e1i n\u1eef. Nh\u1eefng chi\u1ebfc kim ch\u1ec9 th\u1eddi gian n\u1ed5i b\u1eadt k\u1ebft h\u1ee3p v\u1edbi ph\u1ea7n \u0111\u1ea7u kim v\u00e0 c\u1ecdc s\u1ed1 \u0111\u01b0\u1ee3c s\u01a1n tr\u1eafng b\u1eaft m\u1eaft. \u1ede v\u1ecb tr\u00ed 6 gi\u1edd l\u00e0 m\u1ed9t c\u1eeda s\u1ed5 hi\u1ec3n th\u1ecb ng\u00e0y \u0111\u01b0\u1ee3c th\u00eam v\u00e0o gi\u00fap n\u1eef ch\u1ee7 nh\u00e2n d\u1ec5 d\u00e0ng theo d\u00f5i l\u1ecbch ng\u00e0y m\u1ed9t c\u00e1ch ch\u00ednh x\u00e1c nh\u1ea5t.<\/p>\n<p>\u1ede l\u1ea7n ra m\u1eaft n\u00e0y, t\u00e2n ph\u1ea9m \u0111\u01b0\u1ee3c trang b\u1ecb d\u00e2y \u0111eo b\u1eb1ng da c\u00e1 s\u1ea5u. Ph\u1ea7n kh\u00f3a d\u00e2y \u0111eo \u0111\u01b0\u1ee3c ch\u1ebf t\u00e1c t\u1ec9 m\u1ec9 \u0111\u1ebfn t\u1eebng chi ti\u1ebft. \u1ea8n sau v\u1ebb ngo\u00e0i hoa m\u1ef9 v\u00e0 qu\u00fd ph\u00e1i c\u1ee7a c\u1ed7 m\u00e1y th\u1eddi gian l\u00e0 b\u1ed9 chuy\u1ec3n \u0111\u1ed9ng Caliber HUB 1710 \u0111\u01b0\u1ee3c ch\u00ednh Hublot ch\u1ebf t\u1ea1o v\u00e0 m\u1ee9c n\u0103ng l\u01b0\u1ee3ng d\u1ef1 tr\u1eef ho\u00e0n h\u1ea3o l\u00ean \u0111\u1ebfn 50 gi\u1edd \u0111\u1ed3ng h\u1ed3.<\/p>\n","protected":false},"excerpt":{"rendered":"<p>M\u00e3:\u00a0665.OE.2080.RW.1204<\/p>\n<p>Xu\u1ea5t x\u1ee9: Th\u1ee5y S\u0129<\/p>\n<p>K\u00edch th\u01b0\u1edbc: 39mm<\/p>\n<p>K\u00ednh: Sapphire<\/p>\n<p>M\u1eb7t s\u1ed1: White<\/p>\n<p>B\u1ed9 m\u00e1y: HUB1710<\/p>\n<p>D\u1ef1 tr\u1eef n\u0103ng l\u01b0\u1ee3ng: 50 gi\u1edd<\/p>\n<p>Ch\u1ee9c n\u0103ng:\u00a0Gi\u1edd, Ph\u00fat, Gi\u00e2y, Ng\u00e0y<\/p>\n<p>Ch\u1ea5t li\u1ec7u: V\u00e0ng h\u1ed3ng 18k, Kim c\u01b0\u01a1ng<\/p>\n<p>Bezel: V\u00e0ng h\u1ed3ng 18k, Kim c\u01b0\u01a1ng<\/p>\n<p>D\u00e2y \u0111eo: Cao su v\u00e0 da c\u00e1 s\u1ea5u<\/p>\n<p>Kh\u00e1ng n\u01b0\u1edbc: 100m (10ATM)<\/p>\n","protected":false},"featured_media":11422,"comment_status":"open","ping_status":"closed","template":"","meta":[],"product_cat":[333,242,320,336],"product_tag":[],"class_list":["post-11421","product","type-product","status-publish","has-post-thumbnail","hentry","product_cat-38mm-40mm","product_cat-womens-watches","product_cat-hublot","product_cat-vang-hong-18k","product_brand-hublot"],"yoast_head":"<!-- This site is optimized with the Yoast SEO plugin v21.6 - https:\/\/yoast.com\/wordpress\/plugins\/seo\/ -->\n<title>Hublot Spirit Of Big Bang White King Gold Diamonds 39mm - Phoenix Luxury<\/title>\n<meta name=\"description\" content=\"Hublot Spirit Of Big Bang White King Gold Diamonds 39mm b\u00ean d\u01b0\u1edbi m\u1eb7t k\u00ednh sapphire hi\u1ec7n \u0111\u1ea1i v\u1edbi kh\u1ea3 n\u0103ng ch\u1ed1ng l\u00f3a l\u00e0 m\u1eb7t s\u1ed1 \u0111\u1ed3ng h\u1ed3 m\u00e0u tr\u1eafng thanh l\u1ecbch\" \/>\n<meta name=\"robots\" content=\"index, follow, max-snippet:-1, max-image-preview:large, max-video-preview:-1\" \/>\n<link rel=\"canonical\" href=\"https:\/\/nishiki-cycle.com\/demo\/san-pham\/hublot-spirit-of-big-bang-white-king-gold-diamonds-39mm\/\" \/>\n<meta property=\"og:locale\" content=\"vi_VN\" \/>\n<meta property=\"og:type\" content=\"article\" \/>\n<meta property=\"og:title\" content=\"Hublot Spirit Of Big Bang White King Gold Diamonds 39mm - Phoenix Luxury\" \/>\n<meta property=\"og:description\" content=\"Hublot Spirit Of Big Bang White King Gold Diamonds 39mm b\u00ean d\u01b0\u1edbi m\u1eb7t k\u00ednh sapphire hi\u1ec7n \u0111\u1ea1i v\u1edbi kh\u1ea3 n\u0103ng ch\u1ed1ng l\u00f3a l\u00e0 m\u1eb7t s\u1ed1 \u0111\u1ed3ng h\u1ed3 m\u00e0u tr\u1eafng thanh l\u1ecbch\" \/>\n<meta property=\"og:url\" content=\"https:\/\/nishiki-cycle.com\/demo\/san-pham\/hublot-spirit-of-big-bang-white-king-gold-diamonds-39mm\/\" \/>\n<meta property=\"og:site_name\" content=\"Phoenix Luxury\" \/>\n<meta property=\"og:image\" content=\"https:\/\/nishiki-cycle.com\/demo\/wp-content\/uploads\/2024\/01\/1-7.jpg\" \/>\n\t<meta property=\"og:image:width\" content=\"900\" \/>\n\t<meta property=\"og:image:height\" content=\"900\" \/>\n\t<meta property=\"og:image:type\" content=\"image\/jpeg\" \/>\n<meta name=\"twitter:card\" content=\"summary_large_image\" \/>\n<meta name=\"twitter:label1\" content=\"\u01af\u1edbc t\u00ednh th\u1eddi gian \u0111\u1ecdc\" \/>\n\t<meta name=\"twitter:data1\" content=\"2 ph\u00fat\" \/>\n<script type=\"application\/ld+json\" class=\"yoast-schema-graph\">{\"@context\":\"https:\/\/schema.org\",\"@graph\":[{\"@type\":\"WebPage\",\"@id\":\"https:\/\/nishiki-cycle.com\/demo\/san-pham\/hublot-spirit-of-big-bang-white-king-gold-diamonds-39mm\/\",\"url\":\"https:\/\/nishiki-cycle.com\/demo\/san-pham\/hublot-spirit-of-big-bang-white-king-gold-diamonds-39mm\/\",\"name\":\"Hublot Spirit Of Big Bang White King Gold Diamonds 39mm - Phoenix Luxury\",\"isPartOf\":{\"@id\":\"https:\/\/nishiki-cycle.com\/demo\/#website\"},\"datePublished\":\"2024-01-06T14:25:53+00:00\",\"dateModified\":\"2024-01-06T14:25:53+00:00\",\"description\":\"Hublot Spirit Of Big Bang White King Gold Diamonds 39mm b\u00ean d\u01b0\u1edbi m\u1eb7t k\u00ednh sapphire hi\u1ec7n \u0111\u1ea1i v\u1edbi kh\u1ea3 n\u0103ng ch\u1ed1ng l\u00f3a l\u00e0 m\u1eb7t s\u1ed1 \u0111\u1ed3ng h\u1ed3 m\u00e0u tr\u1eafng thanh l\u1ecbch\",\"breadcrumb\":{\"@id\":\"https:\/\/nishiki-cycle.com\/demo\/san-pham\/hublot-spirit-of-big-bang-white-king-gold-diamonds-39mm\/#breadcrumb\"},\"inLanguage\":\"vi\",\"potentialAction\":[{\"@type\":\"ReadAction\",\"target\":[\"https:\/\/nishiki-cycle.com\/demo\/san-pham\/hublot-spirit-of-big-bang-white-king-gold-diamonds-39mm\/\"]}]},{\"@type\":\"BreadcrumbList\",\"@id\":\"https:\/\/nishiki-cycle.com\/demo\/san-pham\/hublot-spirit-of-big-bang-white-king-gold-diamonds-39mm\/#breadcrumb\",\"itemListElement\":[{\"@type\":\"ListItem\",\"position\":1,\"name\":\"Trang ch\u1ee7\",\"item\":\"https:\/\/nishiki-cycle.com\/demo\/\"},{\"@type\":\"ListItem\",\"position\":2,\"name\":\"C\u1eeda h\u00e0ng\",\"item\":\"https:\/\/nishiki-cycle.com\/demo\/cua-hang\/\"},{\"@type\":\"ListItem\",\"position\":3,\"name\":\"Hublot Spirit Of Big Bang White King Gold Diamonds 39mm\"}]},{\"@type\":\"WebSite\",\"@id\":\"https:\/\/nishiki-cycle.com\/demo\/#website\",\"url\":\"https:\/\/nishiki-cycle.com\/demo\/\",\"name\":\"Phoenix Luxury\",\"description\":\"\",\"potentialAction\":[{\"@type\":\"SearchAction\",\"target\":{\"@type\":\"EntryPoint\",\"urlTemplate\":\"https:\/\/nishiki-cycle.com\/demo\/?s={search_term_string}\"},\"query-input\":\"required name=search_term_string\"}],\"inLanguage\":\"vi\"}]}<\/script>\n<!-- \/ Yoast SEO plugin. -->","yoast_head_json":{"title":"Hublot Spirit Of Big Bang White King Gold Diamonds 39mm - Phoenix Luxury","description":"Hublot Spirit Of Big Bang White King Gold Diamonds 39mm b\u00ean d\u01b0\u1edbi m\u1eb7t k\u00ednh sapphire hi\u1ec7n \u0111\u1ea1i v\u1edbi kh\u1ea3 n\u0103ng ch\u1ed1ng l\u00f3a l\u00e0 m\u1eb7t s\u1ed1 \u0111\u1ed3ng h\u1ed3 m\u00e0u tr\u1eafng thanh l\u1ecbch","robots":{"index":"index","follow":"follow","max-snippet":"max-snippet:-1","max-image-preview":"max-image-preview:large","max-video-preview":"max-video-preview:-1"},"canonical":"https:\/\/nishiki-cycle.com\/demo\/san-pham\/hublot-spirit-of-big-bang-white-king-gold-diamonds-39mm\/","og_locale":"vi_VN","og_type":"article","og_title":"Hublot Spirit Of Big Bang White King Gold Diamonds 39mm - Phoenix Luxury","og_description":"Hublot Spirit Of Big Bang White King Gold Diamonds 39mm b\u00ean d\u01b0\u1edbi m\u1eb7t k\u00ednh sapphire hi\u1ec7n \u0111\u1ea1i v\u1edbi kh\u1ea3 n\u0103ng ch\u1ed1ng l\u00f3a l\u00e0 m\u1eb7t s\u1ed1 \u0111\u1ed3ng h\u1ed3 m\u00e0u tr\u1eafng thanh l\u1ecbch","og_url":"https:\/\/nishiki-cycle.com\/demo\/san-pham\/hublot-spirit-of-big-bang-white-king-gold-diamonds-39mm\/","og_site_name":"Phoenix Luxury","og_image":[{"width":900,"height":900,"url":"https:\/\/nishiki-cycle.com\/demo\/wp-content\/uploads\/2024\/01\/1-7.jpg","type":"image\/jpeg"}],"twitter_card":"summary_large_image","twitter_misc":{"\u01af\u1edbc t\u00ednh th\u1eddi gian \u0111\u1ecdc":"2 ph\u00fat"},"schema":{"@context":"https:\/\/schema.org","@graph":[{"@type":"WebPage","@id":"https:\/\/nishiki-cycle.com\/demo\/san-pham\/hublot-spirit-of-big-bang-white-king-gold-diamonds-39mm\/","url":"https:\/\/nishiki-cycle.com\/demo\/san-pham\/hublot-spirit-of-big-bang-white-king-gold-diamonds-39mm\/","name":"Hublot Spirit Of Big Bang White King Gold Diamonds 39mm - Phoenix Luxury","isPartOf":{"@id":"https:\/\/nishiki-cycle.com\/demo\/#website"},"datePublished":"2024-01-06T14:25:53+00:00","dateModified":"2024-01-06T14:25:53+00:00","description":"Hublot Spirit Of Big Bang White King Gold Diamonds 39mm b\u00ean d\u01b0\u1edbi m\u1eb7t k\u00ednh sapphire hi\u1ec7n \u0111\u1ea1i v\u1edbi kh\u1ea3 n\u0103ng ch\u1ed1ng l\u00f3a l\u00e0 m\u1eb7t s\u1ed1 \u0111\u1ed3ng h\u1ed3 m\u00e0u tr\u1eafng thanh l\u1ecbch","breadcrumb":{"@id":"https:\/\/nishiki-cycle.com\/demo\/san-pham\/hublot-spirit-of-big-bang-white-king-gold-diamonds-39mm\/#breadcrumb"},"inLanguage":"vi","potentialAction":[{"@type":"ReadAction","target":["https:\/\/nishiki-cycle.com\/demo\/san-pham\/hublot-spirit-of-big-bang-white-king-gold-diamonds-39mm\/"]}]},{"@type":"BreadcrumbList","@id":"https:\/\/nishiki-cycle.com\/demo\/san-pham\/hublot-spirit-of-big-bang-white-king-gold-diamonds-39mm\/#breadcrumb","itemListElement":[{"@type":"ListItem","position":1,"name":"Trang ch\u1ee7","item":"https:\/\/nishiki-cycle.com\/demo\/"},{"@type":"ListItem","position":2,"name":"C\u1eeda h\u00e0ng","item":"https:\/\/nishiki-cycle.com\/demo\/cua-hang\/"},{"@type":"ListItem","position":3,"name":"Hublot Spirit Of Big Bang White King Gold Diamonds 39mm"}]},{"@type":"WebSite","@id":"https:\/\/nishiki-cycle.com\/demo\/#website","url":"https:\/\/nishiki-cycle.com\/demo\/","name":"Phoenix Luxury","description":"","potentialAction":[{"@type":"SearchAction","target":{"@type":"EntryPoint","urlTemplate":"https:\/\/nishiki-cycle.com\/demo\/?s={search_term_string}"},"query-input":"required name=search_term_string"}],"inLanguage":"vi"}]}},"_links":{"self":[{"href":"https:\/\/nishiki-cycle.com\/demo\/wp-json\/wp\/v2\/product\/11421","targetHints":{"allow":["GET"]}}],"collection":[{"href":"https:\/\/nishiki-cycle.com\/demo\/wp-json\/wp\/v2\/product"}],"about":[{"href":"https:\/\/nishiki-cycle.com\/demo\/wp-json\/wp\/v2\/types\/product"}],"replies":[{"embeddable":true,"href":"https:\/\/nishiki-cycle.com\/demo\/wp-json\/wp\/v2\/comments?post=11421"}],"wp:featuredmedia":[{"embeddable":true,"href":"https:\/\/nishiki-cycle.com\/demo\/wp-json\/wp\/v2\/media\/11422"}],"wp:attachment":[{"href":"https:\/\/nishiki-cycle.com\/demo\/wp-json\/wp\/v2\/media?parent=11421"}],"wp:term":[{"taxonomy":"product_cat","embeddable":true,"href":"https:\/\/nishiki-cycle.com\/demo\/wp-json\/wp\/v2\/product_cat?post=11421"},{"taxonomy":"product_tag","embeddable":true,"href":"https:\/\/nishiki-cycle.com\/demo\/wp-json\/wp\/v2\/product_tag?post=11421"}],"curies":[{"name":"wp","href":"https:\/\/api.w.org\/{rel}","templated":true}]}}