{"id":11540,"date":"2024-01-14T16:11:01","date_gmt":"2024-01-14T16:11:01","guid":{"rendered":"https:\/\/nishiki-cycle.com\/demo\/?post_type=product&#038;p=11540"},"modified":"2024-01-14T16:11:02","modified_gmt":"2024-01-14T16:11:02","slug":"hublot-classic-fusion-green-titanium-diamonds-33mm","status":"publish","type":"product","link":"https:\/\/nishiki-cycle.com\/demo\/san-pham\/hublot-classic-fusion-green-titanium-diamonds-33mm\/","title":{"rendered":"Hublot Classic Fusion Green Titanium Diamonds 33mm"},"content":{"rendered":"<p><img fetchpriority=\"high\" decoding=\"async\" class=\"size-medium wp-image-11541 aligncenter\" src=\"https:\/\/nishiki-cycle.com\/demo\/wp-content\/uploads\/2024\/01\/1-21-300x300.jpg\" alt=\"\" width=\"300\" height=\"300\" srcset=\"https:\/\/nishiki-cycle.com\/demo\/wp-content\/uploads\/2024\/01\/1-21-300x300.jpg 300w, https:\/\/nishiki-cycle.com\/demo\/wp-content\/uploads\/2024\/01\/1-21-150x150.jpg 150w, https:\/\/nishiki-cycle.com\/demo\/wp-content\/uploads\/2024\/01\/1-21-768x768.jpg 768w, https:\/\/nishiki-cycle.com\/demo\/wp-content\/uploads\/2024\/01\/1-21-600x600.jpg 600w, https:\/\/nishiki-cycle.com\/demo\/wp-content\/uploads\/2024\/01\/1-21-100x100.jpg 100w, https:\/\/nishiki-cycle.com\/demo\/wp-content\/uploads\/2024\/01\/1-21.jpg 900w\" sizes=\"(max-width: 300px) 100vw, 300px\" \/><\/p>\n<div id=\"myTabContent\" class=\"tab-content wow fadeInUp delay02\">\n<div id=\"thongso\" class=\"tab-pane fade show active\" role=\"tabpanel\">\n<div class=\"s-content clc1 fs16\">\n<p dir=\"ltr\">B\u1ed9 s\u01b0u t\u1eadp \u0111\u01b0\u1ee3c l\u1ea5y c\u1ea3m h\u1ee9ng t\u1eeb s\u1ef1 hi\u1ec7n \u0111\u1ea1i, sang ch\u1ea3nh v\u00e0 n\u0103ng \u0111\u1ed9ng k\u1ebft h\u1ee3p v\u1edbi s\u1ef1 qu\u00fd ph\u00e1i v\u00e0 tinh t\u1ebf t\u1eeb n\u00e9t \u0111\u1eb9p truy\u1ec1n th\u1ed1ng. <strong><a href=\"https:\/\/nishiki-cycle.com\/demo\/danh-muc-san-pham\/hublot\/\">Hublot<\/a><\/strong> Classic Fusion Green Titanium Diamonds 33mm \u0111\u00e3 c\u00f3 s\u1ef1 k\u1ebft h\u1ee3p t\u00e1o b\u1ea1o gi\u1eefa v\u1ecf b\u1eb1ng ch\u1ea5t li\u1ec7u v\u00e0ng h\u1ed3ng 18k c\u00f9ng v\u1edbi s\u1eafc xanh l\u1ee5c \u0111\u1ed9c \u0111\u00e1o c\u1ee7a m\u1eb7t s\u1ed1 v\u00e0 d\u00e2y \u0111eo t\u1ea1o n\u00ean si\u00eau ph\u1ea9m \u0111\u1ed9c \u0111\u00e1o tr\u00ean c\u1ed5 tay c\u00e1c qu\u00fd c\u00f4. Chi\u1ebfc \u0111\u1ed3ng h\u1ed3 n\u00e0y ch\u1eafc ch\u1eafn s\u1ebd chi\u1ebfm tr\u1ecdn tr\u00e1i tim nhi\u1ec1u qu\u00fd c\u00f4 y\u00eau th\u00edch s\u1ef1 m\u1edbi m\u1ebb, n\u0103ng \u0111\u1ed9ng v\u00e0 sang ch\u1ea3nh.<\/p>\n<p dir=\"ltr\">M\u1eb7t \u0111\u1ed3ng h\u1ed3 mang d\u00e1ng tr\u00f2n truy\u1ec1n th\u1ed1ng v\u1edbi v\u00e0nh bezel \u0111\u01b0\u1ee3c \u0111\u00ednh ch\u1eafc ch\u1eafn b\u1eb1ng 6 v\u00edt titanium h\u00ecnh ch\u1eef \u201cH\u201d. 36 vi\u00ean kim c\u01b0\u01a1ng l\u1ea5p l\u00e1nh \u0111\u01b0\u1ee3c c\u1eaft g\u1ecdt v\u00e0 m\u00e0i d\u0169a t\u1ec9 m\u1ec9 \u0111\u01b0\u1ee3c g\u1eafn tr\u00ean v\u00e0nh bezel c\u00e0ng t\u0103ng th\u00eam s\u1ef1 l\u1ea5p l\u00e1nh v\u00e0 \u0111\u1eb3ng c\u1ea5p cho chi\u1ebfc \u0111\u1ed3ng h\u1ed3.<\/p>\n<p dir=\"ltr\">M\u1eb7t s\u1ed1 xanh l\u1ee5c sau l\u1edbp k\u00ednh sapphire trong su\u1ed1t c\u00e0ng l\u00e0m n\u1ed5i b\u1eadt l\u00ean b\u1ed9 kim trung t\u00e2m v\u00e0 v\u1ea1ch \u0111\u1ecbnh gi\u1edd b\u1eb1ng v\u00e0ng h\u1ed3ng. C\u1eeda s\u1ed5 ph\u1ee5 ch\u1ec9 ng\u00e0y \u0111\u1eb7t t\u1ea1i v\u1ecb tr\u00ed 3h mang \u0111\u1ebfn s\u1ef1 ti\u1ec7n l\u1ee3i cho nh\u1eefng qu\u00fd c\u00f4 b\u1eadn r\u1ed9n. D\u00e2y \u0111eo c\u00e1 s\u1ea5u xanh l\u1ee5c cao c\u1ea5p k\u1ebft h\u1ee3p v\u1edbi ch\u1ea5t li\u1ec7u cao su d\u1ebbo b\u00ean trong mang \u0111\u1ebfn c\u1ea3m gi\u00e1c tho\u00e1ng v\u00e0 tho\u1ea3i m\u00e1i cho ng\u01b0\u1eddi \u0111eo.<\/p>\n<p dir=\"ltr\">Hublot Classic Fusion Green Titanium Diamonds 33mm \u0111\u01b0\u1ee3c trang b\u1ecb b\u1ed9 m\u00e1y Hublot Quartz \/HUB2912 c\u1ea5u t\u1ea1o t\u1eeb 38 b\u1ed9 ph\u1eadn. \u0110\u1ed3ng h\u1ed3 c\u00f3 nh\u1eefng ch\u1ee9c n\u0103ng ch\u00ednh nh\u01b0 b\u00e1o ng\u00e0y, gi\u1edd, ph\u00fat, gi\u00e2y, c\u00f3 kh\u1ea3 n\u0103ng ch\u1ecbu n\u01b0\u1edbc \u1edf 50m, kh\u1ea3 n\u0103ng tr\u1eef c\u00f3t t\u1ed1t, v\u1edbi th\u1eddi gian tr\u1eef c\u00f3t k\u00e9o d\u00e0i 3 \u0111\u1ebfn 5 n\u0103m. C\u00f3 th\u1ec3 n\u00f3i m\u1eabu \u0111\u1ed3ng h\u1ed3 n\u00e0y s\u1ebd l\u00e0 l\u1ef1a ch\u1ecdn ho\u00e0n h\u1ea3o cho nh\u1eefng qu\u00fd c\u00f4 y\u00eau th\u00edch s\u1ef1 n\u0103ng \u0111\u1ed9ng nh\u01b0ng v\u00f4 c\u00f9ng tinh t\u1ebf, sang ch\u1ea3nh.<\/p>\n<\/div>\n<\/div>\n<\/div>\n","protected":false},"excerpt":{"rendered":"<p>M\u00e3: 581.ox.8980.lr.1104<\/p>\n<p>Xu\u1ea5t x\u1ee9: Th\u1ee5y S\u0129<\/p>\n<p>K\u00edch th\u01b0\u1edbc: 33mm<\/p>\n<p>Ch\u1ea5t li\u1ec7u: V\u00e0ng h\u1ed3ng King Gold 18k<\/p>\n<p>Bezel: V\u00e0ng h\u1ed3ng King Gold 18k<\/p>\n<p>K\u00ednh: Sapphire<\/p>\n<p>M\u1eb7t s\u1ed1: M\u00e0u xanh olive<\/p>\n<p>B\u1ed9 m\u00e1y: HUB2912 Quartz<\/p>\n<p>Ch\u1ee9c n\u0103ng: Gi\u1edd, ph\u00fat, gi\u00e2y, ng\u00e0y,<\/p>\n<p>D\u00e2y \u0111eo: Da c\u00e1 s\u1ea5u v\u1edbi l\u1edbp l\u00f3t cao su b\u00ean trong<\/p>\n<p>Kh\u00e1ng n\u01b0\u1edbc: 100m (ATM)<\/p>\n","protected":false},"featured_media":11541,"comment_status":"open","ping_status":"closed","template":"","meta":[],"product_cat":[242,331,320,336],"product_tag":[],"class_list":["post-11540","product","type-product","status-publish","has-post-thumbnail","hentry","product_cat-womens-watches","product_cat-duoi-36mm","product_cat-hublot","product_cat-vang-hong-18k","product_brand-hublot"],"yoast_head":"<!-- This site is optimized with the Yoast SEO plugin v21.6 - https:\/\/yoast.com\/wordpress\/plugins\/seo\/ -->\n<title>Hublot Classic Fusion Green Titanium Diamonds 33mm - Phoenix Luxury<\/title>\n<meta name=\"description\" content=\"Hublot Classic Fusion Green Titanium Diamonds 33mm k\u1ebft h\u1ee3p t\u00e1o b\u1ea1o gi\u1eefa v\u1ecf b\u1eb1ng ch\u1ea5t li\u1ec7u v\u00e0ng h\u1ed3ng 18k c\u00f9ng v\u1edbi s\u1eafc xanh l\u1ee5c \u0111\u1ed9c \u0111\u00e1o.\" \/>\n<meta name=\"robots\" content=\"index, follow, max-snippet:-1, max-image-preview:large, max-video-preview:-1\" \/>\n<link rel=\"canonical\" href=\"https:\/\/nishiki-cycle.com\/demo\/san-pham\/hublot-classic-fusion-green-titanium-diamonds-33mm\/\" \/>\n<meta property=\"og:locale\" content=\"vi_VN\" \/>\n<meta property=\"og:type\" content=\"article\" \/>\n<meta property=\"og:title\" content=\"Hublot Classic Fusion Green Titanium Diamonds 33mm - Phoenix Luxury\" \/>\n<meta property=\"og:description\" content=\"Hublot Classic Fusion Green Titanium Diamonds 33mm k\u1ebft h\u1ee3p t\u00e1o b\u1ea1o gi\u1eefa v\u1ecf b\u1eb1ng ch\u1ea5t li\u1ec7u v\u00e0ng h\u1ed3ng 18k c\u00f9ng v\u1edbi s\u1eafc xanh l\u1ee5c \u0111\u1ed9c \u0111\u00e1o.\" \/>\n<meta property=\"og:url\" content=\"https:\/\/nishiki-cycle.com\/demo\/san-pham\/hublot-classic-fusion-green-titanium-diamonds-33mm\/\" \/>\n<meta property=\"og:site_name\" content=\"Phoenix Luxury\" \/>\n<meta property=\"article:modified_time\" content=\"2024-01-14T16:11:02+00:00\" \/>\n<meta property=\"og:image\" content=\"https:\/\/nishiki-cycle.com\/demo\/wp-content\/uploads\/2024\/01\/1-21.jpg\" \/>\n\t<meta property=\"og:image:width\" content=\"900\" \/>\n\t<meta property=\"og:image:height\" content=\"900\" \/>\n\t<meta property=\"og:image:type\" content=\"image\/jpeg\" \/>\n<meta name=\"twitter:card\" content=\"summary_large_image\" \/>\n<meta name=\"twitter:label1\" content=\"\u01af\u1edbc t\u00ednh th\u1eddi gian \u0111\u1ecdc\" \/>\n\t<meta name=\"twitter:data1\" content=\"2 ph\u00fat\" \/>\n<script type=\"application\/ld+json\" class=\"yoast-schema-graph\">{\"@context\":\"https:\/\/schema.org\",\"@graph\":[{\"@type\":\"WebPage\",\"@id\":\"https:\/\/nishiki-cycle.com\/demo\/san-pham\/hublot-classic-fusion-green-titanium-diamonds-33mm\/\",\"url\":\"https:\/\/nishiki-cycle.com\/demo\/san-pham\/hublot-classic-fusion-green-titanium-diamonds-33mm\/\",\"name\":\"Hublot Classic Fusion Green Titanium Diamonds 33mm - Phoenix Luxury\",\"isPartOf\":{\"@id\":\"https:\/\/nishiki-cycle.com\/demo\/#website\"},\"datePublished\":\"2024-01-14T16:11:01+00:00\",\"dateModified\":\"2024-01-14T16:11:02+00:00\",\"description\":\"Hublot Classic Fusion Green Titanium Diamonds 33mm k\u1ebft h\u1ee3p t\u00e1o b\u1ea1o gi\u1eefa v\u1ecf b\u1eb1ng ch\u1ea5t li\u1ec7u v\u00e0ng h\u1ed3ng 18k c\u00f9ng v\u1edbi s\u1eafc xanh l\u1ee5c \u0111\u1ed9c \u0111\u00e1o.\",\"breadcrumb\":{\"@id\":\"https:\/\/nishiki-cycle.com\/demo\/san-pham\/hublot-classic-fusion-green-titanium-diamonds-33mm\/#breadcrumb\"},\"inLanguage\":\"vi\",\"potentialAction\":[{\"@type\":\"ReadAction\",\"target\":[\"https:\/\/nishiki-cycle.com\/demo\/san-pham\/hublot-classic-fusion-green-titanium-diamonds-33mm\/\"]}]},{\"@type\":\"BreadcrumbList\",\"@id\":\"https:\/\/nishiki-cycle.com\/demo\/san-pham\/hublot-classic-fusion-green-titanium-diamonds-33mm\/#breadcrumb\",\"itemListElement\":[{\"@type\":\"ListItem\",\"position\":1,\"name\":\"Trang ch\u1ee7\",\"item\":\"https:\/\/nishiki-cycle.com\/demo\/\"},{\"@type\":\"ListItem\",\"position\":2,\"name\":\"C\u1eeda h\u00e0ng\",\"item\":\"https:\/\/nishiki-cycle.com\/demo\/cua-hang\/\"},{\"@type\":\"ListItem\",\"position\":3,\"name\":\"Hublot Classic Fusion Green Titanium Diamonds 33mm\"}]},{\"@type\":\"WebSite\",\"@id\":\"https:\/\/nishiki-cycle.com\/demo\/#website\",\"url\":\"https:\/\/nishiki-cycle.com\/demo\/\",\"name\":\"Phoenix Luxury\",\"description\":\"\",\"potentialAction\":[{\"@type\":\"SearchAction\",\"target\":{\"@type\":\"EntryPoint\",\"urlTemplate\":\"https:\/\/nishiki-cycle.com\/demo\/?s={search_term_string}\"},\"query-input\":\"required name=search_term_string\"}],\"inLanguage\":\"vi\"}]}<\/script>\n<!-- \/ Yoast SEO plugin. -->","yoast_head_json":{"title":"Hublot Classic Fusion Green Titanium Diamonds 33mm - Phoenix Luxury","description":"Hublot Classic Fusion Green Titanium Diamonds 33mm k\u1ebft h\u1ee3p t\u00e1o b\u1ea1o gi\u1eefa v\u1ecf b\u1eb1ng ch\u1ea5t li\u1ec7u v\u00e0ng h\u1ed3ng 18k c\u00f9ng v\u1edbi s\u1eafc xanh l\u1ee5c \u0111\u1ed9c \u0111\u00e1o.","robots":{"index":"index","follow":"follow","max-snippet":"max-snippet:-1","max-image-preview":"max-image-preview:large","max-video-preview":"max-video-preview:-1"},"canonical":"https:\/\/nishiki-cycle.com\/demo\/san-pham\/hublot-classic-fusion-green-titanium-diamonds-33mm\/","og_locale":"vi_VN","og_type":"article","og_title":"Hublot Classic Fusion Green Titanium Diamonds 33mm - Phoenix Luxury","og_description":"Hublot Classic Fusion Green Titanium Diamonds 33mm k\u1ebft h\u1ee3p t\u00e1o b\u1ea1o gi\u1eefa v\u1ecf b\u1eb1ng ch\u1ea5t li\u1ec7u v\u00e0ng h\u1ed3ng 18k c\u00f9ng v\u1edbi s\u1eafc xanh l\u1ee5c \u0111\u1ed9c \u0111\u00e1o.","og_url":"https:\/\/nishiki-cycle.com\/demo\/san-pham\/hublot-classic-fusion-green-titanium-diamonds-33mm\/","og_site_name":"Phoenix Luxury","article_modified_time":"2024-01-14T16:11:02+00:00","og_image":[{"width":900,"height":900,"url":"https:\/\/nishiki-cycle.com\/demo\/wp-content\/uploads\/2024\/01\/1-21.jpg","type":"image\/jpeg"}],"twitter_card":"summary_large_image","twitter_misc":{"\u01af\u1edbc t\u00ednh th\u1eddi gian \u0111\u1ecdc":"2 ph\u00fat"},"schema":{"@context":"https:\/\/schema.org","@graph":[{"@type":"WebPage","@id":"https:\/\/nishiki-cycle.com\/demo\/san-pham\/hublot-classic-fusion-green-titanium-diamonds-33mm\/","url":"https:\/\/nishiki-cycle.com\/demo\/san-pham\/hublot-classic-fusion-green-titanium-diamonds-33mm\/","name":"Hublot Classic Fusion Green Titanium Diamonds 33mm - Phoenix Luxury","isPartOf":{"@id":"https:\/\/nishiki-cycle.com\/demo\/#website"},"datePublished":"2024-01-14T16:11:01+00:00","dateModified":"2024-01-14T16:11:02+00:00","description":"Hublot Classic Fusion Green Titanium Diamonds 33mm k\u1ebft h\u1ee3p t\u00e1o b\u1ea1o gi\u1eefa v\u1ecf b\u1eb1ng ch\u1ea5t li\u1ec7u v\u00e0ng h\u1ed3ng 18k c\u00f9ng v\u1edbi s\u1eafc xanh l\u1ee5c \u0111\u1ed9c \u0111\u00e1o.","breadcrumb":{"@id":"https:\/\/nishiki-cycle.com\/demo\/san-pham\/hublot-classic-fusion-green-titanium-diamonds-33mm\/#breadcrumb"},"inLanguage":"vi","potentialAction":[{"@type":"ReadAction","target":["https:\/\/nishiki-cycle.com\/demo\/san-pham\/hublot-classic-fusion-green-titanium-diamonds-33mm\/"]}]},{"@type":"BreadcrumbList","@id":"https:\/\/nishiki-cycle.com\/demo\/san-pham\/hublot-classic-fusion-green-titanium-diamonds-33mm\/#breadcrumb","itemListElement":[{"@type":"ListItem","position":1,"name":"Trang ch\u1ee7","item":"https:\/\/nishiki-cycle.com\/demo\/"},{"@type":"ListItem","position":2,"name":"C\u1eeda h\u00e0ng","item":"https:\/\/nishiki-cycle.com\/demo\/cua-hang\/"},{"@type":"ListItem","position":3,"name":"Hublot Classic Fusion Green Titanium Diamonds 33mm"}]},{"@type":"WebSite","@id":"https:\/\/nishiki-cycle.com\/demo\/#website","url":"https:\/\/nishiki-cycle.com\/demo\/","name":"Phoenix Luxury","description":"","potentialAction":[{"@type":"SearchAction","target":{"@type":"EntryPoint","urlTemplate":"https:\/\/nishiki-cycle.com\/demo\/?s={search_term_string}"},"query-input":"required name=search_term_string"}],"inLanguage":"vi"}]}},"_links":{"self":[{"href":"https:\/\/nishiki-cycle.com\/demo\/wp-json\/wp\/v2\/product\/11540","targetHints":{"allow":["GET"]}}],"collection":[{"href":"https:\/\/nishiki-cycle.com\/demo\/wp-json\/wp\/v2\/product"}],"about":[{"href":"https:\/\/nishiki-cycle.com\/demo\/wp-json\/wp\/v2\/types\/product"}],"replies":[{"embeddable":true,"href":"https:\/\/nishiki-cycle.com\/demo\/wp-json\/wp\/v2\/comments?post=11540"}],"wp:featuredmedia":[{"embeddable":true,"href":"https:\/\/nishiki-cycle.com\/demo\/wp-json\/wp\/v2\/media\/11541"}],"wp:attachment":[{"href":"https:\/\/nishiki-cycle.com\/demo\/wp-json\/wp\/v2\/media?parent=11540"}],"wp:term":[{"taxonomy":"product_cat","embeddable":true,"href":"https:\/\/nishiki-cycle.com\/demo\/wp-json\/wp\/v2\/product_cat?post=11540"},{"taxonomy":"product_tag","embeddable":true,"href":"https:\/\/nishiki-cycle.com\/demo\/wp-json\/wp\/v2\/product_tag?post=11540"}],"curies":[{"name":"wp","href":"https:\/\/api.w.org\/{rel}","templated":true}]}}