{"id":11580,"date":"2024-01-16T17:50:05","date_gmt":"2024-01-16T17:50:05","guid":{"rendered":"https:\/\/nishiki-cycle.com\/demo\/?post_type=product&#038;p=11580"},"modified":"2024-01-16T18:11:19","modified_gmt":"2024-01-16T18:11:19","slug":"hublot-classic-fusion-king-gold-blue-38mm","status":"publish","type":"product","link":"https:\/\/nishiki-cycle.com\/demo\/san-pham\/hublot-classic-fusion-king-gold-blue-38mm\/","title":{"rendered":"Hublot Classic Fusion King Gold Blue 38mm"},"content":{"rendered":"<p><img fetchpriority=\"high\" decoding=\"async\" class=\"size-medium wp-image-11581 aligncenter\" src=\"https:\/\/nishiki-cycle.com\/demo\/wp-content\/uploads\/2024\/01\/1-29-300x300.jpg\" alt=\"\" width=\"300\" height=\"300\" srcset=\"https:\/\/nishiki-cycle.com\/demo\/wp-content\/uploads\/2024\/01\/1-29-300x300.jpg 300w, https:\/\/nishiki-cycle.com\/demo\/wp-content\/uploads\/2024\/01\/1-29-150x150.jpg 150w, https:\/\/nishiki-cycle.com\/demo\/wp-content\/uploads\/2024\/01\/1-29-768x768.jpg 768w, https:\/\/nishiki-cycle.com\/demo\/wp-content\/uploads\/2024\/01\/1-29-600x600.jpg 600w, https:\/\/nishiki-cycle.com\/demo\/wp-content\/uploads\/2024\/01\/1-29-100x100.jpg 100w, https:\/\/nishiki-cycle.com\/demo\/wp-content\/uploads\/2024\/01\/1-29.jpg 900w\" sizes=\"(max-width: 300px) 100vw, 300px\" \/><\/p>\n<p>Hublot Classic Fusion King Gold Blue 38mm c\u00f3 ch\u1ea5t li\u1ec7u v\u1ecf v\u00e0ng h\u1ed3ng 18k sang tr\u1ecdng, v\u00e0nh bezel thi\u1ebft k\u1ebf n\u1ed5i b\u1eadt v\u1edbi 6 v\u00edt c\u00e2n \u0111\u1ed1i, mang \u0111\u1ebfn c\u1ea3m nh\u1eadn ch\u1eafc kh\u1ecfe cho chi\u1ebfc \u0111\u1ed3ng h\u1ed3, \u0111i\u1ec3m nh\u1eadn di\u1ec7n \u0111\u1eb7c tr\u01b0ng c\u1ee7a nh\u1eefng m\u1eabu \u0111\u1ed3ng h\u1ed3 Hublot, d\u00e1ng v\u1ecf kh\u1ecfe kho\u1eafn, hai c\u00e0ng n\u1ed1i hai b\u00ean th\u00e2n v\u1ecf \u0111\u01b0\u1ee3c b\u1eaft v\u00edt, thi\u1ebft k\u1ebft s\u1eafc c\u1ea1nh \u00f4m v\u00e1t v\u00e0o c\u1ed5 tay ng\u01b0\u1eddi \u0111eo. \u0110\u1ed3ng h\u1ed3 th\u00e2n v\u1ecf b\u1eb1ng v\u00e0ng h\u1ed3ng th\u00ec m\u1eaft s\u1ed1 \u0111en huy\u1ec1n b\u00ed l\u00e0 m\u1ed9t s\u1ef1 k\u1ebft h\u1ee3p kh\u00f4ng th\u1ec3 ho\u00e0n h\u1ea3o h\u01a1n, \u1edf phi\u00ean b\u1ea3n n\u00e0y, d\u01b0\u1edbi l\u1edbp k\u00ednh sapphire l\u00e0 m\u1eb7t s\u1ed1 \u0111\u1ed3ng h\u1ed3 hi\u1ec7n l\u00ean v\u1edbi gam m\u00e0u \u0111en tuy\u1ec1n n\u1ed5i b\u1eadt, chi c\u00e1c chi ti\u1ebft tr\u00ean m\u1eb7t s\u1ed1 nh\u01b0 c\u1ecdc s\u1ed1 ch\u1ea3i tia, b\u1ed9 kim d\u00e1ng g\u1eady ch\u1ec9 b\u00e1o gi\u1edd \u0111\u1ec1u \u0111\u01b0\u1ee3c thi\u1ebft k\u1ebf v\u00e1t g\u1ecdn, t\u1ea1o \u0111i\u1ec3m nh\u1ea5n r\u00f5 n\u00e9t, c\u00f9ng v\u1edbi \u0111\u00f3 l\u00e0 t\u00ean c\u1ee7a th\u01b0\u01a1ng hi\u1ec7u \u0111\u1ec1u \u0111\u01b0\u1ee3c l\u00e0m t\u1eeb ch\u1ea5t li\u1ec7u v\u00e0ng h\u1ed3ng l\u00e0m t\u00f4n n\u00ean v\u1ebb \u0111\u1eb9p t\u1ed5ng th\u1ec3 c\u1ee7a chi\u1ebfc \u0111\u1ed3ng h\u1ed3 kh\u00e1 nhi\u1ec1u l\u1ea7n. Tr\u00ean m\u1eb7t s\u1ed1 c\u1ee7a \u0111\u1ed3ng h\u1ed3, ng\u01b0\u1eddi \u0111eo c\u00f3 th\u1ec3 d\u1ec5 d\u00e0ng quan s\u00e1t l\u1ecbch ng\u00e0y qua \u1ed5 c\u1eeda s\u1ed5 nh\u1ecf \u0111\u01b0\u1ee3c hi\u1ec7n th\u1ecb v\u1ecb tr\u00ed g\u00f3c 3h v\u1edbi v\u00e0nh ch\u1ea1y l\u1ecbch m\u00e0u tr\u1eafng.<\/p>\n<p>M\u1ed9t chi\u1ebfc \u0111\u1ed3ng h\u1ed3 v\u1edbi d\u00e1ng v\u1ecf thi\u1ebft k\u1ebf th\u1ec3 thao, ch\u1ea5t li\u1ec7u cao c\u1ea5p th\u00ec kh\u00f4ng th\u1ec3 thi\u1ebfu m\u1ed9t c\u1ed7 m\u00e1y v\u1eadn h\u00e0nh b\u1ec1n b\u1ec9. Trong l\u1edbp v\u1ecf b\u1eb1ng v\u00e0ng h\u1ed3ng 18k \u1edf phi\u00ean b\u1ea3n <strong><a title=\"\u0111\u1ed3ng h\u1ed3 Hublot\" href=\"https:\/\/nishiki-cycle.com\/demo\/danh-muc-san-pham\/hublot\/\" target=\"_blank\" rel=\"noopener\">\u0111\u1ed3ng h\u1ed3 Hublot<\/a><\/strong>\u00a0Classic Fusion m\u00e3 hi\u1ec7u 565.OX.7180.RX l\u00e0 c\u1ed7 m\u00e1y l\u00ean c\u00f3t t\u1ef1 \u0111\u1ed9ng Hublot Caliber HUB1110 v\u1edbi 63 chi ti\u1ebft m\u00e1y, 21 ch\u00e2n k\u00ednh, dao \u0111\u1ed9ng \u1edf t\u1ea7n s\u1ed1 4Hz ( 28.800 vph) cho th\u1eddi l\u01b0\u1ee3ng tr\u1eef c\u00f3t l\u00ean \u0111\u1ebfn 42h.<\/p>\n<p>Hublot Classic Fusion King Gold Blue 38mm c\u00f2n \u0111\u01b0\u1ee3c \u0111\u00e1nh gi\u00e1 cao b\u1edfi chi\u1ebfc kh\u00f3a g\u1ea5p v\u1edbi thi\u1ebft k\u1ebf r\u1ea5t \u0111\u1eb9p v\u00e0 sang tr\u1ecdng, khi \u0111eo l\u00ean tay ch\u1ec9 l\u1ed9 ra m\u1ed9t ph\u1ea7n nh\u1ecf kh\u00f3a c\u0169ng b\u1eb1ng ch\u1ea5t li\u1ec7u v\u00e0ng h\u1ed3ng c\u00f3 t\u00ean th\u01b0\u01a1ng hi\u1ec7u Hublot kh\u1eafc \u1edf ph\u00eda tr\u00ean r\u1ea5t \u0111\u1eb9p m\u1eaft.<\/p>\n","protected":false},"excerpt":{"rendered":"<p>Hublot Classic Fusion King Gold Blue 38mm c\u00f3 ch\u1ea5t li\u1ec7u v\u1ecf v\u00e0ng h\u1ed3ng 18k sang tr\u1ecdng, v\u00e0nh bezel thi\u1ebft k\u1ebf n\u1ed5i b\u1eadt v\u1edbi 6 v\u00edt c\u00e2n \u0111\u1ed1i, mang \u0111\u1ebfn c\u1ea3m nh\u1eadn ch\u1eafc kh\u1ecfe cho chi\u1ebfc \u0111\u1ed3ng h\u1ed3, \u0111i\u1ec3m nh\u1eadn di\u1ec7n &hellip; <a href=\"https:\/\/nishiki-cycle.com\/demo\/san-pham\/hublot-classic-fusion-king-gold-blue-38mm\/\">Readmore<\/a><\/p>\n","protected":false},"featured_media":11581,"comment_status":"open","ping_status":"closed","template":"","meta":[],"product_cat":[332,333,195,320,336],"product_tag":[],"class_list":["post-11580","product","type-product","status-publish","has-post-thumbnail","hentry","product_cat-36mm-38mm","product_cat-38mm-40mm","product_cat-mens-watches","product_cat-hublot","product_cat-vang-hong-18k","product_brand-hublot"],"yoast_head":"<!-- This site is optimized with the Yoast SEO plugin v21.6 - https:\/\/yoast.com\/wordpress\/plugins\/seo\/ -->\n<title>Hublot Classic Fusion King Gold Blue 38mm - Phoenix Luxury<\/title>\n<meta name=\"description\" content=\"Hublot Classic Fusion King Gold Blue 38mm c\u00f3 ch\u1ea5t li\u1ec7u v\u1ecf v\u00e0ng h\u1ed3ng 18k sang tr\u1ecdng, v\u00e0nh bezel thi\u1ebft k\u1ebf n\u1ed5i b\u1eadt v\u1edbi 6 v\u00edt c\u00e2n \u0111\u1ed1i.\" \/>\n<meta name=\"robots\" content=\"index, follow, max-snippet:-1, max-image-preview:large, max-video-preview:-1\" \/>\n<link rel=\"canonical\" href=\"https:\/\/nishiki-cycle.com\/demo\/san-pham\/hublot-classic-fusion-king-gold-blue-38mm\/\" \/>\n<meta property=\"og:locale\" content=\"vi_VN\" \/>\n<meta property=\"og:type\" content=\"article\" \/>\n<meta property=\"og:title\" content=\"Hublot Classic Fusion King Gold Blue 38mm - Phoenix Luxury\" \/>\n<meta property=\"og:description\" content=\"Hublot Classic Fusion King Gold Blue 38mm c\u00f3 ch\u1ea5t li\u1ec7u v\u1ecf v\u00e0ng h\u1ed3ng 18k sang tr\u1ecdng, v\u00e0nh bezel thi\u1ebft k\u1ebf n\u1ed5i b\u1eadt v\u1edbi 6 v\u00edt c\u00e2n \u0111\u1ed1i.\" \/>\n<meta property=\"og:url\" content=\"https:\/\/nishiki-cycle.com\/demo\/san-pham\/hublot-classic-fusion-king-gold-blue-38mm\/\" \/>\n<meta property=\"og:site_name\" content=\"Phoenix Luxury\" \/>\n<meta property=\"article:modified_time\" content=\"2024-01-16T18:11:19+00:00\" \/>\n<meta property=\"og:image\" content=\"https:\/\/nishiki-cycle.com\/demo\/wp-content\/uploads\/2024\/01\/1-29.jpg\" \/>\n\t<meta property=\"og:image:width\" content=\"900\" \/>\n\t<meta property=\"og:image:height\" content=\"900\" \/>\n\t<meta property=\"og:image:type\" content=\"image\/jpeg\" \/>\n<meta name=\"twitter:card\" content=\"summary_large_image\" \/>\n<meta name=\"twitter:label1\" content=\"\u01af\u1edbc t\u00ednh th\u1eddi gian \u0111\u1ecdc\" \/>\n\t<meta name=\"twitter:data1\" content=\"3 ph\u00fat\" \/>\n<script type=\"application\/ld+json\" class=\"yoast-schema-graph\">{\"@context\":\"https:\/\/schema.org\",\"@graph\":[{\"@type\":\"WebPage\",\"@id\":\"https:\/\/nishiki-cycle.com\/demo\/san-pham\/hublot-classic-fusion-king-gold-blue-38mm\/\",\"url\":\"https:\/\/nishiki-cycle.com\/demo\/san-pham\/hublot-classic-fusion-king-gold-blue-38mm\/\",\"name\":\"Hublot Classic Fusion King Gold Blue 38mm - Phoenix Luxury\",\"isPartOf\":{\"@id\":\"https:\/\/nishiki-cycle.com\/demo\/#website\"},\"datePublished\":\"2024-01-16T17:50:05+00:00\",\"dateModified\":\"2024-01-16T18:11:19+00:00\",\"description\":\"Hublot Classic Fusion King Gold Blue 38mm c\u00f3 ch\u1ea5t li\u1ec7u v\u1ecf v\u00e0ng h\u1ed3ng 18k sang tr\u1ecdng, v\u00e0nh bezel thi\u1ebft k\u1ebf n\u1ed5i b\u1eadt v\u1edbi 6 v\u00edt c\u00e2n \u0111\u1ed1i.\",\"breadcrumb\":{\"@id\":\"https:\/\/nishiki-cycle.com\/demo\/san-pham\/hublot-classic-fusion-king-gold-blue-38mm\/#breadcrumb\"},\"inLanguage\":\"vi\",\"potentialAction\":[{\"@type\":\"ReadAction\",\"target\":[\"https:\/\/nishiki-cycle.com\/demo\/san-pham\/hublot-classic-fusion-king-gold-blue-38mm\/\"]}]},{\"@type\":\"BreadcrumbList\",\"@id\":\"https:\/\/nishiki-cycle.com\/demo\/san-pham\/hublot-classic-fusion-king-gold-blue-38mm\/#breadcrumb\",\"itemListElement\":[{\"@type\":\"ListItem\",\"position\":1,\"name\":\"Trang ch\u1ee7\",\"item\":\"https:\/\/nishiki-cycle.com\/demo\/\"},{\"@type\":\"ListItem\",\"position\":2,\"name\":\"C\u1eeda h\u00e0ng\",\"item\":\"https:\/\/nishiki-cycle.com\/demo\/cua-hang\/\"},{\"@type\":\"ListItem\",\"position\":3,\"name\":\"Hublot Classic Fusion King Gold Blue 38mm\"}]},{\"@type\":\"WebSite\",\"@id\":\"https:\/\/nishiki-cycle.com\/demo\/#website\",\"url\":\"https:\/\/nishiki-cycle.com\/demo\/\",\"name\":\"Phoenix Luxury\",\"description\":\"\",\"potentialAction\":[{\"@type\":\"SearchAction\",\"target\":{\"@type\":\"EntryPoint\",\"urlTemplate\":\"https:\/\/nishiki-cycle.com\/demo\/?s={search_term_string}\"},\"query-input\":\"required name=search_term_string\"}],\"inLanguage\":\"vi\"}]}<\/script>\n<!-- \/ Yoast SEO plugin. -->","yoast_head_json":{"title":"Hublot Classic Fusion King Gold Blue 38mm - Phoenix Luxury","description":"Hublot Classic Fusion King Gold Blue 38mm c\u00f3 ch\u1ea5t li\u1ec7u v\u1ecf v\u00e0ng h\u1ed3ng 18k sang tr\u1ecdng, v\u00e0nh bezel thi\u1ebft k\u1ebf n\u1ed5i b\u1eadt v\u1edbi 6 v\u00edt c\u00e2n \u0111\u1ed1i.","robots":{"index":"index","follow":"follow","max-snippet":"max-snippet:-1","max-image-preview":"max-image-preview:large","max-video-preview":"max-video-preview:-1"},"canonical":"https:\/\/nishiki-cycle.com\/demo\/san-pham\/hublot-classic-fusion-king-gold-blue-38mm\/","og_locale":"vi_VN","og_type":"article","og_title":"Hublot Classic Fusion King Gold Blue 38mm - Phoenix Luxury","og_description":"Hublot Classic Fusion King Gold Blue 38mm c\u00f3 ch\u1ea5t li\u1ec7u v\u1ecf v\u00e0ng h\u1ed3ng 18k sang tr\u1ecdng, v\u00e0nh bezel thi\u1ebft k\u1ebf n\u1ed5i b\u1eadt v\u1edbi 6 v\u00edt c\u00e2n \u0111\u1ed1i.","og_url":"https:\/\/nishiki-cycle.com\/demo\/san-pham\/hublot-classic-fusion-king-gold-blue-38mm\/","og_site_name":"Phoenix Luxury","article_modified_time":"2024-01-16T18:11:19+00:00","og_image":[{"width":900,"height":900,"url":"https:\/\/nishiki-cycle.com\/demo\/wp-content\/uploads\/2024\/01\/1-29.jpg","type":"image\/jpeg"}],"twitter_card":"summary_large_image","twitter_misc":{"\u01af\u1edbc t\u00ednh th\u1eddi gian \u0111\u1ecdc":"3 ph\u00fat"},"schema":{"@context":"https:\/\/schema.org","@graph":[{"@type":"WebPage","@id":"https:\/\/nishiki-cycle.com\/demo\/san-pham\/hublot-classic-fusion-king-gold-blue-38mm\/","url":"https:\/\/nishiki-cycle.com\/demo\/san-pham\/hublot-classic-fusion-king-gold-blue-38mm\/","name":"Hublot Classic Fusion King Gold Blue 38mm - Phoenix Luxury","isPartOf":{"@id":"https:\/\/nishiki-cycle.com\/demo\/#website"},"datePublished":"2024-01-16T17:50:05+00:00","dateModified":"2024-01-16T18:11:19+00:00","description":"Hublot Classic Fusion King Gold Blue 38mm c\u00f3 ch\u1ea5t li\u1ec7u v\u1ecf v\u00e0ng h\u1ed3ng 18k sang tr\u1ecdng, v\u00e0nh bezel thi\u1ebft k\u1ebf n\u1ed5i b\u1eadt v\u1edbi 6 v\u00edt c\u00e2n \u0111\u1ed1i.","breadcrumb":{"@id":"https:\/\/nishiki-cycle.com\/demo\/san-pham\/hublot-classic-fusion-king-gold-blue-38mm\/#breadcrumb"},"inLanguage":"vi","potentialAction":[{"@type":"ReadAction","target":["https:\/\/nishiki-cycle.com\/demo\/san-pham\/hublot-classic-fusion-king-gold-blue-38mm\/"]}]},{"@type":"BreadcrumbList","@id":"https:\/\/nishiki-cycle.com\/demo\/san-pham\/hublot-classic-fusion-king-gold-blue-38mm\/#breadcrumb","itemListElement":[{"@type":"ListItem","position":1,"name":"Trang ch\u1ee7","item":"https:\/\/nishiki-cycle.com\/demo\/"},{"@type":"ListItem","position":2,"name":"C\u1eeda h\u00e0ng","item":"https:\/\/nishiki-cycle.com\/demo\/cua-hang\/"},{"@type":"ListItem","position":3,"name":"Hublot Classic Fusion King Gold Blue 38mm"}]},{"@type":"WebSite","@id":"https:\/\/nishiki-cycle.com\/demo\/#website","url":"https:\/\/nishiki-cycle.com\/demo\/","name":"Phoenix Luxury","description":"","potentialAction":[{"@type":"SearchAction","target":{"@type":"EntryPoint","urlTemplate":"https:\/\/nishiki-cycle.com\/demo\/?s={search_term_string}"},"query-input":"required name=search_term_string"}],"inLanguage":"vi"}]}},"_links":{"self":[{"href":"https:\/\/nishiki-cycle.com\/demo\/wp-json\/wp\/v2\/product\/11580","targetHints":{"allow":["GET"]}}],"collection":[{"href":"https:\/\/nishiki-cycle.com\/demo\/wp-json\/wp\/v2\/product"}],"about":[{"href":"https:\/\/nishiki-cycle.com\/demo\/wp-json\/wp\/v2\/types\/product"}],"replies":[{"embeddable":true,"href":"https:\/\/nishiki-cycle.com\/demo\/wp-json\/wp\/v2\/comments?post=11580"}],"wp:featuredmedia":[{"embeddable":true,"href":"https:\/\/nishiki-cycle.com\/demo\/wp-json\/wp\/v2\/media\/11581"}],"wp:attachment":[{"href":"https:\/\/nishiki-cycle.com\/demo\/wp-json\/wp\/v2\/media?parent=11580"}],"wp:term":[{"taxonomy":"product_cat","embeddable":true,"href":"https:\/\/nishiki-cycle.com\/demo\/wp-json\/wp\/v2\/product_cat?post=11580"},{"taxonomy":"product_tag","embeddable":true,"href":"https:\/\/nishiki-cycle.com\/demo\/wp-json\/wp\/v2\/product_tag?post=11580"}],"curies":[{"name":"wp","href":"https:\/\/api.w.org\/{rel}","templated":true}]}}