{"id":11585,"date":"2024-01-16T18:08:53","date_gmt":"2024-01-16T18:08:53","guid":{"rendered":"https:\/\/nishiki-cycle.com\/demo\/?post_type=product&#038;p=11585"},"modified":"2024-01-16T18:12:14","modified_gmt":"2024-01-16T18:12:14","slug":"hublot-classic-fusion-king-gold-diamonds-33mm-2","status":"publish","type":"product","link":"https:\/\/nishiki-cycle.com\/demo\/san-pham\/hublot-classic-fusion-king-gold-diamonds-33mm-2\/","title":{"rendered":"Hublot Classic Fusion King Gold Diamonds 33mm"},"content":{"rendered":"<p><img fetchpriority=\"high\" decoding=\"async\" class=\"size-medium wp-image-11586 aligncenter\" src=\"https:\/\/nishiki-cycle.com\/demo\/wp-content\/uploads\/2024\/01\/1-30-300x300.jpg\" alt=\"\" width=\"300\" height=\"300\" srcset=\"https:\/\/nishiki-cycle.com\/demo\/wp-content\/uploads\/2024\/01\/1-30-300x300.jpg 300w, https:\/\/nishiki-cycle.com\/demo\/wp-content\/uploads\/2024\/01\/1-30-150x150.jpg 150w, https:\/\/nishiki-cycle.com\/demo\/wp-content\/uploads\/2024\/01\/1-30-768x768.jpg 768w, https:\/\/nishiki-cycle.com\/demo\/wp-content\/uploads\/2024\/01\/1-30-600x600.jpg 600w, https:\/\/nishiki-cycle.com\/demo\/wp-content\/uploads\/2024\/01\/1-30-100x100.jpg 100w, https:\/\/nishiki-cycle.com\/demo\/wp-content\/uploads\/2024\/01\/1-30.jpg 900w\" sizes=\"(max-width: 300px) 100vw, 300px\" \/><\/p>\n<p>Hublot Classic Fusion King Gold Diamonds 33mm l\u1edbp v\u1ecf \u0111\u1ed3ng h\u1ed3 33mm \u0111\u01b0\u1ee3c ch\u1ebf t\u00e1c t\u1eeb ch\u1ea5t li\u1ec7u v\u00e0ng h\u1ed3ng king gold 18k mang \u0111\u1ebfn \u00e1nh v\u00e0ng v\u00f4 c\u00f9ng \u0111\u1eb9p m\u1eaft. T\u00f4 \u0111i\u1ec3m cho \u0111\u1ed3ng h\u1ed3 36 vi\u00ean kim c\u01b0\u01a1ng v\u1edbi t\u1ed5ng kh\u1ed1i l\u01b0\u1ee3ng 0.8ct \u0111\u01b0\u1ee3c n\u1ea1m tr\u00ean v\u00e0nh bezel. \u0110\u1eb7c bi\u1ec7t, v\u1edbi k\u00edch th\u01b0\u1edbc ch\u1ec9 33mm th\u00ec d\u01b0\u1eddng nh\u01b0 chi\u1ebfc \u0111\u1ed3ng h\u1ed3 n\u00e0y c\u00f2n mang \u0111\u1ebfn s\u1ef1 v\u1eeba v\u1eb7n tuy\u1ec7t \u0111\u1ed1i v\u1edbi c\u1ed5 tay ph\u00e1i \u0111\u1eb9p, nh\u1ea5t l\u00e0 \u0111\u1ed1i v\u1edbi c\u1ed5 tay ph\u1ee5 n\u1eef Ch\u00e2u \u00c1.<\/p>\n<p>M\u1ed9t \u0111i\u1ec3m \u0111\u1eb7c bi\u1ec7t tr\u00ean chi\u1ebfc \u0111\u1ed3ng h\u1ed3 n\u00e0y l\u00e0 xuy\u00ean su\u1ed1t t\u1eeb m\u1eb7t s\u1ed1 cho \u0111\u1ebfn d\u00e2y \u0111eo l\u00e0 s\u1eafc xanh olive v\u00f4 c\u00f9ng \u0111\u1ed9c \u0111\u00e1o. V\u00ec \u0111\u00e2y l\u00e0 m\u1ed9t s\u1eafc m\u00e0u m\u1edbi n\u00ean s\u1ef1 xu\u1ea5t hi\u1ec7n c\u1ee7a \u0111\u1ed3ng h\u1ed3 nh\u01b0 mang \u0111\u1ebfn m\u1ed9t \u0111i\u1ec3m nh\u1ea5n \u1ea5n t\u01b0\u1ee3ng h\u01a1n n\u1eefa tr\u00ean c\u1ed5 tay ph\u00e1i \u0111\u1eb9p.<\/p>\n<p>Duy tr\u00ec phong c\u00e1ch thi\u1ebft k\u1ebf t\u1ed1i gi\u1ea3n tr\u00ean m\u1eb7t s\u1ed1 \u0111\u1ed3ng h\u1ed3, m\u1eb7t s\u1ed1 m\u00e0u \u0111en \u0111\u01b0\u1ee3c ho\u00e0n thi\u1ec7n v\u1edbi h\u1ecda ti\u1ebft ch\u1ea3i tia v\u00e0 \u0111\u01b0\u1ee3c trang b\u1ecb v\u1edbi b\u1ed9 kim ch\u1ec9 gi\u1edd pencil b\u1eb1ng v\u00e0ng. C\u00e1c v\u1ea1ch ch\u1ec9 gi\u1edd t\u1ea1i s\u00e1t vi\u1ec1n v\u1ecf c\u0169ng \u0111\u01b0\u1ee3c ch\u1ebf t\u00e1c t\u1eeb v\u00e0ng mang \u0111\u1ebfn \u0111\u1ed9 t\u01b0\u01a1ng ph\u1ea3n \u1ea5n t\u01b0\u1ee3ng tr\u00ean m\u1eb7t s\u1ed1. M\u1ed9t \u00f4 c\u1eeda s\u1ed5 nh\u1ecf t\u1ea1i v\u1ecb tr\u00ed 3 gi\u1edd s\u1ebd cho ng\u01b0\u1eddi d\u00f9ng nh\u1eadn bi\u1ebft ch\u00ednh x\u00e1c th\u1eddi gian ng\u00e0y hi\u1ec7n t\u1ea1i.<\/p>\n<p>Hublot Classic Fusion King Gold Diamonds 33mm \u0111\u01b0\u1ee3c cung c\u1ea5p s\u1ee9c m\u1ea1nh b\u1edfi b\u1ed9 m\u00e1y th\u1ea1ch anh (Quartz) cho kh\u1ea3 n\u0103ng d\u1ef1 tr\u1eef n\u0103ng l\u01b0\u1ee3ng b\u1ec1n b\u1ec9 t\u1eeb 3 \u0111\u1ebfn 5 n\u0103m. \u0110i\u1ec1u n\u00e0y c\u00f3 ngh\u0129a r\u1eb1ng, chi\u1ebfc \u0111\u1ed3ng h\u1ed3 n\u00e0y s\u1ebd s\u1ebd v\u1eadn h\u00e0nh ch\u00ednh x\u00e1c m\u00e0 kh\u00f4ng c\u1ea7n \u0111i\u1ec1u ch\u1ec9nh b\u1ea5t k\u00ec \u0111i\u1ec1u g\u00ec. V\u00e0 khi \u0111\u1ed3ng h\u1ed3 h\u1ebft pin, ng\u01b0\u1eddi d\u00f9ng ch\u1ec9 c\u1ea7n thay pin cho \u0111\u1ed3ng h\u1ed3 v\u00e0 ti\u1ebfp t\u1ee5c s\u1eed d\u1ee5ng. Cu\u1ed1i c\u00f9ng, \u0111\u1ed3ng h\u1ed3 \u0111\u01b0\u1ee3c trang b\u1ecb v\u1edbi d\u00e2y \u0111eo cao su mang \u0111\u1ebfn c\u1ea3m gi\u00e1c v\u00f4 c\u00f9ng tho\u1ea3i m\u00e1i tr\u00ean c\u1ed5 tay ph\u00e1i \u0111\u1eb9p.<\/p>\n","protected":false},"excerpt":{"rendered":"<p>M\u00e3: 581.OX.1181.RX.1104<\/p>\n<p>Xu\u1ea5t x\u1ee9: Th\u1ee5y S\u0129<\/p>\n<p>K\u00edch th\u01b0\u1edbc: 33mm<\/p>\n<p>Ch\u1ea5t li\u1ec7u: V\u00e0ng h\u1ed3ng King Gold 18k<\/p>\n<p>Bezel: V\u00e0ng h\u1ed3ng King Gold 18k<\/p>\n<p>K\u00ednh: Sapphire<\/p>\n<p>M\u1eb7t s\u1ed1: M\u00e0u \u0111en<\/p>\n<p>B\u1ed9 m\u00e1y: HUB2912 Quartz<\/p>\n<p>Ch\u1ee9c n\u0103ng: Gi\u1edd, ph\u00fat, gi\u00e2y, ng\u00e0y,<\/p>\n<p>Kh\u00e1ng n\u01b0\u1edbc: 100m (ATM)<\/p>\n<p>D\u00e2y \u0111eo: Da cao su<\/p>\n","protected":false},"featured_media":11586,"comment_status":"open","ping_status":"closed","template":"","meta":[],"product_cat":[242,331,320,336],"product_tag":[],"class_list":["post-11585","product","type-product","status-publish","has-post-thumbnail","hentry","product_cat-womens-watches","product_cat-duoi-36mm","product_cat-hublot","product_cat-vang-hong-18k","product_brand-hublot"],"yoast_head":"<!-- This site is optimized with the Yoast SEO plugin v21.6 - https:\/\/yoast.com\/wordpress\/plugins\/seo\/ -->\n<title>Hublot Classic Fusion King Gold Diamonds 33mm - Phoenix Luxury<\/title>\n<meta name=\"description\" content=\"Hublot Classic Fusion King Gold Diamonds 33mm c\u00f3 l\u1edbp v\u1ecf \u0111\u1ed3ng h\u1ed3 \u0111\u01b0\u1ee3c ch\u1ebf t\u00e1c t\u1eeb ch\u1ea5t li\u1ec7u v\u00e0ng h\u1ed3ng king gold 18k mang \u0111\u1ebfn \u00e1nh v\u00e0ng v\u00f4 c\u00f9ng \u0111\u1eb9p m\u1eaft.\" \/>\n<meta name=\"robots\" content=\"index, follow, max-snippet:-1, max-image-preview:large, max-video-preview:-1\" \/>\n<link rel=\"canonical\" href=\"https:\/\/nishiki-cycle.com\/demo\/san-pham\/hublot-classic-fusion-king-gold-diamonds-33mm-2\/\" \/>\n<meta property=\"og:locale\" content=\"vi_VN\" \/>\n<meta property=\"og:type\" content=\"article\" \/>\n<meta property=\"og:title\" content=\"Hublot Classic Fusion King Gold Diamonds 33mm - Phoenix Luxury\" \/>\n<meta property=\"og:description\" content=\"Hublot Classic Fusion King Gold Diamonds 33mm c\u00f3 l\u1edbp v\u1ecf \u0111\u1ed3ng h\u1ed3 \u0111\u01b0\u1ee3c ch\u1ebf t\u00e1c t\u1eeb ch\u1ea5t li\u1ec7u v\u00e0ng h\u1ed3ng king gold 18k mang \u0111\u1ebfn \u00e1nh v\u00e0ng v\u00f4 c\u00f9ng \u0111\u1eb9p m\u1eaft.\" \/>\n<meta property=\"og:url\" content=\"https:\/\/nishiki-cycle.com\/demo\/san-pham\/hublot-classic-fusion-king-gold-diamonds-33mm-2\/\" \/>\n<meta property=\"og:site_name\" content=\"Phoenix Luxury\" \/>\n<meta property=\"article:modified_time\" content=\"2024-01-16T18:12:14+00:00\" \/>\n<meta property=\"og:image\" content=\"https:\/\/nishiki-cycle.com\/demo\/wp-content\/uploads\/2024\/01\/1-30.jpg\" \/>\n\t<meta property=\"og:image:width\" content=\"900\" \/>\n\t<meta property=\"og:image:height\" content=\"900\" \/>\n\t<meta property=\"og:image:type\" content=\"image\/jpeg\" \/>\n<meta name=\"twitter:card\" content=\"summary_large_image\" \/>\n<meta name=\"twitter:label1\" content=\"\u01af\u1edbc t\u00ednh th\u1eddi gian \u0111\u1ecdc\" \/>\n\t<meta name=\"twitter:data1\" content=\"2 ph\u00fat\" \/>\n<script type=\"application\/ld+json\" class=\"yoast-schema-graph\">{\"@context\":\"https:\/\/schema.org\",\"@graph\":[{\"@type\":\"WebPage\",\"@id\":\"https:\/\/nishiki-cycle.com\/demo\/san-pham\/hublot-classic-fusion-king-gold-diamonds-33mm-2\/\",\"url\":\"https:\/\/nishiki-cycle.com\/demo\/san-pham\/hublot-classic-fusion-king-gold-diamonds-33mm-2\/\",\"name\":\"Hublot Classic Fusion King Gold Diamonds 33mm - Phoenix Luxury\",\"isPartOf\":{\"@id\":\"https:\/\/nishiki-cycle.com\/demo\/#website\"},\"datePublished\":\"2024-01-16T18:08:53+00:00\",\"dateModified\":\"2024-01-16T18:12:14+00:00\",\"description\":\"Hublot Classic Fusion King Gold Diamonds 33mm c\u00f3 l\u1edbp v\u1ecf \u0111\u1ed3ng h\u1ed3 \u0111\u01b0\u1ee3c ch\u1ebf t\u00e1c t\u1eeb ch\u1ea5t li\u1ec7u v\u00e0ng h\u1ed3ng king gold 18k mang \u0111\u1ebfn \u00e1nh v\u00e0ng v\u00f4 c\u00f9ng \u0111\u1eb9p m\u1eaft.\",\"breadcrumb\":{\"@id\":\"https:\/\/nishiki-cycle.com\/demo\/san-pham\/hublot-classic-fusion-king-gold-diamonds-33mm-2\/#breadcrumb\"},\"inLanguage\":\"vi\",\"potentialAction\":[{\"@type\":\"ReadAction\",\"target\":[\"https:\/\/nishiki-cycle.com\/demo\/san-pham\/hublot-classic-fusion-king-gold-diamonds-33mm-2\/\"]}]},{\"@type\":\"BreadcrumbList\",\"@id\":\"https:\/\/nishiki-cycle.com\/demo\/san-pham\/hublot-classic-fusion-king-gold-diamonds-33mm-2\/#breadcrumb\",\"itemListElement\":[{\"@type\":\"ListItem\",\"position\":1,\"name\":\"Trang ch\u1ee7\",\"item\":\"https:\/\/nishiki-cycle.com\/demo\/\"},{\"@type\":\"ListItem\",\"position\":2,\"name\":\"C\u1eeda h\u00e0ng\",\"item\":\"https:\/\/nishiki-cycle.com\/demo\/cua-hang\/\"},{\"@type\":\"ListItem\",\"position\":3,\"name\":\"Hublot Classic Fusion King Gold Diamonds 33mm\"}]},{\"@type\":\"WebSite\",\"@id\":\"https:\/\/nishiki-cycle.com\/demo\/#website\",\"url\":\"https:\/\/nishiki-cycle.com\/demo\/\",\"name\":\"Phoenix Luxury\",\"description\":\"\",\"potentialAction\":[{\"@type\":\"SearchAction\",\"target\":{\"@type\":\"EntryPoint\",\"urlTemplate\":\"https:\/\/nishiki-cycle.com\/demo\/?s={search_term_string}\"},\"query-input\":\"required name=search_term_string\"}],\"inLanguage\":\"vi\"}]}<\/script>\n<!-- \/ Yoast SEO plugin. -->","yoast_head_json":{"title":"Hublot Classic Fusion King Gold Diamonds 33mm - Phoenix Luxury","description":"Hublot Classic Fusion King Gold Diamonds 33mm c\u00f3 l\u1edbp v\u1ecf \u0111\u1ed3ng h\u1ed3 \u0111\u01b0\u1ee3c ch\u1ebf t\u00e1c t\u1eeb ch\u1ea5t li\u1ec7u v\u00e0ng h\u1ed3ng king gold 18k mang \u0111\u1ebfn \u00e1nh v\u00e0ng v\u00f4 c\u00f9ng \u0111\u1eb9p m\u1eaft.","robots":{"index":"index","follow":"follow","max-snippet":"max-snippet:-1","max-image-preview":"max-image-preview:large","max-video-preview":"max-video-preview:-1"},"canonical":"https:\/\/nishiki-cycle.com\/demo\/san-pham\/hublot-classic-fusion-king-gold-diamonds-33mm-2\/","og_locale":"vi_VN","og_type":"article","og_title":"Hublot Classic Fusion King Gold Diamonds 33mm - Phoenix Luxury","og_description":"Hublot Classic Fusion King Gold Diamonds 33mm c\u00f3 l\u1edbp v\u1ecf \u0111\u1ed3ng h\u1ed3 \u0111\u01b0\u1ee3c ch\u1ebf t\u00e1c t\u1eeb ch\u1ea5t li\u1ec7u v\u00e0ng h\u1ed3ng king gold 18k mang \u0111\u1ebfn \u00e1nh v\u00e0ng v\u00f4 c\u00f9ng \u0111\u1eb9p m\u1eaft.","og_url":"https:\/\/nishiki-cycle.com\/demo\/san-pham\/hublot-classic-fusion-king-gold-diamonds-33mm-2\/","og_site_name":"Phoenix Luxury","article_modified_time":"2024-01-16T18:12:14+00:00","og_image":[{"width":900,"height":900,"url":"https:\/\/nishiki-cycle.com\/demo\/wp-content\/uploads\/2024\/01\/1-30.jpg","type":"image\/jpeg"}],"twitter_card":"summary_large_image","twitter_misc":{"\u01af\u1edbc t\u00ednh th\u1eddi gian \u0111\u1ecdc":"2 ph\u00fat"},"schema":{"@context":"https:\/\/schema.org","@graph":[{"@type":"WebPage","@id":"https:\/\/nishiki-cycle.com\/demo\/san-pham\/hublot-classic-fusion-king-gold-diamonds-33mm-2\/","url":"https:\/\/nishiki-cycle.com\/demo\/san-pham\/hublot-classic-fusion-king-gold-diamonds-33mm-2\/","name":"Hublot Classic Fusion King Gold Diamonds 33mm - Phoenix Luxury","isPartOf":{"@id":"https:\/\/nishiki-cycle.com\/demo\/#website"},"datePublished":"2024-01-16T18:08:53+00:00","dateModified":"2024-01-16T18:12:14+00:00","description":"Hublot Classic Fusion King Gold Diamonds 33mm c\u00f3 l\u1edbp v\u1ecf \u0111\u1ed3ng h\u1ed3 \u0111\u01b0\u1ee3c ch\u1ebf t\u00e1c t\u1eeb ch\u1ea5t li\u1ec7u v\u00e0ng h\u1ed3ng king gold 18k mang \u0111\u1ebfn \u00e1nh v\u00e0ng v\u00f4 c\u00f9ng \u0111\u1eb9p m\u1eaft.","breadcrumb":{"@id":"https:\/\/nishiki-cycle.com\/demo\/san-pham\/hublot-classic-fusion-king-gold-diamonds-33mm-2\/#breadcrumb"},"inLanguage":"vi","potentialAction":[{"@type":"ReadAction","target":["https:\/\/nishiki-cycle.com\/demo\/san-pham\/hublot-classic-fusion-king-gold-diamonds-33mm-2\/"]}]},{"@type":"BreadcrumbList","@id":"https:\/\/nishiki-cycle.com\/demo\/san-pham\/hublot-classic-fusion-king-gold-diamonds-33mm-2\/#breadcrumb","itemListElement":[{"@type":"ListItem","position":1,"name":"Trang ch\u1ee7","item":"https:\/\/nishiki-cycle.com\/demo\/"},{"@type":"ListItem","position":2,"name":"C\u1eeda h\u00e0ng","item":"https:\/\/nishiki-cycle.com\/demo\/cua-hang\/"},{"@type":"ListItem","position":3,"name":"Hublot Classic Fusion King Gold Diamonds 33mm"}]},{"@type":"WebSite","@id":"https:\/\/nishiki-cycle.com\/demo\/#website","url":"https:\/\/nishiki-cycle.com\/demo\/","name":"Phoenix Luxury","description":"","potentialAction":[{"@type":"SearchAction","target":{"@type":"EntryPoint","urlTemplate":"https:\/\/nishiki-cycle.com\/demo\/?s={search_term_string}"},"query-input":"required name=search_term_string"}],"inLanguage":"vi"}]}},"_links":{"self":[{"href":"https:\/\/nishiki-cycle.com\/demo\/wp-json\/wp\/v2\/product\/11585","targetHints":{"allow":["GET"]}}],"collection":[{"href":"https:\/\/nishiki-cycle.com\/demo\/wp-json\/wp\/v2\/product"}],"about":[{"href":"https:\/\/nishiki-cycle.com\/demo\/wp-json\/wp\/v2\/types\/product"}],"replies":[{"embeddable":true,"href":"https:\/\/nishiki-cycle.com\/demo\/wp-json\/wp\/v2\/comments?post=11585"}],"wp:featuredmedia":[{"embeddable":true,"href":"https:\/\/nishiki-cycle.com\/demo\/wp-json\/wp\/v2\/media\/11586"}],"wp:attachment":[{"href":"https:\/\/nishiki-cycle.com\/demo\/wp-json\/wp\/v2\/media?parent=11585"}],"wp:term":[{"taxonomy":"product_cat","embeddable":true,"href":"https:\/\/nishiki-cycle.com\/demo\/wp-json\/wp\/v2\/product_cat?post=11585"},{"taxonomy":"product_tag","embeddable":true,"href":"https:\/\/nishiki-cycle.com\/demo\/wp-json\/wp\/v2\/product_tag?post=11585"}],"curies":[{"name":"wp","href":"https:\/\/api.w.org\/{rel}","templated":true}]}}