{"id":11626,"date":"2024-01-19T20:20:12","date_gmt":"2024-01-19T20:20:12","guid":{"rendered":"https:\/\/nishiki-cycle.com\/demo\/?post_type=product&#038;p=11626"},"modified":"2024-01-19T20:20:13","modified_gmt":"2024-01-19T20:20:13","slug":"hublot-classic-fusion-orlinski-king-gold-white-40mm","status":"publish","type":"product","link":"https:\/\/nishiki-cycle.com\/demo\/san-pham\/hublot-classic-fusion-orlinski-king-gold-white-40mm\/","title":{"rendered":"Hublot Classic Fusion Orlinski King Gold White 40mm"},"content":{"rendered":"<p><img fetchpriority=\"high\" decoding=\"async\" class=\"size-medium wp-image-11627 aligncenter\" src=\"https:\/\/nishiki-cycle.com\/demo\/wp-content\/uploads\/2024\/01\/1-36-300x300.jpg\" alt=\"\" width=\"300\" height=\"300\" srcset=\"https:\/\/nishiki-cycle.com\/demo\/wp-content\/uploads\/2024\/01\/1-36-300x300.jpg 300w, https:\/\/nishiki-cycle.com\/demo\/wp-content\/uploads\/2024\/01\/1-36-150x150.jpg 150w, https:\/\/nishiki-cycle.com\/demo\/wp-content\/uploads\/2024\/01\/1-36-768x768.jpg 768w, https:\/\/nishiki-cycle.com\/demo\/wp-content\/uploads\/2024\/01\/1-36-600x600.jpg 600w, https:\/\/nishiki-cycle.com\/demo\/wp-content\/uploads\/2024\/01\/1-36-100x100.jpg 100w, https:\/\/nishiki-cycle.com\/demo\/wp-content\/uploads\/2024\/01\/1-36.jpg 900w\" sizes=\"(max-width: 300px) 100vw, 300px\" \/><\/p>\n<p>T\u01b0\u1ee3ng tr\u01b0ng cho c\u00e1c n\u1ebfp g\u1ea5p \u0111\u1eb7c tr\u01b0ng trong c\u00e1c t\u00e1c ph\u1ea9m ho\u00e0nh tr\u00e1ng, c\u00e1c c\u1ea1nh, v\u00e1t v\u00e0 m\u1eb7t c\u1ee7a n\u00f3 \u0111\u00e3 \u0111\u01b0\u1ee3c thu nh\u1ecf v\u1edbi \u0111\u1ed9 ch\u00ednh x\u00e1c kinh kh\u1ee7ng \u0111\u1ec3 t\u1ea1o hi\u1ec7u \u1ee9ng g\u01b0\u01a1ng tr\u00ean m\u1eb7t s\u1ed1.\u00a0D\u00e2y \u0111eo b\u00ean d\u01b0\u1edbi b\u1eb1ng cao su \u0111en m\u1edd t\u1ea1o ra m\u1ed9t s\u1ef1 t\u01b0\u01a1ng ph\u1ea3n \u0111\u00e1ng kinh ng\u1ea1c.\u00a0C\u00f2n g\u00ec tuy\u1ec7t v\u1eddi h\u01a1n vi\u00ean \u0111\u00e1 c\u00f3 ch\u1ec9 s\u1ed1 kh\u00fac x\u1ea1 cao nh\u1ea5t \u0111\u1ec3 ph\u1ea3n \u00e1nh b\u1ec1 m\u1eb7t \u0111\u01b0\u1ee3c \u0111\u00e1nh b\u00f3ng g\u01b0\u01a1ng \u0111i\u1ec3n h\u00ecnh cho t\u00e1c ph\u1ea9m c\u1ee7a ngh\u1ec7 s\u0129. Tr\u00ean b\u1ed1n chi\u1ebfc \u0111\u1ed3ng h\u1ed3, khung bezel &#8211; m\u1ed9t dodecagon \u0111\u1eb7c tr\u01b0ng cho s\u1ef1 h\u1ee3p t\u00e1c s\u00e1ng t\u1ea1o k\u1ec3 t\u1eeb n\u0103m 2017.<\/p>\n<p><a href=\"http:\/\/Hublot Classic Fusion Orlinski King Gold White 40mm\"><strong>Hublot<\/strong><\/a> Classic Fusion Orlinski King Gold White 40mm\u00a0l\u1ea1i to\u00e1t ra \u00e1nh s\u00e1ng tinh t\u1ebf h\u01a1n nh\u1edd b\u1ed9 v\u1ecf t\u1eeb ch\u1ea5t V\u00e0ng ( King Gold \u0111\u1ed9c quy\u1ec1n c\u1ee7a Hublot) v\u1edbi \u0111i\u1ec3m nh\u1ea5n l\u00e0 nh\u1eefng \u0111\u01b0\u1eddng n\u00e9t tinh khi\u1ebft, \u00e1nh s\u00e1ng v\u00e0 s\u1eafc th\u00e1i c\u1ee7a v\u1eadt li\u1ec7u, h\u00ecnh d\u1ea1ng g\u00f3c c\u1ea1nh \u0111\u1eb7c tr\u01b0ng c\u1ee7a t\u00e1c ph\u1ea9m \u0111i\u00eau kh\u1eafc c\u1ee7a Richard Orlinski.<\/p>\n<p>M\u1eb7t s\u1ed1 \u0111\u01b0\u1ee3c thi\u1ebft k\u1ebf \u0111\u1ec3 t\u1ea1o s\u1ef1 t\u01b0\u01a1ng ph\u1ea3n v\u1edbi nh\u1eefng chi ti\u1ebft m\u00e1y c\u1ee7a c\u1ed7 m\u00e1y HUB 1100 s\u1ea3n xu\u1ea5t in-house. Hublot Classic Fusion Orlinski King Gold White 40mm c\u00f3 th\u1eddi l\u01b0\u1ee3ng tr\u1eef c\u00f3t 42 gi\u1edd v\u00e0 t\u1ea7n s\u1ed1 dao \u0111\u1ed9ng 4HZ. L\u00e0 ng\u01b0\u1eddi y\u00eau th\u00edch t\u1ea5t c\u1ea3 c\u00e1c lo\u1ea1i ngh\u1ec7 thu\u1eadt v\u00e0 l\u00e0 ng\u01b0\u1eddi \u1ee7ng h\u1ed9 kh\u1ea3 n\u0103ng ti\u1ebfp c\u1eadn v\u1edbi t\u1ea5t c\u1ea3 m\u1ecdi ng\u01b0\u1eddi, Richard Orlinski t\u1ea1o ra c\u00e1c t\u00e1c ph\u1ea9m d\u1ec5 hi\u1ec3u. Qua d\u00f2ng s\u1ea3n ph\u1ea9m m\u1edbi n\u00e0y,\u00a0\u00a0\u00f4ng \u0111\u1ec1 c\u1eadp \u0111\u1ebfn nh\u1eefng kh\u00e1n gi\u1ea3 m\u1edbi, ph\u1ee5 n\u1eef v\u00e0 nh\u1eefng ng\u01b0\u1eddi y\u00eau th\u00edch \u0111\u00e1 qu\u00fd ho\u1eb7c \u0111i\u00eau kh\u1eafc \u1edf trong nh\u1eefng c\u1ed7 m\u00e1y th\u1eddi gian.<\/p>\n","protected":false},"excerpt":{"rendered":"<p>M\u00e3: 550.OS.1800.RX.ORL19<\/p>\n<p>Xu\u1ea5t x\u1ee9: Th\u1ee5y S\u1ef9<\/p>\n<p>K\u00edch th\u01b0\u1edbc: 40 mm<\/p>\n<p>K\u00ednh: Sapphire<\/p>\n<p>Ch\u1ea5t li\u1ec7u v\u1ecf: 18K King Gold<\/p>\n<p>Bezel:\u00a018K King Gold<\/p>\n<p>B\u1ed9 m\u00e1y: Automatic &#8211;\u00a0HUB1100<\/p>\n<p>D\u1ef1 tr\u1eef n\u0103ng l\u01b0\u1ee3ng: 42 gi\u1edd<\/p>\n<p>Ch\u1ee9c n\u0103ng:\u00a0 Gi\u1edd, Ph\u00fat, Gi\u00e2y.<\/p>\n<p>D\u00e2y \u0111eo: D\u00e2y \u0111eo cao su tr\u1eafng<\/p>\n<p>Kh\u00e1ng n\u01b0\u1edbc: 50m (5ATM)<\/p>\n","protected":false},"featured_media":11627,"comment_status":"open","ping_status":"closed","template":"","meta":[],"product_cat":[333,334,242,320],"product_tag":[],"class_list":["post-11626","product","type-product","status-publish","has-post-thumbnail","hentry","product_cat-38mm-40mm","product_cat-40mm-42mm","product_cat-womens-watches","product_cat-hublot","product_brand-hublot"],"yoast_head":"<!-- This site is optimized with the Yoast SEO plugin v21.6 - https:\/\/yoast.com\/wordpress\/plugins\/seo\/ -->\n<title>Hublot Classic Fusion Orlinski King Gold White 40mm - Phoenix Luxury<\/title>\n<meta name=\"description\" content=\"Hublot Classic Fusion Orlinski King Gold White 40mm to\u00e1t ra \u00e1nh s\u00e1ng tinh t\u1ebf h\u01a1n nh\u1edd b\u1ed9 v\u1ecf t\u1eeb ch\u1ea5t V\u00e0ng ( King Gold \u0111\u1ed9c quy\u1ec1n c\u1ee7a Hublot).\" \/>\n<meta name=\"robots\" content=\"index, follow, max-snippet:-1, max-image-preview:large, max-video-preview:-1\" \/>\n<link rel=\"canonical\" href=\"https:\/\/nishiki-cycle.com\/demo\/san-pham\/hublot-classic-fusion-orlinski-king-gold-white-40mm\/\" \/>\n<meta property=\"og:locale\" content=\"vi_VN\" \/>\n<meta property=\"og:type\" content=\"article\" \/>\n<meta property=\"og:title\" content=\"Hublot Classic Fusion Orlinski King Gold White 40mm - Phoenix Luxury\" \/>\n<meta property=\"og:description\" content=\"Hublot Classic Fusion Orlinski King Gold White 40mm to\u00e1t ra \u00e1nh s\u00e1ng tinh t\u1ebf h\u01a1n nh\u1edd b\u1ed9 v\u1ecf t\u1eeb ch\u1ea5t V\u00e0ng ( King Gold \u0111\u1ed9c quy\u1ec1n c\u1ee7a Hublot).\" \/>\n<meta property=\"og:url\" content=\"https:\/\/nishiki-cycle.com\/demo\/san-pham\/hublot-classic-fusion-orlinski-king-gold-white-40mm\/\" \/>\n<meta property=\"og:site_name\" content=\"Phoenix Luxury\" \/>\n<meta property=\"article:modified_time\" content=\"2024-01-19T20:20:13+00:00\" \/>\n<meta property=\"og:image\" content=\"https:\/\/nishiki-cycle.com\/demo\/wp-content\/uploads\/2024\/01\/1-36.jpg\" \/>\n\t<meta property=\"og:image:width\" content=\"900\" \/>\n\t<meta property=\"og:image:height\" content=\"900\" \/>\n\t<meta property=\"og:image:type\" content=\"image\/jpeg\" \/>\n<meta name=\"twitter:card\" content=\"summary_large_image\" \/>\n<meta name=\"twitter:label1\" content=\"\u01af\u1edbc t\u00ednh th\u1eddi gian \u0111\u1ecdc\" \/>\n\t<meta name=\"twitter:data1\" content=\"2 ph\u00fat\" \/>\n<script type=\"application\/ld+json\" class=\"yoast-schema-graph\">{\"@context\":\"https:\/\/schema.org\",\"@graph\":[{\"@type\":\"WebPage\",\"@id\":\"https:\/\/nishiki-cycle.com\/demo\/san-pham\/hublot-classic-fusion-orlinski-king-gold-white-40mm\/\",\"url\":\"https:\/\/nishiki-cycle.com\/demo\/san-pham\/hublot-classic-fusion-orlinski-king-gold-white-40mm\/\",\"name\":\"Hublot Classic Fusion Orlinski King Gold White 40mm - Phoenix Luxury\",\"isPartOf\":{\"@id\":\"https:\/\/nishiki-cycle.com\/demo\/#website\"},\"datePublished\":\"2024-01-19T20:20:12+00:00\",\"dateModified\":\"2024-01-19T20:20:13+00:00\",\"description\":\"Hublot Classic Fusion Orlinski King Gold White 40mm to\u00e1t ra \u00e1nh s\u00e1ng tinh t\u1ebf h\u01a1n nh\u1edd b\u1ed9 v\u1ecf t\u1eeb ch\u1ea5t V\u00e0ng ( King Gold \u0111\u1ed9c quy\u1ec1n c\u1ee7a Hublot).\",\"breadcrumb\":{\"@id\":\"https:\/\/nishiki-cycle.com\/demo\/san-pham\/hublot-classic-fusion-orlinski-king-gold-white-40mm\/#breadcrumb\"},\"inLanguage\":\"vi\",\"potentialAction\":[{\"@type\":\"ReadAction\",\"target\":[\"https:\/\/nishiki-cycle.com\/demo\/san-pham\/hublot-classic-fusion-orlinski-king-gold-white-40mm\/\"]}]},{\"@type\":\"BreadcrumbList\",\"@id\":\"https:\/\/nishiki-cycle.com\/demo\/san-pham\/hublot-classic-fusion-orlinski-king-gold-white-40mm\/#breadcrumb\",\"itemListElement\":[{\"@type\":\"ListItem\",\"position\":1,\"name\":\"Trang ch\u1ee7\",\"item\":\"https:\/\/nishiki-cycle.com\/demo\/\"},{\"@type\":\"ListItem\",\"position\":2,\"name\":\"C\u1eeda h\u00e0ng\",\"item\":\"https:\/\/nishiki-cycle.com\/demo\/cua-hang\/\"},{\"@type\":\"ListItem\",\"position\":3,\"name\":\"Hublot Classic Fusion Orlinski King Gold White 40mm\"}]},{\"@type\":\"WebSite\",\"@id\":\"https:\/\/nishiki-cycle.com\/demo\/#website\",\"url\":\"https:\/\/nishiki-cycle.com\/demo\/\",\"name\":\"Phoenix Luxury\",\"description\":\"\",\"potentialAction\":[{\"@type\":\"SearchAction\",\"target\":{\"@type\":\"EntryPoint\",\"urlTemplate\":\"https:\/\/nishiki-cycle.com\/demo\/?s={search_term_string}\"},\"query-input\":\"required name=search_term_string\"}],\"inLanguage\":\"vi\"}]}<\/script>\n<!-- \/ Yoast SEO plugin. -->","yoast_head_json":{"title":"Hublot Classic Fusion Orlinski King Gold White 40mm - Phoenix Luxury","description":"Hublot Classic Fusion Orlinski King Gold White 40mm to\u00e1t ra \u00e1nh s\u00e1ng tinh t\u1ebf h\u01a1n nh\u1edd b\u1ed9 v\u1ecf t\u1eeb ch\u1ea5t V\u00e0ng ( King Gold \u0111\u1ed9c quy\u1ec1n c\u1ee7a Hublot).","robots":{"index":"index","follow":"follow","max-snippet":"max-snippet:-1","max-image-preview":"max-image-preview:large","max-video-preview":"max-video-preview:-1"},"canonical":"https:\/\/nishiki-cycle.com\/demo\/san-pham\/hublot-classic-fusion-orlinski-king-gold-white-40mm\/","og_locale":"vi_VN","og_type":"article","og_title":"Hublot Classic Fusion Orlinski King Gold White 40mm - Phoenix Luxury","og_description":"Hublot Classic Fusion Orlinski King Gold White 40mm to\u00e1t ra \u00e1nh s\u00e1ng tinh t\u1ebf h\u01a1n nh\u1edd b\u1ed9 v\u1ecf t\u1eeb ch\u1ea5t V\u00e0ng ( King Gold \u0111\u1ed9c quy\u1ec1n c\u1ee7a Hublot).","og_url":"https:\/\/nishiki-cycle.com\/demo\/san-pham\/hublot-classic-fusion-orlinski-king-gold-white-40mm\/","og_site_name":"Phoenix Luxury","article_modified_time":"2024-01-19T20:20:13+00:00","og_image":[{"width":900,"height":900,"url":"https:\/\/nishiki-cycle.com\/demo\/wp-content\/uploads\/2024\/01\/1-36.jpg","type":"image\/jpeg"}],"twitter_card":"summary_large_image","twitter_misc":{"\u01af\u1edbc t\u00ednh th\u1eddi gian \u0111\u1ecdc":"2 ph\u00fat"},"schema":{"@context":"https:\/\/schema.org","@graph":[{"@type":"WebPage","@id":"https:\/\/nishiki-cycle.com\/demo\/san-pham\/hublot-classic-fusion-orlinski-king-gold-white-40mm\/","url":"https:\/\/nishiki-cycle.com\/demo\/san-pham\/hublot-classic-fusion-orlinski-king-gold-white-40mm\/","name":"Hublot Classic Fusion Orlinski King Gold White 40mm - Phoenix Luxury","isPartOf":{"@id":"https:\/\/nishiki-cycle.com\/demo\/#website"},"datePublished":"2024-01-19T20:20:12+00:00","dateModified":"2024-01-19T20:20:13+00:00","description":"Hublot Classic Fusion Orlinski King Gold White 40mm to\u00e1t ra \u00e1nh s\u00e1ng tinh t\u1ebf h\u01a1n nh\u1edd b\u1ed9 v\u1ecf t\u1eeb ch\u1ea5t V\u00e0ng ( King Gold \u0111\u1ed9c quy\u1ec1n c\u1ee7a Hublot).","breadcrumb":{"@id":"https:\/\/nishiki-cycle.com\/demo\/san-pham\/hublot-classic-fusion-orlinski-king-gold-white-40mm\/#breadcrumb"},"inLanguage":"vi","potentialAction":[{"@type":"ReadAction","target":["https:\/\/nishiki-cycle.com\/demo\/san-pham\/hublot-classic-fusion-orlinski-king-gold-white-40mm\/"]}]},{"@type":"BreadcrumbList","@id":"https:\/\/nishiki-cycle.com\/demo\/san-pham\/hublot-classic-fusion-orlinski-king-gold-white-40mm\/#breadcrumb","itemListElement":[{"@type":"ListItem","position":1,"name":"Trang ch\u1ee7","item":"https:\/\/nishiki-cycle.com\/demo\/"},{"@type":"ListItem","position":2,"name":"C\u1eeda h\u00e0ng","item":"https:\/\/nishiki-cycle.com\/demo\/cua-hang\/"},{"@type":"ListItem","position":3,"name":"Hublot Classic Fusion Orlinski King Gold White 40mm"}]},{"@type":"WebSite","@id":"https:\/\/nishiki-cycle.com\/demo\/#website","url":"https:\/\/nishiki-cycle.com\/demo\/","name":"Phoenix Luxury","description":"","potentialAction":[{"@type":"SearchAction","target":{"@type":"EntryPoint","urlTemplate":"https:\/\/nishiki-cycle.com\/demo\/?s={search_term_string}"},"query-input":"required name=search_term_string"}],"inLanguage":"vi"}]}},"_links":{"self":[{"href":"https:\/\/nishiki-cycle.com\/demo\/wp-json\/wp\/v2\/product\/11626","targetHints":{"allow":["GET"]}}],"collection":[{"href":"https:\/\/nishiki-cycle.com\/demo\/wp-json\/wp\/v2\/product"}],"about":[{"href":"https:\/\/nishiki-cycle.com\/demo\/wp-json\/wp\/v2\/types\/product"}],"replies":[{"embeddable":true,"href":"https:\/\/nishiki-cycle.com\/demo\/wp-json\/wp\/v2\/comments?post=11626"}],"wp:featuredmedia":[{"embeddable":true,"href":"https:\/\/nishiki-cycle.com\/demo\/wp-json\/wp\/v2\/media\/11627"}],"wp:attachment":[{"href":"https:\/\/nishiki-cycle.com\/demo\/wp-json\/wp\/v2\/media?parent=11626"}],"wp:term":[{"taxonomy":"product_cat","embeddable":true,"href":"https:\/\/nishiki-cycle.com\/demo\/wp-json\/wp\/v2\/product_cat?post=11626"},{"taxonomy":"product_tag","embeddable":true,"href":"https:\/\/nishiki-cycle.com\/demo\/wp-json\/wp\/v2\/product_tag?post=11626"}],"curies":[{"name":"wp","href":"https:\/\/api.w.org\/{rel}","templated":true}]}}