{"id":11753,"date":"2024-02-09T15:54:53","date_gmt":"2024-02-09T15:54:53","guid":{"rendered":"https:\/\/nishiki-cycle.com\/demo\/?post_type=product&#038;p=11753"},"modified":"2024-02-09T15:54:54","modified_gmt":"2024-02-09T15:54:54","slug":"rolex-datejust-278274-0036","status":"publish","type":"product","link":"https:\/\/nishiki-cycle.com\/demo\/san-pham\/rolex-datejust-278274-0036\/","title":{"rendered":"Rolex Datejust 278274-0036"},"content":{"rendered":"<p><img fetchpriority=\"high\" decoding=\"async\" class=\"size-medium wp-image-11754 aligncenter\" src=\"https:\/\/nishiki-cycle.com\/demo\/wp-content\/uploads\/2024\/02\/1-300x300.jpg\" alt=\"\" width=\"300\" height=\"300\" srcset=\"https:\/\/nishiki-cycle.com\/demo\/wp-content\/uploads\/2024\/02\/1-300x300.jpg 300w, https:\/\/nishiki-cycle.com\/demo\/wp-content\/uploads\/2024\/02\/1-150x150.jpg 150w, https:\/\/nishiki-cycle.com\/demo\/wp-content\/uploads\/2024\/02\/1-768x768.jpg 768w, https:\/\/nishiki-cycle.com\/demo\/wp-content\/uploads\/2024\/02\/1-600x600.jpg 600w, https:\/\/nishiki-cycle.com\/demo\/wp-content\/uploads\/2024\/02\/1-100x100.jpg 100w, https:\/\/nishiki-cycle.com\/demo\/wp-content\/uploads\/2024\/02\/1.jpg 900w\" sizes=\"(max-width: 300px) 100vw, 300px\" \/><\/p>\n<p>Trong h\u00e0nh tr\u00ecnh ph\u00e1t tri\u1ec3n c\u1ee7a m\u00ecnh, Rolex lu\u00f4n \u0111\u1ec3 l\u1ea1i nh\u1eefng d\u1ea5u \u1ea5n \u1ea5n t\u01b0\u1ee3ng v\u1edbi nh\u1eefng thi\u1ebft k\u1ebf \u0111\u1ed9c \u0111\u00e1o. \u0110i\u1ec3n h\u00ecnh l\u00e0 phi\u00ean b\u1ea3n Rolex Datejust 278274-0036 \u0111\u00e3 \u0111\u01b0\u1ee3c th\u01b0\u01a1ng hi\u1ec7u gi\u1edbi thi\u1ec7u t\u1ea1i s\u1ef1 ki\u1ec7n Watches and Wonders 2022.<\/p>\n<p>Rolex Datejust 278274-0036 s\u1edf h\u1eefu b\u1ed9 v\u1ecf \u0111\u01b0\u1ee3c l\u00e0m b\u1eb1ng ch\u1ea5t li\u1ec7u th\u00e9p kh\u00f4ng g\u1ec9 904L, \u0111\u01b0\u1eddng k\u00ednh 31mm. V\u00e0nh bezel ki\u1ec3u kh\u00eda r\u00e3nh \u0111\u01b0\u1ee3c l\u00e0m b\u1eb1ng v\u00e0ng tr\u1eafng gi\u00fap l\u00e0m t\u0103ng \u0111\u1ed9 r\u1ef1c s\u00e1ng v\u00e0 b\u1eaft m\u1eaft cho m\u1eb7t s\u1ed1 ph\u00eda trong. M\u1eb7t s\u1ed1 n\u00e0y bao g\u1ed3m 24 b\u00f4ng hoa m\u00e0u xanh lam v\u1edbi c\u00e1c l\u1edbp ph\u1ee7 ho\u00e0n thi\u1ec7n kh\u00e1c nhau: ph\u1ee7 tia m\u1eb7t tr\u1eddi, l\u1edbp ph\u1ee7 m\u1edd v\u00e0 l\u1edbp ph\u1ee7 s\u1ea7n. Trong \u0111\u00f3, m\u1ed7i b\u00f4ng hoa \u0111\u1ec1u \u0111\u01b0\u1ee3c th\u1eafp s\u00e1ng t\u1eeb b\u00ean trong b\u1edfi m\u1ed9t vi\u00ean kim c\u01b0\u01a1ng \u0111\u1eb7t t\u1ea1i ch\u00ednh gi\u1eefa, th\u1ed5i b\u00f9ng l\u00ean ngu\u1ed3n n\u0103ng l\u01b0\u1ee3ng t\u01b0\u01a1i m\u1edbi v\u00e0 thu h\u00fat ng\u01b0\u1eddi nh\u00ecn.<\/p>\n<p>B\u00ean c\u1ea1nh \u0111i\u1ec3m m\u1edbi l\u00e0 m\u1eb7t s\u1ed1 \u201cFloral Motif\u201d, phi\u00ean b\u1ea3n Rolex Datejust 278274-0036 v\u1eabn s\u1edf h\u1eefu m\u1ed9t s\u1ed1 chi ti\u1ebft quen thu\u1ed9c c\u1ee7a d\u00f2ng Datejust nh\u01b0 b\u1ed9 kim baton, th\u1ea5u k\u00ednh l\u1ecbch ng\u00e0y cyclops \u1edf v\u1ecb tr\u00ed 3 gi\u1edd v\u00e0 logo th\u01b0\u01a1ng hi\u1ec7u \u1edf b\u00ean d\u01b0\u1edbi v\u1ecb tr\u00ed 12 gi\u1edd. Ch\u1ee9c n\u0103ng ch\u1ec9 gi\u1edd v\u00e0 l\u1ecbch ng\u00e0y c\u00f3 th\u1ec3 \u0111\u01b0\u1ee3c \u0111i\u1ec1u ch\u1ec9nh qua n\u00fam v\u1eb7n t\u1ea1i gi\u1edd ph\u1ea3i c\u1ee7a \u0111\u1ed3ng h\u1ed3.<\/p>\n<p>V\u1eadn h\u00e0nh chi\u1ebfc \u0111\u1ed3ng h\u1ed3 n\u00e0y l\u00e0 b\u1ed9 chuy\u1ec3n \u0111\u1ed9ng t\u1ef1 l\u00ean d\u00e2y calibre 2236, s\u1edf h\u1eefu \u0111\u1ed9 chu\u1ea9n x\u00e1c cao, c\u0169ng nh\u01b0 kh\u1ea3 n\u0103ng ch\u1ecbu \u0111\u01b0\u1ee3c va ch\u1ea1m v\u00e0 t\u1eeb tr\u01b0\u1eddng. Khi \u0111\u01b0\u1ee3c l\u00ean c\u00f3t \u0111\u1ea7y \u0111\u1ee7, calibre 2236 c\u00f3 kh\u1ea3 n\u0103ng ho\u1ea1t \u0111\u1ed9ng \u1ed5n \u0111\u1ecbnh li\u00ean t\u1ee5c trong kho\u1ea3ng 55 gi\u1edd.<\/p>\n<p>Rolex Datejust 278274-0036 \u0111\u01b0\u1ee3c trang b\u1ecb d\u00e2y \u0111eo Jubilee v\u1edbi s\u1ef1 li\u1ec1n m\u1ea1ch c\u00f9ng v\u1ecf \u0111\u1ed3ng h\u1ed3. S\u1ef1 tinh t\u1ebf trong thi\u1ebft k\u1ebf d\u00e2y \u0111eo khi\u1ebfn t\u1ea1o ph\u1ea7m tr\u00f4ng gi\u1ed1ng nh\u01b0 m\u1ed9t m\u00f3n \u0111\u1ed3 trang s\u1ee9c, song b\u1ed9 m\u00e1y b\u00ean trong v\u1eabn \u0111\u1ea3m b\u1ea3o s\u1ef1 b\u1ec1n b\u1ec9 v\u00e0 ch\u00ednh x\u00e1c c\u1ee7a m\u1ed9t c\u1ed7 m\u00e1y th\u1eddi gian.<\/p>\n","protected":false},"excerpt":{"rendered":"<p>M\u00e3:\u00a0278274-0036<\/p>\n<p>Xu\u1ea5t x\u1ee9: Th\u1ee5y S\u0129<\/p>\n<p>K\u00edch th\u01b0\u1edbc: 31mm<\/p>\n<p>Ch\u1ea5t li\u1ec7u: Th\u00e9p kh\u00f4ng g\u1ec9, v\u00e0ng tr\u1eafng 18k<\/p>\n<p>Bezel: V\u00e0ng tr\u1eafng 18k<\/p>\n<p>K\u00ednh: Sapphire<\/p>\n<p>M\u1eb7t s\u1ed1: Floral Motif<\/p>\n<p>B\u1ed9 m\u00e1y: Automatic &#8211;\u00a0Calibre 2236<\/p>\n<p>D\u1ef1 tr\u1eef n\u0103ng l\u01b0\u1ee3ng: 55 gi\u1edd<\/p>\n<p>Ch\u1ee9c n\u0103ng:\u00a0Gi\u1edd, Ph\u00fat, Gi\u00e2y, Ng\u00e0y<\/p>\n<p>Kh\u00e1ng n\u01b0\u1edbc: 100m (10ATM)<\/p>\n<p>D\u00e2y \u0111eo: Jubilee<\/p>\n<p>Ch\u1ea5t li\u1ec7u d\u00e2y \u0111eo: Th\u00e9p kh\u00f4ng g\u1ec9<\/p>\n","protected":false},"featured_media":11754,"comment_status":"open","ping_status":"closed","template":"","meta":[],"product_cat":[242,331,319,338],"product_tag":[],"class_list":["post-11753","product","type-product","status-publish","has-post-thumbnail","hentry","product_cat-womens-watches","product_cat-duoi-36mm","product_cat-rolex","product_cat-vang-trang-18k","product_brand-rolex"],"yoast_head":"<!-- This site is optimized with the Yoast SEO plugin v21.6 - https:\/\/yoast.com\/wordpress\/plugins\/seo\/ -->\n<title>Rolex Datejust 278274-0036 - Phoenix Luxury<\/title>\n<meta name=\"description\" content=\"Rolex Datejust 278274-0036 s\u1edf huxu s\u1ef1 tinh t\u1ebf trong thi\u1ebft k\u1ebf d\u00e2y \u0111eo khi\u1ebfn t\u1ea1o ph\u1ea7m tr\u00f4ng gi\u1ed1ng nh\u01b0 m\u1ed9t m\u00f3n \u0111\u1ed3 trang s\u1ee9c.\" \/>\n<meta name=\"robots\" content=\"index, follow, max-snippet:-1, max-image-preview:large, max-video-preview:-1\" \/>\n<link rel=\"canonical\" href=\"https:\/\/nishiki-cycle.com\/demo\/san-pham\/rolex-datejust-278274-0036\/\" \/>\n<meta property=\"og:locale\" content=\"vi_VN\" \/>\n<meta property=\"og:type\" content=\"article\" \/>\n<meta property=\"og:title\" content=\"Rolex Datejust 278274-0036 - Phoenix Luxury\" \/>\n<meta property=\"og:description\" content=\"Rolex Datejust 278274-0036 s\u1edf huxu s\u1ef1 tinh t\u1ebf trong thi\u1ebft k\u1ebf d\u00e2y \u0111eo khi\u1ebfn t\u1ea1o ph\u1ea7m tr\u00f4ng gi\u1ed1ng nh\u01b0 m\u1ed9t m\u00f3n \u0111\u1ed3 trang s\u1ee9c.\" \/>\n<meta property=\"og:url\" content=\"https:\/\/nishiki-cycle.com\/demo\/san-pham\/rolex-datejust-278274-0036\/\" \/>\n<meta property=\"og:site_name\" content=\"Phoenix Luxury\" \/>\n<meta property=\"article:modified_time\" content=\"2024-02-09T15:54:54+00:00\" \/>\n<meta property=\"og:image\" content=\"https:\/\/nishiki-cycle.com\/demo\/wp-content\/uploads\/2024\/02\/1.jpg\" \/>\n\t<meta property=\"og:image:width\" content=\"900\" \/>\n\t<meta property=\"og:image:height\" content=\"900\" \/>\n\t<meta property=\"og:image:type\" content=\"image\/jpeg\" \/>\n<meta name=\"twitter:card\" content=\"summary_large_image\" \/>\n<meta name=\"twitter:label1\" content=\"\u01af\u1edbc t\u00ednh th\u1eddi gian \u0111\u1ecdc\" \/>\n\t<meta name=\"twitter:data1\" content=\"3 ph\u00fat\" \/>\n<script type=\"application\/ld+json\" class=\"yoast-schema-graph\">{\"@context\":\"https:\/\/schema.org\",\"@graph\":[{\"@type\":\"WebPage\",\"@id\":\"https:\/\/nishiki-cycle.com\/demo\/san-pham\/rolex-datejust-278274-0036\/\",\"url\":\"https:\/\/nishiki-cycle.com\/demo\/san-pham\/rolex-datejust-278274-0036\/\",\"name\":\"Rolex Datejust 278274-0036 - Phoenix Luxury\",\"isPartOf\":{\"@id\":\"https:\/\/nishiki-cycle.com\/demo\/#website\"},\"datePublished\":\"2024-02-09T15:54:53+00:00\",\"dateModified\":\"2024-02-09T15:54:54+00:00\",\"description\":\"Rolex Datejust 278274-0036 s\u1edf huxu s\u1ef1 tinh t\u1ebf trong thi\u1ebft k\u1ebf d\u00e2y \u0111eo khi\u1ebfn t\u1ea1o ph\u1ea7m tr\u00f4ng gi\u1ed1ng nh\u01b0 m\u1ed9t m\u00f3n \u0111\u1ed3 trang s\u1ee9c.\",\"breadcrumb\":{\"@id\":\"https:\/\/nishiki-cycle.com\/demo\/san-pham\/rolex-datejust-278274-0036\/#breadcrumb\"},\"inLanguage\":\"vi\",\"potentialAction\":[{\"@type\":\"ReadAction\",\"target\":[\"https:\/\/nishiki-cycle.com\/demo\/san-pham\/rolex-datejust-278274-0036\/\"]}]},{\"@type\":\"BreadcrumbList\",\"@id\":\"https:\/\/nishiki-cycle.com\/demo\/san-pham\/rolex-datejust-278274-0036\/#breadcrumb\",\"itemListElement\":[{\"@type\":\"ListItem\",\"position\":1,\"name\":\"Trang ch\u1ee7\",\"item\":\"https:\/\/nishiki-cycle.com\/demo\/\"},{\"@type\":\"ListItem\",\"position\":2,\"name\":\"C\u1eeda h\u00e0ng\",\"item\":\"https:\/\/nishiki-cycle.com\/demo\/cua-hang\/\"},{\"@type\":\"ListItem\",\"position\":3,\"name\":\"Rolex Datejust 278274-0036\"}]},{\"@type\":\"WebSite\",\"@id\":\"https:\/\/nishiki-cycle.com\/demo\/#website\",\"url\":\"https:\/\/nishiki-cycle.com\/demo\/\",\"name\":\"Phoenix Luxury\",\"description\":\"\",\"potentialAction\":[{\"@type\":\"SearchAction\",\"target\":{\"@type\":\"EntryPoint\",\"urlTemplate\":\"https:\/\/nishiki-cycle.com\/demo\/?s={search_term_string}\"},\"query-input\":\"required name=search_term_string\"}],\"inLanguage\":\"vi\"}]}<\/script>\n<!-- \/ Yoast SEO plugin. -->","yoast_head_json":{"title":"Rolex Datejust 278274-0036 - Phoenix Luxury","description":"Rolex Datejust 278274-0036 s\u1edf huxu s\u1ef1 tinh t\u1ebf trong thi\u1ebft k\u1ebf d\u00e2y \u0111eo khi\u1ebfn t\u1ea1o ph\u1ea7m tr\u00f4ng gi\u1ed1ng nh\u01b0 m\u1ed9t m\u00f3n \u0111\u1ed3 trang s\u1ee9c.","robots":{"index":"index","follow":"follow","max-snippet":"max-snippet:-1","max-image-preview":"max-image-preview:large","max-video-preview":"max-video-preview:-1"},"canonical":"https:\/\/nishiki-cycle.com\/demo\/san-pham\/rolex-datejust-278274-0036\/","og_locale":"vi_VN","og_type":"article","og_title":"Rolex Datejust 278274-0036 - Phoenix Luxury","og_description":"Rolex Datejust 278274-0036 s\u1edf huxu s\u1ef1 tinh t\u1ebf trong thi\u1ebft k\u1ebf d\u00e2y \u0111eo khi\u1ebfn t\u1ea1o ph\u1ea7m tr\u00f4ng gi\u1ed1ng nh\u01b0 m\u1ed9t m\u00f3n \u0111\u1ed3 trang s\u1ee9c.","og_url":"https:\/\/nishiki-cycle.com\/demo\/san-pham\/rolex-datejust-278274-0036\/","og_site_name":"Phoenix Luxury","article_modified_time":"2024-02-09T15:54:54+00:00","og_image":[{"width":900,"height":900,"url":"https:\/\/nishiki-cycle.com\/demo\/wp-content\/uploads\/2024\/02\/1.jpg","type":"image\/jpeg"}],"twitter_card":"summary_large_image","twitter_misc":{"\u01af\u1edbc t\u00ednh th\u1eddi gian \u0111\u1ecdc":"3 ph\u00fat"},"schema":{"@context":"https:\/\/schema.org","@graph":[{"@type":"WebPage","@id":"https:\/\/nishiki-cycle.com\/demo\/san-pham\/rolex-datejust-278274-0036\/","url":"https:\/\/nishiki-cycle.com\/demo\/san-pham\/rolex-datejust-278274-0036\/","name":"Rolex Datejust 278274-0036 - Phoenix Luxury","isPartOf":{"@id":"https:\/\/nishiki-cycle.com\/demo\/#website"},"datePublished":"2024-02-09T15:54:53+00:00","dateModified":"2024-02-09T15:54:54+00:00","description":"Rolex Datejust 278274-0036 s\u1edf huxu s\u1ef1 tinh t\u1ebf trong thi\u1ebft k\u1ebf d\u00e2y \u0111eo khi\u1ebfn t\u1ea1o ph\u1ea7m tr\u00f4ng gi\u1ed1ng nh\u01b0 m\u1ed9t m\u00f3n \u0111\u1ed3 trang s\u1ee9c.","breadcrumb":{"@id":"https:\/\/nishiki-cycle.com\/demo\/san-pham\/rolex-datejust-278274-0036\/#breadcrumb"},"inLanguage":"vi","potentialAction":[{"@type":"ReadAction","target":["https:\/\/nishiki-cycle.com\/demo\/san-pham\/rolex-datejust-278274-0036\/"]}]},{"@type":"BreadcrumbList","@id":"https:\/\/nishiki-cycle.com\/demo\/san-pham\/rolex-datejust-278274-0036\/#breadcrumb","itemListElement":[{"@type":"ListItem","position":1,"name":"Trang ch\u1ee7","item":"https:\/\/nishiki-cycle.com\/demo\/"},{"@type":"ListItem","position":2,"name":"C\u1eeda h\u00e0ng","item":"https:\/\/nishiki-cycle.com\/demo\/cua-hang\/"},{"@type":"ListItem","position":3,"name":"Rolex Datejust 278274-0036"}]},{"@type":"WebSite","@id":"https:\/\/nishiki-cycle.com\/demo\/#website","url":"https:\/\/nishiki-cycle.com\/demo\/","name":"Phoenix Luxury","description":"","potentialAction":[{"@type":"SearchAction","target":{"@type":"EntryPoint","urlTemplate":"https:\/\/nishiki-cycle.com\/demo\/?s={search_term_string}"},"query-input":"required name=search_term_string"}],"inLanguage":"vi"}]}},"_links":{"self":[{"href":"https:\/\/nishiki-cycle.com\/demo\/wp-json\/wp\/v2\/product\/11753","targetHints":{"allow":["GET"]}}],"collection":[{"href":"https:\/\/nishiki-cycle.com\/demo\/wp-json\/wp\/v2\/product"}],"about":[{"href":"https:\/\/nishiki-cycle.com\/demo\/wp-json\/wp\/v2\/types\/product"}],"replies":[{"embeddable":true,"href":"https:\/\/nishiki-cycle.com\/demo\/wp-json\/wp\/v2\/comments?post=11753"}],"wp:featuredmedia":[{"embeddable":true,"href":"https:\/\/nishiki-cycle.com\/demo\/wp-json\/wp\/v2\/media\/11754"}],"wp:attachment":[{"href":"https:\/\/nishiki-cycle.com\/demo\/wp-json\/wp\/v2\/media?parent=11753"}],"wp:term":[{"taxonomy":"product_cat","embeddable":true,"href":"https:\/\/nishiki-cycle.com\/demo\/wp-json\/wp\/v2\/product_cat?post=11753"},{"taxonomy":"product_tag","embeddable":true,"href":"https:\/\/nishiki-cycle.com\/demo\/wp-json\/wp\/v2\/product_tag?post=11753"}],"curies":[{"name":"wp","href":"https:\/\/api.w.org\/{rel}","templated":true}]}}