{"id":11776,"date":"2024-02-13T19:45:28","date_gmt":"2024-02-13T19:45:28","guid":{"rendered":"https:\/\/nishiki-cycle.com\/demo\/?post_type=product&#038;p=11776"},"modified":"2024-02-13T19:45:28","modified_gmt":"2024-02-13T19:45:28","slug":"rolex-submariner-date-126610lv-0002","status":"publish","type":"product","link":"https:\/\/nishiki-cycle.com\/demo\/san-pham\/rolex-submariner-date-126610lv-0002\/","title":{"rendered":"Rolex Submariner Date 126610LV-0002"},"content":{"rendered":"<p><img fetchpriority=\"high\" decoding=\"async\" class=\"size-medium wp-image-11777 aligncenter\" src=\"https:\/\/nishiki-cycle.com\/demo\/wp-content\/uploads\/2024\/02\/1-4-300x300.jpg\" alt=\"\" width=\"300\" height=\"300\" srcset=\"https:\/\/nishiki-cycle.com\/demo\/wp-content\/uploads\/2024\/02\/1-4-300x300.jpg 300w, https:\/\/nishiki-cycle.com\/demo\/wp-content\/uploads\/2024\/02\/1-4-150x150.jpg 150w, https:\/\/nishiki-cycle.com\/demo\/wp-content\/uploads\/2024\/02\/1-4-768x768.jpg 768w, https:\/\/nishiki-cycle.com\/demo\/wp-content\/uploads\/2024\/02\/1-4-600x600.jpg 600w, https:\/\/nishiki-cycle.com\/demo\/wp-content\/uploads\/2024\/02\/1-4-100x100.jpg 100w, https:\/\/nishiki-cycle.com\/demo\/wp-content\/uploads\/2024\/02\/1-4.jpg 900w\" sizes=\"(max-width: 300px) 100vw, 300px\" \/><\/p>\n<p>Rolex Submariner Date 126610LV-0002 c\u00f3 v\u00e0nh \u0111\u1ed3ng h\u1ed3 xoay c\u1ee7a Submariner l\u00e0 t\u00ednh n\u0103ng ch\u1ee7 \u0111\u1ea1o c\u1ee7a \u0111\u1ed3ng h\u1ed3. Thi\u1ebft k\u1ebf v\u1ea1ch chia 60 ph\u00fat cho ph\u00e9p th\u1ee3 l\u1eb7n theo d\u00f5i chu\u1ea9n x\u00e1c v\u00e0 an to\u00e0n th\u1eddi gian l\u1eb7n v\u00e0 \u0111i\u1ec3m d\u1eebng gi\u1ea3i n\u00e9n. \u0110\u01b0\u1ee3c ch\u1ebf t\u00e1c b\u1edfi<strong> <a href=\"https:\/\/nishiki-cycle.com\/demo\/danh-muc-san-pham\/rolex\/\">Rolex<\/a><\/strong>\u00a0t\u1eeb m\u1ed9t lo\u1ea1i g\u1ed1m b\u1ec1n ch\u1ed1ng \u0103n m\u00f2n, v\u00f2ng s\u1ed1 v\u00e0nh \u0111\u1ed3ng h\u1ed3 Cerachrom h\u1ea7u nh\u01b0 kh\u00f4ng b\u1ecb tr\u1ea7y x\u01b0\u1edbc.<\/p>\n<p>M\u1ed9t h\u1ed9p ph\u00e1t quang t\u1ea1i \u0111i\u1ec3m 0 \u0111\u1ea3m b\u1ea3o \u0111\u1ed9 r\u00f5 n\u00e9t b\u1ea5t k\u1ec3 m\u00f4i tr\u01b0\u1eddng t\u1ed1i nh\u01b0 th\u1ebf n\u00e0o. M\u00e9p l\u1ed3i c\u1ee7a v\u00e0nh \u0111\u1ed3ng h\u1ed3 \u0111\u01b0\u1ee3c thi\u1ebft k\u1ebf c\u1ea9n th\u1eadn \u0111\u1ec3 t\u1ea1o \u0111\u1ed9 b\u00e1m tuy\u1ec7t v\u1eddi d\u01b0\u1edbi n\u01b0\u1edbc, ngay c\u1ea3 khi \u0111eo g\u0103ng tay.<\/p>\n<p>M\u1eb7t s\u1ed1 \u0111\u1ed3ng h\u1ed3 Rolex Submariner Date 126610LV-0002\u00a0ph\u00e1t quang Chromalight l\u00e0 m\u1ed9t s\u1ef1 c\u00e1ch t\u00e2n gi\u00fap c\u1ea3i thi\u1ec7n kh\u1ea3 n\u0103ng hi\u1ec3n th\u1ecb trong m\u00f4i tr\u01b0\u1eddng t\u1ed1i, m\u1ed9t t\u00ednh n\u0103ng thi\u1ebft y\u1ebfu cho th\u1ee3 l\u1eb7n. C\u00e1c v\u1ea1ch d\u1ea5u gi\u1edd c\u00f3 c\u00e1c h\u00ecnh d\u1ea1ng \u0111\u01a1n gi\u1ea3n \u2013 h\u00ecnh tam gi\u00e1c, h\u00ecnh tr\u00f2n, h\u00ecnh ch\u1eef nh\u1eadt \u2013 kim gi\u1edd v\u00e0 kim ph\u00fat m\u1edf r\u1ed9ng cho ph\u00e9p \u0111\u1ecdc th\u00f4ng s\u1ed1 nhanh v\u00e0 \u0111\u00e1ng tin c\u1eady, ng\u0103n ch\u1eb7n b\u1ea5t k\u1ef3 nguy c\u01a1 nh\u1ea7m l\u1eabn n\u00e0o d\u01b0\u1edbi n\u01b0\u1edbc.<\/p>\n<p>Rolex s\u1eed d\u1ee5ng ch\u1ea5t li\u1ec7u th\u00e9p Oystersteel cho c\u00e1c v\u1ecf \u0111\u1ed3ng h\u1ed3 b\u1eb1ng th\u00e9p. Oystersteel do th\u01b0\u01a1ng hi\u1ec7u Rolex \u0111\u1eb7c bi\u1ec7t ph\u00e1t tri\u1ec3n v\u00e0 thu\u1ed9c d\u00f2ng th\u00e9p 904L, lo\u1ea1i h\u1ee3p kim \u0111\u01b0\u1ee3c s\u1eed d\u1ee5ng ph\u1ed5 bi\u1ebfn nh\u1ea5t trong ng\u00e0nh c\u00f4ng ngh\u1ec7 cao, h\u00e0ng kh\u00f4ng v\u00e0 h\u00f3a ch\u1ea5t, nh\u1eefng ng\u00e0nh m\u00e0 \u0111\u1ed9 kh\u00e1ng m\u00f2n c\u1ef1c \u0111\u1ea1i l\u00e0 \u0111i\u1ec1u thi\u1ebft y\u1ebfu. Oystersteel c\u00f3 s\u1ee9c b\u1ec1n \u01b0u vi\u1ec7t v\u00e0 c\u00f3 \u0111\u1ed9 s\u00e1ng b\u00f3ng tuy\u1ec7t v\u1eddi m\u1ed9t khi \u0111\u01b0\u1ee3c \u0111\u00e1nh b\u00f3ng, \u0111\u1ed3ng th\u1eddi l\u01b0u gi\u1eef \u0111\u01b0\u1ee3c v\u1ebb \u0111\u1eb9p th\u1eadm ch\u00ed trong nh\u1eefng m\u00f4i tr\u01b0\u1eddng kh\u1eafc nghi\u1ec7t nh\u1ea5t.<\/p>\n","protected":false},"excerpt":{"rendered":"<p>M\u00e3:\u00a0126610LV-0002<\/p>\n<p>Xu\u1ea5t x\u1ee9: Th\u1ee5y S\u0129<\/p>\n<p>K\u00edch th\u01b0\u1edbc: 41 mm<\/p>\n<p>K\u00ednh: Sapphire<\/p>\n<p>M\u1eb7t s\u1ed1: Black<\/p>\n<p>B\u1ed9 m\u00e1y: Automatic &#8211; Calibre 3235<\/p>\n<p>D\u1ef1 tr\u1eef n\u0103ng l\u01b0\u1ee3ng: 70\u00a0gi\u1edd<\/p>\n<p>Ch\u1ee9c n\u0103ng: Gi\u1edd, Ph\u00fat, Gi\u00e2y, Ng\u00e0y<\/p>\n<p>Ch\u1ea5t li\u1ec7u: Th\u00e9p\u00a0Oystersteel<\/p>\n<p>Bezel: Ceramic<\/p>\n<p>Kh\u00e1ng n\u01b0\u1edbc: 300m (30ATM)<\/p>\n<p>D\u00e2y \u0111eo:\u00a0Oyster<\/p>\n","protected":false},"featured_media":11777,"comment_status":"open","ping_status":"closed","template":"","meta":[],"product_cat":[334,195,319,341],"product_tag":[],"class_list":["post-11776","product","type-product","status-publish","has-post-thumbnail","hentry","product_cat-40mm-42mm","product_cat-mens-watches","product_cat-rolex","product_cat-thep-khong-gi","product_brand-rolex"],"yoast_head":"<!-- This site is optimized with the Yoast SEO plugin v21.6 - https:\/\/yoast.com\/wordpress\/plugins\/seo\/ -->\n<title>Rolex Submariner Date 126610LV-0002 - Phoenix Luxury<\/title>\n<meta name=\"description\" content=\"M\u1eb7t s\u1ed1 Rolex Submariner Date 126610LV-0002\u00a0ph\u00e1t quang Chromalight gi\u00fap c\u1ea3i thi\u1ec7n kh\u1ea3 n\u0103ng hi\u1ec3n th\u1ecb trong m\u00f4i tr\u01b0\u1eddng t\u1ed1i, ph\u00f9 h\u1ee3p v\u1edbi th\u1ee3 l\u1eb7n.\" \/>\n<meta name=\"robots\" content=\"index, follow, max-snippet:-1, max-image-preview:large, max-video-preview:-1\" \/>\n<link rel=\"canonical\" href=\"https:\/\/nishiki-cycle.com\/demo\/san-pham\/rolex-submariner-date-126610lv-0002\/\" \/>\n<meta property=\"og:locale\" content=\"vi_VN\" \/>\n<meta property=\"og:type\" content=\"article\" \/>\n<meta property=\"og:title\" content=\"Rolex Submariner Date 126610LV-0002 - Phoenix Luxury\" \/>\n<meta property=\"og:description\" content=\"M\u1eb7t s\u1ed1 Rolex Submariner Date 126610LV-0002\u00a0ph\u00e1t quang Chromalight gi\u00fap c\u1ea3i thi\u1ec7n kh\u1ea3 n\u0103ng hi\u1ec3n th\u1ecb trong m\u00f4i tr\u01b0\u1eddng t\u1ed1i, ph\u00f9 h\u1ee3p v\u1edbi th\u1ee3 l\u1eb7n.\" \/>\n<meta property=\"og:url\" content=\"https:\/\/nishiki-cycle.com\/demo\/san-pham\/rolex-submariner-date-126610lv-0002\/\" \/>\n<meta property=\"og:site_name\" content=\"Phoenix Luxury\" \/>\n<meta property=\"og:image\" content=\"https:\/\/nishiki-cycle.com\/demo\/wp-content\/uploads\/2024\/02\/1-4.jpg\" \/>\n\t<meta property=\"og:image:width\" content=\"900\" \/>\n\t<meta property=\"og:image:height\" content=\"900\" \/>\n\t<meta property=\"og:image:type\" content=\"image\/jpeg\" \/>\n<meta name=\"twitter:card\" content=\"summary_large_image\" \/>\n<meta name=\"twitter:label1\" content=\"\u01af\u1edbc t\u00ednh th\u1eddi gian \u0111\u1ecdc\" \/>\n\t<meta name=\"twitter:data1\" content=\"2 ph\u00fat\" \/>\n<script type=\"application\/ld+json\" class=\"yoast-schema-graph\">{\"@context\":\"https:\/\/schema.org\",\"@graph\":[{\"@type\":\"WebPage\",\"@id\":\"https:\/\/nishiki-cycle.com\/demo\/san-pham\/rolex-submariner-date-126610lv-0002\/\",\"url\":\"https:\/\/nishiki-cycle.com\/demo\/san-pham\/rolex-submariner-date-126610lv-0002\/\",\"name\":\"Rolex Submariner Date 126610LV-0002 - Phoenix Luxury\",\"isPartOf\":{\"@id\":\"https:\/\/nishiki-cycle.com\/demo\/#website\"},\"datePublished\":\"2024-02-13T19:45:28+00:00\",\"dateModified\":\"2024-02-13T19:45:28+00:00\",\"description\":\"M\u1eb7t s\u1ed1 Rolex Submariner Date 126610LV-0002\u00a0ph\u00e1t quang Chromalight gi\u00fap c\u1ea3i thi\u1ec7n kh\u1ea3 n\u0103ng hi\u1ec3n th\u1ecb trong m\u00f4i tr\u01b0\u1eddng t\u1ed1i, ph\u00f9 h\u1ee3p v\u1edbi th\u1ee3 l\u1eb7n.\",\"breadcrumb\":{\"@id\":\"https:\/\/nishiki-cycle.com\/demo\/san-pham\/rolex-submariner-date-126610lv-0002\/#breadcrumb\"},\"inLanguage\":\"vi\",\"potentialAction\":[{\"@type\":\"ReadAction\",\"target\":[\"https:\/\/nishiki-cycle.com\/demo\/san-pham\/rolex-submariner-date-126610lv-0002\/\"]}]},{\"@type\":\"BreadcrumbList\",\"@id\":\"https:\/\/nishiki-cycle.com\/demo\/san-pham\/rolex-submariner-date-126610lv-0002\/#breadcrumb\",\"itemListElement\":[{\"@type\":\"ListItem\",\"position\":1,\"name\":\"Trang ch\u1ee7\",\"item\":\"https:\/\/nishiki-cycle.com\/demo\/\"},{\"@type\":\"ListItem\",\"position\":2,\"name\":\"C\u1eeda h\u00e0ng\",\"item\":\"https:\/\/nishiki-cycle.com\/demo\/cua-hang\/\"},{\"@type\":\"ListItem\",\"position\":3,\"name\":\"Rolex Submariner Date 126610LV-0002\"}]},{\"@type\":\"WebSite\",\"@id\":\"https:\/\/nishiki-cycle.com\/demo\/#website\",\"url\":\"https:\/\/nishiki-cycle.com\/demo\/\",\"name\":\"Phoenix Luxury\",\"description\":\"\",\"potentialAction\":[{\"@type\":\"SearchAction\",\"target\":{\"@type\":\"EntryPoint\",\"urlTemplate\":\"https:\/\/nishiki-cycle.com\/demo\/?s={search_term_string}\"},\"query-input\":\"required name=search_term_string\"}],\"inLanguage\":\"vi\"}]}<\/script>\n<!-- \/ Yoast SEO plugin. -->","yoast_head_json":{"title":"Rolex Submariner Date 126610LV-0002 - Phoenix Luxury","description":"M\u1eb7t s\u1ed1 Rolex Submariner Date 126610LV-0002\u00a0ph\u00e1t quang Chromalight gi\u00fap c\u1ea3i thi\u1ec7n kh\u1ea3 n\u0103ng hi\u1ec3n th\u1ecb trong m\u00f4i tr\u01b0\u1eddng t\u1ed1i, ph\u00f9 h\u1ee3p v\u1edbi th\u1ee3 l\u1eb7n.","robots":{"index":"index","follow":"follow","max-snippet":"max-snippet:-1","max-image-preview":"max-image-preview:large","max-video-preview":"max-video-preview:-1"},"canonical":"https:\/\/nishiki-cycle.com\/demo\/san-pham\/rolex-submariner-date-126610lv-0002\/","og_locale":"vi_VN","og_type":"article","og_title":"Rolex Submariner Date 126610LV-0002 - Phoenix Luxury","og_description":"M\u1eb7t s\u1ed1 Rolex Submariner Date 126610LV-0002\u00a0ph\u00e1t quang Chromalight gi\u00fap c\u1ea3i thi\u1ec7n kh\u1ea3 n\u0103ng hi\u1ec3n th\u1ecb trong m\u00f4i tr\u01b0\u1eddng t\u1ed1i, ph\u00f9 h\u1ee3p v\u1edbi th\u1ee3 l\u1eb7n.","og_url":"https:\/\/nishiki-cycle.com\/demo\/san-pham\/rolex-submariner-date-126610lv-0002\/","og_site_name":"Phoenix Luxury","og_image":[{"width":900,"height":900,"url":"https:\/\/nishiki-cycle.com\/demo\/wp-content\/uploads\/2024\/02\/1-4.jpg","type":"image\/jpeg"}],"twitter_card":"summary_large_image","twitter_misc":{"\u01af\u1edbc t\u00ednh th\u1eddi gian \u0111\u1ecdc":"2 ph\u00fat"},"schema":{"@context":"https:\/\/schema.org","@graph":[{"@type":"WebPage","@id":"https:\/\/nishiki-cycle.com\/demo\/san-pham\/rolex-submariner-date-126610lv-0002\/","url":"https:\/\/nishiki-cycle.com\/demo\/san-pham\/rolex-submariner-date-126610lv-0002\/","name":"Rolex Submariner Date 126610LV-0002 - Phoenix Luxury","isPartOf":{"@id":"https:\/\/nishiki-cycle.com\/demo\/#website"},"datePublished":"2024-02-13T19:45:28+00:00","dateModified":"2024-02-13T19:45:28+00:00","description":"M\u1eb7t s\u1ed1 Rolex Submariner Date 126610LV-0002\u00a0ph\u00e1t quang Chromalight gi\u00fap c\u1ea3i thi\u1ec7n kh\u1ea3 n\u0103ng hi\u1ec3n th\u1ecb trong m\u00f4i tr\u01b0\u1eddng t\u1ed1i, ph\u00f9 h\u1ee3p v\u1edbi th\u1ee3 l\u1eb7n.","breadcrumb":{"@id":"https:\/\/nishiki-cycle.com\/demo\/san-pham\/rolex-submariner-date-126610lv-0002\/#breadcrumb"},"inLanguage":"vi","potentialAction":[{"@type":"ReadAction","target":["https:\/\/nishiki-cycle.com\/demo\/san-pham\/rolex-submariner-date-126610lv-0002\/"]}]},{"@type":"BreadcrumbList","@id":"https:\/\/nishiki-cycle.com\/demo\/san-pham\/rolex-submariner-date-126610lv-0002\/#breadcrumb","itemListElement":[{"@type":"ListItem","position":1,"name":"Trang ch\u1ee7","item":"https:\/\/nishiki-cycle.com\/demo\/"},{"@type":"ListItem","position":2,"name":"C\u1eeda h\u00e0ng","item":"https:\/\/nishiki-cycle.com\/demo\/cua-hang\/"},{"@type":"ListItem","position":3,"name":"Rolex Submariner Date 126610LV-0002"}]},{"@type":"WebSite","@id":"https:\/\/nishiki-cycle.com\/demo\/#website","url":"https:\/\/nishiki-cycle.com\/demo\/","name":"Phoenix Luxury","description":"","potentialAction":[{"@type":"SearchAction","target":{"@type":"EntryPoint","urlTemplate":"https:\/\/nishiki-cycle.com\/demo\/?s={search_term_string}"},"query-input":"required name=search_term_string"}],"inLanguage":"vi"}]}},"_links":{"self":[{"href":"https:\/\/nishiki-cycle.com\/demo\/wp-json\/wp\/v2\/product\/11776","targetHints":{"allow":["GET"]}}],"collection":[{"href":"https:\/\/nishiki-cycle.com\/demo\/wp-json\/wp\/v2\/product"}],"about":[{"href":"https:\/\/nishiki-cycle.com\/demo\/wp-json\/wp\/v2\/types\/product"}],"replies":[{"embeddable":true,"href":"https:\/\/nishiki-cycle.com\/demo\/wp-json\/wp\/v2\/comments?post=11776"}],"wp:featuredmedia":[{"embeddable":true,"href":"https:\/\/nishiki-cycle.com\/demo\/wp-json\/wp\/v2\/media\/11777"}],"wp:attachment":[{"href":"https:\/\/nishiki-cycle.com\/demo\/wp-json\/wp\/v2\/media?parent=11776"}],"wp:term":[{"taxonomy":"product_cat","embeddable":true,"href":"https:\/\/nishiki-cycle.com\/demo\/wp-json\/wp\/v2\/product_cat?post=11776"},{"taxonomy":"product_tag","embeddable":true,"href":"https:\/\/nishiki-cycle.com\/demo\/wp-json\/wp\/v2\/product_tag?post=11776"}],"curies":[{"name":"wp","href":"https:\/\/api.w.org\/{rel}","templated":true}]}}