{"id":11846,"date":"2024-02-17T09:37:18","date_gmt":"2024-02-17T09:37:18","guid":{"rendered":"https:\/\/nishiki-cycle.com\/demo\/?post_type=product&#038;p=11846"},"modified":"2024-02-17T09:37:34","modified_gmt":"2024-02-17T09:37:34","slug":"rolex-sky-dweller-42mm-326939-0007","status":"publish","type":"product","link":"https:\/\/nishiki-cycle.com\/demo\/san-pham\/rolex-sky-dweller-42mm-326939-0007\/","title":{"rendered":"Rolex Sky-Dweller 42mm 326939-0007"},"content":{"rendered":"<p><img fetchpriority=\"high\" decoding=\"async\" class=\"size-medium wp-image-11847 aligncenter\" src=\"https:\/\/nishiki-cycle.com\/demo\/wp-content\/uploads\/2024\/02\/1-300x300.png\" alt=\"\" width=\"300\" height=\"300\" srcset=\"https:\/\/nishiki-cycle.com\/demo\/wp-content\/uploads\/2024\/02\/1-300x300.png 300w, https:\/\/nishiki-cycle.com\/demo\/wp-content\/uploads\/2024\/02\/1-150x150.png 150w, https:\/\/nishiki-cycle.com\/demo\/wp-content\/uploads\/2024\/02\/1-768x768.png 768w, https:\/\/nishiki-cycle.com\/demo\/wp-content\/uploads\/2024\/02\/1-600x600.png 600w, https:\/\/nishiki-cycle.com\/demo\/wp-content\/uploads\/2024\/02\/1-100x100.png 100w, https:\/\/nishiki-cycle.com\/demo\/wp-content\/uploads\/2024\/02\/1.png 900w\" sizes=\"(max-width: 300px) 100vw, 300px\" \/><\/p>\n<p>Thu\u1ed9c Sky-Dweller, <a href=\"https:\/\/nishiki-cycle.com\/demo\/danh-muc-san-pham\/rolex\/\"><strong>Rolex<\/strong> <\/a>Sky-Dweller 42mm 326939-0007 \u0111\u01b0\u1ee3c thi\u1ebft k\u1ebf v\u1edbi ngo\u1ea1i h\u00ecnh m\u1ea1nh m\u1ebd v\u00e0 b\u00f9ng n\u1ed5.<\/p>\n<p>\u0110\u1ea7u ti\u00ean ph\u1ea3i k\u1ec3 \u0111\u1ebfn l\u00e0 m\u1eb7t s\u1ed1 m\u00e0u \u0111en c\u1ef1c manly c\u1ee7a \u0111\u1ed3ng h\u1ed3, tr\u00ean m\u1eb7t s\u1ed1 m\u00e0u \u0111en tuy\u1ec1n t\u00e1o b\u1ea1o l\u00e0 nh\u1eefng c\u1ecdc s\u1ed1 d\u00e1ng g\u1eady. Nh\u1eefng c\u1ecdc s\u1ed1 n\u00e0y \u0111\u1ec1u \u0111\u00e3 \u0111\u01b0\u1ee3c \u0111\u00e1nh b\u00f3ng k\u0129 c\u00e0ng mang \u0111\u1ebfn hi\u1ec7u \u1ee9ng s\u00e1ng b\u00f3ng tr\u00ean m\u1eb7t c\u1ee7a \u0111\u1ed3ng h\u1ed3. K\u1ebf \u0111\u1ebfn l\u00e0 m\u1ed9t v\u00f2ng tr\u00f2n l\u1ec7ch t\u00e2m n\u1eb1m g\u1ea7n gi\u1eefa trung t\u00e2m c\u1ee7a \u0111\u1ed3ng h\u1ed3. V\u00f2ng tr\u00f2n n\u00e0y hi\u1ec7n th\u1ecb th\u1eddi gian 24 gi\u1edd v\u1edbi v\u00f2ng tr\u00f2n m\u00e0u tr\u1eafng v\u00e0 ch\u1eef s\u1ed1 m\u00e0u \u0111en \u0111\u1ec3 ng\u01b0\u1eddi d\u00f9ng ti\u1ec7n quan s\u00e1t.<\/p>\n<p>\u0110\u1ec3 t\u1ea1o n\u00ean v\u1ebb \u0111\u1eb9p thu h\u00fat cho t\u1ed5ng th\u1ec3 c\u1ed7 m\u00e1y, Rolex \u0111\u00e3 s\u1eed d\u1ee5ng ch\u1ea5t li\u1ec7u v\u00e0ng tr\u1eafng 18k qu\u00fd gi\u00e1 c\u00f9ng thi\u1ebft k\u1ebf m\u1eb7t s\u1ed1 \u0111\u1ebfn 42mm mang \u0111\u1ebfn kh\u1ea3 n\u0103ng \u0111\u1ecdc th\u1eddi gian d\u1ec5 d\u00e0ng d\u00f9 ng\u01b0\u1eddi ch\u01a1i ch\u1ec9 nh\u00ecn l\u01b0\u1edbt qua c\u0169ng c\u00f3 th\u1ec3 xem \u0111\u01b0\u1ee3c th\u1eddi gian.<\/p>\n<p>H\u1ea7u h\u1ebft \u0111\u1ed3ng h\u1ed3 Rolex \u0111\u1ec1u r\u1ea5t \u0111\u01b0\u1ee3c quan t\u00e2m v\u1ec1 b\u1ed9 m\u00e1y v\u1eadn h\u00e0nh, v\u00ec v\u1ead\u1ef5 v\u1edbi m\u1eabu \u0111\u1ed3ng h\u1ed3 Rolex Sky-Dweller 42mm 326939-0007, nh\u00e0 s\u1ea3n xu\u1ea5t \u0111\u00e3 trang b\u1ecb cho model b\u1ed9 m\u00e1y Calibre 9001 ri\u00eang bi\u1ec7t c\u00f3 kh\u1ea3 n\u0103ng ch\u1ed1ng ch\u1ecbu t\u1ed1t, b\u1ec1n b\u1ec9 v\u00e0 m\u1ee9c d\u1ef1 tr\u1eef n\u0103ng l\u01b0\u1ee3ng thu\u1ed9c d\u1ea1ng kh\u1ee7ng.<\/p>\n","protected":false},"excerpt":{"rendered":"<p>M\u00e3: 326939-0007<\/p>\n<p>Xu\u1ea5t x\u1ee9: Th\u1ee5y S\u0129<\/p>\n<p>K\u00edch th\u01b0\u1edbc: 42 mm<\/p>\n<p>K\u00ednh: Sapphire<\/p>\n<p>M\u1eb7t s\u1ed1: Black<\/p>\n<p>B\u1ed9 m\u00e1y: Automatic &#8211; Calibre 9001<\/p>\n<p>D\u1ef1 tr\u1eef n\u0103ng l\u01b0\u1ee3ng: 72 gi\u1edd<\/p>\n<p>Ch\u1ee9c n\u0103ng:\u00a0Gi\u1edd, Ph\u00fat, Gi\u00e2y, M\u00fai gi\u1edd th\u1ee9 hai<\/p>\n<p>Ch\u1ea5t li\u1ec7u: V\u00e0ng tr\u1eafng 18k<\/p>\n<p>Bezel: V\u00e0ng tr\u1eafng 18k<\/p>\n<p>Kh\u00e1ng n\u01b0\u1edbc: 100m (10 ATM)<\/p>\n<p>D\u00e2y \u0111eo:\u00a0Oyster<\/p>\n<p>Ch\u1ea5t li\u1ec7u d\u00e2y \u0111eo: V\u00e0ng tr\u1eafng 18k<\/p>\n","protected":false},"featured_media":11847,"comment_status":"open","ping_status":"closed","template":"","meta":[],"product_cat":[334,195,319,338],"product_tag":[],"class_list":["post-11846","product","type-product","status-publish","has-post-thumbnail","hentry","product_cat-40mm-42mm","product_cat-mens-watches","product_cat-rolex","product_cat-vang-trang-18k","product_brand-rolex"],"yoast_head":"<!-- This site is optimized with the Yoast SEO plugin v21.6 - https:\/\/yoast.com\/wordpress\/plugins\/seo\/ -->\n<title>Rolex Sky-Dweller 42mm 326939-0007 - Phoenix Luxury<\/title>\n<meta name=\"description\" content=\"Rolex Sky-Dweller 42mm 326939-0007 \u0111\u01b0\u1ee3c trang b\u1ecb b\u1ed9 m\u00e1y Calibre 9001 ri\u00eang bi\u1ec7t c\u00f3 kh\u1ea3 n\u0103ng ch\u1ed1ng ch\u1ecbu t\u1ed1t, m\u1ee9c d\u1ef1 tr\u1eef n\u0103ng l\u01b0\u1ee3ng thu\u1ed9c d\u1ea1ng kh\u1ee7ng.\u00a0\" \/>\n<meta name=\"robots\" content=\"index, follow, max-snippet:-1, max-image-preview:large, max-video-preview:-1\" \/>\n<link rel=\"canonical\" href=\"https:\/\/nishiki-cycle.com\/demo\/san-pham\/rolex-sky-dweller-42mm-326939-0007\/\" \/>\n<meta property=\"og:locale\" content=\"vi_VN\" \/>\n<meta property=\"og:type\" content=\"article\" \/>\n<meta property=\"og:title\" content=\"Rolex Sky-Dweller 42mm 326939-0007 - Phoenix Luxury\" \/>\n<meta property=\"og:description\" content=\"Rolex Sky-Dweller 42mm 326939-0007 \u0111\u01b0\u1ee3c trang b\u1ecb b\u1ed9 m\u00e1y Calibre 9001 ri\u00eang bi\u1ec7t c\u00f3 kh\u1ea3 n\u0103ng ch\u1ed1ng ch\u1ecbu t\u1ed1t, m\u1ee9c d\u1ef1 tr\u1eef n\u0103ng l\u01b0\u1ee3ng thu\u1ed9c d\u1ea1ng kh\u1ee7ng.\u00a0\" \/>\n<meta property=\"og:url\" content=\"https:\/\/nishiki-cycle.com\/demo\/san-pham\/rolex-sky-dweller-42mm-326939-0007\/\" \/>\n<meta property=\"og:site_name\" content=\"Phoenix Luxury\" \/>\n<meta property=\"article:modified_time\" content=\"2024-02-17T09:37:34+00:00\" \/>\n<meta property=\"og:image\" content=\"https:\/\/nishiki-cycle.com\/demo\/wp-content\/uploads\/2024\/02\/1.png\" \/>\n\t<meta property=\"og:image:width\" content=\"900\" \/>\n\t<meta property=\"og:image:height\" content=\"900\" \/>\n\t<meta property=\"og:image:type\" content=\"image\/png\" \/>\n<meta name=\"twitter:card\" content=\"summary_large_image\" \/>\n<meta name=\"twitter:label1\" content=\"\u01af\u1edbc t\u00ednh th\u1eddi gian \u0111\u1ecdc\" \/>\n\t<meta name=\"twitter:data1\" content=\"2 ph\u00fat\" \/>\n<script type=\"application\/ld+json\" class=\"yoast-schema-graph\">{\"@context\":\"https:\/\/schema.org\",\"@graph\":[{\"@type\":\"WebPage\",\"@id\":\"https:\/\/nishiki-cycle.com\/demo\/san-pham\/rolex-sky-dweller-42mm-326939-0007\/\",\"url\":\"https:\/\/nishiki-cycle.com\/demo\/san-pham\/rolex-sky-dweller-42mm-326939-0007\/\",\"name\":\"Rolex Sky-Dweller 42mm 326939-0007 - Phoenix Luxury\",\"isPartOf\":{\"@id\":\"https:\/\/nishiki-cycle.com\/demo\/#website\"},\"datePublished\":\"2024-02-17T09:37:18+00:00\",\"dateModified\":\"2024-02-17T09:37:34+00:00\",\"description\":\"Rolex Sky-Dweller 42mm 326939-0007 \u0111\u01b0\u1ee3c trang b\u1ecb b\u1ed9 m\u00e1y Calibre 9001 ri\u00eang bi\u1ec7t c\u00f3 kh\u1ea3 n\u0103ng ch\u1ed1ng ch\u1ecbu t\u1ed1t, m\u1ee9c d\u1ef1 tr\u1eef n\u0103ng l\u01b0\u1ee3ng thu\u1ed9c d\u1ea1ng kh\u1ee7ng.\u00a0\",\"breadcrumb\":{\"@id\":\"https:\/\/nishiki-cycle.com\/demo\/san-pham\/rolex-sky-dweller-42mm-326939-0007\/#breadcrumb\"},\"inLanguage\":\"vi\",\"potentialAction\":[{\"@type\":\"ReadAction\",\"target\":[\"https:\/\/nishiki-cycle.com\/demo\/san-pham\/rolex-sky-dweller-42mm-326939-0007\/\"]}]},{\"@type\":\"BreadcrumbList\",\"@id\":\"https:\/\/nishiki-cycle.com\/demo\/san-pham\/rolex-sky-dweller-42mm-326939-0007\/#breadcrumb\",\"itemListElement\":[{\"@type\":\"ListItem\",\"position\":1,\"name\":\"Trang ch\u1ee7\",\"item\":\"https:\/\/nishiki-cycle.com\/demo\/\"},{\"@type\":\"ListItem\",\"position\":2,\"name\":\"C\u1eeda h\u00e0ng\",\"item\":\"https:\/\/nishiki-cycle.com\/demo\/cua-hang\/\"},{\"@type\":\"ListItem\",\"position\":3,\"name\":\"Rolex Sky-Dweller 42mm 326939-0007\"}]},{\"@type\":\"WebSite\",\"@id\":\"https:\/\/nishiki-cycle.com\/demo\/#website\",\"url\":\"https:\/\/nishiki-cycle.com\/demo\/\",\"name\":\"Phoenix Luxury\",\"description\":\"\",\"potentialAction\":[{\"@type\":\"SearchAction\",\"target\":{\"@type\":\"EntryPoint\",\"urlTemplate\":\"https:\/\/nishiki-cycle.com\/demo\/?s={search_term_string}\"},\"query-input\":\"required name=search_term_string\"}],\"inLanguage\":\"vi\"}]}<\/script>\n<!-- \/ Yoast SEO plugin. -->","yoast_head_json":{"title":"Rolex Sky-Dweller 42mm 326939-0007 - Phoenix Luxury","description":"Rolex Sky-Dweller 42mm 326939-0007 \u0111\u01b0\u1ee3c trang b\u1ecb b\u1ed9 m\u00e1y Calibre 9001 ri\u00eang bi\u1ec7t c\u00f3 kh\u1ea3 n\u0103ng ch\u1ed1ng ch\u1ecbu t\u1ed1t, m\u1ee9c d\u1ef1 tr\u1eef n\u0103ng l\u01b0\u1ee3ng thu\u1ed9c d\u1ea1ng kh\u1ee7ng.\u00a0","robots":{"index":"index","follow":"follow","max-snippet":"max-snippet:-1","max-image-preview":"max-image-preview:large","max-video-preview":"max-video-preview:-1"},"canonical":"https:\/\/nishiki-cycle.com\/demo\/san-pham\/rolex-sky-dweller-42mm-326939-0007\/","og_locale":"vi_VN","og_type":"article","og_title":"Rolex Sky-Dweller 42mm 326939-0007 - Phoenix Luxury","og_description":"Rolex Sky-Dweller 42mm 326939-0007 \u0111\u01b0\u1ee3c trang b\u1ecb b\u1ed9 m\u00e1y Calibre 9001 ri\u00eang bi\u1ec7t c\u00f3 kh\u1ea3 n\u0103ng ch\u1ed1ng ch\u1ecbu t\u1ed1t, m\u1ee9c d\u1ef1 tr\u1eef n\u0103ng l\u01b0\u1ee3ng thu\u1ed9c d\u1ea1ng kh\u1ee7ng.\u00a0","og_url":"https:\/\/nishiki-cycle.com\/demo\/san-pham\/rolex-sky-dweller-42mm-326939-0007\/","og_site_name":"Phoenix Luxury","article_modified_time":"2024-02-17T09:37:34+00:00","og_image":[{"width":900,"height":900,"url":"https:\/\/nishiki-cycle.com\/demo\/wp-content\/uploads\/2024\/02\/1.png","type":"image\/png"}],"twitter_card":"summary_large_image","twitter_misc":{"\u01af\u1edbc t\u00ednh th\u1eddi gian \u0111\u1ecdc":"2 ph\u00fat"},"schema":{"@context":"https:\/\/schema.org","@graph":[{"@type":"WebPage","@id":"https:\/\/nishiki-cycle.com\/demo\/san-pham\/rolex-sky-dweller-42mm-326939-0007\/","url":"https:\/\/nishiki-cycle.com\/demo\/san-pham\/rolex-sky-dweller-42mm-326939-0007\/","name":"Rolex Sky-Dweller 42mm 326939-0007 - Phoenix Luxury","isPartOf":{"@id":"https:\/\/nishiki-cycle.com\/demo\/#website"},"datePublished":"2024-02-17T09:37:18+00:00","dateModified":"2024-02-17T09:37:34+00:00","description":"Rolex Sky-Dweller 42mm 326939-0007 \u0111\u01b0\u1ee3c trang b\u1ecb b\u1ed9 m\u00e1y Calibre 9001 ri\u00eang bi\u1ec7t c\u00f3 kh\u1ea3 n\u0103ng ch\u1ed1ng ch\u1ecbu t\u1ed1t, m\u1ee9c d\u1ef1 tr\u1eef n\u0103ng l\u01b0\u1ee3ng thu\u1ed9c d\u1ea1ng kh\u1ee7ng.\u00a0","breadcrumb":{"@id":"https:\/\/nishiki-cycle.com\/demo\/san-pham\/rolex-sky-dweller-42mm-326939-0007\/#breadcrumb"},"inLanguage":"vi","potentialAction":[{"@type":"ReadAction","target":["https:\/\/nishiki-cycle.com\/demo\/san-pham\/rolex-sky-dweller-42mm-326939-0007\/"]}]},{"@type":"BreadcrumbList","@id":"https:\/\/nishiki-cycle.com\/demo\/san-pham\/rolex-sky-dweller-42mm-326939-0007\/#breadcrumb","itemListElement":[{"@type":"ListItem","position":1,"name":"Trang ch\u1ee7","item":"https:\/\/nishiki-cycle.com\/demo\/"},{"@type":"ListItem","position":2,"name":"C\u1eeda h\u00e0ng","item":"https:\/\/nishiki-cycle.com\/demo\/cua-hang\/"},{"@type":"ListItem","position":3,"name":"Rolex Sky-Dweller 42mm 326939-0007"}]},{"@type":"WebSite","@id":"https:\/\/nishiki-cycle.com\/demo\/#website","url":"https:\/\/nishiki-cycle.com\/demo\/","name":"Phoenix Luxury","description":"","potentialAction":[{"@type":"SearchAction","target":{"@type":"EntryPoint","urlTemplate":"https:\/\/nishiki-cycle.com\/demo\/?s={search_term_string}"},"query-input":"required name=search_term_string"}],"inLanguage":"vi"}]}},"_links":{"self":[{"href":"https:\/\/nishiki-cycle.com\/demo\/wp-json\/wp\/v2\/product\/11846","targetHints":{"allow":["GET"]}}],"collection":[{"href":"https:\/\/nishiki-cycle.com\/demo\/wp-json\/wp\/v2\/product"}],"about":[{"href":"https:\/\/nishiki-cycle.com\/demo\/wp-json\/wp\/v2\/types\/product"}],"replies":[{"embeddable":true,"href":"https:\/\/nishiki-cycle.com\/demo\/wp-json\/wp\/v2\/comments?post=11846"}],"wp:featuredmedia":[{"embeddable":true,"href":"https:\/\/nishiki-cycle.com\/demo\/wp-json\/wp\/v2\/media\/11847"}],"wp:attachment":[{"href":"https:\/\/nishiki-cycle.com\/demo\/wp-json\/wp\/v2\/media?parent=11846"}],"wp:term":[{"taxonomy":"product_cat","embeddable":true,"href":"https:\/\/nishiki-cycle.com\/demo\/wp-json\/wp\/v2\/product_cat?post=11846"},{"taxonomy":"product_tag","embeddable":true,"href":"https:\/\/nishiki-cycle.com\/demo\/wp-json\/wp\/v2\/product_tag?post=11846"}],"curies":[{"name":"wp","href":"https:\/\/api.w.org\/{rel}","templated":true}]}}