{"id":11850,"date":"2024-02-17T09:42:57","date_gmt":"2024-02-17T09:42:57","guid":{"rendered":"https:\/\/nishiki-cycle.com\/demo\/?post_type=product&#038;p=11850"},"modified":"2024-02-17T09:42:57","modified_gmt":"2024-02-17T09:42:57","slug":"rolex-sky-dweller-42mm-336235-0004","status":"publish","type":"product","link":"https:\/\/nishiki-cycle.com\/demo\/san-pham\/rolex-sky-dweller-42mm-336235-0004\/","title":{"rendered":"Rolex Sky-Dweller 42mm 336235-0004"},"content":{"rendered":"<p><img fetchpriority=\"high\" decoding=\"async\" class=\"size-medium wp-image-11851 aligncenter\" src=\"https:\/\/nishiki-cycle.com\/demo\/wp-content\/uploads\/2024\/02\/1-1-300x300.png\" alt=\"\" width=\"300\" height=\"300\" srcset=\"https:\/\/nishiki-cycle.com\/demo\/wp-content\/uploads\/2024\/02\/1-1-300x300.png 300w, https:\/\/nishiki-cycle.com\/demo\/wp-content\/uploads\/2024\/02\/1-1-150x150.png 150w, https:\/\/nishiki-cycle.com\/demo\/wp-content\/uploads\/2024\/02\/1-1-768x768.png 768w, https:\/\/nishiki-cycle.com\/demo\/wp-content\/uploads\/2024\/02\/1-1-600x600.png 600w, https:\/\/nishiki-cycle.com\/demo\/wp-content\/uploads\/2024\/02\/1-1-100x100.png 100w, https:\/\/nishiki-cycle.com\/demo\/wp-content\/uploads\/2024\/02\/1-1.png 900w\" sizes=\"(max-width: 300px) 100vw, 300px\" \/><\/p>\n<p><a href=\"https:\/\/nishiki-cycle.com\/demo\/danh-muc-san-pham\/rolex\/\"><strong>Rolex<\/strong><\/a> Sky-Dweller 42mm 336235-0004 \u0111\u01b0\u1ee3c thi\u1ebft k\u1ebf v\u1edbi ngo\u1ea1i h\u00ecnh m\u1ea1nh m\u1ebd v\u00e0 th\u1eddi th\u01b0\u1ee3ng. C\u00f3 th\u1ec3 n\u00f3i v\u1edbi thi\u1ebft k\u1ebf b\u00f9ng n\u1ed5 n\u00e0y, \u0111\u1ed3ng h\u1ed3 d\u1ec5 d\u00e0ng chinh ph\u1ee5c \u0111\u01b0\u1ee3c c\u1ea3 nh\u1eefng v\u1ecb ch\u1ee7 nh\u00e2n kh\u00f3 t\u00ednh, th\u1eadm ch\u00ed l\u00e0 c\u1ef1c k\u00ec k\u0129 t\u00ednh v\u00e0 y\u00eau th\u00edch s\u1ef1 t\u1ec9 m\u1ec9 trong qu\u00e1 tr\u00ecnh ch\u1ebf t\u00e1c th\u1eddi gian.<\/p>\n<p>\u0110\u1ea7u ti\u00ean ph\u1ea3i k\u1ec3 \u0111\u1ebfn l\u00e0 m\u1eb7t s\u1ed1\u00a0Slate\u00a0c\u1ef1c trendy c\u1ee7a \u0111\u1ed3ng h\u1ed3, tr\u00ean m\u1eb7t s\u1ed1\u00a0Slate\u00a0t\u00e1o b\u1ea1o l\u00e0 nh\u1eefng c\u1ecdc s\u1ed1 d\u1ea1ng tia \u0111\u00e3 ph\u1ee7 d\u1ea1 quang n\u1ed5i b\u1eadt. Nh\u1eefng c\u1ecdc s\u1ed1 n\u00e0y \u0111\u1ec1u \u0111\u00e3 \u0111\u01b0\u1ee3c \u0111\u00e1nh b\u00f3ng k\u0129 c\u00e0ng mang \u0111\u1ebfn hi\u1ec7u \u1ee9ng s\u00e1ng b\u00f3ng tr\u00ean m\u1eb7t c\u1ee7a \u0111\u1ed3ng h\u1ed3, \u0111\u1eb7c bi\u1ec7t v\u00ec l\u00e0 \u0111\u1ed3ng h\u1ed3 \u0111\u01b0\u1ee3c ph\u1ee7 d\u1ea1 quang n\u00ean d\u00f9 trong \u0111i\u1ec1u ki\u1ec7n thi\u1ebfu s\u00e1ng \u0111\u1ed3ng h\u1ed3 c\u0169ng d\u1ec5 d\u00e0ng theo d\u00f5i th\u1eddi gian. K\u1ebf \u0111\u1ebfn l\u00e0 m\u1ed9t v\u00f2ng tr\u00f2n l\u1ec7ch t\u00e2m n\u1eb1m g\u1ea7n gi\u1eefa trung t\u00e2m c\u1ee7a \u0111\u1ed3ng h\u1ed3. V\u00f2ng tr\u00f2n n\u00e0y hi\u1ec7n th\u1ecb th\u1eddi gian 24 gi\u1edd v\u1edbi v\u00f2ng tr\u00f2n m\u00e0u ghi v\u00e0 ch\u1eef s\u1ed1 m\u00e0u tr\u1eafng \u0111\u1ec3 ng\u01b0\u1eddi d\u00f9ng ti\u1ec7n quan s\u00e1t.<\/p>\n<p>\u0110\u1ec3 t\u1ea1o n\u00ean v\u1ebb \u0111\u1eb9p thu h\u00fat cho t\u1ed5ng th\u1ec3 c\u1ed7 m\u00e1y, Rolex \u0111\u00e3 s\u1eed d\u1ee5ng ch\u1ea5t li\u1ec7u v\u00e0ng Everose qu\u00fd gi\u00e1, m\u1ed9t lo\u1ea1i v\u00e0ng \u0111\u1ed9c quy\u1ec1n c\u1ee7a Rolex s\u1ea3n xu\u1ea5t, c\u00f9ng thi\u1ebft k\u1ebf m\u1eb7t s\u1ed1 \u0111\u1ebfn 42mm mang \u0111\u1ebfn kh\u1ea3 n\u0103ng \u0111\u1ecdc th\u1eddi gian d\u1ec5 d\u00e0ng d\u00f9 ng\u01b0\u1eddi ch\u01a1i ch\u1ec9 nh\u00ecn l\u01b0\u1edbt qua c\u0169ng c\u00f3 th\u1ec3 xem \u0111\u01b0\u1ee3c th\u1eddi gian.<\/p>\n<p>H\u1ea7u h\u1ebft \u0111\u1ed3ng h\u1ed3 Rolex \u0111\u1ec1u r\u1ea5t \u0111\u01b0\u1ee3c quan t\u00e2m v\u1ec1 b\u1ed9 m\u00e1y v\u1eadn h\u00e0nh, v\u00ec v\u1ead\u1ef5 v\u1edbi m\u1eabu \u0111\u1ed3ng h\u1ed3 Rolex Sky-Dweller 42mm 336235-0004, nh\u00e0 s\u1ea3n xu\u1ea5t \u0111\u00e3 trang b\u1ecb cho model b\u1ed9 m\u00e1y Calibre 9002 ri\u00eang bi\u1ec7t c\u00f3 kh\u1ea3 n\u0103ng ch\u1ed1ng ch\u1ecbu t\u1ed1t, b\u1ec1n b\u1ec9 v\u00e0 m\u1ee9c d\u1ef1 tr\u1eef n\u0103ng l\u01b0\u1ee3ng thu\u1ed9c d\u1ea1ng kh\u1ee7ng, \u0111\u1ebfn 72 gi\u1edd khi \u0111\u01b0\u1ee3c l\u00ean c\u00f3t \u0111\u1ee7.<\/p>\n","protected":false},"excerpt":{"rendered":"<p>M\u00e3:\u00a0336235-0004<\/p>\n<p>Xu\u1ea5t x\u1ee9: Th\u1ee5y S\u0129<\/p>\n<p>K\u00edch th\u01b0\u1edbc: 42 mm<\/p>\n<p>K\u00ednh: Sapphire<\/p>\n<p>M\u1eb7t s\u1ed1:\u00a0Slate<\/p>\n<p>B\u1ed9 m\u00e1y: Automatic &#8211; Calibre 9002<\/p>\n<p>D\u1ef1 tr\u1eef n\u0103ng l\u01b0\u1ee3ng: 72 gi\u1edd<\/p>\n<p>Ch\u1ee9c n\u0103ng:\u00a0Gi\u1edd, Ph\u00fat, Gi\u00e2y, M\u00fai gi\u1edd th\u1ee9 hai<\/p>\n<p>Ch\u1ea5t li\u1ec7u: V\u00e0ng\u00a0Everose<\/p>\n<p>Bezel: V\u00e0ng\u00a0Everose<\/p>\n<p>Kh\u00e1ng n\u01b0\u1edbc: 100m (10 ATM)<\/p>\n<p>D\u00e2y \u0111eo:\u00a0Oysterflex<\/p>\n","protected":false},"featured_media":11851,"comment_status":"open","ping_status":"closed","template":"","meta":[],"product_cat":[334,195,319],"product_tag":[],"class_list":["post-11850","product","type-product","status-publish","has-post-thumbnail","hentry","product_cat-40mm-42mm","product_cat-mens-watches","product_cat-rolex","product_brand-rolex"],"yoast_head":"<!-- This site is optimized with the Yoast SEO plugin v21.6 - https:\/\/yoast.com\/wordpress\/plugins\/seo\/ -->\n<title>Rolex Sky-Dweller 42mm 336235-0004 - Phoenix Luxury<\/title>\n<meta name=\"description\" content=\"Rolex Sky-Dweller 42mm 336235-0004 \u0111\u01b0\u1ee3c thi\u1ebft k\u1ebf v\u1edbi ngo\u1ea1i h\u00ecnh m\u1ea1nh m\u1ebd v\u00e0 th\u1eddi th\u01b0\u1ee3ng.\" \/>\n<meta name=\"robots\" content=\"index, follow, max-snippet:-1, max-image-preview:large, max-video-preview:-1\" \/>\n<link rel=\"canonical\" href=\"https:\/\/nishiki-cycle.com\/demo\/san-pham\/rolex-sky-dweller-42mm-336235-0004\/\" \/>\n<meta property=\"og:locale\" content=\"vi_VN\" \/>\n<meta property=\"og:type\" content=\"article\" \/>\n<meta property=\"og:title\" content=\"Rolex Sky-Dweller 42mm 336235-0004 - Phoenix Luxury\" \/>\n<meta property=\"og:description\" content=\"Rolex Sky-Dweller 42mm 336235-0004 \u0111\u01b0\u1ee3c thi\u1ebft k\u1ebf v\u1edbi ngo\u1ea1i h\u00ecnh m\u1ea1nh m\u1ebd v\u00e0 th\u1eddi th\u01b0\u1ee3ng.\" \/>\n<meta property=\"og:url\" content=\"https:\/\/nishiki-cycle.com\/demo\/san-pham\/rolex-sky-dweller-42mm-336235-0004\/\" \/>\n<meta property=\"og:site_name\" content=\"Phoenix Luxury\" \/>\n<meta property=\"og:image\" content=\"https:\/\/nishiki-cycle.com\/demo\/wp-content\/uploads\/2024\/02\/1-1.png\" \/>\n\t<meta property=\"og:image:width\" content=\"900\" \/>\n\t<meta property=\"og:image:height\" content=\"900\" \/>\n\t<meta property=\"og:image:type\" content=\"image\/png\" \/>\n<meta name=\"twitter:card\" content=\"summary_large_image\" \/>\n<meta name=\"twitter:label1\" content=\"\u01af\u1edbc t\u00ednh th\u1eddi gian \u0111\u1ecdc\" \/>\n\t<meta name=\"twitter:data1\" content=\"2 ph\u00fat\" \/>\n<script type=\"application\/ld+json\" class=\"yoast-schema-graph\">{\"@context\":\"https:\/\/schema.org\",\"@graph\":[{\"@type\":\"WebPage\",\"@id\":\"https:\/\/nishiki-cycle.com\/demo\/san-pham\/rolex-sky-dweller-42mm-336235-0004\/\",\"url\":\"https:\/\/nishiki-cycle.com\/demo\/san-pham\/rolex-sky-dweller-42mm-336235-0004\/\",\"name\":\"Rolex Sky-Dweller 42mm 336235-0004 - Phoenix Luxury\",\"isPartOf\":{\"@id\":\"https:\/\/nishiki-cycle.com\/demo\/#website\"},\"datePublished\":\"2024-02-17T09:42:57+00:00\",\"dateModified\":\"2024-02-17T09:42:57+00:00\",\"description\":\"Rolex Sky-Dweller 42mm 336235-0004 \u0111\u01b0\u1ee3c thi\u1ebft k\u1ebf v\u1edbi ngo\u1ea1i h\u00ecnh m\u1ea1nh m\u1ebd v\u00e0 th\u1eddi th\u01b0\u1ee3ng.\",\"breadcrumb\":{\"@id\":\"https:\/\/nishiki-cycle.com\/demo\/san-pham\/rolex-sky-dweller-42mm-336235-0004\/#breadcrumb\"},\"inLanguage\":\"vi\",\"potentialAction\":[{\"@type\":\"ReadAction\",\"target\":[\"https:\/\/nishiki-cycle.com\/demo\/san-pham\/rolex-sky-dweller-42mm-336235-0004\/\"]}]},{\"@type\":\"BreadcrumbList\",\"@id\":\"https:\/\/nishiki-cycle.com\/demo\/san-pham\/rolex-sky-dweller-42mm-336235-0004\/#breadcrumb\",\"itemListElement\":[{\"@type\":\"ListItem\",\"position\":1,\"name\":\"Trang ch\u1ee7\",\"item\":\"https:\/\/nishiki-cycle.com\/demo\/\"},{\"@type\":\"ListItem\",\"position\":2,\"name\":\"C\u1eeda h\u00e0ng\",\"item\":\"https:\/\/nishiki-cycle.com\/demo\/cua-hang\/\"},{\"@type\":\"ListItem\",\"position\":3,\"name\":\"Rolex Sky-Dweller 42mm 336235-0004\"}]},{\"@type\":\"WebSite\",\"@id\":\"https:\/\/nishiki-cycle.com\/demo\/#website\",\"url\":\"https:\/\/nishiki-cycle.com\/demo\/\",\"name\":\"Phoenix Luxury\",\"description\":\"\",\"potentialAction\":[{\"@type\":\"SearchAction\",\"target\":{\"@type\":\"EntryPoint\",\"urlTemplate\":\"https:\/\/nishiki-cycle.com\/demo\/?s={search_term_string}\"},\"query-input\":\"required name=search_term_string\"}],\"inLanguage\":\"vi\"}]}<\/script>\n<!-- \/ Yoast SEO plugin. -->","yoast_head_json":{"title":"Rolex Sky-Dweller 42mm 336235-0004 - Phoenix Luxury","description":"Rolex Sky-Dweller 42mm 336235-0004 \u0111\u01b0\u1ee3c thi\u1ebft k\u1ebf v\u1edbi ngo\u1ea1i h\u00ecnh m\u1ea1nh m\u1ebd v\u00e0 th\u1eddi th\u01b0\u1ee3ng.","robots":{"index":"index","follow":"follow","max-snippet":"max-snippet:-1","max-image-preview":"max-image-preview:large","max-video-preview":"max-video-preview:-1"},"canonical":"https:\/\/nishiki-cycle.com\/demo\/san-pham\/rolex-sky-dweller-42mm-336235-0004\/","og_locale":"vi_VN","og_type":"article","og_title":"Rolex Sky-Dweller 42mm 336235-0004 - Phoenix Luxury","og_description":"Rolex Sky-Dweller 42mm 336235-0004 \u0111\u01b0\u1ee3c thi\u1ebft k\u1ebf v\u1edbi ngo\u1ea1i h\u00ecnh m\u1ea1nh m\u1ebd v\u00e0 th\u1eddi th\u01b0\u1ee3ng.","og_url":"https:\/\/nishiki-cycle.com\/demo\/san-pham\/rolex-sky-dweller-42mm-336235-0004\/","og_site_name":"Phoenix Luxury","og_image":[{"width":900,"height":900,"url":"https:\/\/nishiki-cycle.com\/demo\/wp-content\/uploads\/2024\/02\/1-1.png","type":"image\/png"}],"twitter_card":"summary_large_image","twitter_misc":{"\u01af\u1edbc t\u00ednh th\u1eddi gian \u0111\u1ecdc":"2 ph\u00fat"},"schema":{"@context":"https:\/\/schema.org","@graph":[{"@type":"WebPage","@id":"https:\/\/nishiki-cycle.com\/demo\/san-pham\/rolex-sky-dweller-42mm-336235-0004\/","url":"https:\/\/nishiki-cycle.com\/demo\/san-pham\/rolex-sky-dweller-42mm-336235-0004\/","name":"Rolex Sky-Dweller 42mm 336235-0004 - Phoenix Luxury","isPartOf":{"@id":"https:\/\/nishiki-cycle.com\/demo\/#website"},"datePublished":"2024-02-17T09:42:57+00:00","dateModified":"2024-02-17T09:42:57+00:00","description":"Rolex Sky-Dweller 42mm 336235-0004 \u0111\u01b0\u1ee3c thi\u1ebft k\u1ebf v\u1edbi ngo\u1ea1i h\u00ecnh m\u1ea1nh m\u1ebd v\u00e0 th\u1eddi th\u01b0\u1ee3ng.","breadcrumb":{"@id":"https:\/\/nishiki-cycle.com\/demo\/san-pham\/rolex-sky-dweller-42mm-336235-0004\/#breadcrumb"},"inLanguage":"vi","potentialAction":[{"@type":"ReadAction","target":["https:\/\/nishiki-cycle.com\/demo\/san-pham\/rolex-sky-dweller-42mm-336235-0004\/"]}]},{"@type":"BreadcrumbList","@id":"https:\/\/nishiki-cycle.com\/demo\/san-pham\/rolex-sky-dweller-42mm-336235-0004\/#breadcrumb","itemListElement":[{"@type":"ListItem","position":1,"name":"Trang ch\u1ee7","item":"https:\/\/nishiki-cycle.com\/demo\/"},{"@type":"ListItem","position":2,"name":"C\u1eeda h\u00e0ng","item":"https:\/\/nishiki-cycle.com\/demo\/cua-hang\/"},{"@type":"ListItem","position":3,"name":"Rolex Sky-Dweller 42mm 336235-0004"}]},{"@type":"WebSite","@id":"https:\/\/nishiki-cycle.com\/demo\/#website","url":"https:\/\/nishiki-cycle.com\/demo\/","name":"Phoenix Luxury","description":"","potentialAction":[{"@type":"SearchAction","target":{"@type":"EntryPoint","urlTemplate":"https:\/\/nishiki-cycle.com\/demo\/?s={search_term_string}"},"query-input":"required name=search_term_string"}],"inLanguage":"vi"}]}},"_links":{"self":[{"href":"https:\/\/nishiki-cycle.com\/demo\/wp-json\/wp\/v2\/product\/11850","targetHints":{"allow":["GET"]}}],"collection":[{"href":"https:\/\/nishiki-cycle.com\/demo\/wp-json\/wp\/v2\/product"}],"about":[{"href":"https:\/\/nishiki-cycle.com\/demo\/wp-json\/wp\/v2\/types\/product"}],"replies":[{"embeddable":true,"href":"https:\/\/nishiki-cycle.com\/demo\/wp-json\/wp\/v2\/comments?post=11850"}],"wp:featuredmedia":[{"embeddable":true,"href":"https:\/\/nishiki-cycle.com\/demo\/wp-json\/wp\/v2\/media\/11851"}],"wp:attachment":[{"href":"https:\/\/nishiki-cycle.com\/demo\/wp-json\/wp\/v2\/media?parent=11850"}],"wp:term":[{"taxonomy":"product_cat","embeddable":true,"href":"https:\/\/nishiki-cycle.com\/demo\/wp-json\/wp\/v2\/product_cat?post=11850"},{"taxonomy":"product_tag","embeddable":true,"href":"https:\/\/nishiki-cycle.com\/demo\/wp-json\/wp\/v2\/product_tag?post=11850"}],"curies":[{"name":"wp","href":"https:\/\/api.w.org\/{rel}","templated":true}]}}