{"id":11888,"date":"2024-02-19T19:04:09","date_gmt":"2024-02-19T19:04:09","guid":{"rendered":"https:\/\/nishiki-cycle.com\/demo\/?post_type=product&#038;p=11888"},"modified":"2024-02-19T19:04:09","modified_gmt":"2024-02-19T19:04:09","slug":"rolex-yacht-master-42-226627-0001","status":"publish","type":"product","link":"https:\/\/nishiki-cycle.com\/demo\/san-pham\/rolex-yacht-master-42-226627-0001\/","title":{"rendered":"Rolex Yacht-Master 42 226627-0001"},"content":{"rendered":"<p><img fetchpriority=\"high\" decoding=\"async\" class=\"size-medium wp-image-11889 aligncenter\" src=\"https:\/\/nishiki-cycle.com\/demo\/wp-content\/uploads\/2024\/02\/1-19-300x300.jpg\" alt=\"\" width=\"300\" height=\"300\" srcset=\"https:\/\/nishiki-cycle.com\/demo\/wp-content\/uploads\/2024\/02\/1-19-300x300.jpg 300w, https:\/\/nishiki-cycle.com\/demo\/wp-content\/uploads\/2024\/02\/1-19-150x150.jpg 150w, https:\/\/nishiki-cycle.com\/demo\/wp-content\/uploads\/2024\/02\/1-19-768x768.jpg 768w, https:\/\/nishiki-cycle.com\/demo\/wp-content\/uploads\/2024\/02\/1-19-600x600.jpg 600w, https:\/\/nishiki-cycle.com\/demo\/wp-content\/uploads\/2024\/02\/1-19-100x100.jpg 100w, https:\/\/nishiki-cycle.com\/demo\/wp-content\/uploads\/2024\/02\/1-19.jpg 900w\" sizes=\"(max-width: 300px) 100vw, 300px\" \/><\/p>\n<p>V\u1ecf titanium 42mm c\u1ee7a <a href=\"https:\/\/nishiki-cycle.com\/demo\/danh-muc-san-pham\/rolex\/\"><strong>Rolex<\/strong> <\/a>Yacht-Master 42 226627-0001 \u0111\u01b0\u1ee3c trang b\u1ecb v\u00e0nh k\u00ednh b\u1eb1ng g\u1ed1m \u0111en m\u1edd hai chi\u1ec1u v\u1edbi c\u00e1c ch\u1eef s\u1ed1 v\u00e0 v\u1ea1ch \u0111\u00e1nh d\u1ea5u n\u1ed5i. M\u1eb7t s\u1ed1 c\u0169ng c\u00f3 m\u00e0u \u0111en, n\u01a1i c\u00f3 c\u00e1c kim theo phong c\u00e1ch Mercedes th\u00f4ng th\u01b0\u1eddng \u1edf trung t\u00e2m ch\u1ec9 ra c\u00e1c \u00f4 ph\u1ee7 d\u1ea1 quang xung quanh ngo\u1ea1i vi. Gi\u1ed1ng nh\u01b0 t\u1ea5t c\u1ea3 \u0111\u1ed3ng h\u1ed3 Rolex hi\u1ec7n t\u1ea1i c\u00f3 c\u1eeda s\u1ed5 ng\u00e0y, ng\u00e0y \u1edf v\u1ecb tr\u00ed 3 gi\u1edd \u0111\u01b0\u1ee3c ph\u00f3ng \u0111\u1ea1i b\u1eb1ng th\u1ea5u k\u00ednh Cyclops g\u1eafn tr\u00ean tinh th\u1ec3 sapphire.<\/p>\n<p>Rolex Yacht-Master 42 226627-0001 m\u1edbi \u0111\u01b0\u1ee3c trang b\u1ecb d\u00e2y \u0111eo Oyster b\u1eb1ng titan v\u1edbi ch\u1ed1t an to\u00e0n g\u1eadp Oysterlock v\u00e0 li\u00ean k\u1ebft m\u1edf r\u1ed9ng ti\u1ec7n nghi Easylink. V\u1ecf m\u00e1y c\u00f3 kh\u1ea3 n\u0103ng ch\u1ecbu n\u01b0\u1edbc \u1edf \u0111\u1ed9 s\u00e2u 100 m\u00e9t v\u00e0 ch\u1ea1y tr\u00ean b\u1ed9 chuy\u1ec3n \u0111\u1ed9ng Calibre 3235 t\u1ef1 l\u00ean d\u00e2y c\u00f3t.<\/p>\n<p>Titanium cho Rolex Yacht-Master 42 226627-0001 l\u00e0 m\u1ed9t l\u1ef1a ch\u1ecdn ch\u1eafc ch\u1eafn. \u0110\u00e2y kh\u00f4ng ch\u1ec9 l\u00e0 m\u1ed9t v\u1eadt li\u1ec7u c\u1ee9ng v\u00e0 si\u00eau nh\u1eb9, m\u00e0 c\u00e1c l\u1edbp ho\u00e0n thi\u1ec7n kh\u00e1c nhau c\u1ee7a kim lo\u1ea1i (bao g\u1ed3m v\u00e2n c\u00f3 th\u1ec3 nh\u00ecn th\u1ea5y, \u0111\u1ed9 b\u00f3ng cao v\u00e0 \u0111\u01b0\u1ee3c \u0111\u00e1nh b\u00f3ng) l\u00e0m t\u0103ng th\u00eam s\u1ef1 th\u00fa v\u1ecb v\u1ec1 m\u1eb7t th\u1ecb gi\u00e1c cho chi\u1ebfc \u0111\u1ed3ng h\u1ed3 Rolex \u0111\u01a1n s\u1eafc n\u00e0y. Chi\u1ebfc \u0111\u1ed3ng h\u1ed3 Rolex n\u00e0y c\u00f3 th\u1ec3 s\u1ebd g\u00e2y \u0111\u01b0\u1ee3c ti\u1ebfng vang l\u1edbn v\u00e0 ch\u00fang ta s\u1ebd kh\u00f4ng ng\u1ea1c nhi\u00ean n\u1ebfu ch\u00fang tr\u1edf th\u00e0nh m\u1eb7t h\u00e0ng b\u00e1n ch\u1ea1y nh\u1ea5t tr\u00ean th\u1ecb tr\u01b0\u1eddng th\u1ee9 c\u1ea5p.<\/p>\n","protected":false},"excerpt":{"rendered":"<p>M\u00e3: 226627-0001<\/p>\n<p>Xu\u1ea5t x\u1ee9: Th\u1ee5y S\u0129<\/p>\n<p>K\u00edch th\u01b0\u1edbc: 42 mm<\/p>\n<p>K\u00ednh: Sapphire<\/p>\n<p>M\u1eb7t s\u1ed1: Black<\/p>\n<p>B\u1ed9 m\u00e1y: Automatic &#8211; Calibre 3235<\/p>\n<p>D\u1ef1 tr\u1eef n\u0103ng l\u01b0\u1ee3ng: 70 gi\u1edd<\/p>\n<p>Ch\u1ee9c n\u0103ng:\u00a0Gi\u1edd, Ph\u00fat, Gi\u00e2y<\/p>\n<p>Bezel: Ceramic<\/p>\n<p>Kh\u00e1ng n\u01b0\u1edbc: 100m (10 ATM)<\/p>\n<p>D\u00e2y \u0111eo:\u00a0Oyster<\/p>\n","protected":false},"featured_media":11889,"comment_status":"open","ping_status":"closed","template":"","meta":[],"product_cat":[334,195,319],"product_tag":[],"class_list":["post-11888","product","type-product","status-publish","has-post-thumbnail","hentry","product_cat-40mm-42mm","product_cat-mens-watches","product_cat-rolex","product_brand-rolex"],"yoast_head":"<!-- This site is optimized with the Yoast SEO plugin v21.6 - https:\/\/yoast.com\/wordpress\/plugins\/seo\/ -->\n<title>Rolex Yacht-Master 42 226627-0001 - Phoenix Luxury<\/title>\n<meta name=\"description\" content=\"V\u1ecf titanium 42mm c\u1ee7a Rolex Yacht-Master 42 226627-0001 \u0111\u01b0\u1ee3c trang b\u1ecb v\u00e0nh k\u00ednh b\u1eb1ng g\u1ed1m \u0111en m\u1edd hai chi\u1ec1u v\u1edbi c\u00e1c ch\u1eef s\u1ed1 v\u00e0 v\u1ea1ch \u0111\u00e1nh d\u1ea5u n\u1ed5i.\" \/>\n<meta name=\"robots\" content=\"index, follow, max-snippet:-1, max-image-preview:large, max-video-preview:-1\" \/>\n<link rel=\"canonical\" href=\"https:\/\/nishiki-cycle.com\/demo\/san-pham\/rolex-yacht-master-42-226627-0001\/\" \/>\n<meta property=\"og:locale\" content=\"vi_VN\" \/>\n<meta property=\"og:type\" content=\"article\" \/>\n<meta property=\"og:title\" content=\"Rolex Yacht-Master 42 226627-0001 - Phoenix Luxury\" \/>\n<meta property=\"og:description\" content=\"V\u1ecf titanium 42mm c\u1ee7a Rolex Yacht-Master 42 226627-0001 \u0111\u01b0\u1ee3c trang b\u1ecb v\u00e0nh k\u00ednh b\u1eb1ng g\u1ed1m \u0111en m\u1edd hai chi\u1ec1u v\u1edbi c\u00e1c ch\u1eef s\u1ed1 v\u00e0 v\u1ea1ch \u0111\u00e1nh d\u1ea5u n\u1ed5i.\" \/>\n<meta property=\"og:url\" content=\"https:\/\/nishiki-cycle.com\/demo\/san-pham\/rolex-yacht-master-42-226627-0001\/\" \/>\n<meta property=\"og:site_name\" content=\"Phoenix Luxury\" \/>\n<meta property=\"og:image\" content=\"https:\/\/nishiki-cycle.com\/demo\/wp-content\/uploads\/2024\/02\/1-19.jpg\" \/>\n\t<meta property=\"og:image:width\" content=\"900\" \/>\n\t<meta property=\"og:image:height\" content=\"900\" \/>\n\t<meta property=\"og:image:type\" content=\"image\/jpeg\" \/>\n<meta name=\"twitter:card\" content=\"summary_large_image\" \/>\n<meta name=\"twitter:label1\" content=\"\u01af\u1edbc t\u00ednh th\u1eddi gian \u0111\u1ecdc\" \/>\n\t<meta name=\"twitter:data1\" content=\"2 ph\u00fat\" \/>\n<script type=\"application\/ld+json\" class=\"yoast-schema-graph\">{\"@context\":\"https:\/\/schema.org\",\"@graph\":[{\"@type\":\"WebPage\",\"@id\":\"https:\/\/nishiki-cycle.com\/demo\/san-pham\/rolex-yacht-master-42-226627-0001\/\",\"url\":\"https:\/\/nishiki-cycle.com\/demo\/san-pham\/rolex-yacht-master-42-226627-0001\/\",\"name\":\"Rolex Yacht-Master 42 226627-0001 - Phoenix Luxury\",\"isPartOf\":{\"@id\":\"https:\/\/nishiki-cycle.com\/demo\/#website\"},\"datePublished\":\"2024-02-19T19:04:09+00:00\",\"dateModified\":\"2024-02-19T19:04:09+00:00\",\"description\":\"V\u1ecf titanium 42mm c\u1ee7a Rolex Yacht-Master 42 226627-0001 \u0111\u01b0\u1ee3c trang b\u1ecb v\u00e0nh k\u00ednh b\u1eb1ng g\u1ed1m \u0111en m\u1edd hai chi\u1ec1u v\u1edbi c\u00e1c ch\u1eef s\u1ed1 v\u00e0 v\u1ea1ch \u0111\u00e1nh d\u1ea5u n\u1ed5i.\",\"breadcrumb\":{\"@id\":\"https:\/\/nishiki-cycle.com\/demo\/san-pham\/rolex-yacht-master-42-226627-0001\/#breadcrumb\"},\"inLanguage\":\"vi\",\"potentialAction\":[{\"@type\":\"ReadAction\",\"target\":[\"https:\/\/nishiki-cycle.com\/demo\/san-pham\/rolex-yacht-master-42-226627-0001\/\"]}]},{\"@type\":\"BreadcrumbList\",\"@id\":\"https:\/\/nishiki-cycle.com\/demo\/san-pham\/rolex-yacht-master-42-226627-0001\/#breadcrumb\",\"itemListElement\":[{\"@type\":\"ListItem\",\"position\":1,\"name\":\"Trang ch\u1ee7\",\"item\":\"https:\/\/nishiki-cycle.com\/demo\/\"},{\"@type\":\"ListItem\",\"position\":2,\"name\":\"C\u1eeda h\u00e0ng\",\"item\":\"https:\/\/nishiki-cycle.com\/demo\/cua-hang\/\"},{\"@type\":\"ListItem\",\"position\":3,\"name\":\"Rolex Yacht-Master 42 226627-0001\"}]},{\"@type\":\"WebSite\",\"@id\":\"https:\/\/nishiki-cycle.com\/demo\/#website\",\"url\":\"https:\/\/nishiki-cycle.com\/demo\/\",\"name\":\"Phoenix Luxury\",\"description\":\"\",\"potentialAction\":[{\"@type\":\"SearchAction\",\"target\":{\"@type\":\"EntryPoint\",\"urlTemplate\":\"https:\/\/nishiki-cycle.com\/demo\/?s={search_term_string}\"},\"query-input\":\"required name=search_term_string\"}],\"inLanguage\":\"vi\"}]}<\/script>\n<!-- \/ Yoast SEO plugin. -->","yoast_head_json":{"title":"Rolex Yacht-Master 42 226627-0001 - Phoenix Luxury","description":"V\u1ecf titanium 42mm c\u1ee7a Rolex Yacht-Master 42 226627-0001 \u0111\u01b0\u1ee3c trang b\u1ecb v\u00e0nh k\u00ednh b\u1eb1ng g\u1ed1m \u0111en m\u1edd hai chi\u1ec1u v\u1edbi c\u00e1c ch\u1eef s\u1ed1 v\u00e0 v\u1ea1ch \u0111\u00e1nh d\u1ea5u n\u1ed5i.","robots":{"index":"index","follow":"follow","max-snippet":"max-snippet:-1","max-image-preview":"max-image-preview:large","max-video-preview":"max-video-preview:-1"},"canonical":"https:\/\/nishiki-cycle.com\/demo\/san-pham\/rolex-yacht-master-42-226627-0001\/","og_locale":"vi_VN","og_type":"article","og_title":"Rolex Yacht-Master 42 226627-0001 - Phoenix Luxury","og_description":"V\u1ecf titanium 42mm c\u1ee7a Rolex Yacht-Master 42 226627-0001 \u0111\u01b0\u1ee3c trang b\u1ecb v\u00e0nh k\u00ednh b\u1eb1ng g\u1ed1m \u0111en m\u1edd hai chi\u1ec1u v\u1edbi c\u00e1c ch\u1eef s\u1ed1 v\u00e0 v\u1ea1ch \u0111\u00e1nh d\u1ea5u n\u1ed5i.","og_url":"https:\/\/nishiki-cycle.com\/demo\/san-pham\/rolex-yacht-master-42-226627-0001\/","og_site_name":"Phoenix Luxury","og_image":[{"width":900,"height":900,"url":"https:\/\/nishiki-cycle.com\/demo\/wp-content\/uploads\/2024\/02\/1-19.jpg","type":"image\/jpeg"}],"twitter_card":"summary_large_image","twitter_misc":{"\u01af\u1edbc t\u00ednh th\u1eddi gian \u0111\u1ecdc":"2 ph\u00fat"},"schema":{"@context":"https:\/\/schema.org","@graph":[{"@type":"WebPage","@id":"https:\/\/nishiki-cycle.com\/demo\/san-pham\/rolex-yacht-master-42-226627-0001\/","url":"https:\/\/nishiki-cycle.com\/demo\/san-pham\/rolex-yacht-master-42-226627-0001\/","name":"Rolex Yacht-Master 42 226627-0001 - Phoenix Luxury","isPartOf":{"@id":"https:\/\/nishiki-cycle.com\/demo\/#website"},"datePublished":"2024-02-19T19:04:09+00:00","dateModified":"2024-02-19T19:04:09+00:00","description":"V\u1ecf titanium 42mm c\u1ee7a Rolex Yacht-Master 42 226627-0001 \u0111\u01b0\u1ee3c trang b\u1ecb v\u00e0nh k\u00ednh b\u1eb1ng g\u1ed1m \u0111en m\u1edd hai chi\u1ec1u v\u1edbi c\u00e1c ch\u1eef s\u1ed1 v\u00e0 v\u1ea1ch \u0111\u00e1nh d\u1ea5u n\u1ed5i.","breadcrumb":{"@id":"https:\/\/nishiki-cycle.com\/demo\/san-pham\/rolex-yacht-master-42-226627-0001\/#breadcrumb"},"inLanguage":"vi","potentialAction":[{"@type":"ReadAction","target":["https:\/\/nishiki-cycle.com\/demo\/san-pham\/rolex-yacht-master-42-226627-0001\/"]}]},{"@type":"BreadcrumbList","@id":"https:\/\/nishiki-cycle.com\/demo\/san-pham\/rolex-yacht-master-42-226627-0001\/#breadcrumb","itemListElement":[{"@type":"ListItem","position":1,"name":"Trang ch\u1ee7","item":"https:\/\/nishiki-cycle.com\/demo\/"},{"@type":"ListItem","position":2,"name":"C\u1eeda h\u00e0ng","item":"https:\/\/nishiki-cycle.com\/demo\/cua-hang\/"},{"@type":"ListItem","position":3,"name":"Rolex Yacht-Master 42 226627-0001"}]},{"@type":"WebSite","@id":"https:\/\/nishiki-cycle.com\/demo\/#website","url":"https:\/\/nishiki-cycle.com\/demo\/","name":"Phoenix Luxury","description":"","potentialAction":[{"@type":"SearchAction","target":{"@type":"EntryPoint","urlTemplate":"https:\/\/nishiki-cycle.com\/demo\/?s={search_term_string}"},"query-input":"required name=search_term_string"}],"inLanguage":"vi"}]}},"_links":{"self":[{"href":"https:\/\/nishiki-cycle.com\/demo\/wp-json\/wp\/v2\/product\/11888","targetHints":{"allow":["GET"]}}],"collection":[{"href":"https:\/\/nishiki-cycle.com\/demo\/wp-json\/wp\/v2\/product"}],"about":[{"href":"https:\/\/nishiki-cycle.com\/demo\/wp-json\/wp\/v2\/types\/product"}],"replies":[{"embeddable":true,"href":"https:\/\/nishiki-cycle.com\/demo\/wp-json\/wp\/v2\/comments?post=11888"}],"wp:featuredmedia":[{"embeddable":true,"href":"https:\/\/nishiki-cycle.com\/demo\/wp-json\/wp\/v2\/media\/11889"}],"wp:attachment":[{"href":"https:\/\/nishiki-cycle.com\/demo\/wp-json\/wp\/v2\/media?parent=11888"}],"wp:term":[{"taxonomy":"product_cat","embeddable":true,"href":"https:\/\/nishiki-cycle.com\/demo\/wp-json\/wp\/v2\/product_cat?post=11888"},{"taxonomy":"product_tag","embeddable":true,"href":"https:\/\/nishiki-cycle.com\/demo\/wp-json\/wp\/v2\/product_tag?post=11888"}],"curies":[{"name":"wp","href":"https:\/\/api.w.org\/{rel}","templated":true}]}}