{"id":11913,"date":"2024-02-20T18:39:48","date_gmt":"2024-02-20T18:39:48","guid":{"rendered":"https:\/\/nishiki-cycle.com\/demo\/?post_type=product&#038;p=11913"},"modified":"2024-02-20T18:39:49","modified_gmt":"2024-02-20T18:39:49","slug":"rolex-sky-dweller-336238-0001","status":"publish","type":"product","link":"https:\/\/nishiki-cycle.com\/demo\/san-pham\/rolex-sky-dweller-336238-0001\/","title":{"rendered":"Rolex Sky Dweller 336238-0001"},"content":{"rendered":"<p><img fetchpriority=\"high\" decoding=\"async\" class=\"size-medium wp-image-11914 aligncenter\" src=\"https:\/\/nishiki-cycle.com\/demo\/wp-content\/uploads\/2024\/02\/1-23-300x300.jpg\" alt=\"\" width=\"300\" height=\"300\" srcset=\"https:\/\/nishiki-cycle.com\/demo\/wp-content\/uploads\/2024\/02\/1-23-300x300.jpg 300w, https:\/\/nishiki-cycle.com\/demo\/wp-content\/uploads\/2024\/02\/1-23-150x150.jpg 150w, https:\/\/nishiki-cycle.com\/demo\/wp-content\/uploads\/2024\/02\/1-23-768x768.jpg 768w, https:\/\/nishiki-cycle.com\/demo\/wp-content\/uploads\/2024\/02\/1-23-600x600.jpg 600w, https:\/\/nishiki-cycle.com\/demo\/wp-content\/uploads\/2024\/02\/1-23-100x100.jpg 100w, https:\/\/nishiki-cycle.com\/demo\/wp-content\/uploads\/2024\/02\/1-23.jpg 900w\" sizes=\"(max-width: 300px) 100vw, 300px\" \/><\/p>\n<p class=\"css-1n0jppr ezxx4fu0\"><a href=\"https:\/\/nishiki-cycle.com\/demo\/danh-muc-san-pham\/rolex\/\"><strong>Rolex<\/strong><\/a> Sky Dweller 336238-0001 s\u1edf h\u1eefu d\u00e2y \u0111eo Oysterflex m\u1edbi c\u1ee7a Sky-Dweller ph\u00e1t tri\u1ec3n b\u1edfi Rolex v\u00e0 \u0111\u00e3 \u0111\u01b0\u1ee3c c\u1ea5p b\u1eb1ng s\u00e1ng ch\u1ebf, \u0111em \u0111\u1ebfn s\u1ef1 l\u1ef1a ch\u1ecdn mang phong c\u00e1ch th\u1ec3 thao cho c\u00e1c d\u00e2y \u0111eo kim lo\u1ea1i. D\u00e2y \u0111eo g\u1eafn v\u1edbi v\u1ecf \u0111\u1ed3ng h\u1ed3 v\u00e0 kh\u00f3a Oysterclasp b\u1eb1ng m\u1ed9t mi\u00ea\u0301ng kim loa\u0323i b\u00ean trong kh\u00f3a g\u1ea5p c\u00f3 \u0111\u1ed9 m\u1ec1m d\u1ebbo t\u1eeb ch\u1ea5t li\u1ec7u h\u1ee3p kim titanium v\u00e0 niken.<\/p>\n<p class=\"css-1n0jppr ezxx4fu0\">L\u01b0\u1ee1i kim lo\u1ea1i n\u00e0y \u0111\u01b0\u1ee3c \u0111\u00fac nguy\u00ean kh\u1ed1i b\u1eb1ng v\u1eadt li\u1ec7u \u0111\u00e0n h\u1ed3i m\u00e0u \u0111en hi\u1ec7u su\u1ea5t cao, c\u00f3 kh\u1ea3 n\u0103ng ch\u1ed1ng l\u1ea1i c\u00e1c t\u00e1c \u0111\u1ed9ng c\u1ee7a m\u00f4i tr\u01b0\u1eddng, r\u1ea5t b\u1ec1n v\u00e0 v\u00f4 c\u00f9ng an to\u00e0n cho ng\u01b0\u1eddi \u0111eo \u0111\u1ed3ng h\u1ed3. \u0110\u1ec3 t\u0103ng s\u1ef1 tho\u1ea3i m\u00e1i, b\u00ean trong d\u00e2y \u0111eo Oysterflex \u0111\u01b0\u1ee3c trang b\u1ecb m\u1ed9t h\u1ec7 th\u1ed1ng \u0111\u1ec7m d\u1ecdc \u0111\u00e3 \u0111\u01b0\u1ee3c c\u1ea5p b\u1eb1ng s\u00e1ng ch\u1ebf, gi\u00fap \u1ed5n \u0111\u1ecbnh \u0111\u1ed3ng h\u1ed3 tr\u00ean c\u1ed5 tay v\u00e0 v\u1eeba v\u1eb7n v\u1edbi kh\u00f3a Oysterclasp b\u1eb1ng V\u00e0ng tr\u1eafng 18ct. D\u00e2y \u0111eo c\u00f2n \u0111\u01b0\u1ee3c trang b\u1ecb th\u00eam h\u1ec7 th\u1ed1ng n\u1edbi d\u00e2y ki\u1ec3u kh\u00f3a tr\u01b0\u1ee3t Rolex Glidelock, \u0111\u01b0\u1ee3c thi\u1ebft k\u1ebf b\u1edfi th\u01b0\u01a1ng hi\u1ec7u v\u00e0 \u0111\u00e3 \u0111\u01b0\u1ee3c c\u1ea5p b\u1eb1ng s\u00e1ng ch\u1ebf. C\u01a1 ch\u1ebf \u0111i\u1ec1u ch\u1ec9nh c\u00f3 r\u0103ng c\u01b0a \u0111\u01b0\u1ee3c c\u1ea3i ti\u1ebfn n\u00e0y t\u00edch h\u1ee3p \u1edf d\u01b0\u1edbi kh\u00f3a c\u00e0i, cho ph\u00e9p \u0111i\u1ec1u ch\u1ec9nh chi\u1ec1u d\u00e0i c\u1ee7a d\u00e2y \u0111eo th\u00eam 15 mm v\u1edbi gia s\u1ed1 x\u1ea5p x\u1ec9 2,5 mm m\u00e0 kh\u00f4ng c\u1ea7n d\u1ee5ng c\u1ee5.<\/p>\n<p class=\"css-1n0jppr ezxx4fu0\">B\u1eb1ng ho\u1ea1t \u0111\u1ed9ng t\u1ea1i x\u01b0\u1edfng \u0111\u00fac ri\u00eang c\u1ee7a h\u00e3ng, Rolex c\u00f3 kh\u1ea3 n\u0103ng \u0111\u00fac h\u1ee3p kim v\u00e0ng 18 ct ch\u1ea5t l\u01b0\u1ee3ng cao nh\u1ea5t. Theo t\u1ef7 l\u1ec7 b\u1ea1c, \u0111\u1ed3ng, b\u1ea1ch kim ho\u1eb7c palladium, Rolex t\u1ea1o ra \u0111\u01b0\u1ee3c c\u00e1c lo\u1ea1i v\u00e0ng v\u00e0ng 18k \u1edf Sky Dweller 336238-0001.<\/p>\n<p class=\"css-1n0jppr ezxx4fu0\">Ch\u00fang \u0111\u01b0\u1ee3c l\u00e0m b\u1eb1ng kim lo\u1ea1i tinh khi\u1ebft nh\u1ea5t v\u00e0 \u0111\u01b0\u1ee3c ki\u1ec3m tra t\u1ec9 m\u1ec9 trong m\u1ed9t ph\u00f2ng th\u00ed nghi\u1ec7m n\u1ed9i b\u1ed9 v\u1edbi thi\u1ebft b\u1ecb hi\u1ec7n \u0111\u1ea1i, tr\u01b0\u1edbc khi v\u00e0ng \u0111\u01b0\u1ee3c t\u1ea1o h\u00ecnh v\u00e0 ch\u1ebf t\u00e1c v\u1edbi s\u1ef1 \u0111\u1ea7u t\u01b0 ch\u0103m s\u00f3c ch\u1ea5t l\u01b0\u1ee3ng chu \u0111\u00e1o nh\u1ea5t. Rolex cam k\u1ebft \u0111\u1ed9 xu\u1ea5t s\u1eafc b\u1eaft \u0111\u1ea7u t\u1eeb b\u01b0\u1edbc nguy\u00ean li\u1ec7u.<\/p>\n","protected":false},"excerpt":{"rendered":"<p>M\u00e3:\u00a0336238-0001<\/p>\n<p>Xu\u1ea5t x\u1ee9: Th\u1ee5y S\u0129<\/p>\n<p>K\u00edch th\u01b0\u1edbc: 42 mm<\/p>\n<p>K\u00ednh: Sapphire<\/p>\n<p>M\u1eb7t s\u1ed1:\u00a0Champagne<\/p>\n<p>B\u1ed9 m\u00e1y: Automatic &#8211; Calibre 9002<\/p>\n<p>D\u1ef1 tr\u1eef n\u0103ng l\u01b0\u1ee3ng: 72 gi\u1edd<\/p>\n<p>Ch\u1ee9c n\u0103ng:\u00a0Gi\u1edd, Ph\u00fat, Gi\u00e2y, M\u00fai gi\u1edd th\u1ee9 hai, Hi\u1ec3n th\u1ecb 24 gi\u1edd<\/p>\n<p>Ch\u1ea5t li\u1ec7u: V\u00e0ng v\u00e0ng 18k<\/p>\n<p>Bezel: V\u00e0ng v\u00e0ng 18k<\/p>\n<p>Kh\u00e1ng n\u01b0\u1edbc: 100m (10 ATM)<\/p>\n<p>D\u00e2y \u0111eo:\u00a0Oysterflex<\/p>\n","protected":false},"featured_media":11914,"comment_status":"open","ping_status":"closed","template":"","meta":[],"product_cat":[334,195,319,337],"product_tag":[],"class_list":["post-11913","product","type-product","status-publish","has-post-thumbnail","hentry","product_cat-40mm-42mm","product_cat-mens-watches","product_cat-rolex","product_cat-vang-vang-18k","product_brand-rolex"],"yoast_head":"<!-- This site is optimized with the Yoast SEO plugin v21.6 - https:\/\/yoast.com\/wordpress\/plugins\/seo\/ -->\n<title>Rolex Sky Dweller 336238-0001 - Phoenix Luxury<\/title>\n<meta name=\"description\" content=\"Rolex Sky Dweller 336238-0001 s\u1edf h\u1eefu d\u00e2y \u0111eo Oysterflex m\u1edbi c\u1ee7a Sky-Dweller ph\u00e1t tri\u1ec3n b\u1edfi Rolex v\u00e0 \u0111\u00e3 \u0111\u01b0\u1ee3c c\u1ea5p b\u1eb1ng s\u00e1ng ch\u1ebf.\" \/>\n<meta name=\"robots\" content=\"index, follow, max-snippet:-1, max-image-preview:large, max-video-preview:-1\" \/>\n<link rel=\"canonical\" href=\"https:\/\/nishiki-cycle.com\/demo\/san-pham\/rolex-sky-dweller-336238-0001\/\" \/>\n<meta property=\"og:locale\" content=\"vi_VN\" \/>\n<meta property=\"og:type\" content=\"article\" \/>\n<meta property=\"og:title\" content=\"Rolex Sky Dweller 336238-0001 - Phoenix Luxury\" \/>\n<meta property=\"og:description\" content=\"Rolex Sky Dweller 336238-0001 s\u1edf h\u1eefu d\u00e2y \u0111eo Oysterflex m\u1edbi c\u1ee7a Sky-Dweller ph\u00e1t tri\u1ec3n b\u1edfi Rolex v\u00e0 \u0111\u00e3 \u0111\u01b0\u1ee3c c\u1ea5p b\u1eb1ng s\u00e1ng ch\u1ebf.\" \/>\n<meta property=\"og:url\" content=\"https:\/\/nishiki-cycle.com\/demo\/san-pham\/rolex-sky-dweller-336238-0001\/\" \/>\n<meta property=\"og:site_name\" content=\"Phoenix Luxury\" \/>\n<meta property=\"article:modified_time\" content=\"2024-02-20T18:39:49+00:00\" \/>\n<meta property=\"og:image\" content=\"https:\/\/nishiki-cycle.com\/demo\/wp-content\/uploads\/2024\/02\/1-23.jpg\" \/>\n\t<meta property=\"og:image:width\" content=\"900\" \/>\n\t<meta property=\"og:image:height\" content=\"900\" \/>\n\t<meta property=\"og:image:type\" content=\"image\/jpeg\" \/>\n<meta name=\"twitter:card\" content=\"summary_large_image\" \/>\n<meta name=\"twitter:label1\" content=\"\u01af\u1edbc t\u00ednh th\u1eddi gian \u0111\u1ecdc\" \/>\n\t<meta name=\"twitter:data1\" content=\"2 ph\u00fat\" \/>\n<script type=\"application\/ld+json\" class=\"yoast-schema-graph\">{\"@context\":\"https:\/\/schema.org\",\"@graph\":[{\"@type\":\"WebPage\",\"@id\":\"https:\/\/nishiki-cycle.com\/demo\/san-pham\/rolex-sky-dweller-336238-0001\/\",\"url\":\"https:\/\/nishiki-cycle.com\/demo\/san-pham\/rolex-sky-dweller-336238-0001\/\",\"name\":\"Rolex Sky Dweller 336238-0001 - Phoenix Luxury\",\"isPartOf\":{\"@id\":\"https:\/\/nishiki-cycle.com\/demo\/#website\"},\"datePublished\":\"2024-02-20T18:39:48+00:00\",\"dateModified\":\"2024-02-20T18:39:49+00:00\",\"description\":\"Rolex Sky Dweller 336238-0001 s\u1edf h\u1eefu d\u00e2y \u0111eo Oysterflex m\u1edbi c\u1ee7a Sky-Dweller ph\u00e1t tri\u1ec3n b\u1edfi Rolex v\u00e0 \u0111\u00e3 \u0111\u01b0\u1ee3c c\u1ea5p b\u1eb1ng s\u00e1ng ch\u1ebf.\",\"breadcrumb\":{\"@id\":\"https:\/\/nishiki-cycle.com\/demo\/san-pham\/rolex-sky-dweller-336238-0001\/#breadcrumb\"},\"inLanguage\":\"vi\",\"potentialAction\":[{\"@type\":\"ReadAction\",\"target\":[\"https:\/\/nishiki-cycle.com\/demo\/san-pham\/rolex-sky-dweller-336238-0001\/\"]}]},{\"@type\":\"BreadcrumbList\",\"@id\":\"https:\/\/nishiki-cycle.com\/demo\/san-pham\/rolex-sky-dweller-336238-0001\/#breadcrumb\",\"itemListElement\":[{\"@type\":\"ListItem\",\"position\":1,\"name\":\"Trang ch\u1ee7\",\"item\":\"https:\/\/nishiki-cycle.com\/demo\/\"},{\"@type\":\"ListItem\",\"position\":2,\"name\":\"C\u1eeda h\u00e0ng\",\"item\":\"https:\/\/nishiki-cycle.com\/demo\/cua-hang\/\"},{\"@type\":\"ListItem\",\"position\":3,\"name\":\"Rolex Sky Dweller 336238-0001\"}]},{\"@type\":\"WebSite\",\"@id\":\"https:\/\/nishiki-cycle.com\/demo\/#website\",\"url\":\"https:\/\/nishiki-cycle.com\/demo\/\",\"name\":\"Phoenix Luxury\",\"description\":\"\",\"potentialAction\":[{\"@type\":\"SearchAction\",\"target\":{\"@type\":\"EntryPoint\",\"urlTemplate\":\"https:\/\/nishiki-cycle.com\/demo\/?s={search_term_string}\"},\"query-input\":\"required name=search_term_string\"}],\"inLanguage\":\"vi\"}]}<\/script>\n<!-- \/ Yoast SEO plugin. -->","yoast_head_json":{"title":"Rolex Sky Dweller 336238-0001 - Phoenix Luxury","description":"Rolex Sky Dweller 336238-0001 s\u1edf h\u1eefu d\u00e2y \u0111eo Oysterflex m\u1edbi c\u1ee7a Sky-Dweller ph\u00e1t tri\u1ec3n b\u1edfi Rolex v\u00e0 \u0111\u00e3 \u0111\u01b0\u1ee3c c\u1ea5p b\u1eb1ng s\u00e1ng ch\u1ebf.","robots":{"index":"index","follow":"follow","max-snippet":"max-snippet:-1","max-image-preview":"max-image-preview:large","max-video-preview":"max-video-preview:-1"},"canonical":"https:\/\/nishiki-cycle.com\/demo\/san-pham\/rolex-sky-dweller-336238-0001\/","og_locale":"vi_VN","og_type":"article","og_title":"Rolex Sky Dweller 336238-0001 - Phoenix Luxury","og_description":"Rolex Sky Dweller 336238-0001 s\u1edf h\u1eefu d\u00e2y \u0111eo Oysterflex m\u1edbi c\u1ee7a Sky-Dweller ph\u00e1t tri\u1ec3n b\u1edfi Rolex v\u00e0 \u0111\u00e3 \u0111\u01b0\u1ee3c c\u1ea5p b\u1eb1ng s\u00e1ng ch\u1ebf.","og_url":"https:\/\/nishiki-cycle.com\/demo\/san-pham\/rolex-sky-dweller-336238-0001\/","og_site_name":"Phoenix Luxury","article_modified_time":"2024-02-20T18:39:49+00:00","og_image":[{"width":900,"height":900,"url":"https:\/\/nishiki-cycle.com\/demo\/wp-content\/uploads\/2024\/02\/1-23.jpg","type":"image\/jpeg"}],"twitter_card":"summary_large_image","twitter_misc":{"\u01af\u1edbc t\u00ednh th\u1eddi gian \u0111\u1ecdc":"2 ph\u00fat"},"schema":{"@context":"https:\/\/schema.org","@graph":[{"@type":"WebPage","@id":"https:\/\/nishiki-cycle.com\/demo\/san-pham\/rolex-sky-dweller-336238-0001\/","url":"https:\/\/nishiki-cycle.com\/demo\/san-pham\/rolex-sky-dweller-336238-0001\/","name":"Rolex Sky Dweller 336238-0001 - Phoenix Luxury","isPartOf":{"@id":"https:\/\/nishiki-cycle.com\/demo\/#website"},"datePublished":"2024-02-20T18:39:48+00:00","dateModified":"2024-02-20T18:39:49+00:00","description":"Rolex Sky Dweller 336238-0001 s\u1edf h\u1eefu d\u00e2y \u0111eo Oysterflex m\u1edbi c\u1ee7a Sky-Dweller ph\u00e1t tri\u1ec3n b\u1edfi Rolex v\u00e0 \u0111\u00e3 \u0111\u01b0\u1ee3c c\u1ea5p b\u1eb1ng s\u00e1ng ch\u1ebf.","breadcrumb":{"@id":"https:\/\/nishiki-cycle.com\/demo\/san-pham\/rolex-sky-dweller-336238-0001\/#breadcrumb"},"inLanguage":"vi","potentialAction":[{"@type":"ReadAction","target":["https:\/\/nishiki-cycle.com\/demo\/san-pham\/rolex-sky-dweller-336238-0001\/"]}]},{"@type":"BreadcrumbList","@id":"https:\/\/nishiki-cycle.com\/demo\/san-pham\/rolex-sky-dweller-336238-0001\/#breadcrumb","itemListElement":[{"@type":"ListItem","position":1,"name":"Trang ch\u1ee7","item":"https:\/\/nishiki-cycle.com\/demo\/"},{"@type":"ListItem","position":2,"name":"C\u1eeda h\u00e0ng","item":"https:\/\/nishiki-cycle.com\/demo\/cua-hang\/"},{"@type":"ListItem","position":3,"name":"Rolex Sky Dweller 336238-0001"}]},{"@type":"WebSite","@id":"https:\/\/nishiki-cycle.com\/demo\/#website","url":"https:\/\/nishiki-cycle.com\/demo\/","name":"Phoenix Luxury","description":"","potentialAction":[{"@type":"SearchAction","target":{"@type":"EntryPoint","urlTemplate":"https:\/\/nishiki-cycle.com\/demo\/?s={search_term_string}"},"query-input":"required name=search_term_string"}],"inLanguage":"vi"}]}},"_links":{"self":[{"href":"https:\/\/nishiki-cycle.com\/demo\/wp-json\/wp\/v2\/product\/11913","targetHints":{"allow":["GET"]}}],"collection":[{"href":"https:\/\/nishiki-cycle.com\/demo\/wp-json\/wp\/v2\/product"}],"about":[{"href":"https:\/\/nishiki-cycle.com\/demo\/wp-json\/wp\/v2\/types\/product"}],"replies":[{"embeddable":true,"href":"https:\/\/nishiki-cycle.com\/demo\/wp-json\/wp\/v2\/comments?post=11913"}],"wp:featuredmedia":[{"embeddable":true,"href":"https:\/\/nishiki-cycle.com\/demo\/wp-json\/wp\/v2\/media\/11914"}],"wp:attachment":[{"href":"https:\/\/nishiki-cycle.com\/demo\/wp-json\/wp\/v2\/media?parent=11913"}],"wp:term":[{"taxonomy":"product_cat","embeddable":true,"href":"https:\/\/nishiki-cycle.com\/demo\/wp-json\/wp\/v2\/product_cat?post=11913"},{"taxonomy":"product_tag","embeddable":true,"href":"https:\/\/nishiki-cycle.com\/demo\/wp-json\/wp\/v2\/product_tag?post=11913"}],"curies":[{"name":"wp","href":"https:\/\/api.w.org\/{rel}","templated":true}]}}