{"id":11988,"date":"2024-02-23T18:08:40","date_gmt":"2024-02-23T18:08:40","guid":{"rendered":"https:\/\/nishiki-cycle.com\/demo\/?post_type=product&#038;p=11988"},"modified":"2024-02-24T17:55:05","modified_gmt":"2024-02-24T17:55:05","slug":"rolex-datejust-278271-0032","status":"publish","type":"product","link":"https:\/\/nishiki-cycle.com\/demo\/san-pham\/rolex-datejust-278271-0032\/","title":{"rendered":"Rolex Datejust 278271-0032"},"content":{"rendered":"<p><img fetchpriority=\"high\" decoding=\"async\" class=\"size-medium wp-image-11989 aligncenter\" src=\"https:\/\/nishiki-cycle.com\/demo\/wp-content\/uploads\/2024\/02\/1-32-300x300.jpg\" alt=\"\" width=\"300\" height=\"300\" srcset=\"https:\/\/nishiki-cycle.com\/demo\/wp-content\/uploads\/2024\/02\/1-32-300x300.jpg 300w, https:\/\/nishiki-cycle.com\/demo\/wp-content\/uploads\/2024\/02\/1-32-150x150.jpg 150w, https:\/\/nishiki-cycle.com\/demo\/wp-content\/uploads\/2024\/02\/1-32-768x768.jpg 768w, https:\/\/nishiki-cycle.com\/demo\/wp-content\/uploads\/2024\/02\/1-32-600x600.jpg 600w, https:\/\/nishiki-cycle.com\/demo\/wp-content\/uploads\/2024\/02\/1-32-100x100.jpg 100w, https:\/\/nishiki-cycle.com\/demo\/wp-content\/uploads\/2024\/02\/1-32.jpg 900w\" sizes=\"(max-width: 300px) 100vw, 300px\" \/><\/p>\n<p><a href=\"https:\/\/nishiki-cycle.com\/demo\/danh-muc-san-pham\/rolex\/\"><strong>Rolex<\/strong><\/a> Datejust 278271-0032 l\u00e0 m\u1ed9t trong nh\u1eefng m\u1eabu \u0111\u1ed3ng h\u1ed3 hai t\u00f4ng m\u00e0u v\u1edbi s\u1ef1 k\u1ebft h\u1ee3p linh ho\u1ea1t gi\u1eefa th\u00e9p kh\u00f4ng g\u1ec9 v\u00e0 v\u00e0ng Everose 18k. M\u1eb7c d\u00f9 kh\u00f4ng ph\u1ea3i l\u00e0 m\u1ed9t thi\u1ebft k\u1ebf ho\u00e0n to\u00e0n m\u1edbi nh\u01b0ng s\u1ef1 k\u1ebft h\u1ee3p gi\u1eefa hai ch\u1ea5t li\u1ec7u gi\u00fap cho \u0111\u1ed3ng h\u1ed3 th\u00eam ph\u1ea7n b\u1eaft m\u1eaft, \u0111\u1ed3ng th\u1eddi v\u1eabn \u0111\u1ea3m b\u1ea3o \u0111\u1ed9 c\u1ee9ng \u0111\u1ec3 h\u1ea1n ch\u1ebf nh\u1eefng \u1ea3nh h\u01b0\u1edfng t\u1eeb ngo\u1ea1i l\u1ef1c.<\/p>\n<p>M\u1ed9t trong nh\u1eefng chi ti\u1ebft kh\u00f4ng th\u1ec3 b\u1ecf qua trong chi\u1ebfc \u0111\u1ed3ng h\u1ed3 n\u00e0y \u0111\u00f3 l\u00e0 m\u1eb7t s\u1ed1 \u201cFloral Motif\u201d. M\u1eb7t s\u1ed1 n\u00e0y bao g\u1ed3m 24 b\u00f4ng hoa \u0111\u01b0\u1ee3c t\u1ea1o kh\u00e1c bi\u1ec7t b\u1edfi c\u00e1c l\u1edbp ph\u1ee7 ho\u00e0n thi\u1ec7n kh\u00e1c nhau: ph\u1ee7 tia m\u1eb7t tr\u1eddi, l\u1edbp ph\u1ee7 m\u1edd v\u00e0 l\u1edbp ph\u1ee7 s\u1ea7n. Trong \u0111\u00f3, m\u1ed7i b\u00f4ng hoa \u0111\u1ec1u \u0111\u01b0\u1ee3c th\u1eafp s\u00e1ng t\u1eeb b\u00ean trong b\u1edfi m\u1ed9t vi\u00ean kim c\u01b0\u01a1ng \u0111\u1eb7t t\u1ea1i ch\u00ednh gi\u1eefa, th\u1ed5i b\u00f9ng l\u00ean ngu\u1ed3n n\u0103ng l\u01b0\u1ee3ng t\u01b0\u01a1i m\u1edbi v\u00e0 thu h\u00fat ng\u01b0\u1eddi nh\u00ecn.<\/p>\n<p>B\u00ean c\u1ea1nh ho\u1ea1 ti\u1ebft \u201cFloral Motif\u201d, Rolex Datejust 278271-0032 v\u1eabn s\u1edf h\u1eefu m\u1ed9t s\u1ed1 chi ti\u1ebft quen thu\u1ed9c c\u1ee7a d\u00f2ng Datejust nh\u01b0 b\u1ed9 kim baton, th\u1ea5u k\u00ednh l\u1ecbch ng\u00e0y cyclops \u1edf v\u1ecb tr\u00ed 3 gi\u1edd v\u00e0 logo th\u01b0\u01a1ng hi\u1ec7u \u1edf b\u00ean d\u01b0\u1edbi v\u1ecb tr\u00ed 12 gi\u1edd. Ch\u1ee9c n\u0103ng ch\u1ec9 gi\u1edd v\u00e0 l\u1ecbch ng\u00e0y c\u00f3 th\u1ec3 \u0111\u01b0\u1ee3c \u0111i\u1ec1u ch\u1ec9nh qua n\u00fam v\u1eb7n t\u1ea1i gi\u1edd ph\u1ea3i c\u1ee7a \u0111\u1ed3ng h\u1ed3.<\/p>\n<p>V\u1eadn h\u00e0nh chi\u1ebfc \u0111\u1ed3ng h\u1ed3 n\u00e0y l\u00e0 b\u1ed9 chuy\u1ec3n \u0111\u1ed9ng t\u1ef1 l\u00ean d\u00e2y calibre 2236, s\u1edf h\u1eefu \u0111\u1ed9 chu\u1ea9n x\u00e1c cao, c\u0169ng nh\u01b0 kh\u1ea3 n\u0103ng ch\u1ecbu \u0111\u01b0\u1ee3c va ch\u1ea1m v\u00e0 t\u1eeb tr\u01b0\u1eddng. Khi \u0111\u01b0\u1ee3c l\u00ean c\u00f3t \u0111\u1ea7y \u0111\u1ee7, calibre 2236 c\u00f3 kh\u1ea3 n\u0103ng ho\u1ea1t \u0111\u1ed9ng \u1ed5n \u0111\u1ecbnh li\u00ean t\u1ee5c trong kho\u1ea3ng 55 gi\u1edd.<\/p>\n<p>Cu\u1ed1i c\u00f9ng, Rolex Datejust 278271-0032 \u0111\u01b0\u1ee3c trang b\u1ecb d\u00e2y \u0111eo Jubilee li\u00ean k\u1ebft n\u0103m m\u1ea3nh v\u1edbi ba li\u00ean k\u1ebft trung t\u00e2m b\u1eb1ng v\u00e0ng Everose 18k v\u00e0 hai li\u00ean k\u1ebft ngo\u00e0i b\u1eb1ng th\u00e9p kh\u00f4ng g\u1ec9. S\u1ef1 k\u1ebft h\u1ee3p gi\u1eefa hai ch\u1ea5t li\u1ec7u n\u00e0y m\u1ed9t l\u1ea7n n\u1eefa t\u1ea1o \u0111i\u1ec3m nh\u1ea5n sang tr\u1ecdng v\u00e0 n\u1ed5i b\u1eadt tr\u00ean c\u1ed5 tay c\u1ee7a c\u00e1c qu\u00fd c\u00f4.<\/p>\n","protected":false},"excerpt":{"rendered":"<p>M\u00e3:\u00a0278271-0032<\/p>\n<p>Xu\u1ea5t x\u1ee9: Th\u1ee5y S\u0129<\/p>\n<p>K\u00edch th\u01b0\u1edbc: 31mm<\/p>\n<p>Ch\u1ea5t li\u1ec7u: Th\u00e9p kh\u00f4ng g\u1ec9 k\u1ebft h\u1ee3p v\u00e0ng Everose 18K<\/p>\n<p>Bezel: V\u00e0ng Everose 18K<\/p>\n<p>K\u00ednh: Sapphire<\/p>\n<p>M\u1eb7t s\u1ed1: Floral Motif<\/p>\n<p>B\u1ed9 m\u00e1y: Automatic &#8211;\u00a0Calibre 2236<\/p>\n<p>D\u1ef1 tr\u1eef n\u0103ng l\u01b0\u1ee3ng: 55 gi\u1edd<\/p>\n<p>Ch\u1ee9c n\u0103ng:\u00a0Gi\u1edd, Ph\u00fat, Gi\u00e2y, Ng\u00e0y<\/p>\n<p>Kh\u00e1ng n\u01b0\u1edbc: 100m (10ATM)<\/p>\n<p>D\u00e2y \u0111eo: Jubilee<\/p>\n<p>Ch\u1ea5t li\u1ec7u d\u00e2y \u0111eo: Th\u00e9p kh\u00f4ng g\u1ec9 k\u1ebft h\u1ee3p v\u00e0ng Everose 18K<\/p>\n","protected":false},"featured_media":11989,"comment_status":"open","ping_status":"closed","template":"","meta":[],"product_cat":[242,331,319,341],"product_tag":[],"class_list":["post-11988","product","type-product","status-publish","has-post-thumbnail","hentry","product_cat-womens-watches","product_cat-duoi-36mm","product_cat-rolex","product_cat-thep-khong-gi","product_brand-rolex"],"yoast_head":"<!-- This site is optimized with the Yoast SEO plugin v21.6 - https:\/\/yoast.com\/wordpress\/plugins\/seo\/ -->\n<title>Rolex Datejust 278271-0032 - Phoenix Luxury<\/title>\n<meta name=\"description\" content=\"Rolex Datejust 278271-0032 l\u00e0 m\u1ed9t trong nh\u1eefng m\u1eabu \u0111\u1ed3ng h\u1ed3 hai t\u00f4ng m\u00e0u v\u1edbi s\u1ef1 k\u1ebft h\u1ee3p linh ho\u1ea1t gi\u1eefa th\u00e9p kh\u00f4ng g\u1ec9 v\u00e0 v\u00e0ng Everose 18k.\" \/>\n<meta name=\"robots\" content=\"index, follow, max-snippet:-1, max-image-preview:large, max-video-preview:-1\" \/>\n<link rel=\"canonical\" href=\"https:\/\/nishiki-cycle.com\/demo\/san-pham\/rolex-datejust-278271-0032\/\" \/>\n<meta property=\"og:locale\" content=\"vi_VN\" \/>\n<meta property=\"og:type\" content=\"article\" \/>\n<meta property=\"og:title\" content=\"Rolex Datejust 278271-0032 - Phoenix Luxury\" \/>\n<meta property=\"og:description\" content=\"Rolex Datejust 278271-0032 l\u00e0 m\u1ed9t trong nh\u1eefng m\u1eabu \u0111\u1ed3ng h\u1ed3 hai t\u00f4ng m\u00e0u v\u1edbi s\u1ef1 k\u1ebft h\u1ee3p linh ho\u1ea1t gi\u1eefa th\u00e9p kh\u00f4ng g\u1ec9 v\u00e0 v\u00e0ng Everose 18k.\" \/>\n<meta property=\"og:url\" content=\"https:\/\/nishiki-cycle.com\/demo\/san-pham\/rolex-datejust-278271-0032\/\" \/>\n<meta property=\"og:site_name\" content=\"Phoenix Luxury\" \/>\n<meta property=\"article:modified_time\" content=\"2024-02-24T17:55:05+00:00\" \/>\n<meta property=\"og:image\" content=\"https:\/\/nishiki-cycle.com\/demo\/wp-content\/uploads\/2024\/02\/1-32.jpg\" \/>\n\t<meta property=\"og:image:width\" content=\"900\" \/>\n\t<meta property=\"og:image:height\" content=\"900\" \/>\n\t<meta property=\"og:image:type\" content=\"image\/jpeg\" \/>\n<meta name=\"twitter:card\" content=\"summary_large_image\" \/>\n<meta name=\"twitter:label1\" content=\"\u01af\u1edbc t\u00ednh th\u1eddi gian \u0111\u1ecdc\" \/>\n\t<meta name=\"twitter:data1\" content=\"3 ph\u00fat\" \/>\n<script type=\"application\/ld+json\" class=\"yoast-schema-graph\">{\"@context\":\"https:\/\/schema.org\",\"@graph\":[{\"@type\":\"WebPage\",\"@id\":\"https:\/\/nishiki-cycle.com\/demo\/san-pham\/rolex-datejust-278271-0032\/\",\"url\":\"https:\/\/nishiki-cycle.com\/demo\/san-pham\/rolex-datejust-278271-0032\/\",\"name\":\"Rolex Datejust 278271-0032 - Phoenix Luxury\",\"isPartOf\":{\"@id\":\"https:\/\/nishiki-cycle.com\/demo\/#website\"},\"datePublished\":\"2024-02-23T18:08:40+00:00\",\"dateModified\":\"2024-02-24T17:55:05+00:00\",\"description\":\"Rolex Datejust 278271-0032 l\u00e0 m\u1ed9t trong nh\u1eefng m\u1eabu \u0111\u1ed3ng h\u1ed3 hai t\u00f4ng m\u00e0u v\u1edbi s\u1ef1 k\u1ebft h\u1ee3p linh ho\u1ea1t gi\u1eefa th\u00e9p kh\u00f4ng g\u1ec9 v\u00e0 v\u00e0ng Everose 18k.\",\"breadcrumb\":{\"@id\":\"https:\/\/nishiki-cycle.com\/demo\/san-pham\/rolex-datejust-278271-0032\/#breadcrumb\"},\"inLanguage\":\"vi\",\"potentialAction\":[{\"@type\":\"ReadAction\",\"target\":[\"https:\/\/nishiki-cycle.com\/demo\/san-pham\/rolex-datejust-278271-0032\/\"]}]},{\"@type\":\"BreadcrumbList\",\"@id\":\"https:\/\/nishiki-cycle.com\/demo\/san-pham\/rolex-datejust-278271-0032\/#breadcrumb\",\"itemListElement\":[{\"@type\":\"ListItem\",\"position\":1,\"name\":\"Trang ch\u1ee7\",\"item\":\"https:\/\/nishiki-cycle.com\/demo\/\"},{\"@type\":\"ListItem\",\"position\":2,\"name\":\"C\u1eeda h\u00e0ng\",\"item\":\"https:\/\/nishiki-cycle.com\/demo\/cua-hang\/\"},{\"@type\":\"ListItem\",\"position\":3,\"name\":\"Rolex Datejust 278271-0032\"}]},{\"@type\":\"WebSite\",\"@id\":\"https:\/\/nishiki-cycle.com\/demo\/#website\",\"url\":\"https:\/\/nishiki-cycle.com\/demo\/\",\"name\":\"Phoenix Luxury\",\"description\":\"\",\"potentialAction\":[{\"@type\":\"SearchAction\",\"target\":{\"@type\":\"EntryPoint\",\"urlTemplate\":\"https:\/\/nishiki-cycle.com\/demo\/?s={search_term_string}\"},\"query-input\":\"required name=search_term_string\"}],\"inLanguage\":\"vi\"}]}<\/script>\n<!-- \/ Yoast SEO plugin. -->","yoast_head_json":{"title":"Rolex Datejust 278271-0032 - Phoenix Luxury","description":"Rolex Datejust 278271-0032 l\u00e0 m\u1ed9t trong nh\u1eefng m\u1eabu \u0111\u1ed3ng h\u1ed3 hai t\u00f4ng m\u00e0u v\u1edbi s\u1ef1 k\u1ebft h\u1ee3p linh ho\u1ea1t gi\u1eefa th\u00e9p kh\u00f4ng g\u1ec9 v\u00e0 v\u00e0ng Everose 18k.","robots":{"index":"index","follow":"follow","max-snippet":"max-snippet:-1","max-image-preview":"max-image-preview:large","max-video-preview":"max-video-preview:-1"},"canonical":"https:\/\/nishiki-cycle.com\/demo\/san-pham\/rolex-datejust-278271-0032\/","og_locale":"vi_VN","og_type":"article","og_title":"Rolex Datejust 278271-0032 - Phoenix Luxury","og_description":"Rolex Datejust 278271-0032 l\u00e0 m\u1ed9t trong nh\u1eefng m\u1eabu \u0111\u1ed3ng h\u1ed3 hai t\u00f4ng m\u00e0u v\u1edbi s\u1ef1 k\u1ebft h\u1ee3p linh ho\u1ea1t gi\u1eefa th\u00e9p kh\u00f4ng g\u1ec9 v\u00e0 v\u00e0ng Everose 18k.","og_url":"https:\/\/nishiki-cycle.com\/demo\/san-pham\/rolex-datejust-278271-0032\/","og_site_name":"Phoenix Luxury","article_modified_time":"2024-02-24T17:55:05+00:00","og_image":[{"width":900,"height":900,"url":"https:\/\/nishiki-cycle.com\/demo\/wp-content\/uploads\/2024\/02\/1-32.jpg","type":"image\/jpeg"}],"twitter_card":"summary_large_image","twitter_misc":{"\u01af\u1edbc t\u00ednh th\u1eddi gian \u0111\u1ecdc":"3 ph\u00fat"},"schema":{"@context":"https:\/\/schema.org","@graph":[{"@type":"WebPage","@id":"https:\/\/nishiki-cycle.com\/demo\/san-pham\/rolex-datejust-278271-0032\/","url":"https:\/\/nishiki-cycle.com\/demo\/san-pham\/rolex-datejust-278271-0032\/","name":"Rolex Datejust 278271-0032 - Phoenix Luxury","isPartOf":{"@id":"https:\/\/nishiki-cycle.com\/demo\/#website"},"datePublished":"2024-02-23T18:08:40+00:00","dateModified":"2024-02-24T17:55:05+00:00","description":"Rolex Datejust 278271-0032 l\u00e0 m\u1ed9t trong nh\u1eefng m\u1eabu \u0111\u1ed3ng h\u1ed3 hai t\u00f4ng m\u00e0u v\u1edbi s\u1ef1 k\u1ebft h\u1ee3p linh ho\u1ea1t gi\u1eefa th\u00e9p kh\u00f4ng g\u1ec9 v\u00e0 v\u00e0ng Everose 18k.","breadcrumb":{"@id":"https:\/\/nishiki-cycle.com\/demo\/san-pham\/rolex-datejust-278271-0032\/#breadcrumb"},"inLanguage":"vi","potentialAction":[{"@type":"ReadAction","target":["https:\/\/nishiki-cycle.com\/demo\/san-pham\/rolex-datejust-278271-0032\/"]}]},{"@type":"BreadcrumbList","@id":"https:\/\/nishiki-cycle.com\/demo\/san-pham\/rolex-datejust-278271-0032\/#breadcrumb","itemListElement":[{"@type":"ListItem","position":1,"name":"Trang ch\u1ee7","item":"https:\/\/nishiki-cycle.com\/demo\/"},{"@type":"ListItem","position":2,"name":"C\u1eeda h\u00e0ng","item":"https:\/\/nishiki-cycle.com\/demo\/cua-hang\/"},{"@type":"ListItem","position":3,"name":"Rolex Datejust 278271-0032"}]},{"@type":"WebSite","@id":"https:\/\/nishiki-cycle.com\/demo\/#website","url":"https:\/\/nishiki-cycle.com\/demo\/","name":"Phoenix Luxury","description":"","potentialAction":[{"@type":"SearchAction","target":{"@type":"EntryPoint","urlTemplate":"https:\/\/nishiki-cycle.com\/demo\/?s={search_term_string}"},"query-input":"required name=search_term_string"}],"inLanguage":"vi"}]}},"_links":{"self":[{"href":"https:\/\/nishiki-cycle.com\/demo\/wp-json\/wp\/v2\/product\/11988","targetHints":{"allow":["GET"]}}],"collection":[{"href":"https:\/\/nishiki-cycle.com\/demo\/wp-json\/wp\/v2\/product"}],"about":[{"href":"https:\/\/nishiki-cycle.com\/demo\/wp-json\/wp\/v2\/types\/product"}],"replies":[{"embeddable":true,"href":"https:\/\/nishiki-cycle.com\/demo\/wp-json\/wp\/v2\/comments?post=11988"}],"wp:featuredmedia":[{"embeddable":true,"href":"https:\/\/nishiki-cycle.com\/demo\/wp-json\/wp\/v2\/media\/11989"}],"wp:attachment":[{"href":"https:\/\/nishiki-cycle.com\/demo\/wp-json\/wp\/v2\/media?parent=11988"}],"wp:term":[{"taxonomy":"product_cat","embeddable":true,"href":"https:\/\/nishiki-cycle.com\/demo\/wp-json\/wp\/v2\/product_cat?post=11988"},{"taxonomy":"product_tag","embeddable":true,"href":"https:\/\/nishiki-cycle.com\/demo\/wp-json\/wp\/v2\/product_tag?post=11988"}],"curies":[{"name":"wp","href":"https:\/\/api.w.org\/{rel}","templated":true}]}}