{"id":12035,"date":"2024-02-25T17:47:25","date_gmt":"2024-02-25T17:47:25","guid":{"rendered":"https:\/\/nishiki-cycle.com\/demo\/?post_type=product&#038;p=12035"},"modified":"2024-02-27T14:16:50","modified_gmt":"2024-02-27T14:16:50","slug":"patek-philippe-nautilus-7118-1451g-001","status":"publish","type":"product","link":"https:\/\/nishiki-cycle.com\/demo\/san-pham\/patek-philippe-nautilus-7118-1451g-001\/","title":{"rendered":"Patek Philippe Nautilus 7118\/1451G-001"},"content":{"rendered":"<p><img fetchpriority=\"high\" decoding=\"async\" class=\"size-medium wp-image-12036 aligncenter\" src=\"https:\/\/nishiki-cycle.com\/demo\/wp-content\/uploads\/2024\/02\/1-40-300x300.jpg\" alt=\"\" width=\"300\" height=\"300\" srcset=\"https:\/\/nishiki-cycle.com\/demo\/wp-content\/uploads\/2024\/02\/1-40-300x300.jpg 300w, https:\/\/nishiki-cycle.com\/demo\/wp-content\/uploads\/2024\/02\/1-40-150x150.jpg 150w, https:\/\/nishiki-cycle.com\/demo\/wp-content\/uploads\/2024\/02\/1-40-768x768.jpg 768w, https:\/\/nishiki-cycle.com\/demo\/wp-content\/uploads\/2024\/02\/1-40-600x600.jpg 600w, https:\/\/nishiki-cycle.com\/demo\/wp-content\/uploads\/2024\/02\/1-40-100x100.jpg 100w, https:\/\/nishiki-cycle.com\/demo\/wp-content\/uploads\/2024\/02\/1-40.jpg 900w\" sizes=\"(max-width: 300px) 100vw, 300px\" \/><\/p>\n<p>Trong khi Aquanaut Repeater ch\u1eafc ch\u1eafn \u0111\u00e3 thu h\u00fat \u0111\u01b0\u1ee3c s\u1ef1 ch\u00fa \u00fd th\u00ec Patek Philippe l\u1ea1i l\u1eb7ng l\u1ebd gi\u1edbi thi\u1ec7u th\u00eam m\u1ed9t v\u00e0i chi\u1ebfc \u0111\u1ed3ng h\u1ed3 th\u1ec3 thao c\u00f3 \u0111\u00e1 qu\u00fd.\u00a0M\u1ed9t v\u00ed d\u1ee5 kh\u00e1c l\u00e0 Nautilus \u201cSnow-Set\u201d b\u1eb1ng v\u00e0ng tr\u1eafng, \u0111\u01b0\u1ee3c n\u1ea1m \u0111\u1ea7y \u0111\u1ee7 \u0111\u00e1 qu\u00fd \u2013 bao g\u1ed3m c\u1ea3 d\u00e2y \u0111eo \u2013 v\u1edbi kim c\u01b0\u01a1ng v\u00e0 k\u1ebft h\u1ee3p v\u1edbi ng\u1ecdc b\u00edch xanh, h\u1ed3ng ng\u1ecdc \u0111\u1ecf ho\u1eb7c ng\u1ecdc l\u1ee5c b\u1ea3o.<\/p>\n<p>M\u1ed9t s\u1ed1 m\u1eabu Nautilus \u0111\u00e3 b\u1ecb \u201c\u0111\u00f3ng b\u0103ng\u201d ho\u00e0n to\u00e0n, nh\u01b0ng m\u1eabu m\u1edbi n\u1ed5i b\u1eadt v\u00ec hai l\u00fd do ri\u00eang bi\u1ec7t. \u0110\u1ea7u ti\u00ean, vi\u1ec7c s\u1eed d\u1ee5ng \u0111\u00e1 qu\u00fd hai t\u00f4ng m\u00e0u gi\u00fap ph\u00e2n bi\u1ec7t n\u00f3 v\u1edbi nh\u1eefng chi\u1ebfc \u0111\u1ed3ng h\u1ed3 ph\u1ee7 \u0111\u00e1 ho\u00e0n to\u00e0n \u0111i\u1ec3n h\u00ecnh c\u00f3 th\u1ec3 tr\u00f4ng \u0111\u01a1n \u0111i\u1ec7u, to\u00e0n kim c\u01b0\u01a1ng ho\u1eb7c to\u00e0n saphia. Theo ngh\u0129a n\u00e0y, Nautilus m\u1edbi c\u00f3 v\u1ebb \u0111\u1eb9p v\u00e0 s\u1ef1 \u0111\u1ed9c \u0111\u00e1o. \u0110\u00e1ng ch\u00fa \u00fd, s\u1ef1 ra m\u1eaft c\u1ee7a m\u00e0u \u0111\u1ecf, xanh lam v\u00e0 xanh l\u00e1 c\u00e2y c\u00f9ng nhau c\u00e0ng l\u00e0m t\u0103ng s\u1ee9c h\u1ea5p d\u1eabn c\u1ee7a n\u00f3, khi\u1ebfn vi\u1ec7c s\u1edf h\u1eefu Patek Philippe Nautilus 7118\/1451G-001 n\u1ea1m \u0111\u00e1 qu\u00fd tr\u1edf n\u00ean h\u1ea5p d\u1eabn h\u01a1n.<\/p>\n<p><strong><a href=\"https:\/\/nishiki-cycle.com\/demo\/danh-muc-san-pham\/patek-philippe\/\">Patek Philippe<\/a><\/strong> Nautilus 7118\/1451G-001 m\u1edbi c\u00f2n s\u1eed d\u1ee5ng m\u1ed9t k\u1ef9 thu\u1eadt \u0111\u00ednh \u0111\u00e1 th\u00f4ng minh \u0111\u01b0\u1ee3c g\u1ecdi l\u00e0 \u201csnow-set\u201d, li\u00ean quan \u0111\u1ebfn vi\u1ec7c s\u1eafp x\u1ebfp c\u00e1c vi\u00ean \u0111\u00e1 qu\u00fd c\u00f3 k\u00edch th\u01b0\u1edbc kh\u00e1c nhau \u0111\u1ec3 t\u1ea1o ra v\u1ebb t\u1ef1 nhi\u00ean v\u00e0 t\u1ef1 nhi\u00ean h\u01a1n so v\u1edbi c\u00e1ch s\u1eafp x\u1ebfp th\u1ed1ng nh\u1ea5t th\u00f4ng th\u01b0\u1eddng c\u00f3 c\u00f9ng k\u00edch th\u01b0\u1edbc.<\/p>\n","protected":false},"excerpt":{"rendered":"<p>M\u00e3: 7118\/1451G-001<\/p>\n<p>Xu\u1ea5t x\u1ee9: Th\u1ee5y S\u1ef9<\/p>\n<p>K\u00edch th\u01b0\u1edbc: 35,2 mm<\/p>\n<p>Ch\u00e2n k\u00ednh: 29<\/p>\n<p>K\u00ednh: Sapphire<\/p>\n<p>M\u1eb7t s\u1ed1:\u00a0 Tr\u1eafng<\/p>\n<p>B\u1ed9 m\u00e1y: Automatic\u00a0&#8211;\u00a0Caliber\u00a026\u2011330\u00a0S<\/p>\n<p>D\u1ef1 tr\u1eef n\u0103ng l\u01b0\u1ee3ng: 45 gi\u1edd<\/p>\n<p>Ch\u1ee9c n\u0103ng: Gi\u1edd, Ph\u00fat, Gi\u00e2y, Ng\u00e0y<\/p>\n<p>Ch\u1ea5t li\u1ec7u v\u1ecf: V\u00e0ng tr\u1eafng<\/p>\n<p>Bezel:\u00a0V\u00e0ng tr\u1eafng, kim c\u01b0\u01a1ng<\/p>\n<p>Ch\u1ea5t li\u1ec7u d\u00e2y \u0111eo:\u00a0V\u00e0ng tr\u1eafng, kim c\u01b0\u01a1ng<\/p>\n<p>Kh\u00e1ng n\u01b0\u1edbc: 30m (3ATM)<\/p>\n","protected":false},"featured_media":12036,"comment_status":"open","ping_status":"closed","template":"","meta":[],"product_cat":[242,331,322],"product_tag":[],"class_list":["post-12035","product","type-product","status-publish","has-post-thumbnail","hentry","product_cat-womens-watches","product_cat-duoi-36mm","product_cat-patek-philippe","product_brand-patek-philippe"],"yoast_head":"<!-- This site is optimized with the Yoast SEO plugin v21.6 - https:\/\/yoast.com\/wordpress\/plugins\/seo\/ -->\n<title>Patek Philippe Nautilus 7118\/1451G-001 - Phoenix Luxury<\/title>\n<meta name=\"description\" content=\"Patek Philippe Nautilus 7118\/1451G-001 \u0111\u01b0\u1ee3c l\u00e0m b\u1eb1ng v\u00e0ng tr\u1eafng, \u0111\u01b0\u1ee3c n\u1ea1m \u0111\u1ea7y \u0111\u1ee7 \u0111\u00e1 qu\u00fd \u2013 bao g\u1ed3m c\u1ea3 d\u00e2y \u0111eo \u2013 v\u1edbi kim c\u01b0\u01a1ng v\u00e0 k\u1ebft h\u1ee3p v\u1edbi ng\u1ecdc b\u00edch xanh.\" \/>\n<meta name=\"robots\" content=\"index, follow, max-snippet:-1, max-image-preview:large, max-video-preview:-1\" \/>\n<link rel=\"canonical\" href=\"https:\/\/nishiki-cycle.com\/demo\/san-pham\/patek-philippe-nautilus-7118-1451g-001\/\" \/>\n<meta property=\"og:locale\" content=\"vi_VN\" \/>\n<meta property=\"og:type\" content=\"article\" \/>\n<meta property=\"og:title\" content=\"Patek Philippe Nautilus 7118\/1451G-001 - Phoenix Luxury\" \/>\n<meta property=\"og:description\" content=\"Patek Philippe Nautilus 7118\/1451G-001 \u0111\u01b0\u1ee3c l\u00e0m b\u1eb1ng v\u00e0ng tr\u1eafng, \u0111\u01b0\u1ee3c n\u1ea1m \u0111\u1ea7y \u0111\u1ee7 \u0111\u00e1 qu\u00fd \u2013 bao g\u1ed3m c\u1ea3 d\u00e2y \u0111eo \u2013 v\u1edbi kim c\u01b0\u01a1ng v\u00e0 k\u1ebft h\u1ee3p v\u1edbi ng\u1ecdc b\u00edch xanh.\" \/>\n<meta property=\"og:url\" content=\"https:\/\/nishiki-cycle.com\/demo\/san-pham\/patek-philippe-nautilus-7118-1451g-001\/\" \/>\n<meta property=\"og:site_name\" content=\"Phoenix Luxury\" \/>\n<meta property=\"article:modified_time\" content=\"2024-02-27T14:16:50+00:00\" \/>\n<meta property=\"og:image\" content=\"https:\/\/nishiki-cycle.com\/demo\/wp-content\/uploads\/2024\/02\/1-40.jpg\" \/>\n\t<meta property=\"og:image:width\" content=\"900\" \/>\n\t<meta property=\"og:image:height\" content=\"900\" \/>\n\t<meta property=\"og:image:type\" content=\"image\/jpeg\" \/>\n<meta name=\"twitter:card\" content=\"summary_large_image\" \/>\n<meta name=\"twitter:label1\" content=\"\u01af\u1edbc t\u00ednh th\u1eddi gian \u0111\u1ecdc\" \/>\n\t<meta name=\"twitter:data1\" content=\"2 ph\u00fat\" \/>\n<script type=\"application\/ld+json\" class=\"yoast-schema-graph\">{\"@context\":\"https:\/\/schema.org\",\"@graph\":[{\"@type\":\"WebPage\",\"@id\":\"https:\/\/nishiki-cycle.com\/demo\/san-pham\/patek-philippe-nautilus-7118-1451g-001\/\",\"url\":\"https:\/\/nishiki-cycle.com\/demo\/san-pham\/patek-philippe-nautilus-7118-1451g-001\/\",\"name\":\"Patek Philippe Nautilus 7118\/1451G-001 - Phoenix Luxury\",\"isPartOf\":{\"@id\":\"https:\/\/nishiki-cycle.com\/demo\/#website\"},\"datePublished\":\"2024-02-25T17:47:25+00:00\",\"dateModified\":\"2024-02-27T14:16:50+00:00\",\"description\":\"Patek Philippe Nautilus 7118\/1451G-001 \u0111\u01b0\u1ee3c l\u00e0m b\u1eb1ng v\u00e0ng tr\u1eafng, \u0111\u01b0\u1ee3c n\u1ea1m \u0111\u1ea7y \u0111\u1ee7 \u0111\u00e1 qu\u00fd \u2013 bao g\u1ed3m c\u1ea3 d\u00e2y \u0111eo \u2013 v\u1edbi kim c\u01b0\u01a1ng v\u00e0 k\u1ebft h\u1ee3p v\u1edbi ng\u1ecdc b\u00edch xanh.\",\"breadcrumb\":{\"@id\":\"https:\/\/nishiki-cycle.com\/demo\/san-pham\/patek-philippe-nautilus-7118-1451g-001\/#breadcrumb\"},\"inLanguage\":\"vi\",\"potentialAction\":[{\"@type\":\"ReadAction\",\"target\":[\"https:\/\/nishiki-cycle.com\/demo\/san-pham\/patek-philippe-nautilus-7118-1451g-001\/\"]}]},{\"@type\":\"BreadcrumbList\",\"@id\":\"https:\/\/nishiki-cycle.com\/demo\/san-pham\/patek-philippe-nautilus-7118-1451g-001\/#breadcrumb\",\"itemListElement\":[{\"@type\":\"ListItem\",\"position\":1,\"name\":\"Trang ch\u1ee7\",\"item\":\"https:\/\/nishiki-cycle.com\/demo\/\"},{\"@type\":\"ListItem\",\"position\":2,\"name\":\"C\u1eeda h\u00e0ng\",\"item\":\"https:\/\/nishiki-cycle.com\/demo\/cua-hang\/\"},{\"@type\":\"ListItem\",\"position\":3,\"name\":\"Patek Philippe Nautilus 7118\/1451G-001\"}]},{\"@type\":\"WebSite\",\"@id\":\"https:\/\/nishiki-cycle.com\/demo\/#website\",\"url\":\"https:\/\/nishiki-cycle.com\/demo\/\",\"name\":\"Phoenix Luxury\",\"description\":\"\",\"potentialAction\":[{\"@type\":\"SearchAction\",\"target\":{\"@type\":\"EntryPoint\",\"urlTemplate\":\"https:\/\/nishiki-cycle.com\/demo\/?s={search_term_string}\"},\"query-input\":\"required name=search_term_string\"}],\"inLanguage\":\"vi\"}]}<\/script>\n<!-- \/ Yoast SEO plugin. -->","yoast_head_json":{"title":"Patek Philippe Nautilus 7118\/1451G-001 - Phoenix Luxury","description":"Patek Philippe Nautilus 7118\/1451G-001 \u0111\u01b0\u1ee3c l\u00e0m b\u1eb1ng v\u00e0ng tr\u1eafng, \u0111\u01b0\u1ee3c n\u1ea1m \u0111\u1ea7y \u0111\u1ee7 \u0111\u00e1 qu\u00fd \u2013 bao g\u1ed3m c\u1ea3 d\u00e2y \u0111eo \u2013 v\u1edbi kim c\u01b0\u01a1ng v\u00e0 k\u1ebft h\u1ee3p v\u1edbi ng\u1ecdc b\u00edch xanh.","robots":{"index":"index","follow":"follow","max-snippet":"max-snippet:-1","max-image-preview":"max-image-preview:large","max-video-preview":"max-video-preview:-1"},"canonical":"https:\/\/nishiki-cycle.com\/demo\/san-pham\/patek-philippe-nautilus-7118-1451g-001\/","og_locale":"vi_VN","og_type":"article","og_title":"Patek Philippe Nautilus 7118\/1451G-001 - Phoenix Luxury","og_description":"Patek Philippe Nautilus 7118\/1451G-001 \u0111\u01b0\u1ee3c l\u00e0m b\u1eb1ng v\u00e0ng tr\u1eafng, \u0111\u01b0\u1ee3c n\u1ea1m \u0111\u1ea7y \u0111\u1ee7 \u0111\u00e1 qu\u00fd \u2013 bao g\u1ed3m c\u1ea3 d\u00e2y \u0111eo \u2013 v\u1edbi kim c\u01b0\u01a1ng v\u00e0 k\u1ebft h\u1ee3p v\u1edbi ng\u1ecdc b\u00edch xanh.","og_url":"https:\/\/nishiki-cycle.com\/demo\/san-pham\/patek-philippe-nautilus-7118-1451g-001\/","og_site_name":"Phoenix Luxury","article_modified_time":"2024-02-27T14:16:50+00:00","og_image":[{"width":900,"height":900,"url":"https:\/\/nishiki-cycle.com\/demo\/wp-content\/uploads\/2024\/02\/1-40.jpg","type":"image\/jpeg"}],"twitter_card":"summary_large_image","twitter_misc":{"\u01af\u1edbc t\u00ednh th\u1eddi gian \u0111\u1ecdc":"2 ph\u00fat"},"schema":{"@context":"https:\/\/schema.org","@graph":[{"@type":"WebPage","@id":"https:\/\/nishiki-cycle.com\/demo\/san-pham\/patek-philippe-nautilus-7118-1451g-001\/","url":"https:\/\/nishiki-cycle.com\/demo\/san-pham\/patek-philippe-nautilus-7118-1451g-001\/","name":"Patek Philippe Nautilus 7118\/1451G-001 - Phoenix Luxury","isPartOf":{"@id":"https:\/\/nishiki-cycle.com\/demo\/#website"},"datePublished":"2024-02-25T17:47:25+00:00","dateModified":"2024-02-27T14:16:50+00:00","description":"Patek Philippe Nautilus 7118\/1451G-001 \u0111\u01b0\u1ee3c l\u00e0m b\u1eb1ng v\u00e0ng tr\u1eafng, \u0111\u01b0\u1ee3c n\u1ea1m \u0111\u1ea7y \u0111\u1ee7 \u0111\u00e1 qu\u00fd \u2013 bao g\u1ed3m c\u1ea3 d\u00e2y \u0111eo \u2013 v\u1edbi kim c\u01b0\u01a1ng v\u00e0 k\u1ebft h\u1ee3p v\u1edbi ng\u1ecdc b\u00edch xanh.","breadcrumb":{"@id":"https:\/\/nishiki-cycle.com\/demo\/san-pham\/patek-philippe-nautilus-7118-1451g-001\/#breadcrumb"},"inLanguage":"vi","potentialAction":[{"@type":"ReadAction","target":["https:\/\/nishiki-cycle.com\/demo\/san-pham\/patek-philippe-nautilus-7118-1451g-001\/"]}]},{"@type":"BreadcrumbList","@id":"https:\/\/nishiki-cycle.com\/demo\/san-pham\/patek-philippe-nautilus-7118-1451g-001\/#breadcrumb","itemListElement":[{"@type":"ListItem","position":1,"name":"Trang ch\u1ee7","item":"https:\/\/nishiki-cycle.com\/demo\/"},{"@type":"ListItem","position":2,"name":"C\u1eeda h\u00e0ng","item":"https:\/\/nishiki-cycle.com\/demo\/cua-hang\/"},{"@type":"ListItem","position":3,"name":"Patek Philippe Nautilus 7118\/1451G-001"}]},{"@type":"WebSite","@id":"https:\/\/nishiki-cycle.com\/demo\/#website","url":"https:\/\/nishiki-cycle.com\/demo\/","name":"Phoenix Luxury","description":"","potentialAction":[{"@type":"SearchAction","target":{"@type":"EntryPoint","urlTemplate":"https:\/\/nishiki-cycle.com\/demo\/?s={search_term_string}"},"query-input":"required name=search_term_string"}],"inLanguage":"vi"}]}},"_links":{"self":[{"href":"https:\/\/nishiki-cycle.com\/demo\/wp-json\/wp\/v2\/product\/12035","targetHints":{"allow":["GET"]}}],"collection":[{"href":"https:\/\/nishiki-cycle.com\/demo\/wp-json\/wp\/v2\/product"}],"about":[{"href":"https:\/\/nishiki-cycle.com\/demo\/wp-json\/wp\/v2\/types\/product"}],"replies":[{"embeddable":true,"href":"https:\/\/nishiki-cycle.com\/demo\/wp-json\/wp\/v2\/comments?post=12035"}],"wp:featuredmedia":[{"embeddable":true,"href":"https:\/\/nishiki-cycle.com\/demo\/wp-json\/wp\/v2\/media\/12036"}],"wp:attachment":[{"href":"https:\/\/nishiki-cycle.com\/demo\/wp-json\/wp\/v2\/media?parent=12035"}],"wp:term":[{"taxonomy":"product_cat","embeddable":true,"href":"https:\/\/nishiki-cycle.com\/demo\/wp-json\/wp\/v2\/product_cat?post=12035"},{"taxonomy":"product_tag","embeddable":true,"href":"https:\/\/nishiki-cycle.com\/demo\/wp-json\/wp\/v2\/product_tag?post=12035"}],"curies":[{"name":"wp","href":"https:\/\/api.w.org\/{rel}","templated":true}]}}