{"id":12062,"date":"2024-02-27T14:40:46","date_gmt":"2024-02-27T14:40:46","guid":{"rendered":"https:\/\/nishiki-cycle.com\/demo\/?post_type=product&#038;p=12062"},"modified":"2024-02-27T14:40:46","modified_gmt":"2024-02-27T14:40:46","slug":"hublot-spirit-of-big-bang-essential-grey","status":"publish","type":"product","link":"https:\/\/nishiki-cycle.com\/demo\/san-pham\/hublot-spirit-of-big-bang-essential-grey\/","title":{"rendered":"Hublot Spirit Of Big Bang Essential Grey"},"content":{"rendered":"<p><img fetchpriority=\"high\" decoding=\"async\" class=\"size-medium wp-image-12063 aligncenter\" src=\"https:\/\/nishiki-cycle.com\/demo\/wp-content\/uploads\/2024\/02\/1-44-300x300.jpg\" alt=\"\" width=\"300\" height=\"300\" srcset=\"https:\/\/nishiki-cycle.com\/demo\/wp-content\/uploads\/2024\/02\/1-44-300x300.jpg 300w, https:\/\/nishiki-cycle.com\/demo\/wp-content\/uploads\/2024\/02\/1-44-150x150.jpg 150w, https:\/\/nishiki-cycle.com\/demo\/wp-content\/uploads\/2024\/02\/1-44-768x768.jpg 768w, https:\/\/nishiki-cycle.com\/demo\/wp-content\/uploads\/2024\/02\/1-44-600x600.jpg 600w, https:\/\/nishiki-cycle.com\/demo\/wp-content\/uploads\/2024\/02\/1-44-100x100.jpg 100w, https:\/\/nishiki-cycle.com\/demo\/wp-content\/uploads\/2024\/02\/1-44.jpg 900w\" sizes=\"(max-width: 300px) 100vw, 300px\" \/><\/p>\n<p><a href=\"https:\/\/nishiki-cycle.com\/demo\/danh-muc-san-pham\/hublot\/\"><strong>Hublot<\/strong><\/a> Spirit Of Big Bang Essential Grey m\u1edbi mang nhi\u1ec1u y\u1ebfu t\u1ed1 th\u00fa v\u1ecb gi\u1ed1ng nh\u01b0 phi\u00ean b\u1ea3n ti\u1ec1n nhi\u1ec7m, l\u00e0 m\u1ed9t s\u00e1ng t\u1ea1o \u0111\u1ed9c nh\u1ea5t v\u00f4 nh\u1ecb v\u00e0 s\u1ebd ch\u1ec9 \u0111\u01b0\u1ee3c b\u00e1n online qua website ch\u00ednh th\u1ee9c c\u1ee7a Hublot. Quy\u1ebft \u0111\u1ecbnh cung c\u1ea5p m\u1ed9t m\u1eabu \u0111\u1ed3ng h\u1ed3 tr\u1ef1c tuy\u1ebfn c\u1ee7a Hublot ph\u1ea3n \u00e1nh cam k\u1ebft mang l\u1ea1i c\u01a1 h\u1ed9i b\u00ecnh \u0111\u1eb3ng cho c\u00e1c nh\u00e0 s\u01b0u t\u1eadp tr\u00ean to\u00e0n th\u1ebf gi\u1edbi, b\u1ea5t k\u1ec3 h\u1ecd c\u00f3 \u1edf g\u1ea7n c\u00e1c c\u1eeda h\u00e0ng c\u1ee7a th\u01b0\u01a1ng hi\u1ec7u hay kh\u00f4ng. H\u01a1n n\u1eefa, b\u1ea3n ph\u00e1t h\u00e0nh m\u1edbi c\u1ee7a n\u0103m 2023 c\u00f2n hi\u1ebfm g\u1ea5p \u0111\u00f4i so v\u1edbi b\u1ea3n ti\u1ec1n nhi\u1ec7m n\u0103m 2022, v\u1edbi s\u1ed1 l\u01b0\u1ee3ng s\u1ea3n xu\u1ea5t ch\u1ec9 gi\u1edbi h\u1ea1n ch\u1ec9 100 chi\u1ebfc.<\/p>\n<p>M\u1ed9t trong \u0111i\u1ec3m \u0111\u00e1ng ch\u00fa \u00fd nh\u1ea5t c\u1ee7a Hublot Spirit Of Big Bang Essential Grey l\u00e0 c\u1ea5u tr\u00fac v\u1ecf h\u00ecnh th\u00f9ng \u0111\u01b0\u1ee3c l\u00e0m t\u1eeb 100% titanium, bao g\u1ed3m: v\u1ecf, khung bezel, \u1ed1c v\u00edt, n\u00fam v\u1eb7n, mi\u1ebfng \u0111\u1ea9y, n\u1eafp sau v\u00e0 m\u00f3c g\u1eadp. \u00dd t\u01b0\u1edfng \u0111\u1ed9c \u0111\u00e1o n\u00e0y \u0111\u01b0\u1ee3c xem l\u00e0 m\u1ed9t c\u00e1ch t\u1ed1i \u0111a ho\u00e1 v\u1ebb \u0111\u1eb9p c\u0169ng nh\u01b0 \u0111\u1eb7c t\u00ednh ri\u00eang c\u1ee7a titanum &#8211; m\u1ed9t v\u1eadt li\u1ec7u c\u00f3 m\u00e0u x\u00e1m v\u1edbi \u0111\u1ed9 b\u1ec1n cao v\u00e0 tr\u1ecdng l\u01b0\u1ee3ng nh\u1eb9. Tuy nhi\u00ean, \u0111\u1ec3 b\u1ed9 v\u1ecf titanium n\u00e0y th\u1ef1c s\u1ef1 tr\u1edf n\u00ean ho\u00e0n h\u1ea3o th\u00ec c\u00e1c ng\u01b0\u1eddi th\u1ee3 ch\u1ebf t\u00e1c \u0111\u1ed3ng h\u1ed3 c\u1ee7a Hublot \u0111\u00e3 \u00e1p d\u1ee5ng nhi\u1ec1u k\u1ef9 thu\u1eadt kh\u00e1c nhau nh\u01b0 x\u1eed l\u00fd phun c\u00e1t, \u0111\u00e1nh b\u00f3ng g\u01b0\u01a1ng, \u1edf c\u00e1c m\u1ee9c \u0111\u1ed9 kh\u00e1c nhau.<\/p>\n<p>\u0110\u1ec3 \u0111\u1ea3m b\u1ea3o t\u00ednh d\u1ec5 \u0111\u1ecdc m\u00e0 kh\u00f4ng \u1ea3nh h\u01b0\u1edfng \u0111\u1ebfn phong c\u00e1ch, Hublot ti\u1ebfp t\u1ee5c t\u1ea1o ra m\u1ed9t m\u1eb7t s\u1ed1 skeleton v\u1edbi t\u00f4ng m\u00e0u ch\u1ee7 \u0111\u1ea1o l\u00e0 m\u00e0u x\u00e1m. Trong \u0111\u00f3, trung t\u00e2m m\u1eb7t s\u1ed1 l\u00e0 b\u1ed9 kim gi\u1edd, ph\u00fat v\u00e0 gi\u00e2y, v\u1edbi kim gi\u00e2y mang bi\u1ec3u t\u01b0\u1ee3ng logo c\u1ee7a Hublot \u1edf \u0111\u1ea7u kim, trong khi hai kim c\u00f2n l\u1ea1i c\u00f3 ch\u1ee9a ch\u1ea5t ph\u00e1t quang m\u00e0u tr\u1eafng. Bao quang m\u1eb7t s\u1ed1 l\u00e0 m\u1ed9t v\u00f2ng ch\u01b0\u01a1ng l\u1ecbch ng\u00e0y v\u1edbi m\u1ed9t c\u1eeda s\u1ed5 l\u1ecbch ng\u00e0y \u0111\u01b0\u1ee3c l\u00e0m l\u00e0m n\u1ed5i b\u1eadt t\u1ea1i gi\u1eefa v\u1ecb tr\u00ed 4 gi\u1edd v\u00e0 5 gi\u1edd. B\u1ed9 ba m\u1eb7t s\u1ed1 ph\u1ee5 chronograph \u0111\u01b0\u1ee3c m\u1edf l\u1ea7n t\u1ea1i v\u1ecb tr\u00ed 3 gi\u1edd, 6 gi\u1edd v\u00e0 9 gi\u1edd, t\u1ea1o n\u00ean m\u1ed9t c\u1ea5u tr\u00fac c\u00e2n x\u1ee9ng v\u1edbi logo th\u01b0\u01a1ng hi\u1ec7u \u1edf v\u1ecb tr\u00ed 12 gi\u1edd.<\/p>\n<p>Cung c\u1ea5p s\u1ee9c m\u1ea1nh cho Hublot Spirit Of Big Bang Essential Grey l\u00e0 caliber HUB4700, m\u1ed9t b\u1ed9 chuy\u1ec3n \u0111\u1ed9ng b\u1ea5m gi\u1edd t\u1ef1 \u0111\u1ed9ng ho\u1ea1t \u0111\u1ed9ng \u1edf t\u1ea7n s\u1ed1 cao 5 Hz (36.000 dao \u0111\u1ed9ng m\u1ed7i gi\u1edd) v\u00e0 cung c\u1ea5p kh\u1ea3 n\u0103ng d\u1ef1 tr\u1eef n\u0103ng l\u01b0\u1ee3ng trong 50 gi\u1edd. V\u1ecf \u0111\u1ed3ng h\u1ed3 42 mm \u0111\u1ea3m b\u1ea3o b\u1ed9 m\u00e1y c\u00f3 th\u1ec3 ho\u1ea1t \u0111\u1ed9ng \u1ed5n \u0111\u1ecbnh ngay c\u1ea3 khi \u1edf \u0111\u1ed9 s\u00e2u l\u00ean \u0111\u1ebfn 100 m\u00e9t (10 ATM).<\/p>\n","protected":false},"excerpt":{"rendered":"<p>M\u00e3: 642.NX.0110.NR.HEC23<\/p>\n<p>Xu\u1ea5t x\u1ee9: Th\u1ee5y S\u1ef9<\/p>\n<p>K\u00edch th\u01b0\u1edbc: 42mm<\/p>\n<p>\u0110\u1ed9 d\u00e0y: 14,1mm<\/p>\n<p>K\u00ednh: Sapphire<\/p>\n<p>B\u1ed9 m\u00e1y: Automatic &#8211; HUB4700<\/p>\n<p>D\u1ef1 tr\u1eef n\u0103ng l\u01b0\u1ee3ng: 50 gi\u1edd<\/p>\n<p>Ch\u1ee9c n\u0103ng: Gi\u1edd, Ph\u00fat, Gi\u00e2y, Ng\u00e0y,\u00a0Chronograph<\/p>\n<p>Ch\u1ea5t li\u1ec7u v\u1ecf:\u00a0Titanium<\/p>\n<p>Bezel: Titanium<\/p>\n<p>D\u00e2y \u0111eo:\u00a0V\u1ea3i m\u00e0u x\u00e1m c\u00f3 kh\u00f3a Velcro v\u00e0 kh\u00f3a g\u1ed1m \u0111en.(Cao su l\u00f3t m\u00e0u \u0111en v\u00e0 b\u1ea1c)<\/p>\n<p>Kh\u00e1ng n\u01b0\u1edbc: 100m (10 ATM)<\/p>\n","protected":false},"featured_media":12063,"comment_status":"open","ping_status":"closed","template":"","meta":[],"product_cat":[334,195,320,340],"product_tag":[],"class_list":["post-12062","product","type-product","status-publish","has-post-thumbnail","hentry","product_cat-40mm-42mm","product_cat-mens-watches","product_cat-hublot","product_cat-titanium","product_brand-hublot"],"yoast_head":"<!-- This site is optimized with the Yoast SEO plugin v21.6 - https:\/\/yoast.com\/wordpress\/plugins\/seo\/ -->\n<title>Hublot Spirit Of Big Bang Essential Grey - Phoenix Luxury<\/title>\n<meta name=\"description\" content=\"Hublot Spirit Of Big Bang Essential Grey \u0111\u01b0\u1ee3c l\u00e0m t\u1eeb 100% titanium, g\u1ed3m: v\u1ecf, khung bezel, \u1ed1c v\u00edt, n\u00fam v\u1eb7n, mi\u1ebfng \u0111\u1ea9y, n\u1eafp sau, m\u00f3c g\u1eadp.\" \/>\n<meta name=\"robots\" content=\"index, follow, max-snippet:-1, max-image-preview:large, max-video-preview:-1\" \/>\n<link rel=\"canonical\" href=\"https:\/\/nishiki-cycle.com\/demo\/san-pham\/hublot-spirit-of-big-bang-essential-grey\/\" \/>\n<meta property=\"og:locale\" content=\"vi_VN\" \/>\n<meta property=\"og:type\" content=\"article\" \/>\n<meta property=\"og:title\" content=\"Hublot Spirit Of Big Bang Essential Grey - Phoenix Luxury\" \/>\n<meta property=\"og:description\" content=\"Hublot Spirit Of Big Bang Essential Grey \u0111\u01b0\u1ee3c l\u00e0m t\u1eeb 100% titanium, g\u1ed3m: v\u1ecf, khung bezel, \u1ed1c v\u00edt, n\u00fam v\u1eb7n, mi\u1ebfng \u0111\u1ea9y, n\u1eafp sau, m\u00f3c g\u1eadp.\" \/>\n<meta property=\"og:url\" content=\"https:\/\/nishiki-cycle.com\/demo\/san-pham\/hublot-spirit-of-big-bang-essential-grey\/\" \/>\n<meta property=\"og:site_name\" content=\"Phoenix Luxury\" \/>\n<meta property=\"og:image\" content=\"https:\/\/nishiki-cycle.com\/demo\/wp-content\/uploads\/2024\/02\/1-44.jpg\" \/>\n\t<meta property=\"og:image:width\" content=\"900\" \/>\n\t<meta property=\"og:image:height\" content=\"900\" \/>\n\t<meta property=\"og:image:type\" content=\"image\/jpeg\" \/>\n<meta name=\"twitter:card\" content=\"summary_large_image\" \/>\n<meta name=\"twitter:label1\" content=\"\u01af\u1edbc t\u00ednh th\u1eddi gian \u0111\u1ecdc\" \/>\n\t<meta name=\"twitter:data1\" content=\"3 ph\u00fat\" \/>\n<script type=\"application\/ld+json\" class=\"yoast-schema-graph\">{\"@context\":\"https:\/\/schema.org\",\"@graph\":[{\"@type\":\"WebPage\",\"@id\":\"https:\/\/nishiki-cycle.com\/demo\/san-pham\/hublot-spirit-of-big-bang-essential-grey\/\",\"url\":\"https:\/\/nishiki-cycle.com\/demo\/san-pham\/hublot-spirit-of-big-bang-essential-grey\/\",\"name\":\"Hublot Spirit Of Big Bang Essential Grey - Phoenix Luxury\",\"isPartOf\":{\"@id\":\"https:\/\/nishiki-cycle.com\/demo\/#website\"},\"datePublished\":\"2024-02-27T14:40:46+00:00\",\"dateModified\":\"2024-02-27T14:40:46+00:00\",\"description\":\"Hublot Spirit Of Big Bang Essential Grey \u0111\u01b0\u1ee3c l\u00e0m t\u1eeb 100% titanium, g\u1ed3m: v\u1ecf, khung bezel, \u1ed1c v\u00edt, n\u00fam v\u1eb7n, mi\u1ebfng \u0111\u1ea9y, n\u1eafp sau, m\u00f3c g\u1eadp.\",\"breadcrumb\":{\"@id\":\"https:\/\/nishiki-cycle.com\/demo\/san-pham\/hublot-spirit-of-big-bang-essential-grey\/#breadcrumb\"},\"inLanguage\":\"vi\",\"potentialAction\":[{\"@type\":\"ReadAction\",\"target\":[\"https:\/\/nishiki-cycle.com\/demo\/san-pham\/hublot-spirit-of-big-bang-essential-grey\/\"]}]},{\"@type\":\"BreadcrumbList\",\"@id\":\"https:\/\/nishiki-cycle.com\/demo\/san-pham\/hublot-spirit-of-big-bang-essential-grey\/#breadcrumb\",\"itemListElement\":[{\"@type\":\"ListItem\",\"position\":1,\"name\":\"Trang ch\u1ee7\",\"item\":\"https:\/\/nishiki-cycle.com\/demo\/\"},{\"@type\":\"ListItem\",\"position\":2,\"name\":\"C\u1eeda h\u00e0ng\",\"item\":\"https:\/\/nishiki-cycle.com\/demo\/cua-hang\/\"},{\"@type\":\"ListItem\",\"position\":3,\"name\":\"Hublot Spirit Of Big Bang Essential Grey\"}]},{\"@type\":\"WebSite\",\"@id\":\"https:\/\/nishiki-cycle.com\/demo\/#website\",\"url\":\"https:\/\/nishiki-cycle.com\/demo\/\",\"name\":\"Phoenix Luxury\",\"description\":\"\",\"potentialAction\":[{\"@type\":\"SearchAction\",\"target\":{\"@type\":\"EntryPoint\",\"urlTemplate\":\"https:\/\/nishiki-cycle.com\/demo\/?s={search_term_string}\"},\"query-input\":\"required name=search_term_string\"}],\"inLanguage\":\"vi\"}]}<\/script>\n<!-- \/ Yoast SEO plugin. -->","yoast_head_json":{"title":"Hublot Spirit Of Big Bang Essential Grey - Phoenix Luxury","description":"Hublot Spirit Of Big Bang Essential Grey \u0111\u01b0\u1ee3c l\u00e0m t\u1eeb 100% titanium, g\u1ed3m: v\u1ecf, khung bezel, \u1ed1c v\u00edt, n\u00fam v\u1eb7n, mi\u1ebfng \u0111\u1ea9y, n\u1eafp sau, m\u00f3c g\u1eadp.","robots":{"index":"index","follow":"follow","max-snippet":"max-snippet:-1","max-image-preview":"max-image-preview:large","max-video-preview":"max-video-preview:-1"},"canonical":"https:\/\/nishiki-cycle.com\/demo\/san-pham\/hublot-spirit-of-big-bang-essential-grey\/","og_locale":"vi_VN","og_type":"article","og_title":"Hublot Spirit Of Big Bang Essential Grey - Phoenix Luxury","og_description":"Hublot Spirit Of Big Bang Essential Grey \u0111\u01b0\u1ee3c l\u00e0m t\u1eeb 100% titanium, g\u1ed3m: v\u1ecf, khung bezel, \u1ed1c v\u00edt, n\u00fam v\u1eb7n, mi\u1ebfng \u0111\u1ea9y, n\u1eafp sau, m\u00f3c g\u1eadp.","og_url":"https:\/\/nishiki-cycle.com\/demo\/san-pham\/hublot-spirit-of-big-bang-essential-grey\/","og_site_name":"Phoenix Luxury","og_image":[{"width":900,"height":900,"url":"https:\/\/nishiki-cycle.com\/demo\/wp-content\/uploads\/2024\/02\/1-44.jpg","type":"image\/jpeg"}],"twitter_card":"summary_large_image","twitter_misc":{"\u01af\u1edbc t\u00ednh th\u1eddi gian \u0111\u1ecdc":"3 ph\u00fat"},"schema":{"@context":"https:\/\/schema.org","@graph":[{"@type":"WebPage","@id":"https:\/\/nishiki-cycle.com\/demo\/san-pham\/hublot-spirit-of-big-bang-essential-grey\/","url":"https:\/\/nishiki-cycle.com\/demo\/san-pham\/hublot-spirit-of-big-bang-essential-grey\/","name":"Hublot Spirit Of Big Bang Essential Grey - Phoenix Luxury","isPartOf":{"@id":"https:\/\/nishiki-cycle.com\/demo\/#website"},"datePublished":"2024-02-27T14:40:46+00:00","dateModified":"2024-02-27T14:40:46+00:00","description":"Hublot Spirit Of Big Bang Essential Grey \u0111\u01b0\u1ee3c l\u00e0m t\u1eeb 100% titanium, g\u1ed3m: v\u1ecf, khung bezel, \u1ed1c v\u00edt, n\u00fam v\u1eb7n, mi\u1ebfng \u0111\u1ea9y, n\u1eafp sau, m\u00f3c g\u1eadp.","breadcrumb":{"@id":"https:\/\/nishiki-cycle.com\/demo\/san-pham\/hublot-spirit-of-big-bang-essential-grey\/#breadcrumb"},"inLanguage":"vi","potentialAction":[{"@type":"ReadAction","target":["https:\/\/nishiki-cycle.com\/demo\/san-pham\/hublot-spirit-of-big-bang-essential-grey\/"]}]},{"@type":"BreadcrumbList","@id":"https:\/\/nishiki-cycle.com\/demo\/san-pham\/hublot-spirit-of-big-bang-essential-grey\/#breadcrumb","itemListElement":[{"@type":"ListItem","position":1,"name":"Trang ch\u1ee7","item":"https:\/\/nishiki-cycle.com\/demo\/"},{"@type":"ListItem","position":2,"name":"C\u1eeda h\u00e0ng","item":"https:\/\/nishiki-cycle.com\/demo\/cua-hang\/"},{"@type":"ListItem","position":3,"name":"Hublot Spirit Of Big Bang Essential Grey"}]},{"@type":"WebSite","@id":"https:\/\/nishiki-cycle.com\/demo\/#website","url":"https:\/\/nishiki-cycle.com\/demo\/","name":"Phoenix Luxury","description":"","potentialAction":[{"@type":"SearchAction","target":{"@type":"EntryPoint","urlTemplate":"https:\/\/nishiki-cycle.com\/demo\/?s={search_term_string}"},"query-input":"required name=search_term_string"}],"inLanguage":"vi"}]}},"_links":{"self":[{"href":"https:\/\/nishiki-cycle.com\/demo\/wp-json\/wp\/v2\/product\/12062","targetHints":{"allow":["GET"]}}],"collection":[{"href":"https:\/\/nishiki-cycle.com\/demo\/wp-json\/wp\/v2\/product"}],"about":[{"href":"https:\/\/nishiki-cycle.com\/demo\/wp-json\/wp\/v2\/types\/product"}],"replies":[{"embeddable":true,"href":"https:\/\/nishiki-cycle.com\/demo\/wp-json\/wp\/v2\/comments?post=12062"}],"wp:featuredmedia":[{"embeddable":true,"href":"https:\/\/nishiki-cycle.com\/demo\/wp-json\/wp\/v2\/media\/12063"}],"wp:attachment":[{"href":"https:\/\/nishiki-cycle.com\/demo\/wp-json\/wp\/v2\/media?parent=12062"}],"wp:term":[{"taxonomy":"product_cat","embeddable":true,"href":"https:\/\/nishiki-cycle.com\/demo\/wp-json\/wp\/v2\/product_cat?post=12062"},{"taxonomy":"product_tag","embeddable":true,"href":"https:\/\/nishiki-cycle.com\/demo\/wp-json\/wp\/v2\/product_tag?post=12062"}],"curies":[{"name":"wp","href":"https:\/\/api.w.org\/{rel}","templated":true}]}}