{"id":12067,"date":"2024-02-27T14:49:14","date_gmt":"2024-02-27T14:49:14","guid":{"rendered":"https:\/\/nishiki-cycle.com\/demo\/?post_type=product&#038;p=12067"},"modified":"2024-02-27T14:49:14","modified_gmt":"2024-02-27T14:49:14","slug":"hublot-mp-13-tourbillon-bi-axis-retrograde","status":"publish","type":"product","link":"https:\/\/nishiki-cycle.com\/demo\/san-pham\/hublot-mp-13-tourbillon-bi-axis-retrograde\/","title":{"rendered":"Hublot MP-13 Tourbillon BI-AXIS Retrograde"},"content":{"rendered":"<p><img fetchpriority=\"high\" decoding=\"async\" class=\"size-medium wp-image-12068 aligncenter\" src=\"https:\/\/nishiki-cycle.com\/demo\/wp-content\/uploads\/2024\/02\/1-45-300x300.jpg\" alt=\"\" width=\"300\" height=\"300\" srcset=\"https:\/\/nishiki-cycle.com\/demo\/wp-content\/uploads\/2024\/02\/1-45-300x300.jpg 300w, https:\/\/nishiki-cycle.com\/demo\/wp-content\/uploads\/2024\/02\/1-45-150x150.jpg 150w, https:\/\/nishiki-cycle.com\/demo\/wp-content\/uploads\/2024\/02\/1-45-768x768.jpg 768w, https:\/\/nishiki-cycle.com\/demo\/wp-content\/uploads\/2024\/02\/1-45-600x600.jpg 600w, https:\/\/nishiki-cycle.com\/demo\/wp-content\/uploads\/2024\/02\/1-45-100x100.jpg 100w, https:\/\/nishiki-cycle.com\/demo\/wp-content\/uploads\/2024\/02\/1-45.jpg 900w\" sizes=\"(max-width: 300px) 100vw, 300px\" \/><\/p>\n<p><a href=\"https:\/\/bossluxurywatch.vn\/dong-ho-hublot-mp-mp-13-tourbillon-bi-axis-retrograde-44mm\"><strong>Hublot<\/strong><\/a> MP-13 Tourbillon BI-AXIS Retrograde hi\u1ec7n di\u1ec7n v\u1edbi ki\u1ec3u d\u00e1ng \u0111\u1ed9c \u0111\u00e1o, th\u1ec3 hi\u1ec7n m\u1ea1nh m\u1ebd s\u1ee9c s\u00e1ng t\u1ea1o c\u1ee7a Hublot qua k\u1ebft c\u1ea5u v\u1ecf sandwich \u0111a l\u1edbp c\u00f3 k\u00edch c\u1ee1 44mm, d\u00e0y 16.7mm ch\u1ebf t\u00e1c t\u1eeb titanium c\u1ea5p 5 \u2013 m\u1ed9t h\u1ee3p kim c\u1ee7a titanium, nh\u00f4m, c\u00f9ng vanadi theo c\u00f4ng th\u1ee9c Ti-6Al-4V, n\u1ed5i ti\u1ebfng b\u1edfi t\u00ednh b\u1ec1n b\u1ec9, kh\u00f4ng tr\u1ea7y x\u01b0\u1edbc, tr\u1ecdng l\u01b0\u1ee3ng nh\u1eb9 v\u00e0 ch\u1ecbu \u0111\u01b0\u1ee3c m\u1ee9c \u00e1p su\u1ea5t cao \u0111\u1ebfn 1.170 Mpa. Tuy nhi\u00ean, n\u00e9t \u0111\u1eb7c s\u1eafc c\u1ee7a b\u1ed9 v\u1ecf n\u00e0y \u0111\u1ebfn t\u1eeb kho\u1ea3ng m\u1edf r\u1ed9ng t\u1ea1i v\u1ecb tr\u00ed 6 gi\u1edd n\u1ed1i d\u00e0i \u0111\u1ebfn v\u1ea5u d\u00e2y \u0111eo theo motif gi\u1ecdt n\u01b0\u1edbc, nh\u1eb1m t\u1ed1i \u0111a h\u00f3a kh\u00f4ng gian cho c\u1ee5m tourbillon hai tr\u1ee5c c\u1ee1 l\u1edbn.<\/p>\n<p>Tourbillon \u0111\u00e3 ch\u1ee9ng minh \u0111\u01b0\u1ee3c t\u1ea7m quan tr\u1ecdng trong vi\u1ec7c duy tr\u00ec \u0111\u1ed9 ch\u00ednh x\u00e1c c\u1ee7a \u0111\u1ed3ng h\u1ed3, gi\u00fap h\u1ea1n ch\u1ebf t\u1ed1i \u0111a t\u00e1c \u0111\u1ed9ng c\u1ee7a l\u1ef1c h\u1ea5p d\u1eabn l\u00ean c\u00e1c th\u00e0nh ph\u1ea7n c\u1ee7a b\u1ed9 m\u00e1y c\u01a1 khi ho\u1ea1t \u0111\u1ed9ng, \u0111\u1ed3ng th\u1eddi ch\u1ec9 trang b\u1ecb tr\u00ean nh\u1eefng m\u1eabu \u0111\u1ed3ng h\u1ed3 r\u1ea5t \u0111\u1eaft \u0111\u1ecf. Theo th\u1eddi gian, c\u01a1 c\u1ea5u n\u00e0y kh\u00f4ng ch\u1ec9 n\u00f3i l\u00ean s\u1ef1 ho\u00e0n h\u1ea3o v\u00e0 gi\u00e1 tr\u1ecb c\u1ee7a m\u1ed9t chi\u1ebfc \u0111\u1ed3ng h\u1ed3 xa x\u1ec9, m\u00e0 c\u00f2n thay th\u01b0\u01a1ng hi\u1ec7u kh\u1eb3ng \u0111\u1ecbnh th\u1ef1c t\u00e0i ch\u1ebf t\u00e1c v\u00ec s\u1ef1 tinh vi nh\u1ea5t \u0111\u1ecbnh trong qu\u00e1 tr\u00ecnh ho\u00e0n thi\u1ec7n. Nh\u01b0ng tourbillon hai tr\u1ee5c l\u00e0 m\u1ed9t kh\u00eda c\u1ea1nh ho\u00e0n to\u00e0n kh\u00e1c khi \u0111\u1ed9 kh\u00f3 g\u1ea7n nh\u01b0 t\u0103ng g\u1ea5p 3 l\u1ea7n v\u00e0 ch\u1ec9 c\u00f3 th\u1ec3 \u0111\u01b0\u1ee3c quy\u1ebft \u0111\u1ecbnh b\u1edfi nh\u1eefng chuy\u00ean gia k\u1ef3 c\u1ef1u nh\u1ea5t, \u0111\u00e1nh d\u1ea5u m\u1ed9t k\u1ef3 t\u00edch \u0111\u00e1ng n\u1ec3 c\u1ee7a Hublot.<\/p>\n<p>Hublot t\u1ef1 h\u00e0o l\u00e0 m\u1ed9t trong s\u1ed1 \u00edt nh\u00e0 s\u1ea3n xu\u1ea5t \u0111\u1ed3ng h\u1ed3 c\u00f3 kh\u1ea3 n\u0103ng t\u1ef1 ch\u1ebf t\u1ea1o c\u00e1c b\u1ed9 ph\u1eadn c\u1ee7a b\u1ed9 m\u00e1y c\u01a1, n\u00ean th\u01b0\u01a1ng hi\u1ec7u ho\u00e0n to\u00e0n l\u00e0m ch\u1ee7 \u0111\u01b0\u1ee3c m\u1ed9t c\u01a1 c\u1ea5u ph\u1ee9c t\u1ea1p cao nh\u01b0 tourbillon hai tr\u1ee5c, r\u1ed3i trang b\u1ecb tr\u00ean d\u00f2ng MP-09 ra m\u1eaft l\u1ea7n \u0111\u1ea7u v\u00e0o n\u0103m 2017. Theo \u0111\u00f3, tourbillon hai tr\u1ee5c c\u00f3 c\u01a1 ch\u1ebf ho\u1ea1t \u0111\u1ed9ng kh\u00e1c bi\u1ec7t \u0111\u00f4i ch\u00fat so v\u1edbi tourbillon truy\u1ec1n th\u1ed1ng, c\u0169ng nh\u01b0 \u0111\u00f2i h\u1ecfi nhi\u1ec1u tinh ch\u1ec9nh v\u00e0 can thi\u1ec7p h\u01a1n trong qu\u00e1 tr\u00ecnh l\u1eafp r\u00e1p. C\u1ee5 th\u1ec3, l\u1ed3ng tourbillon s\u1ebd xoay tr\u1ecdn m\u1ed9t v\u00f2ng trong chu k\u1ef3 60 gi\u00e2y, \u0111\u1ed3ng th\u1eddi quay quanh tr\u1ee5c c\u00f2n l\u1ea1i trong v\u00f2ng 30 gi\u00e2y v\u1edbi c\u00f9ng m\u1ed9t t\u1ed1c \u0111\u1ed9, mang l\u1ea1i hi\u1ec7u \u1ee9ng th\u1ecb gi\u00e1c tuy\u1ec7t v\u1eddi khi th\u01b0\u1edfng l\u00e3m, \u0111\u1ec1 cao y\u1ebfu t\u1ed1 k\u1ef9 thu\u1eadt kh\u1eaft khe cho c\u1ed7 m\u00e1y.<\/p>\n<p>Kh\u00f4ng d\u1eebng l\u1ea1i \u1edf \u0111\u00f3, Hublot MP-13 Tourbillon BI-AXIS Retrograde c\u00f2n ghi d\u1ea5u s\u1ef1 xu\u1ea5t hi\u1ec7n c\u1ee7a t\u00ednh n\u0103ng ch\u1ec9 b\u00e1o th\u1eddi gian Dual Retrograde l\u1ea7n \u0111\u1ea7u hi\u1ec7n di\u1ec7n trong danh m\u1ee5c s\u1ea3n ph\u1ea9m c\u1ee7a Hublot. Kh\u00e1c bi\u1ec7t ho\u00e0n to\u00e0n v\u1edbi ph\u01b0\u01a1ng th\u1ee9c bi\u1ec3u th\u1ecb th\u1eddi gian truy\u1ec1n th\u1ed1ng tr\u00ean m\u1eb7t s\u1ed1 tr\u00f2n t\u00edch h\u1ee3p thang s\u1ed1 12 gi\u1edd, Dual Retrograde mang \u0111\u1ebfn cho ch\u1ee7 nh\u00e2n c\u00e1ch xem gi\u1edd th\u00fa v\u1ecb th\u00f4ng qua kim gi\u1edd \u2013 ph\u00fat qu\u00e9t qua hai thang \u0111o b\u1ed1 tr\u00ed t\u1ea1i r\u00eca m\u1eb7t s\u1ed1 skeleton, g\u1ed3m thang \u0111o 60 ph\u00fat \u1edf r\u00eca ngo\u00e0i v\u00e0 thang s\u1ed1 12 gi\u1edd ti\u1ebfp gi\u00e1p trung t\u00e2m. C\u1ee9 m\u1ed7i gi\u1edd tr\u00f4i qua, kim gi\u1edd \u2013 ph\u00fat s\u1ebd di chuy\u1ec3n \u0111\u1ebfn m\u1ed1c th\u1eddi gian t\u01b0\u01a1ng \u1ee9ng, khi k\u1ebft th\u00fac m\u1ed7i 12 gi\u1edd, c\u00e1c kim s\u1ebd ngay l\u1eadp t\u1ee9c tua ng\u01b0\u1ee3c (Retrograde) v\u1ec1 v\u1ecb tr\u00ed 1 gi\u1edd \u0111\u1ec3 b\u1eaft \u0111\u1ea7u chu k\u1ef3 12 gi\u1edd ti\u1ebfp theo.<\/p>\n<p>Cung c\u1ea5p s\u1ee9c m\u1ea1nh v\u1eadn h\u00e0nh cho c\u00e1c ch\u1ee9c n\u0103ng si\u00eau ph\u00e0m \u1ea5y l\u00e0 b\u1ed9 m\u00e1y c\u01a1 l\u00ean d\u00e2y c\u00f3t th\u1ee7 c\u00f4ng HUB6200 c\u00f3 m\u1ee9c n\u0103ng l\u01b0\u1ee3ng d\u1ef1 tr\u1eef l\u00ean \u0111\u1ebfn 4 ng\u00e0y, \u0111\u01b0\u1ee3c s\u1ea3n xu\u1ea5t in-house t\u1eeb 374 chi ti\u1ebft tinh vi v\u00e0 dao \u0111\u1ed9ng \u1edf t\u1ea7n s\u1ed1 3Hz, c\u00f3 th\u1ec3 chi\u00eam ng\u01b0\u1ee1ng th\u00f4ng qua n\u1eafp l\u01b0ng sapphire trong su\u1ed1t. \u0110\u1eb7c bi\u1ec7t, c\u00e1c t\u00edn \u0111\u1ed3 c\u00f3 th\u1ec3 nh\u1eadn bi\u1ebft m\u1ee9c n\u0103ng l\u01b0\u1ee3ng d\u1ef1 tr\u1eef c\u1ee7a b\u1ed9 m\u00e1y th\u00f4ng qua thang ch\u1ec9 b\u00e1o b\u1ed1 tr\u00ed t\u1ea1i h\u01b0\u1edbng 5 gi\u1edd 20 ph\u00fat tr\u00ean m\u1eb7t s\u1ed1 Retrograde d\u1ea1ng khung x\u01b0\u01a1ng.<\/p>\n<p>C\u00f3 th\u1ec3 n\u00f3i r\u1eb1ng Hublot MP-13 Tourbillon BI-AXIS Retrograde l\u00e0 s\u00e1ng t\u1ea1o ti\u1ebfp n\u1ed1i th\u00e0nh c\u00f4ng m\u00e0 th\u01b0\u01a1ng hi\u1ec7u Th\u1ee5y S\u0129 \u0111\u00e3 \u0111\u1ea1t \u0111\u01b0\u1ee3c t\u1eeb c\u00e1c phi\u00ean b\u1ea3n MP-09, v\u1ed1n n\u1ed5i danh b\u1edfi thi\u1ebft k\u1ebf \u0111\u1ed9c \u0111\u00e1o, b\u1ed9 m\u00e1y tourbillon hai tr\u1ee5c \u01b0u vi\u1ec7t, c\u00f9ng m\u1ee9c n\u0103ng l\u01b0\u1ee3ng d\u1ef1 tr\u1eef \u1ea5n t\u01b0\u1ee3ng. M\u1eb7c d\u00f9 v\u1eady, MP-13 Tourbillon Bi-Axis Retrograde v\u1eabn s\u1edf h\u1eefu nh\u1eefng d\u1ea5u \u1ea5n \u0111\u1ed9c nh\u1ea5t \u2013 ch\u01b0a t\u1eebng xu\u1ea5t hi\u1ec7n tr\u00ean b\u1ea5t k\u1ef3 t\u1ea1o ph\u1ea9m n\u00e0o c\u1ee7a Hublot tr\u01b0\u1edbc \u0111\u00e2y, \u0111\u1ec3 t\u1ea1o n\u00ean ti\u1ebfng t\u0103m cho ri\u00eang m\u00ecnh \u0111\u1ed3ng th\u1eddi \u0111\u1eb7t ti\u1ec1n \u0111\u1ec1 cho s\u1ef1 th\u0103ng c\u1ea5p c\u1ee7a d\u00f2ng \u0111\u1ed3ng h\u1ed3 MP-13 trong t\u01b0\u01a1ng lai.<\/p>\n","protected":false},"excerpt":{"rendered":"<p>M\u00e3: 913.NX.1170.RX<\/p>\n<p>Xu\u1ea5t x\u1ee9: Th\u1ee5y S\u0129<\/p>\n<p>Ch\u1ea5t li\u1ec7u v\u1ecf: Titanium<\/p>\n<p>K\u00edch th\u01b0\u1edbc: 44mm<\/p>\n<p>K\u00ednh: Sapphire<\/p>\n<p>M\u1eb7t s\u1ed1: Skeleton (L\u1ed9 c\u01a1)<\/p>\n<p>B\u1ed9 m\u00e1y: Caliber HUB6200 Manual-winding Tourbillon<\/p>\n<p>Ch\u1ee9c n\u1eb7ng: gi\u1edd, Ph\u00fat, Tourbillon, dual axis, ch\u1ec9 b\u00e1o d\u1ef1 tr\u1eef n\u0103ng l\u01b0\u1ee3ng<\/p>\n<p>D\u1ef1 tr\u1eef n\u0103ng l\u01b0\u1ee3ng: 96 gi\u1edd (4 ng\u00e0y)<\/p>\n<p>Kh\u00e1ng n\u01b0\u1edbc: 30m (3ATM)<\/p>\n<p>Phi\u00ean b\u1ea3n gi\u1edbi h\u1ea1n: 50 chi\u1ebfc tr\u00ean to\u00e0n th\u1ebf gi\u1edbi<\/p>\n<p>D\u00e2y \u0111eo: Cao su<\/p>\n","protected":false},"featured_media":12068,"comment_status":"open","ping_status":"closed","template":"","meta":[],"product_cat":[195,320,340,335],"product_tag":[],"class_list":["post-12067","product","type-product","status-publish","has-post-thumbnail","hentry","product_cat-mens-watches","product_cat-hublot","product_cat-titanium","product_cat-tren-42mm","product_brand-hublot"],"yoast_head":"<!-- This site is optimized with the Yoast SEO plugin v21.6 - https:\/\/yoast.com\/wordpress\/plugins\/seo\/ -->\n<title>Hublot MP-13 Tourbillon BI-AXIS Retrograde - Phoenix Luxury<\/title>\n<meta name=\"description\" content=\"Hublot MP-13 Tourbillon BI-AXIS Retrograde c\u00f2n ghi d\u1ea5u s\u1ef1 xu\u1ea5t hi\u1ec7n c\u1ee7a t\u00ednh n\u0103ng ch\u1ec9 b\u00e1o th\u1eddi gian Dual Retrograde l\u1ea7n \u0111\u1ea7u hi\u1ec7n di\u1ec7n.\" \/>\n<meta name=\"robots\" content=\"index, follow, max-snippet:-1, max-image-preview:large, max-video-preview:-1\" \/>\n<link rel=\"canonical\" href=\"https:\/\/nishiki-cycle.com\/demo\/san-pham\/hublot-mp-13-tourbillon-bi-axis-retrograde\/\" \/>\n<meta property=\"og:locale\" content=\"vi_VN\" \/>\n<meta property=\"og:type\" content=\"article\" \/>\n<meta property=\"og:title\" content=\"Hublot MP-13 Tourbillon BI-AXIS Retrograde - Phoenix Luxury\" \/>\n<meta property=\"og:description\" content=\"Hublot MP-13 Tourbillon BI-AXIS Retrograde c\u00f2n ghi d\u1ea5u s\u1ef1 xu\u1ea5t hi\u1ec7n c\u1ee7a t\u00ednh n\u0103ng ch\u1ec9 b\u00e1o th\u1eddi gian Dual Retrograde l\u1ea7n \u0111\u1ea7u hi\u1ec7n di\u1ec7n.\" \/>\n<meta property=\"og:url\" content=\"https:\/\/nishiki-cycle.com\/demo\/san-pham\/hublot-mp-13-tourbillon-bi-axis-retrograde\/\" \/>\n<meta property=\"og:site_name\" content=\"Phoenix Luxury\" \/>\n<meta property=\"og:image\" content=\"https:\/\/nishiki-cycle.com\/demo\/wp-content\/uploads\/2024\/02\/1-45.jpg\" \/>\n\t<meta property=\"og:image:width\" content=\"900\" \/>\n\t<meta property=\"og:image:height\" content=\"900\" \/>\n\t<meta property=\"og:image:type\" content=\"image\/jpeg\" \/>\n<meta name=\"twitter:card\" content=\"summary_large_image\" \/>\n<meta name=\"twitter:label1\" content=\"\u01af\u1edbc t\u00ednh th\u1eddi gian \u0111\u1ecdc\" \/>\n\t<meta name=\"twitter:data1\" content=\"5 ph\u00fat\" \/>\n<script type=\"application\/ld+json\" class=\"yoast-schema-graph\">{\"@context\":\"https:\/\/schema.org\",\"@graph\":[{\"@type\":\"WebPage\",\"@id\":\"https:\/\/nishiki-cycle.com\/demo\/san-pham\/hublot-mp-13-tourbillon-bi-axis-retrograde\/\",\"url\":\"https:\/\/nishiki-cycle.com\/demo\/san-pham\/hublot-mp-13-tourbillon-bi-axis-retrograde\/\",\"name\":\"Hublot MP-13 Tourbillon BI-AXIS Retrograde - Phoenix Luxury\",\"isPartOf\":{\"@id\":\"https:\/\/nishiki-cycle.com\/demo\/#website\"},\"datePublished\":\"2024-02-27T14:49:14+00:00\",\"dateModified\":\"2024-02-27T14:49:14+00:00\",\"description\":\"Hublot MP-13 Tourbillon BI-AXIS Retrograde c\u00f2n ghi d\u1ea5u s\u1ef1 xu\u1ea5t hi\u1ec7n c\u1ee7a t\u00ednh n\u0103ng ch\u1ec9 b\u00e1o th\u1eddi gian Dual Retrograde l\u1ea7n \u0111\u1ea7u hi\u1ec7n di\u1ec7n.\",\"breadcrumb\":{\"@id\":\"https:\/\/nishiki-cycle.com\/demo\/san-pham\/hublot-mp-13-tourbillon-bi-axis-retrograde\/#breadcrumb\"},\"inLanguage\":\"vi\",\"potentialAction\":[{\"@type\":\"ReadAction\",\"target\":[\"https:\/\/nishiki-cycle.com\/demo\/san-pham\/hublot-mp-13-tourbillon-bi-axis-retrograde\/\"]}]},{\"@type\":\"BreadcrumbList\",\"@id\":\"https:\/\/nishiki-cycle.com\/demo\/san-pham\/hublot-mp-13-tourbillon-bi-axis-retrograde\/#breadcrumb\",\"itemListElement\":[{\"@type\":\"ListItem\",\"position\":1,\"name\":\"Trang ch\u1ee7\",\"item\":\"https:\/\/nishiki-cycle.com\/demo\/\"},{\"@type\":\"ListItem\",\"position\":2,\"name\":\"C\u1eeda h\u00e0ng\",\"item\":\"https:\/\/nishiki-cycle.com\/demo\/cua-hang\/\"},{\"@type\":\"ListItem\",\"position\":3,\"name\":\"Hublot MP-13 Tourbillon BI-AXIS Retrograde\"}]},{\"@type\":\"WebSite\",\"@id\":\"https:\/\/nishiki-cycle.com\/demo\/#website\",\"url\":\"https:\/\/nishiki-cycle.com\/demo\/\",\"name\":\"Phoenix Luxury\",\"description\":\"\",\"potentialAction\":[{\"@type\":\"SearchAction\",\"target\":{\"@type\":\"EntryPoint\",\"urlTemplate\":\"https:\/\/nishiki-cycle.com\/demo\/?s={search_term_string}\"},\"query-input\":\"required name=search_term_string\"}],\"inLanguage\":\"vi\"}]}<\/script>\n<!-- \/ Yoast SEO plugin. -->","yoast_head_json":{"title":"Hublot MP-13 Tourbillon BI-AXIS Retrograde - Phoenix Luxury","description":"Hublot MP-13 Tourbillon BI-AXIS Retrograde c\u00f2n ghi d\u1ea5u s\u1ef1 xu\u1ea5t hi\u1ec7n c\u1ee7a t\u00ednh n\u0103ng ch\u1ec9 b\u00e1o th\u1eddi gian Dual Retrograde l\u1ea7n \u0111\u1ea7u hi\u1ec7n di\u1ec7n.","robots":{"index":"index","follow":"follow","max-snippet":"max-snippet:-1","max-image-preview":"max-image-preview:large","max-video-preview":"max-video-preview:-1"},"canonical":"https:\/\/nishiki-cycle.com\/demo\/san-pham\/hublot-mp-13-tourbillon-bi-axis-retrograde\/","og_locale":"vi_VN","og_type":"article","og_title":"Hublot MP-13 Tourbillon BI-AXIS Retrograde - Phoenix Luxury","og_description":"Hublot MP-13 Tourbillon BI-AXIS Retrograde c\u00f2n ghi d\u1ea5u s\u1ef1 xu\u1ea5t hi\u1ec7n c\u1ee7a t\u00ednh n\u0103ng ch\u1ec9 b\u00e1o th\u1eddi gian Dual Retrograde l\u1ea7n \u0111\u1ea7u hi\u1ec7n di\u1ec7n.","og_url":"https:\/\/nishiki-cycle.com\/demo\/san-pham\/hublot-mp-13-tourbillon-bi-axis-retrograde\/","og_site_name":"Phoenix Luxury","og_image":[{"width":900,"height":900,"url":"https:\/\/nishiki-cycle.com\/demo\/wp-content\/uploads\/2024\/02\/1-45.jpg","type":"image\/jpeg"}],"twitter_card":"summary_large_image","twitter_misc":{"\u01af\u1edbc t\u00ednh th\u1eddi gian \u0111\u1ecdc":"5 ph\u00fat"},"schema":{"@context":"https:\/\/schema.org","@graph":[{"@type":"WebPage","@id":"https:\/\/nishiki-cycle.com\/demo\/san-pham\/hublot-mp-13-tourbillon-bi-axis-retrograde\/","url":"https:\/\/nishiki-cycle.com\/demo\/san-pham\/hublot-mp-13-tourbillon-bi-axis-retrograde\/","name":"Hublot MP-13 Tourbillon BI-AXIS Retrograde - Phoenix Luxury","isPartOf":{"@id":"https:\/\/nishiki-cycle.com\/demo\/#website"},"datePublished":"2024-02-27T14:49:14+00:00","dateModified":"2024-02-27T14:49:14+00:00","description":"Hublot MP-13 Tourbillon BI-AXIS Retrograde c\u00f2n ghi d\u1ea5u s\u1ef1 xu\u1ea5t hi\u1ec7n c\u1ee7a t\u00ednh n\u0103ng ch\u1ec9 b\u00e1o th\u1eddi gian Dual Retrograde l\u1ea7n \u0111\u1ea7u hi\u1ec7n di\u1ec7n.","breadcrumb":{"@id":"https:\/\/nishiki-cycle.com\/demo\/san-pham\/hublot-mp-13-tourbillon-bi-axis-retrograde\/#breadcrumb"},"inLanguage":"vi","potentialAction":[{"@type":"ReadAction","target":["https:\/\/nishiki-cycle.com\/demo\/san-pham\/hublot-mp-13-tourbillon-bi-axis-retrograde\/"]}]},{"@type":"BreadcrumbList","@id":"https:\/\/nishiki-cycle.com\/demo\/san-pham\/hublot-mp-13-tourbillon-bi-axis-retrograde\/#breadcrumb","itemListElement":[{"@type":"ListItem","position":1,"name":"Trang ch\u1ee7","item":"https:\/\/nishiki-cycle.com\/demo\/"},{"@type":"ListItem","position":2,"name":"C\u1eeda h\u00e0ng","item":"https:\/\/nishiki-cycle.com\/demo\/cua-hang\/"},{"@type":"ListItem","position":3,"name":"Hublot MP-13 Tourbillon BI-AXIS Retrograde"}]},{"@type":"WebSite","@id":"https:\/\/nishiki-cycle.com\/demo\/#website","url":"https:\/\/nishiki-cycle.com\/demo\/","name":"Phoenix Luxury","description":"","potentialAction":[{"@type":"SearchAction","target":{"@type":"EntryPoint","urlTemplate":"https:\/\/nishiki-cycle.com\/demo\/?s={search_term_string}"},"query-input":"required name=search_term_string"}],"inLanguage":"vi"}]}},"_links":{"self":[{"href":"https:\/\/nishiki-cycle.com\/demo\/wp-json\/wp\/v2\/product\/12067","targetHints":{"allow":["GET"]}}],"collection":[{"href":"https:\/\/nishiki-cycle.com\/demo\/wp-json\/wp\/v2\/product"}],"about":[{"href":"https:\/\/nishiki-cycle.com\/demo\/wp-json\/wp\/v2\/types\/product"}],"replies":[{"embeddable":true,"href":"https:\/\/nishiki-cycle.com\/demo\/wp-json\/wp\/v2\/comments?post=12067"}],"wp:featuredmedia":[{"embeddable":true,"href":"https:\/\/nishiki-cycle.com\/demo\/wp-json\/wp\/v2\/media\/12068"}],"wp:attachment":[{"href":"https:\/\/nishiki-cycle.com\/demo\/wp-json\/wp\/v2\/media?parent=12067"}],"wp:term":[{"taxonomy":"product_cat","embeddable":true,"href":"https:\/\/nishiki-cycle.com\/demo\/wp-json\/wp\/v2\/product_cat?post=12067"},{"taxonomy":"product_tag","embeddable":true,"href":"https:\/\/nishiki-cycle.com\/demo\/wp-json\/wp\/v2\/product_tag?post=12067"}],"curies":[{"name":"wp","href":"https:\/\/api.w.org\/{rel}","templated":true}]}}