{"id":12072,"date":"2024-02-27T15:12:05","date_gmt":"2024-02-27T15:12:05","guid":{"rendered":"https:\/\/nishiki-cycle.com\/demo\/?post_type=product&#038;p=12072"},"modified":"2024-02-27T15:12:05","modified_gmt":"2024-02-27T15:12:05","slug":"hublot-classic-fusion-choronograph-premier-league","status":"publish","type":"product","link":"https:\/\/nishiki-cycle.com\/demo\/san-pham\/hublot-classic-fusion-choronograph-premier-league\/","title":{"rendered":"Hublot Classic Fusion Choronograph Premier League"},"content":{"rendered":"<p><img fetchpriority=\"high\" decoding=\"async\" class=\"size-medium wp-image-12073 aligncenter\" src=\"https:\/\/nishiki-cycle.com\/demo\/wp-content\/uploads\/2024\/02\/1-46-300x300.jpg\" alt=\"\" width=\"300\" height=\"300\" srcset=\"https:\/\/nishiki-cycle.com\/demo\/wp-content\/uploads\/2024\/02\/1-46-300x300.jpg 300w, https:\/\/nishiki-cycle.com\/demo\/wp-content\/uploads\/2024\/02\/1-46-150x150.jpg 150w, https:\/\/nishiki-cycle.com\/demo\/wp-content\/uploads\/2024\/02\/1-46-768x768.jpg 768w, https:\/\/nishiki-cycle.com\/demo\/wp-content\/uploads\/2024\/02\/1-46-600x600.jpg 600w, https:\/\/nishiki-cycle.com\/demo\/wp-content\/uploads\/2024\/02\/1-46-100x100.jpg 100w, https:\/\/nishiki-cycle.com\/demo\/wp-content\/uploads\/2024\/02\/1-46.jpg 900w\" sizes=\"(max-width: 300px) 100vw, 300px\" \/><\/p>\n<p><span lang=\"EN-GB\" xml:lang=\"EN-GB\">S\u1ef1 ra m\u1eaft c\u1ee7a <a href=\"https:\/\/nishiki-cycle.com\/demo\/danh-muc-san-pham\/hublot\/\"><strong>Hublot<\/strong><\/a> Classic Fusion Choronograph Premier League\u00a0th\u1ec3 hi\u1ec7n cam k\u1ebft c\u1ee7a Hublot \u0111\u1ed1i v\u1edbi m\u00f4n th\u1ec3 thao \u0111\u1eb9p m\u1eaft, m\u1ed1i quan h\u1ec7 \u0111\u1ed1i t\u00e1c l\u1edbn nh\u1ea5t t\u1eeb \u200b\u200btr\u01b0\u1edbc \u0111\u1ebfn nay c\u1ee7a m\u1ed9t th\u01b0\u01a1ng hi\u1ec7u \u0111\u1ed3ng h\u1ed3 v\u00e0 m\u1ed1i li\u00ean k\u1ebft v\u1edbi b\u00f3ng \u0111\u00e1 ng\u00e0y c\u00e0ng ph\u00e1t tri\u1ec3n m\u1ea1nh m\u1ebd k\u1ec3 t\u1eeb khi b\u1eaft \u0111\u1ea7u v\u00e0o n\u0103m 2006.<\/span><\/p>\n<p><span lang=\"EN-GB\" xml:lang=\"EN-GB\">L\u00e0 m\u00e1y ch\u1ea5m c\u00f4ng ch\u00ednh th\u1ee9c c\u1ee7a Premier League k\u1ec3 t\u1eeb n\u0103m 2020, Hublot lu\u00f4n l\u00e0 ng\u01b0\u1eddi \u1ee7ng h\u1ed9 nhi\u1ec7t t\u00ecnh cho gi\u1ea3i b\u00f3ng \u0111\u00e1 n\u1ed5i ti\u1ebfng nh\u1ea5t th\u1ebf gi\u1edbi.\u00a0Premier League \u0111\u01b0\u1ee3c ph\u00e1t s\u00f3ng t\u1edbi 900 tri\u1ec7u gia \u0111\u00ecnh \u1edf 189 qu\u1ed1c gia v\u00e0 \u0111\u01b0\u1ee3c theo d\u00f5i b\u1edfi 1,66 t\u1ef7 ng\u01b0\u1eddi t\u01b0\u01a1ng t\u00e1c \u00edt nh\u1ea5t h\u00e0ng tu\u1ea7n th\u00f4ng qua c\u00e1c ph\u01b0\u01a1ng ti\u1ec7n truy\u1ec1n th\u00f4ng.<\/span><\/p>\n<p>Hublot Classic Fusion Choronograph Premier League\u00a0c\u00f3 m\u00e0u t\u00edm \u0111\u1eadm \u0111\u1eb7c bi\u1ec7t trang tr\u00ed tr\u00ean d\u00e2y \u0111eo v\u00e0 m\u1eb7t s\u1ed1 hi\u1ec3n th\u1ecb hai m\u1eb7t s\u1ed1 Classic Fusion mang t\u00ednh bi\u1ec3u t\u01b0\u1ee3ng. V\u00e0o l\u00fac 3 gi\u1edd, m\u1eb7t \u0111\u1ebfm gi\u00e2y c\u00f3 h\u00ecnh con s\u01b0 t\u1eed \u0111\u1ed9i v\u01b0\u01a1ng mi\u1ec7n mang t\u00ednh bi\u1ec3u t\u01b0\u1ee3ng, bi\u1ec3u t\u01b0\u1ee3ng \u0111\u00e1ng t\u1ef1 h\u00e0o c\u1ee7a Premier League. Con s\u01b0 t\u1eed \u0111\u1ed9i v\u01b0\u01a1ng mi\u1ec7n c\u0169ng c\u00f3 th\u1ec3 \u0111\u01b0\u1ee3c t\u00ecm th\u1ea5y tr\u00ean k\u00ednh sau v\u00e0 ph\u00eda tr\u00ean con s\u1ed1 ri\u00eang c\u1ee7a m\u1ed7i ng\u01b0\u1eddi trong s\u1ed1 100 ch\u1ee7 nh\u00e2n may m\u1eafn. \u0110\u00e2y l\u00e0 s\u1ea3n ph\u1ea9m d\u00e0nh cho nh\u1eefng nh\u00e0 s\u01b0u t\u1eadp \u0111am m\u00ea, truy\u1ec1n th\u1ed1ng, hi\u1ec7u su\u1ea5t v\u00e0 s\u1ef1 xu\u1ea5t s\u1eafc lu\u00f4n song h\u00e0nh v\u1edbi nhau.<\/p>\n<div class=\"field--text-long\">\n<p><span lang=\"EN-US\" xml:lang=\"EN-US\">Ngh\u1ec7 thu\u1eadt k\u1ebft h\u1ee3p \u0111\u01b0\u1ee3c th\u1ec3 hi\u1ec7n xuy\u00ean su\u1ed1t c\u1ed1t l\u00f5i c\u1ee7a b\u1ed9 chuy\u1ec3n \u0111\u1ed9ng.\u00a0Nh\u1eefng chi\u1ebfc \u0111\u1ed3ng h\u1ed3 \u0111\u01a1n gi\u1ea3n v\u1edbi \u00fd t\u01b0\u1edfng ch\u1ebf t\u1ea1o \u0111\u1ed3ng h\u1ed3 s\u00e1ng t\u1ea1o, Hublot \u0111\u00e3 t\u1ea1o ra m\u1ed9t lo\u1ea1t c\u00e1c b\u1ed9 m\u00e1y \u201cin-house\u201d \u0111\u1ed9c \u0111\u00e1o.\u00a0M\u1ed9t thi\u1ebft k\u1ebf \u0111\u1ed9c \u0111\u00e1o c\u1ee7a \u0111\u1ed3ng h\u1ed3 b\u1ea5m gi\u1edd t\u1ef1 \u0111\u1ed9ng Unico.\u00a0B\u1ed9 d\u1ef1 tr\u1eef n\u0103ng l\u01b0\u1ee3ng v\u00f4 song c\u1ee7a c\u00e1c c\u1ee1 n\u00f2ng Meca-10, Tourbillon v\u00e0 MP-11.\u00a0M\u1ed9t ph\u01b0\u01a1ng ph\u00e1p ti\u1ebfp c\u1eadn \u0111\u1ed9ng c\u01a1 mang t\u00ednh c\u00e1ch m\u1ea1ng v\u1edbi 11 MP-05 th\u00f9ng v\u00e0 kh\u1ea3 n\u0103ng d\u1ef1 tr\u1eef n\u0103ng l\u01b0\u1ee3ng trong 50 ng\u00e0y.\u00a0Trong \u201cNgh\u1ec7 thu\u1eadt k\u1ebft h\u1ee3p\u201d, Hublot th\u1ef1c hi\u1ec7n s\u1ef1 c\u1ed9ng sinh ho\u00e0n h\u1ea3o gi\u1eefa ch\u1ee9c n\u0103ng, ki\u1ebfn \u200b\u200btr\u00fac v\u00e0 thi\u1ebft k\u1ebf.<\/span><\/p>\n<\/div>\n","protected":false},"excerpt":{"rendered":"<p>M\u00e3: 541.NX.8970.RX.PLW23<\/p>\n<p>Xu\u1ea5t x\u1ee9: Th\u1ee5y S\u1ef9<\/p>\n<p>K\u00edch th\u01b0\u1edbc: 42 mm<\/p>\n<p>K\u00ednh: Sapphire<\/p>\n<p>M\u00e0u m\u1eb7t s\u1ed1: \u0110en \u0111\u01b0\u1ee3c \u0111\u00e1nh b\u00f3ng<\/p>\n<p>B\u1ed9 m\u00e1y: Automatic &#8211; HUB 1153<\/p>\n<p>D\u1ef1 tr\u1eef n\u0103ng l\u01b0\u1ee3ng: 42 gi\u1edd<\/p>\n<p>Ch\u1ee9c n\u0103ng: Gi\u1edd, Ph\u00fat, Gi\u00e2y, Chronograph<\/p>\n<p>Ch\u1ea5t li\u1ec7u v\u1ecf: Titanium<\/p>\n<p>D\u00e2y \u0111eo: D\u00e2y \u0111eo cao su<\/p>\n<p>Kh\u00e1ng n\u01b0\u1edbc: 50m (5ATM)<\/p>\n<p>Phi\u00ean b\u1ea3n gi\u1edbi h\u1ea1n 100 chi\u1ebfc<\/p>\n","protected":false},"featured_media":12073,"comment_status":"open","ping_status":"closed","template":"","meta":[],"product_cat":[334,195,320,340],"product_tag":[],"class_list":["post-12072","product","type-product","status-publish","has-post-thumbnail","hentry","product_cat-40mm-42mm","product_cat-mens-watches","product_cat-hublot","product_cat-titanium","product_brand-hublot"],"yoast_head":"<!-- This site is optimized with the Yoast SEO plugin v21.6 - https:\/\/yoast.com\/wordpress\/plugins\/seo\/ -->\n<title>Hublot Classic Fusion Choronograph Premier League - Phoenix Luxury<\/title>\n<meta name=\"description\" content=\"Hublot Classic Fusion Choronograph Premier League\u00a0c\u00f3 m\u00e0u t\u00edm \u0111\u1eadm \u0111\u1eb7c bi\u1ec7t trang tr\u00ed tr\u00ean d\u00e2y \u0111eo v\u00e0 m\u1eb7t s\u1ed1 hi\u1ec3n th\u1ecb hai m\u1eb7t s\u1ed1 mang t\u00ednh bi\u1ec3u t\u01b0\u1ee3ng.\" \/>\n<meta name=\"robots\" content=\"index, follow, max-snippet:-1, max-image-preview:large, max-video-preview:-1\" \/>\n<link rel=\"canonical\" href=\"https:\/\/nishiki-cycle.com\/demo\/san-pham\/hublot-classic-fusion-choronograph-premier-league\/\" \/>\n<meta property=\"og:locale\" content=\"vi_VN\" \/>\n<meta property=\"og:type\" content=\"article\" \/>\n<meta property=\"og:title\" content=\"Hublot Classic Fusion Choronograph Premier League - Phoenix Luxury\" \/>\n<meta property=\"og:description\" content=\"Hublot Classic Fusion Choronograph Premier League\u00a0c\u00f3 m\u00e0u t\u00edm \u0111\u1eadm \u0111\u1eb7c bi\u1ec7t trang tr\u00ed tr\u00ean d\u00e2y \u0111eo v\u00e0 m\u1eb7t s\u1ed1 hi\u1ec3n th\u1ecb hai m\u1eb7t s\u1ed1 mang t\u00ednh bi\u1ec3u t\u01b0\u1ee3ng.\" \/>\n<meta property=\"og:url\" content=\"https:\/\/nishiki-cycle.com\/demo\/san-pham\/hublot-classic-fusion-choronograph-premier-league\/\" \/>\n<meta property=\"og:site_name\" content=\"Phoenix Luxury\" \/>\n<meta property=\"og:image\" content=\"https:\/\/nishiki-cycle.com\/demo\/wp-content\/uploads\/2024\/02\/1-46.jpg\" \/>\n\t<meta property=\"og:image:width\" content=\"900\" \/>\n\t<meta property=\"og:image:height\" content=\"900\" \/>\n\t<meta property=\"og:image:type\" content=\"image\/jpeg\" \/>\n<meta name=\"twitter:card\" content=\"summary_large_image\" \/>\n<meta name=\"twitter:label1\" content=\"\u01af\u1edbc t\u00ednh th\u1eddi gian \u0111\u1ecdc\" \/>\n\t<meta name=\"twitter:data1\" content=\"3 ph\u00fat\" \/>\n<script type=\"application\/ld+json\" class=\"yoast-schema-graph\">{\"@context\":\"https:\/\/schema.org\",\"@graph\":[{\"@type\":\"WebPage\",\"@id\":\"https:\/\/nishiki-cycle.com\/demo\/san-pham\/hublot-classic-fusion-choronograph-premier-league\/\",\"url\":\"https:\/\/nishiki-cycle.com\/demo\/san-pham\/hublot-classic-fusion-choronograph-premier-league\/\",\"name\":\"Hublot Classic Fusion Choronograph Premier League - Phoenix Luxury\",\"isPartOf\":{\"@id\":\"https:\/\/nishiki-cycle.com\/demo\/#website\"},\"datePublished\":\"2024-02-27T15:12:05+00:00\",\"dateModified\":\"2024-02-27T15:12:05+00:00\",\"description\":\"Hublot Classic Fusion Choronograph Premier League\u00a0c\u00f3 m\u00e0u t\u00edm \u0111\u1eadm \u0111\u1eb7c bi\u1ec7t trang tr\u00ed tr\u00ean d\u00e2y \u0111eo v\u00e0 m\u1eb7t s\u1ed1 hi\u1ec3n th\u1ecb hai m\u1eb7t s\u1ed1 mang t\u00ednh bi\u1ec3u t\u01b0\u1ee3ng.\",\"breadcrumb\":{\"@id\":\"https:\/\/nishiki-cycle.com\/demo\/san-pham\/hublot-classic-fusion-choronograph-premier-league\/#breadcrumb\"},\"inLanguage\":\"vi\",\"potentialAction\":[{\"@type\":\"ReadAction\",\"target\":[\"https:\/\/nishiki-cycle.com\/demo\/san-pham\/hublot-classic-fusion-choronograph-premier-league\/\"]}]},{\"@type\":\"BreadcrumbList\",\"@id\":\"https:\/\/nishiki-cycle.com\/demo\/san-pham\/hublot-classic-fusion-choronograph-premier-league\/#breadcrumb\",\"itemListElement\":[{\"@type\":\"ListItem\",\"position\":1,\"name\":\"Trang ch\u1ee7\",\"item\":\"https:\/\/nishiki-cycle.com\/demo\/\"},{\"@type\":\"ListItem\",\"position\":2,\"name\":\"C\u1eeda h\u00e0ng\",\"item\":\"https:\/\/nishiki-cycle.com\/demo\/cua-hang\/\"},{\"@type\":\"ListItem\",\"position\":3,\"name\":\"Hublot Classic Fusion Choronograph Premier League\"}]},{\"@type\":\"WebSite\",\"@id\":\"https:\/\/nishiki-cycle.com\/demo\/#website\",\"url\":\"https:\/\/nishiki-cycle.com\/demo\/\",\"name\":\"Phoenix Luxury\",\"description\":\"\",\"potentialAction\":[{\"@type\":\"SearchAction\",\"target\":{\"@type\":\"EntryPoint\",\"urlTemplate\":\"https:\/\/nishiki-cycle.com\/demo\/?s={search_term_string}\"},\"query-input\":\"required name=search_term_string\"}],\"inLanguage\":\"vi\"}]}<\/script>\n<!-- \/ Yoast SEO plugin. -->","yoast_head_json":{"title":"Hublot Classic Fusion Choronograph Premier League - Phoenix Luxury","description":"Hublot Classic Fusion Choronograph Premier League\u00a0c\u00f3 m\u00e0u t\u00edm \u0111\u1eadm \u0111\u1eb7c bi\u1ec7t trang tr\u00ed tr\u00ean d\u00e2y \u0111eo v\u00e0 m\u1eb7t s\u1ed1 hi\u1ec3n th\u1ecb hai m\u1eb7t s\u1ed1 mang t\u00ednh bi\u1ec3u t\u01b0\u1ee3ng.","robots":{"index":"index","follow":"follow","max-snippet":"max-snippet:-1","max-image-preview":"max-image-preview:large","max-video-preview":"max-video-preview:-1"},"canonical":"https:\/\/nishiki-cycle.com\/demo\/san-pham\/hublot-classic-fusion-choronograph-premier-league\/","og_locale":"vi_VN","og_type":"article","og_title":"Hublot Classic Fusion Choronograph Premier League - Phoenix Luxury","og_description":"Hublot Classic Fusion Choronograph Premier League\u00a0c\u00f3 m\u00e0u t\u00edm \u0111\u1eadm \u0111\u1eb7c bi\u1ec7t trang tr\u00ed tr\u00ean d\u00e2y \u0111eo v\u00e0 m\u1eb7t s\u1ed1 hi\u1ec3n th\u1ecb hai m\u1eb7t s\u1ed1 mang t\u00ednh bi\u1ec3u t\u01b0\u1ee3ng.","og_url":"https:\/\/nishiki-cycle.com\/demo\/san-pham\/hublot-classic-fusion-choronograph-premier-league\/","og_site_name":"Phoenix Luxury","og_image":[{"width":900,"height":900,"url":"https:\/\/nishiki-cycle.com\/demo\/wp-content\/uploads\/2024\/02\/1-46.jpg","type":"image\/jpeg"}],"twitter_card":"summary_large_image","twitter_misc":{"\u01af\u1edbc t\u00ednh th\u1eddi gian \u0111\u1ecdc":"3 ph\u00fat"},"schema":{"@context":"https:\/\/schema.org","@graph":[{"@type":"WebPage","@id":"https:\/\/nishiki-cycle.com\/demo\/san-pham\/hublot-classic-fusion-choronograph-premier-league\/","url":"https:\/\/nishiki-cycle.com\/demo\/san-pham\/hublot-classic-fusion-choronograph-premier-league\/","name":"Hublot Classic Fusion Choronograph Premier League - Phoenix Luxury","isPartOf":{"@id":"https:\/\/nishiki-cycle.com\/demo\/#website"},"datePublished":"2024-02-27T15:12:05+00:00","dateModified":"2024-02-27T15:12:05+00:00","description":"Hublot Classic Fusion Choronograph Premier League\u00a0c\u00f3 m\u00e0u t\u00edm \u0111\u1eadm \u0111\u1eb7c bi\u1ec7t trang tr\u00ed tr\u00ean d\u00e2y \u0111eo v\u00e0 m\u1eb7t s\u1ed1 hi\u1ec3n th\u1ecb hai m\u1eb7t s\u1ed1 mang t\u00ednh bi\u1ec3u t\u01b0\u1ee3ng.","breadcrumb":{"@id":"https:\/\/nishiki-cycle.com\/demo\/san-pham\/hublot-classic-fusion-choronograph-premier-league\/#breadcrumb"},"inLanguage":"vi","potentialAction":[{"@type":"ReadAction","target":["https:\/\/nishiki-cycle.com\/demo\/san-pham\/hublot-classic-fusion-choronograph-premier-league\/"]}]},{"@type":"BreadcrumbList","@id":"https:\/\/nishiki-cycle.com\/demo\/san-pham\/hublot-classic-fusion-choronograph-premier-league\/#breadcrumb","itemListElement":[{"@type":"ListItem","position":1,"name":"Trang ch\u1ee7","item":"https:\/\/nishiki-cycle.com\/demo\/"},{"@type":"ListItem","position":2,"name":"C\u1eeda h\u00e0ng","item":"https:\/\/nishiki-cycle.com\/demo\/cua-hang\/"},{"@type":"ListItem","position":3,"name":"Hublot Classic Fusion Choronograph Premier League"}]},{"@type":"WebSite","@id":"https:\/\/nishiki-cycle.com\/demo\/#website","url":"https:\/\/nishiki-cycle.com\/demo\/","name":"Phoenix Luxury","description":"","potentialAction":[{"@type":"SearchAction","target":{"@type":"EntryPoint","urlTemplate":"https:\/\/nishiki-cycle.com\/demo\/?s={search_term_string}"},"query-input":"required name=search_term_string"}],"inLanguage":"vi"}]}},"_links":{"self":[{"href":"https:\/\/nishiki-cycle.com\/demo\/wp-json\/wp\/v2\/product\/12072","targetHints":{"allow":["GET"]}}],"collection":[{"href":"https:\/\/nishiki-cycle.com\/demo\/wp-json\/wp\/v2\/product"}],"about":[{"href":"https:\/\/nishiki-cycle.com\/demo\/wp-json\/wp\/v2\/types\/product"}],"replies":[{"embeddable":true,"href":"https:\/\/nishiki-cycle.com\/demo\/wp-json\/wp\/v2\/comments?post=12072"}],"wp:featuredmedia":[{"embeddable":true,"href":"https:\/\/nishiki-cycle.com\/demo\/wp-json\/wp\/v2\/media\/12073"}],"wp:attachment":[{"href":"https:\/\/nishiki-cycle.com\/demo\/wp-json\/wp\/v2\/media?parent=12072"}],"wp:term":[{"taxonomy":"product_cat","embeddable":true,"href":"https:\/\/nishiki-cycle.com\/demo\/wp-json\/wp\/v2\/product_cat?post=12072"},{"taxonomy":"product_tag","embeddable":true,"href":"https:\/\/nishiki-cycle.com\/demo\/wp-json\/wp\/v2\/product_tag?post=12072"}],"curies":[{"name":"wp","href":"https:\/\/api.w.org\/{rel}","templated":true}]}}