{"id":12108,"date":"2024-02-29T19:32:02","date_gmt":"2024-02-29T19:32:02","guid":{"rendered":"https:\/\/nishiki-cycle.com\/demo\/?post_type=product&#038;p=12108"},"modified":"2024-02-29T19:32:02","modified_gmt":"2024-02-29T19:32:02","slug":"hublot-big-bang-integrated-tourbillon-full-carbon","status":"publish","type":"product","link":"https:\/\/nishiki-cycle.com\/demo\/san-pham\/hublot-big-bang-integrated-tourbillon-full-carbon\/","title":{"rendered":"Hublot Big Bang Integrated Tourbillon Full Carbon"},"content":{"rendered":"<p><img fetchpriority=\"high\" decoding=\"async\" class=\"size-medium wp-image-12109 aligncenter\" src=\"https:\/\/nishiki-cycle.com\/demo\/wp-content\/uploads\/2024\/02\/1-52-300x300.jpg\" alt=\"\" width=\"300\" height=\"300\" srcset=\"https:\/\/nishiki-cycle.com\/demo\/wp-content\/uploads\/2024\/02\/1-52-300x300.jpg 300w, https:\/\/nishiki-cycle.com\/demo\/wp-content\/uploads\/2024\/02\/1-52-150x150.jpg 150w, https:\/\/nishiki-cycle.com\/demo\/wp-content\/uploads\/2024\/02\/1-52-768x768.jpg 768w, https:\/\/nishiki-cycle.com\/demo\/wp-content\/uploads\/2024\/02\/1-52-600x600.jpg 600w, https:\/\/nishiki-cycle.com\/demo\/wp-content\/uploads\/2024\/02\/1-52-100x100.jpg 100w, https:\/\/nishiki-cycle.com\/demo\/wp-content\/uploads\/2024\/02\/1-52.jpg 900w\" sizes=\"(max-width: 300px) 100vw, 300px\" \/><\/p>\n<p><a href=\"https:\/\/nishiki-cycle.com\/demo\/danh-muc-san-pham\/hublot\/\"><strong>Hublot<\/strong><\/a> Big Bang Integrated Tourbillon Full Carbon l\u00e0 m\u1ed9t t\u00e1c ph\u1ea9m ngh\u1ec7 thu\u1eadt tuy\u1ec7t v\u1eddi t\u1eeb th\u01b0\u01a1ng hi\u1ec7u \u0111\u1ed3ng h\u1ed3 danh ti\u1ebfng Hublot. V\u1edbi s\u1ef1 k\u1ebft h\u1ee3p \u0111\u1ed9c \u0111\u00e1o gi\u1eefa c\u00f4ng ngh\u1ec7 ti\u00ean ti\u1ebfn v\u00e0 thi\u1ebft k\u1ebf tinh t\u1ebf, chi\u1ebfc \u0111\u1ed3ng h\u1ed3 n\u00e0y kh\u00f4ng ch\u1ec9 l\u00e0 m\u1ed9t ph\u1ee5 ki\u1ec7n \u0111\u1eb3ng c\u1ea5p m\u00e0 c\u00f2n l\u00e0 bi\u1ec3u t\u01b0\u1ee3ng c\u1ee7a s\u1ef1 sang tr\u1ecdng v\u00e0 phong c\u00e1ch.<\/p>\n<p>\u0110i\u1ec3m \u0111\u00e1ng ch\u00fa \u00fd \u0111\u1ea7u ti\u00ean c\u1ee7a Hublot Big Bang Integrated Tourbillon Full Carbon ch\u00ednh l\u00e0 b\u1ed9 m\u00e1y tourbillon t\u00edch h\u1ee3p. Tourbillon l\u00e0 m\u1ed9t trong nh\u1eefng th\u00e0nh t\u1ef1u k\u1ef9 thu\u1eadt cao c\u1ea5p nh\u1ea5t trong ng\u00e0nh \u0111\u1ed3ng h\u1ed3. N\u00f3 gi\u00fap gi\u1ea3m thi\u1ec3u t\u00e1c \u0111\u1ed9ng c\u1ee7a tr\u1ecdng l\u1ef1c l\u00ean b\u1ed9 ph\u1eadn dao \u0111\u1ed9ng c\u1ee7a \u0111\u1ed3ng h\u1ed3, t\u1eeb \u0111\u00f3 c\u1ea3i thi\u1ec7n \u0111\u1ed9 ch\u00ednh x\u00e1c c\u1ee7a \u0111\u1ed3ng h\u1ed3. B\u1ed9 m\u00e1y tourbillon trong chi\u1ebfc \u0111\u1ed3ng h\u1ed3 n\u00e0y \u0111\u01b0\u1ee3c ch\u1ebf t\u1ea1o tinh x\u1ea3o, t\u1ea1o ra m\u1ed9t s\u1ef1 kh\u00e1c bi\u1ec7t \u0111\u00e1ng kinh ng\u1ea1c.<\/p>\n<p>Thi\u1ebft k\u1ebf c\u1ee7a Hublot Big Bang Integrated Tourbillon Full Carbon l\u00e0 m\u1ed9t s\u1ef1 k\u1ebft h\u1ee3p tuy\u1ec7t v\u1eddi gi\u1eefa v\u1eadt li\u1ec7u cao c\u1ea5p v\u00e0 phong c\u00e1ch \u0111\u01b0\u01a1ng \u0111\u1ea1i. V\u1ecf \u0111\u1ed3ng h\u1ed3 \u0111\u01b0\u1ee3c l\u00e0m t\u1eeb ch\u1ea5t li\u1ec7u titanium, t\u1ea1o n\u00ean m\u1ed9t s\u1ef1 nh\u1eb9 nh\u00e0ng v\u00e0 b\u1ec1n b\u1ec9. M\u1eb7t k\u00ednh sapphire ch\u1ed1ng x\u01b0\u1edbc bao ph\u1ee7 to\u00e0n b\u1ed9 m\u1eb7t \u0111\u1ed3ng h\u1ed3, cho ph\u00e9p b\u1ea1n ng\u1eafm nh\u00ecn b\u1ed9 m\u00e1y tourbillon ho\u1ea1t \u0111\u1ed9ng b\u00ean trong. V\u1ea1ch ch\u1ec9 gi\u1edd v\u00e0 kim ch\u1ec9 gi\u1edd \u0111\u01b0\u1ee3c ph\u1ee7 m\u1ed9t l\u1edbp ch\u1ea5t ph\u1ea3n quang, \u0111\u1ea3m b\u1ea3o \u0111\u1ed9 \u0111\u1ecdc t\u1ed1t trong m\u1ecdi \u0111i\u1ec1u ki\u1ec7n \u00e1nh s\u00e1ng.<\/p>\n<p>\u0110\u1ed3ng h\u1ed3 Hublot Big Bang Integrated Tourbillon 43mm 455.YS.0170.YS c\u0169ng c\u00f3 m\u1ed9t d\u00e2y \u0111eo \u0111\u1eb7c bi\u1ec7t l\u00e0m t\u1eeb cao su m\u1ec1m m\u1ea1i v\u00e0 b\u1ec1n b\u1ec9, mang l\u1ea1i s\u1ef1 tho\u1ea3i m\u00e1i v\u00e0 \u00eam \u00e1i khi \u0111eo. V\u1edbi chi\u1ec1u d\u00e0i c\u00f3 th\u1ec3 \u0111i\u1ec1u ch\u1ec9nh, \u0111\u1ed3ng h\u1ed3 n\u00e0y ph\u00f9 h\u1ee3p v\u1edbi b\u1ea5t k\u1ef3 k\u00edch th\u01b0\u1edbc c\u1ed5 tay n\u00e0o.<\/p>\n<p>Ngo\u00e0i ra, Hublot Big Bang Integrated Tourbillon 43mm c\u00f2n c\u00f3 t\u00ednh n\u0103ng ch\u1ed1ng n\u01b0\u1edbc \u0111\u1ebfn \u0111\u1ed9 s\u00e2u 100 m\u00e9t, gi\u00fap b\u1ea1n t\u1ef1 tin s\u1eed d\u1ee5ng trong c\u00e1c ho\u1ea1t \u0111\u1ed9ng h\u00e0ng ng\u00e0y v\u00e0 th\u1ec3 thao.<\/p>\n","protected":false},"excerpt":{"rendered":"<p>M\u00e3: 455.YS.0170.YS<\/p>\n<p>Xu\u1ea5t x\u1ee9: Th\u1ee5y S\u0129<\/p>\n<p>K\u00edch th\u01b0\u1edbc: 43 mm<\/p>\n<p>Ch\u1ea5t li\u1ec7u: Carbon\u00a0Fibre and Texalium<\/p>\n<p>Bezel:Carbon\u00a0Fibre and Texalium<\/p>\n<p>K\u00ednh: Sapphire<\/p>\n<p>M\u1eb7t s\u1ed1: Skeleton<\/p>\n<p>B\u1ed9 m\u00e1y: Manufacture Automatic- Calibre\u00a0HUB6035<\/p>\n<p>Ch\u1ee9c n\u0103ng: Gi\u1edd, Ph\u00fat, Gi\u00e2y, Tourbillon<\/p>\n<p>D\u1ef1 tr\u1eef n\u0103ng l\u01b0\u1ee3ng: 72 gi\u1edd<\/p>\n<p>Kh\u00e1ng n\u01b0\u1edbc: 100 m\u00e9t ( 10 ATM)<\/p>\n<p>D\u00e2y \u0111eo:\u00a0Carbon\u00a0Fibre and Texalium<\/p>\n","protected":false},"featured_media":12109,"comment_status":"open","ping_status":"closed","template":"","meta":[],"product_cat":[195,320,335],"product_tag":[],"class_list":["post-12108","product","type-product","status-publish","has-post-thumbnail","hentry","product_cat-mens-watches","product_cat-hublot","product_cat-tren-42mm","product_brand-hublot"],"yoast_head":"<!-- This site is optimized with the Yoast SEO plugin v21.6 - https:\/\/yoast.com\/wordpress\/plugins\/seo\/ -->\n<title>Hublot Big Bang Integrated Tourbillon Full Carbon - Phoenix Luxury<\/title>\n<meta name=\"description\" content=\"Hublot Big Bang Integrated Tourbillon Full Carbon l\u00e0 m\u1ed9t t\u00e1c ph\u1ea9m ngh\u1ec7 thu\u1eadt tuy\u1ec7t v\u1eddi t\u1eeb th\u01b0\u01a1ng hi\u1ec7u \u0111\u1ed3ng h\u1ed3 danh ti\u1ebfng Hublot.\" \/>\n<meta name=\"robots\" content=\"index, follow, max-snippet:-1, max-image-preview:large, max-video-preview:-1\" \/>\n<link rel=\"canonical\" href=\"https:\/\/nishiki-cycle.com\/demo\/san-pham\/hublot-big-bang-integrated-tourbillon-full-carbon\/\" \/>\n<meta property=\"og:locale\" content=\"vi_VN\" \/>\n<meta property=\"og:type\" content=\"article\" \/>\n<meta property=\"og:title\" content=\"Hublot Big Bang Integrated Tourbillon Full Carbon - Phoenix Luxury\" \/>\n<meta property=\"og:description\" content=\"Hublot Big Bang Integrated Tourbillon Full Carbon l\u00e0 m\u1ed9t t\u00e1c ph\u1ea9m ngh\u1ec7 thu\u1eadt tuy\u1ec7t v\u1eddi t\u1eeb th\u01b0\u01a1ng hi\u1ec7u \u0111\u1ed3ng h\u1ed3 danh ti\u1ebfng Hublot.\" \/>\n<meta property=\"og:url\" content=\"https:\/\/nishiki-cycle.com\/demo\/san-pham\/hublot-big-bang-integrated-tourbillon-full-carbon\/\" \/>\n<meta property=\"og:site_name\" content=\"Phoenix Luxury\" \/>\n<meta property=\"og:image\" content=\"https:\/\/nishiki-cycle.com\/demo\/wp-content\/uploads\/2024\/02\/1-52.jpg\" \/>\n\t<meta property=\"og:image:width\" content=\"900\" \/>\n\t<meta property=\"og:image:height\" content=\"900\" \/>\n\t<meta property=\"og:image:type\" content=\"image\/jpeg\" \/>\n<meta name=\"twitter:card\" content=\"summary_large_image\" \/>\n<meta name=\"twitter:label1\" content=\"\u01af\u1edbc t\u00ednh th\u1eddi gian \u0111\u1ecdc\" \/>\n\t<meta name=\"twitter:data1\" content=\"3 ph\u00fat\" \/>\n<script type=\"application\/ld+json\" class=\"yoast-schema-graph\">{\"@context\":\"https:\/\/schema.org\",\"@graph\":[{\"@type\":\"WebPage\",\"@id\":\"https:\/\/nishiki-cycle.com\/demo\/san-pham\/hublot-big-bang-integrated-tourbillon-full-carbon\/\",\"url\":\"https:\/\/nishiki-cycle.com\/demo\/san-pham\/hublot-big-bang-integrated-tourbillon-full-carbon\/\",\"name\":\"Hublot Big Bang Integrated Tourbillon Full Carbon - Phoenix Luxury\",\"isPartOf\":{\"@id\":\"https:\/\/nishiki-cycle.com\/demo\/#website\"},\"datePublished\":\"2024-02-29T19:32:02+00:00\",\"dateModified\":\"2024-02-29T19:32:02+00:00\",\"description\":\"Hublot Big Bang Integrated Tourbillon Full Carbon l\u00e0 m\u1ed9t t\u00e1c ph\u1ea9m ngh\u1ec7 thu\u1eadt tuy\u1ec7t v\u1eddi t\u1eeb th\u01b0\u01a1ng hi\u1ec7u \u0111\u1ed3ng h\u1ed3 danh ti\u1ebfng Hublot.\",\"breadcrumb\":{\"@id\":\"https:\/\/nishiki-cycle.com\/demo\/san-pham\/hublot-big-bang-integrated-tourbillon-full-carbon\/#breadcrumb\"},\"inLanguage\":\"vi\",\"potentialAction\":[{\"@type\":\"ReadAction\",\"target\":[\"https:\/\/nishiki-cycle.com\/demo\/san-pham\/hublot-big-bang-integrated-tourbillon-full-carbon\/\"]}]},{\"@type\":\"BreadcrumbList\",\"@id\":\"https:\/\/nishiki-cycle.com\/demo\/san-pham\/hublot-big-bang-integrated-tourbillon-full-carbon\/#breadcrumb\",\"itemListElement\":[{\"@type\":\"ListItem\",\"position\":1,\"name\":\"Trang ch\u1ee7\",\"item\":\"https:\/\/nishiki-cycle.com\/demo\/\"},{\"@type\":\"ListItem\",\"position\":2,\"name\":\"C\u1eeda h\u00e0ng\",\"item\":\"https:\/\/nishiki-cycle.com\/demo\/cua-hang\/\"},{\"@type\":\"ListItem\",\"position\":3,\"name\":\"Hublot Big Bang Integrated Tourbillon Full Carbon\"}]},{\"@type\":\"WebSite\",\"@id\":\"https:\/\/nishiki-cycle.com\/demo\/#website\",\"url\":\"https:\/\/nishiki-cycle.com\/demo\/\",\"name\":\"Phoenix Luxury\",\"description\":\"\",\"potentialAction\":[{\"@type\":\"SearchAction\",\"target\":{\"@type\":\"EntryPoint\",\"urlTemplate\":\"https:\/\/nishiki-cycle.com\/demo\/?s={search_term_string}\"},\"query-input\":\"required name=search_term_string\"}],\"inLanguage\":\"vi\"}]}<\/script>\n<!-- \/ Yoast SEO plugin. -->","yoast_head_json":{"title":"Hublot Big Bang Integrated Tourbillon Full Carbon - Phoenix Luxury","description":"Hublot Big Bang Integrated Tourbillon Full Carbon l\u00e0 m\u1ed9t t\u00e1c ph\u1ea9m ngh\u1ec7 thu\u1eadt tuy\u1ec7t v\u1eddi t\u1eeb th\u01b0\u01a1ng hi\u1ec7u \u0111\u1ed3ng h\u1ed3 danh ti\u1ebfng Hublot.","robots":{"index":"index","follow":"follow","max-snippet":"max-snippet:-1","max-image-preview":"max-image-preview:large","max-video-preview":"max-video-preview:-1"},"canonical":"https:\/\/nishiki-cycle.com\/demo\/san-pham\/hublot-big-bang-integrated-tourbillon-full-carbon\/","og_locale":"vi_VN","og_type":"article","og_title":"Hublot Big Bang Integrated Tourbillon Full Carbon - Phoenix Luxury","og_description":"Hublot Big Bang Integrated Tourbillon Full Carbon l\u00e0 m\u1ed9t t\u00e1c ph\u1ea9m ngh\u1ec7 thu\u1eadt tuy\u1ec7t v\u1eddi t\u1eeb th\u01b0\u01a1ng hi\u1ec7u \u0111\u1ed3ng h\u1ed3 danh ti\u1ebfng Hublot.","og_url":"https:\/\/nishiki-cycle.com\/demo\/san-pham\/hublot-big-bang-integrated-tourbillon-full-carbon\/","og_site_name":"Phoenix Luxury","og_image":[{"width":900,"height":900,"url":"https:\/\/nishiki-cycle.com\/demo\/wp-content\/uploads\/2024\/02\/1-52.jpg","type":"image\/jpeg"}],"twitter_card":"summary_large_image","twitter_misc":{"\u01af\u1edbc t\u00ednh th\u1eddi gian \u0111\u1ecdc":"3 ph\u00fat"},"schema":{"@context":"https:\/\/schema.org","@graph":[{"@type":"WebPage","@id":"https:\/\/nishiki-cycle.com\/demo\/san-pham\/hublot-big-bang-integrated-tourbillon-full-carbon\/","url":"https:\/\/nishiki-cycle.com\/demo\/san-pham\/hublot-big-bang-integrated-tourbillon-full-carbon\/","name":"Hublot Big Bang Integrated Tourbillon Full Carbon - Phoenix Luxury","isPartOf":{"@id":"https:\/\/nishiki-cycle.com\/demo\/#website"},"datePublished":"2024-02-29T19:32:02+00:00","dateModified":"2024-02-29T19:32:02+00:00","description":"Hublot Big Bang Integrated Tourbillon Full Carbon l\u00e0 m\u1ed9t t\u00e1c ph\u1ea9m ngh\u1ec7 thu\u1eadt tuy\u1ec7t v\u1eddi t\u1eeb th\u01b0\u01a1ng hi\u1ec7u \u0111\u1ed3ng h\u1ed3 danh ti\u1ebfng Hublot.","breadcrumb":{"@id":"https:\/\/nishiki-cycle.com\/demo\/san-pham\/hublot-big-bang-integrated-tourbillon-full-carbon\/#breadcrumb"},"inLanguage":"vi","potentialAction":[{"@type":"ReadAction","target":["https:\/\/nishiki-cycle.com\/demo\/san-pham\/hublot-big-bang-integrated-tourbillon-full-carbon\/"]}]},{"@type":"BreadcrumbList","@id":"https:\/\/nishiki-cycle.com\/demo\/san-pham\/hublot-big-bang-integrated-tourbillon-full-carbon\/#breadcrumb","itemListElement":[{"@type":"ListItem","position":1,"name":"Trang ch\u1ee7","item":"https:\/\/nishiki-cycle.com\/demo\/"},{"@type":"ListItem","position":2,"name":"C\u1eeda h\u00e0ng","item":"https:\/\/nishiki-cycle.com\/demo\/cua-hang\/"},{"@type":"ListItem","position":3,"name":"Hublot Big Bang Integrated Tourbillon Full Carbon"}]},{"@type":"WebSite","@id":"https:\/\/nishiki-cycle.com\/demo\/#website","url":"https:\/\/nishiki-cycle.com\/demo\/","name":"Phoenix Luxury","description":"","potentialAction":[{"@type":"SearchAction","target":{"@type":"EntryPoint","urlTemplate":"https:\/\/nishiki-cycle.com\/demo\/?s={search_term_string}"},"query-input":"required name=search_term_string"}],"inLanguage":"vi"}]}},"_links":{"self":[{"href":"https:\/\/nishiki-cycle.com\/demo\/wp-json\/wp\/v2\/product\/12108","targetHints":{"allow":["GET"]}}],"collection":[{"href":"https:\/\/nishiki-cycle.com\/demo\/wp-json\/wp\/v2\/product"}],"about":[{"href":"https:\/\/nishiki-cycle.com\/demo\/wp-json\/wp\/v2\/types\/product"}],"replies":[{"embeddable":true,"href":"https:\/\/nishiki-cycle.com\/demo\/wp-json\/wp\/v2\/comments?post=12108"}],"wp:featuredmedia":[{"embeddable":true,"href":"https:\/\/nishiki-cycle.com\/demo\/wp-json\/wp\/v2\/media\/12109"}],"wp:attachment":[{"href":"https:\/\/nishiki-cycle.com\/demo\/wp-json\/wp\/v2\/media?parent=12108"}],"wp:term":[{"taxonomy":"product_cat","embeddable":true,"href":"https:\/\/nishiki-cycle.com\/demo\/wp-json\/wp\/v2\/product_cat?post=12108"},{"taxonomy":"product_tag","embeddable":true,"href":"https:\/\/nishiki-cycle.com\/demo\/wp-json\/wp\/v2\/product_tag?post=12108"}],"curies":[{"name":"wp","href":"https:\/\/api.w.org\/{rel}","templated":true}]}}