{"id":12160,"date":"2024-03-03T19:48:28","date_gmt":"2024-03-03T19:48:28","guid":{"rendered":"https:\/\/nishiki-cycle.com\/demo\/?post_type=product&#038;p=12160"},"modified":"2024-03-03T19:48:28","modified_gmt":"2024-03-03T19:48:28","slug":"hublot-big-bang-chronograph-king-gold-pave","status":"publish","type":"product","link":"https:\/\/nishiki-cycle.com\/demo\/san-pham\/hublot-big-bang-chronograph-king-gold-pave\/","title":{"rendered":"Hublot Big Bang Chronograph King Gold Pave"},"content":{"rendered":"<p><img fetchpriority=\"high\" decoding=\"async\" class=\"size-medium wp-image-12161 aligncenter\" src=\"https:\/\/nishiki-cycle.com\/demo\/wp-content\/uploads\/2024\/03\/1-7-300x300.jpg\" alt=\"\" width=\"300\" height=\"300\" srcset=\"https:\/\/nishiki-cycle.com\/demo\/wp-content\/uploads\/2024\/03\/1-7-300x300.jpg 300w, https:\/\/nishiki-cycle.com\/demo\/wp-content\/uploads\/2024\/03\/1-7-150x150.jpg 150w, https:\/\/nishiki-cycle.com\/demo\/wp-content\/uploads\/2024\/03\/1-7-768x768.jpg 768w, https:\/\/nishiki-cycle.com\/demo\/wp-content\/uploads\/2024\/03\/1-7-600x600.jpg 600w, https:\/\/nishiki-cycle.com\/demo\/wp-content\/uploads\/2024\/03\/1-7-100x100.jpg 100w, https:\/\/nishiki-cycle.com\/demo\/wp-content\/uploads\/2024\/03\/1-7.jpg 900w\" sizes=\"(max-width: 300px) 100vw, 300px\" \/><\/p>\n<p>S\u1edf h\u1eefu d\u00e1ng v\u1ebb kh\u1ecfe kho\u1eafn v\u00e0 n\u0103ng \u0111\u1ed9ng, b\u1ed9 v\u1ecf khung <a href=\"https:\/\/nishiki-cycle.com\/demo\/danh-muc-san-pham\/hublot\/\"><strong>Hublot<\/strong> <\/a>Big Bang Chronograph King Gold Pave \u0111\u01b0\u1ee3c thi\u1ebft k\u1ec3 d\u00e1ng sandwich d\u01b0\u1edbi ch\u1ea5t li\u1ec7u King Gold \u0111\u1ed9c quy\u1ec1n, c\u00f3 kh\u1ea3 n\u0103ng ch\u1ed1ng n\u01b0\u1edbc \u1edf \u0111\u1ed9 s\u00e2u 30m. B\u1ed9 v\u1ecf khung k\u00edch th\u01b0\u1edbc 41mm hi\u1ec7n l\u00ean v\u1edbi v\u1ebb ngo\u00e0i h\u1ea5p d\u1eabn v\u00e0 b\u1eaft m\u1eaft v\u1edbi ki\u00ean kim. Ph\u00eda tr\u00ean v\u00e0nh bezel c\u00f4ng phu l\u00e0 6 \u0111inh \u1ed1c c\u00e1ch \u0111i\u1ec7u ch\u1eef H b\u00f3ng b\u1ea9y c\u00f9ng v\u1edbi 114 vi\u00ean kim c\u01b0\u01a1ng n\u1eb7ng +\/- 1,22 carat.<\/p>\n<p>B\u00ean d\u01b0\u1edbi l\u1edbp k\u00ednh sapphire, m\u1eb7t s\u1ed1 chi\u1ebfc \u0111\u1ed3ng h\u1ed3 Hublot Big Bang Chronograph King Gold Pave hi\u1ec7n l\u00ean s\u1ef1 trang tr\u1ecdng v\u00e0 h\u1ea5p d\u1eabn nh\u1edd v\u00e0o b\u1ed9 m\u1eb7t s\u1ed1 kh\u00e1c bi\u1ec7t chronograph, c\u00e1c m\u1ed1c ch\u1ec9 gi\u1edd \u1ea2 R\u1eadp b\u1eb1ng v\u00e0ng h\u1ed3ng \u0111\u1ea7y sang tr\u1ecdng.<\/p>\n<p>Tr\u00ean n\u1ec1n m\u1eb7t s\u1ed1 l\u00e0 ba m\u1eb7t s\u1ed1 ph\u1ee5 chronograph v\u1edbi\u00a0 2 m\u1eb7t s\u1ed1 Chronograph \u0111\u1eb7t \u1edf v\u1ecb tr\u00ed 9 gi\u1edd v\u00e0 6 gi\u1edd, m\u1eb7t s\u1ed1 ph\u1ee5 c\u00f2n l\u1ea1i \u0111\u1eb7t \u1edf v\u1ecb tr\u00ed 3 gi\u1edd hi\u1ec3n th\u1ecb gi\u00e2y. To\u00e0n b\u1ed9 kim ch\u1ec9 gi\u1edd, ph\u00fat, kim Chronograph \u0111\u1ec1u \u0111\u01b0\u1ee3c ph\u1ee7 l\u1edbp d\u1ea1 qu\u1ea1ng, gi\u00fap b\u1ea1n x\u00e1c \u0111\u1ecbnh \u0111\u01b0\u1ee3c th\u1eddi gian ch\u00ednh x\u00e1c ngay c\u1ea3 trong \u0111i\u1ec1u ki\u1ec7n thi\u1ebfu s\u00e1ng. M\u1ed9t chi ti\u1ebft kh\u00e1 n\u1ed5i b\u1eadt \u1edf chi\u1ebfc \u0111\u1ed3ng h\u1ed3 n\u00e0y ch\u00ednh l\u00e0 kim gi\u00e2y \u0111\u01b0\u1ee3c thi\u1ebft k\u1ebf v\u1edbi m\u00e0u \u0111\u1ecf. M\u1eabu \u0111\u1ed3ng h\u1ed3 n\u00e0y c\u00f3 kh\u1ea3 n\u0103ng ch\u1ed1ng th\u1ea5m n\u01b0\u1edbc \u1edf \u0111\u1ed9 sau 30m.<\/p>\n<p>T\u1ea5t nhi\u00ean ch\u00fang ta c\u0169ng kh\u00f4ng th\u1ec3 b\u1ecf qua b\u1ed9 m\u00e1y t\u1ef1 \u0111\u1ed9ng Hublot Calibre HUB 4300 \u0111\u01b0\u1ee3c b\u1ea3o v\u1ec7 k\u1ef9 l\u01b0\u1ee1ng b\u00ean trong b\u1ed9 v\u1ecf khung,\u00a0t\u1ea7n s\u1ed1 dao \u0111\u1ed9ng \u1edf 28.800 vph, bao g\u1ed3m 278 chi ti\u1ebft, ch\u1ee9a 37 ch\u00e2n k\u00ednh v\u00e0 c\u00f3 m\u1ee9c d\u1ef1 tr\u1eef n\u0103ng l\u01b0\u1ee3ng x\u1ea5p x\u1ec9 42 gi\u1edd.<\/p>\n","protected":false},"excerpt":{"rendered":"<p>M\u00e3: 341.PC.3380.RC.1704<\/p>\n<p>Xu\u1ea5t x\u1ee9: Th\u1ee5y S\u0129<\/p>\n<p>K\u00edch th\u01b0\u1edbc: 41 mm<\/p>\n<p>K\u00ednh: Sapphire<\/p>\n<p>M\u1eb7t s\u1ed1: M\u00e0u n\u00e2u<\/p>\n<p>B\u1ed9 m\u00e1y: Automatic &#8211;\u00a0HUB 4300<\/p>\n<p>D\u1ef1 tr\u1eef n\u0103ng l\u01b0\u1ee3ng: 42 gi\u1edd<\/p>\n<p>Ch\u1ee9c n\u0103ng: Gi\u1edd, Ph\u00fat, Gi\u00e2y, Ng\u00e0y, Chronograph<\/p>\n<p>Ch\u1ea5t li\u1ec7u: V\u00e0ng h\u1ed3ng 18k, Kim c\u01b0\u01a1ng<\/p>\n<p>Bezel: V\u00e0ng h\u00f2ng 18k, Kim c\u01b0\u01a1ng<\/p>\n<p>Kh\u00e1ng n\u01b0\u1edbc: 30m (3ATM)<\/p>\n<p>D\u00e2y \u0111eo: Cao su<\/p>\n","protected":false},"featured_media":12161,"comment_status":"open","ping_status":"closed","template":"","meta":[],"product_cat":[334,195,320,336],"product_tag":[],"class_list":["post-12160","product","type-product","status-publish","has-post-thumbnail","hentry","product_cat-40mm-42mm","product_cat-mens-watches","product_cat-hublot","product_cat-vang-hong-18k","product_brand-hublot"],"yoast_head":"<!-- This site is optimized with the Yoast SEO plugin v21.6 - https:\/\/yoast.com\/wordpress\/plugins\/seo\/ -->\n<title>Hublot Big Bang Chronograph King Gold Pave - Phoenix Luxury<\/title>\n<meta name=\"description\" content=\"B\u1ed9 v\u1ecf khung Hublot Big Bang Chronograph King Gold Pave \u0111\u01b0\u1ee3c thi\u1ebft k\u1ec3 d\u00e1ng sandwich d\u01b0\u1edbi ch\u1ea5t li\u1ec7u King Gold \u0111\u1ed9c quy\u1ec1n, c\u00f3 kh\u1ea3 n\u0103ng ch\u1ed1ng n\u01b0\u1edbc \u1edf \u0111\u1ed9 s\u00e2u 30m.\" \/>\n<meta name=\"robots\" content=\"index, follow, max-snippet:-1, max-image-preview:large, max-video-preview:-1\" \/>\n<link rel=\"canonical\" href=\"https:\/\/nishiki-cycle.com\/demo\/san-pham\/hublot-big-bang-chronograph-king-gold-pave\/\" \/>\n<meta property=\"og:locale\" content=\"vi_VN\" \/>\n<meta property=\"og:type\" content=\"article\" \/>\n<meta property=\"og:title\" content=\"Hublot Big Bang Chronograph King Gold Pave - Phoenix Luxury\" \/>\n<meta property=\"og:description\" content=\"B\u1ed9 v\u1ecf khung Hublot Big Bang Chronograph King Gold Pave \u0111\u01b0\u1ee3c thi\u1ebft k\u1ec3 d\u00e1ng sandwich d\u01b0\u1edbi ch\u1ea5t li\u1ec7u King Gold \u0111\u1ed9c quy\u1ec1n, c\u00f3 kh\u1ea3 n\u0103ng ch\u1ed1ng n\u01b0\u1edbc \u1edf \u0111\u1ed9 s\u00e2u 30m.\" \/>\n<meta property=\"og:url\" content=\"https:\/\/nishiki-cycle.com\/demo\/san-pham\/hublot-big-bang-chronograph-king-gold-pave\/\" \/>\n<meta property=\"og:site_name\" content=\"Phoenix Luxury\" \/>\n<meta property=\"og:image\" content=\"https:\/\/nishiki-cycle.com\/demo\/wp-content\/uploads\/2024\/03\/1-7.jpg\" \/>\n\t<meta property=\"og:image:width\" content=\"900\" \/>\n\t<meta property=\"og:image:height\" content=\"900\" \/>\n\t<meta property=\"og:image:type\" content=\"image\/jpeg\" \/>\n<meta name=\"twitter:card\" content=\"summary_large_image\" \/>\n<meta name=\"twitter:label1\" content=\"\u01af\u1edbc t\u00ednh th\u1eddi gian \u0111\u1ecdc\" \/>\n\t<meta name=\"twitter:data1\" content=\"2 ph\u00fat\" \/>\n<script type=\"application\/ld+json\" class=\"yoast-schema-graph\">{\"@context\":\"https:\/\/schema.org\",\"@graph\":[{\"@type\":\"WebPage\",\"@id\":\"https:\/\/nishiki-cycle.com\/demo\/san-pham\/hublot-big-bang-chronograph-king-gold-pave\/\",\"url\":\"https:\/\/nishiki-cycle.com\/demo\/san-pham\/hublot-big-bang-chronograph-king-gold-pave\/\",\"name\":\"Hublot Big Bang Chronograph King Gold Pave - Phoenix Luxury\",\"isPartOf\":{\"@id\":\"https:\/\/nishiki-cycle.com\/demo\/#website\"},\"datePublished\":\"2024-03-03T19:48:28+00:00\",\"dateModified\":\"2024-03-03T19:48:28+00:00\",\"description\":\"B\u1ed9 v\u1ecf khung Hublot Big Bang Chronograph King Gold Pave \u0111\u01b0\u1ee3c thi\u1ebft k\u1ec3 d\u00e1ng sandwich d\u01b0\u1edbi ch\u1ea5t li\u1ec7u King Gold \u0111\u1ed9c quy\u1ec1n, c\u00f3 kh\u1ea3 n\u0103ng ch\u1ed1ng n\u01b0\u1edbc \u1edf \u0111\u1ed9 s\u00e2u 30m.\",\"breadcrumb\":{\"@id\":\"https:\/\/nishiki-cycle.com\/demo\/san-pham\/hublot-big-bang-chronograph-king-gold-pave\/#breadcrumb\"},\"inLanguage\":\"vi\",\"potentialAction\":[{\"@type\":\"ReadAction\",\"target\":[\"https:\/\/nishiki-cycle.com\/demo\/san-pham\/hublot-big-bang-chronograph-king-gold-pave\/\"]}]},{\"@type\":\"BreadcrumbList\",\"@id\":\"https:\/\/nishiki-cycle.com\/demo\/san-pham\/hublot-big-bang-chronograph-king-gold-pave\/#breadcrumb\",\"itemListElement\":[{\"@type\":\"ListItem\",\"position\":1,\"name\":\"Trang ch\u1ee7\",\"item\":\"https:\/\/nishiki-cycle.com\/demo\/\"},{\"@type\":\"ListItem\",\"position\":2,\"name\":\"C\u1eeda h\u00e0ng\",\"item\":\"https:\/\/nishiki-cycle.com\/demo\/cua-hang\/\"},{\"@type\":\"ListItem\",\"position\":3,\"name\":\"Hublot Big Bang Chronograph King Gold Pave\"}]},{\"@type\":\"WebSite\",\"@id\":\"https:\/\/nishiki-cycle.com\/demo\/#website\",\"url\":\"https:\/\/nishiki-cycle.com\/demo\/\",\"name\":\"Phoenix Luxury\",\"description\":\"\",\"potentialAction\":[{\"@type\":\"SearchAction\",\"target\":{\"@type\":\"EntryPoint\",\"urlTemplate\":\"https:\/\/nishiki-cycle.com\/demo\/?s={search_term_string}\"},\"query-input\":\"required name=search_term_string\"}],\"inLanguage\":\"vi\"}]}<\/script>\n<!-- \/ Yoast SEO plugin. -->","yoast_head_json":{"title":"Hublot Big Bang Chronograph King Gold Pave - Phoenix Luxury","description":"B\u1ed9 v\u1ecf khung Hublot Big Bang Chronograph King Gold Pave \u0111\u01b0\u1ee3c thi\u1ebft k\u1ec3 d\u00e1ng sandwich d\u01b0\u1edbi ch\u1ea5t li\u1ec7u King Gold \u0111\u1ed9c quy\u1ec1n, c\u00f3 kh\u1ea3 n\u0103ng ch\u1ed1ng n\u01b0\u1edbc \u1edf \u0111\u1ed9 s\u00e2u 30m.","robots":{"index":"index","follow":"follow","max-snippet":"max-snippet:-1","max-image-preview":"max-image-preview:large","max-video-preview":"max-video-preview:-1"},"canonical":"https:\/\/nishiki-cycle.com\/demo\/san-pham\/hublot-big-bang-chronograph-king-gold-pave\/","og_locale":"vi_VN","og_type":"article","og_title":"Hublot Big Bang Chronograph King Gold Pave - Phoenix Luxury","og_description":"B\u1ed9 v\u1ecf khung Hublot Big Bang Chronograph King Gold Pave \u0111\u01b0\u1ee3c thi\u1ebft k\u1ec3 d\u00e1ng sandwich d\u01b0\u1edbi ch\u1ea5t li\u1ec7u King Gold \u0111\u1ed9c quy\u1ec1n, c\u00f3 kh\u1ea3 n\u0103ng ch\u1ed1ng n\u01b0\u1edbc \u1edf \u0111\u1ed9 s\u00e2u 30m.","og_url":"https:\/\/nishiki-cycle.com\/demo\/san-pham\/hublot-big-bang-chronograph-king-gold-pave\/","og_site_name":"Phoenix Luxury","og_image":[{"width":900,"height":900,"url":"https:\/\/nishiki-cycle.com\/demo\/wp-content\/uploads\/2024\/03\/1-7.jpg","type":"image\/jpeg"}],"twitter_card":"summary_large_image","twitter_misc":{"\u01af\u1edbc t\u00ednh th\u1eddi gian \u0111\u1ecdc":"2 ph\u00fat"},"schema":{"@context":"https:\/\/schema.org","@graph":[{"@type":"WebPage","@id":"https:\/\/nishiki-cycle.com\/demo\/san-pham\/hublot-big-bang-chronograph-king-gold-pave\/","url":"https:\/\/nishiki-cycle.com\/demo\/san-pham\/hublot-big-bang-chronograph-king-gold-pave\/","name":"Hublot Big Bang Chronograph King Gold Pave - Phoenix Luxury","isPartOf":{"@id":"https:\/\/nishiki-cycle.com\/demo\/#website"},"datePublished":"2024-03-03T19:48:28+00:00","dateModified":"2024-03-03T19:48:28+00:00","description":"B\u1ed9 v\u1ecf khung Hublot Big Bang Chronograph King Gold Pave \u0111\u01b0\u1ee3c thi\u1ebft k\u1ec3 d\u00e1ng sandwich d\u01b0\u1edbi ch\u1ea5t li\u1ec7u King Gold \u0111\u1ed9c quy\u1ec1n, c\u00f3 kh\u1ea3 n\u0103ng ch\u1ed1ng n\u01b0\u1edbc \u1edf \u0111\u1ed9 s\u00e2u 30m.","breadcrumb":{"@id":"https:\/\/nishiki-cycle.com\/demo\/san-pham\/hublot-big-bang-chronograph-king-gold-pave\/#breadcrumb"},"inLanguage":"vi","potentialAction":[{"@type":"ReadAction","target":["https:\/\/nishiki-cycle.com\/demo\/san-pham\/hublot-big-bang-chronograph-king-gold-pave\/"]}]},{"@type":"BreadcrumbList","@id":"https:\/\/nishiki-cycle.com\/demo\/san-pham\/hublot-big-bang-chronograph-king-gold-pave\/#breadcrumb","itemListElement":[{"@type":"ListItem","position":1,"name":"Trang ch\u1ee7","item":"https:\/\/nishiki-cycle.com\/demo\/"},{"@type":"ListItem","position":2,"name":"C\u1eeda h\u00e0ng","item":"https:\/\/nishiki-cycle.com\/demo\/cua-hang\/"},{"@type":"ListItem","position":3,"name":"Hublot Big Bang Chronograph King Gold Pave"}]},{"@type":"WebSite","@id":"https:\/\/nishiki-cycle.com\/demo\/#website","url":"https:\/\/nishiki-cycle.com\/demo\/","name":"Phoenix Luxury","description":"","potentialAction":[{"@type":"SearchAction","target":{"@type":"EntryPoint","urlTemplate":"https:\/\/nishiki-cycle.com\/demo\/?s={search_term_string}"},"query-input":"required name=search_term_string"}],"inLanguage":"vi"}]}},"_links":{"self":[{"href":"https:\/\/nishiki-cycle.com\/demo\/wp-json\/wp\/v2\/product\/12160","targetHints":{"allow":["GET"]}}],"collection":[{"href":"https:\/\/nishiki-cycle.com\/demo\/wp-json\/wp\/v2\/product"}],"about":[{"href":"https:\/\/nishiki-cycle.com\/demo\/wp-json\/wp\/v2\/types\/product"}],"replies":[{"embeddable":true,"href":"https:\/\/nishiki-cycle.com\/demo\/wp-json\/wp\/v2\/comments?post=12160"}],"wp:featuredmedia":[{"embeddable":true,"href":"https:\/\/nishiki-cycle.com\/demo\/wp-json\/wp\/v2\/media\/12161"}],"wp:attachment":[{"href":"https:\/\/nishiki-cycle.com\/demo\/wp-json\/wp\/v2\/media?parent=12160"}],"wp:term":[{"taxonomy":"product_cat","embeddable":true,"href":"https:\/\/nishiki-cycle.com\/demo\/wp-json\/wp\/v2\/product_cat?post=12160"},{"taxonomy":"product_tag","embeddable":true,"href":"https:\/\/nishiki-cycle.com\/demo\/wp-json\/wp\/v2\/product_tag?post=12160"}],"curies":[{"name":"wp","href":"https:\/\/api.w.org\/{rel}","templated":true}]}}