{"id":12190,"date":"2024-03-05T16:27:35","date_gmt":"2024-03-05T16:27:35","guid":{"rendered":"https:\/\/nishiki-cycle.com\/demo\/?post_type=product&#038;p=12190"},"modified":"2024-03-05T16:27:55","modified_gmt":"2024-03-05T16:27:55","slug":"hublot-classic-fusion-aerofusion-moonphase-king-gold-diamonds","status":"publish","type":"product","link":"https:\/\/nishiki-cycle.com\/demo\/san-pham\/hublot-classic-fusion-aerofusion-moonphase-king-gold-diamonds\/","title":{"rendered":"Hublot Classic Fusion Aerofusion Moonphase King Gold Diamonds"},"content":{"rendered":"<p><img fetchpriority=\"high\" decoding=\"async\" class=\"size-medium wp-image-12191 aligncenter\" src=\"https:\/\/nishiki-cycle.com\/demo\/wp-content\/uploads\/2024\/03\/1-12-300x300.jpg\" alt=\"\" width=\"300\" height=\"300\" srcset=\"https:\/\/nishiki-cycle.com\/demo\/wp-content\/uploads\/2024\/03\/1-12-300x300.jpg 300w, https:\/\/nishiki-cycle.com\/demo\/wp-content\/uploads\/2024\/03\/1-12-150x150.jpg 150w, https:\/\/nishiki-cycle.com\/demo\/wp-content\/uploads\/2024\/03\/1-12-768x768.jpg 768w, https:\/\/nishiki-cycle.com\/demo\/wp-content\/uploads\/2024\/03\/1-12-600x600.jpg 600w, https:\/\/nishiki-cycle.com\/demo\/wp-content\/uploads\/2024\/03\/1-12-100x100.jpg 100w, https:\/\/nishiki-cycle.com\/demo\/wp-content\/uploads\/2024\/03\/1-12.jpg 900w\" sizes=\"(max-width: 300px) 100vw, 300px\" \/><\/p>\n<div id=\"myTabContent\" class=\"tab-content wow fadeInUp delay02\">\n<div id=\"thongso\" class=\"tab-pane fade show active\" role=\"tabpanel\">\n<div class=\"s-content clc1 fs16\">\n<p><a href=\"https:\/\/nishiki-cycle.com\/demo\/danh-muc-san-pham\/hublot\/\"><strong>Hublot<\/strong><\/a> Classic Fusion Aerofusion Moonphase King Gold Diamonds chinh ph\u1ee5c ng\u01b0\u1eddi \u0111\u1ed1i di\u1ec7n b\u1edfi s\u1ef1 l\u1ea5p l\u00e1nh to\u00e1t ra t\u1eeb b\u1ed9 v\u1ecf \u0111\u01b0\u1ee3c \u0111\u00ednh kim c\u01b0\u01a1ng l\u1ed9ng l\u1eaby tr\u00ean ch\u1ea5t li\u1ec7u King Gold \u0111\u1ed9c quy\u1ec1n. Ti\u1ebfp \u0111\u00f3 l\u00e0 m\u1eb7t s\u1ed1 thi\u1ebft k\u1ebf\u00a0skeleton\u00a0\u0111\u1ec3 l\u1ed9 to\u00e0n b\u1ed9 nh\u1eefng chi ti\u1ebft m\u00e1y gi\u00fap mang \u0111\u1ebfn nh\u1eefng tr\u1ea3i nghi\u1ec7m v\u00f4 c\u00f9ng th\u00fa v\u1ecb cho ng\u01b0\u1eddi \u0111eo.<\/p>\n<p>\u0110i\u1ec3m th\u00fa v\u1ecb tr\u00ean phi\u00ean b\u1ea3n n\u00e0y ch\u00ednh l\u00e0 ch\u1ee9c n\u0103ng\u00a0Moonphase \u0111\u01b0\u1ee3c ch\u1ebf t\u00e1c tr\u00ean m\u1eb7t s\u1ed1, n\u1eb1m t\u1ea1i g\u00f3c 6 gi\u1edd c\u1ee7a \u0111\u1ed3ng h\u1ed3. C\u00f9ng v\u1edbi \u0111\u00f3 l\u00e0 ngo\u00e0i ch\u1ee9c n\u0103ng c\u01a1 b\u1ea3n l\u00e0 gi\u1edd, ph\u00fat, gi\u1ea5y, ng\u01b0\u1eddi d\u00f9ng c\u00f2n c\u00f3 th\u1ec3 theo d\u00f5i l\u1ecbch th\u1ee9 \u1edf c\u1eeda s\u1ed5 ph\u1ee5 b\u00ean d\u01b0\u1edbi v\u1ecb tr\u00ed 12 gi\u1edd. Ri\u00eang m\u1eb7t s\u1ed1 c\u1ee7a ch\u1ee9c n\u0103ng\u00a0Moonphase \u0111\u01b0\u1ee3c thi\u1ebft k\u1ebf l\u00e0m 3 l\u1edbp, l\u1edbp n\u1ec1n c\u00f3 m\u00e0u xanh d\u01b0\u01a1ng. L\u1edbp gi\u1eefa c\u00f3 2 h\u00ecnh m\u1eb7t tr\u0103ng. L\u1edbp tr\u00ean c\u00f9ng c\u00f3 m\u00e0u \u0111en m\u1edd.<\/p>\n<p>\u0110i\u1ec1u h\u00e0nh t\u1ea5t c\u1ea3 c\u00e1c ch\u1ee9c n\u0103ng tr\u00ean l\u00e0\u00a0b\u1ed9 m\u00e1y Calibre HUB1131 l\u00ean c\u00f3t t\u1ef1 \u0111\u1ed9ng v\u1edbi kh\u1ea3 n\u0103ng tr\u1eef c\u00f3t l\u00e0 42h, kh\u1ea3 n\u0103ng ch\u1ed1ng n\u01b0\u1edbc t\u1ed1t \u1edf \u0111\u1ed9 s\u00e2u 50m. T\u1ea1i m\u1eb7t sau c\u1ee7a \u0111\u1ed3ng h\u1ed3, b\u1ea1n ho\u00e0n to\u00e0n chi\u00eam ng\u01b0\u1ee1ng s\u1ef1 chuy\u1ec3n \u0111\u1ed9ng m\u01b0\u1ee3t m\u00e0 c\u1ee7a b\u1ed9 m\u00e1y b\u00ean trong.<\/p>\n<p>Cu\u1ed1i c\u00f9ng \u0111\u1ec3 t\u1ea1o tho\u1ea3i m\u00e1i v\u00e0 d\u1ec5 ch\u1ecbu tr\u00ean c\u1ed5 tay, Hublot Classic Fusion Aerofusion Moonphase King Gold Diamonds k\u1ebft h\u1ee3p d\u00e2y \u0111eo cao su v\u00e0 da c\u00e1 s\u1ea5u v\u1edbi cao su b\u00ean d\u01b0\u1edbi, l\u1edbp d\u00e2y da b\u00ean trong v\u01b0\u00e0 sang tr\u1ecdng m\u00e0 \u00f4m g\u1ecdn c\u1ed5 tay.<\/p>\n<\/div>\n<\/div>\n<\/div>\n","protected":false},"excerpt":{"rendered":"<p>M\u00e3:\u00a0547.OX.0180.LR.1704<\/p>\n<p>Xu\u1ea5t x\u1ee9: Th\u1ee5y S\u0129<\/p>\n<p>K\u00edch th\u01b0\u1edbc: 42 mm<\/p>\n<p>K\u00ednh: Sapphire<\/p>\n<p>M\u1eb7t s\u1ed1: Skeleton<\/p>\n<p>B\u1ed9 m\u00e1y: Automatic &#8211; HUB 1131<\/p>\n<p>D\u1ef1 tr\u1eef n\u0103ng l\u01b0\u1ee3ng: 42 gi\u1edd<\/p>\n<p>Ch\u1ee9c n\u0103ng: Gi\u1edd, Ph\u00fat, Gi\u00e2y, ng\u00e0y,\u00a0Moonphase<\/p>\n<p>Ch\u1ea5t li\u1ec7u: V\u00e0ng h\u1ed3ng 18k, Kim c\u01b0\u01a1ng<\/p>\n<p>Bezel:\u00a0V\u00e0ng h\u1ed3ng 18k, Kim c\u01b0\u01a1ng<\/p>\n<p>Kh\u00e1ng n\u01b0\u1edbc: 50m (5ATM)<\/p>\n<p>D\u00e2y \u0111eo: Cao su v\u00e0 da c\u00e1 s\u1ea5u<\/p>\n","protected":false},"featured_media":12191,"comment_status":"open","ping_status":"closed","template":"","meta":[],"product_cat":[334,195,320,336],"product_tag":[],"class_list":["post-12190","product","type-product","status-publish","has-post-thumbnail","hentry","product_cat-40mm-42mm","product_cat-mens-watches","product_cat-hublot","product_cat-vang-hong-18k","product_brand-hublot"],"yoast_head":"<!-- This site is optimized with the Yoast SEO plugin v21.6 - https:\/\/yoast.com\/wordpress\/plugins\/seo\/ -->\n<title>Hublot Classic Fusion Aerofusion Moonphase King Gold Diamonds - Phoenix Luxury<\/title>\n<meta name=\"description\" content=\"Hublot Classic Fusion Aerofusion Moonphase King Gold Diamonds k\u1ebft h\u1ee3p d\u00e2y \u0111eo cao su v\u00e0 da c\u00e1 s\u1ea5u v\u1edbi cao su b\u00ean d\u01b0\u1edbi, l\u1edbp d\u00e2y da b\u00ean trong.\" \/>\n<meta name=\"robots\" content=\"index, follow, max-snippet:-1, max-image-preview:large, max-video-preview:-1\" \/>\n<link rel=\"canonical\" href=\"https:\/\/nishiki-cycle.com\/demo\/san-pham\/hublot-classic-fusion-aerofusion-moonphase-king-gold-diamonds\/\" \/>\n<meta property=\"og:locale\" content=\"vi_VN\" \/>\n<meta property=\"og:type\" content=\"article\" \/>\n<meta property=\"og:title\" content=\"Hublot Classic Fusion Aerofusion Moonphase King Gold Diamonds - Phoenix Luxury\" \/>\n<meta property=\"og:description\" content=\"Hublot Classic Fusion Aerofusion Moonphase King Gold Diamonds k\u1ebft h\u1ee3p d\u00e2y \u0111eo cao su v\u00e0 da c\u00e1 s\u1ea5u v\u1edbi cao su b\u00ean d\u01b0\u1edbi, l\u1edbp d\u00e2y da b\u00ean trong.\" \/>\n<meta property=\"og:url\" content=\"https:\/\/nishiki-cycle.com\/demo\/san-pham\/hublot-classic-fusion-aerofusion-moonphase-king-gold-diamonds\/\" \/>\n<meta property=\"og:site_name\" content=\"Phoenix Luxury\" \/>\n<meta property=\"article:modified_time\" content=\"2024-03-05T16:27:55+00:00\" \/>\n<meta property=\"og:image\" content=\"https:\/\/nishiki-cycle.com\/demo\/wp-content\/uploads\/2024\/03\/1-12.jpg\" \/>\n\t<meta property=\"og:image:width\" content=\"900\" \/>\n\t<meta property=\"og:image:height\" content=\"900\" \/>\n\t<meta property=\"og:image:type\" content=\"image\/jpeg\" \/>\n<meta name=\"twitter:card\" content=\"summary_large_image\" \/>\n<meta name=\"twitter:label1\" content=\"\u01af\u1edbc t\u00ednh th\u1eddi gian \u0111\u1ecdc\" \/>\n\t<meta name=\"twitter:data1\" content=\"2 ph\u00fat\" \/>\n<script type=\"application\/ld+json\" class=\"yoast-schema-graph\">{\"@context\":\"https:\/\/schema.org\",\"@graph\":[{\"@type\":\"WebPage\",\"@id\":\"https:\/\/nishiki-cycle.com\/demo\/san-pham\/hublot-classic-fusion-aerofusion-moonphase-king-gold-diamonds\/\",\"url\":\"https:\/\/nishiki-cycle.com\/demo\/san-pham\/hublot-classic-fusion-aerofusion-moonphase-king-gold-diamonds\/\",\"name\":\"Hublot Classic Fusion Aerofusion Moonphase King Gold Diamonds - Phoenix Luxury\",\"isPartOf\":{\"@id\":\"https:\/\/nishiki-cycle.com\/demo\/#website\"},\"datePublished\":\"2024-03-05T16:27:35+00:00\",\"dateModified\":\"2024-03-05T16:27:55+00:00\",\"description\":\"Hublot Classic Fusion Aerofusion Moonphase King Gold Diamonds k\u1ebft h\u1ee3p d\u00e2y \u0111eo cao su v\u00e0 da c\u00e1 s\u1ea5u v\u1edbi cao su b\u00ean d\u01b0\u1edbi, l\u1edbp d\u00e2y da b\u00ean trong.\",\"breadcrumb\":{\"@id\":\"https:\/\/nishiki-cycle.com\/demo\/san-pham\/hublot-classic-fusion-aerofusion-moonphase-king-gold-diamonds\/#breadcrumb\"},\"inLanguage\":\"vi\",\"potentialAction\":[{\"@type\":\"ReadAction\",\"target\":[\"https:\/\/nishiki-cycle.com\/demo\/san-pham\/hublot-classic-fusion-aerofusion-moonphase-king-gold-diamonds\/\"]}]},{\"@type\":\"BreadcrumbList\",\"@id\":\"https:\/\/nishiki-cycle.com\/demo\/san-pham\/hublot-classic-fusion-aerofusion-moonphase-king-gold-diamonds\/#breadcrumb\",\"itemListElement\":[{\"@type\":\"ListItem\",\"position\":1,\"name\":\"Trang ch\u1ee7\",\"item\":\"https:\/\/nishiki-cycle.com\/demo\/\"},{\"@type\":\"ListItem\",\"position\":2,\"name\":\"C\u1eeda h\u00e0ng\",\"item\":\"https:\/\/nishiki-cycle.com\/demo\/cua-hang\/\"},{\"@type\":\"ListItem\",\"position\":3,\"name\":\"Hublot Classic Fusion Aerofusion Moonphase King Gold Diamonds\"}]},{\"@type\":\"WebSite\",\"@id\":\"https:\/\/nishiki-cycle.com\/demo\/#website\",\"url\":\"https:\/\/nishiki-cycle.com\/demo\/\",\"name\":\"Phoenix Luxury\",\"description\":\"\",\"potentialAction\":[{\"@type\":\"SearchAction\",\"target\":{\"@type\":\"EntryPoint\",\"urlTemplate\":\"https:\/\/nishiki-cycle.com\/demo\/?s={search_term_string}\"},\"query-input\":\"required name=search_term_string\"}],\"inLanguage\":\"vi\"}]}<\/script>\n<!-- \/ Yoast SEO plugin. -->","yoast_head_json":{"title":"Hublot Classic Fusion Aerofusion Moonphase King Gold Diamonds - Phoenix Luxury","description":"Hublot Classic Fusion Aerofusion Moonphase King Gold Diamonds k\u1ebft h\u1ee3p d\u00e2y \u0111eo cao su v\u00e0 da c\u00e1 s\u1ea5u v\u1edbi cao su b\u00ean d\u01b0\u1edbi, l\u1edbp d\u00e2y da b\u00ean trong.","robots":{"index":"index","follow":"follow","max-snippet":"max-snippet:-1","max-image-preview":"max-image-preview:large","max-video-preview":"max-video-preview:-1"},"canonical":"https:\/\/nishiki-cycle.com\/demo\/san-pham\/hublot-classic-fusion-aerofusion-moonphase-king-gold-diamonds\/","og_locale":"vi_VN","og_type":"article","og_title":"Hublot Classic Fusion Aerofusion Moonphase King Gold Diamonds - Phoenix Luxury","og_description":"Hublot Classic Fusion Aerofusion Moonphase King Gold Diamonds k\u1ebft h\u1ee3p d\u00e2y \u0111eo cao su v\u00e0 da c\u00e1 s\u1ea5u v\u1edbi cao su b\u00ean d\u01b0\u1edbi, l\u1edbp d\u00e2y da b\u00ean trong.","og_url":"https:\/\/nishiki-cycle.com\/demo\/san-pham\/hublot-classic-fusion-aerofusion-moonphase-king-gold-diamonds\/","og_site_name":"Phoenix Luxury","article_modified_time":"2024-03-05T16:27:55+00:00","og_image":[{"width":900,"height":900,"url":"https:\/\/nishiki-cycle.com\/demo\/wp-content\/uploads\/2024\/03\/1-12.jpg","type":"image\/jpeg"}],"twitter_card":"summary_large_image","twitter_misc":{"\u01af\u1edbc t\u00ednh th\u1eddi gian \u0111\u1ecdc":"2 ph\u00fat"},"schema":{"@context":"https:\/\/schema.org","@graph":[{"@type":"WebPage","@id":"https:\/\/nishiki-cycle.com\/demo\/san-pham\/hublot-classic-fusion-aerofusion-moonphase-king-gold-diamonds\/","url":"https:\/\/nishiki-cycle.com\/demo\/san-pham\/hublot-classic-fusion-aerofusion-moonphase-king-gold-diamonds\/","name":"Hublot Classic Fusion Aerofusion Moonphase King Gold Diamonds - Phoenix Luxury","isPartOf":{"@id":"https:\/\/nishiki-cycle.com\/demo\/#website"},"datePublished":"2024-03-05T16:27:35+00:00","dateModified":"2024-03-05T16:27:55+00:00","description":"Hublot Classic Fusion Aerofusion Moonphase King Gold Diamonds k\u1ebft h\u1ee3p d\u00e2y \u0111eo cao su v\u00e0 da c\u00e1 s\u1ea5u v\u1edbi cao su b\u00ean d\u01b0\u1edbi, l\u1edbp d\u00e2y da b\u00ean trong.","breadcrumb":{"@id":"https:\/\/nishiki-cycle.com\/demo\/san-pham\/hublot-classic-fusion-aerofusion-moonphase-king-gold-diamonds\/#breadcrumb"},"inLanguage":"vi","potentialAction":[{"@type":"ReadAction","target":["https:\/\/nishiki-cycle.com\/demo\/san-pham\/hublot-classic-fusion-aerofusion-moonphase-king-gold-diamonds\/"]}]},{"@type":"BreadcrumbList","@id":"https:\/\/nishiki-cycle.com\/demo\/san-pham\/hublot-classic-fusion-aerofusion-moonphase-king-gold-diamonds\/#breadcrumb","itemListElement":[{"@type":"ListItem","position":1,"name":"Trang ch\u1ee7","item":"https:\/\/nishiki-cycle.com\/demo\/"},{"@type":"ListItem","position":2,"name":"C\u1eeda h\u00e0ng","item":"https:\/\/nishiki-cycle.com\/demo\/cua-hang\/"},{"@type":"ListItem","position":3,"name":"Hublot Classic Fusion Aerofusion Moonphase King Gold Diamonds"}]},{"@type":"WebSite","@id":"https:\/\/nishiki-cycle.com\/demo\/#website","url":"https:\/\/nishiki-cycle.com\/demo\/","name":"Phoenix Luxury","description":"","potentialAction":[{"@type":"SearchAction","target":{"@type":"EntryPoint","urlTemplate":"https:\/\/nishiki-cycle.com\/demo\/?s={search_term_string}"},"query-input":"required name=search_term_string"}],"inLanguage":"vi"}]}},"_links":{"self":[{"href":"https:\/\/nishiki-cycle.com\/demo\/wp-json\/wp\/v2\/product\/12190","targetHints":{"allow":["GET"]}}],"collection":[{"href":"https:\/\/nishiki-cycle.com\/demo\/wp-json\/wp\/v2\/product"}],"about":[{"href":"https:\/\/nishiki-cycle.com\/demo\/wp-json\/wp\/v2\/types\/product"}],"replies":[{"embeddable":true,"href":"https:\/\/nishiki-cycle.com\/demo\/wp-json\/wp\/v2\/comments?post=12190"}],"wp:featuredmedia":[{"embeddable":true,"href":"https:\/\/nishiki-cycle.com\/demo\/wp-json\/wp\/v2\/media\/12191"}],"wp:attachment":[{"href":"https:\/\/nishiki-cycle.com\/demo\/wp-json\/wp\/v2\/media?parent=12190"}],"wp:term":[{"taxonomy":"product_cat","embeddable":true,"href":"https:\/\/nishiki-cycle.com\/demo\/wp-json\/wp\/v2\/product_cat?post=12190"},{"taxonomy":"product_tag","embeddable":true,"href":"https:\/\/nishiki-cycle.com\/demo\/wp-json\/wp\/v2\/product_tag?post=12190"}],"curies":[{"name":"wp","href":"https:\/\/api.w.org\/{rel}","templated":true}]}}