{"id":12248,"date":"2024-03-07T21:09:15","date_gmt":"2024-03-07T21:09:15","guid":{"rendered":"https:\/\/nishiki-cycle.com\/demo\/?post_type=product&#038;p=12248"},"modified":"2024-03-09T21:15:55","modified_gmt":"2024-03-09T21:15:55","slug":"patek-philippe-nautilus-5711-112p-001","status":"publish","type":"product","link":"https:\/\/nishiki-cycle.com\/demo\/san-pham\/patek-philippe-nautilus-5711-112p-001\/","title":{"rendered":"Patek Philippe Nautilus 5711\/112P-001"},"content":{"rendered":"<p><img fetchpriority=\"high\" decoding=\"async\" class=\"size-medium wp-image-12249 aligncenter\" src=\"https:\/\/nishiki-cycle.com\/demo\/wp-content\/uploads\/2024\/03\/1-20-300x300.jpg\" alt=\"\" width=\"300\" height=\"300\" srcset=\"https:\/\/nishiki-cycle.com\/demo\/wp-content\/uploads\/2024\/03\/1-20-300x300.jpg 300w, https:\/\/nishiki-cycle.com\/demo\/wp-content\/uploads\/2024\/03\/1-20-150x150.jpg 150w, https:\/\/nishiki-cycle.com\/demo\/wp-content\/uploads\/2024\/03\/1-20-768x768.jpg 768w, https:\/\/nishiki-cycle.com\/demo\/wp-content\/uploads\/2024\/03\/1-20-600x600.jpg 600w, https:\/\/nishiki-cycle.com\/demo\/wp-content\/uploads\/2024\/03\/1-20-100x100.jpg 100w, https:\/\/nishiki-cycle.com\/demo\/wp-content\/uploads\/2024\/03\/1-20.jpg 900w\" sizes=\"(max-width: 300px) 100vw, 300px\" \/><\/p>\n<p><a href=\"https:\/\/nishiki-cycle.com\/demo\/danh-muc-san-pham\/patek-philippe\/\"><strong>Patek Philippe<\/strong><\/a> Nautilus 5711\/112P-001 l\u00e0 m\u1ed9t phi\u00ean b\u1ea3n \u0111\u1eb7c bi\u1ec7t v\u00e0 sang tr\u1ecdng trong d\u00f2ng \u0111\u1ed3ng h\u1ed3 Nautilus c\u1ee7a Patek Philippe. N\u00f3 k\u1ebft h\u1ee3p gi\u1eefa thi\u1ebft k\u1ebf \u0111\u1eb3ng c\u1ea5p v\u00e0 s\u1ef1 l\u1ed9ng l\u1eaby c\u1ee7a vi\u00ean \u0111\u00e1 qu\u00fd ruby.<\/p>\n<p>V\u1edbi v\u1ecf \u0111\u1ed3ng h\u1ed3 Nautilus 5711\/112P-001 Platinum Ruby Bezel l\u00e0m t\u1eeb platinum, m\u1ed9t trong nh\u1eefng v\u1eadt li\u1ec7u qu\u00fd hi\u1ebfm v\u00e0 cao c\u1ea5p nh\u1ea5t, Nautilus 5711\/112P-001 c\u00f3 v\u1ebb ngo\u00e0i l\u1ecbch l\u00e3m v\u00e0 sang tr\u1ecdng. K\u00edch th\u01b0\u1edbc v\u1ecf l\u00e0 40mm, ph\u00f9 h\u1ee3p v\u1edbi c\u1ed5 tay nam v\u00e0 n\u1eef. V\u1ecf \u0111\u01b0\u1ee3c ch\u1ebf t\u00e1c t\u1ec9 m\u1ec9 v\u00e0 ho\u00e0n thi\u1ec7n b\u1eb1ng c\u00f4ng ngh\u1ec7 ti\u00ean ti\u1ebfn c\u1ee7a Patek Philippe.<\/p>\n<p>M\u1eb7t \u0111\u1ed3ng h\u1ed3 Patek Philippe Nautilus 5711\/112P-001 Platinum Ruby Bezel c\u00f3 m\u00e0u xanh \u0111en v\u1edbi ho\u1ea1 ti\u1ebft nguy\u00ean kh\u1ed1i v\u00e2n ngang \u0111\u1eb7c tr\u01b0ng c\u1ee7a d\u00f2ng Nautilus. Tr\u00ean m\u1eb7t \u0111\u1ed3ng h\u1ed3, c\u00f3 c\u00e1c ch\u1ec9 s\u1ed1 gi\u1edd v\u00e0 kim nh\u1ecf d\u1ea1ng c\u1ecd \u0111\u01b0\u1ee3c l\u00e0m t\u1eeb v\u00e0ng tr\u1eafng 18K. \u0110\u1ed3ng h\u1ed3 c\u0169ng c\u00f3 c\u1eeda s\u1ed5 ng\u00e0y \u1edf v\u1ecb tr\u00ed 3 gi\u1edd.<\/p>\n<p>Tuy nhi\u00ean, \u0111i\u1ec3m n\u1ed5i b\u1eadt c\u1ee7a phi\u00ean b\u1ea3n n\u00e0y l\u00e0 vi\u00ean \u0111\u00e1 qu\u00fd ruby \u0111\u01b0\u1ee3c \u0111\u1eb7t tr\u00ean bezel (vi\u1ec1n ngo\u00e0i) c\u1ee7a \u0111\u1ed3ng h\u1ed3. Vi\u00ean \u0111\u00e1 qu\u00fd ruby t\u1ea1o ra m\u1ed9t s\u1ef1 l\u1ea5p l\u00e1nh v\u00e0 s\u1eafc \u0111\u1ecf quy\u1ebfn r\u0169, l\u00e0m n\u1ed5i b\u1eadt v\u1ebb \u0111\u1eb9p v\u00e0 s\u1ef1 sang tr\u1ecdng c\u1ee7a \u0111\u1ed3ng h\u1ed3.<\/p>\n<p>M\u00e1y \u0111\u1ed3ng h\u1ed3 s\u1eed d\u1ee5ng Caliber 324 S C, m\u1ed9t m\u00e1y t\u1ef1 \u0111\u1ed9ng v\u1edbi 29 ch\u00e2n k\u00ednh v\u00e0 d\u1ef1 tr\u1eef n\u0103ng l\u01b0\u1ee3ng kho\u1ea3ng 45 gi\u1edd. M\u00e1y c\u00f3 b\u1ed9 tua tr\u00f4i trung t\u00e2m v\u00e0 \u0111\u01b0\u1ee3c trang b\u1ecb b\u1ed9 ph\u1eadn c\u00e2n b\u1eb1ng Gyromax v\u00e0 Spron, \u0111\u1ea3m b\u1ea3o \u0111\u1ed9 ch\u00ednh x\u00e1c v\u00e0 \u0111\u1ed9 tin c\u1eady cao.<\/p>\n<p>D\u00e2y \u0111eo c\u1ee7a \u0111\u1ed3ng h\u1ed3 l\u00e0m t\u1eeb platinum, ho\u00e0n thi\u1ec7n v\u1edbi kh\u00f3a g\u1eadp platinum, t\u1ea1o n\u00ean s\u1ef1 k\u1ebft h\u1ee3p ho\u00e0n h\u1ea3o v\u1edbi v\u1ecf v\u00e0 m\u1eb7t \u0111\u1ed3ng h\u1ed3.<\/p>\n<p>Patek Philippe Nautilus 5711\/112P-001 l\u00e0 m\u1ed9t chi\u1ebfc \u0111\u1ed3ng h\u1ed3 \u0111\u1eb3ng c\u1ea5p v\u00e0 l\u1ed9ng l\u1eaby, v\u1edbi v\u1ecf v\u00e0 d\u00e2y \u0111eo platinum, vi\u00ean \u0111\u00e1 qu\u00fd ruby tr\u00ean bezel v\u00e0 s\u1ef1 tinh t\u1ebf trong thi\u1ebft k\u1ebf. N\u00f3 l\u00e0 m\u1ed9t bi\u1ec3u t\u01b0\u1ee3ng c\u1ee7a s\u1ef1 sang tr\u1ecdng v\u00e0 \u0111\u1eb3ng c\u1ea5p trong th\u1ebf gi\u1edbi \u0111\u1ed3ng h\u1ed3.<\/p>\n","protected":false},"excerpt":{"rendered":"<p>M\u00e3: 5711\/112P-001<\/p>\n<p>Xu\u1ea5t x\u1ee9: Th\u1ee5y S\u1ef9<\/p>\n<p>K\u00edch th\u01b0\u1edbc: 40 mm<\/p>\n<p>K\u00ednh: Sapphire<\/p>\n<p>B\u1ed9 m\u00e1y: Automatic<\/p>\n<p>D\u1ef1 tr\u1eef n\u0103ng l\u01b0\u1ee3ng:<\/p>\n<p>Ch\u00e2n k\u00ednh: 30<\/p>\n<p>Ch\u1ee9c n\u0103ng: Gi\u1edd, Ph\u00fat, Gi\u00e2y,\u00a0Ng\u00e0y<\/p>\n<p>Ch\u1ea5t li\u1ec7u v\u1ecf: Platinum<\/p>\n<p>Ch\u1ea5t li\u1ec7u d\u00e2y \u0111eo:Platinum<\/p>\n<p>Kh\u00e1ng n\u01b0\u1edbc: 120m (12ATM)<\/p>\n","protected":false},"featured_media":12249,"comment_status":"open","ping_status":"closed","template":"","meta":[],"product_cat":[334,195,322],"product_tag":[],"class_list":["post-12248","product","type-product","status-publish","has-post-thumbnail","hentry","product_cat-40mm-42mm","product_cat-mens-watches","product_cat-patek-philippe","product_brand-patek-philippe"],"yoast_head":"<!-- This site is optimized with the Yoast SEO plugin v21.6 - https:\/\/yoast.com\/wordpress\/plugins\/seo\/ -->\n<title>Patek Philippe Nautilus 5711\/112P-001 - Phoenix Luxury<\/title>\n<meta name=\"description\" content=\"Patek Philippe Nautilus 5711\/112P-001 l\u00e0 m\u1ed9t chi\u1ebfc \u0111\u1ed3ng h\u1ed3 \u0111\u1eb3ng c\u1ea5p v\u00e0 l\u1ed9ng l\u1eaby, v\u1edbi v\u1ecf v\u00e0 d\u00e2y \u0111eo platinum, vi\u00ean \u0111\u00e1 qu\u00fd ruby tr\u00ean v\u00f2ng bezel.\" \/>\n<meta name=\"robots\" content=\"index, follow, max-snippet:-1, max-image-preview:large, max-video-preview:-1\" \/>\n<link rel=\"canonical\" href=\"https:\/\/nishiki-cycle.com\/demo\/san-pham\/patek-philippe-nautilus-5711-112p-001\/\" \/>\n<meta property=\"og:locale\" content=\"vi_VN\" \/>\n<meta property=\"og:type\" content=\"article\" \/>\n<meta property=\"og:title\" content=\"Patek Philippe Nautilus 5711\/112P-001 - Phoenix Luxury\" \/>\n<meta property=\"og:description\" content=\"Patek Philippe Nautilus 5711\/112P-001 l\u00e0 m\u1ed9t chi\u1ebfc \u0111\u1ed3ng h\u1ed3 \u0111\u1eb3ng c\u1ea5p v\u00e0 l\u1ed9ng l\u1eaby, v\u1edbi v\u1ecf v\u00e0 d\u00e2y \u0111eo platinum, vi\u00ean \u0111\u00e1 qu\u00fd ruby tr\u00ean v\u00f2ng bezel.\" \/>\n<meta property=\"og:url\" content=\"https:\/\/nishiki-cycle.com\/demo\/san-pham\/patek-philippe-nautilus-5711-112p-001\/\" \/>\n<meta property=\"og:site_name\" content=\"Phoenix Luxury\" \/>\n<meta property=\"article:modified_time\" content=\"2024-03-09T21:15:55+00:00\" \/>\n<meta property=\"og:image\" content=\"https:\/\/nishiki-cycle.com\/demo\/wp-content\/uploads\/2024\/03\/1-20.jpg\" \/>\n\t<meta property=\"og:image:width\" content=\"900\" \/>\n\t<meta property=\"og:image:height\" content=\"900\" \/>\n\t<meta property=\"og:image:type\" content=\"image\/jpeg\" \/>\n<meta name=\"twitter:card\" content=\"summary_large_image\" \/>\n<meta name=\"twitter:label1\" content=\"\u01af\u1edbc t\u00ednh th\u1eddi gian \u0111\u1ecdc\" \/>\n\t<meta name=\"twitter:data1\" content=\"3 ph\u00fat\" \/>\n<script type=\"application\/ld+json\" class=\"yoast-schema-graph\">{\"@context\":\"https:\/\/schema.org\",\"@graph\":[{\"@type\":\"WebPage\",\"@id\":\"https:\/\/nishiki-cycle.com\/demo\/san-pham\/patek-philippe-nautilus-5711-112p-001\/\",\"url\":\"https:\/\/nishiki-cycle.com\/demo\/san-pham\/patek-philippe-nautilus-5711-112p-001\/\",\"name\":\"Patek Philippe Nautilus 5711\/112P-001 - Phoenix Luxury\",\"isPartOf\":{\"@id\":\"https:\/\/nishiki-cycle.com\/demo\/#website\"},\"datePublished\":\"2024-03-07T21:09:15+00:00\",\"dateModified\":\"2024-03-09T21:15:55+00:00\",\"description\":\"Patek Philippe Nautilus 5711\/112P-001 l\u00e0 m\u1ed9t chi\u1ebfc \u0111\u1ed3ng h\u1ed3 \u0111\u1eb3ng c\u1ea5p v\u00e0 l\u1ed9ng l\u1eaby, v\u1edbi v\u1ecf v\u00e0 d\u00e2y \u0111eo platinum, vi\u00ean \u0111\u00e1 qu\u00fd ruby tr\u00ean v\u00f2ng bezel.\",\"breadcrumb\":{\"@id\":\"https:\/\/nishiki-cycle.com\/demo\/san-pham\/patek-philippe-nautilus-5711-112p-001\/#breadcrumb\"},\"inLanguage\":\"vi\",\"potentialAction\":[{\"@type\":\"ReadAction\",\"target\":[\"https:\/\/nishiki-cycle.com\/demo\/san-pham\/patek-philippe-nautilus-5711-112p-001\/\"]}]},{\"@type\":\"BreadcrumbList\",\"@id\":\"https:\/\/nishiki-cycle.com\/demo\/san-pham\/patek-philippe-nautilus-5711-112p-001\/#breadcrumb\",\"itemListElement\":[{\"@type\":\"ListItem\",\"position\":1,\"name\":\"Trang ch\u1ee7\",\"item\":\"https:\/\/nishiki-cycle.com\/demo\/\"},{\"@type\":\"ListItem\",\"position\":2,\"name\":\"C\u1eeda h\u00e0ng\",\"item\":\"https:\/\/nishiki-cycle.com\/demo\/cua-hang\/\"},{\"@type\":\"ListItem\",\"position\":3,\"name\":\"Patek Philippe Nautilus 5711\/112P-001\"}]},{\"@type\":\"WebSite\",\"@id\":\"https:\/\/nishiki-cycle.com\/demo\/#website\",\"url\":\"https:\/\/nishiki-cycle.com\/demo\/\",\"name\":\"Phoenix Luxury\",\"description\":\"\",\"potentialAction\":[{\"@type\":\"SearchAction\",\"target\":{\"@type\":\"EntryPoint\",\"urlTemplate\":\"https:\/\/nishiki-cycle.com\/demo\/?s={search_term_string}\"},\"query-input\":\"required name=search_term_string\"}],\"inLanguage\":\"vi\"}]}<\/script>\n<!-- \/ Yoast SEO plugin. -->","yoast_head_json":{"title":"Patek Philippe Nautilus 5711\/112P-001 - Phoenix Luxury","description":"Patek Philippe Nautilus 5711\/112P-001 l\u00e0 m\u1ed9t chi\u1ebfc \u0111\u1ed3ng h\u1ed3 \u0111\u1eb3ng c\u1ea5p v\u00e0 l\u1ed9ng l\u1eaby, v\u1edbi v\u1ecf v\u00e0 d\u00e2y \u0111eo platinum, vi\u00ean \u0111\u00e1 qu\u00fd ruby tr\u00ean v\u00f2ng bezel.","robots":{"index":"index","follow":"follow","max-snippet":"max-snippet:-1","max-image-preview":"max-image-preview:large","max-video-preview":"max-video-preview:-1"},"canonical":"https:\/\/nishiki-cycle.com\/demo\/san-pham\/patek-philippe-nautilus-5711-112p-001\/","og_locale":"vi_VN","og_type":"article","og_title":"Patek Philippe Nautilus 5711\/112P-001 - Phoenix Luxury","og_description":"Patek Philippe Nautilus 5711\/112P-001 l\u00e0 m\u1ed9t chi\u1ebfc \u0111\u1ed3ng h\u1ed3 \u0111\u1eb3ng c\u1ea5p v\u00e0 l\u1ed9ng l\u1eaby, v\u1edbi v\u1ecf v\u00e0 d\u00e2y \u0111eo platinum, vi\u00ean \u0111\u00e1 qu\u00fd ruby tr\u00ean v\u00f2ng bezel.","og_url":"https:\/\/nishiki-cycle.com\/demo\/san-pham\/patek-philippe-nautilus-5711-112p-001\/","og_site_name":"Phoenix Luxury","article_modified_time":"2024-03-09T21:15:55+00:00","og_image":[{"width":900,"height":900,"url":"https:\/\/nishiki-cycle.com\/demo\/wp-content\/uploads\/2024\/03\/1-20.jpg","type":"image\/jpeg"}],"twitter_card":"summary_large_image","twitter_misc":{"\u01af\u1edbc t\u00ednh th\u1eddi gian \u0111\u1ecdc":"3 ph\u00fat"},"schema":{"@context":"https:\/\/schema.org","@graph":[{"@type":"WebPage","@id":"https:\/\/nishiki-cycle.com\/demo\/san-pham\/patek-philippe-nautilus-5711-112p-001\/","url":"https:\/\/nishiki-cycle.com\/demo\/san-pham\/patek-philippe-nautilus-5711-112p-001\/","name":"Patek Philippe Nautilus 5711\/112P-001 - Phoenix Luxury","isPartOf":{"@id":"https:\/\/nishiki-cycle.com\/demo\/#website"},"datePublished":"2024-03-07T21:09:15+00:00","dateModified":"2024-03-09T21:15:55+00:00","description":"Patek Philippe Nautilus 5711\/112P-001 l\u00e0 m\u1ed9t chi\u1ebfc \u0111\u1ed3ng h\u1ed3 \u0111\u1eb3ng c\u1ea5p v\u00e0 l\u1ed9ng l\u1eaby, v\u1edbi v\u1ecf v\u00e0 d\u00e2y \u0111eo platinum, vi\u00ean \u0111\u00e1 qu\u00fd ruby tr\u00ean v\u00f2ng bezel.","breadcrumb":{"@id":"https:\/\/nishiki-cycle.com\/demo\/san-pham\/patek-philippe-nautilus-5711-112p-001\/#breadcrumb"},"inLanguage":"vi","potentialAction":[{"@type":"ReadAction","target":["https:\/\/nishiki-cycle.com\/demo\/san-pham\/patek-philippe-nautilus-5711-112p-001\/"]}]},{"@type":"BreadcrumbList","@id":"https:\/\/nishiki-cycle.com\/demo\/san-pham\/patek-philippe-nautilus-5711-112p-001\/#breadcrumb","itemListElement":[{"@type":"ListItem","position":1,"name":"Trang ch\u1ee7","item":"https:\/\/nishiki-cycle.com\/demo\/"},{"@type":"ListItem","position":2,"name":"C\u1eeda h\u00e0ng","item":"https:\/\/nishiki-cycle.com\/demo\/cua-hang\/"},{"@type":"ListItem","position":3,"name":"Patek Philippe Nautilus 5711\/112P-001"}]},{"@type":"WebSite","@id":"https:\/\/nishiki-cycle.com\/demo\/#website","url":"https:\/\/nishiki-cycle.com\/demo\/","name":"Phoenix Luxury","description":"","potentialAction":[{"@type":"SearchAction","target":{"@type":"EntryPoint","urlTemplate":"https:\/\/nishiki-cycle.com\/demo\/?s={search_term_string}"},"query-input":"required name=search_term_string"}],"inLanguage":"vi"}]}},"_links":{"self":[{"href":"https:\/\/nishiki-cycle.com\/demo\/wp-json\/wp\/v2\/product\/12248","targetHints":{"allow":["GET"]}}],"collection":[{"href":"https:\/\/nishiki-cycle.com\/demo\/wp-json\/wp\/v2\/product"}],"about":[{"href":"https:\/\/nishiki-cycle.com\/demo\/wp-json\/wp\/v2\/types\/product"}],"replies":[{"embeddable":true,"href":"https:\/\/nishiki-cycle.com\/demo\/wp-json\/wp\/v2\/comments?post=12248"}],"wp:featuredmedia":[{"embeddable":true,"href":"https:\/\/nishiki-cycle.com\/demo\/wp-json\/wp\/v2\/media\/12249"}],"wp:attachment":[{"href":"https:\/\/nishiki-cycle.com\/demo\/wp-json\/wp\/v2\/media?parent=12248"}],"wp:term":[{"taxonomy":"product_cat","embeddable":true,"href":"https:\/\/nishiki-cycle.com\/demo\/wp-json\/wp\/v2\/product_cat?post=12248"},{"taxonomy":"product_tag","embeddable":true,"href":"https:\/\/nishiki-cycle.com\/demo\/wp-json\/wp\/v2\/product_tag?post=12248"}],"curies":[{"name":"wp","href":"https:\/\/api.w.org\/{rel}","templated":true}]}}