{"id":12268,"date":"2024-03-09T21:45:03","date_gmt":"2024-03-09T21:45:03","guid":{"rendered":"https:\/\/nishiki-cycle.com\/demo\/?post_type=product&#038;p=12268"},"modified":"2024-03-09T21:45:03","modified_gmt":"2024-03-09T21:45:03","slug":"hublot-spirit-of-big-bang-sang-bleu-titanium-pave-42mm","status":"publish","type":"product","link":"https:\/\/nishiki-cycle.com\/demo\/san-pham\/hublot-spirit-of-big-bang-sang-bleu-titanium-pave-42mm\/","title":{"rendered":"Hublot Spirit Of Big Bang Sang Bleu Titanium Pave 42mm"},"content":{"rendered":"<p><img fetchpriority=\"high\" decoding=\"async\" class=\"size-medium wp-image-12269 aligncenter\" src=\"https:\/\/nishiki-cycle.com\/demo\/wp-content\/uploads\/2024\/03\/1-24-300x300.jpg\" alt=\"\" width=\"300\" height=\"300\" srcset=\"https:\/\/nishiki-cycle.com\/demo\/wp-content\/uploads\/2024\/03\/1-24-300x300.jpg 300w, https:\/\/nishiki-cycle.com\/demo\/wp-content\/uploads\/2024\/03\/1-24-150x150.jpg 150w, https:\/\/nishiki-cycle.com\/demo\/wp-content\/uploads\/2024\/03\/1-24-768x768.jpg 768w, https:\/\/nishiki-cycle.com\/demo\/wp-content\/uploads\/2024\/03\/1-24-600x600.jpg 600w, https:\/\/nishiki-cycle.com\/demo\/wp-content\/uploads\/2024\/03\/1-24-100x100.jpg 100w, https:\/\/nishiki-cycle.com\/demo\/wp-content\/uploads\/2024\/03\/1-24.jpg 900w\" sizes=\"(max-width: 300px) 100vw, 300px\" \/><\/p>\n<p><a href=\"https:\/\/nishiki-cycle.com\/demo\/danh-muc-san-pham\/hublot\/\"><strong>Hublot<\/strong><\/a> Spirit Of Big Bang Sang Bleu Titanium Pave 42mm s\u1edf h\u1eefu k\u00edch th\u01b0\u1edbc 42mm v\u00e0 d\u00e0y 15,7mm c\u00f9ng v\u1edbi thi\u1ebft k\u1ebf v\u1ecf tonneau b\u1eb1ng ch\u1ea5t li\u1ec7u titanium. V\u1ecf m\u1edbi c\u1ee7a Spirit of Big Bang \u0111\u01b0\u1ee3c thi\u1ebft k\u1ebf s\u1eafc n\u00e9t v\u00e0 ph\u1ee9c t\u1ea1p v\u1edbi nh\u1eefng \u0111\u01b0\u1eddng c\u1eaft xuy\u00ean su\u1ed1t v\u1ecf m\u00e1y \u0111\u01b0\u1ee3c \u0111\u00e1nh b\u00f3ng h\u00ecnh ch\u1eef V. C\u00e1c kh\u1ed1i h\u00ecnh h\u1ecdc x\u1ebfp ch\u1ed3ng c\u00f3 t\u00ednh nh\u1ea5t qu\u00e1n, cho ph\u00e9p c\u00e1c m\u1eb7t c\u1eaft v\u00e0 c\u00e1c chi ti\u1ebft \u1ea5n t\u01b0\u1ee3ng c\u1ee7a n\u00f3 ch\u01a1i \u0111\u00f9a v\u1edbi \u00e1nh s\u00e1ng \u1edf m\u1ecdi g\u00f3c \u0111\u1ed9 kh\u00e1c nhau.<\/p>\n<p>Kh\u00f4ng ch\u1ec9 d\u1eebng l\u1ea1i \u1edf thi\u1ebft k\u1ebf v\u1ecf, tinh th\u1ec3 Sapphire b\u1ea3o v\u1ec7 m\u1eb7t s\u1ed1 c\u0169ng \u0111\u01b0\u1ee3c thi\u1ebft k\u1ebf theo ki\u1ebfn tr\u00fac \u0111a di\u1ec7n, v\u1edbi b\u1ed1n m\u1eb7t ph\u1eb3ng g\u00f3c c\u1ea1nh \u0111\u01b0\u1ee3c bao quanh b\u1edfi m\u1ed9t m\u1eb7t v\u00e1t t\u01b0\u01a1ng t\u1ef1. Trong khi thi\u1ebft k\u1ebf v\u1ecf \u0111\u1ed3ng h\u1ed3 l\u00e0 m\u1ed9t l\u1eddi m\u1eddi \u0111\u1ed1i v\u1edbi ng\u01b0\u1eddi nh\u00ecn th\u00ec nh\u1eefng vi\u00ean kim c\u01b0\u01a1ng ti\u1ebfp t\u1ee5c l\u00e0 m\u1ed9t l\u00e0 m\u1ed9t th\u00e1ch th\u1ee9c \u0111\u01b0a k\u1ef9 thu\u1eadt ch\u1ebf t\u00e1c \u0111\u1ed3ng h\u1ed3 Hublot l\u00ean cao nh\u1ea5t v\u00e0 khi\u1ebfn ng\u01b0\u1eddi nh\u00ecn kh\u00f4ng th\u1ec3 r\u1eddi m\u1eaft. M\u1eb7c d\u00f9 c\u00f3 s\u1ef1 \u0111\u1ed5i m\u1edbi t\u00e1o b\u1ea1o \u1edf thi\u1ebft k\u1ebf v\u1ecf, Hublot Spirit Of Big Bang Sang Bleu Titanium Pave 42mm v\u1eabn l\u00e0 m\u1ed9t chi\u1ebfc \u0111\u1ed3ng h\u1ed3 th\u1ec3 thao v\u1edbi kh\u1ea3 n\u0103ng ch\u1ed1ng n\u01b0\u1edbc \u1edf \u0111\u1ed9 s\u00e2u l\u00ean \u0111\u1ebfn 100 m\u00e9t.<\/p>\n<p>Gi\u1ed1ng nh\u01b0 c\u00e1c phi\u00ean b\u1ea3n Sang Bleu ti\u1ec1n nhi\u1ec7m, m\u1eb7t s\u1ed1 c\u1ee7a \u0111\u1ed3ng h\u1ed3 \u0111\u01b0\u1ee3c thi\u1ebft k\u1ebf theo phong c\u00e1ch skeleton \u0111\u1ec3 l\u1ed9 tr\u00e1i tim l\u00e0 b\u1ed9 chuy\u1ec3n \u0111\u1ed9ng caliber HUB4700. Th\u1eddi gian \u0111\u01b0\u1ee3c hi\u1ec3n th\u1ecb b\u1eb1ng c\u00e1c kim \u0111\u0129a quay ch\u00e9o v\u00e0 ch\u1ed3ng l\u00ean nhau trong su\u1ed1t c\u1ea3 ng\u00e0y, t\u1ea1o ra m\u1ed9t m\u1ea3ng h\u00ecnh h\u1ecdc v\u00e0 hoa v\u0103n d\u01b0\u1eddng nh\u01b0 v\u00f4 t\u1eadn. B\u1ed9 m\u00e1y t\u1ef1 l\u00ean d\u00e2y c\u00f3t n\u00e0y cung c\u1ea5p kh\u1ea3 n\u0103ng d\u1ef1 tr\u1eef n\u0103ng l\u01b0\u1ee3ng m\u1ea1nh m\u1ebd trong 50 gi\u1edd. L\u1edbp ho\u00e0n thi\u1ec7n c\u1ee7a HUB4700 \u0111\u01b0\u1ee3c k\u1ebft h\u1ee3p gi\u1eefa c\u00e1c b\u1ed9 ph\u1eadn \u0111\u01b0\u1ee3c ch\u1ea3i, phun m\u1edd v\u00e0 ph\u1ee7 \u0111en, t\u1ea1o c\u1ea3m gi\u00e1c b\u00ed \u1ea9n, h\u1ea5p d\u1eabn v\u00e0 c\u1ef1c k\u1ef3 hi\u1ec7n \u0111\u1ea1i.<\/p>\n<p>Cu\u1ed1i c\u00f9ng, \u0111\u1ed3ng h\u1ed3 Hublot Spirit Of Big Bang Sang Bleu Titanium Pave 42mm m\u1edbi \u0111\u01b0\u1ee3c trang b\u1ecb c\u00f9ng d\u00e2y \u0111eo cao su tr\u01a1n m\u00e0u \u0111en v\u1edbi thi\u1ebft k\u1ebf \u0111\u1eb7c bi\u1ec7t d\u00e0nh ri\u00eang cho d\u00f2ng Sang Bleu. C\u00f3 th\u1ec3 n\u00f3i, d\u01b0\u1edbi n\u00e9t b\u00fat c\u1ee7a Plescia-Buchi, thi\u1ebft k\u1ebf v\u1ed1n quen thu\u1ed9c trong d\u00f2ng Spirit of Big Bang nh\u01b0 \u0111\u01b0\u1ee3c \u201cbi\u1ebfn ho\u00e1\u201d \u0111\u1ec3 tr\u1edf th\u00e0nh m\u1ed9t t\u00e1c ph\u1ea9m \u0111\u1eadm ch\u1ea5t ngh\u1ec7 thu\u1eadt, gai g\u00f3c v\u00e0 h\u1ea5m h\u1ed1 nh\u01b0ng v\u1eabn mang s\u1eafc th\u00e1i \u0111\u1eb7c tr\u01b0ng c\u1ee7a b\u1ed9 s\u01b0u t\u1eadp.<\/p>\n","protected":false},"excerpt":{"rendered":"<p>M\u00e3:\u00a0648.NX.0107.RX.1604.MXM23<\/p>\n<p>Xu\u1ea5t x\u1ee9: Th\u1ee5y S\u0129<\/p>\n<p>K\u00edch th\u01b0\u1edbc: 42 mm<\/p>\n<p>Ch\u1ea5t li\u1ec7u: Titanium, Kim c\u01b0\u01a1ng<\/p>\n<p>Bezel: Titanium, Kim c\u01b0\u01a1ng<\/p>\n<p>K\u00ednh: Sapphire<\/p>\n<p>M\u1eb7t s\u1ed1:\u00a0Skeleton<\/p>\n<p>B\u1ed9 m\u00e1y: Automatic &#8211; Caliber HUB4700<\/p>\n<p>D\u1ef1 tr\u1eef n\u0103ng l\u01b0\u1ee3ng: 50 gi\u1edd<\/p>\n<p>Ch\u1ee9c n\u0103ng:\u00a0Gi\u1edd, Ph\u00fat, Gi\u00e2y, Ng\u00e0y, Chronograph<\/p>\n<p>Kh\u00e1ng n\u01b0\u1edbc: 100m (10ATM)<\/p>\n<p>D\u00e2y \u0111eo:\u00a0Cao su<\/p>\n","protected":false},"featured_media":12269,"comment_status":"open","ping_status":"closed","template":"","meta":[],"product_cat":[334,195,320,340],"product_tag":[],"class_list":["post-12268","product","type-product","status-publish","has-post-thumbnail","hentry","product_cat-40mm-42mm","product_cat-mens-watches","product_cat-hublot","product_cat-titanium","product_brand-hublot"],"yoast_head":"<!-- This site is optimized with the Yoast SEO plugin v21.6 - https:\/\/yoast.com\/wordpress\/plugins\/seo\/ -->\n<title>Hublot Spirit Of Big Bang Sang Bleu Titanium Pave 42mm - Phoenix Luxury<\/title>\n<meta name=\"description\" content=\"Hublot Spirit Of Big Bang Sang Bleu Titanium Pave 42mm s\u1edf h\u1eefu k\u00edch th\u01b0\u1edbc 42mm v\u00e0 d\u00e0y 15,7mm c\u00f9ng v\u1edbi thi\u1ebft k\u1ebf v\u1ecf tonneau b\u1eb1ng ch\u1ea5t li\u1ec7u titanium.\" \/>\n<meta name=\"robots\" content=\"index, follow, max-snippet:-1, max-image-preview:large, max-video-preview:-1\" \/>\n<link rel=\"canonical\" href=\"https:\/\/nishiki-cycle.com\/demo\/san-pham\/hublot-spirit-of-big-bang-sang-bleu-titanium-pave-42mm\/\" \/>\n<meta property=\"og:locale\" content=\"vi_VN\" \/>\n<meta property=\"og:type\" content=\"article\" \/>\n<meta property=\"og:title\" content=\"Hublot Spirit Of Big Bang Sang Bleu Titanium Pave 42mm - Phoenix Luxury\" \/>\n<meta property=\"og:description\" content=\"Hublot Spirit Of Big Bang Sang Bleu Titanium Pave 42mm s\u1edf h\u1eefu k\u00edch th\u01b0\u1edbc 42mm v\u00e0 d\u00e0y 15,7mm c\u00f9ng v\u1edbi thi\u1ebft k\u1ebf v\u1ecf tonneau b\u1eb1ng ch\u1ea5t li\u1ec7u titanium.\" \/>\n<meta property=\"og:url\" content=\"https:\/\/nishiki-cycle.com\/demo\/san-pham\/hublot-spirit-of-big-bang-sang-bleu-titanium-pave-42mm\/\" \/>\n<meta property=\"og:site_name\" content=\"Phoenix Luxury\" \/>\n<meta property=\"og:image\" content=\"https:\/\/nishiki-cycle.com\/demo\/wp-content\/uploads\/2024\/03\/1-24.jpg\" \/>\n\t<meta property=\"og:image:width\" content=\"900\" \/>\n\t<meta property=\"og:image:height\" content=\"900\" \/>\n\t<meta property=\"og:image:type\" content=\"image\/jpeg\" \/>\n<meta name=\"twitter:card\" content=\"summary_large_image\" \/>\n<meta name=\"twitter:label1\" content=\"\u01af\u1edbc t\u00ednh th\u1eddi gian \u0111\u1ecdc\" \/>\n\t<meta name=\"twitter:data1\" content=\"3 ph\u00fat\" \/>\n<script type=\"application\/ld+json\" class=\"yoast-schema-graph\">{\"@context\":\"https:\/\/schema.org\",\"@graph\":[{\"@type\":\"WebPage\",\"@id\":\"https:\/\/nishiki-cycle.com\/demo\/san-pham\/hublot-spirit-of-big-bang-sang-bleu-titanium-pave-42mm\/\",\"url\":\"https:\/\/nishiki-cycle.com\/demo\/san-pham\/hublot-spirit-of-big-bang-sang-bleu-titanium-pave-42mm\/\",\"name\":\"Hublot Spirit Of Big Bang Sang Bleu Titanium Pave 42mm - Phoenix Luxury\",\"isPartOf\":{\"@id\":\"https:\/\/nishiki-cycle.com\/demo\/#website\"},\"datePublished\":\"2024-03-09T21:45:03+00:00\",\"dateModified\":\"2024-03-09T21:45:03+00:00\",\"description\":\"Hublot Spirit Of Big Bang Sang Bleu Titanium Pave 42mm s\u1edf h\u1eefu k\u00edch th\u01b0\u1edbc 42mm v\u00e0 d\u00e0y 15,7mm c\u00f9ng v\u1edbi thi\u1ebft k\u1ebf v\u1ecf tonneau b\u1eb1ng ch\u1ea5t li\u1ec7u titanium.\",\"breadcrumb\":{\"@id\":\"https:\/\/nishiki-cycle.com\/demo\/san-pham\/hublot-spirit-of-big-bang-sang-bleu-titanium-pave-42mm\/#breadcrumb\"},\"inLanguage\":\"vi\",\"potentialAction\":[{\"@type\":\"ReadAction\",\"target\":[\"https:\/\/nishiki-cycle.com\/demo\/san-pham\/hublot-spirit-of-big-bang-sang-bleu-titanium-pave-42mm\/\"]}]},{\"@type\":\"BreadcrumbList\",\"@id\":\"https:\/\/nishiki-cycle.com\/demo\/san-pham\/hublot-spirit-of-big-bang-sang-bleu-titanium-pave-42mm\/#breadcrumb\",\"itemListElement\":[{\"@type\":\"ListItem\",\"position\":1,\"name\":\"Trang ch\u1ee7\",\"item\":\"https:\/\/nishiki-cycle.com\/demo\/\"},{\"@type\":\"ListItem\",\"position\":2,\"name\":\"C\u1eeda h\u00e0ng\",\"item\":\"https:\/\/nishiki-cycle.com\/demo\/cua-hang\/\"},{\"@type\":\"ListItem\",\"position\":3,\"name\":\"Hublot Spirit Of Big Bang Sang Bleu Titanium Pave 42mm\"}]},{\"@type\":\"WebSite\",\"@id\":\"https:\/\/nishiki-cycle.com\/demo\/#website\",\"url\":\"https:\/\/nishiki-cycle.com\/demo\/\",\"name\":\"Phoenix Luxury\",\"description\":\"\",\"potentialAction\":[{\"@type\":\"SearchAction\",\"target\":{\"@type\":\"EntryPoint\",\"urlTemplate\":\"https:\/\/nishiki-cycle.com\/demo\/?s={search_term_string}\"},\"query-input\":\"required name=search_term_string\"}],\"inLanguage\":\"vi\"}]}<\/script>\n<!-- \/ Yoast SEO plugin. -->","yoast_head_json":{"title":"Hublot Spirit Of Big Bang Sang Bleu Titanium Pave 42mm - Phoenix Luxury","description":"Hublot Spirit Of Big Bang Sang Bleu Titanium Pave 42mm s\u1edf h\u1eefu k\u00edch th\u01b0\u1edbc 42mm v\u00e0 d\u00e0y 15,7mm c\u00f9ng v\u1edbi thi\u1ebft k\u1ebf v\u1ecf tonneau b\u1eb1ng ch\u1ea5t li\u1ec7u titanium.","robots":{"index":"index","follow":"follow","max-snippet":"max-snippet:-1","max-image-preview":"max-image-preview:large","max-video-preview":"max-video-preview:-1"},"canonical":"https:\/\/nishiki-cycle.com\/demo\/san-pham\/hublot-spirit-of-big-bang-sang-bleu-titanium-pave-42mm\/","og_locale":"vi_VN","og_type":"article","og_title":"Hublot Spirit Of Big Bang Sang Bleu Titanium Pave 42mm - Phoenix Luxury","og_description":"Hublot Spirit Of Big Bang Sang Bleu Titanium Pave 42mm s\u1edf h\u1eefu k\u00edch th\u01b0\u1edbc 42mm v\u00e0 d\u00e0y 15,7mm c\u00f9ng v\u1edbi thi\u1ebft k\u1ebf v\u1ecf tonneau b\u1eb1ng ch\u1ea5t li\u1ec7u titanium.","og_url":"https:\/\/nishiki-cycle.com\/demo\/san-pham\/hublot-spirit-of-big-bang-sang-bleu-titanium-pave-42mm\/","og_site_name":"Phoenix Luxury","og_image":[{"width":900,"height":900,"url":"https:\/\/nishiki-cycle.com\/demo\/wp-content\/uploads\/2024\/03\/1-24.jpg","type":"image\/jpeg"}],"twitter_card":"summary_large_image","twitter_misc":{"\u01af\u1edbc t\u00ednh th\u1eddi gian \u0111\u1ecdc":"3 ph\u00fat"},"schema":{"@context":"https:\/\/schema.org","@graph":[{"@type":"WebPage","@id":"https:\/\/nishiki-cycle.com\/demo\/san-pham\/hublot-spirit-of-big-bang-sang-bleu-titanium-pave-42mm\/","url":"https:\/\/nishiki-cycle.com\/demo\/san-pham\/hublot-spirit-of-big-bang-sang-bleu-titanium-pave-42mm\/","name":"Hublot Spirit Of Big Bang Sang Bleu Titanium Pave 42mm - Phoenix Luxury","isPartOf":{"@id":"https:\/\/nishiki-cycle.com\/demo\/#website"},"datePublished":"2024-03-09T21:45:03+00:00","dateModified":"2024-03-09T21:45:03+00:00","description":"Hublot Spirit Of Big Bang Sang Bleu Titanium Pave 42mm s\u1edf h\u1eefu k\u00edch th\u01b0\u1edbc 42mm v\u00e0 d\u00e0y 15,7mm c\u00f9ng v\u1edbi thi\u1ebft k\u1ebf v\u1ecf tonneau b\u1eb1ng ch\u1ea5t li\u1ec7u titanium.","breadcrumb":{"@id":"https:\/\/nishiki-cycle.com\/demo\/san-pham\/hublot-spirit-of-big-bang-sang-bleu-titanium-pave-42mm\/#breadcrumb"},"inLanguage":"vi","potentialAction":[{"@type":"ReadAction","target":["https:\/\/nishiki-cycle.com\/demo\/san-pham\/hublot-spirit-of-big-bang-sang-bleu-titanium-pave-42mm\/"]}]},{"@type":"BreadcrumbList","@id":"https:\/\/nishiki-cycle.com\/demo\/san-pham\/hublot-spirit-of-big-bang-sang-bleu-titanium-pave-42mm\/#breadcrumb","itemListElement":[{"@type":"ListItem","position":1,"name":"Trang ch\u1ee7","item":"https:\/\/nishiki-cycle.com\/demo\/"},{"@type":"ListItem","position":2,"name":"C\u1eeda h\u00e0ng","item":"https:\/\/nishiki-cycle.com\/demo\/cua-hang\/"},{"@type":"ListItem","position":3,"name":"Hublot Spirit Of Big Bang Sang Bleu Titanium Pave 42mm"}]},{"@type":"WebSite","@id":"https:\/\/nishiki-cycle.com\/demo\/#website","url":"https:\/\/nishiki-cycle.com\/demo\/","name":"Phoenix Luxury","description":"","potentialAction":[{"@type":"SearchAction","target":{"@type":"EntryPoint","urlTemplate":"https:\/\/nishiki-cycle.com\/demo\/?s={search_term_string}"},"query-input":"required name=search_term_string"}],"inLanguage":"vi"}]}},"_links":{"self":[{"href":"https:\/\/nishiki-cycle.com\/demo\/wp-json\/wp\/v2\/product\/12268","targetHints":{"allow":["GET"]}}],"collection":[{"href":"https:\/\/nishiki-cycle.com\/demo\/wp-json\/wp\/v2\/product"}],"about":[{"href":"https:\/\/nishiki-cycle.com\/demo\/wp-json\/wp\/v2\/types\/product"}],"replies":[{"embeddable":true,"href":"https:\/\/nishiki-cycle.com\/demo\/wp-json\/wp\/v2\/comments?post=12268"}],"wp:featuredmedia":[{"embeddable":true,"href":"https:\/\/nishiki-cycle.com\/demo\/wp-json\/wp\/v2\/media\/12269"}],"wp:attachment":[{"href":"https:\/\/nishiki-cycle.com\/demo\/wp-json\/wp\/v2\/media?parent=12268"}],"wp:term":[{"taxonomy":"product_cat","embeddable":true,"href":"https:\/\/nishiki-cycle.com\/demo\/wp-json\/wp\/v2\/product_cat?post=12268"},{"taxonomy":"product_tag","embeddable":true,"href":"https:\/\/nishiki-cycle.com\/demo\/wp-json\/wp\/v2\/product_tag?post=12268"}],"curies":[{"name":"wp","href":"https:\/\/api.w.org\/{rel}","templated":true}]}}