{"id":12312,"date":"2024-03-11T11:03:49","date_gmt":"2024-03-11T11:03:49","guid":{"rendered":"https:\/\/nishiki-cycle.com\/demo\/?post_type=product&#038;p=12312"},"modified":"2024-03-11T11:03:49","modified_gmt":"2024-03-11T11:03:49","slug":"patek-philippe-aquanaut-5650g-001","status":"publish","type":"product","link":"https:\/\/nishiki-cycle.com\/demo\/san-pham\/patek-philippe-aquanaut-5650g-001\/","title":{"rendered":"Patek Philippe Aquanaut 5650G-001"},"content":{"rendered":"<p><img fetchpriority=\"high\" decoding=\"async\" class=\"size-medium wp-image-12313 aligncenter\" src=\"https:\/\/nishiki-cycle.com\/demo\/wp-content\/uploads\/2024\/03\/1-32-300x300.jpg\" alt=\"\" width=\"300\" height=\"300\" srcset=\"https:\/\/nishiki-cycle.com\/demo\/wp-content\/uploads\/2024\/03\/1-32-300x300.jpg 300w, https:\/\/nishiki-cycle.com\/demo\/wp-content\/uploads\/2024\/03\/1-32-150x150.jpg 150w, https:\/\/nishiki-cycle.com\/demo\/wp-content\/uploads\/2024\/03\/1-32-768x768.jpg 768w, https:\/\/nishiki-cycle.com\/demo\/wp-content\/uploads\/2024\/03\/1-32-600x600.jpg 600w, https:\/\/nishiki-cycle.com\/demo\/wp-content\/uploads\/2024\/03\/1-32-100x100.jpg 100w, https:\/\/nishiki-cycle.com\/demo\/wp-content\/uploads\/2024\/03\/1-32.jpg 900w\" sizes=\"(max-width: 300px) 100vw, 300px\" \/><\/p>\n<p><a href=\"https:\/\/nishiki-cycle.com\/demo\/danh-muc-san-pham\/patek-philippe\/\"><strong>Patek Philippe<\/strong><\/a>\u00a0c\u00f4ng b\u1ed1 m\u1eabu \u0111\u1ed3ng h\u1ed3 Aquanaut Travel Time Ref. 5650G phi\u00ean b\u1ea3n gi\u1edbi h\u1ea1n v\u1edbi c\u00f4ng ngh\u1ec7 m\u1edbi nh\u1ea5t \u0111\u01b0\u1ee3c ph\u00e1t tri\u1ec3n b\u1edfi d\u1ef1 \u00e1n Nghi\u00ean c\u1ee9u\u00a0C\u1ea3i ti\u1ebfn k\u1ef9 thu\u1eadt. V\u1edbi thi\u1ebft k\u1ebf \u0111\u1ea7y t\u00ednh th\u1ea9m m\u1ef9 v\u00e0 nh\u1eefng ti\u1ebfn b\u1ed9 k\u1ef9 thu\u1eadt \u1ea5n t\u01b0\u1ee3ng, m\u1eabu \u0111\u1ed3ng h\u1ed3 n\u00e0y\u00a0\u0111\u00e3 nhanh ch\u00f3ng tr\u1edf th\u00e0nh t\u00e2m \u0111i\u1ec3m t\u1ea1i\u00a0Baselworld 2017. V\u00e0 trong nh\u1eefng n\u0103m g\u1ea7n \u0111\u00e2y h\u1ecd \u0111\u00e3 kh\u00f4ng ng\u1eebng c\u1ea3i ti\u1ebfn tr\u00ecnh l\u00e0ng nh\u1eefng phi\u00ean b\u1ea3n ti\u1ebfp theo c\u1ee7a m\u00ecnh n\u1ed5i b\u1eadt trong s\u1ed1 \u0111\u00f3 ch\u00ednh l\u00e0 m\u1eabu \u0111\u1ed3ng H\u1ed3 Patek Philippe Aquanaut 5650G-001.<\/p>\n<p>Patek Philippe th\u00f4ng b\u00e1o r\u1eb1ng nh\u1eefng chi\u1ebfc \u0111\u1ed3ng h\u1ed3 \u0111\u01b0\u1ee3c trang b\u1ecb l\u00f2 xo c\u00e2n b\u1eb1ng\u00a0m\u1edbi n\u00e0y ch\u1ec9 c\u00f3 sai l\u1ec7ch\u00a0-1 \u0111\u1ebfn +2 gi\u00e2y m\u1ed7i ng\u00e0y.\u00a0Ch\u1ee9ng nh\u1eadn\u00a0ri\u00eang\u00a0c\u1ee7a Patek Philippe \u00e1p \u0111\u1eb7t c\u00e1c y\u00eau c\u1ea7u r\u1ea5t nghi\u00eam ng\u1eb7t tr\u00ean t\u1ea5t c\u1ea3 c\u00e1c \u0111\u1ed3ng h\u1ed3 c\u01a1 c\u1ee7a h\u00e3ng. Sai l\u1ec7ch\u00a0trung b\u00ecnh \u1edf b\u1ed9 m\u00e1y c\u00f3 \u0111\u01b0\u1eddng k\u00ednh tr\u00ean 20 mm ph\u1ea3i n\u1eb1m trong kho\u1ea3ng t\u1eeb -3 \u0111\u1ebfn +2 gi\u00e2y m\u1ed7i ng\u00e0y.<\/p>\n<p>\u0110\u1ed1i v\u1edbi nh\u1eefng chi\u1ebfc \u0111\u1ed3ng h\u1ed3\u00a0Tourbillon\u00a0c\u1ee7a Patek Philippe, th\u1eddi gian sai cho ph\u00e9p ch\u00ednh x\u00e1c l\u00e0 3 gi\u00e2y m\u1ed9t ng\u00e0y. H\u1ecd s\u1ebd\u00a0d\u1ea7n d\u1ea7n t\u00edch h\u1ee3p d\u00e2y t\u00f3c m\u1edbi\u00a0n\u00e0y v\u00e0o k\u1ebf ho\u1ea1ch\u00a0s\u1ea3n xu\u1ea5t \u0111\u1ea1i tr\u00e0, ch\u1ee9ng t\u1ecf t\u00e1c d\u1ee5ng\u00a0c\u1ee7a d\u1ef1 \u00e1n Nghi\u00ean c\u1ee9u\u00a0C\u1ea3i ti\u1ebfn k\u1ef9 thu\u1eadt &#8211;\u00a0\u0111em l\u1ea1i l\u1ee3i \u00edch cho to\u00e0n b\u1ed9 s\u1ea3n ph\u1ea9m c\u1ee7a Patek v\u00e0 t\u1ea5t nhi\u00ean l\u00e0 cho c\u1ea3 ch\u1ee7 s\u1edf h\u1eefu \u0111\u1ed3ng h\u1ed3.<\/p>\n<p>S\u1ef1 \u0111\u1ed5i m\u1edbi th\u1ee9 hai l\u00e0 m\u1eb7t s\u1ed1 \u1edf c\u1ea1nh \u0111\u1ed3ng h\u1ed3, \u0111\u00f3 l\u00e0 m\u1ed9t h\u1ec7 th\u1ed1ng ch\u1ec9nh s\u1eeda m\u00fai gi\u1edd s\u1eed d\u1ee5ng m\u1ed9t mi\u1ebfng th\u00e9p linh ho\u1ea1t \u0111\u1ec3 \u0111i\u1ec1u ch\u1ec9nh ch\u1ec9 b\u00e1o gi\u1edd GMT \u0111\u00fang chi\u1ec1u v\u00e0 ng\u01b0\u1ee3c chi\u1ec1u. Ph\u1ea7n ch\u00ednh c\u1ee7a c\u01a1 ch\u1ebf n\u00e0y bao g\u1ed3m b\u1ed1n\u00a0lo xo ch\u00e9o, m\u1ed9t cho n\u00fat \u0111i\u1ec1u ch\u1ec9nh thi\u1ebft l\u1eadp c\u00e1c \u0111\u00f2n b\u1ea9y v\u00e0 m\u1ed9t cho n\u00fat \u0111i\u1ec1u ch\u1ec9nh ph\u00e1 v\u1ee1 \u0111\u1ec3 c\u1ea3i ti\u1ebfn b\u00e1nh r\u0103ng v\u00e0nh, m\u1ed7i \u0111i\u1ec3m c\u00f3 \u0111i\u1ec3m \u00e1p l\u1ef1c x\u00e1c \u0111\u1ecbnh. M\u1ed7i l\u00f2 xo c\u1ef1c k\u1ef3 m\u1ecfng v\u00e0 ch\u00fang \u0111\u01b0\u1ee3c \u0111\u1eb7t ch\u00e9o nhau \u1edf kho\u1ea3ng c\u00e1ch 0,15mm.<\/p>\n<p>T\u00ednh n\u0103ng\u00a0GMT\u00a0chu\u1ea9n bao g\u1ed3m 37 linh ki\u1ec7n nay\u00a0\u0111\u00e3 \u0111\u01b0\u1ee3c gi\u1ea3m xu\u1ed1ng ch\u1ec9 c\u00f2n 12, quan tr\u1ecdng h\u01a1n l\u00e0 n\u00f3 kh\u00f4ng c\u00f2n b\u00e1nh r\u0103ng v\u00e0\u00a0tr\u1ee5c. \u0110i\u1ec1u n\u00e0y c\u00f3 ngh\u0129a l\u00e0 vi\u1ec7c l\u1eafp r\u00e1p s\u1ebd nhanh h\u01a1n &#8211; ch\u1ec9 c\u00f2n\u00a04 \u1ed1c v\u00edt\u00a0&#8211; v\u00e0 b\u1ed9 m\u00e1y s\u1ebd m\u1ecfng h\u01a1n. \u0110i\u1ec1u n\u00e0y th\u1eadt th\u00fa v\u1ecb, theo Patek, \u0111\u00e2y l\u00e0 cu\u1ed9c c\u00e1ch m\u1ea1ng \u0111\u1ea7u ti\u00ean s\u1eed d\u1ee5ng t\u00ednh \u0111\u00e0n h\u1ed3i c\u1ee7a v\u1eadt li\u1ec7u m\u1edbi.<\/p>\n<p>Khi \u0111eo Patek Philippe Aquanaut 5650G-001 tr\u00ean c\u1ed5 tay r\u1ea5t l\u00e0 tho\u1ea3i m\u00e1i. V\u1ecf m\u00e1y l\u00e0m b\u1eb1ng v\u00e0ng tr\u1eafng 18K c\u00f3 \u0111\u01b0\u1eddng k\u00ednh 40,8 mm v\u00e0 d\u00e0y 11 mm. Gi\u1ed1ng nh\u01b0 Patek Philippe Aquanaut Jumbo 5168G c\u0169ng \u0111\u01b0\u1ee3c c\u00f4ng b\u1ed1 t\u1ea1i Baselworld, n\u00f3 c\u00f3 m\u1ed9t \u0111\u01b0\u1eddng vi\u1ec1n gradient m\u00e0u xanh h\u1ea3i qu\u00e2n tuy\u1ec7t \u0111\u1eb9p v\u1edbi ch\u1eef s\u1ed1 \u1ea2 R\u1eadp v\u00e0 c\u00e1c ch\u1ec9 s\u1ed1 m\u00e0u tr\u1eafng.<\/p>\n<p>Gi\u1ed1ng nh\u01b0 c\u00e1c \u0111\u1ed3ng h\u1ed3 Travel Time kh\u00e1c trong b\u1ed9 s\u01b0u t\u1eadp Patek Philippe, n\u00f3 c\u00f3 t\u00ednh n\u0103ng hi\u1ec3n th\u1ecb th\u1eddi gian, ng\u00e0y c\u0169ng nh\u01b0 m\u00fai gi\u1edd th\u1ee9 hai v\u00e0 ch\u1ec9 b\u00e1o ng\u00e0y\/\u0111\u00eam cho c\u1ea3 hai m\u00fai gi\u1edd. N\u00fat b\u1ea5m b\u00ean tr\u00e1i v\u1ecf m\u00e1y c\u00f3 th\u1ec3 \u0111\u01b0\u1ee3c s\u1eed d\u1ee5ng \u0111\u1ec3 t\u0103ng th\u1eddi gian ti\u1ebfn l\u00ean ho\u1eb7c l\u00f9i l\u1ea1i m\u1ed9t gi\u1edd khi b\u1ea1n \u0111i du l\u1ecbch, c\u0169ng c\u1eadp nh\u1eadt c\u00e1c ch\u1ec9 s\u1ed1 ng\u00e0y\/\u0111\u00eam v\u00e0 ng\u00e0y n\u1ebfu c\u1ea7n.<\/p>\n<p>Thi\u1ebft k\u1ebf \u0111\u1eb7c bi\u1ec7t d\u00e0nh cho ng\u01b0\u1eddi h\u00e2m m\u1ed9 c\u1ee7a Patek l\u00e0 m\u1eb7t s\u1ed1 \u0111\u01b0\u1ee3c \u0111\u1ec3 l\u1ed9 m\u1ed9t ph\u1ea7n, khoe ra\u00a0c\u01a1 ch\u1ebf \u0111i\u1ec1u\u00a0ch\u1ec9nh th\u1eddi gian m\u1edbi. Gi\u1edbi thi\u1ec7u c\u00f4ng ngh\u1ec7 theo c\u00e1ch n\u00e0y ngay l\u1eadp t\u1ee9c cho ph\u00e9p ng\u01b0\u1eddi \u0111eo kh\u00f4ng ch\u1ec9 chi\u00eam ng\u01b0\u1ee1ng \u0111\u01b0\u1ee3c b\u1ed9 m\u00e1y\u00a0ho\u1ea1t \u0111\u1ed9ng trong th\u1eddi gian th\u1ef1c m\u00e0 c\u00f2n ph\u1ea3i t\u1ef1 ng\u1ea1c nhi\u00ean tr\u01b0\u1edbc thi\u1ebft k\u1ebf th\u00fa v\u1ecb c\u1ee7a n\u00f3.<\/p>\n<p>Qua m\u1eb7t k\u00ednh Sapphire ph\u00eda sau, b\u1ea1n c\u00f3 th\u1ec3 th\u1ea5y b\u1ed9 m\u00e1y 324 S C FUS, ho\u00e0n thi\u1ec7n v\u1edbi d\u00e2y t\u00f3c Spiromax m\u1edbi. V\u1edbi \u0111\u01b0\u1eddng k\u00ednh 31mm, b\u1ed9 m\u00e1y t\u1ef1 \u0111\u1ed9ng n\u00e0y ho\u1ea1t \u0111\u1ed9ng v\u1edbi t\u1ea7n s\u1ed1 \u1ed5n \u0111\u1ecbnh 28.800vph v\u00e0 th\u1eddi l\u01b0\u1ee3ng tr\u1eef c\u00f3t 45 gi\u1edd. Tr\u00ean th\u00e2n m\u00e1y \u0111\u01b0\u1ee3c kh\u1eafc con d\u1ea5u c\u1ee7a Patek Philippe, Patek Philippe Aquanaut 5650G-001 \u0111\u01b0\u1ee3c ho\u00e0n thi\u1ec7n m\u1ed9t c\u00e1ch tuy\u1ec7t v\u1eddi v\u00e0 \u0111\u1ed9 sai l\u1ec7ch ch\u1ec9 l\u00e0 -1\/2 gi\u00e2y m\u1ed7i ng\u00e0y.<\/p>\n","protected":false},"excerpt":{"rendered":"<p>M\u00e3: 5650G-001<\/p>\n<p>Xu\u1ea5t x\u1ee9: Th\u1ee5y S\u1ef9<\/p>\n<p>K\u00edch th\u01b0\u1edbc: 40 mm<\/p>\n<p>K\u00ednh: Sapphire<\/p>\n<p>B\u1ed9 m\u00e1y: Automatic &#8211; Caliber\u00a0<span class=\"reference\" dir=\"ltr\">324 SC FUS<\/span><\/p>\n<p>D\u1ef1 tr\u1eef n\u0103ng l\u01b0\u1ee3ng: 45 gi\u1edd<\/p>\n<p>Ch\u1ee9c n\u0103ng: Gi\u1edd, Ph\u00fat, Gi\u00e2y, Ng\u00e0y<\/p>\n<p>Ch\u1ea5t li\u1ec7u v\u1ecf: V\u00e0ng tr\u1eafng<\/p>\n<p>Kh\u00e1ng n\u01b0\u1edbc: 120m (12ATM)<\/p>\n<p>D\u00e2y \u0111eo: D\u00e2y da c\u00e1 s\u1ea5u<\/p>\n","protected":false},"featured_media":12313,"comment_status":"open","ping_status":"closed","template":"","meta":[],"product_cat":[334,195,322,338],"product_tag":[],"class_list":["post-12312","product","type-product","status-publish","has-post-thumbnail","hentry","product_cat-40mm-42mm","product_cat-mens-watches","product_cat-patek-philippe","product_cat-vang-trang-18k","product_brand-patek-philippe"],"yoast_head":"<!-- This site is optimized with the Yoast SEO plugin v21.6 - https:\/\/yoast.com\/wordpress\/plugins\/seo\/ -->\n<title>Patek Philippe Aquanaut 5650G-001 - Phoenix Luxury<\/title>\n<meta name=\"description\" content=\"Khi \u0111eo Patek Philippe Aquanaut 5650G-001 tr\u00ean c\u1ed5 tay r\u1ea5t l\u00e0 tho\u1ea3i m\u00e1i. V\u1ecf m\u00e1y l\u00e0m b\u1eb1ng v\u00e0ng tr\u1eafng 18K c\u00f3 \u0111\u01b0\u1eddng k\u00ednh 40,8 mm v\u00e0 d\u00e0y 11 mm.\" \/>\n<meta name=\"robots\" content=\"index, follow, max-snippet:-1, max-image-preview:large, max-video-preview:-1\" \/>\n<link rel=\"canonical\" href=\"https:\/\/nishiki-cycle.com\/demo\/san-pham\/patek-philippe-aquanaut-5650g-001\/\" \/>\n<meta property=\"og:locale\" content=\"vi_VN\" \/>\n<meta property=\"og:type\" content=\"article\" \/>\n<meta property=\"og:title\" content=\"Patek Philippe Aquanaut 5650G-001 - Phoenix Luxury\" \/>\n<meta property=\"og:description\" content=\"Khi \u0111eo Patek Philippe Aquanaut 5650G-001 tr\u00ean c\u1ed5 tay r\u1ea5t l\u00e0 tho\u1ea3i m\u00e1i. V\u1ecf m\u00e1y l\u00e0m b\u1eb1ng v\u00e0ng tr\u1eafng 18K c\u00f3 \u0111\u01b0\u1eddng k\u00ednh 40,8 mm v\u00e0 d\u00e0y 11 mm.\" \/>\n<meta property=\"og:url\" content=\"https:\/\/nishiki-cycle.com\/demo\/san-pham\/patek-philippe-aquanaut-5650g-001\/\" \/>\n<meta property=\"og:site_name\" content=\"Phoenix Luxury\" \/>\n<meta property=\"og:image\" content=\"https:\/\/nishiki-cycle.com\/demo\/wp-content\/uploads\/2024\/03\/1-32.jpg\" \/>\n\t<meta property=\"og:image:width\" content=\"900\" \/>\n\t<meta property=\"og:image:height\" content=\"900\" \/>\n\t<meta property=\"og:image:type\" content=\"image\/jpeg\" \/>\n<meta name=\"twitter:card\" content=\"summary_large_image\" \/>\n<meta name=\"twitter:label1\" content=\"\u01af\u1edbc t\u00ednh th\u1eddi gian \u0111\u1ecdc\" \/>\n\t<meta name=\"twitter:data1\" content=\"5 ph\u00fat\" \/>\n<script type=\"application\/ld+json\" class=\"yoast-schema-graph\">{\"@context\":\"https:\/\/schema.org\",\"@graph\":[{\"@type\":\"WebPage\",\"@id\":\"https:\/\/nishiki-cycle.com\/demo\/san-pham\/patek-philippe-aquanaut-5650g-001\/\",\"url\":\"https:\/\/nishiki-cycle.com\/demo\/san-pham\/patek-philippe-aquanaut-5650g-001\/\",\"name\":\"Patek Philippe Aquanaut 5650G-001 - Phoenix Luxury\",\"isPartOf\":{\"@id\":\"https:\/\/nishiki-cycle.com\/demo\/#website\"},\"datePublished\":\"2024-03-11T11:03:49+00:00\",\"dateModified\":\"2024-03-11T11:03:49+00:00\",\"description\":\"Khi \u0111eo Patek Philippe Aquanaut 5650G-001 tr\u00ean c\u1ed5 tay r\u1ea5t l\u00e0 tho\u1ea3i m\u00e1i. V\u1ecf m\u00e1y l\u00e0m b\u1eb1ng v\u00e0ng tr\u1eafng 18K c\u00f3 \u0111\u01b0\u1eddng k\u00ednh 40,8 mm v\u00e0 d\u00e0y 11 mm.\",\"breadcrumb\":{\"@id\":\"https:\/\/nishiki-cycle.com\/demo\/san-pham\/patek-philippe-aquanaut-5650g-001\/#breadcrumb\"},\"inLanguage\":\"vi\",\"potentialAction\":[{\"@type\":\"ReadAction\",\"target\":[\"https:\/\/nishiki-cycle.com\/demo\/san-pham\/patek-philippe-aquanaut-5650g-001\/\"]}]},{\"@type\":\"BreadcrumbList\",\"@id\":\"https:\/\/nishiki-cycle.com\/demo\/san-pham\/patek-philippe-aquanaut-5650g-001\/#breadcrumb\",\"itemListElement\":[{\"@type\":\"ListItem\",\"position\":1,\"name\":\"Trang ch\u1ee7\",\"item\":\"https:\/\/nishiki-cycle.com\/demo\/\"},{\"@type\":\"ListItem\",\"position\":2,\"name\":\"C\u1eeda h\u00e0ng\",\"item\":\"https:\/\/nishiki-cycle.com\/demo\/cua-hang\/\"},{\"@type\":\"ListItem\",\"position\":3,\"name\":\"Patek Philippe Aquanaut 5650G-001\"}]},{\"@type\":\"WebSite\",\"@id\":\"https:\/\/nishiki-cycle.com\/demo\/#website\",\"url\":\"https:\/\/nishiki-cycle.com\/demo\/\",\"name\":\"Phoenix Luxury\",\"description\":\"\",\"potentialAction\":[{\"@type\":\"SearchAction\",\"target\":{\"@type\":\"EntryPoint\",\"urlTemplate\":\"https:\/\/nishiki-cycle.com\/demo\/?s={search_term_string}\"},\"query-input\":\"required name=search_term_string\"}],\"inLanguage\":\"vi\"}]}<\/script>\n<!-- \/ Yoast SEO plugin. -->","yoast_head_json":{"title":"Patek Philippe Aquanaut 5650G-001 - Phoenix Luxury","description":"Khi \u0111eo Patek Philippe Aquanaut 5650G-001 tr\u00ean c\u1ed5 tay r\u1ea5t l\u00e0 tho\u1ea3i m\u00e1i. V\u1ecf m\u00e1y l\u00e0m b\u1eb1ng v\u00e0ng tr\u1eafng 18K c\u00f3 \u0111\u01b0\u1eddng k\u00ednh 40,8 mm v\u00e0 d\u00e0y 11 mm.","robots":{"index":"index","follow":"follow","max-snippet":"max-snippet:-1","max-image-preview":"max-image-preview:large","max-video-preview":"max-video-preview:-1"},"canonical":"https:\/\/nishiki-cycle.com\/demo\/san-pham\/patek-philippe-aquanaut-5650g-001\/","og_locale":"vi_VN","og_type":"article","og_title":"Patek Philippe Aquanaut 5650G-001 - Phoenix Luxury","og_description":"Khi \u0111eo Patek Philippe Aquanaut 5650G-001 tr\u00ean c\u1ed5 tay r\u1ea5t l\u00e0 tho\u1ea3i m\u00e1i. V\u1ecf m\u00e1y l\u00e0m b\u1eb1ng v\u00e0ng tr\u1eafng 18K c\u00f3 \u0111\u01b0\u1eddng k\u00ednh 40,8 mm v\u00e0 d\u00e0y 11 mm.","og_url":"https:\/\/nishiki-cycle.com\/demo\/san-pham\/patek-philippe-aquanaut-5650g-001\/","og_site_name":"Phoenix Luxury","og_image":[{"width":900,"height":900,"url":"https:\/\/nishiki-cycle.com\/demo\/wp-content\/uploads\/2024\/03\/1-32.jpg","type":"image\/jpeg"}],"twitter_card":"summary_large_image","twitter_misc":{"\u01af\u1edbc t\u00ednh th\u1eddi gian \u0111\u1ecdc":"5 ph\u00fat"},"schema":{"@context":"https:\/\/schema.org","@graph":[{"@type":"WebPage","@id":"https:\/\/nishiki-cycle.com\/demo\/san-pham\/patek-philippe-aquanaut-5650g-001\/","url":"https:\/\/nishiki-cycle.com\/demo\/san-pham\/patek-philippe-aquanaut-5650g-001\/","name":"Patek Philippe Aquanaut 5650G-001 - Phoenix Luxury","isPartOf":{"@id":"https:\/\/nishiki-cycle.com\/demo\/#website"},"datePublished":"2024-03-11T11:03:49+00:00","dateModified":"2024-03-11T11:03:49+00:00","description":"Khi \u0111eo Patek Philippe Aquanaut 5650G-001 tr\u00ean c\u1ed5 tay r\u1ea5t l\u00e0 tho\u1ea3i m\u00e1i. V\u1ecf m\u00e1y l\u00e0m b\u1eb1ng v\u00e0ng tr\u1eafng 18K c\u00f3 \u0111\u01b0\u1eddng k\u00ednh 40,8 mm v\u00e0 d\u00e0y 11 mm.","breadcrumb":{"@id":"https:\/\/nishiki-cycle.com\/demo\/san-pham\/patek-philippe-aquanaut-5650g-001\/#breadcrumb"},"inLanguage":"vi","potentialAction":[{"@type":"ReadAction","target":["https:\/\/nishiki-cycle.com\/demo\/san-pham\/patek-philippe-aquanaut-5650g-001\/"]}]},{"@type":"BreadcrumbList","@id":"https:\/\/nishiki-cycle.com\/demo\/san-pham\/patek-philippe-aquanaut-5650g-001\/#breadcrumb","itemListElement":[{"@type":"ListItem","position":1,"name":"Trang ch\u1ee7","item":"https:\/\/nishiki-cycle.com\/demo\/"},{"@type":"ListItem","position":2,"name":"C\u1eeda h\u00e0ng","item":"https:\/\/nishiki-cycle.com\/demo\/cua-hang\/"},{"@type":"ListItem","position":3,"name":"Patek Philippe Aquanaut 5650G-001"}]},{"@type":"WebSite","@id":"https:\/\/nishiki-cycle.com\/demo\/#website","url":"https:\/\/nishiki-cycle.com\/demo\/","name":"Phoenix Luxury","description":"","potentialAction":[{"@type":"SearchAction","target":{"@type":"EntryPoint","urlTemplate":"https:\/\/nishiki-cycle.com\/demo\/?s={search_term_string}"},"query-input":"required name=search_term_string"}],"inLanguage":"vi"}]}},"_links":{"self":[{"href":"https:\/\/nishiki-cycle.com\/demo\/wp-json\/wp\/v2\/product\/12312","targetHints":{"allow":["GET"]}}],"collection":[{"href":"https:\/\/nishiki-cycle.com\/demo\/wp-json\/wp\/v2\/product"}],"about":[{"href":"https:\/\/nishiki-cycle.com\/demo\/wp-json\/wp\/v2\/types\/product"}],"replies":[{"embeddable":true,"href":"https:\/\/nishiki-cycle.com\/demo\/wp-json\/wp\/v2\/comments?post=12312"}],"wp:featuredmedia":[{"embeddable":true,"href":"https:\/\/nishiki-cycle.com\/demo\/wp-json\/wp\/v2\/media\/12313"}],"wp:attachment":[{"href":"https:\/\/nishiki-cycle.com\/demo\/wp-json\/wp\/v2\/media?parent=12312"}],"wp:term":[{"taxonomy":"product_cat","embeddable":true,"href":"https:\/\/nishiki-cycle.com\/demo\/wp-json\/wp\/v2\/product_cat?post=12312"},{"taxonomy":"product_tag","embeddable":true,"href":"https:\/\/nishiki-cycle.com\/demo\/wp-json\/wp\/v2\/product_tag?post=12312"}],"curies":[{"name":"wp","href":"https:\/\/api.w.org\/{rel}","templated":true}]}}