{"id":12364,"date":"2024-03-19T14:50:08","date_gmt":"2024-03-19T14:50:08","guid":{"rendered":"https:\/\/nishiki-cycle.com\/demo\/?post_type=product&#038;p=12364"},"modified":"2024-03-19T14:50:08","modified_gmt":"2024-03-19T14:50:08","slug":"patek-philippe-grand-complications-6300gr-001","status":"publish","type":"product","link":"https:\/\/nishiki-cycle.com\/demo\/san-pham\/patek-philippe-grand-complications-6300gr-001\/","title":{"rendered":"Patek Philippe Grand Complications 6300GR-001"},"content":{"rendered":"<p><img fetchpriority=\"high\" decoding=\"async\" class=\"size-medium wp-image-12365 aligncenter\" src=\"https:\/\/nishiki-cycle.com\/demo\/wp-content\/uploads\/2024\/03\/1-37-300x300.jpg\" alt=\"\" width=\"300\" height=\"300\" srcset=\"https:\/\/nishiki-cycle.com\/demo\/wp-content\/uploads\/2024\/03\/1-37-300x300.jpg 300w, https:\/\/nishiki-cycle.com\/demo\/wp-content\/uploads\/2024\/03\/1-37-150x150.jpg 150w, https:\/\/nishiki-cycle.com\/demo\/wp-content\/uploads\/2024\/03\/1-37-768x768.jpg 768w, https:\/\/nishiki-cycle.com\/demo\/wp-content\/uploads\/2024\/03\/1-37-600x600.jpg 600w, https:\/\/nishiki-cycle.com\/demo\/wp-content\/uploads\/2024\/03\/1-37-100x100.jpg 100w, https:\/\/nishiki-cycle.com\/demo\/wp-content\/uploads\/2024\/03\/1-37.jpg 900w\" sizes=\"(max-width: 300px) 100vw, 300px\" \/><\/p>\n<p dir=\"ltr\"><a href=\"https:\/\/nishiki-cycle.com\/demo\/danh-muc-san-pham\/patek-philippe\/\"><strong>Patek Philippe<\/strong><\/a> Grand Complications 6300GR-001 \u0111\u01b0\u1ee3c trang b\u1ecb b\u1ed9 v\u1ecf k\u00edch th\u01b0\u1edbc l\u1edbn. Kh\u00f4ng ch\u1ec9 l\u1edbn (\u0111\u01b0\u1eddng k\u00ednh 47,7mm), v\u1ecf \u0111\u1ed3ng h\u1ed3 Grandmaster Chime 6300GR-001 th\u1eadm ch\u00ed \u0111\u01b0\u1ee3c t\u00edch h\u1ee3p th\u00eam c\u01a1 ch\u1ec9 \u0111\u1ea3o ng\u01b0\u1ee3c, cho ph\u00e9p ng\u01b0\u1eddi ch\u01a1i \u0111eo c\u1ea3 hai m\u1eb7t s\u1ed1. B\u00ean c\u1ea1nh v\u1ecf l\u00e0 c\u00e1c n\u00fat b\u1ea5m v\u00e0 n\u00fat v\u1eb7n \u0111i\u1ec1u khi\u1ec3n c\u00e1c ch\u1ee9c n\u0103ng kh\u00e1c nhau. \u1ede c\u00e1c n\u00fat b\u1ea5m b\u1eb1ng v\u00e0ng h\u1ed3ng, nh\u00e0 s\u1ea3n xu\u1ea5t \u0111\u1ec1u \u0111\u1ec1 th\u00eam k\u00fd hi\u1ec7u \u0111\u1ec3 ng\u01b0\u1eddi ch\u01a1i nh\u1eadn bi\u1ebft n\u00ean thao t\u00e1c t\u1ea1i \u0111\u00e2u.<\/p>\n<p dir=\"ltr\">C\u00f9ng v\u1edbi thi\u1ebft k\u1ebf v\u1ecf hai m\u1eb7t, Patek Philippe Grand Complications 6300GR-001 c\u00f3 hai m\u1eb7t s\u1ed1, bi\u1ec3u th\u1ecb c\u00e1c ch\u1ee9c n\u0103ng kh\u00e1c nhau. M\u1eb7t s\u1ed1 ch\u00ednh \u0111\u01b0\u1ee3c \u01b0u \u00e1i b\u1eb1ng vi\u1ec7c \u0111\u01b0\u1ee3c trang tr\u00ed th\u00eam h\u1ec7 v\u00e2n guilloche \u0111inh t\u00e1n, c\u00f3 th\u1ec3 hi\u1ec7n th\u1eddi gian ti\u00eau chu\u1ea9n, hai m\u1eb7t s\u1ed1 ph\u1ee5, l\u1ecbch tu\u1ea7n tr\u0103ng,&#8230; trong khi m\u1eb7t sau l\u00e0 b\u1ed1 c\u1ee5c \u0111\u01a1n gi\u1ea3n h\u01a1n g\u1ed3m b\u1ed1n m\u1eb7t s\u1ed1 ph\u1ee5 k\u00e8m \u00f4 c\u1eeda s\u1ed5 b\u00e1o n\u0103m \u1edf ch\u00ednh gi\u1eefa. \u0110i\u1ec3m nh\u1ea5n cho m\u1eb7t s\u1ed1 m\u00e0u n\u00e2u l\u00e0 c\u00e1c c\u1ecdc ch\u1ec9 gi\u1edd, b\u1ed9 kim l\u00e0m t\u1eeb v\u00e0ng h\u1ed3ng c\u00f9ng c\u00e1c v\u00f2ng \u0111\u1ebfm m\u00e0u b\u1ea1c, t\u1ea1o n\u00ean s\u1ef1 t\u01b0\u01a1ng ph\u1ea3n d\u1ec5 ph\u00e2n bi\u1ec7t c\u00e1c ch\u1ee9c n\u0103ng.<\/p>\n<p dir=\"ltr\">Chi\u1ebfc \u0111\u1ed3ng h\u1ed3 \u0111\u01b0\u1ee3c trang b\u1ecb b\u1ed9 m\u00e1y l\u00ean d\u00e2y c\u00f3t tay 300 GS AL 36\u2011750 QIS FUS IRM. V\u1edbi t\u1ed5ng s\u1ed1 1366 b\u1ed9 ph\u1eadn, ri\u00eang b\u1ed9 m\u00e1y n\u00e0y \u0111\u00e3 c\u00f3 k\u00edch th\u01b0\u1edbc 37mm x 10,7mm. 72 gi\u1edd l\u00e0 kh\u1ea3 n\u0103ng tr\u1eef c\u00f3t cho c\u00e1c ch\u1ee9c n\u0103ng kh\u00e1c (kh\u00f4ng ph\u1ea3i \u00e2m thanh).<\/p>\n<p dir=\"ltr\">M\u1eabu n\u00e0y c\u0169ng \u0111i k\u00e8m v\u1edbi khuy m\u0103ng s\u00e9t b\u1eb1ng v\u00e0ng tr\u1eafng c\u00f3 ph\u1ea7n gi\u1eefa m\u00e0u n\u00e2u tr\u1eafng \u0111\u1ee5c, hoa v\u0103n guilloched h\u00ecnh \u0111inh t\u00e1n th\u1ee7 c\u00f4ng v\u00e0 ch\u1eef th\u1eadp Calatrava b\u1eb1ng v\u00e0ng h\u1ed3ng.<\/p>\n","protected":false},"excerpt":{"rendered":"<p>M\u00e3: 6300GR-001<\/p>\n<p>Xu\u1ea5t x\u1ee9: Th\u1ee5y S\u1ef9<\/p>\n<p>K\u00edch th\u01b0\u1edbc: 47,4 mm<\/p>\n<p>K\u00ednh: Sapphire<\/p>\n<p>M\u00e0u m\u1eb7t s\u1ed1: m\u00e0u \u0111en<\/p>\n<p>B\u1ed9 m\u00e1y: Manual winding, Caliber 300 GS AL 36\u2011750 QIS FUS IRM<\/p>\n<p>Ch\u00e2n k\u00ednh: 28<\/p>\n<p>D\u1ef1 tr\u1eef n\u0103ng l\u01b0\u01a1ng: 72 gi\u1edd<\/p>\n<p>Ch\u1ee9c n\u0103ng:\u00a0Th\u1ee9, th\u00e1ng, gi\u1edd, ph\u00fat, gi\u00e2y, ng\u00e0y, moonphase, l\u1ecbch v\u1ea1n ni\u00ean chronograph<\/p>\n<p>Ch\u1ea5t li\u1ec7u v\u1ecf: V\u00e0ng tr\u1eafng<\/p>\n<p>D\u00e2y \u0111eo:\u00a0D\u00e2y \u0111eo da m\u00e0u \u0111en<\/p>\n<p>Kh\u00e1ng n\u01b0\u1edbc: 30m (3ATM)<\/p>\n","protected":false},"featured_media":12365,"comment_status":"open","ping_status":"closed","template":"","meta":[],"product_cat":[195,322,335,338],"product_tag":[],"class_list":["post-12364","product","type-product","status-publish","has-post-thumbnail","hentry","product_cat-mens-watches","product_cat-patek-philippe","product_cat-tren-42mm","product_cat-vang-trang-18k","product_brand-patek-philippe"],"yoast_head":"<!-- This site is optimized with the Yoast SEO plugin v21.6 - https:\/\/yoast.com\/wordpress\/plugins\/seo\/ -->\n<title>Patek Philippe Grand Complications 6300GR-001 - Phoenix Luxury<\/title>\n<meta name=\"description\" content=\"C\u00f9ng v\u1edbi thi\u1ebft k\u1ebf v\u1ecf hai m\u1eb7t, Patek Philippe Grand Complications 6300GR-001 c\u00f3 hai m\u1eb7t s\u1ed1, bi\u1ec3u th\u1ecb c\u00e1c ch\u1ee9c n\u0103ng kh\u00e1c nhau.\" \/>\n<meta name=\"robots\" content=\"index, follow, max-snippet:-1, max-image-preview:large, max-video-preview:-1\" \/>\n<link rel=\"canonical\" href=\"https:\/\/nishiki-cycle.com\/demo\/san-pham\/patek-philippe-grand-complications-6300gr-001\/\" \/>\n<meta property=\"og:locale\" content=\"vi_VN\" \/>\n<meta property=\"og:type\" content=\"article\" \/>\n<meta property=\"og:title\" content=\"Patek Philippe Grand Complications 6300GR-001 - Phoenix Luxury\" \/>\n<meta property=\"og:description\" content=\"C\u00f9ng v\u1edbi thi\u1ebft k\u1ebf v\u1ecf hai m\u1eb7t, Patek Philippe Grand Complications 6300GR-001 c\u00f3 hai m\u1eb7t s\u1ed1, bi\u1ec3u th\u1ecb c\u00e1c ch\u1ee9c n\u0103ng kh\u00e1c nhau.\" \/>\n<meta property=\"og:url\" content=\"https:\/\/nishiki-cycle.com\/demo\/san-pham\/patek-philippe-grand-complications-6300gr-001\/\" \/>\n<meta property=\"og:site_name\" content=\"Phoenix Luxury\" \/>\n<meta property=\"og:image\" content=\"https:\/\/nishiki-cycle.com\/demo\/wp-content\/uploads\/2024\/03\/1-37.jpg\" \/>\n\t<meta property=\"og:image:width\" content=\"900\" \/>\n\t<meta property=\"og:image:height\" content=\"900\" \/>\n\t<meta property=\"og:image:type\" content=\"image\/jpeg\" \/>\n<meta name=\"twitter:card\" content=\"summary_large_image\" \/>\n<meta name=\"twitter:label1\" content=\"\u01af\u1edbc t\u00ednh th\u1eddi gian \u0111\u1ecdc\" \/>\n\t<meta name=\"twitter:data1\" content=\"2 ph\u00fat\" \/>\n<script type=\"application\/ld+json\" class=\"yoast-schema-graph\">{\"@context\":\"https:\/\/schema.org\",\"@graph\":[{\"@type\":\"WebPage\",\"@id\":\"https:\/\/nishiki-cycle.com\/demo\/san-pham\/patek-philippe-grand-complications-6300gr-001\/\",\"url\":\"https:\/\/nishiki-cycle.com\/demo\/san-pham\/patek-philippe-grand-complications-6300gr-001\/\",\"name\":\"Patek Philippe Grand Complications 6300GR-001 - Phoenix Luxury\",\"isPartOf\":{\"@id\":\"https:\/\/nishiki-cycle.com\/demo\/#website\"},\"datePublished\":\"2024-03-19T14:50:08+00:00\",\"dateModified\":\"2024-03-19T14:50:08+00:00\",\"description\":\"C\u00f9ng v\u1edbi thi\u1ebft k\u1ebf v\u1ecf hai m\u1eb7t, Patek Philippe Grand Complications 6300GR-001 c\u00f3 hai m\u1eb7t s\u1ed1, bi\u1ec3u th\u1ecb c\u00e1c ch\u1ee9c n\u0103ng kh\u00e1c nhau.\",\"breadcrumb\":{\"@id\":\"https:\/\/nishiki-cycle.com\/demo\/san-pham\/patek-philippe-grand-complications-6300gr-001\/#breadcrumb\"},\"inLanguage\":\"vi\",\"potentialAction\":[{\"@type\":\"ReadAction\",\"target\":[\"https:\/\/nishiki-cycle.com\/demo\/san-pham\/patek-philippe-grand-complications-6300gr-001\/\"]}]},{\"@type\":\"BreadcrumbList\",\"@id\":\"https:\/\/nishiki-cycle.com\/demo\/san-pham\/patek-philippe-grand-complications-6300gr-001\/#breadcrumb\",\"itemListElement\":[{\"@type\":\"ListItem\",\"position\":1,\"name\":\"Trang ch\u1ee7\",\"item\":\"https:\/\/nishiki-cycle.com\/demo\/\"},{\"@type\":\"ListItem\",\"position\":2,\"name\":\"C\u1eeda h\u00e0ng\",\"item\":\"https:\/\/nishiki-cycle.com\/demo\/cua-hang\/\"},{\"@type\":\"ListItem\",\"position\":3,\"name\":\"Patek Philippe Grand Complications 6300GR-001\"}]},{\"@type\":\"WebSite\",\"@id\":\"https:\/\/nishiki-cycle.com\/demo\/#website\",\"url\":\"https:\/\/nishiki-cycle.com\/demo\/\",\"name\":\"Phoenix Luxury\",\"description\":\"\",\"potentialAction\":[{\"@type\":\"SearchAction\",\"target\":{\"@type\":\"EntryPoint\",\"urlTemplate\":\"https:\/\/nishiki-cycle.com\/demo\/?s={search_term_string}\"},\"query-input\":\"required name=search_term_string\"}],\"inLanguage\":\"vi\"}]}<\/script>\n<!-- \/ Yoast SEO plugin. -->","yoast_head_json":{"title":"Patek Philippe Grand Complications 6300GR-001 - Phoenix Luxury","description":"C\u00f9ng v\u1edbi thi\u1ebft k\u1ebf v\u1ecf hai m\u1eb7t, Patek Philippe Grand Complications 6300GR-001 c\u00f3 hai m\u1eb7t s\u1ed1, bi\u1ec3u th\u1ecb c\u00e1c ch\u1ee9c n\u0103ng kh\u00e1c nhau.","robots":{"index":"index","follow":"follow","max-snippet":"max-snippet:-1","max-image-preview":"max-image-preview:large","max-video-preview":"max-video-preview:-1"},"canonical":"https:\/\/nishiki-cycle.com\/demo\/san-pham\/patek-philippe-grand-complications-6300gr-001\/","og_locale":"vi_VN","og_type":"article","og_title":"Patek Philippe Grand Complications 6300GR-001 - Phoenix Luxury","og_description":"C\u00f9ng v\u1edbi thi\u1ebft k\u1ebf v\u1ecf hai m\u1eb7t, Patek Philippe Grand Complications 6300GR-001 c\u00f3 hai m\u1eb7t s\u1ed1, bi\u1ec3u th\u1ecb c\u00e1c ch\u1ee9c n\u0103ng kh\u00e1c nhau.","og_url":"https:\/\/nishiki-cycle.com\/demo\/san-pham\/patek-philippe-grand-complications-6300gr-001\/","og_site_name":"Phoenix Luxury","og_image":[{"width":900,"height":900,"url":"https:\/\/nishiki-cycle.com\/demo\/wp-content\/uploads\/2024\/03\/1-37.jpg","type":"image\/jpeg"}],"twitter_card":"summary_large_image","twitter_misc":{"\u01af\u1edbc t\u00ednh th\u1eddi gian \u0111\u1ecdc":"2 ph\u00fat"},"schema":{"@context":"https:\/\/schema.org","@graph":[{"@type":"WebPage","@id":"https:\/\/nishiki-cycle.com\/demo\/san-pham\/patek-philippe-grand-complications-6300gr-001\/","url":"https:\/\/nishiki-cycle.com\/demo\/san-pham\/patek-philippe-grand-complications-6300gr-001\/","name":"Patek Philippe Grand Complications 6300GR-001 - Phoenix Luxury","isPartOf":{"@id":"https:\/\/nishiki-cycle.com\/demo\/#website"},"datePublished":"2024-03-19T14:50:08+00:00","dateModified":"2024-03-19T14:50:08+00:00","description":"C\u00f9ng v\u1edbi thi\u1ebft k\u1ebf v\u1ecf hai m\u1eb7t, Patek Philippe Grand Complications 6300GR-001 c\u00f3 hai m\u1eb7t s\u1ed1, bi\u1ec3u th\u1ecb c\u00e1c ch\u1ee9c n\u0103ng kh\u00e1c nhau.","breadcrumb":{"@id":"https:\/\/nishiki-cycle.com\/demo\/san-pham\/patek-philippe-grand-complications-6300gr-001\/#breadcrumb"},"inLanguage":"vi","potentialAction":[{"@type":"ReadAction","target":["https:\/\/nishiki-cycle.com\/demo\/san-pham\/patek-philippe-grand-complications-6300gr-001\/"]}]},{"@type":"BreadcrumbList","@id":"https:\/\/nishiki-cycle.com\/demo\/san-pham\/patek-philippe-grand-complications-6300gr-001\/#breadcrumb","itemListElement":[{"@type":"ListItem","position":1,"name":"Trang ch\u1ee7","item":"https:\/\/nishiki-cycle.com\/demo\/"},{"@type":"ListItem","position":2,"name":"C\u1eeda h\u00e0ng","item":"https:\/\/nishiki-cycle.com\/demo\/cua-hang\/"},{"@type":"ListItem","position":3,"name":"Patek Philippe Grand Complications 6300GR-001"}]},{"@type":"WebSite","@id":"https:\/\/nishiki-cycle.com\/demo\/#website","url":"https:\/\/nishiki-cycle.com\/demo\/","name":"Phoenix Luxury","description":"","potentialAction":[{"@type":"SearchAction","target":{"@type":"EntryPoint","urlTemplate":"https:\/\/nishiki-cycle.com\/demo\/?s={search_term_string}"},"query-input":"required name=search_term_string"}],"inLanguage":"vi"}]}},"_links":{"self":[{"href":"https:\/\/nishiki-cycle.com\/demo\/wp-json\/wp\/v2\/product\/12364","targetHints":{"allow":["GET"]}}],"collection":[{"href":"https:\/\/nishiki-cycle.com\/demo\/wp-json\/wp\/v2\/product"}],"about":[{"href":"https:\/\/nishiki-cycle.com\/demo\/wp-json\/wp\/v2\/types\/product"}],"replies":[{"embeddable":true,"href":"https:\/\/nishiki-cycle.com\/demo\/wp-json\/wp\/v2\/comments?post=12364"}],"wp:featuredmedia":[{"embeddable":true,"href":"https:\/\/nishiki-cycle.com\/demo\/wp-json\/wp\/v2\/media\/12365"}],"wp:attachment":[{"href":"https:\/\/nishiki-cycle.com\/demo\/wp-json\/wp\/v2\/media?parent=12364"}],"wp:term":[{"taxonomy":"product_cat","embeddable":true,"href":"https:\/\/nishiki-cycle.com\/demo\/wp-json\/wp\/v2\/product_cat?post=12364"},{"taxonomy":"product_tag","embeddable":true,"href":"https:\/\/nishiki-cycle.com\/demo\/wp-json\/wp\/v2\/product_tag?post=12364"}],"curies":[{"name":"wp","href":"https:\/\/api.w.org\/{rel}","templated":true}]}}