{"id":12369,"date":"2024-03-20T14:50:21","date_gmt":"2024-03-20T14:50:21","guid":{"rendered":"https:\/\/nishiki-cycle.com\/demo\/?post_type=product&#038;p=12369"},"modified":"2024-03-19T14:53:57","modified_gmt":"2024-03-19T14:53:57","slug":"patek-philippe-grand-complications-5531g-001","status":"publish","type":"product","link":"https:\/\/nishiki-cycle.com\/demo\/san-pham\/patek-philippe-grand-complications-5531g-001\/","title":{"rendered":"Patek Philippe Grand Complications 5531G-001"},"content":{"rendered":"<p><img fetchpriority=\"high\" decoding=\"async\" class=\"size-medium wp-image-12370 aligncenter\" src=\"https:\/\/nishiki-cycle.com\/demo\/wp-content\/uploads\/2024\/03\/1-38-300x300.jpg\" alt=\"\" width=\"300\" height=\"300\" srcset=\"https:\/\/nishiki-cycle.com\/demo\/wp-content\/uploads\/2024\/03\/1-38-300x300.jpg 300w, https:\/\/nishiki-cycle.com\/demo\/wp-content\/uploads\/2024\/03\/1-38-150x150.jpg 150w, https:\/\/nishiki-cycle.com\/demo\/wp-content\/uploads\/2024\/03\/1-38-768x768.jpg 768w, https:\/\/nishiki-cycle.com\/demo\/wp-content\/uploads\/2024\/03\/1-38-600x600.jpg 600w, https:\/\/nishiki-cycle.com\/demo\/wp-content\/uploads\/2024\/03\/1-38-100x100.jpg 100w, https:\/\/nishiki-cycle.com\/demo\/wp-content\/uploads\/2024\/03\/1-38.jpg 900w\" sizes=\"(max-width: 300px) 100vw, 300px\" \/><\/p>\n<p><a href=\"https:\/\/nishiki-cycle.com\/demo\/danh-muc-san-pham\/patek-philippe\/\"><strong>Patek Philippe<\/strong><\/a> Grand Complications 5531G-001 l\u00e0 m\u1ed9t chi\u1ebfc \u0111\u1ed3ng h\u1ed3 c\u01a1 ph\u1ee9c t\u1ea1p v\u1edbi ch\u1ee9c n\u0103ng \u0111i\u1ec3m chu\u00f4ng k\u1ebft h\u1ee3p c\u01a1 c\u1ea5u ch\u1ec9 b\u00e1o gi\u1edd th\u1ebf gi\u1edbi, cho ph\u00e9p ch\u1ee7 nh\u00e2n theo d\u00f5i th\u1eddi gian c\u1ee7a 24 m\u00fai gi\u1edd kh\u00e1c nhau ngay tr\u00ean m\u1eb7t s\u1ed1. \u0110i\u1ec1u \u0111\u1eb7c bi\u1ec7t c\u1ee7a chi\u1ebfc \u0111\u1ed3ng h\u1ed3 n\u00e0y ch\u00ednh l\u00e0 \u0111i\u1ec3m chu\u00f4ng theo m\u00fai gi\u1edd \u0111\u1ecba ph\u01b0\u01a1ng, t\u1ee9c l\u00e0 m\u00fai gi\u1edd \u0111\u01b0\u1ee3c ch\u1ec9 \u0111\u1ecbnh b\u1edfi kim gi\u1edd v\u00e0 kim ph\u00fat tr\u00ean m\u1eb7t s\u1ed1. \u0110\u00e2y l\u00e0 chi\u1ebfc \u0111\u1ed3ng \u0111i\u1ec3m chu\u00f4ng \u0111\u1ea7u ti\u00ean tr\u00ean th\u1ebf gi\u1edbi \u0111\u01b0\u1ee3c trang b\u1ecb t\u00ednh n\u0103ng n\u00e0y k\u1ec3 t\u1eeb khi ra m\u1eaft v\u00e0o n\u0103m 2017 t\u1ea1i tri\u1ec3n l\u00e3m Baselworld \u2013 m\u1ed9t s\u1ef1 ki\u1ec7n quan tr\u1ecdng trong ng\u00e0nh c\u00f4ng nghi\u1ec7p \u0111\u1ed3ng h\u1ed3.<\/p>\n<p>V\u1eabn duy tr\u00ec nh\u1eefng y\u1ebfu t\u1ed1 c\u1ed1t l\u00f5i c\u1ee7a phi\u00ean b\u1ea3n n\u0103m x\u01b0a, chi\u1ebfc Ref. 5531G-001 m\u1edbi v\u1eabn s\u1edf h\u1eefu b\u1ed9 v\u1ecf l\u00e0m t\u1eeb v\u00e0ng tr\u1eafng 18k, c\u00f3 k\u00edch c\u1ee1 40.2mm v\u00e0 d\u00e0y 11.49mm. \u0110\u1eb7c bi\u1ec7t, khung v\u1ecf v\u00e0 n\u00fat k\u00edch ho\u1ea1t ch\u1ee9c n\u0103ng \u0111i\u1ec3m chu\u00f4ng \u0111\u1ec1u \u0111\u01b0\u1ee3c ch\u1ea1m kh\u1eafc hoa v\u0103n Clous de Paris b\u1eb1ng ph\u01b0\u01a1ng ph\u00e1p guilloch\u00e9, g\u00f3p ph\u1ea7n mang l\u1ea1i cho \u0111\u1ed3ng h\u1ed3 v\u1ebb sang tr\u1ecdng v\u00e0 c\u1ed5 \u0111i\u1ec3n ri\u00eang bi\u1ec7t. \u0110\u1eb7c bi\u1ec7t, ph\u1ea7n v\u1ea5u d\u00e2y \u0111eo c\u0169ng \u0111\u01b0\u1ee3c kho\u00e9t r\u1ed7ng nh\u1eb1m ph\u00f4 di\u1ec5n tr\u1ecdn v\u1eb9n c\u00e1c hoa v\u0103n tinh x\u1ea3o n\u00e0y tr\u01b0\u1edbc m\u1eaft ch\u1ee7 nh\u00e2n. Kh\u00f4ng ch\u1ec9 s\u1eafc s\u1ea3o trong kh\u00e2u ch\u1ebf t\u00e1c b\u1ed9 v\u1ecf, m\u1eb7t s\u1ed1 c\u1ee7a Ref. 5531G-001 c\u0169ng \u0111\u01b0\u1ee3c trang tr\u00ed ph\u01b0\u01a1ng ph\u00e1p kh\u1ea3m men Grand Feu cloisonn\u00e9 v\u1edbi h\u00ecnh \u1ea3nh chi\u1ebfc t\u00e0u h\u01a1i n\u01b0\u1edbc n\u1ed5i ti\u1ebfng trong th\u1eddi k\u1ef3 Belle \u00c9poque \u0111ang l\u01b0\u1edbt tr\u00ean H\u1ed3 Geneva.<\/p>\n<p>\u0110\u00e2y l\u00e0 m\u1ed9t t\u00e1c ph\u1ea9m ngh\u1ec7 thu\u1eadt hi\u1ebfm c\u00f3 \u0111\u01b0\u1ee3c th\u1ef1c hi\u1ec7n th\u1ee7 c\u00f4ng ho\u00e0n to\u00e0n b\u1edfi c\u00e1c ngh\u1ec7 nh\u00e2n chuy\u00ean nghi\u1ec7p c\u1ee7a Patek Philippe. Kh\u1ea3m men Grand Feu cloisonn\u00e9 l\u00e0 m\u1ed9t k\u1ef9 thu\u1eadt trang tr\u00ed c\u1ed5 x\u01b0a, theo \u0111\u00f3 ngh\u1ec7 nh\u00e2n s\u1ebd s\u1eed d\u1ee5ng c\u00e1c d\u00e2y kim lo\u1ea1i \u0111\u1ec3 t\u1ea1o ra c\u00e1c \u00f4 ri\u00eang bi\u1ec7t tr\u00ean n\u1ec1n m\u1eb7t s\u1ed1, r\u1ed3i l\u1ea5p \u0111\u1ea7y c\u00e1c \u00f4 r\u1ed7ng n\u00e0y b\u1eb1ng men m\u00e0u v\u00e0 nung ch\u00fang \u1edf nhi\u1ec7t \u0111\u1ed9 cao. K\u1ebft qu\u1ea3 sau c\u00f9ng l\u00e0 m\u1ed9t b\u1ee9c ti\u1ec3u h\u1ecda t\u1eeb l\u1edbp men s\u1ed1ng \u0111\u1ed9ng v\u00e0 b\u1ec1n b\u1ec9.<\/p>\n<p>Patek Philippe Grand Complications 5531G-001 v\u1eadn h\u00e0nh b\u1eb1ng b\u1ed9 m\u00e1y c\u01a1 t\u1ef1 \u0111\u1ed9ng caliber R 27 HU do ch\u00ednh Patek Philippe thi\u1ebft k\u1ebf v\u00e0 s\u1ea3n xu\u1ea5t t\u1eeb 452 chi ti\u1ebft tinh vi, g\u1ed3m 45 ch\u00e2n k\u00ednh v\u00e0 c\u00f3 m\u1ee9c n\u0103ng l\u01b0\u1ee3ng d\u1ef1 tr\u1eef x\u1ea5p x\u1ec9 48 gi\u1edd \u0111\u01b0\u1ee3c cung c\u1ea5p b\u1edfi dao \u0111\u1ed9ng c\u1ee7a m\u1ed9t mini-rotor b\u1eb1ng v\u00e0ng 22k. B\u1ed9 m\u00e1y n\u00e0y c\u0169ng \u0111\u01b0\u1ee3c trang b\u1ecb b\u1ed9 c\u00e2n b\u1eb1ng Gyromax\u00ae \u2013 m\u1ed9t c\u01a1 c\u1ea5u \u1ed5n \u0111\u1ecbnh c\u00f3 th\u1ec3 \u0111i\u1ec1u ch\u1ec9nh do Patek Philippe ph\u00e1t minh v\u00e0o n\u0103m 1949, v\u00e0 l\u00f2 xo c\u00e2n b\u1eb1ng Spiromax\u00ae t\u1eeb silicon do Patek Philippe ph\u00e1t tri\u1ec3n v\u00e0o n\u0103m 2006. C\u1ea3 hai b\u1ed9 ph\u1eadn tr\u00ean \u0111\u1ec1u gi\u00fap t\u0103ng c\u01b0\u1eddng \u0111\u1ed9 ch\u00ednh x\u00e1c v\u00e0 \u1ed5n \u0111\u1ecbnh c\u1ee7a b\u1ed9 m\u00e1y c\u01a1 ph\u1ee9c t\u1ea1p. Patek Philippe Ref. 5531G Grand Complications l\u00e0 m\u1ed9t chi\u1ebfc \u0111\u1ed3ng h\u1ed3 hi\u1ebfm c\u00f3 v\u00e0 c\u1ef1c k\u1ef3 qu\u00fd gi\u00e1, kh\u00f4ng ch\u1ec9 v\u00ec thi\u1ebft k\u1ebf v\u00e0 ch\u1ee9c n\u0103ng, m\u00e0 c\u00f2n v\u00ec s\u1ef1 k\u1ebft h\u1ee3p ho\u00e0n h\u1ea3o gi\u1eefa k\u1ef9 thu\u1eadt cao v\u00e0 th\u1ee7 c\u00f4ng truy\u1ec1n th\u1ed1ng.<\/p>\n","protected":false},"excerpt":{"rendered":"<p>M\u00e3: 5531G-001<\/p>\n<p>Xu\u1ea5t x\u1ee9: Th\u1ee5y S\u1ef9<\/p>\n<p>K\u00edch th\u01b0\u1edbc: 40,2 mm<\/p>\n<p>K\u00ednh: Sapphire<\/p>\n<p>M\u00e0u m\u1eb7t s\u1ed1: Tr\u00e1ng men<\/p>\n<p>B\u1ed9 m\u00e1y: Automatic, Cal.R 27 HU<\/p>\n<p>D\u1ef1 tr\u1eef n\u0103ng l\u01b0\u01a1ng: 48 gi\u1edd<\/p>\n<p>Ch\u1ee9c n\u0103ng:\u00a0Gi\u1edd, ph\u00fat, ng\u00e0y\/ \u0111\u00eam, World Time<\/p>\n<p>Ch\u1ea5t li\u1ec7u v\u1ecf: V\u00e0ng tr\u1eafng<\/p>\n<p>D\u00e2y \u0111eo:\u00a0D\u00e2y \u0111eo da<\/p>\n<p>Kh\u00e1ng n\u01b0\u1edbc: 30m (3ATM)<\/p>\n","protected":false},"featured_media":12370,"comment_status":"open","ping_status":"closed","template":"","meta":[],"product_cat":[334,195,322,338],"product_tag":[],"class_list":["post-12369","product","type-product","status-publish","has-post-thumbnail","hentry","product_cat-40mm-42mm","product_cat-mens-watches","product_cat-patek-philippe","product_cat-vang-trang-18k","product_brand-patek-philippe"],"yoast_head":"<!-- This site is optimized with the Yoast SEO plugin v21.6 - https:\/\/yoast.com\/wordpress\/plugins\/seo\/ -->\n<title>Patek Philippe Grand Complications 5531G-001 - Phoenix Luxury<\/title>\n<meta name=\"description\" content=\"Patek Philippe Grand Complications 5531G-001 l\u00e0 m\u1ed9t chi\u1ebfc \u0111\u1ed3ng h\u1ed3 c\u01a1 ph\u1ee9c t\u1ea1p v\u1edbi ch\u1ee9c n\u0103ng \u0111i\u1ec3m chu\u00f4ng k\u1ebft h\u1ee3p c\u01a1 c\u1ea5u ch\u1ec9 b\u00e1o gi\u1edd th\u1ebf gi\u1edbi.\" \/>\n<meta name=\"robots\" content=\"index, follow, max-snippet:-1, max-image-preview:large, max-video-preview:-1\" \/>\n<link rel=\"canonical\" href=\"https:\/\/nishiki-cycle.com\/demo\/san-pham\/patek-philippe-grand-complications-5531g-001\/\" \/>\n<meta property=\"og:locale\" content=\"vi_VN\" \/>\n<meta property=\"og:type\" content=\"article\" \/>\n<meta property=\"og:title\" content=\"Patek Philippe Grand Complications 5531G-001 - Phoenix Luxury\" \/>\n<meta property=\"og:description\" content=\"Patek Philippe Grand Complications 5531G-001 l\u00e0 m\u1ed9t chi\u1ebfc \u0111\u1ed3ng h\u1ed3 c\u01a1 ph\u1ee9c t\u1ea1p v\u1edbi ch\u1ee9c n\u0103ng \u0111i\u1ec3m chu\u00f4ng k\u1ebft h\u1ee3p c\u01a1 c\u1ea5u ch\u1ec9 b\u00e1o gi\u1edd th\u1ebf gi\u1edbi.\" \/>\n<meta property=\"og:url\" content=\"https:\/\/nishiki-cycle.com\/demo\/san-pham\/patek-philippe-grand-complications-5531g-001\/\" \/>\n<meta property=\"og:site_name\" content=\"Phoenix Luxury\" \/>\n<meta property=\"article:modified_time\" content=\"2024-03-19T14:53:57+00:00\" \/>\n<meta property=\"og:image\" content=\"https:\/\/nishiki-cycle.com\/demo\/wp-content\/uploads\/2024\/03\/1-38.jpg\" \/>\n\t<meta property=\"og:image:width\" content=\"900\" \/>\n\t<meta property=\"og:image:height\" content=\"900\" \/>\n\t<meta property=\"og:image:type\" content=\"image\/jpeg\" \/>\n<meta name=\"twitter:card\" content=\"summary_large_image\" \/>\n<meta name=\"twitter:label1\" content=\"\u01af\u1edbc t\u00ednh th\u1eddi gian \u0111\u1ecdc\" \/>\n\t<meta name=\"twitter:data1\" content=\"4 ph\u00fat\" \/>\n<script type=\"application\/ld+json\" class=\"yoast-schema-graph\">{\"@context\":\"https:\/\/schema.org\",\"@graph\":[{\"@type\":\"WebPage\",\"@id\":\"https:\/\/nishiki-cycle.com\/demo\/san-pham\/patek-philippe-grand-complications-5531g-001\/\",\"url\":\"https:\/\/nishiki-cycle.com\/demo\/san-pham\/patek-philippe-grand-complications-5531g-001\/\",\"name\":\"Patek Philippe Grand Complications 5531G-001 - Phoenix Luxury\",\"isPartOf\":{\"@id\":\"https:\/\/nishiki-cycle.com\/demo\/#website\"},\"datePublished\":\"2024-03-20T14:50:21+00:00\",\"dateModified\":\"2024-03-19T14:53:57+00:00\",\"description\":\"Patek Philippe Grand Complications 5531G-001 l\u00e0 m\u1ed9t chi\u1ebfc \u0111\u1ed3ng h\u1ed3 c\u01a1 ph\u1ee9c t\u1ea1p v\u1edbi ch\u1ee9c n\u0103ng \u0111i\u1ec3m chu\u00f4ng k\u1ebft h\u1ee3p c\u01a1 c\u1ea5u ch\u1ec9 b\u00e1o gi\u1edd th\u1ebf gi\u1edbi.\",\"breadcrumb\":{\"@id\":\"https:\/\/nishiki-cycle.com\/demo\/san-pham\/patek-philippe-grand-complications-5531g-001\/#breadcrumb\"},\"inLanguage\":\"vi\",\"potentialAction\":[{\"@type\":\"ReadAction\",\"target\":[\"https:\/\/nishiki-cycle.com\/demo\/san-pham\/patek-philippe-grand-complications-5531g-001\/\"]}]},{\"@type\":\"BreadcrumbList\",\"@id\":\"https:\/\/nishiki-cycle.com\/demo\/san-pham\/patek-philippe-grand-complications-5531g-001\/#breadcrumb\",\"itemListElement\":[{\"@type\":\"ListItem\",\"position\":1,\"name\":\"Trang ch\u1ee7\",\"item\":\"https:\/\/nishiki-cycle.com\/demo\/\"},{\"@type\":\"ListItem\",\"position\":2,\"name\":\"C\u1eeda h\u00e0ng\",\"item\":\"https:\/\/nishiki-cycle.com\/demo\/cua-hang\/\"},{\"@type\":\"ListItem\",\"position\":3,\"name\":\"Patek Philippe Grand Complications 5531G-001\"}]},{\"@type\":\"WebSite\",\"@id\":\"https:\/\/nishiki-cycle.com\/demo\/#website\",\"url\":\"https:\/\/nishiki-cycle.com\/demo\/\",\"name\":\"Phoenix Luxury\",\"description\":\"\",\"potentialAction\":[{\"@type\":\"SearchAction\",\"target\":{\"@type\":\"EntryPoint\",\"urlTemplate\":\"https:\/\/nishiki-cycle.com\/demo\/?s={search_term_string}\"},\"query-input\":\"required name=search_term_string\"}],\"inLanguage\":\"vi\"}]}<\/script>\n<!-- \/ Yoast SEO plugin. -->","yoast_head_json":{"title":"Patek Philippe Grand Complications 5531G-001 - Phoenix Luxury","description":"Patek Philippe Grand Complications 5531G-001 l\u00e0 m\u1ed9t chi\u1ebfc \u0111\u1ed3ng h\u1ed3 c\u01a1 ph\u1ee9c t\u1ea1p v\u1edbi ch\u1ee9c n\u0103ng \u0111i\u1ec3m chu\u00f4ng k\u1ebft h\u1ee3p c\u01a1 c\u1ea5u ch\u1ec9 b\u00e1o gi\u1edd th\u1ebf gi\u1edbi.","robots":{"index":"index","follow":"follow","max-snippet":"max-snippet:-1","max-image-preview":"max-image-preview:large","max-video-preview":"max-video-preview:-1"},"canonical":"https:\/\/nishiki-cycle.com\/demo\/san-pham\/patek-philippe-grand-complications-5531g-001\/","og_locale":"vi_VN","og_type":"article","og_title":"Patek Philippe Grand Complications 5531G-001 - Phoenix Luxury","og_description":"Patek Philippe Grand Complications 5531G-001 l\u00e0 m\u1ed9t chi\u1ebfc \u0111\u1ed3ng h\u1ed3 c\u01a1 ph\u1ee9c t\u1ea1p v\u1edbi ch\u1ee9c n\u0103ng \u0111i\u1ec3m chu\u00f4ng k\u1ebft h\u1ee3p c\u01a1 c\u1ea5u ch\u1ec9 b\u00e1o gi\u1edd th\u1ebf gi\u1edbi.","og_url":"https:\/\/nishiki-cycle.com\/demo\/san-pham\/patek-philippe-grand-complications-5531g-001\/","og_site_name":"Phoenix Luxury","article_modified_time":"2024-03-19T14:53:57+00:00","og_image":[{"width":900,"height":900,"url":"https:\/\/nishiki-cycle.com\/demo\/wp-content\/uploads\/2024\/03\/1-38.jpg","type":"image\/jpeg"}],"twitter_card":"summary_large_image","twitter_misc":{"\u01af\u1edbc t\u00ednh th\u1eddi gian \u0111\u1ecdc":"4 ph\u00fat"},"schema":{"@context":"https:\/\/schema.org","@graph":[{"@type":"WebPage","@id":"https:\/\/nishiki-cycle.com\/demo\/san-pham\/patek-philippe-grand-complications-5531g-001\/","url":"https:\/\/nishiki-cycle.com\/demo\/san-pham\/patek-philippe-grand-complications-5531g-001\/","name":"Patek Philippe Grand Complications 5531G-001 - Phoenix Luxury","isPartOf":{"@id":"https:\/\/nishiki-cycle.com\/demo\/#website"},"datePublished":"2024-03-20T14:50:21+00:00","dateModified":"2024-03-19T14:53:57+00:00","description":"Patek Philippe Grand Complications 5531G-001 l\u00e0 m\u1ed9t chi\u1ebfc \u0111\u1ed3ng h\u1ed3 c\u01a1 ph\u1ee9c t\u1ea1p v\u1edbi ch\u1ee9c n\u0103ng \u0111i\u1ec3m chu\u00f4ng k\u1ebft h\u1ee3p c\u01a1 c\u1ea5u ch\u1ec9 b\u00e1o gi\u1edd th\u1ebf gi\u1edbi.","breadcrumb":{"@id":"https:\/\/nishiki-cycle.com\/demo\/san-pham\/patek-philippe-grand-complications-5531g-001\/#breadcrumb"},"inLanguage":"vi","potentialAction":[{"@type":"ReadAction","target":["https:\/\/nishiki-cycle.com\/demo\/san-pham\/patek-philippe-grand-complications-5531g-001\/"]}]},{"@type":"BreadcrumbList","@id":"https:\/\/nishiki-cycle.com\/demo\/san-pham\/patek-philippe-grand-complications-5531g-001\/#breadcrumb","itemListElement":[{"@type":"ListItem","position":1,"name":"Trang ch\u1ee7","item":"https:\/\/nishiki-cycle.com\/demo\/"},{"@type":"ListItem","position":2,"name":"C\u1eeda h\u00e0ng","item":"https:\/\/nishiki-cycle.com\/demo\/cua-hang\/"},{"@type":"ListItem","position":3,"name":"Patek Philippe Grand Complications 5531G-001"}]},{"@type":"WebSite","@id":"https:\/\/nishiki-cycle.com\/demo\/#website","url":"https:\/\/nishiki-cycle.com\/demo\/","name":"Phoenix Luxury","description":"","potentialAction":[{"@type":"SearchAction","target":{"@type":"EntryPoint","urlTemplate":"https:\/\/nishiki-cycle.com\/demo\/?s={search_term_string}"},"query-input":"required name=search_term_string"}],"inLanguage":"vi"}]}},"_links":{"self":[{"href":"https:\/\/nishiki-cycle.com\/demo\/wp-json\/wp\/v2\/product\/12369","targetHints":{"allow":["GET"]}}],"collection":[{"href":"https:\/\/nishiki-cycle.com\/demo\/wp-json\/wp\/v2\/product"}],"about":[{"href":"https:\/\/nishiki-cycle.com\/demo\/wp-json\/wp\/v2\/types\/product"}],"replies":[{"embeddable":true,"href":"https:\/\/nishiki-cycle.com\/demo\/wp-json\/wp\/v2\/comments?post=12369"}],"wp:featuredmedia":[{"embeddable":true,"href":"https:\/\/nishiki-cycle.com\/demo\/wp-json\/wp\/v2\/media\/12370"}],"wp:attachment":[{"href":"https:\/\/nishiki-cycle.com\/demo\/wp-json\/wp\/v2\/media?parent=12369"}],"wp:term":[{"taxonomy":"product_cat","embeddable":true,"href":"https:\/\/nishiki-cycle.com\/demo\/wp-json\/wp\/v2\/product_cat?post=12369"},{"taxonomy":"product_tag","embeddable":true,"href":"https:\/\/nishiki-cycle.com\/demo\/wp-json\/wp\/v2\/product_tag?post=12369"}],"curies":[{"name":"wp","href":"https:\/\/api.w.org\/{rel}","templated":true}]}}