{"id":12398,"date":"2024-03-27T19:51:29","date_gmt":"2024-03-27T19:51:29","guid":{"rendered":"https:\/\/nishiki-cycle.com\/demo\/?post_type=product&#038;p=12398"},"modified":"2024-03-28T19:57:25","modified_gmt":"2024-03-28T19:57:25","slug":"patek-philippe-grand-complications-5178g-012","status":"publish","type":"product","link":"https:\/\/nishiki-cycle.com\/demo\/san-pham\/patek-philippe-grand-complications-5178g-012\/","title":{"rendered":"Patek Philippe Grand Complications 5178G-012"},"content":{"rendered":"<p><img fetchpriority=\"high\" decoding=\"async\" class=\"size-medium wp-image-12399 aligncenter\" src=\"https:\/\/nishiki-cycle.com\/demo\/wp-content\/uploads\/2024\/03\/1-41-300x300.jpg\" alt=\"\" width=\"300\" height=\"300\" srcset=\"https:\/\/nishiki-cycle.com\/demo\/wp-content\/uploads\/2024\/03\/1-41-300x300.jpg 300w, https:\/\/nishiki-cycle.com\/demo\/wp-content\/uploads\/2024\/03\/1-41-150x150.jpg 150w, https:\/\/nishiki-cycle.com\/demo\/wp-content\/uploads\/2024\/03\/1-41-768x768.jpg 768w, https:\/\/nishiki-cycle.com\/demo\/wp-content\/uploads\/2024\/03\/1-41-600x600.jpg 600w, https:\/\/nishiki-cycle.com\/demo\/wp-content\/uploads\/2024\/03\/1-41-100x100.jpg 100w, https:\/\/nishiki-cycle.com\/demo\/wp-content\/uploads\/2024\/03\/1-41.jpg 900w\" sizes=\"(max-width: 300px) 100vw, 300px\" \/><\/p>\n<p dir=\"ltr\"><a href=\"https:\/\/nishiki-cycle.com\/demo\/danh-muc-san-pham\/patek-philippe\/\"><strong>Patek Philippe<\/strong><\/a> Grand Complications 5178G-012\u00a0g\u00e2y th\u01b0\u01a1ng nh\u1edb gi\u1edbi m\u1ed9 \u0111i\u1ec7u b\u1eb1ng m\u1ed9t m\u1eb7t s\u1ed1 tuy\u1ec7t \u0111\u1eb9p \u0111\u01b0\u1ee3c l\u00e0m th\u1ee7 c\u00f4ng. C\u1ee5 th\u1ec3, m\u1eb7t s\u1ed1 l\u00e0m b\u1eb1ng v\u00e0ng tr\u1eafng gi\u1ed1ng v\u1edbi b\u1ed9 v\u1ecf, \u0111\u01b0\u1ee3c trang tr\u00ed b\u1eb1ng h\u1ecda ti\u1ebft guilloch\u00e9 v\u00e0 \u0111\u01b0\u1ee3c k\u1ebft th\u00fac b\u1eb1ng m\u1ed9t l\u1edbp men Grand Feu m\u00e0u xanh.<\/p>\n<p dir=\"ltr\">S\u1ef1 k\u1ebft h\u1ee3p n\u00e0y th\u1ef1c s\u1ef1 \u0111\u00e3 l\u00e0m b\u1eadt l\u00ean k\u1ebft c\u1ea5u u\u1ed1n l\u01b0\u1ee3n m\u1ed9t c\u00e1ch th\u00f4i mi\u00ean c\u1ee7a ho\u1ea1 ti\u1ebft b\u00ean d\u01b0\u1edbi. C\u1ea3 hai k\u1ef9 thu\u1eadt \u0111\u00e3 h\u00f2a quy\u1ec7n trong m\u1ed9t t\u00e1c ph\u1ea9m m\u1eb7t s\u1ed1 \u0111\u1ea7y t\u00ednh ngh\u1ec7 thu\u1eadt c\u1ee7a chi\u1ebfc Patek Philippe Grand Complications 5178G-012.<\/p>\n<p dir=\"ltr\">Nh\u00ecn m\u1eb7t s\u1ed1 th\u1eadt \u00edt chi ti\u1ebft, nh\u01b0ng v\u1ec1 b\u1ea3n ch\u1ea5t \u0111\u00e2y l\u1ea1i l\u00e0 m\u1ed9t chi\u1ebfc \u0111\u1ed3ng h\u1ed3 ph\u1ee9c t\u1ea1p. B\u00ean trong \u0111\u1ed3ng h\u1ed3, b\u1ed9 m\u00e1y R 27 PS c\u00f3 ch\u1ee9c n\u0103ng \u0111i\u1ec3m chu\u00f4ng, t\u1ea1o ra \u00e2m thanh to v\u00e0 r\u00f5 r\u00e0ng. Nh\u1edd v\u00e0o \u0111\u00e1y sapphire ph\u00eda sau, ng\u01b0\u1eddi ch\u01a1i c\u00f3 th\u1ec3 quan s\u00e1t s\u1ef1 v\u1eadn h\u00e0nh c\u1ee7a b\u1ed9 m\u00e1y t\u1ef1 \u0111\u1ed9ng c\u00f3 rotor m\u00e0u v\u00e0ng \u0111\u01b0\u1ee3c trang tr\u00ed b\u1eaft m\u1eaft. Patek Philippe trang b\u1ecb hai b\u1ed9 d\u00e2y \u0111eo \u0111\u1ec1u b\u1eb1ng da c\u00e1 s\u1ea5u: m\u1ed9t m\u00e0u xanh s\u00e1ng b\u00f3ng v\u00e0 m\u1ed9t m\u00e0u cam.<\/p>\n<p dir=\"ltr\">Li\u00ean h\u1ec7 <a href=\"https:\/\/www.facebook.com\/phoenixluxuryvn\"><strong>Phoenix Luxury<\/strong><\/a> \u0111\u1ec3 \u0111\u01b0\u1ee3c t\u01b0 v\u1ea5n chi ti\u1ebft m\u1eabu \u0111\u1ed3ng h\u1ed3 ph\u00f9 h\u1ee3p v\u1edbi phong c\u00e1ch c\u1ee7a b\u1ea1n!<\/p>\n","protected":false},"excerpt":{"rendered":"<p>M\u00e3: 5178G-012<\/p>\n<p>Xu\u1ea5t x\u1ee9: Th\u1ee5y S\u1ef9<\/p>\n<p>K\u00edch th\u01b0\u1edbc: 40 mm<\/p>\n<p>K\u00ednh: Sapphire<\/p>\n<p>M\u00e0u m\u1eb7t s\u1ed1: Tr\u00e1ng men<\/p>\n<p>B\u1ed9 m\u00e1y: Automatic &#8211; Calibre R\u00a027\u00a0PS<\/p>\n<p>Ch\u00e2n k\u00ednh: 39<\/p>\n<p>D\u1ef1 tr\u1eef n\u0103ng l\u01b0\u01a1ng: 48 gi\u1edd<\/p>\n<p>Ch\u1ee9c n\u0103ng: Gi\u1edd, ph\u00fat, small second<\/p>\n<p>Ch\u1ea5t li\u1ec7u v\u1ecf: V\u00e0ng tr\u1eafng<\/p>\n<p>D\u00e2y \u0111eo:\u00a0D\u00e2y \u0111eo da c\u00e1 s\u1ea5u<\/p>\n<p>Kh\u00e1ng n\u01b0\u1edbc: 30m (3ATM)<\/p>\n","protected":false},"featured_media":12399,"comment_status":"open","ping_status":"closed","template":"","meta":[],"product_cat":[334,195,322,338],"product_tag":[],"class_list":["post-12398","product","type-product","status-publish","has-post-thumbnail","hentry","product_cat-40mm-42mm","product_cat-mens-watches","product_cat-patek-philippe","product_cat-vang-trang-18k","product_brand-patek-philippe"],"yoast_head":"<!-- This site is optimized with the Yoast SEO plugin v21.6 - https:\/\/yoast.com\/wordpress\/plugins\/seo\/ -->\n<title>Patek Philippe Grand Complications 5178G-012 - Phoenix Luxury<\/title>\n<meta name=\"description\" content=\"Patek Philippe Grand Complications 5178G-012\u00a0g\u00e2y th\u01b0\u01a1ng nh\u1edb v\u1edbi gi\u1edbi m\u1ed9 \u0111i\u1ec7u b\u1eb1ng m\u1ed9t m\u1eb7t s\u1ed1 tuy\u1ec7t \u0111\u1eb9p \u0111\u01b0\u1ee3c l\u00e0m th\u1ee7 c\u00f4ng.\" \/>\n<meta name=\"robots\" content=\"index, follow, max-snippet:-1, max-image-preview:large, max-video-preview:-1\" \/>\n<link rel=\"canonical\" href=\"https:\/\/nishiki-cycle.com\/demo\/san-pham\/patek-philippe-grand-complications-5178g-012\/\" \/>\n<meta property=\"og:locale\" content=\"vi_VN\" \/>\n<meta property=\"og:type\" content=\"article\" \/>\n<meta property=\"og:title\" content=\"Patek Philippe Grand Complications 5178G-012 - Phoenix Luxury\" \/>\n<meta property=\"og:description\" content=\"Patek Philippe Grand Complications 5178G-012\u00a0g\u00e2y th\u01b0\u01a1ng nh\u1edb v\u1edbi gi\u1edbi m\u1ed9 \u0111i\u1ec7u b\u1eb1ng m\u1ed9t m\u1eb7t s\u1ed1 tuy\u1ec7t \u0111\u1eb9p \u0111\u01b0\u1ee3c l\u00e0m th\u1ee7 c\u00f4ng.\" \/>\n<meta property=\"og:url\" content=\"https:\/\/nishiki-cycle.com\/demo\/san-pham\/patek-philippe-grand-complications-5178g-012\/\" \/>\n<meta property=\"og:site_name\" content=\"Phoenix Luxury\" \/>\n<meta property=\"article:modified_time\" content=\"2024-03-28T19:57:25+00:00\" \/>\n<meta property=\"og:image\" content=\"https:\/\/nishiki-cycle.com\/demo\/wp-content\/uploads\/2024\/03\/1-41.jpg\" \/>\n\t<meta property=\"og:image:width\" content=\"900\" \/>\n\t<meta property=\"og:image:height\" content=\"900\" \/>\n\t<meta property=\"og:image:type\" content=\"image\/jpeg\" \/>\n<meta name=\"twitter:card\" content=\"summary_large_image\" \/>\n<meta name=\"twitter:label1\" content=\"\u01af\u1edbc t\u00ednh th\u1eddi gian \u0111\u1ecdc\" \/>\n\t<meta name=\"twitter:data1\" content=\"2 ph\u00fat\" \/>\n<script type=\"application\/ld+json\" class=\"yoast-schema-graph\">{\"@context\":\"https:\/\/schema.org\",\"@graph\":[{\"@type\":\"WebPage\",\"@id\":\"https:\/\/nishiki-cycle.com\/demo\/san-pham\/patek-philippe-grand-complications-5178g-012\/\",\"url\":\"https:\/\/nishiki-cycle.com\/demo\/san-pham\/patek-philippe-grand-complications-5178g-012\/\",\"name\":\"Patek Philippe Grand Complications 5178G-012 - Phoenix Luxury\",\"isPartOf\":{\"@id\":\"https:\/\/nishiki-cycle.com\/demo\/#website\"},\"datePublished\":\"2024-03-27T19:51:29+00:00\",\"dateModified\":\"2024-03-28T19:57:25+00:00\",\"description\":\"Patek Philippe Grand Complications 5178G-012\u00a0g\u00e2y th\u01b0\u01a1ng nh\u1edb v\u1edbi gi\u1edbi m\u1ed9 \u0111i\u1ec7u b\u1eb1ng m\u1ed9t m\u1eb7t s\u1ed1 tuy\u1ec7t \u0111\u1eb9p \u0111\u01b0\u1ee3c l\u00e0m th\u1ee7 c\u00f4ng.\",\"breadcrumb\":{\"@id\":\"https:\/\/nishiki-cycle.com\/demo\/san-pham\/patek-philippe-grand-complications-5178g-012\/#breadcrumb\"},\"inLanguage\":\"vi\",\"potentialAction\":[{\"@type\":\"ReadAction\",\"target\":[\"https:\/\/nishiki-cycle.com\/demo\/san-pham\/patek-philippe-grand-complications-5178g-012\/\"]}]},{\"@type\":\"BreadcrumbList\",\"@id\":\"https:\/\/nishiki-cycle.com\/demo\/san-pham\/patek-philippe-grand-complications-5178g-012\/#breadcrumb\",\"itemListElement\":[{\"@type\":\"ListItem\",\"position\":1,\"name\":\"Trang ch\u1ee7\",\"item\":\"https:\/\/nishiki-cycle.com\/demo\/\"},{\"@type\":\"ListItem\",\"position\":2,\"name\":\"C\u1eeda h\u00e0ng\",\"item\":\"https:\/\/nishiki-cycle.com\/demo\/cua-hang\/\"},{\"@type\":\"ListItem\",\"position\":3,\"name\":\"Patek Philippe Grand Complications 5178G-012\"}]},{\"@type\":\"WebSite\",\"@id\":\"https:\/\/nishiki-cycle.com\/demo\/#website\",\"url\":\"https:\/\/nishiki-cycle.com\/demo\/\",\"name\":\"Phoenix Luxury\",\"description\":\"\",\"potentialAction\":[{\"@type\":\"SearchAction\",\"target\":{\"@type\":\"EntryPoint\",\"urlTemplate\":\"https:\/\/nishiki-cycle.com\/demo\/?s={search_term_string}\"},\"query-input\":\"required name=search_term_string\"}],\"inLanguage\":\"vi\"}]}<\/script>\n<!-- \/ Yoast SEO plugin. -->","yoast_head_json":{"title":"Patek Philippe Grand Complications 5178G-012 - Phoenix Luxury","description":"Patek Philippe Grand Complications 5178G-012\u00a0g\u00e2y th\u01b0\u01a1ng nh\u1edb v\u1edbi gi\u1edbi m\u1ed9 \u0111i\u1ec7u b\u1eb1ng m\u1ed9t m\u1eb7t s\u1ed1 tuy\u1ec7t \u0111\u1eb9p \u0111\u01b0\u1ee3c l\u00e0m th\u1ee7 c\u00f4ng.","robots":{"index":"index","follow":"follow","max-snippet":"max-snippet:-1","max-image-preview":"max-image-preview:large","max-video-preview":"max-video-preview:-1"},"canonical":"https:\/\/nishiki-cycle.com\/demo\/san-pham\/patek-philippe-grand-complications-5178g-012\/","og_locale":"vi_VN","og_type":"article","og_title":"Patek Philippe Grand Complications 5178G-012 - Phoenix Luxury","og_description":"Patek Philippe Grand Complications 5178G-012\u00a0g\u00e2y th\u01b0\u01a1ng nh\u1edb v\u1edbi gi\u1edbi m\u1ed9 \u0111i\u1ec7u b\u1eb1ng m\u1ed9t m\u1eb7t s\u1ed1 tuy\u1ec7t \u0111\u1eb9p \u0111\u01b0\u1ee3c l\u00e0m th\u1ee7 c\u00f4ng.","og_url":"https:\/\/nishiki-cycle.com\/demo\/san-pham\/patek-philippe-grand-complications-5178g-012\/","og_site_name":"Phoenix Luxury","article_modified_time":"2024-03-28T19:57:25+00:00","og_image":[{"width":900,"height":900,"url":"https:\/\/nishiki-cycle.com\/demo\/wp-content\/uploads\/2024\/03\/1-41.jpg","type":"image\/jpeg"}],"twitter_card":"summary_large_image","twitter_misc":{"\u01af\u1edbc t\u00ednh th\u1eddi gian \u0111\u1ecdc":"2 ph\u00fat"},"schema":{"@context":"https:\/\/schema.org","@graph":[{"@type":"WebPage","@id":"https:\/\/nishiki-cycle.com\/demo\/san-pham\/patek-philippe-grand-complications-5178g-012\/","url":"https:\/\/nishiki-cycle.com\/demo\/san-pham\/patek-philippe-grand-complications-5178g-012\/","name":"Patek Philippe Grand Complications 5178G-012 - Phoenix Luxury","isPartOf":{"@id":"https:\/\/nishiki-cycle.com\/demo\/#website"},"datePublished":"2024-03-27T19:51:29+00:00","dateModified":"2024-03-28T19:57:25+00:00","description":"Patek Philippe Grand Complications 5178G-012\u00a0g\u00e2y th\u01b0\u01a1ng nh\u1edb v\u1edbi gi\u1edbi m\u1ed9 \u0111i\u1ec7u b\u1eb1ng m\u1ed9t m\u1eb7t s\u1ed1 tuy\u1ec7t \u0111\u1eb9p \u0111\u01b0\u1ee3c l\u00e0m th\u1ee7 c\u00f4ng.","breadcrumb":{"@id":"https:\/\/nishiki-cycle.com\/demo\/san-pham\/patek-philippe-grand-complications-5178g-012\/#breadcrumb"},"inLanguage":"vi","potentialAction":[{"@type":"ReadAction","target":["https:\/\/nishiki-cycle.com\/demo\/san-pham\/patek-philippe-grand-complications-5178g-012\/"]}]},{"@type":"BreadcrumbList","@id":"https:\/\/nishiki-cycle.com\/demo\/san-pham\/patek-philippe-grand-complications-5178g-012\/#breadcrumb","itemListElement":[{"@type":"ListItem","position":1,"name":"Trang ch\u1ee7","item":"https:\/\/nishiki-cycle.com\/demo\/"},{"@type":"ListItem","position":2,"name":"C\u1eeda h\u00e0ng","item":"https:\/\/nishiki-cycle.com\/demo\/cua-hang\/"},{"@type":"ListItem","position":3,"name":"Patek Philippe Grand Complications 5178G-012"}]},{"@type":"WebSite","@id":"https:\/\/nishiki-cycle.com\/demo\/#website","url":"https:\/\/nishiki-cycle.com\/demo\/","name":"Phoenix Luxury","description":"","potentialAction":[{"@type":"SearchAction","target":{"@type":"EntryPoint","urlTemplate":"https:\/\/nishiki-cycle.com\/demo\/?s={search_term_string}"},"query-input":"required name=search_term_string"}],"inLanguage":"vi"}]}},"_links":{"self":[{"href":"https:\/\/nishiki-cycle.com\/demo\/wp-json\/wp\/v2\/product\/12398","targetHints":{"allow":["GET"]}}],"collection":[{"href":"https:\/\/nishiki-cycle.com\/demo\/wp-json\/wp\/v2\/product"}],"about":[{"href":"https:\/\/nishiki-cycle.com\/demo\/wp-json\/wp\/v2\/types\/product"}],"replies":[{"embeddable":true,"href":"https:\/\/nishiki-cycle.com\/demo\/wp-json\/wp\/v2\/comments?post=12398"}],"wp:featuredmedia":[{"embeddable":true,"href":"https:\/\/nishiki-cycle.com\/demo\/wp-json\/wp\/v2\/media\/12399"}],"wp:attachment":[{"href":"https:\/\/nishiki-cycle.com\/demo\/wp-json\/wp\/v2\/media?parent=12398"}],"wp:term":[{"taxonomy":"product_cat","embeddable":true,"href":"https:\/\/nishiki-cycle.com\/demo\/wp-json\/wp\/v2\/product_cat?post=12398"},{"taxonomy":"product_tag","embeddable":true,"href":"https:\/\/nishiki-cycle.com\/demo\/wp-json\/wp\/v2\/product_tag?post=12398"}],"curies":[{"name":"wp","href":"https:\/\/api.w.org\/{rel}","templated":true}]}}