{"id":12404,"date":"2024-03-28T20:01:43","date_gmt":"2024-03-28T20:01:43","guid":{"rendered":"https:\/\/nishiki-cycle.com\/demo\/?post_type=product&#038;p=12404"},"modified":"2024-03-28T20:01:44","modified_gmt":"2024-03-28T20:01:44","slug":"patek-philippe-complications-5924g-001","status":"publish","type":"product","link":"https:\/\/nishiki-cycle.com\/demo\/san-pham\/patek-philippe-complications-5924g-001\/","title":{"rendered":"Patek Philippe Complications 5924G-001"},"content":{"rendered":"<p><img fetchpriority=\"high\" decoding=\"async\" class=\"size-medium wp-image-12405 aligncenter\" src=\"https:\/\/nishiki-cycle.com\/demo\/wp-content\/uploads\/2024\/03\/1-42-300x300.jpg\" alt=\"\" width=\"300\" height=\"300\" srcset=\"https:\/\/nishiki-cycle.com\/demo\/wp-content\/uploads\/2024\/03\/1-42-300x300.jpg 300w, https:\/\/nishiki-cycle.com\/demo\/wp-content\/uploads\/2024\/03\/1-42-150x150.jpg 150w, https:\/\/nishiki-cycle.com\/demo\/wp-content\/uploads\/2024\/03\/1-42-768x768.jpg 768w, https:\/\/nishiki-cycle.com\/demo\/wp-content\/uploads\/2024\/03\/1-42-600x600.jpg 600w, https:\/\/nishiki-cycle.com\/demo\/wp-content\/uploads\/2024\/03\/1-42-100x100.jpg 100w, https:\/\/nishiki-cycle.com\/demo\/wp-content\/uploads\/2024\/03\/1-42.jpg 900w\" sizes=\"(max-width: 300px) 100vw, 300px\" \/><\/p>\n<p dir=\"ltr\"><a href=\"https:\/\/nishiki-cycle.com\/demo\/danh-muc-san-pham\/patek-philippe\/\"><strong>Patek Philippe<\/strong><\/a> 5924G-001 l\u00e0 m\u1ed9t trong s\u1ed1 \u0111\u00f3, c\u00f3 th\u1ea9m m\u1ef9 theo phong c\u00e1ch c\u1ee7a d\u00f2ng \u0111\u1ed3ng h\u1ed3 Pilot &#8211; phi c\u00f4ng c\u1ee7a th\u01b0\u01a1ng hi\u1ec7u, k\u1ebft h\u1ee3p c\u00f9ng ch\u1ee9c n\u0103ng ph\u1ee9c t\u1ea1p m\u1ed9t c\u00e1ch \u1ea5n t\u01b0\u1ee3ng: flyback \u1ea5n t\u01b0\u1ee3ng v\u00e0 m\u00fai gi\u1edd k\u00e9p \u0111\u00e3 \u0111\u01b0\u1ee3c \u0111\u1ed3ng b\u1ed9.<\/p>\n<p dir=\"ltr\">Phi\u00ean b\u1ea3n \u0111\u1ed3ng h\u1ed3 hi\u1ec7n t\u1ea1i s\u1edf h\u1eefu m\u1eb7t s\u1ed1 m\u00e0u xanh than \u0111\u01b0\u1ee3c ho\u00e0n thi\u1ec7n b\u1edfi nh\u1eefng \u0111\u01b0\u1eddng ch\u1ea3i tia r\u00f5 r\u00e0ng, hi\u1ec7n \u0111\u1ea1i. B\u1ed9 v\u1ecf b\u1eb1ng v\u00e0ng tr\u1eafng c\u1ee7a \u0111\u1ed3ng h\u1ed3 Patek Philippe Complications 5924G-001 c\u00f3 k\u00edch th\u01b0\u1edbc 42mm x 13,05mm v\u00e0 \u0111i k\u00e8m d\u00e2y \u0111eo da b\u00ea c\u00f3 v\u00e2n s\u1ea7n l\u00ean. Nh\u1eefng \u0111\u01b0\u1eddng ch\u1ec9 tr\u1eafng kh\u00e2u tay d\u1ecdc th\u00e2n d\u00e2y \u0111eo t\u0103ng c\u01b0\u1eddng th\u00eam t\u00ednh th\u1ec3 thao cho t\u1ed5ng th\u1ec3 thi\u1ebft k\u1ebf.<\/p>\n<p dir=\"ltr\">Patek Philippe Complications 5924G-001 c\u00f3 c\u00e1c c\u1ecdc s\u1ed1 \u1ea2 R\u1eadp c\u1ee1 l\u1edbn tr\u00ean m\u1eb7t s\u1ed1. \u1ede m\u1ed7i c\u1ecdc s\u1ed1 v\u00e0 hai kim gi\u1edd v\u00e0 ph\u00fat ch\u1ec9 th\u1eddi gian \u0111\u1ecba ph\u01b0\u01a1ng \u0111\u1ec1u \u0111\u01b0\u1ee3c ph\u1ee7 ch\u1ea5t ph\u00e1t quang \u0111\u1ec3 \u0111\u1ed3ng h\u1ed3 c\u00f3 th\u1ec3 cho bi\u1ebft th\u1eddi gian n\u1ebfu l\u1ee1 \u201cphi c\u00f4ng&#8221; bu\u1ed9c ph\u1ea3i \u0111i v\u00e0o m\u00f4i tr\u01b0\u1eddng thi\u1ebfu s\u00e1ng. Ri\u00eang kim gi\u1edd cho th\u1eddi gian ph\u1ee5 \u0111\u01b0\u1ee3c thi\u1ebft k\u1ebf r\u1ed7ng d\u1ec5 ph\u00e2n bi\u1ec7t.<\/p>\n<p dir=\"ltr\">B\u1ed9 \u0111\u1ebfm chronograph \u0111\u01b0\u1ee3c \u0111\u1eb7t n\u1eeda d\u01b0\u1edbi c\u1ee7a m\u1eb7t s\u1ed1, n\u1eb1m \u0111\u1ed1i tr\u1ecdng v\u1edbi v\u00f2ng tr\u00f2n 31 ng\u00e0y b\u00ean tr\u00ean. D\u1eabu v\u1eady, c\u00e1c ch\u1ee9c n\u0103ng \u0111\u1ec1u kh\u00f4ng g\u00e2y \u1ea3nh h\u01b0\u1edfng t\u1edbi nhau, \u0111\u1ec1u ho\u00e0n thi\u1ec7n nhi\u1ec7m v\u1ee5 c\u1ee7a m\u00ecnh<\/p>\n<p dir=\"ltr\">Cung c\u1ea5p n\u0103ng l\u01b0\u1ee3ng cho \u0111\u1ed3ng h\u1ed3 l\u00e0 CH 28-520 C FUS t\u1ef1 \u0111\u1ed9ng, b\u1ed9 m\u00e1y n\u00e0y c\u0169ng \u0111ang \u0111\u01b0\u1ee3c trang b\u1ecb b\u00ean trong chi\u1ebfc \u0111\u1ed3ng h\u1ed3 Nautilus ref. 5990 v\u1ed1n r\u1ea5t \u0111\u01b0\u1ee3c y\u00eau th\u00edch tr\u00ean th\u1ecb tr\u01b0\u1eddng ng\u00e0y nay. B\u1ed9 m\u00e1y ph\u1ee9c t\u1ea1p n\u00e0y th\u1ec3 hi\u1ec7n t\u00ednh \u1ed5n \u0111\u1ecbnh \u0111\u00e1ng k\u1ec3 c\u00f9ng ch\u1ea5t l\u01b0\u1ee3ng ho\u00e0n thi\u1ec7n \u1ea5n t\u01b0\u1ee3ng gi\u1ed1ng v\u1edbi nhi\u1ec1u m\u1ecdi m\u1eabu \u0111\u1ed3ng h\u1ed3 do Patek Philippe s\u1ea3n xu\u1ea5t.<\/p>\n","protected":false},"excerpt":{"rendered":"<p>M\u00e3: 5924G-001<\/p>\n<p>Xu\u1ea5t x\u1ee9: Th\u1ee5y S\u1ef9<\/p>\n<p>K\u00edch th\u01b0\u1edbc:\u00a042mm<\/p>\n<p>\u0110\u1ed9 d\u00e0y: 9,85 mm<\/p>\n<p>K\u00ednh: Sapphire<\/p>\n<p>B\u1ed9 m\u00e1y: Automatic &#8211;\u00a0Caliber\u00a0CH\u00a028\u2011520\u00a0C\u00a0FUS<\/p>\n<p>D\u1ef1 tr\u1eef n\u0103ng l\u01b0\u1ee3ng:\u00a0 45-55 gi\u1edd<\/p>\n<p>Ch\u1ee9c n\u0103ng: Gi\u1edd, Ph\u00fat,\u00a0gi\u00e2y, Ng\u00e0y, chronograph, m\u00fai gi\u1edd k\u00e9p<\/p>\n<p>Ch\u1ea5t li\u1ec7u: V\u00e0ng tr\u1eafng18k<\/p>\n<p>D\u00e2y \u0111eo:\u00a0<strong>\u00a0<\/strong>D\u00e2y da c\u00e1 s\u1ea5u m\u00e0u xanh<\/p>\n<p>Kh\u00e1ng n\u01b0\u1edbc: 30m (3ATM)<\/p>\n","protected":false},"featured_media":12405,"comment_status":"open","ping_status":"closed","template":"","meta":[],"product_cat":[334,195,322,338],"product_tag":[],"class_list":["post-12404","product","type-product","status-publish","has-post-thumbnail","hentry","product_cat-40mm-42mm","product_cat-mens-watches","product_cat-patek-philippe","product_cat-vang-trang-18k","product_brand-patek-philippe"],"yoast_head":"<!-- This site is optimized with the Yoast SEO plugin v21.6 - https:\/\/yoast.com\/wordpress\/plugins\/seo\/ -->\n<title>Patek Philippe Complications 5924G-001 - Phoenix Luxury<\/title>\n<meta name=\"description\" content=\"B\u1ed9 v\u1ecf b\u1eb1ng v\u00e0ng tr\u1eafng c\u1ee7a \u0111\u1ed3ng h\u1ed3 Patek Philippe Complications 5924G-001 c\u00f3 k\u00edch th\u01b0\u1edbc 42mm x 13,05mm v\u00e0 \u0111i k\u00e8m d\u00e2y \u0111eo da b\u00ea c\u00f3 v\u00e2n s\u1ea7n l\u00ean.\" \/>\n<meta name=\"robots\" content=\"index, follow, max-snippet:-1, max-image-preview:large, max-video-preview:-1\" \/>\n<link rel=\"canonical\" href=\"https:\/\/nishiki-cycle.com\/demo\/san-pham\/patek-philippe-complications-5924g-001\/\" \/>\n<meta property=\"og:locale\" content=\"vi_VN\" \/>\n<meta property=\"og:type\" content=\"article\" \/>\n<meta property=\"og:title\" content=\"Patek Philippe Complications 5924G-001 - Phoenix Luxury\" \/>\n<meta property=\"og:description\" content=\"B\u1ed9 v\u1ecf b\u1eb1ng v\u00e0ng tr\u1eafng c\u1ee7a \u0111\u1ed3ng h\u1ed3 Patek Philippe Complications 5924G-001 c\u00f3 k\u00edch th\u01b0\u1edbc 42mm x 13,05mm v\u00e0 \u0111i k\u00e8m d\u00e2y \u0111eo da b\u00ea c\u00f3 v\u00e2n s\u1ea7n l\u00ean.\" \/>\n<meta property=\"og:url\" content=\"https:\/\/nishiki-cycle.com\/demo\/san-pham\/patek-philippe-complications-5924g-001\/\" \/>\n<meta property=\"og:site_name\" content=\"Phoenix Luxury\" \/>\n<meta property=\"article:modified_time\" content=\"2024-03-28T20:01:44+00:00\" \/>\n<meta property=\"og:image\" content=\"https:\/\/nishiki-cycle.com\/demo\/wp-content\/uploads\/2024\/03\/1-42.jpg\" \/>\n\t<meta property=\"og:image:width\" content=\"900\" \/>\n\t<meta property=\"og:image:height\" content=\"900\" \/>\n\t<meta property=\"og:image:type\" content=\"image\/jpeg\" \/>\n<meta name=\"twitter:card\" content=\"summary_large_image\" \/>\n<meta name=\"twitter:label1\" content=\"\u01af\u1edbc t\u00ednh th\u1eddi gian \u0111\u1ecdc\" \/>\n\t<meta name=\"twitter:data1\" content=\"2 ph\u00fat\" \/>\n<script type=\"application\/ld+json\" class=\"yoast-schema-graph\">{\"@context\":\"https:\/\/schema.org\",\"@graph\":[{\"@type\":\"WebPage\",\"@id\":\"https:\/\/nishiki-cycle.com\/demo\/san-pham\/patek-philippe-complications-5924g-001\/\",\"url\":\"https:\/\/nishiki-cycle.com\/demo\/san-pham\/patek-philippe-complications-5924g-001\/\",\"name\":\"Patek Philippe Complications 5924G-001 - Phoenix Luxury\",\"isPartOf\":{\"@id\":\"https:\/\/nishiki-cycle.com\/demo\/#website\"},\"datePublished\":\"2024-03-28T20:01:43+00:00\",\"dateModified\":\"2024-03-28T20:01:44+00:00\",\"description\":\"B\u1ed9 v\u1ecf b\u1eb1ng v\u00e0ng tr\u1eafng c\u1ee7a \u0111\u1ed3ng h\u1ed3 Patek Philippe Complications 5924G-001 c\u00f3 k\u00edch th\u01b0\u1edbc 42mm x 13,05mm v\u00e0 \u0111i k\u00e8m d\u00e2y \u0111eo da b\u00ea c\u00f3 v\u00e2n s\u1ea7n l\u00ean.\",\"breadcrumb\":{\"@id\":\"https:\/\/nishiki-cycle.com\/demo\/san-pham\/patek-philippe-complications-5924g-001\/#breadcrumb\"},\"inLanguage\":\"vi\",\"potentialAction\":[{\"@type\":\"ReadAction\",\"target\":[\"https:\/\/nishiki-cycle.com\/demo\/san-pham\/patek-philippe-complications-5924g-001\/\"]}]},{\"@type\":\"BreadcrumbList\",\"@id\":\"https:\/\/nishiki-cycle.com\/demo\/san-pham\/patek-philippe-complications-5924g-001\/#breadcrumb\",\"itemListElement\":[{\"@type\":\"ListItem\",\"position\":1,\"name\":\"Trang ch\u1ee7\",\"item\":\"https:\/\/nishiki-cycle.com\/demo\/\"},{\"@type\":\"ListItem\",\"position\":2,\"name\":\"C\u1eeda h\u00e0ng\",\"item\":\"https:\/\/nishiki-cycle.com\/demo\/cua-hang\/\"},{\"@type\":\"ListItem\",\"position\":3,\"name\":\"Patek Philippe Complications 5924G-001\"}]},{\"@type\":\"WebSite\",\"@id\":\"https:\/\/nishiki-cycle.com\/demo\/#website\",\"url\":\"https:\/\/nishiki-cycle.com\/demo\/\",\"name\":\"Phoenix Luxury\",\"description\":\"\",\"potentialAction\":[{\"@type\":\"SearchAction\",\"target\":{\"@type\":\"EntryPoint\",\"urlTemplate\":\"https:\/\/nishiki-cycle.com\/demo\/?s={search_term_string}\"},\"query-input\":\"required name=search_term_string\"}],\"inLanguage\":\"vi\"}]}<\/script>\n<!-- \/ Yoast SEO plugin. -->","yoast_head_json":{"title":"Patek Philippe Complications 5924G-001 - Phoenix Luxury","description":"B\u1ed9 v\u1ecf b\u1eb1ng v\u00e0ng tr\u1eafng c\u1ee7a \u0111\u1ed3ng h\u1ed3 Patek Philippe Complications 5924G-001 c\u00f3 k\u00edch th\u01b0\u1edbc 42mm x 13,05mm v\u00e0 \u0111i k\u00e8m d\u00e2y \u0111eo da b\u00ea c\u00f3 v\u00e2n s\u1ea7n l\u00ean.","robots":{"index":"index","follow":"follow","max-snippet":"max-snippet:-1","max-image-preview":"max-image-preview:large","max-video-preview":"max-video-preview:-1"},"canonical":"https:\/\/nishiki-cycle.com\/demo\/san-pham\/patek-philippe-complications-5924g-001\/","og_locale":"vi_VN","og_type":"article","og_title":"Patek Philippe Complications 5924G-001 - Phoenix Luxury","og_description":"B\u1ed9 v\u1ecf b\u1eb1ng v\u00e0ng tr\u1eafng c\u1ee7a \u0111\u1ed3ng h\u1ed3 Patek Philippe Complications 5924G-001 c\u00f3 k\u00edch th\u01b0\u1edbc 42mm x 13,05mm v\u00e0 \u0111i k\u00e8m d\u00e2y \u0111eo da b\u00ea c\u00f3 v\u00e2n s\u1ea7n l\u00ean.","og_url":"https:\/\/nishiki-cycle.com\/demo\/san-pham\/patek-philippe-complications-5924g-001\/","og_site_name":"Phoenix Luxury","article_modified_time":"2024-03-28T20:01:44+00:00","og_image":[{"width":900,"height":900,"url":"https:\/\/nishiki-cycle.com\/demo\/wp-content\/uploads\/2024\/03\/1-42.jpg","type":"image\/jpeg"}],"twitter_card":"summary_large_image","twitter_misc":{"\u01af\u1edbc t\u00ednh th\u1eddi gian \u0111\u1ecdc":"2 ph\u00fat"},"schema":{"@context":"https:\/\/schema.org","@graph":[{"@type":"WebPage","@id":"https:\/\/nishiki-cycle.com\/demo\/san-pham\/patek-philippe-complications-5924g-001\/","url":"https:\/\/nishiki-cycle.com\/demo\/san-pham\/patek-philippe-complications-5924g-001\/","name":"Patek Philippe Complications 5924G-001 - Phoenix Luxury","isPartOf":{"@id":"https:\/\/nishiki-cycle.com\/demo\/#website"},"datePublished":"2024-03-28T20:01:43+00:00","dateModified":"2024-03-28T20:01:44+00:00","description":"B\u1ed9 v\u1ecf b\u1eb1ng v\u00e0ng tr\u1eafng c\u1ee7a \u0111\u1ed3ng h\u1ed3 Patek Philippe Complications 5924G-001 c\u00f3 k\u00edch th\u01b0\u1edbc 42mm x 13,05mm v\u00e0 \u0111i k\u00e8m d\u00e2y \u0111eo da b\u00ea c\u00f3 v\u00e2n s\u1ea7n l\u00ean.","breadcrumb":{"@id":"https:\/\/nishiki-cycle.com\/demo\/san-pham\/patek-philippe-complications-5924g-001\/#breadcrumb"},"inLanguage":"vi","potentialAction":[{"@type":"ReadAction","target":["https:\/\/nishiki-cycle.com\/demo\/san-pham\/patek-philippe-complications-5924g-001\/"]}]},{"@type":"BreadcrumbList","@id":"https:\/\/nishiki-cycle.com\/demo\/san-pham\/patek-philippe-complications-5924g-001\/#breadcrumb","itemListElement":[{"@type":"ListItem","position":1,"name":"Trang ch\u1ee7","item":"https:\/\/nishiki-cycle.com\/demo\/"},{"@type":"ListItem","position":2,"name":"C\u1eeda h\u00e0ng","item":"https:\/\/nishiki-cycle.com\/demo\/cua-hang\/"},{"@type":"ListItem","position":3,"name":"Patek Philippe Complications 5924G-001"}]},{"@type":"WebSite","@id":"https:\/\/nishiki-cycle.com\/demo\/#website","url":"https:\/\/nishiki-cycle.com\/demo\/","name":"Phoenix Luxury","description":"","potentialAction":[{"@type":"SearchAction","target":{"@type":"EntryPoint","urlTemplate":"https:\/\/nishiki-cycle.com\/demo\/?s={search_term_string}"},"query-input":"required name=search_term_string"}],"inLanguage":"vi"}]}},"_links":{"self":[{"href":"https:\/\/nishiki-cycle.com\/demo\/wp-json\/wp\/v2\/product\/12404","targetHints":{"allow":["GET"]}}],"collection":[{"href":"https:\/\/nishiki-cycle.com\/demo\/wp-json\/wp\/v2\/product"}],"about":[{"href":"https:\/\/nishiki-cycle.com\/demo\/wp-json\/wp\/v2\/types\/product"}],"replies":[{"embeddable":true,"href":"https:\/\/nishiki-cycle.com\/demo\/wp-json\/wp\/v2\/comments?post=12404"}],"wp:featuredmedia":[{"embeddable":true,"href":"https:\/\/nishiki-cycle.com\/demo\/wp-json\/wp\/v2\/media\/12405"}],"wp:attachment":[{"href":"https:\/\/nishiki-cycle.com\/demo\/wp-json\/wp\/v2\/media?parent=12404"}],"wp:term":[{"taxonomy":"product_cat","embeddable":true,"href":"https:\/\/nishiki-cycle.com\/demo\/wp-json\/wp\/v2\/product_cat?post=12404"},{"taxonomy":"product_tag","embeddable":true,"href":"https:\/\/nishiki-cycle.com\/demo\/wp-json\/wp\/v2\/product_tag?post=12404"}],"curies":[{"name":"wp","href":"https:\/\/api.w.org\/{rel}","templated":true}]}}