{"id":12605,"date":"2024-05-09T13:51:59","date_gmt":"2024-05-09T13:51:59","guid":{"rendered":"https:\/\/nishiki-cycle.com\/demo\/?post_type=product&#038;p=12605"},"modified":"2024-05-07T13:57:24","modified_gmt":"2024-05-07T13:57:24","slug":"richard-mille-rm-72-01-2","status":"publish","type":"product","link":"https:\/\/nishiki-cycle.com\/demo\/san-pham\/richard-mille-rm-72-01-2\/","title":{"rendered":"Richard Mille RM 72-01"},"content":{"rendered":"<p><img fetchpriority=\"high\" decoding=\"async\" class=\"size-medium wp-image-12606 aligncenter\" src=\"https:\/\/nishiki-cycle.com\/demo\/wp-content\/uploads\/2024\/05\/1-12-300x300.jpg\" alt=\"\" width=\"300\" height=\"300\" srcset=\"https:\/\/nishiki-cycle.com\/demo\/wp-content\/uploads\/2024\/05\/1-12-300x300.jpg 300w, https:\/\/nishiki-cycle.com\/demo\/wp-content\/uploads\/2024\/05\/1-12-150x150.jpg 150w, https:\/\/nishiki-cycle.com\/demo\/wp-content\/uploads\/2024\/05\/1-12-768x768.jpg 768w, https:\/\/nishiki-cycle.com\/demo\/wp-content\/uploads\/2024\/05\/1-12-600x600.jpg 600w, https:\/\/nishiki-cycle.com\/demo\/wp-content\/uploads\/2024\/05\/1-12-100x100.jpg 100w, https:\/\/nishiki-cycle.com\/demo\/wp-content\/uploads\/2024\/05\/1-12.jpg 900w\" sizes=\"(max-width: 300px) 100vw, 300px\" \/><\/p>\n<p>RM 72 m\u1edbi c\u00f3 v\u1ecf hai t\u00f4ng m\u00e0u quy\u1ebfn r\u0169 \u0111\u01b0\u1ee3c ch\u1ebf t\u00e1c t\u1eeb v\u1eadt li\u1ec7u Quartz TPT tinh t\u00fay c\u1ee7a <a href=\"https:\/\/nishiki-cycle.com\/demo\/danh-muc-san-pham\/richard-mille\/\"><strong>Richard Mille<\/strong><\/a>, k\u1ebft h\u1ee3p c\u00e1c t\u1ea5m s\u1ee3i carbon v\u1edbi kh\u1ea3m silica \u0111\u1ec3 t\u1ea1o hi\u1ec7u \u1ee9ng h\u00ecnh \u1ea3nh s\u1ed1ng \u0111\u1ed9ng v\u00e0 h\u1eefu c\u01a1. D\u00e2y \u0111eo c\u1ee7a \u0111\u1ed3ng h\u1ed3 RM 72 c\u00f3 m\u00e0u xanh l\u1ee5c n\u1ed5i b\u1eadt trong khi g\u1edd c\u00f3 m\u00e0u tr\u1eafng nguy\u00ean s\u01a1, t\u1ea1o n\u00ean s\u1ef1 t\u01b0\u01a1ng ph\u1ea3n m\u1ea1nh m\u1ebd. B\u1ea3ng m\u00e0u n\u00e0y k\u00e9o d\u00e0i \u0111\u1ebfn m\u1eb7t s\u1ed1, n\u01a1i c\u00f3 r\u1ea5t nhi\u1ec1u chi ti\u1ebft m\u00e0u tr\u1eafng, \u0111\u1eb7c bi\u1ec7t l\u00e0 tr\u00ean c\u00e1c thanh ghi \u0111\u1ed3ng h\u1ed3 b\u1ea5m gi\u1edd, g\u1ee3i l\u00ean h\u00ecnh \u1ea3nh v\u1ec1 nh\u1eefng chi\u1ebfc l\u1ed1p xe m\u00e0u tr\u1eafng tr\u00ean t\u01b0\u1eddng c\u1ee7a nh\u1eefng chi\u1ebfc \u00f4 t\u00f4 c\u1ed5 \u0111i\u1ec3n.<\/p>\n<p>Richard Mille RM 72-01, m\u1edbi ra m\u1eaft hai n\u0103m tr\u01b0\u1edbc, \u0111\u1ea1i di\u1ec7n cho m\u1ed9t chi\u1ebfc \u0111\u1ed3ng h\u1ed3 th\u1ec3 hi\u1ec7n c\u00e1c gi\u00e1 tr\u1ecb nhanh h\u01a1n, cao h\u01a1n v\u00e0 m\u1ea1nh m\u1ebd h\u01a1n khi so s\u00e1nh v\u1edbi ng\u01b0\u1eddi ti\u1ec1n nhi\u1ec7m RM 11-01. RM 72 t\u1ef1 ph\u00e2n bi\u1ec7t v\u1edbi RM 11 ban \u0111\u1ea7u b\u1eb1ng c\u00e1ch k\u1ebft h\u1ee3p m\u1ed9t b\u1ed9 chuy\u1ec3n \u0111\u1ed9ng n\u1ed9i b\u1ed9, m\u1ed9t \u0111i\u1ec3m kh\u00e1c bi\u1ec7t \u0111\u00e1ng ch\u00fa \u00fd so v\u1edbi b\u1ed9 chuy\u1ec3n \u0111\u1ed9ng b\u1ea5m gi\u1edd m\u00f4-\u0111un \u0111\u01b0\u1ee3c t\u00ecm th\u1ea5y trong phi\u00ean b\u1ea3n ti\u1ec1n nhi\u1ec7m c\u1ee7a n\u00f3. \u0110i\u1ec1u l\u00e0m n\u00ean s\u1ef1 kh\u00e1c bi\u1ec7t c\u1ee7a b\u1ed9 chuy\u1ec3n \u0111\u1ed9ng n\u1ed9i b\u1ed9 n\u00e0y l\u00e0 bao g\u1ed3m m\u1ed9t s\u1ed1 t\u00ednh n\u0103ng quan tr\u1ecdng, bao g\u1ed3m ch\u1ee9c n\u0103ng flyback, cho ph\u00e9p kh\u1edfi \u0111\u1ed9ng l\u1ea1i \u0111\u1ed3ng h\u1ed3 b\u1ea5m gi\u1edd ngay l\u1eadp t\u1ee9c m\u00e0 kh\u00f4ng c\u1ea7n ph\u1ea3i d\u1eebng v\u00e0 \u0111\u1eb7t l\u1ea1i tr\u01b0\u1edbc.<\/p>\n<p>Tuy nhi\u00ean, \u0111i\u1ec1u l\u00e0m n\u00ean s\u1ef1 kh\u00e1c bi\u1ec7t c\u1ee7a CRMC1 b\u00ean trong Richard Mille RM 72-01 l\u00e0 c\u01a1 ch\u1ebf kh\u1edbp n\u1ed1i \u0111\u1ed3ng h\u1ed3 b\u1ea5m gi\u1edd c\u1ea3i ti\u1ebfn c\u1ee7a n\u00f3, c\u1ee5 th\u1ec3 l\u00e0 s\u1ef1 k\u1ebft h\u1ee3p c\u1ee7a c\u00e1c b\u00e1nh r\u0103ng dao \u0111\u1ed9ng k\u00e9p. C\u00e1c b\u00e1nh r\u0103ng n\u00e0y truy\u1ec1n n\u0103ng l\u01b0\u1ee3ng m\u1ed9t c\u00e1ch hi\u1ec7u qu\u1ea3 t\u1eeb b\u1ed9 truy\u1ec1n b\u00e1nh r\u0103ng sang b\u1ed9 truy\u1ec1n \u0111\u1ed3ng h\u1ed3 b\u1ea5m gi\u1edd, ho\u1ea1t \u0111\u1ed9ng t\u01b0\u01a1ng t\u1ef1 nh\u01b0 b\u1ed9 ly h\u1ee3p n\u1eb1m ngang nh\u01b0ng \u1edf d\u1ea1ng nh\u1ecf g\u1ecdn h\u01a1ns\u1eed d\u1ee5ng b\u00e1nh r\u0103ng thay v\u00ec b\u00e1nh xe l\u1edbn h\u01a1n. V\u1edbi c\u00e1c b\u00e1nh r\u0103ng dao \u0111\u1ed9ng chuy\u00ean d\u1ee5ng cho b\u1ed9 \u0111\u1ebfm gi\u00e2y v\u00e0 ph\u00fat, ngu\u1ed3n cung c\u1ea5p n\u0103ng l\u01b0\u1ee3ng c\u00e2n b\u1eb1ng \u0111\u01b0\u1ee3c \u0111\u1ea3m b\u1ea3o cho c\u1ea3 hai ch\u1ee9c n\u0103ng th\u1eddi gian \u0111\u00e3 tr\u00f4i qua.<\/p>\n<p>\u0110i\u1ec1u quan tr\u1ecdng, Richard Mille nh\u1ea5n m\u1ea1nh r\u1eb1ng c\u1ea5u h\u00ecnh n\u00e0y duy tr\u00ec kh\u1ea3 n\u0103ng d\u1ef1 tr\u1eef n\u0103ng l\u01b0\u1ee3ng c\u1ee7a chuy\u1ec3n \u0111\u1ed9ng c\u01a1 b\u1ea3n, gi\u1eef cho n\u00f3 kh\u00f4ng b\u1ecb \u1ea3nh h\u01b0\u1edfng b\u1edfi ho\u1ea1t \u0111\u1ed9ng c\u1ee7a \u0111\u1ed3ng h\u1ed3 b\u1ea5m gi\u1edd. H\u01a1n n\u1eefa, RM 72 t\u1ef1 h\u00e0o c\u00f3 \u0111\u1ed9 m\u1ecfng \u1ea5n t\u01b0\u1ee3ng v\u1edbi \u0111\u1ed9 d\u00e0y ch\u1ec9 11,68 mm, khi\u1ebfn n\u00f3 th\u1eadm ch\u00ed c\u00f2n m\u1ecfng h\u01a1n c\u1ea3 chi\u1ebfc Daytona m\u1edbi nh\u1ea5t, m\u1eb7c d\u00f9 c\u1ea3 hai \u0111\u1ec1u l\u00e0 \u0111\u1ed3ng h\u1ed3 b\u1ea5m gi\u1edd t\u1ef1 \u0111\u1ed9ng.<\/p>\n","protected":false},"excerpt":{"rendered":"<p>M\u00e3: RM 72-01<\/p>\n<p>Xu\u1ea5t x\u1ee9: Th\u1ee5y S\u1ef9<\/p>\n<p>D\u00f2ng: Richard Mille<\/p>\n<p>K\u00edch th\u01b0\u1edbc:\u00a038,40 x 47,34 x 11,68 mm<\/p>\n<p>K\u00ednh: Sapphire<\/p>\n<p>B\u1ed9 m\u00e1y: Automatic &#8211;\u00a0CRMC-1<\/p>\n<p>D\u1ef1 tr\u1eef n\u0103ng l\u01b0\u1ee3ng: 50gi\u1edd\u00a0(\u00a0<span class=\"special-char\">\u00b1<\/span>\u00a010%)<\/p>\n<p>Ch\u1ee9c n\u0103ng:\u00a0Gi\u1edd, ph\u00fat, gi\u00e2y nh\u1ecf, ng\u00e0y, \u0111\u1ed3ng h\u1ed3 b\u1ea5m gi\u1edd flyback, ch\u1ec9 b\u00e1o ch\u1ee9c n\u0103ng<\/p>\n<p>Ch\u1ea5t li\u1ec7u v\u1ecf:\u00a0Quartz TPT<\/p>\n<p>D\u00e2y \u0111eo: D\u00e2y \u0111eo cao su<\/p>\n<p>Kh\u00e1ng n\u01b0\u1edbc: 50m (5ATM)<\/p>\n<p>Phi\u00ean b\u1ea3n gi\u1edbi h\u1ea1n 150 m\u1eabu<\/p>\n","protected":false},"featured_media":12606,"comment_status":"open","ping_status":"closed","template":"","meta":[],"product_cat":[195,321,335],"product_tag":[],"class_list":["post-12605","product","type-product","status-publish","has-post-thumbnail","hentry","product_cat-mens-watches","product_cat-richard-mille","product_cat-tren-42mm","product_brand-richard-mille"],"yoast_head":"<!-- This site is optimized with the Yoast SEO plugin v21.6 - https:\/\/yoast.com\/wordpress\/plugins\/seo\/ -->\n<title>Richard Mille RM 72-01 - Phoenix Luxury<\/title>\n<meta name=\"description\" content=\"Richard Mille RM 72-01, m\u1edbi ra m\u1eaft hai n\u0103m tr\u01b0\u1edbc, \u0111\u1ea1i di\u1ec7n cho m\u1ed9t chi\u1ebfc \u0111\u1ed3ng h\u1ed3 th\u1ec3 hi\u1ec7n c\u00e1c gi\u00e1 tr\u1ecb nhanh h\u01a1n, cao h\u01a1n v\u00e0 m\u1ea1nh m\u1ebd h\u01a1n.\" \/>\n<meta name=\"robots\" content=\"index, follow, max-snippet:-1, max-image-preview:large, max-video-preview:-1\" \/>\n<link rel=\"canonical\" href=\"https:\/\/nishiki-cycle.com\/demo\/san-pham\/richard-mille-rm-72-01-2\/\" \/>\n<meta property=\"og:locale\" content=\"vi_VN\" \/>\n<meta property=\"og:type\" content=\"article\" \/>\n<meta property=\"og:title\" content=\"Richard Mille RM 72-01 - Phoenix Luxury\" \/>\n<meta property=\"og:description\" content=\"Richard Mille RM 72-01, m\u1edbi ra m\u1eaft hai n\u0103m tr\u01b0\u1edbc, \u0111\u1ea1i di\u1ec7n cho m\u1ed9t chi\u1ebfc \u0111\u1ed3ng h\u1ed3 th\u1ec3 hi\u1ec7n c\u00e1c gi\u00e1 tr\u1ecb nhanh h\u01a1n, cao h\u01a1n v\u00e0 m\u1ea1nh m\u1ebd h\u01a1n.\" \/>\n<meta property=\"og:url\" content=\"https:\/\/nishiki-cycle.com\/demo\/san-pham\/richard-mille-rm-72-01-2\/\" \/>\n<meta property=\"og:site_name\" content=\"Phoenix Luxury\" \/>\n<meta property=\"article:modified_time\" content=\"2024-05-07T13:57:24+00:00\" \/>\n<meta property=\"og:image\" content=\"https:\/\/nishiki-cycle.com\/demo\/wp-content\/uploads\/2024\/05\/1-12.jpg\" \/>\n\t<meta property=\"og:image:width\" content=\"900\" \/>\n\t<meta property=\"og:image:height\" content=\"900\" \/>\n\t<meta property=\"og:image:type\" content=\"image\/jpeg\" \/>\n<meta name=\"twitter:card\" content=\"summary_large_image\" \/>\n<meta name=\"twitter:label1\" content=\"\u01af\u1edbc t\u00ednh th\u1eddi gian \u0111\u1ecdc\" \/>\n\t<meta name=\"twitter:data1\" content=\"3 ph\u00fat\" \/>\n<script type=\"application\/ld+json\" class=\"yoast-schema-graph\">{\"@context\":\"https:\/\/schema.org\",\"@graph\":[{\"@type\":\"WebPage\",\"@id\":\"https:\/\/nishiki-cycle.com\/demo\/san-pham\/richard-mille-rm-72-01-2\/\",\"url\":\"https:\/\/nishiki-cycle.com\/demo\/san-pham\/richard-mille-rm-72-01-2\/\",\"name\":\"Richard Mille RM 72-01 - Phoenix Luxury\",\"isPartOf\":{\"@id\":\"https:\/\/nishiki-cycle.com\/demo\/#website\"},\"datePublished\":\"2024-05-09T13:51:59+00:00\",\"dateModified\":\"2024-05-07T13:57:24+00:00\",\"description\":\"Richard Mille RM 72-01, m\u1edbi ra m\u1eaft hai n\u0103m tr\u01b0\u1edbc, \u0111\u1ea1i di\u1ec7n cho m\u1ed9t chi\u1ebfc \u0111\u1ed3ng h\u1ed3 th\u1ec3 hi\u1ec7n c\u00e1c gi\u00e1 tr\u1ecb nhanh h\u01a1n, cao h\u01a1n v\u00e0 m\u1ea1nh m\u1ebd h\u01a1n.\",\"breadcrumb\":{\"@id\":\"https:\/\/nishiki-cycle.com\/demo\/san-pham\/richard-mille-rm-72-01-2\/#breadcrumb\"},\"inLanguage\":\"vi\",\"potentialAction\":[{\"@type\":\"ReadAction\",\"target\":[\"https:\/\/nishiki-cycle.com\/demo\/san-pham\/richard-mille-rm-72-01-2\/\"]}]},{\"@type\":\"BreadcrumbList\",\"@id\":\"https:\/\/nishiki-cycle.com\/demo\/san-pham\/richard-mille-rm-72-01-2\/#breadcrumb\",\"itemListElement\":[{\"@type\":\"ListItem\",\"position\":1,\"name\":\"Trang ch\u1ee7\",\"item\":\"https:\/\/nishiki-cycle.com\/demo\/\"},{\"@type\":\"ListItem\",\"position\":2,\"name\":\"C\u1eeda h\u00e0ng\",\"item\":\"https:\/\/nishiki-cycle.com\/demo\/cua-hang\/\"},{\"@type\":\"ListItem\",\"position\":3,\"name\":\"Richard Mille RM 72-01\"}]},{\"@type\":\"WebSite\",\"@id\":\"https:\/\/nishiki-cycle.com\/demo\/#website\",\"url\":\"https:\/\/nishiki-cycle.com\/demo\/\",\"name\":\"Phoenix Luxury\",\"description\":\"\",\"potentialAction\":[{\"@type\":\"SearchAction\",\"target\":{\"@type\":\"EntryPoint\",\"urlTemplate\":\"https:\/\/nishiki-cycle.com\/demo\/?s={search_term_string}\"},\"query-input\":\"required name=search_term_string\"}],\"inLanguage\":\"vi\"}]}<\/script>\n<!-- \/ Yoast SEO plugin. -->","yoast_head_json":{"title":"Richard Mille RM 72-01 - Phoenix Luxury","description":"Richard Mille RM 72-01, m\u1edbi ra m\u1eaft hai n\u0103m tr\u01b0\u1edbc, \u0111\u1ea1i di\u1ec7n cho m\u1ed9t chi\u1ebfc \u0111\u1ed3ng h\u1ed3 th\u1ec3 hi\u1ec7n c\u00e1c gi\u00e1 tr\u1ecb nhanh h\u01a1n, cao h\u01a1n v\u00e0 m\u1ea1nh m\u1ebd h\u01a1n.","robots":{"index":"index","follow":"follow","max-snippet":"max-snippet:-1","max-image-preview":"max-image-preview:large","max-video-preview":"max-video-preview:-1"},"canonical":"https:\/\/nishiki-cycle.com\/demo\/san-pham\/richard-mille-rm-72-01-2\/","og_locale":"vi_VN","og_type":"article","og_title":"Richard Mille RM 72-01 - Phoenix Luxury","og_description":"Richard Mille RM 72-01, m\u1edbi ra m\u1eaft hai n\u0103m tr\u01b0\u1edbc, \u0111\u1ea1i di\u1ec7n cho m\u1ed9t chi\u1ebfc \u0111\u1ed3ng h\u1ed3 th\u1ec3 hi\u1ec7n c\u00e1c gi\u00e1 tr\u1ecb nhanh h\u01a1n, cao h\u01a1n v\u00e0 m\u1ea1nh m\u1ebd h\u01a1n.","og_url":"https:\/\/nishiki-cycle.com\/demo\/san-pham\/richard-mille-rm-72-01-2\/","og_site_name":"Phoenix Luxury","article_modified_time":"2024-05-07T13:57:24+00:00","og_image":[{"width":900,"height":900,"url":"https:\/\/nishiki-cycle.com\/demo\/wp-content\/uploads\/2024\/05\/1-12.jpg","type":"image\/jpeg"}],"twitter_card":"summary_large_image","twitter_misc":{"\u01af\u1edbc t\u00ednh th\u1eddi gian \u0111\u1ecdc":"3 ph\u00fat"},"schema":{"@context":"https:\/\/schema.org","@graph":[{"@type":"WebPage","@id":"https:\/\/nishiki-cycle.com\/demo\/san-pham\/richard-mille-rm-72-01-2\/","url":"https:\/\/nishiki-cycle.com\/demo\/san-pham\/richard-mille-rm-72-01-2\/","name":"Richard Mille RM 72-01 - Phoenix Luxury","isPartOf":{"@id":"https:\/\/nishiki-cycle.com\/demo\/#website"},"datePublished":"2024-05-09T13:51:59+00:00","dateModified":"2024-05-07T13:57:24+00:00","description":"Richard Mille RM 72-01, m\u1edbi ra m\u1eaft hai n\u0103m tr\u01b0\u1edbc, \u0111\u1ea1i di\u1ec7n cho m\u1ed9t chi\u1ebfc \u0111\u1ed3ng h\u1ed3 th\u1ec3 hi\u1ec7n c\u00e1c gi\u00e1 tr\u1ecb nhanh h\u01a1n, cao h\u01a1n v\u00e0 m\u1ea1nh m\u1ebd h\u01a1n.","breadcrumb":{"@id":"https:\/\/nishiki-cycle.com\/demo\/san-pham\/richard-mille-rm-72-01-2\/#breadcrumb"},"inLanguage":"vi","potentialAction":[{"@type":"ReadAction","target":["https:\/\/nishiki-cycle.com\/demo\/san-pham\/richard-mille-rm-72-01-2\/"]}]},{"@type":"BreadcrumbList","@id":"https:\/\/nishiki-cycle.com\/demo\/san-pham\/richard-mille-rm-72-01-2\/#breadcrumb","itemListElement":[{"@type":"ListItem","position":1,"name":"Trang ch\u1ee7","item":"https:\/\/nishiki-cycle.com\/demo\/"},{"@type":"ListItem","position":2,"name":"C\u1eeda h\u00e0ng","item":"https:\/\/nishiki-cycle.com\/demo\/cua-hang\/"},{"@type":"ListItem","position":3,"name":"Richard Mille RM 72-01"}]},{"@type":"WebSite","@id":"https:\/\/nishiki-cycle.com\/demo\/#website","url":"https:\/\/nishiki-cycle.com\/demo\/","name":"Phoenix Luxury","description":"","potentialAction":[{"@type":"SearchAction","target":{"@type":"EntryPoint","urlTemplate":"https:\/\/nishiki-cycle.com\/demo\/?s={search_term_string}"},"query-input":"required name=search_term_string"}],"inLanguage":"vi"}]}},"_links":{"self":[{"href":"https:\/\/nishiki-cycle.com\/demo\/wp-json\/wp\/v2\/product\/12605","targetHints":{"allow":["GET"]}}],"collection":[{"href":"https:\/\/nishiki-cycle.com\/demo\/wp-json\/wp\/v2\/product"}],"about":[{"href":"https:\/\/nishiki-cycle.com\/demo\/wp-json\/wp\/v2\/types\/product"}],"replies":[{"embeddable":true,"href":"https:\/\/nishiki-cycle.com\/demo\/wp-json\/wp\/v2\/comments?post=12605"}],"wp:featuredmedia":[{"embeddable":true,"href":"https:\/\/nishiki-cycle.com\/demo\/wp-json\/wp\/v2\/media\/12606"}],"wp:attachment":[{"href":"https:\/\/nishiki-cycle.com\/demo\/wp-json\/wp\/v2\/media?parent=12605"}],"wp:term":[{"taxonomy":"product_cat","embeddable":true,"href":"https:\/\/nishiki-cycle.com\/demo\/wp-json\/wp\/v2\/product_cat?post=12605"},{"taxonomy":"product_tag","embeddable":true,"href":"https:\/\/nishiki-cycle.com\/demo\/wp-json\/wp\/v2\/product_tag?post=12605"}],"curies":[{"name":"wp","href":"https:\/\/api.w.org\/{rel}","templated":true}]}}