{"id":12979,"date":"2024-08-23T21:50:37","date_gmt":"2024-08-23T21:50:37","guid":{"rendered":"https:\/\/nishiki-cycle.com\/demo\/?post_type=product&#038;p=12979"},"modified":"2024-08-31T21:55:32","modified_gmt":"2024-08-31T21:55:32","slug":"hublot-classic-fusion-choronograph-orlinski-titanium-2","status":"publish","type":"product","link":"https:\/\/nishiki-cycle.com\/demo\/san-pham\/hublot-classic-fusion-choronograph-orlinski-titanium-2\/","title":{"rendered":"Hublot Classic Fusion Choronograph Orlinski Titanium"},"content":{"rendered":"<p><a href=\"https:\/\/nishiki-cycle.com\/demo\/danh-muc-san-pham\/hublot\/\"><strong>Hublot<\/strong><\/a> Classic Fusion Choronograph Orlinski Titanium 41mm l\u1ea1i to\u00e1t ra \u00e1nh s\u00e1ng tinh t\u1ebf h\u01a1n, v\u1edbi \u0111i\u1ec3m nh\u1ea5n l\u00e0 nh\u1eefng \u0111\u01b0\u1eddng n\u00e9t tinh khi\u1ebft, \u00e1nh s\u00e1ng v\u00e0 s\u1eafc th\u00e1i c\u1ee7a v\u1eadt li\u1ec7u, h\u00ecnh d\u1ea1ng g\u00f3c c\u1ea1nh \u0111\u1eb7c tr\u01b0ng c\u1ee7a t\u00e1c ph\u1ea9m \u0111i\u00eau kh\u1eafc c\u1ee7a Richard Orlinski.<\/p>\n<div class=\"body-18\">\n<div class=\"field--text-long\">\n<p>Titanium \u0111\u01b0\u1ee3c Hublot s\u1eed d\u1ee5ng r\u1ed9ng r\u00e3i, \u0111\u1eb7c bi\u1ec7t v\u00ec \u0111\u1ed9 nh\u1eb9 c\u1ee7a n\u00f3.\u00a0N\u00f3 th\u1ec3 hi\u1ec7n m\u1ed1i quan h\u1ec7 t\u1ed1t nh\u1ea5t gi\u1eefa s\u1ee9c c\u1ea3n v\u00e0 tr\u1ecdng l\u01b0\u1ee3ng c\u1ee7a b\u1ea5t k\u1ef3 v\u1eadt li\u1ec7u n\u00e0o, khi\u1ebfn n\u00f3 tr\u1edf th\u00e0nh v\u1eadt li\u1ec7u c\u1ef1c k\u1ef3 ph\u1ed5 bi\u1ebfn, \u0111\u1eb7c bi\u1ec7t l\u00e0 trong ng\u00e0nh h\u00e0ng kh\u00f4ng.\u00a0N\u00f3 c\u00f2n n\u1ed5i b\u1eadt v\u1edbi kh\u1ea3 n\u0103ng ch\u1ed1ng \u0103n m\u00f2n v\u00e0 qu\u00e1n t\u00ednh khi ti\u1ebfp x\u00fac v\u1edbi da.\u00a0Hublot ch\u1ec9 s\u1eed d\u1ee5ng titan lo\u1ea1i 5 ch\u1ea5t l\u01b0\u1ee3ng cao, lo\u1ea1i m\u1ea1nh nh\u1ea5t hi\u1ec7n c\u00f3.\u00a0Sau khi \u0111\u01b0\u1ee3c \u0111\u00e1nh b\u00f3ng, v\u1eadt li\u1ec7u n\u00e0y v\u1eabn gi\u1eef \u0111\u01b0\u1ee3c \u00e1nh kim lo\u1ea1i h\u01a1i xanh<\/p>\n<\/div>\n<\/div>\n<p>Hublot Classic Fusion Choronograph Orlinski Titanium s\u1edf h\u1eefu m\u1eb7t s\u1ed1 \u0111\u01b0\u1ee3c thi\u1ebft k\u1ebf \u0111\u1ec3 t\u1ea1o s\u1ef1 t\u01b0\u01a1ng ph\u1ea3n v\u1edbi nh\u1eefng chi ti\u1ebft m\u00e1y c\u1ee7a c\u1ed7 m\u00e1y HUB 1153 s\u1ea3n xu\u1ea5t in-house. B\u1ed9 m\u00e1y n\u00e0y c\u00f3 th\u1eddi l\u01b0\u1ee3ng tr\u1eef c\u00f3t 42 gi\u1edd v\u00e0 t\u1ea7n s\u1ed1 dao \u0111\u1ed9ng 4HZ.<\/p>\n<p>L\u00e0 ng\u01b0\u1eddi y\u00eau th\u00edch t\u1ea5t c\u1ea3 c\u00e1c lo\u1ea1i ngh\u1ec7 thu\u1eadt v\u00e0 l\u00e0 ng\u01b0\u1eddi \u1ee7ng h\u1ed9 kh\u1ea3 n\u0103ng ti\u1ebfp c\u1eadn v\u1edbi t\u1ea5t c\u1ea3 m\u1ecdi ng\u01b0\u1eddi, Richard Orlinski t\u1ea1o ra c\u00e1c t\u00e1c ph\u1ea9m d\u1ec5 hi\u1ec3u. Qua d\u00f2ng s\u1ea3n ph\u1ea9m m\u1edbi n\u00e0y,\u00a0\u00a0\u00f4ng \u0111\u1ec1 c\u1eadp \u0111\u1ebfn nh\u1eefng kh\u00e1n gi\u1ea3 m\u1edbi, ph\u1ee5 n\u1eef v\u00e0 nh\u1eefng ng\u01b0\u1eddi y\u00eau th\u00edch \u0111\u00e1 qu\u00fd ho\u1eb7c \u0111i\u00eau kh\u1eafc \u1edf trong nh\u1eefng c\u1ed7 m\u00e1y th\u1eddi gian.<\/p>\n","protected":false},"excerpt":{"rendered":"<p>Xu\u1ea5t x\u1ee9: Th\u1ee5y S\u1ef9<\/p>\n<p>K\u00edch th\u01b0\u1edbc: 41 mm<\/p>\n<p>K\u00ednh: Sapphire<\/p>\n<p>M\u00e0u m\u1eb7t s\u1ed1: \u0110en \u0111\u01b0\u1ee3c \u0111\u00e1nh b\u00f3ng<\/p>\n<p>B\u1ed9 m\u00e1y: Automatic &#8211; HUB 1153<\/p>\n<p>D\u1ef1 tr\u1eef n\u0103ng l\u01b0\u1ee3ng: 42 gi\u1edd<\/p>\n<p>Ch\u1ee9c n\u0103ng: Gi\u1edd, Ph\u00fat, Gi\u00e2y, Chronograph<\/p>\n<p>Ch\u1ea5t li\u1ec7u v\u1ecf: Titanium<\/p>\n<p>D\u00e2y \u0111eo: D\u00e2y \u0111eo cao su<\/p>\n<p>Kh\u00e1ng n\u01b0\u1edbc: 50m (5ATM)<\/p>\n","protected":false},"featured_media":12980,"comment_status":"open","ping_status":"closed","template":"","meta":[],"product_cat":[334,195,320,340],"product_tag":[],"class_list":["post-12979","product","type-product","status-publish","has-post-thumbnail","hentry","product_cat-40mm-42mm","product_cat-mens-watches","product_cat-hublot","product_cat-titanium","product_brand-hublot"],"yoast_head":"<!-- This site is optimized with the Yoast SEO plugin v21.6 - https:\/\/yoast.com\/wordpress\/plugins\/seo\/ -->\n<title>Hublot Classic Fusion Choronograph Orlinski Titanium - Phoenix Luxury<\/title>\n<meta name=\"description\" content=\"Hublot Classic Fusion Choronograph Orlinski Titanium s\u1edf h\u1eefu m\u1eb7t s\u1ed1 \u0111\u01b0\u1ee3c thi\u1ebft k\u1ebf \u0111\u1ec3 t\u1ea1o s\u1ef1 t\u01b0\u01a1ng ph\u1ea3n v\u1edbi nh\u1eefng chi ti\u1ebft m\u00e1y c\u1ee7a c\u1ed7 m\u00e1y HUB 1153.\" \/>\n<meta name=\"robots\" content=\"index, follow, max-snippet:-1, max-image-preview:large, max-video-preview:-1\" \/>\n<link rel=\"canonical\" href=\"https:\/\/nishiki-cycle.com\/demo\/san-pham\/hublot-classic-fusion-choronograph-orlinski-titanium-2\/\" \/>\n<meta property=\"og:locale\" content=\"vi_VN\" \/>\n<meta property=\"og:type\" content=\"article\" \/>\n<meta property=\"og:title\" content=\"Hublot Classic Fusion Choronograph Orlinski Titanium - Phoenix Luxury\" \/>\n<meta property=\"og:description\" content=\"Hublot Classic Fusion Choronograph Orlinski Titanium s\u1edf h\u1eefu m\u1eb7t s\u1ed1 \u0111\u01b0\u1ee3c thi\u1ebft k\u1ebf \u0111\u1ec3 t\u1ea1o s\u1ef1 t\u01b0\u01a1ng ph\u1ea3n v\u1edbi nh\u1eefng chi ti\u1ebft m\u00e1y c\u1ee7a c\u1ed7 m\u00e1y HUB 1153.\" \/>\n<meta property=\"og:url\" content=\"https:\/\/nishiki-cycle.com\/demo\/san-pham\/hublot-classic-fusion-choronograph-orlinski-titanium-2\/\" \/>\n<meta property=\"og:site_name\" content=\"Phoenix Luxury\" \/>\n<meta property=\"article:modified_time\" content=\"2024-08-31T21:55:32+00:00\" \/>\n<meta property=\"og:image\" content=\"https:\/\/nishiki-cycle.com\/demo\/wp-content\/uploads\/2024\/08\/1-5.jpg\" \/>\n\t<meta property=\"og:image:width\" content=\"1800\" \/>\n\t<meta property=\"og:image:height\" content=\"1800\" \/>\n\t<meta property=\"og:image:type\" content=\"image\/jpeg\" \/>\n<meta name=\"twitter:card\" content=\"summary_large_image\" \/>\n<meta name=\"twitter:label1\" content=\"\u01af\u1edbc t\u00ednh th\u1eddi gian \u0111\u1ecdc\" \/>\n\t<meta name=\"twitter:data1\" content=\"2 ph\u00fat\" \/>\n<script type=\"application\/ld+json\" class=\"yoast-schema-graph\">{\"@context\":\"https:\/\/schema.org\",\"@graph\":[{\"@type\":\"WebPage\",\"@id\":\"https:\/\/nishiki-cycle.com\/demo\/san-pham\/hublot-classic-fusion-choronograph-orlinski-titanium-2\/\",\"url\":\"https:\/\/nishiki-cycle.com\/demo\/san-pham\/hublot-classic-fusion-choronograph-orlinski-titanium-2\/\",\"name\":\"Hublot Classic Fusion Choronograph Orlinski Titanium - Phoenix Luxury\",\"isPartOf\":{\"@id\":\"https:\/\/nishiki-cycle.com\/demo\/#website\"},\"datePublished\":\"2024-08-23T21:50:37+00:00\",\"dateModified\":\"2024-08-31T21:55:32+00:00\",\"description\":\"Hublot Classic Fusion Choronograph Orlinski Titanium s\u1edf h\u1eefu m\u1eb7t s\u1ed1 \u0111\u01b0\u1ee3c thi\u1ebft k\u1ebf \u0111\u1ec3 t\u1ea1o s\u1ef1 t\u01b0\u01a1ng ph\u1ea3n v\u1edbi nh\u1eefng chi ti\u1ebft m\u00e1y c\u1ee7a c\u1ed7 m\u00e1y HUB 1153.\",\"breadcrumb\":{\"@id\":\"https:\/\/nishiki-cycle.com\/demo\/san-pham\/hublot-classic-fusion-choronograph-orlinski-titanium-2\/#breadcrumb\"},\"inLanguage\":\"vi\",\"potentialAction\":[{\"@type\":\"ReadAction\",\"target\":[\"https:\/\/nishiki-cycle.com\/demo\/san-pham\/hublot-classic-fusion-choronograph-orlinski-titanium-2\/\"]}]},{\"@type\":\"BreadcrumbList\",\"@id\":\"https:\/\/nishiki-cycle.com\/demo\/san-pham\/hublot-classic-fusion-choronograph-orlinski-titanium-2\/#breadcrumb\",\"itemListElement\":[{\"@type\":\"ListItem\",\"position\":1,\"name\":\"Trang ch\u1ee7\",\"item\":\"https:\/\/nishiki-cycle.com\/demo\/\"},{\"@type\":\"ListItem\",\"position\":2,\"name\":\"C\u1eeda h\u00e0ng\",\"item\":\"https:\/\/nishiki-cycle.com\/demo\/cua-hang\/\"},{\"@type\":\"ListItem\",\"position\":3,\"name\":\"Hublot Classic Fusion Choronograph Orlinski Titanium\"}]},{\"@type\":\"WebSite\",\"@id\":\"https:\/\/nishiki-cycle.com\/demo\/#website\",\"url\":\"https:\/\/nishiki-cycle.com\/demo\/\",\"name\":\"Phoenix Luxury\",\"description\":\"\",\"potentialAction\":[{\"@type\":\"SearchAction\",\"target\":{\"@type\":\"EntryPoint\",\"urlTemplate\":\"https:\/\/nishiki-cycle.com\/demo\/?s={search_term_string}\"},\"query-input\":\"required name=search_term_string\"}],\"inLanguage\":\"vi\"}]}<\/script>\n<!-- \/ Yoast SEO plugin. -->","yoast_head_json":{"title":"Hublot Classic Fusion Choronograph Orlinski Titanium - Phoenix Luxury","description":"Hublot Classic Fusion Choronograph Orlinski Titanium s\u1edf h\u1eefu m\u1eb7t s\u1ed1 \u0111\u01b0\u1ee3c thi\u1ebft k\u1ebf \u0111\u1ec3 t\u1ea1o s\u1ef1 t\u01b0\u01a1ng ph\u1ea3n v\u1edbi nh\u1eefng chi ti\u1ebft m\u00e1y c\u1ee7a c\u1ed7 m\u00e1y HUB 1153.","robots":{"index":"index","follow":"follow","max-snippet":"max-snippet:-1","max-image-preview":"max-image-preview:large","max-video-preview":"max-video-preview:-1"},"canonical":"https:\/\/nishiki-cycle.com\/demo\/san-pham\/hublot-classic-fusion-choronograph-orlinski-titanium-2\/","og_locale":"vi_VN","og_type":"article","og_title":"Hublot Classic Fusion Choronograph Orlinski Titanium - Phoenix Luxury","og_description":"Hublot Classic Fusion Choronograph Orlinski Titanium s\u1edf h\u1eefu m\u1eb7t s\u1ed1 \u0111\u01b0\u1ee3c thi\u1ebft k\u1ebf \u0111\u1ec3 t\u1ea1o s\u1ef1 t\u01b0\u01a1ng ph\u1ea3n v\u1edbi nh\u1eefng chi ti\u1ebft m\u00e1y c\u1ee7a c\u1ed7 m\u00e1y HUB 1153.","og_url":"https:\/\/nishiki-cycle.com\/demo\/san-pham\/hublot-classic-fusion-choronograph-orlinski-titanium-2\/","og_site_name":"Phoenix Luxury","article_modified_time":"2024-08-31T21:55:32+00:00","og_image":[{"width":1800,"height":1800,"url":"https:\/\/nishiki-cycle.com\/demo\/wp-content\/uploads\/2024\/08\/1-5.jpg","type":"image\/jpeg"}],"twitter_card":"summary_large_image","twitter_misc":{"\u01af\u1edbc t\u00ednh th\u1eddi gian \u0111\u1ecdc":"2 ph\u00fat"},"schema":{"@context":"https:\/\/schema.org","@graph":[{"@type":"WebPage","@id":"https:\/\/nishiki-cycle.com\/demo\/san-pham\/hublot-classic-fusion-choronograph-orlinski-titanium-2\/","url":"https:\/\/nishiki-cycle.com\/demo\/san-pham\/hublot-classic-fusion-choronograph-orlinski-titanium-2\/","name":"Hublot Classic Fusion Choronograph Orlinski Titanium - Phoenix Luxury","isPartOf":{"@id":"https:\/\/nishiki-cycle.com\/demo\/#website"},"datePublished":"2024-08-23T21:50:37+00:00","dateModified":"2024-08-31T21:55:32+00:00","description":"Hublot Classic Fusion Choronograph Orlinski Titanium s\u1edf h\u1eefu m\u1eb7t s\u1ed1 \u0111\u01b0\u1ee3c thi\u1ebft k\u1ebf \u0111\u1ec3 t\u1ea1o s\u1ef1 t\u01b0\u01a1ng ph\u1ea3n v\u1edbi nh\u1eefng chi ti\u1ebft m\u00e1y c\u1ee7a c\u1ed7 m\u00e1y HUB 1153.","breadcrumb":{"@id":"https:\/\/nishiki-cycle.com\/demo\/san-pham\/hublot-classic-fusion-choronograph-orlinski-titanium-2\/#breadcrumb"},"inLanguage":"vi","potentialAction":[{"@type":"ReadAction","target":["https:\/\/nishiki-cycle.com\/demo\/san-pham\/hublot-classic-fusion-choronograph-orlinski-titanium-2\/"]}]},{"@type":"BreadcrumbList","@id":"https:\/\/nishiki-cycle.com\/demo\/san-pham\/hublot-classic-fusion-choronograph-orlinski-titanium-2\/#breadcrumb","itemListElement":[{"@type":"ListItem","position":1,"name":"Trang ch\u1ee7","item":"https:\/\/nishiki-cycle.com\/demo\/"},{"@type":"ListItem","position":2,"name":"C\u1eeda h\u00e0ng","item":"https:\/\/nishiki-cycle.com\/demo\/cua-hang\/"},{"@type":"ListItem","position":3,"name":"Hublot Classic Fusion Choronograph Orlinski Titanium"}]},{"@type":"WebSite","@id":"https:\/\/nishiki-cycle.com\/demo\/#website","url":"https:\/\/nishiki-cycle.com\/demo\/","name":"Phoenix Luxury","description":"","potentialAction":[{"@type":"SearchAction","target":{"@type":"EntryPoint","urlTemplate":"https:\/\/nishiki-cycle.com\/demo\/?s={search_term_string}"},"query-input":"required name=search_term_string"}],"inLanguage":"vi"}]}},"_links":{"self":[{"href":"https:\/\/nishiki-cycle.com\/demo\/wp-json\/wp\/v2\/product\/12979","targetHints":{"allow":["GET"]}}],"collection":[{"href":"https:\/\/nishiki-cycle.com\/demo\/wp-json\/wp\/v2\/product"}],"about":[{"href":"https:\/\/nishiki-cycle.com\/demo\/wp-json\/wp\/v2\/types\/product"}],"replies":[{"embeddable":true,"href":"https:\/\/nishiki-cycle.com\/demo\/wp-json\/wp\/v2\/comments?post=12979"}],"wp:featuredmedia":[{"embeddable":true,"href":"https:\/\/nishiki-cycle.com\/demo\/wp-json\/wp\/v2\/media\/12980"}],"wp:attachment":[{"href":"https:\/\/nishiki-cycle.com\/demo\/wp-json\/wp\/v2\/media?parent=12979"}],"wp:term":[{"taxonomy":"product_cat","embeddable":true,"href":"https:\/\/nishiki-cycle.com\/demo\/wp-json\/wp\/v2\/product_cat?post=12979"},{"taxonomy":"product_tag","embeddable":true,"href":"https:\/\/nishiki-cycle.com\/demo\/wp-json\/wp\/v2\/product_tag?post=12979"}],"curies":[{"name":"wp","href":"https:\/\/api.w.org\/{rel}","templated":true}]}}