{"id":13034,"date":"2024-08-28T23:06:07","date_gmt":"2024-08-28T23:06:07","guid":{"rendered":"https:\/\/nishiki-cycle.com\/demo\/?post_type=product&#038;p=13034"},"modified":"2024-08-31T23:11:49","modified_gmt":"2024-08-31T23:11:49","slug":"hublot-big-bang-unico-sorai","status":"publish","type":"product","link":"https:\/\/nishiki-cycle.com\/demo\/san-pham\/hublot-big-bang-unico-sorai\/","title":{"rendered":"Hublot Big Bang Unico Sorai"},"content":{"rendered":"<p><a href=\"https:\/\/nishiki-cycle.com\/demo\/danh-muc-san-pham\/hublot\/\"><strong>Hublot<\/strong><\/a> Big Bang Unico Sorai \u0111\u01b0\u1ee3c t\u1ea1o ra \u0111\u1ec3 c\u1ee9u t\u00ea gi\u00e1c. N\u00f3 gi\u00fap Sorai k\u00e9o d\u00e0i th\u1eddi gian cho nh\u1eefng con t\u00ea gi\u00e1c \u0111ang c\u00f3 nguy c\u01a1 tuy\u1ec7t ch\u1ee7ng, gi\u00fap ch\u00fang s\u1ed1ng l\u00e2u h\u01a1n v\u00e0 kh\u00f4ng tr\u1edf th\u00e0nh con m\u1ed3i c\u1ee7a k\u1ebb s\u0103n m\u1ed3i duy nh\u1ea5t l\u00e0 con ng\u01b0\u1eddi. Sorai kh\u00f4ng ph\u1ea3i l\u00e0 m\u1ed9t t\u1ed5 ch\u1ee9c t\u1eeb thi\u1ec7n. \u0110\u00e2y l\u00e0 m\u1ed9t doanh nghi\u1ec7p c\u00f3 \u00fd th\u1ee9c x\u00e3 h\u1ed9i, mang m\u1ecdi ng\u01b0\u1eddi v\u00e0 doanh nghi\u1ec7p l\u1ea1i v\u1edbi nhau \u0111\u1ec3 x\u00e2y d\u1ef1ng m\u1ed9t ph\u01b0\u01a1ng ph\u00e1p b\u1ea3o t\u1ed3n b\u1ec1n v\u1eefng h\u01a1n. K\u1ec3 t\u1eeb n\u0103m 2018, Sorai \u0111\u00e3 h\u1ed7 tr\u1ee3 c\u00e1c d\u1ef1 \u00e1n b\u1ea3o v\u1ec7 \u0111\u1ed9ng v\u1eadt c\u00f3 nguy c\u01a1 tuy\u1ec7t ch\u1ee7ng, x\u00e1c \u0111\u1ecbnh c\u00e1c c\u00f4ng ngh\u1ec7 m\u1edbi \u0111\u1ec3 ch\u1ed1ng s\u0103n tr\u1ed9m (m\u00e1y \u1ea3nh nhi\u1ec7t, theo d\u00f5i \u0111\u1ed9ng v\u1eadt b\u1eb1ng GPS) v\u00e0 n\u00e2ng cao nh\u1eadn th\u1ee9c v\u1ec1 nhu c\u1ea7u b\u1ea3o v\u1ec7 c\u00e1c lo\u00e0i c\u00f3 nguy c\u01a1 tuy\u1ec7t ch\u1ee7ng n\u00e0y. C\u00f3 nhi\u1ec1u c\u00e1ch \u0111\u1ec3 ch\u1ed1ng l\u1ea1i n\u1ea1n s\u0103n tr\u1ed9m (n\u00e2ng cao nh\u1eadn th\u1ee9c c\u1ed9ng \u0111\u1ed3ng, gi\u00e1o d\u1ee5c, th\u1ef1c thi ph\u00e1p lu\u1eadt, thi\u1ebft b\u1ecb truy\u1ec1n tin \u0111\u1ec3 theo d\u00f5i \u0111\u1ed9ng v\u1eadt, t\u0103ng s\u1ed1 l\u01b0\u1ee3ng ki\u1ec3m l\u00e2m v\u00e0 t\u1ea1o ra c\u00e1c khu b\u1ea3o t\u1ed3n cho \u0111\u1ed9ng v\u1eadt b\u1ecb th\u01b0\u01a1ng ho\u1eb7c m\u1ed3 c\u00f4i)<\/p>\n<p>Phi\u00ean b\u1ea3n gi\u1edbi h\u1ea1n Hublot Big Bang Unico Sorai \u0111\u01b0\u1ee3c t\u1ea1o ra v\u00ec l\u00fd do n\u00e0y.\u00a0Ngo\u00e0i vi\u1ec7c l\u00e0 m\u1ed9t chi\u1ebfc \u0111\u1ed3ng h\u1ed3 v\u1edbi c\u00e1ch ti\u1ebfp c\u1eadn b\u1ec1n v\u1eefng, n\u00f3 c\u00f2n l\u00e0 m\u1ed9t chi\u1ebfc \u0111\u1ed3ng h\u1ed3 t\u1ea1o \u1ea5n t\u01b0\u1ee3ng.\u00a0V\u00e2ng, nhi\u1ec1u \u1ea5n t\u01b0\u1ee3ng kh\u00e1c nhau th\u1ef1c s\u1ef1.\u00a0N\u00f3 kh\u00f4ng ph\u1ea3i l\u00e0 m\u1ed9t chi\u1ebfc \u0111\u1ed3ng h\u1ed3 c\u1ed5 \u0111i\u1ec3n, k\u00edn \u0111\u00e1o.\u00a0\u0110\u00f3 l\u00e0 Hublot \u0111i\u1ec3n h\u00ecnh.\u00a0Ph\u00e2n c\u1ef1c, \u0111\u1ea7y m\u00e0u s\u1eafc v\u00e0 \u0111\u1ea7y s\u1ef1 t\u01b0\u01a1ng ph\u1ea3n trong k\u1ebft c\u1ea5u v\u00e0 v\u1eadt li\u1ec7u.\u00a0N\u00f3 s\u1ebd kh\u00f4ng t\u1ea1o ra s\u1ef1 nh\u1ea5t tr\u00ed, nh\u01b0ng m\u1ed9t l\u1ea7n n\u1eefa, \u0111i\u1ec1u n\u00e0y ch\u01b0a bao gi\u1edd l\u00e0 m\u1ee5c ti\u00eau c\u1ee7a th\u01b0\u01a1ng hi\u1ec7u.<\/p>\n<p>Big Bang Unico Sorai m\u1edbi n\u00e0y d\u1ef1a tr\u00ean c\u00e1c y\u1ebfu t\u1ed1 c\u1ed5 \u0111i\u1ec3n, v\u1edbi v\u1ecf 44mm b\u1eb1ng v\u1eadt li\u1ec7u nh\u1eb9 v\u00e0 ch\u1eafc ch\u1eafn, c\u00f3 m\u00e0u s\u1eafc t\u01b0\u01a1ng ph\u1ea3n \u0111\u1ec3 t\u1ea1o \u1ea5n t\u01b0\u1ee3ng th\u1ecb gi\u00e1c m\u1ea1nh m\u1ebd. M\u1eabu hi\u1ec7n t\u1ea1i, m\u1eb7c d\u00f9 c\u00f3 chi\u1ec1u cao 14,5 mm v\u00e0 \u0111\u01b0\u1eddng k\u00ednh kh\u00e1 l\u1edbn, nh\u01b0ng \u0111eo t\u1ed1t m\u1ed9t c\u00e1ch \u0111\u00e1ng ng\u1ea1c nhi\u00ean. C\u00e1c v\u1ea5u ng\u1eafn v\u00e0 cong, v\u00e0 v\u1eadt li\u1ec7u nh\u1eb9. N\u00f3 k\u1ebft h\u1ee3p g\u1ed1m gi\u1eefa m\u00e0u x\u00e1m, v\u1edbi l\u1edbp ho\u00e0n thi\u1ec7n \u0111\u01b0\u1ee3c \u0111\u00e1nh b\u00f3ng v\u00e0 th\u1ed5i vi m\u00f4, v\u1edbi ph\u1ea7n c\u1ee9ng b\u1eb1ng g\u1ed1m \u0111en m\u1edd \u0111\u1ec3 b\u1ea3o v\u1ec7 m\u1eb7t b\u00ean, v\u1ecf gi\u1eefa v\u00e0 m\u00f4-\u0111un n\u00fam v\u1eb7n\/n\u00fam \u0111\u1ea9y. M\u00e0u s\u1eafc \u0111\u01b0\u1ee3c t\u00ecm th\u1ea5y tr\u00ean chi\u1ebfc \u0111\u1ed3ng h\u1ed3 n\u00e0y kh\u00f4ng ch\u1ec9 d\u00e0nh ri\u00eang cho m\u1eabu n\u00e0y m\u00e0 c\u00f2n li\u00ean quan \u0111\u1ebfn ch\u1ee7 \u0111\u1ec1\u2026 V\u00ec n\u00f3 \u0111\u01b0\u1ee3c m\u1ec7nh danh l\u00e0\u00a0<em>m\u00e0u x\u00e1m t\u00ea gi\u00e1c<\/em>\u00a0\u2026<\/p>\n<p>M\u1eb7t s\u1ed1 c\u1ee7a chi\u1ebfc Hublot Big Bang Unico Sorai n\u00e0y c\u0169ng \u0111i k\u00e8m v\u1edbi c\u00e1c t\u00ednh n\u0103ng \u0111\u1ed9c \u0111\u00e1o.\u00a0M\u1eb7t s\u1ed1 l\u1ed9 c\u01a1 c\u1ed5 \u0111i\u1ec3n c\u1ee7a b\u1ed9 s\u01b0u t\u1eadp \u1edf \u0111\u00e2y s\u1eed d\u1ee5ng c\u00f9ng m\u1ed9t m\u00e0u x\u00e1m t\u00ea gi\u00e1c l\u00e0m n\u1ec1n cho c\u00e1c \u0111i\u1ec3m nh\u1ea5n \u0111\u1ea7y m\u00e0u s\u1eafc v\u00e0 c\u00f3 \u0111\u1ed9 t\u01b0\u01a1ng ph\u1ea3n cao.\u00a0N\u00f3 c\u00f3 &#8221;\u00a0<em>m\u00e0u s\u1eafc r\u1ef1c r\u1ee1 c\u1ee7a ho\u00e0ng h\u00f4n khi b\u1ea7u tr\u1eddi b\u1ed1c ch\u00e1y<\/em>\u00a0.&#8221;\u00a0C\u00e1c \u0111i\u1ec3m \u0111\u00e1nh d\u1ea5u tr\u00ean m\u1eb7t b\u00edch b\u00ean trong v\u00e0 c\u00e1c ch\u1eef s\u1ed1 3D \u0111\u01b0\u1ee3c \u00e1p d\u1ee5ng, c\u0169ng nh\u01b0 b\u1ed9 \u0111\u1ebfm 60 ph\u00fat c\u1ee7a \u0111\u1ed3ng h\u1ed3 b\u1ea5m gi\u1edd, t\u1ea5t c\u1ea3 \u0111\u1ec1u d\u1ef1a tr\u00ean hi\u1ec7u \u1ee9ng ho\u00e0ng h\u00f4n\/c\u1ea7u v\u1ed3ng chuy\u1ec3n m\u00e0u, c\u00f3 m\u00e0u v\u00e0ng, cam, t\u00edm v\u00e0 h\u1ed3ng.\u00a0M\u1ed9t con t\u00ea gi\u00e1c ng\u1ed3i tr\u00ean kim ch\u1ec9 gi\u00e2y nh\u1ecf v\u00e0 l\u1ecbch ng\u00e0y trong c\u1eeda s\u1ed5 \u1edf v\u1ecb tr\u00ed 3 gi\u1edd, \u0111\u0129a x\u01b0\u01a1ng c\u1ee7a n\u00f3 n\u1ed5i b\u1eadt tr\u00ean n\u1ec1n \u0111en.\u00a0V\u00e0, nh\u01b0 th\u01b0\u1eddng l\u1ec7, h\u1ea7u h\u1ebft c\u00e1c b\u1ed9 ph\u1eadn c\u1ee7a chuy\u1ec3n \u0111\u1ed9ng c\u00f3 th\u1ec3 \u0111\u01b0\u1ee3c nh\u00ecn th\u1ea5y t\u00edch t\u1eafc b\u00ean d\u01b0\u1edbi.<\/p>\n<p>M\u1ed9t y\u1ebfu t\u1ed1 kh\u00e1c m\u00e0 ch\u00fang ta c\u1ea7n n\u00f3i \u0111\u1ebfn l\u00e0 b\u1ed9 chuy\u1ec3n \u0111\u1ed9ng, c\u00f2n \u0111\u01b0\u1ee3c g\u1ecdi l\u00e0 c\u1ee1 n\u00f2ng Unico.\u00a0Hublot th\u01b0\u1eddng b\u1ecb b\u1ecf qua m\u1ed9t ch\u00fat trong l\u0129nh v\u1ef1c n\u00e0y, tuy nhi\u00ean, Unico l\u00e0 m\u1ed9t phong tr\u00e0o \u0111\u00e1ng \u0111\u01b0\u1ee3c t\u00f4n tr\u1ecdng.\u00a0M\u1ed9t b\u1ed9 m\u00e1y n\u1ed9i b\u1ed9 \u0111\u01b0\u1ee3c ph\u00e1t tri\u1ec3n v\u1edbi \u00fd t\u01b0\u1edfng c\u00f3 t\u1ea5t c\u1ea3 m\u1eb7t s\u1ed1 k\u1ef9 thu\u1eadt, n\u00f3 ho\u00e0n to\u00e0n ph\u00f9 h\u1ee3p v\u1edbi kh\u00e1i ni\u1ec7m t\u1ed5ng th\u1ec3 v\u1ec1 Big Bang.\u00a0Ch\u00fang ta \u0111ang n\u00f3i v\u1ec1 m\u1ed9t chi\u1ebfc \u0111\u1ed3ng h\u1ed3 b\u1ea5m gi\u1edd flyback, t\u1ef1 \u0111\u1ed9ng, t\u00edch h\u1ee3p v\u1edbi kh\u1ea3 n\u0103ng d\u1ef1 tr\u1eef n\u0103ng l\u01b0\u1ee3ng c\u1ed1 \u0111\u1ecbnh (3 ng\u00e0y) v\u00e0 c\u1ea5u tr\u00fac b\u00e1nh xe c\u1ed9t \u2013 chi\u1ebfc sau hi\u1ec3n th\u1ecb \u0111\u1ea7y \u0111\u1ee7 \u1edf v\u1ecb tr\u00ed 6 gi\u1edd tr\u00ean m\u1eb7t s\u1ed1.<\/p>\n<p>Cu\u1ed1i c\u00f9ng nh\u01b0ng kh\u00f4ng k\u00e9m ph\u1ea7n quan tr\u1ecdng, chi\u1ebfc Hublot Big Bang Unico n\u00e0y \u0111\u01b0\u1ee3c trang b\u1ecb h\u1ec7 th\u1ed1ng ho\u00e1n \u0111\u1ed5i \u201cOne-Click\u201d c\u1ee7a th\u01b0\u01a1ng hi\u1ec7u v\u00e0 hai d\u00e2y \u0111eo.\u00a0\u0110\u1ea7u ti\u00ean l\u00e0 d\u00e2y \u0111eo cao su m\u00e0u \u0111en v\u1edbi trang tr\u00ed ng\u1ee5y trang m\u00e0u \u0111en, cam v\u00e0 t\u00edm v\u00e0 kh\u00f3a c\u00e0i kh\u00f3a tri\u1ec3n khai b\u1eb1ng g\u1ed1m v\u00e0 titan m\u1ea1 \u0111en.\u00a0Th\u1ee9 hai, l\u00e0m cho \u0111\u1ed3ng h\u1ed3 \u00edt ph\u00e2n c\u1ef1c h\u01a1n, l\u00e0 d\u00e2y \u0111eo b\u1eb1ng v\u1ea3i m\u00e0u x\u00e1m v\u1edbi kh\u00f3a g\u1ed1m \u0111en si\u00eau nh\u1ecf v\u00e0 v\u00f2ng kh\u00f3a d\u00e1n.<\/p>\n","protected":false},"excerpt":{"rendered":"<p>Xu\u1ea5t x\u1ee9: Th\u1ee5y S\u0129<\/p>\n<p>K\u00edch th\u01b0\u1edbc: 44 mm<\/p>\n<p>K\u00ednh: Sapphire<\/p>\n<p>M\u1eb7t s\u1ed1: Skeleton<\/p>\n<p>B\u1ed9 m\u00e1y:\u00a0Self-winding\u00a0&#8211; HUB1280 UNICO 2<\/p>\n<p>D\u1ef1 tr\u1eef n\u0103ng l\u01b0\u1ee3ng: 72 gi\u1edd<\/p>\n<p>Ch\u1ee9c n\u0103ng:\u00a0Gi\u1edd, Ph\u00fat, Gi\u00e2y, Ng\u00e0y,\u00a0Chronograph Flyback<\/p>\n<p>Ch\u1ea5t li\u1ec7u: Green\u00a0Ceramic<\/p>\n<p>Bezel: Green\u00a0Ceramic<\/p>\n<p>Kh\u00e1ng n\u01b0\u1edbc: 100m (10ATM)<\/p>\n<p>D\u00e2y \u0111eo:\u00a0Cao su camo v\u00e0 d\u00e2y \u0111eo b\u1eb1ng v\u1ea3i m\u00e0u xanh l\u00e1 c\u00e2y<\/p>\n","protected":false},"featured_media":13035,"comment_status":"open","ping_status":"closed","template":"","meta":[],"product_cat":[339,195,320,335],"product_tag":[],"class_list":["post-13034","product","type-product","status-publish","has-post-thumbnail","hentry","product_cat-ceramic","product_cat-mens-watches","product_cat-hublot","product_cat-tren-42mm","product_brand-hublot"],"yoast_head":"<!-- This site is optimized with the Yoast SEO plugin v21.6 - https:\/\/yoast.com\/wordpress\/plugins\/seo\/ -->\n<title>Hublot Big Bang Unico Sorai - Phoenix Luxury<\/title>\n<meta name=\"description\" content=\"Hulot Big Bang Unico Sorai m\u1edbi n\u00e0y d\u1ef1a tr\u00ean c\u00e1c y\u1ebfu t\u1ed1 c\u1ed5 \u0111i\u1ec3n, v\u1edbi v\u1ecf 44mm b\u1eb1ng v\u1eadt li\u1ec7u nh\u1eb9 v\u00e0 ch\u1eafc ch\u1eafn, c\u00f3 m\u00e0u s\u1eafc t\u01b0\u01a1ng ph\u1ea3n t\u1ea1o \u1ea5n t\u01b0\u1ee3ng m\u1ea1nh m\u1ebd.\" \/>\n<meta name=\"robots\" content=\"index, follow, max-snippet:-1, max-image-preview:large, max-video-preview:-1\" \/>\n<link rel=\"canonical\" href=\"https:\/\/nishiki-cycle.com\/demo\/san-pham\/hublot-big-bang-unico-sorai\/\" \/>\n<meta property=\"og:locale\" content=\"vi_VN\" \/>\n<meta property=\"og:type\" content=\"article\" \/>\n<meta property=\"og:title\" content=\"Hublot Big Bang Unico Sorai - Phoenix Luxury\" \/>\n<meta property=\"og:description\" content=\"Hulot Big Bang Unico Sorai m\u1edbi n\u00e0y d\u1ef1a tr\u00ean c\u00e1c y\u1ebfu t\u1ed1 c\u1ed5 \u0111i\u1ec3n, v\u1edbi v\u1ecf 44mm b\u1eb1ng v\u1eadt li\u1ec7u nh\u1eb9 v\u00e0 ch\u1eafc ch\u1eafn, c\u00f3 m\u00e0u s\u1eafc t\u01b0\u01a1ng ph\u1ea3n t\u1ea1o \u1ea5n t\u01b0\u1ee3ng m\u1ea1nh m\u1ebd.\" \/>\n<meta property=\"og:url\" content=\"https:\/\/nishiki-cycle.com\/demo\/san-pham\/hublot-big-bang-unico-sorai\/\" \/>\n<meta property=\"og:site_name\" content=\"Phoenix Luxury\" \/>\n<meta property=\"article:modified_time\" content=\"2024-08-31T23:11:49+00:00\" \/>\n<meta property=\"og:image\" content=\"https:\/\/nishiki-cycle.com\/demo\/wp-content\/uploads\/2024\/08\/1-15.jpg\" \/>\n\t<meta property=\"og:image:width\" content=\"1800\" \/>\n\t<meta property=\"og:image:height\" content=\"1800\" \/>\n\t<meta property=\"og:image:type\" content=\"image\/jpeg\" \/>\n<meta name=\"twitter:card\" content=\"summary_large_image\" \/>\n<meta name=\"twitter:label1\" content=\"\u01af\u1edbc t\u00ednh th\u1eddi gian \u0111\u1ecdc\" \/>\n\t<meta name=\"twitter:data1\" content=\"5 ph\u00fat\" \/>\n<script type=\"application\/ld+json\" class=\"yoast-schema-graph\">{\"@context\":\"https:\/\/schema.org\",\"@graph\":[{\"@type\":\"WebPage\",\"@id\":\"https:\/\/nishiki-cycle.com\/demo\/san-pham\/hublot-big-bang-unico-sorai\/\",\"url\":\"https:\/\/nishiki-cycle.com\/demo\/san-pham\/hublot-big-bang-unico-sorai\/\",\"name\":\"Hublot Big Bang Unico Sorai - Phoenix Luxury\",\"isPartOf\":{\"@id\":\"https:\/\/nishiki-cycle.com\/demo\/#website\"},\"datePublished\":\"2024-08-28T23:06:07+00:00\",\"dateModified\":\"2024-08-31T23:11:49+00:00\",\"description\":\"Hulot Big Bang Unico Sorai m\u1edbi n\u00e0y d\u1ef1a tr\u00ean c\u00e1c y\u1ebfu t\u1ed1 c\u1ed5 \u0111i\u1ec3n, v\u1edbi v\u1ecf 44mm b\u1eb1ng v\u1eadt li\u1ec7u nh\u1eb9 v\u00e0 ch\u1eafc ch\u1eafn, c\u00f3 m\u00e0u s\u1eafc t\u01b0\u01a1ng ph\u1ea3n t\u1ea1o \u1ea5n t\u01b0\u1ee3ng m\u1ea1nh m\u1ebd.\",\"breadcrumb\":{\"@id\":\"https:\/\/nishiki-cycle.com\/demo\/san-pham\/hublot-big-bang-unico-sorai\/#breadcrumb\"},\"inLanguage\":\"vi\",\"potentialAction\":[{\"@type\":\"ReadAction\",\"target\":[\"https:\/\/nishiki-cycle.com\/demo\/san-pham\/hublot-big-bang-unico-sorai\/\"]}]},{\"@type\":\"BreadcrumbList\",\"@id\":\"https:\/\/nishiki-cycle.com\/demo\/san-pham\/hublot-big-bang-unico-sorai\/#breadcrumb\",\"itemListElement\":[{\"@type\":\"ListItem\",\"position\":1,\"name\":\"Trang ch\u1ee7\",\"item\":\"https:\/\/nishiki-cycle.com\/demo\/\"},{\"@type\":\"ListItem\",\"position\":2,\"name\":\"C\u1eeda h\u00e0ng\",\"item\":\"https:\/\/nishiki-cycle.com\/demo\/cua-hang\/\"},{\"@type\":\"ListItem\",\"position\":3,\"name\":\"Hublot Big Bang Unico Sorai\"}]},{\"@type\":\"WebSite\",\"@id\":\"https:\/\/nishiki-cycle.com\/demo\/#website\",\"url\":\"https:\/\/nishiki-cycle.com\/demo\/\",\"name\":\"Phoenix Luxury\",\"description\":\"\",\"potentialAction\":[{\"@type\":\"SearchAction\",\"target\":{\"@type\":\"EntryPoint\",\"urlTemplate\":\"https:\/\/nishiki-cycle.com\/demo\/?s={search_term_string}\"},\"query-input\":\"required name=search_term_string\"}],\"inLanguage\":\"vi\"}]}<\/script>\n<!-- \/ Yoast SEO plugin. -->","yoast_head_json":{"title":"Hublot Big Bang Unico Sorai - Phoenix Luxury","description":"Hulot Big Bang Unico Sorai m\u1edbi n\u00e0y d\u1ef1a tr\u00ean c\u00e1c y\u1ebfu t\u1ed1 c\u1ed5 \u0111i\u1ec3n, v\u1edbi v\u1ecf 44mm b\u1eb1ng v\u1eadt li\u1ec7u nh\u1eb9 v\u00e0 ch\u1eafc ch\u1eafn, c\u00f3 m\u00e0u s\u1eafc t\u01b0\u01a1ng ph\u1ea3n t\u1ea1o \u1ea5n t\u01b0\u1ee3ng m\u1ea1nh m\u1ebd.","robots":{"index":"index","follow":"follow","max-snippet":"max-snippet:-1","max-image-preview":"max-image-preview:large","max-video-preview":"max-video-preview:-1"},"canonical":"https:\/\/nishiki-cycle.com\/demo\/san-pham\/hublot-big-bang-unico-sorai\/","og_locale":"vi_VN","og_type":"article","og_title":"Hublot Big Bang Unico Sorai - Phoenix Luxury","og_description":"Hulot Big Bang Unico Sorai m\u1edbi n\u00e0y d\u1ef1a tr\u00ean c\u00e1c y\u1ebfu t\u1ed1 c\u1ed5 \u0111i\u1ec3n, v\u1edbi v\u1ecf 44mm b\u1eb1ng v\u1eadt li\u1ec7u nh\u1eb9 v\u00e0 ch\u1eafc ch\u1eafn, c\u00f3 m\u00e0u s\u1eafc t\u01b0\u01a1ng ph\u1ea3n t\u1ea1o \u1ea5n t\u01b0\u1ee3ng m\u1ea1nh m\u1ebd.","og_url":"https:\/\/nishiki-cycle.com\/demo\/san-pham\/hublot-big-bang-unico-sorai\/","og_site_name":"Phoenix Luxury","article_modified_time":"2024-08-31T23:11:49+00:00","og_image":[{"width":1800,"height":1800,"url":"https:\/\/nishiki-cycle.com\/demo\/wp-content\/uploads\/2024\/08\/1-15.jpg","type":"image\/jpeg"}],"twitter_card":"summary_large_image","twitter_misc":{"\u01af\u1edbc t\u00ednh th\u1eddi gian \u0111\u1ecdc":"5 ph\u00fat"},"schema":{"@context":"https:\/\/schema.org","@graph":[{"@type":"WebPage","@id":"https:\/\/nishiki-cycle.com\/demo\/san-pham\/hublot-big-bang-unico-sorai\/","url":"https:\/\/nishiki-cycle.com\/demo\/san-pham\/hublot-big-bang-unico-sorai\/","name":"Hublot Big Bang Unico Sorai - Phoenix Luxury","isPartOf":{"@id":"https:\/\/nishiki-cycle.com\/demo\/#website"},"datePublished":"2024-08-28T23:06:07+00:00","dateModified":"2024-08-31T23:11:49+00:00","description":"Hulot Big Bang Unico Sorai m\u1edbi n\u00e0y d\u1ef1a tr\u00ean c\u00e1c y\u1ebfu t\u1ed1 c\u1ed5 \u0111i\u1ec3n, v\u1edbi v\u1ecf 44mm b\u1eb1ng v\u1eadt li\u1ec7u nh\u1eb9 v\u00e0 ch\u1eafc ch\u1eafn, c\u00f3 m\u00e0u s\u1eafc t\u01b0\u01a1ng ph\u1ea3n t\u1ea1o \u1ea5n t\u01b0\u1ee3ng m\u1ea1nh m\u1ebd.","breadcrumb":{"@id":"https:\/\/nishiki-cycle.com\/demo\/san-pham\/hublot-big-bang-unico-sorai\/#breadcrumb"},"inLanguage":"vi","potentialAction":[{"@type":"ReadAction","target":["https:\/\/nishiki-cycle.com\/demo\/san-pham\/hublot-big-bang-unico-sorai\/"]}]},{"@type":"BreadcrumbList","@id":"https:\/\/nishiki-cycle.com\/demo\/san-pham\/hublot-big-bang-unico-sorai\/#breadcrumb","itemListElement":[{"@type":"ListItem","position":1,"name":"Trang ch\u1ee7","item":"https:\/\/nishiki-cycle.com\/demo\/"},{"@type":"ListItem","position":2,"name":"C\u1eeda h\u00e0ng","item":"https:\/\/nishiki-cycle.com\/demo\/cua-hang\/"},{"@type":"ListItem","position":3,"name":"Hublot Big Bang Unico Sorai"}]},{"@type":"WebSite","@id":"https:\/\/nishiki-cycle.com\/demo\/#website","url":"https:\/\/nishiki-cycle.com\/demo\/","name":"Phoenix Luxury","description":"","potentialAction":[{"@type":"SearchAction","target":{"@type":"EntryPoint","urlTemplate":"https:\/\/nishiki-cycle.com\/demo\/?s={search_term_string}"},"query-input":"required name=search_term_string"}],"inLanguage":"vi"}]}},"_links":{"self":[{"href":"https:\/\/nishiki-cycle.com\/demo\/wp-json\/wp\/v2\/product\/13034","targetHints":{"allow":["GET"]}}],"collection":[{"href":"https:\/\/nishiki-cycle.com\/demo\/wp-json\/wp\/v2\/product"}],"about":[{"href":"https:\/\/nishiki-cycle.com\/demo\/wp-json\/wp\/v2\/types\/product"}],"replies":[{"embeddable":true,"href":"https:\/\/nishiki-cycle.com\/demo\/wp-json\/wp\/v2\/comments?post=13034"}],"wp:featuredmedia":[{"embeddable":true,"href":"https:\/\/nishiki-cycle.com\/demo\/wp-json\/wp\/v2\/media\/13035"}],"wp:attachment":[{"href":"https:\/\/nishiki-cycle.com\/demo\/wp-json\/wp\/v2\/media?parent=13034"}],"wp:term":[{"taxonomy":"product_cat","embeddable":true,"href":"https:\/\/nishiki-cycle.com\/demo\/wp-json\/wp\/v2\/product_cat?post=13034"},{"taxonomy":"product_tag","embeddable":true,"href":"https:\/\/nishiki-cycle.com\/demo\/wp-json\/wp\/v2\/product_tag?post=13034"}],"curies":[{"name":"wp","href":"https:\/\/api.w.org\/{rel}","templated":true}]}}