{"id":9914,"date":"2023-11-01T18:28:33","date_gmt":"2023-11-01T18:28:33","guid":{"rendered":"https:\/\/nishiki-cycle.com\/demo\/?post_type=product&#038;p=9914"},"modified":"2023-12-09T16:38:33","modified_gmt":"2023-12-09T16:38:33","slug":"rolex-datejust-126234-mat-so-xanh-coc-so-kim-cuong-36mm","status":"publish","type":"product","link":"https:\/\/nishiki-cycle.com\/demo\/san-pham\/rolex-datejust-126234-mat-so-xanh-coc-so-kim-cuong-36mm\/","title":{"rendered":"Rolex Datejust 126234 M\u1eb7t S\u1ed1 Xanh C\u1ecdc S\u1ed1 Kim C\u01b0\u01a1ng 36mm"},"content":{"rendered":"<p><img decoding=\"async\" class=\"size-medium wp-image-9915 aligncenter\" src=\"https:\/\/nishiki-cycle.com\/demo\/wp-content\/uploads\/2023\/11\/ROLEX-DATEJUST-126234-MAT-SO-XANH-COC-SO-KIM-CUONG-36MM-164x300.jpg\" alt=\"\" width=\"164\" height=\"300\" srcset=\"https:\/\/nishiki-cycle.com\/demo\/wp-content\/uploads\/2023\/11\/ROLEX-DATEJUST-126234-MAT-SO-XANH-COC-SO-KIM-CUONG-36MM-164x300.jpg 164w, https:\/\/nishiki-cycle.com\/demo\/wp-content\/uploads\/2023\/11\/ROLEX-DATEJUST-126234-MAT-SO-XANH-COC-SO-KIM-CUONG-36MM.jpg 456w\" sizes=\"(max-width: 164px) 100vw, 164px\" \/><\/p>\n<p>Rolex Datejust 126234 v\u1eeba \u0111\u01b0\u1ee3c gi\u1edbi thi\u1ec7u t\u1ea1i s\u1ef1 ki\u1ec7n Watches and Wonders 2021, n\u1eb1m trong danh s\u00e1ch nh\u1eefng thi\u1ebft k\u1ebf m\u1edbi nh\u1ea5t. Phi\u00ean b\u1ea3n n\u00e0y s\u1edf h\u1eefu m\u1eb7t s\u1ed1 g\u1ea5p n\u1ebfp m\u00e0u xanh c\u1ef1c k\u1ef3 n\u1ed5i b\u1eadt.<\/p>\n<p>V\u1edbi chi\u1ebfc Rolex Datejust 126234\u00a0th\u00ec ch\u00fang ta c\u00f3 b\u1ed9 v\u1ecf l\u00e0m t\u1eeb th\u00e9p 904L v\u1edbi \u0111\u1ed9 c\u1ee9ng cao, kh\u1ea3 n\u0103ng ch\u1ed1ng x\u01b0\u1edbc, ch\u1ed1ng \u0103n m\u00f2n v\u01b0\u1ee3t tr\u1ed9i. K\u00e8m v\u1edbi \u0111\u00f3, Rolex c\u00f2n s\u1eed d\u1ee5ng v\u00e0ng tr\u1eafng \u0111\u1ec3 ch\u1ebf t\u00e1c v\u00e0nh bezel, \u0111\u00e1nh b\u00f3ng t\u1eebng r\u00e3nh kh\u00eda \u0111\u1ec3 tr\u1edf n\u00ean l\u1ea5p l\u00e1nh khi \u0111\u1eaft d\u01b0\u1edbi \u00e1nh n\u1eafng.<\/p>\n<p>Khi \u0111\u01b0\u1ee3c ra m\u1eaft l\u1ea7n \u0111\u1ea7u v\u00e0o n\u0103m 1945, chi\u1ebfc Datejust \u0111\u00e3 g\u1eafn b\u00f3 v\u1edbi s\u1ee3i d\u00e2y Jubilee nh\u1eb9 nh\u00e0ng v\u00e0 thanh l\u1ecbch. Phi\u00ean b\u1ea3n Rolex Datejust 126234<strong>\u00a0<\/strong>s\u1edf h\u1eefu thi\u1ebft k\u1ebf m\u1eb7t s\u1ed1 \u0111\u1eddi m\u1edbi, c\u00f3 nh\u1eefng \u0111\u01b0\u1eddng v\u00e2n g\u1ea5p n\u1ebfp t\u1ea1o hi\u1ec7u \u1ee9ng \u00e1nh s\u00e1ng c\u1ef1c k\u1ef3 \u1ea5n t\u01b0\u1ee3ng.\u00a0T\u1ea5t c\u1ea3 c\u00e1c chi ti\u1ebft nh\u01b0 c\u1ecdc s\u1ed1 kim c\u01b0\u01a1ng \u0111\u1ec1u \u0111\u01b0\u1ee3c x\u1eed l\u00fd tinh x\u1ea3o.<\/p>\n<div class=\"content-wrapper active\">\n<div id=\"content\">\n<p dir=\"ltr\">B\u1ed9 m\u00e1y 3235 th\u1ebf h\u1ec7 m\u1edbi ti\u1ebfp t\u1ee5c \u0111\u01b0\u1ee3c s\u1eed d\u1ee5ng cho m\u1eabu \u0111\u1ed3ng h\u1ed3 n\u00e0y. V\u1edbi nh\u1eefng c\u1ea3i ti\u1ebfn v\u01b0\u1ee3t tr\u1ed9i h\u01a1n so v\u1edbi cal.3135 nh\u01b0 kh\u1ea3 n\u0103ng ch\u1ed1ng nhi\u1ec5m t\u1eeb, th\u1eddi gian t\u00edch c\u00f3t l\u00e2u h\u01a1n, c\u00f3 kh\u1ea3 n\u0103ng tr\u1eef c\u00f3t 70 gi\u1edd \u0111\u1ed3ng h\u1ed3 v\u00e0 v\u1eadn h\u00e0nh hi\u1ec7u qu\u1ea3 v\u1edbi \u0111\u1ed9 ch\u00ednh x\u00e1c cao, sai s\u1ed1 ch\u1ec9 -2\/+2 gi\u00e2y\/ng\u00e0y \u0111\u01b0\u1ee3c ch\u1ee9ng nh\u1eadn b\u1edfi t\u1ed5 ch\u1ee9c COSC v\u00e0 nh\u00e0 s\u1ea3n xu\u1ea5t\u00a0v\u00e0 s\u1eed d\u1ee5ng th\u00eam b\u1ed9 tho\u00e1t Chronergy \u0111\u1ed9c quy\u1ec1n.<\/p>\n<ul class=\"list-unstyled\">\n<li><strong>T\u00ecnh tr\u1ea1ng :<\/strong>\u00a0\u0110ang c\u00f2n h\u00e0ng<\/li>\n<li><strong>H\u00e3ng s\u1ea3n xu\u1ea5t :<\/strong>\u00a077<\/li>\n<li><strong>Nam\/N\u1eef :<\/strong>\u00a0Nam\/N\u1eef<\/li>\n<li><strong>C\u01a1 ch\u1ebf m\u00e1y :<\/strong>\u00a0Automatic<\/li>\n<li><strong>K\u00edch th\u01b0\u1edbc :<\/strong>\u00a036mm<\/li>\n<li><strong>Ch\u1ee9c n\u0103ng :<\/strong>\u00a0Ng\u00e0y, gi\u1edd, ph\u00fat, gi\u00e2y<\/li>\n<li><strong>D\u00e2y \u0111eo :<\/strong>\u00a0Th\u00e9p<\/li>\n<li><strong>T\u00ecnh tr\u1ea1ng :<\/strong>\u00a0Brand New<\/li>\n<li><strong>Ref :<\/strong>\u00a0126234<\/li>\n<li><strong>Phong c\u00e1ch :<\/strong>\u00a0Tr\u1ebb Trung,Hi\u1ec7n \u0110\u1ea1i<\/li>\n<li><strong>D\u1ef1 tr\u1eef c\u00f3t :<\/strong>\u00a070H<\/li>\n<li><strong>M\u1eb7t \u0111\u1ed3ng h\u1ed3 :<\/strong>\u00a0Sapphire<\/li>\n<li><strong>Kh\u1ea3 n\u0103ng ch\u1ed1ng n\u01b0\u1edbc :<\/strong>\u00a010 ATM<\/li>\n<li><strong>Ch\u1ea5t li\u1ec7u v\u1ecf :<\/strong>\u00a0Stainless Steel<\/li>\n<\/ul>\n<p>Xem th\u00eam c\u00e1c m\u1eabu \u0111\u1ed3ng h\u1ed3 cao c\u1ea5p ch\u00ednh h\u00e3ng<span style=\"color: #0000ff;\"><a style=\"color: #0000ff;\" href=\"https:\/\/nishiki-cycle.com\/demo\/#\"> t\u1ea1i \u0111\u00e2y<\/a><\/span><\/p>\n<\/div>\n<\/div>\n","protected":false},"excerpt":{"rendered":"<ul class=\"list-unstyled\">\n<li><strong>T\u00ecnh tr\u1ea1ng :<\/strong>\u00a0\u0110ang c\u00f2n h\u00e0ng<\/li>\n<li><strong>H\u00e3ng s\u1ea3n xu\u1ea5t :<\/strong>\u00a077<\/li>\n<li><strong>Nam\/N\u1eef :<\/strong>\u00a0Nam\/N\u1eef<\/li>\n<li><strong>C\u01a1 ch\u1ebf m\u00e1y :<\/strong>\u00a0Automatic<\/li>\n<li><strong>K\u00edch th\u01b0\u1edbc :<\/strong>\u00a036mm<\/li>\n<li><strong>Ch\u1ee9c n\u0103ng :<\/strong>\u00a0Ng\u00e0y, gi\u1edd, ph\u00fat, gi\u00e2y<\/li>\n<li><strong>D\u00e2y \u0111eo :<\/strong>\u00a0Th\u00e9p<\/li>\n<li><strong>T\u00ecnh tr\u1ea1ng :<\/strong>\u00a0Brand New<\/li>\n<li><strong>Ref :<\/strong>\u00a0126234<\/li>\n<li><strong>Phong c\u00e1ch :<\/strong>\u00a0Tr\u1ebb Trung,Hi\u1ec7n \u0110\u1ea1i<\/li>\n<li><strong>D\u1ef1 tr\u1eef c\u00f3t :<\/strong>\u00a070H<\/li>\n<li><strong>M\u1eb7t \u0111\u1ed3ng h\u1ed3 :<\/strong>\u00a0Sapphire<\/li>\n<li><strong>Kh\u1ea3 n\u0103ng ch\u1ed1ng n\u01b0\u1edbc :<\/strong>\u00a010 ATM<\/li>\n<li><strong>Ch\u1ea5t li\u1ec7u v\u1ecf :<\/strong>\u00a0Stainless Steel<\/li>\n<\/ul>\n","protected":false},"featured_media":10750,"comment_status":"open","ping_status":"closed","template":"","meta":[],"product_cat":[195,242,319],"product_tag":[],"class_list":["post-9914","product","type-product","status-publish","has-post-thumbnail","hentry","product_cat-mens-watches","product_cat-womens-watches","product_cat-rolex","product_brand-rolex"],"yoast_head":"<!-- This site is optimized with the Yoast SEO plugin v21.6 - https:\/\/yoast.com\/wordpress\/plugins\/seo\/ -->\n<title>Rolex Datejust 126234 M\u1eb7t S\u1ed1 Xanh C\u1ecdc S\u1ed1 Kim C\u01b0\u01a1ng 36mm - Phoenix Luxury<\/title>\n<meta name=\"description\" content=\"Rolex Datejust 126234 v\u1eeba \u0111\u01b0\u1ee3c gi\u1edbi thi\u1ec7u t\u1ea1i s\u1ef1 ki\u1ec7n Watches and Wonders 2021, n\u1eb1m trong danh s\u00e1ch nh\u1eefng thi\u1ebft k\u1ebf m\u1edbi nh\u1ea5t.\" \/>\n<meta name=\"robots\" content=\"index, follow, max-snippet:-1, max-image-preview:large, max-video-preview:-1\" \/>\n<link rel=\"canonical\" href=\"https:\/\/nishiki-cycle.com\/demo\/san-pham\/rolex-datejust-126234-mat-so-xanh-coc-so-kim-cuong-36mm\/\" \/>\n<meta property=\"og:locale\" content=\"vi_VN\" \/>\n<meta property=\"og:type\" content=\"article\" \/>\n<meta property=\"og:title\" content=\"Rolex Datejust 126234 M\u1eb7t S\u1ed1 Xanh C\u1ecdc S\u1ed1 Kim C\u01b0\u01a1ng 36mm - Phoenix Luxury\" \/>\n<meta property=\"og:description\" content=\"Rolex Datejust 126234 v\u1eeba \u0111\u01b0\u1ee3c gi\u1edbi thi\u1ec7u t\u1ea1i s\u1ef1 ki\u1ec7n Watches and Wonders 2021, n\u1eb1m trong danh s\u00e1ch nh\u1eefng thi\u1ebft k\u1ebf m\u1edbi nh\u1ea5t.\" \/>\n<meta property=\"og:url\" content=\"https:\/\/nishiki-cycle.com\/demo\/san-pham\/rolex-datejust-126234-mat-so-xanh-coc-so-kim-cuong-36mm\/\" \/>\n<meta property=\"og:site_name\" content=\"Phoenix Luxury\" \/>\n<meta property=\"article:modified_time\" content=\"2023-12-09T16:38:33+00:00\" \/>\n<meta property=\"og:image\" content=\"https:\/\/nishiki-cycle.com\/demo\/wp-content\/uploads\/2023\/11\/ROLEX-DATEJUST-126234-MAT-SO-XANH-COC-SO-KIM-CUONG-36MM.png\" \/>\n\t<meta property=\"og:image:width\" content=\"900\" \/>\n\t<meta property=\"og:image:height\" content=\"900\" \/>\n\t<meta property=\"og:image:type\" content=\"image\/png\" \/>\n<meta name=\"twitter:card\" content=\"summary_large_image\" \/>\n<meta name=\"twitter:label1\" content=\"\u01af\u1edbc t\u00ednh th\u1eddi gian \u0111\u1ecdc\" \/>\n\t<meta name=\"twitter:data1\" content=\"2 ph\u00fat\" \/>\n<script type=\"application\/ld+json\" class=\"yoast-schema-graph\">{\"@context\":\"https:\/\/schema.org\",\"@graph\":[{\"@type\":\"WebPage\",\"@id\":\"https:\/\/nishiki-cycle.com\/demo\/san-pham\/rolex-datejust-126234-mat-so-xanh-coc-so-kim-cuong-36mm\/\",\"url\":\"https:\/\/nishiki-cycle.com\/demo\/san-pham\/rolex-datejust-126234-mat-so-xanh-coc-so-kim-cuong-36mm\/\",\"name\":\"Rolex Datejust 126234 M\u1eb7t S\u1ed1 Xanh C\u1ecdc S\u1ed1 Kim C\u01b0\u01a1ng 36mm - Phoenix Luxury\",\"isPartOf\":{\"@id\":\"https:\/\/nishiki-cycle.com\/demo\/#website\"},\"datePublished\":\"2023-11-01T18:28:33+00:00\",\"dateModified\":\"2023-12-09T16:38:33+00:00\",\"description\":\"Rolex Datejust 126234 v\u1eeba \u0111\u01b0\u1ee3c gi\u1edbi thi\u1ec7u t\u1ea1i s\u1ef1 ki\u1ec7n Watches and Wonders 2021, n\u1eb1m trong danh s\u00e1ch nh\u1eefng thi\u1ebft k\u1ebf m\u1edbi nh\u1ea5t.\",\"breadcrumb\":{\"@id\":\"https:\/\/nishiki-cycle.com\/demo\/san-pham\/rolex-datejust-126234-mat-so-xanh-coc-so-kim-cuong-36mm\/#breadcrumb\"},\"inLanguage\":\"vi\",\"potentialAction\":[{\"@type\":\"ReadAction\",\"target\":[\"https:\/\/nishiki-cycle.com\/demo\/san-pham\/rolex-datejust-126234-mat-so-xanh-coc-so-kim-cuong-36mm\/\"]}]},{\"@type\":\"BreadcrumbList\",\"@id\":\"https:\/\/nishiki-cycle.com\/demo\/san-pham\/rolex-datejust-126234-mat-so-xanh-coc-so-kim-cuong-36mm\/#breadcrumb\",\"itemListElement\":[{\"@type\":\"ListItem\",\"position\":1,\"name\":\"Trang ch\u1ee7\",\"item\":\"https:\/\/nishiki-cycle.com\/demo\/\"},{\"@type\":\"ListItem\",\"position\":2,\"name\":\"C\u1eeda h\u00e0ng\",\"item\":\"https:\/\/nishiki-cycle.com\/demo\/cua-hang\/\"},{\"@type\":\"ListItem\",\"position\":3,\"name\":\"Rolex Datejust 126234 M\u1eb7t S\u1ed1 Xanh C\u1ecdc S\u1ed1 Kim C\u01b0\u01a1ng 36mm\"}]},{\"@type\":\"WebSite\",\"@id\":\"https:\/\/nishiki-cycle.com\/demo\/#website\",\"url\":\"https:\/\/nishiki-cycle.com\/demo\/\",\"name\":\"Phoenix Luxury\",\"description\":\"\",\"potentialAction\":[{\"@type\":\"SearchAction\",\"target\":{\"@type\":\"EntryPoint\",\"urlTemplate\":\"https:\/\/nishiki-cycle.com\/demo\/?s={search_term_string}\"},\"query-input\":\"required name=search_term_string\"}],\"inLanguage\":\"vi\"}]}<\/script>\n<!-- \/ Yoast SEO plugin. -->","yoast_head_json":{"title":"Rolex Datejust 126234 M\u1eb7t S\u1ed1 Xanh C\u1ecdc S\u1ed1 Kim C\u01b0\u01a1ng 36mm - Phoenix Luxury","description":"Rolex Datejust 126234 v\u1eeba \u0111\u01b0\u1ee3c gi\u1edbi thi\u1ec7u t\u1ea1i s\u1ef1 ki\u1ec7n Watches and Wonders 2021, n\u1eb1m trong danh s\u00e1ch nh\u1eefng thi\u1ebft k\u1ebf m\u1edbi nh\u1ea5t.","robots":{"index":"index","follow":"follow","max-snippet":"max-snippet:-1","max-image-preview":"max-image-preview:large","max-video-preview":"max-video-preview:-1"},"canonical":"https:\/\/nishiki-cycle.com\/demo\/san-pham\/rolex-datejust-126234-mat-so-xanh-coc-so-kim-cuong-36mm\/","og_locale":"vi_VN","og_type":"article","og_title":"Rolex Datejust 126234 M\u1eb7t S\u1ed1 Xanh C\u1ecdc S\u1ed1 Kim C\u01b0\u01a1ng 36mm - Phoenix Luxury","og_description":"Rolex Datejust 126234 v\u1eeba \u0111\u01b0\u1ee3c gi\u1edbi thi\u1ec7u t\u1ea1i s\u1ef1 ki\u1ec7n Watches and Wonders 2021, n\u1eb1m trong danh s\u00e1ch nh\u1eefng thi\u1ebft k\u1ebf m\u1edbi nh\u1ea5t.","og_url":"https:\/\/nishiki-cycle.com\/demo\/san-pham\/rolex-datejust-126234-mat-so-xanh-coc-so-kim-cuong-36mm\/","og_site_name":"Phoenix Luxury","article_modified_time":"2023-12-09T16:38:33+00:00","og_image":[{"width":900,"height":900,"url":"https:\/\/nishiki-cycle.com\/demo\/wp-content\/uploads\/2023\/11\/ROLEX-DATEJUST-126234-MAT-SO-XANH-COC-SO-KIM-CUONG-36MM.png","type":"image\/png"}],"twitter_card":"summary_large_image","twitter_misc":{"\u01af\u1edbc t\u00ednh th\u1eddi gian \u0111\u1ecdc":"2 ph\u00fat"},"schema":{"@context":"https:\/\/schema.org","@graph":[{"@type":"WebPage","@id":"https:\/\/nishiki-cycle.com\/demo\/san-pham\/rolex-datejust-126234-mat-so-xanh-coc-so-kim-cuong-36mm\/","url":"https:\/\/nishiki-cycle.com\/demo\/san-pham\/rolex-datejust-126234-mat-so-xanh-coc-so-kim-cuong-36mm\/","name":"Rolex Datejust 126234 M\u1eb7t S\u1ed1 Xanh C\u1ecdc S\u1ed1 Kim C\u01b0\u01a1ng 36mm - Phoenix Luxury","isPartOf":{"@id":"https:\/\/nishiki-cycle.com\/demo\/#website"},"datePublished":"2023-11-01T18:28:33+00:00","dateModified":"2023-12-09T16:38:33+00:00","description":"Rolex Datejust 126234 v\u1eeba \u0111\u01b0\u1ee3c gi\u1edbi thi\u1ec7u t\u1ea1i s\u1ef1 ki\u1ec7n Watches and Wonders 2021, n\u1eb1m trong danh s\u00e1ch nh\u1eefng thi\u1ebft k\u1ebf m\u1edbi nh\u1ea5t.","breadcrumb":{"@id":"https:\/\/nishiki-cycle.com\/demo\/san-pham\/rolex-datejust-126234-mat-so-xanh-coc-so-kim-cuong-36mm\/#breadcrumb"},"inLanguage":"vi","potentialAction":[{"@type":"ReadAction","target":["https:\/\/nishiki-cycle.com\/demo\/san-pham\/rolex-datejust-126234-mat-so-xanh-coc-so-kim-cuong-36mm\/"]}]},{"@type":"BreadcrumbList","@id":"https:\/\/nishiki-cycle.com\/demo\/san-pham\/rolex-datejust-126234-mat-so-xanh-coc-so-kim-cuong-36mm\/#breadcrumb","itemListElement":[{"@type":"ListItem","position":1,"name":"Trang ch\u1ee7","item":"https:\/\/nishiki-cycle.com\/demo\/"},{"@type":"ListItem","position":2,"name":"C\u1eeda h\u00e0ng","item":"https:\/\/nishiki-cycle.com\/demo\/cua-hang\/"},{"@type":"ListItem","position":3,"name":"Rolex Datejust 126234 M\u1eb7t S\u1ed1 Xanh C\u1ecdc S\u1ed1 Kim C\u01b0\u01a1ng 36mm"}]},{"@type":"WebSite","@id":"https:\/\/nishiki-cycle.com\/demo\/#website","url":"https:\/\/nishiki-cycle.com\/demo\/","name":"Phoenix Luxury","description":"","potentialAction":[{"@type":"SearchAction","target":{"@type":"EntryPoint","urlTemplate":"https:\/\/nishiki-cycle.com\/demo\/?s={search_term_string}"},"query-input":"required name=search_term_string"}],"inLanguage":"vi"}]}},"_links":{"self":[{"href":"https:\/\/nishiki-cycle.com\/demo\/wp-json\/wp\/v2\/product\/9914","targetHints":{"allow":["GET"]}}],"collection":[{"href":"https:\/\/nishiki-cycle.com\/demo\/wp-json\/wp\/v2\/product"}],"about":[{"href":"https:\/\/nishiki-cycle.com\/demo\/wp-json\/wp\/v2\/types\/product"}],"replies":[{"embeddable":true,"href":"https:\/\/nishiki-cycle.com\/demo\/wp-json\/wp\/v2\/comments?post=9914"}],"wp:featuredmedia":[{"embeddable":true,"href":"https:\/\/nishiki-cycle.com\/demo\/wp-json\/wp\/v2\/media\/10750"}],"wp:attachment":[{"href":"https:\/\/nishiki-cycle.com\/demo\/wp-json\/wp\/v2\/media?parent=9914"}],"wp:term":[{"taxonomy":"product_cat","embeddable":true,"href":"https:\/\/nishiki-cycle.com\/demo\/wp-json\/wp\/v2\/product_cat?post=9914"},{"taxonomy":"product_tag","embeddable":true,"href":"https:\/\/nishiki-cycle.com\/demo\/wp-json\/wp\/v2\/product_tag?post=9914"}],"curies":[{"name":"wp","href":"https:\/\/api.w.org\/{rel}","templated":true}]}}